{"id":783,"date":"2020-11-03T19:22:36","date_gmt":"2020-11-04T00:22:36","guid":{"rendered":"https:\/\/supcom.standardof.net\/?page_id=783"},"modified":"2020-11-04T19:26:18","modified_gmt":"2020-11-05T00:26:18","slug":"tech-3-aeon-air-units","status":"publish","type":"page","link":"https:\/\/supcom.standardof.net\/es\/supreme-commander\/eon-2\/tech-3-eon-air-unidades\/","title":{"rendered":"Tecnolog\u00eda 3 - Unidades Aeon Air"},"content":{"rendered":"<div class=\"wp-block-uagb-table-of-contents uagb-toc__align-left uagb-toc__columns-1  uagb-block-fb6839ad\"\n\t\t\t\t\tdata-scroll= \"1\"\n\t\t\t\t\tdata-offset= \"30\"\n\t\t\t\t\tstyle=\"\"\n\t\t\t\t>\n\t\t\t\t<div class=\"uagb-toc__wrap\">\n\t\t\t\t\t\t<div class=\"uagb-toc__title\">\n\t\t\t\t\t\t\tUnidades a\u00e9reas Aeon Tech 3:\t\t\t\t\t\t<\/div>\n\t\t\t\t\t\t\t\t\t\t\t\t\t\t\t\t<div class=\"uagb-toc__list-wrap\">\n\t\t\t\t\t\t<ol class=\"uagb-toc__list\"><li class=\"uagb-toc__list\"><a href=\"#seer-spy-plane\" class=\"uagb-toc-link__trigger\">Vidente - avi\u00f3n esp\u00eda<\/a><li class=\"uagb-toc__list\"><a href=\"#corona-air-superiority-fighter\" class=\"uagb-toc-link__trigger\">CORONA - COMBATE POR LA SUPERIORIDAD A\u00c9REA<\/a><li class=\"uagb-toc__list\"><a href=\"#shocker-strategic-bomber\" class=\"uagb-toc-link__trigger\">SHOCKER - BOMBER ESTRAT\u00c9GICO<\/a><\/ol>\t\t\t\t\t<\/div>\n\t\t\t\t\t\t\t\t\t<\/div>\n\t\t\t\t<\/div>\n\t\t\t\n\n\n<section class=\"wp-block-uagb-columns uagb-columns__wrap uagb-columns__background-undefined uagb-columns__stack-mobile uagb-columns__valign-undefined uagb-columns__gap-10 alignundefined uagb-block-8be8da0f\"><div class=\"uagb-columns__overlay\"><\/div><div class=\"uagb-columns__inner-wrap uagb-columns__columns-1\">\n<div class=\"wp-block-uagb-column uagb-column__wrap uagb-column__background-undefined uagb-block-2e91a0bf\"><div class=\"uagb-column__overlay\"><\/div><div class=\"uagb-column__inner-wrap\">\n<h2 class=\"wp-block-heading\"><strong>VIDENTE <\/strong>- ESP\u00cdA AVI\u00d3N<\/h2>\n\n\n\n<p>El avi\u00f3n esp\u00eda Aeon tiene un rango de visi\u00f3n absolutamente enorme, lo que le permite ver la base enemiga casi en su totalidad antes de ser derribado por los sitios SAM. Incluso puedes volar por los bordes para ver sus defensas sin perder tu avi\u00f3n esp\u00eda. No hay una raz\u00f3n real para construir m\u00e1s de uno, pero tambi\u00e9n podr\u00edas conseguir el primero, especialmente porque es muy barato.<\/p>\n\n\n\n<div class=\"wp-block-image\"><figure class=\"aligncenter size-large\"><a href=\"https:\/\/supcom.standardof.net\/es\/supreme-commander\/eon-2\/tech-3-eon-air-unidades\/seer-spy-plane-supreme-commander-aeon-tech-3-air-units\/\"><img decoding=\"async\" width=\"800\" height=\"606\" src=\"https:\/\/supcom.standardof.net\/wp-content\/uploads\/sites\/8\/2020\/11\/SEER-SPY-PLANE-Supreme-Commander-Aeon-Tech-3-Air-Units-800x606.jpg\" alt=\"El avi\u00f3n esp\u00eda vidente, unidad a\u00e9rea Aeon Tech 3 en Supreme Commander.\" class=\"wp-image-1017\" srcset=\"https:\/\/supcom.standardof.net\/wp-content\/uploads\/sites\/8\/2020\/11\/SEER-SPY-PLANE-Supreme-Commander-Aeon-Tech-3-Air-Units-800x606.jpg 800w, https:\/\/supcom.standardof.net\/wp-content\/uploads\/sites\/8\/2020\/11\/SEER-SPY-PLANE-Supreme-Commander-Aeon-Tech-3-Air-Units-512x388.jpg 512w, https:\/\/supcom.standardof.net\/wp-content\/uploads\/sites\/8\/2020\/11\/SEER-SPY-PLANE-Supreme-Commander-Aeon-Tech-3-Air-Units-200x152.jpg 200w, https:\/\/supcom.standardof.net\/wp-content\/uploads\/sites\/8\/2020\/11\/SEER-SPY-PLANE-Supreme-Commander-Aeon-Tech-3-Air-Units-768x582.jpg 768w, https:\/\/supcom.standardof.net\/wp-content\/uploads\/sites\/8\/2020\/11\/SEER-SPY-PLANE-Supreme-Commander-Aeon-Tech-3-Air-Units-16x12.jpg 16w, https:\/\/supcom.standardof.net\/wp-content\/uploads\/sites\/8\/2020\/11\/SEER-SPY-PLANE-Supreme-Commander-Aeon-Tech-3-Air-Units.jpg 978w\" sizes=\"(max-width: 800px) 100vw, 800px\" \/><\/a><figcaption>Vidente - avi\u00f3n esp\u00eda<\/figcaption><\/figure><\/div>\n\n\n\n<section class=\"wp-block-uagb-columns uagb-columns__wrap uagb-columns__background-undefined uagb-columns__stack-mobile uagb-columns__valign-undefined uagb-columns__gap-10 alignundefined uagb-block-8231f1df\"><div class=\"uagb-columns__overlay\"><\/div><div class=\"uagb-columns__inner-wrap uagb-columns__columns-2\">\n<div class=\"wp-block-uagb-column uagb-column__wrap uagb-column__background-undefined uagb-block-41465769\"><div class=\"uagb-column__overlay\"><\/div><div class=\"uagb-column__inner-wrap\">\n<h3 class=\"wp-block-heading\">Estad\u00edsticas de vidente<\/h3>\n\n\n\n<p>Armadura: 25 CV (ligero)<br>Habilidades: radar<br>Coste: M56, E2240, T420<br>Intel:<br>- vista: 120 (2,34 km)<br>- radar: 120 (2,34 km)<br>- omnidireccional: 30 (586 m)<br>F\u00edsica:<br>- velocidad m\u00e1xima: 21 (410 m \/ s)<br>- desnivel: 25 (488m)<br>Clase de transporte: 3<br>- veterano nivel 2: +6 CV<br>- veterano nivel 4: +6 CV<br>- veterano nivel 5: repara 1 hp \/ s<\/p>\n<\/div><\/div>\n\n\n\n<div class=\"wp-block-uagb-column uagb-column__wrap uagb-column__background-undefined uagb-block-fd743d19\"><div class=\"uagb-column__overlay\"><\/div><div class=\"uagb-column__inner-wrap\">\n<h3 class=\"wp-block-heading\">Armas videntes<\/h3>\n\n\n\n<p>Air Crash (muerte): 100 de da\u00f1o<br>\u00e1rea: 1 (19.5m)<\/p>\n<\/div><\/div>\n<\/div><\/section>\n<\/div><\/div>\n<\/div><\/section>\n\n\n\n<section class=\"wp-block-uagb-columns uagb-columns__wrap uagb-columns__background-undefined uagb-columns__stack-mobile uagb-columns__valign-undefined uagb-columns__gap-10 alignundefined uagb-block-0405f912\"><div class=\"uagb-columns__overlay\"><\/div><div class=\"uagb-columns__inner-wrap uagb-columns__columns-1\">\n<div class=\"wp-block-uagb-column uagb-column__wrap uagb-column__background-undefined uagb-block-c8bc2fd0\"><div class=\"uagb-column__overlay\"><\/div><div class=\"uagb-column__inner-wrap\">\n<h2 class=\"wp-block-heading\"><strong>CORONA <\/strong>- AIR SUPERIORITY FIGHTER<\/h2>\n\n\n\n<p>La Corona es una unidad antia\u00e9rea muy cara, por lo que solo deber\u00edas tenerla si crees que vas a necesitar matar unidades a\u00e9reas enemigas de forma regular. Vuelan tan r\u00e1pido que no proporcionar\u00e1n la cobertura adecuada para un bombardeo, pero pueden entrar y emboscar a la fuerza interceptora enemiga, y son la mejor manera de lidiar con las unidades a\u00e9reas experimentales. Sus armas no son tan efectivas como las de las otras facciones, pero siguen siendo el mejor m\u00e9todo de defensa a\u00e9rea que no es una torreta.<\/p>\n\n\n\n<div class=\"wp-block-image\"><figure class=\"aligncenter size-large\"><a href=\"https:\/\/supcom.standardof.net\/es\/supreme-commander\/eon-2\/tech-3-eon-air-unidades\/corona-air-superiority-fighter-supreme-commander-aeon-tech-3-air-units\/\"><img decoding=\"async\" width=\"800\" height=\"525\" src=\"https:\/\/supcom.standardof.net\/wp-content\/uploads\/sites\/8\/2020\/11\/CORONA-AIR-SUPERIORITY-FIGHTER-Supreme-Commander-Aeon-Tech-3-Air-Units-800x525.jpg\" alt=\"El Corona Air Superiority Fighter, unidad a\u00e9rea Aeon Tech 3 en Supreme Commander.\" class=\"wp-image-1016\" srcset=\"https:\/\/supcom.standardof.net\/wp-content\/uploads\/sites\/8\/2020\/11\/CORONA-AIR-SUPERIORITY-FIGHTER-Supreme-Commander-Aeon-Tech-3-Air-Units-800x525.jpg 800w, https:\/\/supcom.standardof.net\/wp-content\/uploads\/sites\/8\/2020\/11\/CORONA-AIR-SUPERIORITY-FIGHTER-Supreme-Commander-Aeon-Tech-3-Air-Units-512x336.jpg 512w, https:\/\/supcom.standardof.net\/wp-content\/uploads\/sites\/8\/2020\/11\/CORONA-AIR-SUPERIORITY-FIGHTER-Supreme-Commander-Aeon-Tech-3-Air-Units-200x131.jpg 200w, https:\/\/supcom.standardof.net\/wp-content\/uploads\/sites\/8\/2020\/11\/CORONA-AIR-SUPERIORITY-FIGHTER-Supreme-Commander-Aeon-Tech-3-Air-Units-768x504.jpg 768w, https:\/\/supcom.standardof.net\/wp-content\/uploads\/sites\/8\/2020\/11\/CORONA-AIR-SUPERIORITY-FIGHTER-Supreme-Commander-Aeon-Tech-3-Air-Units-16x12.jpg 16w, https:\/\/supcom.standardof.net\/wp-content\/uploads\/sites\/8\/2020\/11\/CORONA-AIR-SUPERIORITY-FIGHTER-Supreme-Commander-Aeon-Tech-3-Air-Units.jpg 1014w\" sizes=\"(max-width: 800px) 100vw, 800px\" \/><\/a><figcaption>CORONA - COMBATE POR LA SUPERIORIDAD A\u00c9REA<\/figcaption><\/figure><\/div>\n\n\n\n<section class=\"wp-block-uagb-columns uagb-columns__wrap uagb-columns__background-undefined uagb-columns__stack-mobile uagb-columns__valign-undefined uagb-columns__gap-10 alignundefined uagb-block-863ebd48\"><div class=\"uagb-columns__overlay\"><\/div><div class=\"uagb-columns__inner-wrap uagb-columns__columns-2\">\n<div class=\"wp-block-uagb-column uagb-column__wrap uagb-column__background-undefined uagb-block-a34f3eda\"><div class=\"uagb-column__overlay\"><\/div><div class=\"uagb-column__inner-wrap\">\n<h3 class=\"wp-block-heading\">Estad\u00edsticas de Corona<\/h3>\n\n\n\n<p>Armadura: 225 CV (ligero)<br>Costo: M360, E24000, T3600<br>Intel: vista: 32 (625 m)<br>F\u00edsica:<br>- velocidad m\u00e1xima: 25 (488 m \/ s)<br>- desnivel: 20 (391m)<br>- distancia de acoplamiento: 50 (977 m)<br>Clase de transporte: 3<br>Veterancia: 5, 10, 25, 50, 100 muertes<br>- veterano nivel 2: +56 CV<br>- veterano nivel 4: +56 CV<br>- veterano nivel 5: repara 1 hp \/ s<\/p>\n<\/div><\/div>\n\n\n\n<div class=\"wp-block-uagb-column uagb-column__wrap uagb-column__background-undefined uagb-block-93354260\"><div class=\"uagb-column__overlay\"><\/div><div class=\"uagb-column__inner-wrap\">\n<h3 class=\"wp-block-heading\">Armas Corona<\/h3>\n\n\n\n<p>Ca\u00f1\u00f3n de desplazamiento (anti-aire):<br>78,00 dps<br>alcance: 24 (469m)<br>arma de proyectil:<br>26 da\u00f1os x 3 proyectiles = 78 da\u00f1os por salva<br>cadencia de fuego: 1 (cada 1s)<br>veterano nivel 1: +7 de da\u00f1o<br>veterano nivel 3: +7 de da\u00f1o<\/p>\n\n\n\n<p>Choque a\u00e9reo (muerte):<br>200 da\u00f1os<br>\u00e1rea: 1 (19.5m)<\/p>\n<\/div><\/div>\n<\/div><\/section>\n<\/div><\/div>\n<\/div><\/section>\n\n\n\n<section class=\"wp-block-uagb-columns uagb-columns__wrap uagb-columns__background-undefined uagb-columns__stack-mobile uagb-columns__valign-undefined uagb-columns__gap-10 alignundefined uagb-block-ed6ee42d\"><div class=\"uagb-columns__overlay\"><\/div><div class=\"uagb-columns__inner-wrap uagb-columns__columns-1\">\n<div class=\"wp-block-uagb-column uagb-column__wrap uagb-column__background-undefined uagb-block-b535a37a\"><div class=\"uagb-column__overlay\"><\/div><div class=\"uagb-column__inner-wrap\">\n<h2 class=\"wp-block-heading\"><strong>SORPRESA DESAGRADABLE <\/strong>- BOMBER ESTRAT\u00c9GICO<\/h2>\n\n\n\n<p>Los bombarderos estrat\u00e9gicos se construyen tan lentamente que requieren un gran grupo de ingenieros. La palabra &quot;estrat\u00e9gico&quot; no debe tomarse a la ligera: vuelan tan alto que a un sitio SAM le toma un tiempo matarlos y, por supuesto, su bomba es genial. Se desperdician en las fuerzas terrestres enemigas; en su lugar, ap\u00edlelos junto con una enorme fuerza de otros aviones para distraer las defensas a\u00e9reas enemigas y util\u00edcelos para un ataque quir\u00fargico en una ACU, una pieza de artiller\u00eda o una defensa con misiles nucleares.<\/p>\n\n\n\n<p>La defensa de misiles del bombardero estrat\u00e9gico Aeon es casi completamente in\u00fatil, ya que solo detiene uno de la media docena de misiles que vienen hacia tu oponente. A cambio, su bomba es a\u00fan m\u00e1s rid\u00edculamente poderosa: dos bombas matar\u00e1n al Comandante.<\/p>\n\n\n\n<div class=\"wp-block-image\"><figure class=\"aligncenter size-large\"><a href=\"https:\/\/supcom.standardof.net\/es\/supreme-commander\/eon-2\/tech-3-eon-air-unidades\/shocker-strategic-bomber-supreme-commander-aeon-tech-3-air-units\/\"><img decoding=\"async\" width=\"800\" height=\"490\" src=\"https:\/\/supcom.standardof.net\/wp-content\/uploads\/sites\/8\/2020\/11\/SHOCKER-STRATEGIC-BOMBER-Supreme-Commander-Aeon-Tech-3-Air-Units-800x490.jpg\" alt=\"El Bombardero Estrat\u00e9gico Shocker, Unidad A\u00e9rea Aeon Tech 3 en Comandante Supremo.\" class=\"wp-image-1015\" srcset=\"https:\/\/supcom.standardof.net\/wp-content\/uploads\/sites\/8\/2020\/11\/SHOCKER-STRATEGIC-BOMBER-Supreme-Commander-Aeon-Tech-3-Air-Units-800x490.jpg 800w, https:\/\/supcom.standardof.net\/wp-content\/uploads\/sites\/8\/2020\/11\/SHOCKER-STRATEGIC-BOMBER-Supreme-Commander-Aeon-Tech-3-Air-Units-512x314.jpg 512w, https:\/\/supcom.standardof.net\/wp-content\/uploads\/sites\/8\/2020\/11\/SHOCKER-STRATEGIC-BOMBER-Supreme-Commander-Aeon-Tech-3-Air-Units-200x122.jpg 200w, https:\/\/supcom.standardof.net\/wp-content\/uploads\/sites\/8\/2020\/11\/SHOCKER-STRATEGIC-BOMBER-Supreme-Commander-Aeon-Tech-3-Air-Units-768x470.jpg 768w, https:\/\/supcom.standardof.net\/wp-content\/uploads\/sites\/8\/2020\/11\/SHOCKER-STRATEGIC-BOMBER-Supreme-Commander-Aeon-Tech-3-Air-Units-16x10.jpg 16w, https:\/\/supcom.standardof.net\/wp-content\/uploads\/sites\/8\/2020\/11\/SHOCKER-STRATEGIC-BOMBER-Supreme-Commander-Aeon-Tech-3-Air-Units.jpg 1254w\" sizes=\"(max-width: 800px) 100vw, 800px\" \/><\/a><figcaption>SHOCKER - BOMBER ESTRAT\u00c9GICO<\/figcaption><\/figure><\/div>\n\n\n\n<section class=\"wp-block-uagb-columns uagb-columns__wrap uagb-columns__background-undefined uagb-columns__stack-mobile uagb-columns__valign-undefined uagb-columns__gap-10 alignundefined uagb-block-bcdb257d\"><div class=\"uagb-columns__overlay\"><\/div><div class=\"uagb-columns__inner-wrap uagb-columns__columns-2\">\n<div class=\"wp-block-uagb-column uagb-column__wrap uagb-column__background-undefined uagb-block-5fe348d1\"><div class=\"uagb-column__overlay\"><\/div><div class=\"uagb-column__inner-wrap\">\n<h3 class=\"wp-block-heading\">Estad\u00edsticas impactantes<\/h3>\n\n\n\n<p>Armadura: 135 CV (ligero)<br>Habilidades: Defensa de misiles - T\u00e1ctica<br>Costo: M2160, E72000, T7200<br>Intel: vista: 32 (625 m)<br>F\u00edsica: <br>- velocidad m\u00e1xima: 15 (293 m \/ s)<br>- desnivel: 25 (488m)<br>- distancia de acoplamiento: 50 (977 m)<br>Clase de transporte: 3<br>Veterancia: 30, 60, 150, 300, 600 muertes<br>- veterano nivel 2: +34 CV<br>- veterano nivel 4: +34 CV<br>- veterano nivel 5: repara 1 hp \/ s<\/p>\n<\/div><\/div>\n\n\n\n<div class=\"wp-block-uagb-column uagb-column__wrap uagb-column__background-undefined uagb-block-255e3bc8\"><div class=\"uagb-column__overlay\"><\/div><div class=\"uagb-column__inner-wrap\">\n<h3 class=\"wp-block-heading\">Armas Shocker<\/h3>\n\n\n\n<p>Bomba de quark (bomba):<br>1500,00 dps<br>\u00e1rea: 2.5 (48.8m)<br>alcance: 8 (156m)<br>arma de proyectil: 7500 da\u00f1os<br>cadencia de fuego: 0.2 (cada 5s)<br>aleatoriedad de disparo: 3<br>veterano nivel 1: +1875 de da\u00f1o<br>veterano nivel 3: +1875 de da\u00f1o<\/p>\n\n\n\n<p>Will O Wisp Anti Missile (Defensa):<br>0,75 dps<br>alcance: 64 (1,25 km)<br>arma de proyectil: 1 da\u00f1o<br>cadencia de fuego: 0,75 (cada 1,33 s)<\/p>\n\n\n\n<p>Choque a\u00e9reo (muerte):<br>500 da\u00f1os<br>\u00e1rea: 1 (19.5m)<\/p>\n<\/div><\/div>\n<\/div><\/section>\n<\/div><\/div>\n<\/div><\/section>","protected":false},"excerpt":{"rendered":"<p>SEER &#8211; SPY PLANE The Aeon spy plane has an absolutely enormous sight range, making it able to see the enemy base almost in its entirety before being shot down by SAM sites. You can even fly around the edges to see their defenses without losing your spy plane. There&#8217;s no real reason to build [&hellip;]<\/p>","protected":false},"author":1,"featured_media":0,"parent":503,"menu_order":0,"comment_status":"open","ping_status":"closed","template":"","meta":{"_uag_custom_page_level_css":"","site-sidebar-layout":"default","site-content-layout":"default","ast-site-content-layout":"","site-content-style":"default","site-sidebar-style":"default","ast-global-header-display":"","ast-banner-title-visibility":"","ast-main-header-display":"","ast-hfb-above-header-display":"","ast-hfb-below-header-display":"","ast-hfb-mobile-header-display":"","site-post-title":"","ast-breadcrumbs-content":"","ast-featured-img":"","footer-sml-layout":"","theme-transparent-header-meta":"default","adv-header-id-meta":"","stick-header-meta":"","header-above-stick-meta":"","header-main-stick-meta":"","header-below-stick-meta":"","astra-migrate-meta-layouts":"default","ast-page-background-enabled":"default","ast-page-background-meta":{"desktop":{"background-color":"","background-image":"","background-repeat":"repeat","background-position":"center center","background-size":"auto","background-attachment":"scroll","background-type":"","background-media":"","overlay-type":"","overlay-color":"","overlay-gradient":""},"tablet":{"background-color":"","background-image":"","background-repeat":"repeat","background-position":"center center","background-size":"auto","background-attachment":"scroll","background-type":"","background-media":"","overlay-type":"","overlay-color":"","overlay-gradient":""},"mobile":{"background-color":"","background-image":"","background-repeat":"repeat","background-position":"center center","background-size":"auto","background-attachment":"scroll","background-type":"","background-media":"","overlay-type":"","overlay-color":"","overlay-gradient":""}},"ast-content-background-meta":{"desktop":{"background-color":"var(--ast-global-color-5)","background-image":"","background-repeat":"repeat","background-position":"center center","background-size":"auto","background-attachment":"scroll","background-type":"","background-media":"","overlay-type":"","overlay-color":"","overlay-gradient":""},"tablet":{"background-color":"var(--ast-global-color-5)","background-image":"","background-repeat":"repeat","background-position":"center center","background-size":"auto","background-attachment":"scroll","background-type":"","background-media":"","overlay-type":"","overlay-color":"","overlay-gradient":""},"mobile":{"background-color":"var(--ast-global-color-5)","background-image":"","background-repeat":"repeat","background-position":"center center","background-size":"auto","background-attachment":"scroll","background-type":"","background-media":"","overlay-type":"","overlay-color":"","overlay-gradient":""}},"footnotes":""},"uagb_featured_image_src":{"full":false,"thumbnail":false,"medium":false,"medium_large":false,"large":false,"1536x1536":false,"2048x2048":false,"trp-custom-language-flag":false},"uagb_author_info":{"display_name":"SOE","author_link":"https:\/\/supcom.standardof.net\/es\/author\/k-tastic\/"},"uagb_comment_info":0,"uagb_excerpt":"SEER &#8211; SPY PLANE The Aeon spy plane has an absolutely enormous sight range, making it able to see the enemy base almost in its entirety before being shot down by SAM sites. You can even fly around the edges to see their defenses without losing your spy plane. There&#8217;s no real reason to build&hellip;","_links":{"self":[{"href":"https:\/\/supcom.standardof.net\/es\/wp-json\/wp\/v2\/pages\/783"}],"collection":[{"href":"https:\/\/supcom.standardof.net\/es\/wp-json\/wp\/v2\/pages"}],"about":[{"href":"https:\/\/supcom.standardof.net\/es\/wp-json\/wp\/v2\/types\/page"}],"author":[{"embeddable":true,"href":"https:\/\/supcom.standardof.net\/es\/wp-json\/wp\/v2\/users\/1"}],"replies":[{"embeddable":true,"href":"https:\/\/supcom.standardof.net\/es\/wp-json\/wp\/v2\/comments?post=783"}],"version-history":[{"count":0,"href":"https:\/\/supcom.standardof.net\/es\/wp-json\/wp\/v2\/pages\/783\/revisions"}],"up":[{"embeddable":true,"href":"https:\/\/supcom.standardof.net\/es\/wp-json\/wp\/v2\/pages\/503"}],"wp:attachment":[{"href":"https:\/\/supcom.standardof.net\/es\/wp-json\/wp\/v2\/media?parent=783"}],"curies":[{"name":"wp","href":"https:\/\/api.w.org\/{rel}","templated":true}]}}