{"id":785,"date":"2020-11-03T19:38:32","date_gmt":"2020-11-04T00:38:32","guid":{"rendered":"https:\/\/supcom.standardof.net\/?page_id=785"},"modified":"2020-11-04T19:22:08","modified_gmt":"2020-11-05T00:22:08","slug":"tech-2-aeon-air-units","status":"publish","type":"page","link":"https:\/\/supcom.standardof.net\/es\/supreme-commander\/eon-2\/tech-2-aeon-air-unidades\/","title":{"rendered":"Tecnolog\u00eda 2 - Unidades Aeon Air"},"content":{"rendered":"<div class=\"wp-block-uagb-table-of-contents uagb-toc__align-left uagb-toc__columns-1  uagb-block-d77138ce\"\n\t\t\t\t\tdata-scroll= \"1\"\n\t\t\t\t\tdata-offset= \"30\"\n\t\t\t\t\tstyle=\"\"\n\t\t\t\t>\n\t\t\t\t<div class=\"uagb-toc__wrap\">\n\t\t\t\t\t\t<div class=\"uagb-toc__title\">\n\t\t\t\t\t\t\tUnidades a\u00e9reas Aeon Tech 2:\t\t\t\t\t\t<\/div>\n\t\t\t\t\t\t\t\t\t\t\t\t\t\t\t\t<div class=\"uagb-toc__list-wrap\">\n\t\t\t\t\t\t<ol class=\"uagb-toc__list\"><li class=\"uagb-toc__list\"><a href=\"#mercy-guided-missile\" class=\"uagb-toc-link__trigger\">MISERICORDIA - MISIL GUIADO<\/a><li class=\"uagb-toc__list\"><a href=\"#skimmer-torpedo-bomber\" class=\"uagb-toc-link__trigger\">SKIMMER - BOMBARDERO TORPEDO<\/a><li class=\"uagb-toc__list\"><a href=\"#specter-gunship\" class=\"uagb-toc-link__trigger\">ESPECTRO - GUNSHIP<\/a><li class=\"uagb-toc__list\"><a href=\"#aluminar-air-transport\" class=\"uagb-toc-link__trigger\">ALUMINAR - TRANSPORTE A\u00c9REO<\/a><\/ol>\t\t\t\t\t<\/div>\n\t\t\t\t\t\t\t\t\t<\/div>\n\t\t\t\t<\/div>\n\t\t\t\n\n\n<section class=\"wp-block-uagb-columns uagb-columns__wrap uagb-columns__background-undefined uagb-columns__stack-mobile uagb-columns__valign-undefined uagb-columns__gap-10 alignundefined uagb-block-6d57fcbd\"><div class=\"uagb-columns__overlay\"><\/div><div class=\"uagb-columns__inner-wrap uagb-columns__columns-1\">\n<div class=\"wp-block-uagb-column uagb-column__wrap uagb-column__background-undefined uagb-block-2b9e1c75\"><div class=\"uagb-column__overlay\"><\/div><div class=\"uagb-column__inner-wrap\">\n<h2 class=\"wp-block-heading\"><strong>MISERICORDIA <\/strong>- MISIL GUIADO<\/h2>\n\n\n\n<p>El Mercy es exactamente lo que dice: un peque\u00f1o misil guiado. No puede recargar combustible, por lo que tienes poco tiempo para arrojarlo al comandante enemigo, que matar\u00e1 en cuatro disparos. Son m\u00e1s r\u00e1pidos que un bombardero y mucho m\u00e1s mort\u00edferos, pero no los desperdicies en nada excepto en los objetivos m\u00e1s importantes. Para luchar contra los misiles guiados, tu oponente deber\u00e1 pensar en la defensa a\u00e9rea mucho antes de que vea los puntos del radar dirigi\u00e9ndose hacia \u00e9l.<\/p>\n\n\n\n<div class=\"wp-block-image\"><figure class=\"aligncenter size-large\"><a href=\"https:\/\/supcom.standardof.net\/es\/supreme-commander\/eon-2\/tech-2-aeon-air-unidades\/mercy-guided-missile-supreme-commander-aeon-tech-2-air-units\/\"><img decoding=\"async\" width=\"800\" height=\"584\" src=\"https:\/\/supcom.standardof.net\/wp-content\/uploads\/sites\/8\/2020\/11\/MERCY-GUIDED-MISSILE-Supreme-Commander-Aeon-Tech-2-Air-Units-800x584.jpg\" alt=\"El Misil Guiado Mercy, Unidad A\u00e9rea Aeon Tech 2 en Supreme Commander.\" class=\"wp-image-1009\" srcset=\"https:\/\/supcom.standardof.net\/wp-content\/uploads\/sites\/8\/2020\/11\/MERCY-GUIDED-MISSILE-Supreme-Commander-Aeon-Tech-2-Air-Units-800x584.jpg 800w, https:\/\/supcom.standardof.net\/wp-content\/uploads\/sites\/8\/2020\/11\/MERCY-GUIDED-MISSILE-Supreme-Commander-Aeon-Tech-2-Air-Units-512x374.jpg 512w, https:\/\/supcom.standardof.net\/wp-content\/uploads\/sites\/8\/2020\/11\/MERCY-GUIDED-MISSILE-Supreme-Commander-Aeon-Tech-2-Air-Units-200x146.jpg 200w, https:\/\/supcom.standardof.net\/wp-content\/uploads\/sites\/8\/2020\/11\/MERCY-GUIDED-MISSILE-Supreme-Commander-Aeon-Tech-2-Air-Units-768x561.jpg 768w, https:\/\/supcom.standardof.net\/wp-content\/uploads\/sites\/8\/2020\/11\/MERCY-GUIDED-MISSILE-Supreme-Commander-Aeon-Tech-2-Air-Units-16x12.jpg 16w, https:\/\/supcom.standardof.net\/wp-content\/uploads\/sites\/8\/2020\/11\/MERCY-GUIDED-MISSILE-Supreme-Commander-Aeon-Tech-2-Air-Units.jpg 867w\" sizes=\"(max-width: 800px) 100vw, 800px\" \/><\/a><figcaption>MISERICORDIA - MISIL GUIADO<\/figcaption><\/figure><\/div>\n\n\n\n<section class=\"wp-block-uagb-columns uagb-columns__wrap uagb-columns__background-undefined uagb-columns__stack-mobile uagb-columns__valign-undefined uagb-columns__gap-10 alignundefined uagb-block-3b751506\"><div class=\"uagb-columns__overlay\"><\/div><div class=\"uagb-columns__inner-wrap uagb-columns__columns-2\">\n<div class=\"wp-block-uagb-column uagb-column__wrap uagb-column__background-undefined uagb-block-3ae3062e\"><div class=\"uagb-column__overlay\"><\/div><div class=\"uagb-column__inner-wrap\">\n<h3 class=\"wp-block-heading\">Estad\u00edsticas de misericordia<\/h3>\n\n\n\n<p>Armadura: 10 CV (ligero)<br>Costo: M300, E6000, T1000<br>Intel: vista: 26 (508 m)<br>F\u00edsica:<br>- velocidad m\u00e1xima: 16 (313 m \/ s)<br>- desnivel: 18 (352m)<br>- tiempo de combustible: 2:00<br>- velocidad de giro: 1,7<br>Clase de transporte: 3<\/p>\n<\/div><\/div>\n\n\n\n<div class=\"wp-block-uagb-column uagb-column__wrap uagb-column__background-undefined uagb-block-bf1e5218\"><div class=\"uagb-column__overlay\"><\/div><div class=\"uagb-column__inner-wrap\">\n<h3 class=\"wp-block-heading\">Armas de piedad<\/h3>\n\n\n\n<p>Suicidio (normal):<br>3000 da\u00f1os<br>superficie: 3 (58,6m)<\/p>\n\n\n\n<p>Choque a\u00e9reo (muerte):<br>25 da\u00f1os<br>\u00e1rea: 1 (19.5m)<\/p>\n<\/div><\/div>\n<\/div><\/section>\n<\/div><\/div>\n<\/div><\/section>\n\n\n\n<section class=\"wp-block-uagb-columns uagb-columns__wrap uagb-columns__background-undefined uagb-columns__stack-mobile uagb-columns__valign-undefined uagb-columns__gap-10 alignundefined uagb-block-351b0a23\"><div class=\"uagb-columns__overlay\"><\/div><div class=\"uagb-columns__inner-wrap uagb-columns__columns-1\">\n<div class=\"wp-block-uagb-column uagb-column__wrap uagb-column__background-undefined uagb-block-7c0cecd6\"><div class=\"uagb-column__overlay\"><\/div><div class=\"uagb-column__inner-wrap\">\n<h2 class=\"wp-block-heading\"><strong>DESNATADORA <\/strong>- BOMBARDERO TORPEDO<\/h2>\n\n\n\n<p>Los bombarderos torpederos son casi in\u00fatiles. Aeon tiene grandes fuerzas navales, por lo que solo deber\u00eda necesitarlas si olvid\u00f3 construir la armada y los submarinos le impiden establecerse en el agua. Son costosos y causan tanto da\u00f1o que es dif\u00edcil hacer que apunten a suficientes barcos enemigos en la primera pasada, porque algunos de sus disparos ser\u00e1n desviados por antitorpedos y rara vez sobrevivir\u00e1n para hacer una segunda pasada.<\/p>\n\n\n\n<div class=\"wp-block-image\"><figure class=\"aligncenter size-large\"><a href=\"https:\/\/supcom.standardof.net\/es\/supreme-commander\/eon-2\/tech-2-aeon-air-unidades\/skimmer-torpedo-bomber-supreme-commander-aeon-tech-2-air-units\/\"><img decoding=\"async\" width=\"800\" height=\"494\" src=\"https:\/\/supcom.standardof.net\/wp-content\/uploads\/sites\/8\/2020\/11\/SKIMMER-TORPEDO-BOMBER-Supreme-Commander-Aeon-Tech-2-Air-Units-800x494.jpg\" alt=\"El Skimmer Torpedo Bomber, unidad a\u00e9rea Aeon Tech 2 en Supreme Commander.\" class=\"wp-image-1010\" srcset=\"https:\/\/supcom.standardof.net\/wp-content\/uploads\/sites\/8\/2020\/11\/SKIMMER-TORPEDO-BOMBER-Supreme-Commander-Aeon-Tech-2-Air-Units-800x494.jpg 800w, https:\/\/supcom.standardof.net\/wp-content\/uploads\/sites\/8\/2020\/11\/SKIMMER-TORPEDO-BOMBER-Supreme-Commander-Aeon-Tech-2-Air-Units-512x316.jpg 512w, https:\/\/supcom.standardof.net\/wp-content\/uploads\/sites\/8\/2020\/11\/SKIMMER-TORPEDO-BOMBER-Supreme-Commander-Aeon-Tech-2-Air-Units-200x124.jpg 200w, https:\/\/supcom.standardof.net\/wp-content\/uploads\/sites\/8\/2020\/11\/SKIMMER-TORPEDO-BOMBER-Supreme-Commander-Aeon-Tech-2-Air-Units-768x474.jpg 768w, https:\/\/supcom.standardof.net\/wp-content\/uploads\/sites\/8\/2020\/11\/SKIMMER-TORPEDO-BOMBER-Supreme-Commander-Aeon-Tech-2-Air-Units-16x10.jpg 16w, https:\/\/supcom.standardof.net\/wp-content\/uploads\/sites\/8\/2020\/11\/SKIMMER-TORPEDO-BOMBER-Supreme-Commander-Aeon-Tech-2-Air-Units.jpg 1263w\" sizes=\"(max-width: 800px) 100vw, 800px\" \/><\/a><figcaption>SKIMMER - BOMBARDERO TORPEDO<\/figcaption><\/figure><\/div>\n\n\n\n<section class=\"wp-block-uagb-columns uagb-columns__wrap uagb-columns__background-undefined uagb-columns__stack-mobile uagb-columns__valign-undefined uagb-columns__gap-10 alignundefined uagb-block-c66a4b6d\"><div class=\"uagb-columns__overlay\"><\/div><div class=\"uagb-columns__inner-wrap uagb-columns__columns-2\">\n<div class=\"wp-block-uagb-column uagb-column__wrap uagb-column__background-undefined uagb-block-30f41284\"><div class=\"uagb-column__overlay\"><\/div><div class=\"uagb-column__inner-wrap\">\n<h3 class=\"wp-block-heading\">Estad\u00edsticas de Skimmer<\/h3>\n\n\n\n<p>Armadura: 120 CV (ligero)<br>Habilidades: Sonar, Carga de profundidad<br>Costo: M600, E6000, T1000<br>Intel:<br>- vista: 32 (625m)<br>- sonar: 40 (781m)<br>F\u00edsica:<br>- velocidad m\u00e1xima: 15 (293 m \/ s)<br>- desnivel: 18 (352m)<br>- distancia de acoplamiento: 75 (1,46 km)<br>Clase de transporte: 2<br>Veterancia: 15, 30, 75, 150, 300 muertes<br>- veterano nivel 2: +30 CV<br>- veterano nivel 4: +30 CV<br>- veterano nivel 5: repara 1 hp \/ s<\/p>\n<\/div><\/div>\n\n\n\n<div class=\"wp-block-uagb-column uagb-column__wrap uagb-column__background-undefined uagb-block-b69aecaf\"><div class=\"uagb-column__overlay\"><\/div><div class=\"uagb-column__inner-wrap\">\n<h3 class=\"wp-block-heading\">Armas Skimmer<\/h3>\n\n\n\n<p>Carga de profundidad arm\u00f3nica (Anti Navy):<br>130,00 dps<br>rango: 3 (58,6 m)<br>arma de proyectil: 650 de da\u00f1o<br>cadencia de fuego: 0.2 (cada 5s)<br>veterano nivel 1: +163 de da\u00f1o<br>veterano nivel 3: +163 de da\u00f1o<\/p>\n\n\n\n<p>Choque a\u00e9reo (muerte):<br>150 da\u00f1os<br>\u00e1rea: 1 (19.5m)<\/p>\n<\/div><\/div>\n<\/div><\/section>\n<\/div><\/div>\n<\/div><\/section>\n\n\n\n<section class=\"wp-block-uagb-columns uagb-columns__wrap uagb-columns__background-undefined uagb-columns__stack-mobile uagb-columns__valign-undefined uagb-columns__gap-10 alignundefined uagb-block-3898dde5\"><div class=\"uagb-columns__overlay\"><\/div><div class=\"uagb-columns__inner-wrap uagb-columns__columns-1\">\n<div class=\"wp-block-uagb-column uagb-column__wrap uagb-column__background-undefined uagb-block-a7dec367\"><div class=\"uagb-column__overlay\"><\/div><div class=\"uagb-column__inner-wrap\">\n<h2 class=\"wp-block-heading\"><strong>ESPECTRO <\/strong>- ARMA<\/h2>\n\n\n\n<p>Las ca\u00f1oneras Aeon son bastante efectivas. Su l\u00e1ser en realidad no siempre golpear\u00e1 a una unidad enemiga en movimiento, pero su armadura decente les permite sobrevivir por m\u00e1s tiempo que sus bombarderos mientras realizan ataques a\u00e9reos precisos. \u00daselos para matar extractores de masa indefensos y fuerzas terrestres, otras naves de combate, o simplemente acumule un ala enorme y mate a su ACU con ella. Estos tipos son la raz\u00f3n para construir interceptores.<\/p>\n\n\n\n<div class=\"wp-block-image\"><figure class=\"aligncenter size-large\"><a href=\"https:\/\/supcom.standardof.net\/es\/supreme-commander\/eon-2\/tech-2-aeon-air-unidades\/specter-gunship-supreme-commander-aeon-tech-2-air-units\/\"><img decoding=\"async\" width=\"800\" height=\"610\" src=\"https:\/\/supcom.standardof.net\/wp-content\/uploads\/sites\/8\/2020\/11\/SPECTER-GUNSHIP-Supreme-Commander-Aeon-Tech-2-Air-Units-800x610.jpg\" alt=\"El Specter Gunship, unidad a\u00e9rea Aeon Tech 2 en Supreme Commander.\" class=\"wp-image-1011\" srcset=\"https:\/\/supcom.standardof.net\/wp-content\/uploads\/sites\/8\/2020\/11\/SPECTER-GUNSHIP-Supreme-Commander-Aeon-Tech-2-Air-Units-800x610.jpg 800w, https:\/\/supcom.standardof.net\/wp-content\/uploads\/sites\/8\/2020\/11\/SPECTER-GUNSHIP-Supreme-Commander-Aeon-Tech-2-Air-Units-512x390.jpg 512w, https:\/\/supcom.standardof.net\/wp-content\/uploads\/sites\/8\/2020\/11\/SPECTER-GUNSHIP-Supreme-Commander-Aeon-Tech-2-Air-Units-200x152.jpg 200w, https:\/\/supcom.standardof.net\/wp-content\/uploads\/sites\/8\/2020\/11\/SPECTER-GUNSHIP-Supreme-Commander-Aeon-Tech-2-Air-Units-768x585.jpg 768w, https:\/\/supcom.standardof.net\/wp-content\/uploads\/sites\/8\/2020\/11\/SPECTER-GUNSHIP-Supreme-Commander-Aeon-Tech-2-Air-Units-16x12.jpg 16w, https:\/\/supcom.standardof.net\/wp-content\/uploads\/sites\/8\/2020\/11\/SPECTER-GUNSHIP-Supreme-Commander-Aeon-Tech-2-Air-Units.jpg 972w\" sizes=\"(max-width: 800px) 100vw, 800px\" \/><\/a><figcaption>ESPECTRO - GUNSHIP<\/figcaption><\/figure><\/div>\n\n\n\n<section class=\"wp-block-uagb-columns uagb-columns__wrap uagb-columns__background-undefined uagb-columns__stack-mobile uagb-columns__valign-undefined uagb-columns__gap-10 alignundefined uagb-block-7344f32d\"><div class=\"uagb-columns__overlay\"><\/div><div class=\"uagb-columns__inner-wrap uagb-columns__columns-2\">\n<div class=\"wp-block-uagb-column uagb-column__wrap uagb-column__background-undefined uagb-block-e2a3a5f8\"><div class=\"uagb-column__overlay\"><\/div><div class=\"uagb-column__inner-wrap\">\n<h3 class=\"wp-block-heading\">Estad\u00edsticas de espectro<\/h3>\n\n\n\n<p>Armadura: 150 CV (ligero)<br>Costo: M390, E7800, T1300<br>Intel: vista: 32 (625 m)<br>F\u00edsica:<br>- velocidad m\u00e1xima: 12 (234 m \/ s)<br>- elevaci\u00f3n: 10 (195m)<br>Clase de transporte: 2<br>Veterancia: 15, 30, 75, 150, 300 muertes<br>- veterano nivel 2: +38 CV<br>- veterano nivel 4: +38 CV<br>- veterano nivel 5: repara 1 hp \/ s<\/p>\n<\/div><\/div>\n\n\n\n<div class=\"wp-block-uagb-column uagb-column__wrap uagb-column__background-undefined uagb-block-e039ff89\"><div class=\"uagb-column__overlay\"><\/div><div class=\"uagb-column__inner-wrap\">\n<h3 class=\"wp-block-heading\">Armas de espectro<\/h3>\n\n\n\n<p>L\u00e1ser de luz cu\u00e1druple (fuego directo):<br>60,00 dps<br>alcance: 22 (430m)<br>arma de proyectil:<br>12 da\u00f1os x 4 proyectiles = 48 da\u00f1os por salva<br>cadencia de fuego: 1,25 (cada 0,8 s)<br>veterano nivel 1: +3 da\u00f1o<br>veterano nivel 3: +3 da\u00f1o<\/p>\n\n\n\n<p>Choque a\u00e9reo (muerte):<br>100 da\u00f1os<br>\u00e1rea: 1 (19.5m)<\/p>\n<\/div><\/div>\n<\/div><\/section>\n<\/div><\/div>\n<\/div><\/section>\n\n\n\n<section class=\"wp-block-uagb-columns uagb-columns__wrap uagb-columns__background-undefined uagb-columns__stack-mobile uagb-columns__valign-undefined uagb-columns__gap-10 alignundefined uagb-block-fc3deb0c\"><div class=\"uagb-columns__overlay\"><\/div><div class=\"uagb-columns__inner-wrap uagb-columns__columns-1\">\n<div class=\"wp-block-uagb-column uagb-column__wrap uagb-column__background-undefined uagb-block-99bea828\"><div class=\"uagb-column__overlay\"><\/div><div class=\"uagb-column__inner-wrap\">\n<h2 class=\"wp-block-heading\"><strong>ALUMINAR <\/strong>- TRANSPORTE A\u00c9REO<\/h2>\n\n\n\n<p>Si bien es bueno que el transporte a\u00e9reo pueda defenderse por s\u00ed mismo, su principal m\u00e9todo de defensa es su blindaje &quot;pesado&quot;, que le permite tomar un par de disparos desde las defensas a\u00e9reas y a\u00fan as\u00ed dejar caer su carga. Llevan el doble de unidades que un transporte T1: 12 tipos T1, 6 tipos T2, 3 tipos T3 o una ACU \/ SCU. Si su Comandante est\u00e1 siendo transportado, no morir\u00e1 con el transporte a\u00e9reo.<\/p>\n\n\n\n<div class=\"wp-block-image\"><figure class=\"aligncenter size-large\"><a href=\"https:\/\/supcom.standardof.net\/es\/supreme-commander\/eon-2\/tech-2-aeon-air-unidades\/aluminar-air-transport-supreme-commander-aeon-tech-2-air-units\/\"><img decoding=\"async\" width=\"800\" height=\"562\" src=\"https:\/\/supcom.standardof.net\/wp-content\/uploads\/sites\/8\/2020\/11\/ALUMINAR-AIR-TRANSPORT-Supreme-Commander-Aeon-Tech-2-Air-Units-800x562.jpg\" alt=\"El transporte a\u00e9reo de Aluminar, unidad a\u00e9rea Aeon Tech 2 en Supreme Commander.\" class=\"wp-image-1012\" srcset=\"https:\/\/supcom.standardof.net\/wp-content\/uploads\/sites\/8\/2020\/11\/ALUMINAR-AIR-TRANSPORT-Supreme-Commander-Aeon-Tech-2-Air-Units-800x562.jpg 800w, https:\/\/supcom.standardof.net\/wp-content\/uploads\/sites\/8\/2020\/11\/ALUMINAR-AIR-TRANSPORT-Supreme-Commander-Aeon-Tech-2-Air-Units-512x360.jpg 512w, https:\/\/supcom.standardof.net\/wp-content\/uploads\/sites\/8\/2020\/11\/ALUMINAR-AIR-TRANSPORT-Supreme-Commander-Aeon-Tech-2-Air-Units-200x140.jpg 200w, https:\/\/supcom.standardof.net\/wp-content\/uploads\/sites\/8\/2020\/11\/ALUMINAR-AIR-TRANSPORT-Supreme-Commander-Aeon-Tech-2-Air-Units-768x539.jpg 768w, https:\/\/supcom.standardof.net\/wp-content\/uploads\/sites\/8\/2020\/11\/ALUMINAR-AIR-TRANSPORT-Supreme-Commander-Aeon-Tech-2-Air-Units-16x12.jpg 16w, https:\/\/supcom.standardof.net\/wp-content\/uploads\/sites\/8\/2020\/11\/ALUMINAR-AIR-TRANSPORT-Supreme-Commander-Aeon-Tech-2-Air-Units.jpg 1209w\" sizes=\"(max-width: 800px) 100vw, 800px\" \/><\/a><figcaption>ALUMINAR - TRANSPORTE A\u00c9REO<\/figcaption><\/figure><\/div>\n\n\n\n<section class=\"wp-block-uagb-columns uagb-columns__wrap uagb-columns__background-undefined uagb-columns__stack-mobile uagb-columns__valign-undefined uagb-columns__gap-10 alignundefined uagb-block-1c8edbb3\"><div class=\"uagb-columns__overlay\"><\/div><div class=\"uagb-columns__inner-wrap uagb-columns__columns-2\">\n<div class=\"wp-block-uagb-column uagb-column__wrap uagb-column__background-undefined uagb-block-58666bef\"><div class=\"uagb-column__overlay\"><\/div><div class=\"uagb-column__inner-wrap\">\n<h3 class=\"wp-block-heading\">Estad\u00edsticas de aluminar<\/h3>\n\n\n\n<p>Armadura: 210 CV (ligero)<br>Habilidades: Transporte T2: lleva ACU, unidades terrestres T1-T3<br>Coste: M320, E12800, T1600<br>Intel: vista: 32 (625 m)<br>F\u00edsica:<br>- velocidad m\u00e1xima: 18 (352 m \/ s)<br>- desnivel: 8 (156m)<br>Clase de transporte: 10,<br>- tama\u00f1o adjunto clase 2: 2<br>- tama\u00f1o adjunto clase 3: 4<br>Veterancia: 15, 30, 75, 150, 300 muertes<br>- veterano nivel 2: +53 CV<br>- veterano nivel 4: +53 CV<br>- veterano nivel 5: repara 1 hp \/ s<\/p>\n<\/div><\/div>\n\n\n\n<div class=\"wp-block-uagb-column uagb-column__wrap uagb-column__background-undefined uagb-block-c3625354\"><div class=\"uagb-column__overlay\"><\/div><div class=\"uagb-column__inner-wrap\">\n<h3 class=\"wp-block-heading\">Armas Aluminar<\/h3>\n\n\n\n<p>Bater\u00eda de pulso s\u00f3nico 4x (anti-aire):<br>4,00 dps<br>alcance: 20 (391m)<br>arma de proyectil:<br>3,92 de da\u00f1o x 3 proyectiles = 11,76 de da\u00f1o por salva<br>cadencia de fuego: 0.34 (cada 2.94s)<br>veterano nivel 1: +1 da\u00f1o<br>veterano nivel 3: +1 da\u00f1o<\/p>\n<\/div><\/div>\n<\/div><\/section>\n<\/div><\/div>\n<\/div><\/section>","protected":false},"excerpt":{"rendered":"<p>MERCY &#8211; GUIDED MISSILE The Mercy is exactly what it says: a tiny guided missile. It can&#8217;t recharge fuel, so you have only a short time to throw it at the enemy Commander, which it will kill in four shots. They&#8217;re faster than a bomber and far more deadly, but don&#8217;t waste them on anything [&hellip;]<\/p>","protected":false},"author":1,"featured_media":0,"parent":503,"menu_order":0,"comment_status":"open","ping_status":"closed","template":"","meta":{"_uag_custom_page_level_css":"","site-sidebar-layout":"default","site-content-layout":"default","ast-site-content-layout":"","site-content-style":"default","site-sidebar-style":"default","ast-global-header-display":"","ast-banner-title-visibility":"","ast-main-header-display":"","ast-hfb-above-header-display":"","ast-hfb-below-header-display":"","ast-hfb-mobile-header-display":"","site-post-title":"","ast-breadcrumbs-content":"","ast-featured-img":"","footer-sml-layout":"","theme-transparent-header-meta":"default","adv-header-id-meta":"","stick-header-meta":"","header-above-stick-meta":"","header-main-stick-meta":"","header-below-stick-meta":"","astra-migrate-meta-layouts":"default","ast-page-background-enabled":"default","ast-page-background-meta":{"desktop":{"background-color":"","background-image":"","background-repeat":"repeat","background-position":"center center","background-size":"auto","background-attachment":"scroll","background-type":"","background-media":"","overlay-type":"","overlay-color":"","overlay-gradient":""},"tablet":{"background-color":"","background-image":"","background-repeat":"repeat","background-position":"center center","background-size":"auto","background-attachment":"scroll","background-type":"","background-media":"","overlay-type":"","overlay-color":"","overlay-gradient":""},"mobile":{"background-color":"","background-image":"","background-repeat":"repeat","background-position":"center center","background-size":"auto","background-attachment":"scroll","background-type":"","background-media":"","overlay-type":"","overlay-color":"","overlay-gradient":""}},"ast-content-background-meta":{"desktop":{"background-color":"var(--ast-global-color-5)","background-image":"","background-repeat":"repeat","background-position":"center center","background-size":"auto","background-attachment":"scroll","background-type":"","background-media":"","overlay-type":"","overlay-color":"","overlay-gradient":""},"tablet":{"background-color":"var(--ast-global-color-5)","background-image":"","background-repeat":"repeat","background-position":"center center","background-size":"auto","background-attachment":"scroll","background-type":"","background-media":"","overlay-type":"","overlay-color":"","overlay-gradient":""},"mobile":{"background-color":"var(--ast-global-color-5)","background-image":"","background-repeat":"repeat","background-position":"center center","background-size":"auto","background-attachment":"scroll","background-type":"","background-media":"","overlay-type":"","overlay-color":"","overlay-gradient":""}},"footnotes":""},"uagb_featured_image_src":{"full":false,"thumbnail":false,"medium":false,"medium_large":false,"large":false,"1536x1536":false,"2048x2048":false,"trp-custom-language-flag":false},"uagb_author_info":{"display_name":"SOE","author_link":"https:\/\/supcom.standardof.net\/es\/author\/k-tastic\/"},"uagb_comment_info":0,"uagb_excerpt":"MERCY &#8211; GUIDED MISSILE The Mercy is exactly what it says: a tiny guided missile. It can&#8217;t recharge fuel, so you have only a short time to throw it at the enemy Commander, which it will kill in four shots. They&#8217;re faster than a bomber and far more deadly, but don&#8217;t waste them on anything&hellip;","_links":{"self":[{"href":"https:\/\/supcom.standardof.net\/es\/wp-json\/wp\/v2\/pages\/785"}],"collection":[{"href":"https:\/\/supcom.standardof.net\/es\/wp-json\/wp\/v2\/pages"}],"about":[{"href":"https:\/\/supcom.standardof.net\/es\/wp-json\/wp\/v2\/types\/page"}],"author":[{"embeddable":true,"href":"https:\/\/supcom.standardof.net\/es\/wp-json\/wp\/v2\/users\/1"}],"replies":[{"embeddable":true,"href":"https:\/\/supcom.standardof.net\/es\/wp-json\/wp\/v2\/comments?post=785"}],"version-history":[{"count":0,"href":"https:\/\/supcom.standardof.net\/es\/wp-json\/wp\/v2\/pages\/785\/revisions"}],"up":[{"embeddable":true,"href":"https:\/\/supcom.standardof.net\/es\/wp-json\/wp\/v2\/pages\/503"}],"wp:attachment":[{"href":"https:\/\/supcom.standardof.net\/es\/wp-json\/wp\/v2\/media?parent=785"}],"curies":[{"name":"wp","href":"https:\/\/api.w.org\/{rel}","templated":true}]}}