{"id":787,"date":"2020-11-03T21:32:41","date_gmt":"2020-11-04T02:32:41","guid":{"rendered":"https:\/\/supcom.standardof.net\/?page_id=787"},"modified":"2020-11-04T19:18:44","modified_gmt":"2020-11-05T00:18:44","slug":"tech-1-aeon-air-units","status":"publish","type":"page","link":"https:\/\/supcom.standardof.net\/es\/supreme-commander\/eon-2\/unidades-aire-tech-1-eon\/","title":{"rendered":"Tecnolog\u00eda 1 - Unidades Aeon Air"},"content":{"rendered":"<div class=\"wp-block-uagb-table-of-contents uagb-toc__align-left uagb-toc__columns-1  uagb-block-789229fe\"\n\t\t\t\t\tdata-scroll= \"1\"\n\t\t\t\t\tdata-offset= \"30\"\n\t\t\t\t\tstyle=\"\"\n\t\t\t\t>\n\t\t\t\t<div class=\"uagb-toc__wrap\">\n\t\t\t\t\t\t<div class=\"uagb-toc__title\">\n\t\t\t\t\t\t\tUnidades a\u00e9reas Aeon Tech 1:\t\t\t\t\t\t<\/div>\n\t\t\t\t\t\t\t\t\t\t\t\t\t\t\t\t<div class=\"uagb-toc__list-wrap\">\n\t\t\t\t\t\t<ol class=\"uagb-toc__list\"><li class=\"uagb-toc__list\"><a href=\"#mirage-air-scout\" class=\"uagb-toc-link__trigger\">MIRAGE - EXPLORADOR DE AIRE<\/a><li class=\"uagb-toc__list\"><a href=\"#conservator-interceptor\" class=\"uagb-toc-link__trigger\">CONSERVADOR - INTERCEPTOR<\/a><li class=\"uagb-toc__list\"><a href=\"#shimmer-attack-bomber\" class=\"uagb-toc-link__trigger\">SHIMMER - BOMBER DE ATAQUE<\/a><li class=\"uagb-toc__list\"><a href=\"#chariot-light-air-transport\" class=\"uagb-toc-link__trigger\">CHARIOT - TRANSPORTE A\u00c9REO LIGERO<\/a><\/ol>\t\t\t\t\t<\/div>\n\t\t\t\t\t\t\t\t\t<\/div>\n\t\t\t\t<\/div>\n\t\t\t\n\n\n<section class=\"wp-block-uagb-columns uagb-columns__wrap uagb-columns__background-undefined uagb-columns__stack-mobile uagb-columns__valign-undefined uagb-columns__gap-10 alignundefined uagb-block-c2a412b8\"><div class=\"uagb-columns__overlay\"><\/div><div class=\"uagb-columns__inner-wrap uagb-columns__columns-1\">\n<div class=\"wp-block-uagb-column uagb-column__wrap uagb-column__background-undefined uagb-block-b527d383\"><div class=\"uagb-column__overlay\"><\/div><div class=\"uagb-column__inner-wrap\">\n<h2 class=\"wp-block-heading\"><strong>ESPEJISMO <\/strong>- EXPLORADOR DE AIRE<\/h2>\n\n\n\n<p>El Air Scout es extremadamente econ\u00f3mico y es esta virtud lo que lo hace \u00fatil. Si bien un interceptor a menudo se adentrar\u00e1 m\u00e1s en una base enemiga, un solo explorador a\u00e9reo en su cola de construcci\u00f3n le permitir\u00e1 almacenar un conjunto de exploradores que pueden atravesar el mapa en busca de una entrada ligeramente defendida y exactamente 1 masa por segundo.<\/p>\n\n\n\n<div class=\"wp-block-image\"><figure class=\"aligncenter size-large\"><a href=\"https:\/\/supcom.standardof.net\/es\/supreme-commander\/eon-2\/unidades-aire-tech-1-eon\/mirage-air-scout-supreme-commander-aeon-tech-1-air-units\/\"><img decoding=\"async\" width=\"800\" height=\"573\" src=\"https:\/\/supcom.standardof.net\/wp-content\/uploads\/sites\/8\/2020\/11\/MIRAGE-AIR-SCOUT-Supreme-Commander-Aeon-Tech-1-Air-Units-800x573.jpg\" alt=\"El Mirage Air Scout, Unidad A\u00e9rea Aeon Tech 1 en Supreme Commander.\" class=\"wp-image-1003\" srcset=\"https:\/\/supcom.standardof.net\/wp-content\/uploads\/sites\/8\/2020\/11\/MIRAGE-AIR-SCOUT-Supreme-Commander-Aeon-Tech-1-Air-Units-800x573.jpg 800w, https:\/\/supcom.standardof.net\/wp-content\/uploads\/sites\/8\/2020\/11\/MIRAGE-AIR-SCOUT-Supreme-Commander-Aeon-Tech-1-Air-Units-512x367.jpg 512w, https:\/\/supcom.standardof.net\/wp-content\/uploads\/sites\/8\/2020\/11\/MIRAGE-AIR-SCOUT-Supreme-Commander-Aeon-Tech-1-Air-Units-200x143.jpg 200w, https:\/\/supcom.standardof.net\/wp-content\/uploads\/sites\/8\/2020\/11\/MIRAGE-AIR-SCOUT-Supreme-Commander-Aeon-Tech-1-Air-Units-768x550.jpg 768w, https:\/\/supcom.standardof.net\/wp-content\/uploads\/sites\/8\/2020\/11\/MIRAGE-AIR-SCOUT-Supreme-Commander-Aeon-Tech-1-Air-Units-16x12.jpg 16w, https:\/\/supcom.standardof.net\/wp-content\/uploads\/sites\/8\/2020\/11\/MIRAGE-AIR-SCOUT-Supreme-Commander-Aeon-Tech-1-Air-Units.jpg 834w\" sizes=\"(max-width: 800px) 100vw, 800px\" \/><\/a><figcaption>MIRAGE - EXPLORADOR DE AIRE<\/figcaption><\/figure><\/div>\n\n\n\n<section class=\"wp-block-uagb-columns uagb-columns__wrap uagb-columns__background-undefined uagb-columns__stack-mobile uagb-columns__valign-undefined uagb-columns__gap-10 alignundefined uagb-block-48b87f34\"><div class=\"uagb-columns__overlay\"><\/div><div class=\"uagb-columns__inner-wrap uagb-columns__columns-2\">\n<div class=\"wp-block-uagb-column uagb-column__wrap uagb-column__background-undefined uagb-block-46ed8a63\"><div class=\"uagb-column__overlay\"><\/div><div class=\"uagb-column__inner-wrap\">\n<h3 class=\"wp-block-heading\">Estad\u00edsticas de Mirage<\/h3>\n\n\n\n<p>Armadura: 3hp (ligero)<br>Coste: M16, E640, T160<br>Intel: vista: 70 (1,37 km)<br>F\u00edsica:<br>- velocidad m\u00e1xima: 17 (332 m \/ s)<br>- velocidad de giro: 100<br>- desnivel: 20 (391m)<br>Clase de transporte: 1<br>- veterano nivel 2: +1 hp,<br>- veterano nivel 4: +1 hp,<br>- veterano nivel 5: repara 1 hp \/ s<\/p>\n<\/div><\/div>\n\n\n\n<div class=\"wp-block-uagb-column uagb-column__wrap uagb-column__background-undefined uagb-block-7b8d7bef\"><div class=\"uagb-column__overlay\"><\/div><div class=\"uagb-column__inner-wrap\">\n<h3 class=\"wp-block-heading\">Armas de espejismo<\/h3>\n\n\n\n<p>Choque a\u00e9reo (muerte):<br>10 da\u00f1os<br>\u00e1rea: 1 (19.5m)<\/p>\n<\/div><\/div>\n<\/div><\/section>\n<\/div><\/div>\n<\/div><\/section>\n\n\n\n<section class=\"wp-block-uagb-columns uagb-columns__wrap uagb-columns__background-undefined uagb-columns__stack-mobile uagb-columns__valign-undefined uagb-columns__gap-10 alignundefined uagb-block-2f53e8f4\"><div class=\"uagb-columns__overlay\"><\/div><div class=\"uagb-columns__inner-wrap uagb-columns__columns-1\">\n<div class=\"wp-block-uagb-column uagb-column__wrap uagb-column__background-undefined uagb-block-9dbd4722\"><div class=\"uagb-column__overlay\"><\/div><div class=\"uagb-column__inner-wrap\">\n<h2 class=\"wp-block-heading\"><strong>CONSERVADOR <\/strong>- INTERCEPTOR<\/h2>\n\n\n\n<p>Los interceptores son el pan y la mantequilla de su defensa a\u00e9rea. Son r\u00e1pidos, efectivos y baratos, lo que significa que puede configurar a los ingenieros para que creen m\u00e1s sin tener que pausar sus otros proyectos. Recomiendo tener un Air Factory configurado para construir interceptores infinitos para todo el juego.<\/p>\n\n\n\n<div class=\"wp-block-image\"><figure class=\"aligncenter size-large\"><a href=\"https:\/\/supcom.standardof.net\/es\/supreme-commander\/eon-2\/unidades-aire-tech-1-eon\/conservator-interceptor-supreme-commander-aeon-tech-1-air-units\/\"><img decoding=\"async\" width=\"714\" height=\"429\" src=\"https:\/\/supcom.standardof.net\/wp-content\/uploads\/sites\/8\/2020\/11\/CONSERVATOR-INTERCEPTOR-Supreme-Commander-Aeon-Tech-1-Air-Units.jpg\" alt=\"El Conservador Interceptor, Unidad A\u00e9rea Aeon Tech 1 en Comandante Supremo.\" class=\"wp-image-1006\" srcset=\"https:\/\/supcom.standardof.net\/wp-content\/uploads\/sites\/8\/2020\/11\/CONSERVATOR-INTERCEPTOR-Supreme-Commander-Aeon-Tech-1-Air-Units.jpg 714w, https:\/\/supcom.standardof.net\/wp-content\/uploads\/sites\/8\/2020\/11\/CONSERVATOR-INTERCEPTOR-Supreme-Commander-Aeon-Tech-1-Air-Units-512x308.jpg 512w, https:\/\/supcom.standardof.net\/wp-content\/uploads\/sites\/8\/2020\/11\/CONSERVATOR-INTERCEPTOR-Supreme-Commander-Aeon-Tech-1-Air-Units-200x120.jpg 200w, https:\/\/supcom.standardof.net\/wp-content\/uploads\/sites\/8\/2020\/11\/CONSERVATOR-INTERCEPTOR-Supreme-Commander-Aeon-Tech-1-Air-Units-16x10.jpg 16w\" sizes=\"(max-width: 714px) 100vw, 714px\" \/><\/a><figcaption>CONSERVADOR - INTERCEPTOR<\/figcaption><\/figure><\/div>\n\n\n\n<section class=\"wp-block-uagb-columns uagb-columns__wrap uagb-columns__background-undefined uagb-columns__stack-mobile uagb-columns__valign-undefined uagb-columns__gap-10 alignundefined uagb-block-760ecc45\"><div class=\"uagb-columns__overlay\"><\/div><div class=\"uagb-columns__inner-wrap uagb-columns__columns-2\">\n<div class=\"wp-block-uagb-column uagb-column__wrap uagb-column__background-undefined uagb-block-c87a93cd\"><div class=\"uagb-column__overlay\"><\/div><div class=\"uagb-column__inner-wrap\">\n<h3 class=\"wp-block-heading\">Estad\u00edsticas del conservador<\/h3>\n\n\n\n<p>Armadura: 18 CV (ligero)<br>Coste: M38, E2280, T380<br>Intel: vista: 32 (625 m)<br>F\u00edsica:<br>- velocidad m\u00e1xima: 19 (371 m \/ s)<br>- desnivel: 18 (352m)<br>- distancia de acoplamiento: 50 (977 m)<br>Clase de transporte: 1<br>Veterancia: 5, 10, 25, 50, 100 muertes<br>- veterano nivel 2: +5 CV<br>- veterano nivel 4: +5 CV<br>- veterano nivel 5: repara 1 hp \/ s<\/p>\n<\/div><\/div>\n\n\n\n<div class=\"wp-block-uagb-column uagb-column__wrap uagb-column__background-undefined uagb-block-b88dded1\"><div class=\"uagb-column__overlay\"><\/div><div class=\"uagb-column__inner-wrap\">\n<h3 class=\"wp-block-heading\">Armas conservadoras<\/h3>\n\n\n\n<p>2x bater\u00eda de pulso s\u00f3nico (anti-aire):<br>10,20 dps<br>alcance: 20 (391m)<br>arma de proyectil:<br>4 da\u00f1os x 3 proyectiles = 12 da\u00f1os por salva<br>cadencia de tiro: 0.85 (cada 1.18s)<br>veterano nivel 1: +1 da\u00f1o<br>veterano nivel 3: +1 da\u00f1o<\/p>\n\n\n\n<p>Choque a\u00e9reo (muerte):<br>25 da\u00f1os<br>\u00e1rea: 1 (19.5m)<\/p>\n<\/div><\/div>\n<\/div><\/section>\n<\/div><\/div>\n<\/div><\/section>\n\n\n\n<section class=\"wp-block-uagb-columns uagb-columns__wrap uagb-columns__background-undefined uagb-columns__stack-mobile uagb-columns__valign-undefined uagb-columns__gap-10 alignundefined uagb-block-0c99dac8\"><div class=\"uagb-columns__overlay\"><\/div><div class=\"uagb-columns__inner-wrap uagb-columns__columns-1\">\n<div class=\"wp-block-uagb-column uagb-column__wrap uagb-column__background-undefined uagb-block-509135f2\"><div class=\"uagb-column__overlay\"><\/div><div class=\"uagb-column__inner-wrap\">\n<h2 class=\"wp-block-heading\"><strong>BRILLAR <\/strong>- ATAQUE BOMBER<\/h2>\n\n\n\n<p>El bombardero de ataque Aeon es mediocre en comparaci\u00f3n con los dem\u00e1s. La bomba tiene un buen \u00e1rea de efecto, pero solo lanza una sola bomba en lugar del grupo de disparos que disparan los otros bombarderos, lo que hace que sea menos probable que golpee unidades terrestres y menos poderosa en general contra grandes estructuras. Por supuesto, algunos bombarderos enviados para hostigar a las tropas enemigas son un gran cebo para los interceptores enemigos, o incluso pueden hacer que entre en p\u00e1nico y comience a construir demasiadas unidades antia\u00e9reas, que es justo lo que desea, ya que puede concentrarse mejor cosas.<\/p>\n\n\n\n<div class=\"wp-block-image\"><figure class=\"aligncenter size-large\"><a href=\"https:\/\/supcom.standardof.net\/es\/supreme-commander\/eon-2\/unidades-aire-tech-1-eon\/shimmer-attack-bomber-supreme-commander-aeon-tech-1-air-units\/\"><img decoding=\"async\" width=\"800\" height=\"441\" src=\"https:\/\/supcom.standardof.net\/wp-content\/uploads\/sites\/8\/2020\/11\/SHIMMER-ATTACK-BOMBER-Supreme-Commander-Aeon-Tech-1-Air-Units-800x441.jpg\" alt=\"El bombardero Shimmer Attack, unidad a\u00e9rea Aeon Tech 1 en Supreme Commander.\" class=\"wp-image-1004\" srcset=\"https:\/\/supcom.standardof.net\/wp-content\/uploads\/sites\/8\/2020\/11\/SHIMMER-ATTACK-BOMBER-Supreme-Commander-Aeon-Tech-1-Air-Units-800x441.jpg 800w, https:\/\/supcom.standardof.net\/wp-content\/uploads\/sites\/8\/2020\/11\/SHIMMER-ATTACK-BOMBER-Supreme-Commander-Aeon-Tech-1-Air-Units-512x282.jpg 512w, https:\/\/supcom.standardof.net\/wp-content\/uploads\/sites\/8\/2020\/11\/SHIMMER-ATTACK-BOMBER-Supreme-Commander-Aeon-Tech-1-Air-Units-200x110.jpg 200w, https:\/\/supcom.standardof.net\/wp-content\/uploads\/sites\/8\/2020\/11\/SHIMMER-ATTACK-BOMBER-Supreme-Commander-Aeon-Tech-1-Air-Units-768x423.jpg 768w, https:\/\/supcom.standardof.net\/wp-content\/uploads\/sites\/8\/2020\/11\/SHIMMER-ATTACK-BOMBER-Supreme-Commander-Aeon-Tech-1-Air-Units-16x9.jpg 16w, https:\/\/supcom.standardof.net\/wp-content\/uploads\/sites\/8\/2020\/11\/SHIMMER-ATTACK-BOMBER-Supreme-Commander-Aeon-Tech-1-Air-Units.jpg 1257w\" sizes=\"(max-width: 800px) 100vw, 800px\" \/><\/a><figcaption>SHIMMER - BOMBER DE ATAQUE<\/figcaption><\/figure><\/div>\n\n\n\n<section class=\"wp-block-uagb-columns uagb-columns__wrap uagb-columns__background-undefined uagb-columns__stack-mobile uagb-columns__valign-undefined uagb-columns__gap-10 alignundefined uagb-block-961951a9\"><div class=\"uagb-columns__overlay\"><\/div><div class=\"uagb-columns__inner-wrap uagb-columns__columns-2\">\n<div class=\"wp-block-uagb-column uagb-column__wrap uagb-column__background-undefined uagb-block-44fd905b\"><div class=\"uagb-column__overlay\"><\/div><div class=\"uagb-column__inner-wrap\">\n<h3 class=\"wp-block-heading\">Estad\u00edsticas de Shimmer<\/h3>\n\n\n\n<p>Armadura: 18 CV (ligero)<br>Habilidades: Disparo aturdidor: la ordenanza aturde a los enemigos<br>Precio: M144, E2880, T480<br>Intel: vista: 32 (625 m)<br>F\u00edsica:<br>- velocidad m\u00e1xima: 12 (234 m \/ s)<br>- desnivel: 18 (352m)<br>- distancia de acoplamiento: 50 (977 m)<br>Clase de transporte: 2<br>Veterancia: 5, 10, 25, 50, 100 muertes<br>- veterano nivel 2: +5 CV<br>- veterano nivel 4: +5 CV<br>- veterano nivel 5: repara 1 hp \/ s<\/p>\n<\/div><\/div>\n\n\n\n<div class=\"wp-block-uagb-column uagb-column__wrap uagb-column__background-undefined uagb-block-a2c67bf7\"><div class=\"uagb-column__overlay\"><\/div><div class=\"uagb-column__inner-wrap\">\n<h3 class=\"wp-block-heading\">Armas Brillantes<\/h3>\n\n\n\n<p>Bomba de gravit\u00f3n (bomba):<br>100,00 dps<br>superficie: 4 (78,1m)<br>alcance: 2 (39,1 m)<br>arma de proyectil: 200 da\u00f1os<br>cadencia de fuego: 0.5 (cada 2s)<br>veterano nivel 1: +50 de da\u00f1o<br>veterano nivel 3: +50 de da\u00f1o<\/p>\n\n\n\n<p>Choque a\u00e9reo (muerte):<br>100 da\u00f1os<br>\u00e1rea: 1 (19.5m)<\/p>\n<\/div><\/div>\n<\/div><\/section>\n<\/div><\/div>\n<\/div><\/section>\n\n\n\n<section class=\"wp-block-uagb-columns uagb-columns__wrap uagb-columns__background-undefined uagb-columns__stack-mobile uagb-columns__valign-undefined uagb-columns__gap-10 alignundefined uagb-block-9f9f402b\"><div class=\"uagb-columns__overlay\"><\/div><div class=\"uagb-columns__inner-wrap uagb-columns__columns-1\">\n<div class=\"wp-block-uagb-column uagb-column__wrap uagb-column__background-undefined uagb-block-e203435a\"><div class=\"uagb-column__overlay\"><\/div><div class=\"uagb-column__inner-wrap\">\n<h2 class=\"wp-block-heading\"><strong>CARRUAJE <\/strong>- TRANSPORTE A\u00c9REO LIGERO<\/h2>\n\n\n\n<p>La ventaja de tener un transporte a\u00e9reo temprano es doble: puede transportar por aire a sus robots de asalto y tener una ca\u00f1onera voladora para matar a las fuerzas enemigas T1, o puede hacer m\u00e1s peligrosas ca\u00eddas de unidades o ingenieros detr\u00e1s de las l\u00edneas enemigas. Sin embargo, no conf\u00ede en ellos para vivir m\u00e1s all\u00e1 de una gota; en su mayor\u00eda est\u00e1n ah\u00ed para infundir miedo en los corazones de tus enemigos en lugar de entregar la victoria. Transporta 6 unidades T1, 3 unidades T2 o 1 unidad T3.<\/p>\n\n\n\n<div class=\"wp-block-image\"><figure class=\"aligncenter size-large\"><a href=\"https:\/\/supcom.standardof.net\/es\/supreme-commander\/eon-2\/unidades-aire-tech-1-eon\/chariot-light-air-transport-supreme-commander-aeon-tech-1-air-units\/\"><img decoding=\"async\" width=\"792\" height=\"522\" src=\"https:\/\/supcom.standardof.net\/wp-content\/uploads\/sites\/8\/2020\/11\/CHARIOT-LIGHT-AIR-TRANSPORT-Supreme-Commander-Aeon-Tech-1-Air-Units.jpg\" alt=\"El Chariot Light Air Transport, Unidad A\u00e9rea Aeon Tech 1 en Supreme Commander.\" class=\"wp-image-1005\" srcset=\"https:\/\/supcom.standardof.net\/wp-content\/uploads\/sites\/8\/2020\/11\/CHARIOT-LIGHT-AIR-TRANSPORT-Supreme-Commander-Aeon-Tech-1-Air-Units.jpg 792w, https:\/\/supcom.standardof.net\/wp-content\/uploads\/sites\/8\/2020\/11\/CHARIOT-LIGHT-AIR-TRANSPORT-Supreme-Commander-Aeon-Tech-1-Air-Units-512x337.jpg 512w, https:\/\/supcom.standardof.net\/wp-content\/uploads\/sites\/8\/2020\/11\/CHARIOT-LIGHT-AIR-TRANSPORT-Supreme-Commander-Aeon-Tech-1-Air-Units-200x132.jpg 200w, https:\/\/supcom.standardof.net\/wp-content\/uploads\/sites\/8\/2020\/11\/CHARIOT-LIGHT-AIR-TRANSPORT-Supreme-Commander-Aeon-Tech-1-Air-Units-768x506.jpg 768w, https:\/\/supcom.standardof.net\/wp-content\/uploads\/sites\/8\/2020\/11\/CHARIOT-LIGHT-AIR-TRANSPORT-Supreme-Commander-Aeon-Tech-1-Air-Units-16x12.jpg 16w\" sizes=\"(max-width: 792px) 100vw, 792px\" \/><\/a><figcaption>CHARIOT - TRANSPORTE A\u00c9REO LIGERO<\/figcaption><\/figure><\/div>\n\n\n\n<section class=\"wp-block-uagb-columns uagb-columns__wrap uagb-columns__background-undefined uagb-columns__stack-mobile uagb-columns__valign-undefined uagb-columns__gap-10 alignundefined uagb-block-a091402f\"><div class=\"uagb-columns__overlay\"><\/div><div class=\"uagb-columns__inner-wrap uagb-columns__columns-2\">\n<div class=\"wp-block-uagb-column uagb-column__wrap uagb-column__background-undefined uagb-block-4f987371\"><div class=\"uagb-column__overlay\"><\/div><div class=\"uagb-column__inner-wrap\">\n<h3 class=\"wp-block-heading\">Estad\u00edsticas del carro<\/h3>\n\n\n\n<p>Armadura: 90 CV (ligero)<br>Habilidades: Transporte T1: Transporta unidades terrestres T1-T3<br>Costo: M120, E4800, T600<br>Intel: vista: 32 (625 m)<br>F\u00edsica:<br>velocidad m\u00e1xima: 15 (293 m \/ s)<br>elevaci\u00f3n: 8 (156m)<br>Clase de transporte: 10<br>clase 2 adjuntar tama\u00f1o: 2<br>clase 3 adjuntar tama\u00f1o: 4<br>veterano nivel 2: +23 CV<br>veterano nivel 4: +23 CV<br>veterano nivel 5: repara 1 hp \/ s<\/p>\n<\/div><\/div>\n\n\n\n<div class=\"wp-block-uagb-column uagb-column__wrap uagb-column__background-undefined uagb-block-aa97c7c2\"><div class=\"uagb-column__overlay\"><\/div><div class=\"uagb-column__inner-wrap\"><\/div><\/div>\n<\/div><\/section>\n<\/div><\/div>\n<\/div><\/section>","protected":false},"excerpt":{"rendered":"<p>MIRAGE &#8211; AIR SCOUT The Air Scout is extremely inexpensive, and it&#8217;s this virtue that makes it useful. While an interceptor will often get farther into an enemy base, a single air scout in your build queue will let you stockpile a set of scouts that can crisscross the map looking for a lightly defended [&hellip;]<\/p>","protected":false},"author":1,"featured_media":0,"parent":503,"menu_order":0,"comment_status":"open","ping_status":"closed","template":"","meta":{"_uag_custom_page_level_css":"","site-sidebar-layout":"default","site-content-layout":"default","ast-site-content-layout":"","site-content-style":"default","site-sidebar-style":"default","ast-global-header-display":"","ast-banner-title-visibility":"","ast-main-header-display":"","ast-hfb-above-header-display":"","ast-hfb-below-header-display":"","ast-hfb-mobile-header-display":"","site-post-title":"","ast-breadcrumbs-content":"","ast-featured-img":"","footer-sml-layout":"","theme-transparent-header-meta":"default","adv-header-id-meta":"","stick-header-meta":"","header-above-stick-meta":"","header-main-stick-meta":"","header-below-stick-meta":"","astra-migrate-meta-layouts":"default","ast-page-background-enabled":"default","ast-page-background-meta":{"desktop":{"background-color":"","background-image":"","background-repeat":"repeat","background-position":"center center","background-size":"auto","background-attachment":"scroll","background-type":"","background-media":"","overlay-type":"","overlay-color":"","overlay-gradient":""},"tablet":{"background-color":"","background-image":"","background-repeat":"repeat","background-position":"center center","background-size":"auto","background-attachment":"scroll","background-type":"","background-media":"","overlay-type":"","overlay-color":"","overlay-gradient":""},"mobile":{"background-color":"","background-image":"","background-repeat":"repeat","background-position":"center center","background-size":"auto","background-attachment":"scroll","background-type":"","background-media":"","overlay-type":"","overlay-color":"","overlay-gradient":""}},"ast-content-background-meta":{"desktop":{"background-color":"var(--ast-global-color-5)","background-image":"","background-repeat":"repeat","background-position":"center center","background-size":"auto","background-attachment":"scroll","background-type":"","background-media":"","overlay-type":"","overlay-color":"","overlay-gradient":""},"tablet":{"background-color":"var(--ast-global-color-5)","background-image":"","background-repeat":"repeat","background-position":"center center","background-size":"auto","background-attachment":"scroll","background-type":"","background-media":"","overlay-type":"","overlay-color":"","overlay-gradient":""},"mobile":{"background-color":"var(--ast-global-color-5)","background-image":"","background-repeat":"repeat","background-position":"center center","background-size":"auto","background-attachment":"scroll","background-type":"","background-media":"","overlay-type":"","overlay-color":"","overlay-gradient":""}},"footnotes":""},"uagb_featured_image_src":{"full":false,"thumbnail":false,"medium":false,"medium_large":false,"large":false,"1536x1536":false,"2048x2048":false,"trp-custom-language-flag":false},"uagb_author_info":{"display_name":"SOE","author_link":"https:\/\/supcom.standardof.net\/es\/author\/k-tastic\/"},"uagb_comment_info":0,"uagb_excerpt":"MIRAGE &#8211; AIR SCOUT The Air Scout is extremely inexpensive, and it&#8217;s this virtue that makes it useful. While an interceptor will often get farther into an enemy base, a single air scout in your build queue will let you stockpile a set of scouts that can crisscross the map looking for a lightly defended&hellip;","_links":{"self":[{"href":"https:\/\/supcom.standardof.net\/es\/wp-json\/wp\/v2\/pages\/787"}],"collection":[{"href":"https:\/\/supcom.standardof.net\/es\/wp-json\/wp\/v2\/pages"}],"about":[{"href":"https:\/\/supcom.standardof.net\/es\/wp-json\/wp\/v2\/types\/page"}],"author":[{"embeddable":true,"href":"https:\/\/supcom.standardof.net\/es\/wp-json\/wp\/v2\/users\/1"}],"replies":[{"embeddable":true,"href":"https:\/\/supcom.standardof.net\/es\/wp-json\/wp\/v2\/comments?post=787"}],"version-history":[{"count":0,"href":"https:\/\/supcom.standardof.net\/es\/wp-json\/wp\/v2\/pages\/787\/revisions"}],"up":[{"embeddable":true,"href":"https:\/\/supcom.standardof.net\/es\/wp-json\/wp\/v2\/pages\/503"}],"wp:attachment":[{"href":"https:\/\/supcom.standardof.net\/es\/wp-json\/wp\/v2\/media?parent=787"}],"curies":[{"name":"wp","href":"https:\/\/api.w.org\/{rel}","templated":true}]}}