{"id":790,"date":"2020-11-03T21:40:10","date_gmt":"2020-11-04T02:40:10","guid":{"rendered":"https:\/\/supcom.standardof.net\/?page_id=790"},"modified":"2020-11-04T18:15:46","modified_gmt":"2020-11-04T23:15:46","slug":"tech-3-aeon-land-units","status":"publish","type":"page","link":"https:\/\/supcom.standardof.net\/es\/supreme-commander\/eon-2\/tech-3-eon-land-unidades\/","title":{"rendered":"Tecnolog\u00eda 3 - Unidades terrestres Aeon"},"content":{"rendered":"<div class=\"wp-block-uagb-table-of-contents uagb-toc__align-left uagb-toc__columns-1  uagb-block-00104c79\"\n\t\t\t\t\tdata-scroll= \"1\"\n\t\t\t\t\tdata-offset= \"30\"\n\t\t\t\t\tstyle=\"\"\n\t\t\t\t>\n\t\t\t\t<div class=\"uagb-toc__wrap\">\n\t\t\t\t\t\t<div class=\"uagb-toc__title\">\n\t\t\t\t\t\t\tUnidades terrestres de Aeon Tech 3:\t\t\t\t\t\t<\/div>\n\t\t\t\t\t\t\t\t\t\t\t\t\t\t\t\t<div class=\"uagb-toc__list-wrap\">\n\t\t\t\t\t\t<ol class=\"uagb-toc__list\"><li class=\"uagb-toc__list\"><a href=\"#engineer-tech-3-constructor\" class=\"uagb-toc-link__trigger\">INGENIERO - CONSTRUCTOR TECH 3<\/a><li class=\"uagb-toc__list\"><a href=\"#harbinger-siege-assault-bot\" class=\"uagb-toc-link__trigger\">HARBINGER - ASALTO ASALTO BOT<\/a><li class=\"uagb-toc__list\"><a href=\"#serenity-mobile-heavy-artillery\" class=\"uagb-toc-link__trigger\">SERENIDAD - ARTILLER\u00cdA PESADA M\u00d3VIL<\/a><li class=\"uagb-toc__list\"><a href=\"#absolver-tech-3-shield-disruptor\" class=\"uagb-toc-link__trigger\">ABSOLVER - DISRUPTOR DE ESCUDOS TECH 3<\/a><\/ol>\t\t\t\t\t<\/div>\n\t\t\t\t\t\t\t\t\t<\/div>\n\t\t\t\t<\/div>\n\t\t\t\n\n\n<section class=\"wp-block-uagb-columns uagb-columns__wrap uagb-columns__background-undefined uagb-columns__stack-mobile uagb-columns__valign-undefined uagb-columns__gap-10 alignundefined uagb-block-4ca7a1bb\"><div class=\"uagb-columns__overlay\"><\/div><div class=\"uagb-columns__inner-wrap uagb-columns__columns-1\">\n<div class=\"wp-block-uagb-column uagb-column__wrap uagb-column__background-undefined uagb-block-95a113b0\"><div class=\"uagb-column__overlay\"><\/div><div class=\"uagb-column__inner-wrap\">\n<h2 class=\"wp-block-heading\"><strong>INGENIERO <\/strong>- CONSTRUCTOR TECH 3<\/h2>\n\n\n\n<p>El ingeniero T3 aparece con mucha m\u00e1s frecuencia que los otros ingenieros; uno siempre debe ser lo primero que salga de su f\u00e1brica. Pueden impulsar su econom\u00eda, ayudar a las f\u00e1bricas a un ritmo \u00fatil y llevarlo al final del juego. Nunca est\u00e1 mal tener demasiados ingenieros. Adem\u00e1s, si se env\u00edan para construir defensas o reparar un objetivo crucial, durar\u00e1n mucho m\u00e1s bajo el fuego enemigo. Desafortunadamente, estos muchachos son muy lentos y su sacrificio realmente no vale el precio.<\/p>\n\n\n\n<div class=\"wp-block-image\"><figure class=\"aligncenter size-large\"><a href=\"https:\/\/supcom.standardof.net\/es\/supreme-commander\/eon-2\/tech-3-eon-land-unidades\/engineer-tech-3-constructor-supreme-commander-aeon-tech-2-land-units\/\"><img decoding=\"async\" width=\"800\" height=\"601\" src=\"https:\/\/supcom.standardof.net\/wp-content\/uploads\/sites\/8\/2020\/11\/ENGINEER-TECH-3-CONSTRUCTOR-Supreme-Commander-Aeon-Tech-2-Land-Units-800x601.jpg\" alt=\"El ingeniero T3, unidad terrestre Aeon Tech 3 en Supreme Commander.\" class=\"wp-image-998\" srcset=\"https:\/\/supcom.standardof.net\/wp-content\/uploads\/sites\/8\/2020\/11\/ENGINEER-TECH-3-CONSTRUCTOR-Supreme-Commander-Aeon-Tech-2-Land-Units-800x601.jpg 800w, https:\/\/supcom.standardof.net\/wp-content\/uploads\/sites\/8\/2020\/11\/ENGINEER-TECH-3-CONSTRUCTOR-Supreme-Commander-Aeon-Tech-2-Land-Units-512x385.jpg 512w, https:\/\/supcom.standardof.net\/wp-content\/uploads\/sites\/8\/2020\/11\/ENGINEER-TECH-3-CONSTRUCTOR-Supreme-Commander-Aeon-Tech-2-Land-Units-200x150.jpg 200w, https:\/\/supcom.standardof.net\/wp-content\/uploads\/sites\/8\/2020\/11\/ENGINEER-TECH-3-CONSTRUCTOR-Supreme-Commander-Aeon-Tech-2-Land-Units-768x577.jpg 768w, https:\/\/supcom.standardof.net\/wp-content\/uploads\/sites\/8\/2020\/11\/ENGINEER-TECH-3-CONSTRUCTOR-Supreme-Commander-Aeon-Tech-2-Land-Units-16x12.jpg 16w, https:\/\/supcom.standardof.net\/wp-content\/uploads\/sites\/8\/2020\/11\/ENGINEER-TECH-3-CONSTRUCTOR-Supreme-Commander-Aeon-Tech-2-Land-Units.jpg 990w\" sizes=\"(max-width: 800px) 100vw, 800px\" \/><\/a><figcaption>INGENIERO - CONSTRUCTOR TECH 3<\/figcaption><\/figure><\/div>\n\n\n\n<section class=\"wp-block-uagb-columns uagb-columns__wrap uagb-columns__background-undefined uagb-columns__stack-mobile uagb-columns__valign-undefined uagb-columns__gap-10 alignundefined uagb-block-4c5601a5\"><div class=\"uagb-columns__overlay\"><\/div><div class=\"uagb-columns__inner-wrap uagb-columns__columns-2\">\n<div class=\"wp-block-uagb-column uagb-column__wrap uagb-column__background-undefined uagb-block-c6de7451\"><div class=\"uagb-column__overlay\"><\/div><div class=\"uagb-column__inner-wrap\">\n<h3 class=\"wp-block-heading\">Estad\u00edsticas del ingeniero T3<\/h3>\n\n\n\n<p>Armadura: 1050 CV<br>Habilidades: Paquete de ingenier\u00eda, Flotar, Sacrificio<br>Costo: M448 (almacenamiento: 10), E3200 (almacenamiento: 100), T960<br>- tasa de construcci\u00f3n: 15<br>sacrificio M269 (60.0%)<br>Intel: vista: 26 (508 m)<br>F\u00edsica:<br>- velocidad m\u00e1xima: 1,8 (35,2 m \/ s)<br>- velocidad de giro: 70<br>Clase de transporte: 3<br>- veterano nivel 2: +263 CV<br>- veterano nivel 4: +263 CV<br>- veterano nivel 5: repara 2 hp \/ s<\/p>\n<\/div><\/div>\n\n\n\n<div class=\"wp-block-uagb-column uagb-column__wrap uagb-column__background-undefined uagb-block-ac46cff4\"><div class=\"uagb-column__overlay\"><\/div><div class=\"uagb-column__inner-wrap\"><\/div><\/div>\n<\/div><\/section>\n<\/div><\/div>\n<\/div><\/section>\n\n\n\n<section class=\"wp-block-uagb-columns uagb-columns__wrap uagb-columns__background-undefined uagb-columns__stack-mobile uagb-columns__valign-undefined uagb-columns__gap-10 alignundefined uagb-block-9adeab8d\"><div class=\"uagb-columns__overlay\"><\/div><div class=\"uagb-columns__inner-wrap uagb-columns__columns-1\">\n<div class=\"wp-block-uagb-column uagb-column__wrap uagb-column__background-undefined uagb-block-a6fd3e81\"><div class=\"uagb-column__overlay\"><\/div><div class=\"uagb-column__inner-wrap\">\n<h2 class=\"wp-block-heading\"><strong>HERALDO <\/strong>- ASALTO ASALTO BOT<\/h2>\n\n\n\n<p>Si bien el l\u00e1ser del Harbinger es considerablemente m\u00e1s d\u00e9bil que los robots de asedio UEF o Cybran, su capacidad de reparaci\u00f3n y su incre\u00edble salud lo compensan con creces. Los Harbingers pueden ayudar a los ingenieros y marcar la diferencia mientras protegen su base avanzada; pueden repararse unos a otros despu\u00e9s de que el polvo se haya asentado; pueden sobrevivir a los golpes m\u00e1s fuertes y salir victoriosos contra otros robots de asedio, especialmente si los apoyas con unidades T2. Las primeras fuerzas terrestres de Aeon son relativamente d\u00e9biles, as\u00ed que trata de tenerlas lo antes posible.<\/p>\n\n\n\n<div class=\"wp-block-image\"><figure class=\"aligncenter size-large\"><a href=\"https:\/\/supcom.standardof.net\/es\/supreme-commander\/eon-2\/tech-3-eon-land-unidades\/harbinger-siege-assault-bot-supreme-commander-aeon-tech-2-land-units\/\"><img decoding=\"async\" width=\"800\" height=\"638\" src=\"https:\/\/supcom.standardof.net\/wp-content\/uploads\/sites\/8\/2020\/11\/HARBINGER-SIEGE-ASSAULT-BOT-Supreme-Commander-Aeon-Tech-2-Land-Units-800x638.jpg\" alt=\"El Harbringer Siege Assault Bot, Unidad terrestre Aeon Tech 3 en Supreme Commander.\" class=\"wp-image-999\" srcset=\"https:\/\/supcom.standardof.net\/wp-content\/uploads\/sites\/8\/2020\/11\/HARBINGER-SIEGE-ASSAULT-BOT-Supreme-Commander-Aeon-Tech-2-Land-Units-800x638.jpg 800w, https:\/\/supcom.standardof.net\/wp-content\/uploads\/sites\/8\/2020\/11\/HARBINGER-SIEGE-ASSAULT-BOT-Supreme-Commander-Aeon-Tech-2-Land-Units-512x409.jpg 512w, https:\/\/supcom.standardof.net\/wp-content\/uploads\/sites\/8\/2020\/11\/HARBINGER-SIEGE-ASSAULT-BOT-Supreme-Commander-Aeon-Tech-2-Land-Units-200x160.jpg 200w, https:\/\/supcom.standardof.net\/wp-content\/uploads\/sites\/8\/2020\/11\/HARBINGER-SIEGE-ASSAULT-BOT-Supreme-Commander-Aeon-Tech-2-Land-Units-768x613.jpg 768w, https:\/\/supcom.standardof.net\/wp-content\/uploads\/sites\/8\/2020\/11\/HARBINGER-SIEGE-ASSAULT-BOT-Supreme-Commander-Aeon-Tech-2-Land-Units-16x12.jpg 16w, https:\/\/supcom.standardof.net\/wp-content\/uploads\/sites\/8\/2020\/11\/HARBINGER-SIEGE-ASSAULT-BOT-Supreme-Commander-Aeon-Tech-2-Land-Units.jpg 846w\" sizes=\"(max-width: 800px) 100vw, 800px\" \/><\/a><figcaption>HARBINGER - ASALTO ASALTO BOT<\/figcaption><\/figure><\/div>\n\n\n\n<section class=\"wp-block-uagb-columns uagb-columns__wrap uagb-columns__background-undefined uagb-columns__stack-mobile uagb-columns__valign-undefined uagb-columns__gap-10 alignundefined uagb-block-1944c477\"><div class=\"uagb-columns__overlay\"><\/div><div class=\"uagb-columns__inner-wrap uagb-columns__columns-2\">\n<div class=\"wp-block-uagb-column uagb-column__wrap uagb-column__background-undefined uagb-block-58ce0757\"><div class=\"uagb-column__overlay\"><\/div><div class=\"uagb-column__inner-wrap\">\n<h3 class=\"wp-block-heading\">Estad\u00edsticas de Harbringer<\/h3>\n\n\n\n<p>Armadura: 5100hp<br>Habilidades: Reparaciones, Reclamaciones<br>Coste: M510, E3420, T1200<br>- tasa de construcci\u00f3n: 3<br>Intel: vista: 25 (488 m)<br>F\u00edsica:<br>- velocidad m\u00e1xima: 2,8 (54,7 m \/ s)<br>- velocidad de giro: 146<br>Clase de transporte: 3<br>Veterancia: 30, 60, 150, 300, 600 muertes<br>- veterano nivel 2: +1275 hp<br>- veterano nivel 4: +1275 hp<br>- veterano nivel 5: repara 2 hp \/ s<\/p>\n<\/div><\/div>\n\n\n\n<div class=\"wp-block-uagb-column uagb-column__wrap uagb-column__background-undefined uagb-block-fe7bfe42\"><div class=\"uagb-column__overlay\"><\/div><div class=\"uagb-column__inner-wrap\">\n<h3 class=\"wp-block-heading\">Armas de Heraldo<\/h3>\n\n\n\n<p>L\u00e1ser de alta intensidad (fuego directo):<br>88,46 dps<br>alcance: 25 (488m)<br>arma de proyectil: 115 da\u00f1os<br>cadencia de fuego: 0,77 (cada 1,3 s)<br>veterano nivel 1: +29 de da\u00f1o<br>veterano nivel 3: +29 de da\u00f1o<\/p>\n<\/div><\/div>\n<\/div><\/section>\n<\/div><\/div>\n<\/div><\/section>\n\n\n\n<section class=\"wp-block-uagb-columns uagb-columns__wrap uagb-columns__background-undefined uagb-columns__stack-mobile uagb-columns__valign-undefined uagb-columns__gap-10 alignundefined uagb-block-b15a22d7\"><div class=\"uagb-columns__overlay\"><\/div><div class=\"uagb-columns__inner-wrap uagb-columns__columns-1\">\n<div class=\"wp-block-uagb-column uagb-column__wrap uagb-column__background-undefined uagb-block-6dc4ec14\"><div class=\"uagb-column__overlay\"><\/div><div class=\"uagb-column__inner-wrap\">\n<h2 class=\"wp-block-heading\"><strong>SERENIDAD <\/strong>- ARTILLER\u00cdA PESADA M\u00d3VIL<\/h2>\n\n\n\n<p>La artiller\u00eda pesada m\u00f3vil Aeon es en realidad una unidad \u00fatil. Es s\u00faper caro y relativamente fr\u00e1gil, pero puede disparar mientras se mueve, hace mucho da\u00f1o a un rango que supera la defensa de puntos T2 (pero no la artiller\u00eda T2), y el enemigo realmente no los esperar\u00e1. Prot\u00e9gelos como parte de una fuerza de ataque m\u00e1s grande, y podr\u00e1n hacer la magia que un grupo de robots de asedio no podr\u00eda.<\/p>\n\n\n\n<div class=\"wp-block-image\"><figure class=\"aligncenter size-large\"><a href=\"https:\/\/supcom.standardof.net\/es\/supreme-commander\/eon-2\/tech-3-eon-land-unidades\/serenity-mobile-heavy-artillery-supreme-commander-aeon-tech-2-land-units\/\"><img decoding=\"async\" width=\"800\" height=\"566\" src=\"https:\/\/supcom.standardof.net\/wp-content\/uploads\/sites\/8\/2020\/11\/SERENITY-MOBILE-HEAVY-ARTILLERY-Supreme-Commander-Aeon-Tech-2-Land-Units-800x566.jpg\" alt=\"Artiller\u00eda pesada m\u00f3vil Serenity, Unidad terrestre Aeon Tech 3 en Supreme Commander.\" class=\"wp-image-1000\" srcset=\"https:\/\/supcom.standardof.net\/wp-content\/uploads\/sites\/8\/2020\/11\/SERENITY-MOBILE-HEAVY-ARTILLERY-Supreme-Commander-Aeon-Tech-2-Land-Units-800x566.jpg 800w, https:\/\/supcom.standardof.net\/wp-content\/uploads\/sites\/8\/2020\/11\/SERENITY-MOBILE-HEAVY-ARTILLERY-Supreme-Commander-Aeon-Tech-2-Land-Units-512x362.jpg 512w, https:\/\/supcom.standardof.net\/wp-content\/uploads\/sites\/8\/2020\/11\/SERENITY-MOBILE-HEAVY-ARTILLERY-Supreme-Commander-Aeon-Tech-2-Land-Units-200x141.jpg 200w, https:\/\/supcom.standardof.net\/wp-content\/uploads\/sites\/8\/2020\/11\/SERENITY-MOBILE-HEAVY-ARTILLERY-Supreme-Commander-Aeon-Tech-2-Land-Units-768x543.jpg 768w, https:\/\/supcom.standardof.net\/wp-content\/uploads\/sites\/8\/2020\/11\/SERENITY-MOBILE-HEAVY-ARTILLERY-Supreme-Commander-Aeon-Tech-2-Land-Units-16x12.jpg 16w, https:\/\/supcom.standardof.net\/wp-content\/uploads\/sites\/8\/2020\/11\/SERENITY-MOBILE-HEAVY-ARTILLERY-Supreme-Commander-Aeon-Tech-2-Land-Units.jpg 891w\" sizes=\"(max-width: 800px) 100vw, 800px\" \/><\/a><figcaption>SERENIDAD - ARTILLER\u00cdA PESADA M\u00d3VIL<\/figcaption><\/figure><\/div>\n\n\n\n<section class=\"wp-block-uagb-columns uagb-columns__wrap uagb-columns__background-undefined uagb-columns__stack-mobile uagb-columns__valign-undefined uagb-columns__gap-10 alignundefined uagb-block-321f57e3\"><div class=\"uagb-columns__overlay\"><\/div><div class=\"uagb-columns__inner-wrap uagb-columns__columns-2\">\n<div class=\"wp-block-uagb-column uagb-column__wrap uagb-column__background-undefined uagb-block-7b3a8ffc\"><div class=\"uagb-column__overlay\"><\/div><div class=\"uagb-column__inner-wrap\">\n<h3 class=\"wp-block-heading\">Estad\u00edsticas de serenidad<\/h3>\n\n\n\n<p>Armadura: 900 CV<br>Costo: M800, E8000, T2400<br>Intel: vista: 26 (508 m)<br>F\u00edsica:<br>- velocidad m\u00e1xima: 2,5 (48,8 m \/ s)<br>- velocidad de giro: 20<br>Clase de transporte: 3<br>Veterancia: 30, 60, 150, 300, 600 muertes<br>- veterano nivel 2: +225 hp<br>- veterano nivel 4: +225 CV<br>- veterano nivel 5: repara 2 hp \/ s<\/p>\n<\/div><\/div>\n\n\n\n<div class=\"wp-block-uagb-column uagb-column__wrap uagb-column__background-undefined uagb-block-9911a4c2\"><div class=\"uagb-column__overlay\"><\/div><div class=\"uagb-column__inner-wrap\">\n<h3 class=\"wp-block-heading\">Armas de la serenidad<\/h3>\n\n\n\n<p>Artiller\u00eda de sonancia (artiller\u00eda):<br>140,25 dps<br>\u00e1rea: 2.5 (48.8m)<br>alcance: 25 (488 m) - 70 (1,37 km)<br>Arma de proyectil: 2805 (15 veces 187 de da\u00f1o durante 5 segundos) de da\u00f1o<br>cadencia de fuego: 0.05 (cada 20 s)<br>veterano nivel 1: +47 de da\u00f1o<br>veterano nivel 3: +47 de da\u00f1o<\/p>\n<\/div><\/div>\n<\/div><\/section>\n<\/div><\/div>\n<\/div><\/section>\n\n\n\n<section class=\"wp-block-uagb-columns uagb-columns__wrap uagb-columns__background-undefined uagb-columns__stack-mobile uagb-columns__valign-undefined uagb-columns__gap-10 alignundefined uagb-block-5fcda5f2\"><div class=\"uagb-columns__overlay\"><\/div><div class=\"uagb-columns__inner-wrap uagb-columns__columns-1\">\n<div class=\"wp-block-uagb-column uagb-column__wrap uagb-column__background-undefined uagb-block-61e2e43f\"><div class=\"uagb-column__overlay\"><\/div><div class=\"uagb-column__inner-wrap\">\n<h2 class=\"wp-block-heading\"><strong>ABSOLVER <\/strong>- DISRUPTOR DE ESCUDO TECH 3<\/h2>\n\n\n\n<p>El Absolver es una unidad especial agregada en uno de los \u00faltimos parches de Supreme Commander. <em>No existen detalles para esta unidad en la gu\u00eda original, pero volveremos para completarlos pronto.<\/em><\/p>\n\n\n\n<div class=\"wp-block-image\"><figure class=\"aligncenter size-large\"><img decoding=\"async\" width=\"800\" height=\"576\" src=\"https:\/\/supcom.standardof.net\/wp-content\/uploads\/sites\/8\/2020\/11\/ABSOLVER-TECH-3-SHIELD-DISRUPTOR-Supreme-Commander-Aeon-Tech-2-Land-Units-800x576.jpg\" alt=\"El Disruptor de escudo Absolver T3, Unidad terrestre Aeon Tech 3 en Supreme Commander.\" class=\"wp-image-997\" srcset=\"https:\/\/supcom.standardof.net\/wp-content\/uploads\/sites\/8\/2020\/11\/ABSOLVER-TECH-3-SHIELD-DISRUPTOR-Supreme-Commander-Aeon-Tech-2-Land-Units-800x576.jpg 800w, https:\/\/supcom.standardof.net\/wp-content\/uploads\/sites\/8\/2020\/11\/ABSOLVER-TECH-3-SHIELD-DISRUPTOR-Supreme-Commander-Aeon-Tech-2-Land-Units-512x368.jpg 512w, https:\/\/supcom.standardof.net\/wp-content\/uploads\/sites\/8\/2020\/11\/ABSOLVER-TECH-3-SHIELD-DISRUPTOR-Supreme-Commander-Aeon-Tech-2-Land-Units-200x144.jpg 200w, https:\/\/supcom.standardof.net\/wp-content\/uploads\/sites\/8\/2020\/11\/ABSOLVER-TECH-3-SHIELD-DISRUPTOR-Supreme-Commander-Aeon-Tech-2-Land-Units-768x553.jpg 768w, https:\/\/supcom.standardof.net\/wp-content\/uploads\/sites\/8\/2020\/11\/ABSOLVER-TECH-3-SHIELD-DISRUPTOR-Supreme-Commander-Aeon-Tech-2-Land-Units-16x12.jpg 16w, https:\/\/supcom.standardof.net\/wp-content\/uploads\/sites\/8\/2020\/11\/ABSOLVER-TECH-3-SHIELD-DISRUPTOR-Supreme-Commander-Aeon-Tech-2-Land-Units.jpg 813w\" sizes=\"(max-width: 800px) 100vw, 800px\" \/><figcaption>ABSOLVER - DISRUPTOR DE ESCUDOS TECH 3<\/figcaption><\/figure><\/div>\n\n\n\n<section class=\"wp-block-uagb-columns uagb-columns__wrap uagb-columns__background-undefined uagb-columns__stack-mobile uagb-columns__valign-undefined uagb-columns__gap-10 alignundefined uagb-block-ad755a5f\"><div class=\"uagb-columns__overlay\"><\/div><div class=\"uagb-columns__inner-wrap uagb-columns__columns-2\">\n<div class=\"wp-block-uagb-column uagb-column__wrap uagb-column__background-undefined uagb-block-e6f25018\"><div class=\"uagb-column__overlay\"><\/div><div class=\"uagb-column__inner-wrap\">\n<h3 class=\"wp-block-heading\">Estad\u00edsticas de Absolver<\/h3>\n\n\n\n<p><em>Detalles muy pronto.<\/em><\/p>\n<\/div><\/div>\n\n\n\n<div class=\"wp-block-uagb-column uagb-column__wrap uagb-column__background-undefined uagb-block-8a3068bd\"><div class=\"uagb-column__overlay\"><\/div><div class=\"uagb-column__inner-wrap\">\n<h3 class=\"wp-block-heading\">Armas Absolver<\/h3>\n\n\n\n<p><em>Detalles muy pronto.<\/em><\/p>\n<\/div><\/div>\n<\/div><\/section>\n<\/div><\/div>\n<\/div><\/section>","protected":false},"excerpt":{"rendered":"<p>ENGINEER &#8211; TECH 3 CONSTRUCTOR The T3 Engineer shows up much more frequently than the other engineers; one should always be the first thing out of your factory. They can jumpstart your economy, assist factories at a useful rate, and get you into the endgame. It&#8217;s never bad to have too many engineers. Plus, if [&hellip;]<\/p>","protected":false},"author":1,"featured_media":0,"parent":503,"menu_order":0,"comment_status":"open","ping_status":"closed","template":"","meta":{"_uag_custom_page_level_css":"","site-sidebar-layout":"default","site-content-layout":"default","ast-site-content-layout":"","site-content-style":"default","site-sidebar-style":"default","ast-global-header-display":"","ast-banner-title-visibility":"","ast-main-header-display":"","ast-hfb-above-header-display":"","ast-hfb-below-header-display":"","ast-hfb-mobile-header-display":"","site-post-title":"","ast-breadcrumbs-content":"","ast-featured-img":"","footer-sml-layout":"","theme-transparent-header-meta":"default","adv-header-id-meta":"","stick-header-meta":"","header-above-stick-meta":"","header-main-stick-meta":"","header-below-stick-meta":"","astra-migrate-meta-layouts":"default","ast-page-background-enabled":"default","ast-page-background-meta":{"desktop":{"background-color":"","background-image":"","background-repeat":"repeat","background-position":"center center","background-size":"auto","background-attachment":"scroll","background-type":"","background-media":"","overlay-type":"","overlay-color":"","overlay-gradient":""},"tablet":{"background-color":"","background-image":"","background-repeat":"repeat","background-position":"center center","background-size":"auto","background-attachment":"scroll","background-type":"","background-media":"","overlay-type":"","overlay-color":"","overlay-gradient":""},"mobile":{"background-color":"","background-image":"","background-repeat":"repeat","background-position":"center center","background-size":"auto","background-attachment":"scroll","background-type":"","background-media":"","overlay-type":"","overlay-color":"","overlay-gradient":""}},"ast-content-background-meta":{"desktop":{"background-color":"var(--ast-global-color-5)","background-image":"","background-repeat":"repeat","background-position":"center center","background-size":"auto","background-attachment":"scroll","background-type":"","background-media":"","overlay-type":"","overlay-color":"","overlay-gradient":""},"tablet":{"background-color":"var(--ast-global-color-5)","background-image":"","background-repeat":"repeat","background-position":"center center","background-size":"auto","background-attachment":"scroll","background-type":"","background-media":"","overlay-type":"","overlay-color":"","overlay-gradient":""},"mobile":{"background-color":"var(--ast-global-color-5)","background-image":"","background-repeat":"repeat","background-position":"center center","background-size":"auto","background-attachment":"scroll","background-type":"","background-media":"","overlay-type":"","overlay-color":"","overlay-gradient":""}},"footnotes":""},"uagb_featured_image_src":{"full":false,"thumbnail":false,"medium":false,"medium_large":false,"large":false,"1536x1536":false,"2048x2048":false,"trp-custom-language-flag":false},"uagb_author_info":{"display_name":"SOE","author_link":"https:\/\/supcom.standardof.net\/es\/author\/k-tastic\/"},"uagb_comment_info":0,"uagb_excerpt":"ENGINEER &#8211; TECH 3 CONSTRUCTOR The T3 Engineer shows up much more frequently than the other engineers; one should always be the first thing out of your factory. They can jumpstart your economy, assist factories at a useful rate, and get you into the endgame. It&#8217;s never bad to have too many engineers. Plus, if&hellip;","_links":{"self":[{"href":"https:\/\/supcom.standardof.net\/es\/wp-json\/wp\/v2\/pages\/790"}],"collection":[{"href":"https:\/\/supcom.standardof.net\/es\/wp-json\/wp\/v2\/pages"}],"about":[{"href":"https:\/\/supcom.standardof.net\/es\/wp-json\/wp\/v2\/types\/page"}],"author":[{"embeddable":true,"href":"https:\/\/supcom.standardof.net\/es\/wp-json\/wp\/v2\/users\/1"}],"replies":[{"embeddable":true,"href":"https:\/\/supcom.standardof.net\/es\/wp-json\/wp\/v2\/comments?post=790"}],"version-history":[{"count":0,"href":"https:\/\/supcom.standardof.net\/es\/wp-json\/wp\/v2\/pages\/790\/revisions"}],"up":[{"embeddable":true,"href":"https:\/\/supcom.standardof.net\/es\/wp-json\/wp\/v2\/pages\/503"}],"wp:attachment":[{"href":"https:\/\/supcom.standardof.net\/es\/wp-json\/wp\/v2\/media?parent=790"}],"curies":[{"name":"wp","href":"https:\/\/api.w.org\/{rel}","templated":true}]}}