{"id":104,"date":"2020-10-31T11:51:48","date_gmt":"2020-10-31T15:51:48","guid":{"rendered":"https:\/\/supcom.standardof.net\/?page_id=104"},"modified":"2020-10-31T12:55:43","modified_gmt":"2020-10-31T16:55:43","slug":"controls","status":"publish","type":"page","link":"https:\/\/supcom.standardof.net\/fr\/supreme-commander\/les-controles\/","title":{"rendered":"Les contr\u00f4les"},"content":{"rendered":"<p>La plupart des commandes sont intuitives et \/ ou couvertes par le didacticiel, mais il y a quelques bizarreries \u00e0 noter. Notez que tous les modificateurs (Shift, Ctrl, Alt, etc.) peuvent \u00eatre librement combin\u00e9s, sauf indication contraire.<\/p>\n\n\n\n<p>Un raccourci particuli\u00e8rement utile qui manque au manuel est:<br><strong>Ctrl + Z:<\/strong> S\u00e9lectionnez toutes les unit\u00e9s du ou des types s\u00e9lectionn\u00e9s sur la carte. Par exemple, si les bombardiers sont du groupe 4, appuyer sur 4, Ctrl + Z, Ctrl + 4 \u00e0 tout moment s&#039;assurera que tous vos bombardiers sont dans le groupe 4 afin qu&#039;ils puissent frapper quand le moment sera venu. Vous pouvez \u00e9galement effectuer un zoom arri\u00e8re, double-cliquer sur un bombardier et Ctrl + 4.<\/p>\n\n\n\n<h3 class=\"wp-block-heading\">Commandes de contr\u00f4le par type<\/h3>\n\n\n\n<ul><li><strong><a href=\"https:\/\/supcom.standardof.net\/fr\/supreme-commander\/les-controles\/selection-des-unites\/\" class=\"rank-math-link\">S\u00e9lection des unit\u00e9s<\/a><\/strong><\/li><li><strong><a href=\"https:\/\/supcom.standardof.net\/fr\/supreme-commander\/les-controles\/donner-des-ordres\/\" class=\"rank-math-link\">Donner des ordres<\/a><\/strong><\/li><li><strong><a href=\"https:\/\/supcom.standardof.net\/fr\/supreme-commander\/les-controles\/batiment\/\" class=\"rank-math-link\">B\u00e2timent<\/a><\/strong><\/li><li><strong><a href=\"https:\/\/supcom.standardof.net\/fr\/supreme-commander\/les-controles\/camera-et-interface\/\" class=\"rank-math-link\">Cam\u00e9ra et interface<\/a><\/strong><\/li><\/ul>","protected":false},"excerpt":{"rendered":"<p>Most controls are intuitive and\/or covered by the tutorial, but there are a couple quirks to make note of. Note that all modifiers (Shift, Ctrl, Alt, etc.) can be freely combined, except where otherwise stated. One particularly useful shortcut the manual lacks is:Ctrl + Z: Select all units of the selected type(s) on the map. [&hellip;]<\/p>","protected":false},"author":1,"featured_media":0,"parent":14,"menu_order":0,"comment_status":"closed","ping_status":"closed","template":"","meta":{"_uag_custom_page_level_css":"","site-sidebar-layout":"default","site-content-layout":"default","ast-site-content-layout":"","site-content-style":"default","site-sidebar-style":"default","ast-global-header-display":"","ast-banner-title-visibility":"","ast-main-header-display":"","ast-hfb-above-header-display":"","ast-hfb-below-header-display":"","ast-hfb-mobile-header-display":"","site-post-title":"","ast-breadcrumbs-content":"","ast-featured-img":"","footer-sml-layout":"","theme-transparent-header-meta":"default","adv-header-id-meta":"","stick-header-meta":"","header-above-stick-meta":"","header-main-stick-meta":"","header-below-stick-meta":"","astra-migrate-meta-layouts":"default","ast-page-background-enabled":"default","ast-page-background-meta":{"desktop":{"background-color":"","background-image":"","background-repeat":"repeat","background-position":"center center","background-size":"auto","background-attachment":"scroll","background-type":"","background-media":"","overlay-type":"","overlay-color":"","overlay-gradient":""},"tablet":{"background-color":"","background-image":"","background-repeat":"repeat","background-position":"center center","background-size":"auto","background-attachment":"scroll","background-type":"","background-media":"","overlay-type":"","overlay-color":"","overlay-gradient":""},"mobile":{"background-color":"","background-image":"","background-repeat":"repeat","background-position":"center center","background-size":"auto","background-attachment":"scroll","background-type":"","background-media":"","overlay-type":"","overlay-color":"","overlay-gradient":""}},"ast-content-background-meta":{"desktop":{"background-color":"var(--ast-global-color-5)","background-image":"","background-repeat":"repeat","background-position":"center center","background-size":"auto","background-attachment":"scroll","background-type":"","background-media":"","overlay-type":"","overlay-color":"","overlay-gradient":""},"tablet":{"background-color":"var(--ast-global-color-5)","background-image":"","background-repeat":"repeat","background-position":"center center","background-size":"auto","background-attachment":"scroll","background-type":"","background-media":"","overlay-type":"","overlay-color":"","overlay-gradient":""},"mobile":{"background-color":"var(--ast-global-color-5)","background-image":"","background-repeat":"repeat","background-position":"center center","background-size":"auto","background-attachment":"scroll","background-type":"","background-media":"","overlay-type":"","overlay-color":"","overlay-gradient":""}},"footnotes":""},"uagb_featured_image_src":{"full":false,"thumbnail":false,"medium":false,"medium_large":false,"large":false,"1536x1536":false,"2048x2048":false,"trp-custom-language-flag":false},"uagb_author_info":{"display_name":"SOE","author_link":"https:\/\/supcom.standardof.net\/fr\/author\/k-tastic\/"},"uagb_comment_info":0,"uagb_excerpt":"Most controls are intuitive and\/or covered by the tutorial, but there are a couple quirks to make note of. Note that all modifiers (Shift, Ctrl, Alt, etc.) can be freely combined, except where otherwise stated. One particularly useful shortcut the manual lacks is:Ctrl + Z: Select all units of the selected type(s) on the map.&hellip;","_links":{"self":[{"href":"https:\/\/supcom.standardof.net\/fr\/wp-json\/wp\/v2\/pages\/104"}],"collection":[{"href":"https:\/\/supcom.standardof.net\/fr\/wp-json\/wp\/v2\/pages"}],"about":[{"href":"https:\/\/supcom.standardof.net\/fr\/wp-json\/wp\/v2\/types\/page"}],"author":[{"embeddable":true,"href":"https:\/\/supcom.standardof.net\/fr\/wp-json\/wp\/v2\/users\/1"}],"replies":[{"embeddable":true,"href":"https:\/\/supcom.standardof.net\/fr\/wp-json\/wp\/v2\/comments?post=104"}],"version-history":[{"count":0,"href":"https:\/\/supcom.standardof.net\/fr\/wp-json\/wp\/v2\/pages\/104\/revisions"}],"up":[{"embeddable":true,"href":"https:\/\/supcom.standardof.net\/fr\/wp-json\/wp\/v2\/pages\/14"}],"wp:attachment":[{"href":"https:\/\/supcom.standardof.net\/fr\/wp-json\/wp\/v2\/media?parent=104"}],"curies":[{"name":"wp","href":"https:\/\/api.w.org\/{rel}","templated":true}]}}