{"id":112,"date":"2020-10-31T12:26:30","date_gmt":"2020-10-31T16:26:30","guid":{"rendered":"https:\/\/supcom.standardof.net\/?page_id=112"},"modified":"2020-10-31T12:52:33","modified_gmt":"2020-10-31T16:52:33","slug":"selecting-units","status":"publish","type":"page","link":"https:\/\/supcom.standardof.net\/fr\/supreme-commander\/les-controles\/selection-des-unites\/","title":{"rendered":"S\u00e9lection des unit\u00e9s"},"content":{"rendered":"<p>Ces commandes sont tous des raccourcis diff\u00e9rents qui peuvent \u00eatre utilis\u00e9s par les joueurs pour faciliter la s\u00e9lection des unit\u00e9s de diff\u00e9rentes mani\u00e8res.<\/p>\n\n\n\n<p><strong>Click gauche:<\/strong> S\u00e9lectionnez l&#039;unit\u00e9 <br><strong>Double clic gauche:<\/strong> S\u00e9lectionnez toutes les unit\u00e9s de ce type \u00e0 l&#039;\u00e9cran <br><strong>Clic gauche sur rien:<\/strong> D\u00e9s\u00e9lectionner toutes les unit\u00e9s <br><strong>Clic gauche et faites glisser:<\/strong> S\u00e9lectionnez toutes les unit\u00e9s dans cette case<br><em>&nbsp;&nbsp;&nbsp;&nbsp; * Si votre s\u00e9lection concerne principalement des unit\u00e9s mobiles, seules les unit\u00e9s mobiles seront s\u00e9lectionn\u00e9es. Le jeu devinera \u00e9galement de quel type d&#039;unit\u00e9 vous parliez.<\/em><\/p>\n\n\n\n<p><strong>1:<\/strong> S\u00e9lectionnez toutes les unit\u00e9s du groupe 1 <br><strong>Ctrl + 1:<\/strong> D\u00e9finir les unit\u00e9s s\u00e9lectionn\u00e9es comme groupe 1 <br><strong>Maj + 1:<\/strong> Ajouter le groupe 1 \u00e0 votre s\u00e9lection <br><strong>Maj + Ctrl + 1:<\/strong> S\u00e9lectionnez les usines du groupe 1<br><em>&nbsp;&nbsp;&nbsp;&nbsp; * Les 10 touches num\u00e9riques fonctionnent pour cr\u00e9er \/ s\u00e9lectionner des groupes.<br>&nbsp;&nbsp;&nbsp;&nbsp; * Les unit\u00e9s peuvent appartenir \u00e0 plusieurs groupes.<br>&nbsp;&nbsp;&nbsp;&nbsp; * Vos groupes appara\u00eetront sous forme d&#039;ic\u00f4nes sur le c\u00f4t\u00e9 droit de l&#039;\u00e9cran.<br>&nbsp;&nbsp;&nbsp;&nbsp; * Lors de la s\u00e9lection d&#039;un groupe, les usines ne seront pas s\u00e9lectionn\u00e9es par d\u00e9faut.<br>&nbsp;&nbsp;&nbsp;&nbsp; * Les usines donnent leurs num\u00e9ros de groupe aux unit\u00e9s qu&#039;elles construisent.<\/em> <br><strong>Shift + clic sur l&#039;ic\u00f4ne de l&#039;unit\u00e9:<\/strong> Ajouter un ing\u00e9nieur inactif \u00e0 ce groupe<\/p>\n\n\n\n<p><strong>Ctrl + X:<\/strong> S\u00e9lectionnez toutes les unit\u00e9s et tous les b\u00e2timents <br><strong>Ctrl + A:<\/strong> S\u00e9lectionnez toutes les unit\u00e9s a\u00e9riennes <br><strong>Ctrl + S:<\/strong> S\u00e9lectionnez toutes les unit\u00e9s maritimes <br><strong>Ctrl + L:<\/strong> S\u00e9lectionnez toutes les unit\u00e9s terrestres <br><strong>Ctrl + B:<\/strong> S\u00e9lectionnez tous les ing\u00e9nieurs et le commandant <br><strong>Ctrl + Z:<\/strong> S\u00e9lectionnez toutes les unit\u00e9s de ce type sur la carte<\/p>\n\n\n\n<p><strong>Ctrl + C:<\/strong> S\u00e9lectionnez toutes les unit\u00e9s et tous les b\u00e2timents \u00e0 l&#039;\u00e9cran <br><strong>Ctrl + Point:<\/strong> S\u00e9lectionnez tous les ing\u00e9nieurs \u00e0 l&#039;\u00e9cran <br><strong>Ctrl + H:<\/strong> S\u00e9lectionnez toutes les usines \u00e0 l&#039;\u00e9cran<\/p>\n\n\n\n<p><strong>Virgule:<\/strong> Aller au commandant <br><strong>Alt + virgule:<\/strong> S\u00e9lectionnez le commandant<\/p>\n\n\n\n<p><strong>P\u00e9riode:<\/strong> Aller \u00e0 l&#039;ing\u00e9nieur inactif le plus proche <br><strong>Alt + Point:<\/strong> S\u00e9lectionnez l&#039;ing\u00e9nieur inactif le plus proche <br><strong>Maj + P\u00e9riode:<\/strong> Parcourez les ing\u00e9nieurs inactifs<\/p>\n\n\n\n<p><strong>H:<\/strong> S\u00e9lectionnez l&#039;usine la plus proche <br><strong>Ctrl + Maj + L:<\/strong> S\u00e9lectionnez l&#039;usine terrestre la plus proche <br><strong>Ctrl + Maj + A:<\/strong> S\u00e9lectionnez l&#039;usine d&#039;air la plus proche <br><strong>Ctrl + Maj + S:<\/strong> S\u00e9lectionnez l&#039;usine navale la plus proche<\/p>","protected":false},"excerpt":{"rendered":"<p>These commands are all various shortcuts that can be used by players to facilitate the selecting of units by a variety of ways. Left Click: Select unit Double Left Click: Select all units of this type on screen Left Click on nothing: Deselect all units Left Click and drag: Select all units in this box&nbsp;&nbsp;&nbsp;&nbsp; [&hellip;]<\/p>","protected":false},"author":1,"featured_media":5,"parent":104,"menu_order":1,"comment_status":"closed","ping_status":"closed","template":"","meta":{"_uag_custom_page_level_css":"","site-sidebar-layout":"default","site-content-layout":"default","ast-site-content-layout":"","site-content-style":"default","site-sidebar-style":"default","ast-global-header-display":"","ast-banner-title-visibility":"","ast-main-header-display":"","ast-hfb-above-header-display":"","ast-hfb-below-header-display":"","ast-hfb-mobile-header-display":"","site-post-title":"","ast-breadcrumbs-content":"","ast-featured-img":"","footer-sml-layout":"","theme-transparent-header-meta":"default","adv-header-id-meta":"","stick-header-meta":"","header-above-stick-meta":"","header-main-stick-meta":"","header-below-stick-meta":"","astra-migrate-meta-layouts":"default","ast-page-background-enabled":"default","ast-page-background-meta":{"desktop":{"background-color":"","background-image":"","background-repeat":"repeat","background-position":"center center","background-size":"auto","background-attachment":"scroll","background-type":"","background-media":"","overlay-type":"","overlay-color":"","overlay-gradient":""},"tablet":{"background-color":"","background-image":"","background-repeat":"repeat","background-position":"center center","background-size":"auto","background-attachment":"scroll","background-type":"","background-media":"","overlay-type":"","overlay-color":"","overlay-gradient":""},"mobile":{"background-color":"","background-image":"","background-repeat":"repeat","background-position":"center center","background-size":"auto","background-attachment":"scroll","background-type":"","background-media":"","overlay-type":"","overlay-color":"","overlay-gradient":""}},"ast-content-background-meta":{"desktop":{"background-color":"var(--ast-global-color-5)","background-image":"","background-repeat":"repeat","background-position":"center center","background-size":"auto","background-attachment":"scroll","background-type":"","background-media":"","overlay-type":"","overlay-color":"","overlay-gradient":""},"tablet":{"background-color":"var(--ast-global-color-5)","background-image":"","background-repeat":"repeat","background-position":"center center","background-size":"auto","background-attachment":"scroll","background-type":"","background-media":"","overlay-type":"","overlay-color":"","overlay-gradient":""},"mobile":{"background-color":"var(--ast-global-color-5)","background-image":"","background-repeat":"repeat","background-position":"center center","background-size":"auto","background-attachment":"scroll","background-type":"","background-media":"","overlay-type":"","overlay-color":"","overlay-gradient":""}},"footnotes":""},"uagb_featured_image_src":{"full":["https:\/\/supcom.standardof.net\/wp-content\/uploads\/sites\/8\/2020\/10\/Supreme-Commander-Header-UEF.jpg",1600,680,false],"thumbnail":["https:\/\/supcom.standardof.net\/wp-content\/uploads\/sites\/8\/2020\/10\/Supreme-Commander-Header-UEF-200x85.jpg",200,85,true],"medium":["https:\/\/supcom.standardof.net\/wp-content\/uploads\/sites\/8\/2020\/10\/Supreme-Commander-Header-UEF-512x218.jpg",512,218,true],"medium_large":["https:\/\/supcom.standardof.net\/wp-content\/uploads\/sites\/8\/2020\/10\/Supreme-Commander-Header-UEF-768x326.jpg",768,326,true],"large":["https:\/\/supcom.standardof.net\/wp-content\/uploads\/sites\/8\/2020\/10\/Supreme-Commander-Header-UEF-800x340.jpg",800,340,true],"1536x1536":["https:\/\/supcom.standardof.net\/wp-content\/uploads\/sites\/8\/2020\/10\/Supreme-Commander-Header-UEF-1536x653.jpg",1536,653,true],"2048x2048":["https:\/\/supcom.standardof.net\/wp-content\/uploads\/sites\/8\/2020\/10\/Supreme-Commander-Header-UEF.jpg",1600,680,false],"trp-custom-language-flag":["https:\/\/supcom.standardof.net\/wp-content\/uploads\/sites\/8\/2020\/10\/Supreme-Commander-Header-UEF-16x7.jpg",16,7,true]},"uagb_author_info":{"display_name":"SOE","author_link":"https:\/\/supcom.standardof.net\/fr\/author\/k-tastic\/"},"uagb_comment_info":0,"uagb_excerpt":"These commands are all various shortcuts that can be used by players to facilitate the selecting of units by a variety of ways. Left Click: Select unit Double Left Click: Select all units of this type on screen Left Click on nothing: Deselect all units Left Click and drag: Select all units in this box&nbsp;&nbsp;&nbsp;&nbsp;&hellip;","_links":{"self":[{"href":"https:\/\/supcom.standardof.net\/fr\/wp-json\/wp\/v2\/pages\/112"}],"collection":[{"href":"https:\/\/supcom.standardof.net\/fr\/wp-json\/wp\/v2\/pages"}],"about":[{"href":"https:\/\/supcom.standardof.net\/fr\/wp-json\/wp\/v2\/types\/page"}],"author":[{"embeddable":true,"href":"https:\/\/supcom.standardof.net\/fr\/wp-json\/wp\/v2\/users\/1"}],"replies":[{"embeddable":true,"href":"https:\/\/supcom.standardof.net\/fr\/wp-json\/wp\/v2\/comments?post=112"}],"version-history":[{"count":0,"href":"https:\/\/supcom.standardof.net\/fr\/wp-json\/wp\/v2\/pages\/112\/revisions"}],"up":[{"embeddable":true,"href":"https:\/\/supcom.standardof.net\/fr\/wp-json\/wp\/v2\/pages\/104"}],"wp:featuredmedia":[{"embeddable":true,"href":"https:\/\/supcom.standardof.net\/fr\/wp-json\/wp\/v2\/media\/5"}],"wp:attachment":[{"href":"https:\/\/supcom.standardof.net\/fr\/wp-json\/wp\/v2\/media?parent=112"}],"curies":[{"name":"wp","href":"https:\/\/api.w.org\/{rel}","templated":true}]}}