{"id":114,"date":"2020-10-31T12:38:29","date_gmt":"2020-10-31T16:38:29","guid":{"rendered":"https:\/\/supcom.standardof.net\/?page_id=114"},"modified":"2020-10-31T12:52:29","modified_gmt":"2020-10-31T16:52:29","slug":"giving-orders","status":"publish","type":"page","link":"https:\/\/supcom.standardof.net\/fr\/supreme-commander\/les-controles\/donner-des-ordres\/","title":{"rendered":"Donner des ordres"},"content":{"rendered":"<h2 class=\"wp-block-heading\">Donner des ordres<\/h2>\n\n\n\n<p>Ces commandes se rapportent \u00e0 donner des commandes \u00e0 vos unit\u00e9s dans Supreme Commander, ce qui permet une grande vari\u00e9t\u00e9 et complexit\u00e9 des commandes \u00e9mises.<\/p>\n\n\n\n<section class=\"wp-block-uagb-columns uagb-columns__wrap uagb-columns__background-undefined uagb-columns__stack-mobile uagb-columns__valign-undefined uagb-columns__gap-10 alignundefined uagb-block-9c91d558\"><div class=\"uagb-columns__overlay\"><\/div><div class=\"uagb-columns__inner-wrap uagb-columns__columns-1\">\n<div class=\"wp-block-uagb-column uagb-column__wrap uagb-column__background-undefined uagb-block-4c9614b1\"><div class=\"uagb-column__overlay\"><\/div><div class=\"uagb-column__inner-wrap\">\n<p class=\"has-medium-font-size\"><span style=\"text-transform: uppercase;\" class=\"qubely-text-uppercase\"><strong>Clic-droit:<\/strong> <\/span>Donner l&#039;ordre par d\u00e9faut<\/p>\n\n\n\n<ul><li><em>Sur le terrain: bouger<\/em><\/li><li><em>Sur les ennemis: attaque<\/em><ul><li><em>Les ing\u00e9nieurs captureront les ennemis \u00e0 la place.<\/em><\/li><\/ul><\/li><li><em>Sur les alli\u00e9s ou la construction: Assistez<\/em><ul><li><em>&nbsp;Les ing\u00e9nieurs r\u00e9pareront la construction \u00e0 la place.<\/em><\/li><li><em>Les transports transporteront des unit\u00e9s alli\u00e9es \u00e0 la place.<\/em><\/li><\/ul><\/li><li><em>Sur les transports: Transport<\/em><\/li><li><em>Sur les points de ferry: Transport<\/em><ul><li><em>Les transports prendront plut\u00f4t le ferry \u00e0 partir de ce point de ferry.<\/em><\/li><\/ul><\/li><li><em>Sur un waypoint Move: Patrouille (NON DOCUMENT\u00c9)<\/em><\/li><li><em>Sur un waypoint d&#039;attaque: attaque coordonn\u00e9e<\/em><ul><li><em>&nbsp;Les attaques coordonn\u00e9es doivent \u00eatre lanc\u00e9es dans l&#039;ordre inverse de la vitesse: l&#039;artillerie en premier, l&#039;avion en dernier. Tous les groupes attaqueront simultan\u00e9ment.<\/em><\/li><\/ul><\/li><\/ul>\n<\/div><\/div>\n<\/div><\/section>\n\n\n\n<section class=\"wp-block-uagb-columns uagb-columns__wrap uagb-columns__background-undefined uagb-columns__stack-mobile uagb-columns__valign-undefined uagb-columns__gap-10 alignundefined uagb-block-b8103b7e\"><div class=\"uagb-columns__overlay\"><\/div><div class=\"uagb-columns__inner-wrap uagb-columns__columns-1\">\n<div class=\"wp-block-uagb-column uagb-column__wrap uagb-column__background-undefined uagb-block-c21123c1\"><div class=\"uagb-column__overlay\"><\/div><div class=\"uagb-column__inner-wrap\">\n<p><strong><span style=\"text-transform: uppercase;\" class=\"qubely-text-uppercase\">Faites un clic droit et maintenez:<\/span><\/strong> Bouger en formation <\/p>\n\n\n\n<p><strong><span style=\"text-transform: uppercase;\" class=\"qubely-text-uppercase\">Ctrl + clic droit:<\/span><\/strong> D\u00e9placer dans la formation par d\u00e9faut<\/p>\n\n\n\n<ul><li><em>Tout en maintenant le clic droit, appuyez sur le clic gauche pour parcourir les formations.<\/em><\/li><li><em>La formation a la priorit\u00e9 sur l&#039;arriv\u00e9e sur les lieux. Les unit\u00e9s \u00e0 l&#039;avant peuvent en fait reculer pour accomplir cela.<\/em> <\/li><\/ul>\n\n\n\n<p><strong>CTRL <span style=\"text-transform: uppercase;\" class=\"qubely-text-uppercase\">+ Alt + Clic droit:<\/span><\/strong> Mouvement d&#039;attaque <\/p>\n\n\n\n<p><strong><span style=\"text-transform: uppercase;\" class=\"qubely-text-uppercase\">Attaque + clic gauche au sol:<\/span><\/strong> Mouvement d&#039;attaque<\/p>\n\n\n\n<ul><li><em>&nbsp; Attack Move indique aux unit\u00e9s de poursuivre les ennemis avant de terminer leur ordre de d\u00e9placement. Il est indiqu\u00e9 par une ligne rouge avec un waypoint Move bleu.<\/em><\/li><\/ul>\n\n\n\n<p><span style=\"text-transform: uppercase;\" class=\"qubely-text-uppercase\"><strong>Maj + clic droit:<\/strong> <\/span>Mettre cette commande en file d&#039;attente apr\u00e8s la commande actuelle <\/p>\n\n\n\n<p><strong><span style=\"text-transform: uppercase;\" class=\"qubely-text-uppercase\">Maj + clic gauche et maintenez sur une commande:<\/span><\/strong> D\u00e9placer l&#039;emplacement de cette commande<\/p>\n<\/div><\/div>\n<\/div><\/section>\n\n\n\n<section class=\"wp-block-uagb-columns uagb-columns__wrap uagb-columns__background-undefined uagb-columns__stack-mobile uagb-columns__valign-undefined uagb-columns__gap-10 alignundefined uagb-block-ce3bc6dc\"><div class=\"uagb-columns__overlay\"><\/div><div class=\"uagb-columns__inner-wrap uagb-columns__columns-4\">\n<div class=\"wp-block-uagb-column uagb-column__wrap uagb-column__background-undefined uagb-block-ef06b006\"><div class=\"uagb-column__overlay\"><\/div><div class=\"uagb-column__inner-wrap\">\n<p class=\"has-text-align-center\"><img decoding=\"async\" width=\"64\" height=\"64\" class=\"wp-image-40\" style=\"width: 64px;\" src=\"https:\/\/supcom.standardof.net\/wp-content\/uploads\/sites\/8\/2020\/10\/R.png\" alt=\"\" srcset=\"https:\/\/supcom.standardof.net\/wp-content\/uploads\/sites\/8\/2020\/10\/R.png 128w, https:\/\/supcom.standardof.net\/wp-content\/uploads\/sites\/8\/2020\/10\/R-12x12.png 12w\" sizes=\"(max-width: 64px) 100vw, 64px\" \/><\/p>\n\n\n\n<p class=\"has-text-align-center\"><strong>R\u00c9PARATION<\/strong><\/p>\n<\/div><\/div>\n\n\n\n<div class=\"wp-block-uagb-column uagb-column__wrap uagb-column__background-undefined uagb-block-832ead85\"><div class=\"uagb-column__overlay\"><\/div><div class=\"uagb-column__inner-wrap\">\n<p class=\"has-text-align-center\"><img decoding=\"async\" width=\"64\" height=\"64\" class=\"wp-image-27\" style=\"width: 64px;\" src=\"https:\/\/supcom.standardof.net\/wp-content\/uploads\/sites\/8\/2020\/10\/E.png\" alt=\"\" srcset=\"https:\/\/supcom.standardof.net\/wp-content\/uploads\/sites\/8\/2020\/10\/E.png 128w, https:\/\/supcom.standardof.net\/wp-content\/uploads\/sites\/8\/2020\/10\/E-12x12.png 12w\" sizes=\"(max-width: 64px) 100vw, 64px\" \/><\/p>\n\n\n\n<p class=\"has-text-align-center\"><strong>RECLAIM<\/strong><\/p>\n<\/div><\/div>\n\n\n\n<div class=\"wp-block-uagb-column uagb-column__wrap uagb-column__background-undefined uagb-block-e4236338\"><div class=\"uagb-column__overlay\"><\/div><div class=\"uagb-column__inner-wrap\">\n<p class=\"has-text-align-center\"><img decoding=\"async\" width=\"64\" height=\"64\" class=\"wp-image-36\" style=\"width: 64px;\" src=\"https:\/\/supcom.standardof.net\/wp-content\/uploads\/sites\/8\/2020\/10\/N.png\" alt=\"\" srcset=\"https:\/\/supcom.standardof.net\/wp-content\/uploads\/sites\/8\/2020\/10\/N.png 128w, https:\/\/supcom.standardof.net\/wp-content\/uploads\/sites\/8\/2020\/10\/N-12x12.png 12w\" sizes=\"(max-width: 64px) 100vw, 64px\" \/><\/p>\n\n\n\n<p class=\"has-text-align-center\"><strong>NUKE<\/strong><\/p>\n<\/div><\/div>\n\n\n\n<div class=\"wp-block-uagb-column uagb-column__wrap uagb-column__background-undefined uagb-block-279d7f85\"><div class=\"uagb-column__overlay\"><\/div><div class=\"uagb-column__inner-wrap\">\n<p class=\"has-text-align-center\"><img decoding=\"async\" width=\"64\" height=\"64\" class=\"wp-image-23\" style=\"width: 64px;\" src=\"https:\/\/supcom.standardof.net\/wp-content\/uploads\/sites\/8\/2020\/10\/A.png\" alt=\"\" srcset=\"https:\/\/supcom.standardof.net\/wp-content\/uploads\/sites\/8\/2020\/10\/A.png 128w, https:\/\/supcom.standardof.net\/wp-content\/uploads\/sites\/8\/2020\/10\/A-12x12.png 12w\" sizes=\"(max-width: 64px) 100vw, 64px\" \/><\/p>\n\n\n\n<p class=\"has-text-align-center\"><strong>ATTAQUE<\/strong><\/p>\n<\/div><\/div>\n<\/div><\/section>\n\n\n\n<section class=\"wp-block-uagb-columns uagb-columns__wrap uagb-columns__background-undefined uagb-columns__stack-mobile uagb-columns__valign-undefined uagb-columns__gap-10 alignundefined uagb-block-2c13e632\"><div class=\"uagb-columns__overlay\"><\/div><div class=\"uagb-columns__inner-wrap uagb-columns__columns-4\">\n<div class=\"wp-block-uagb-column uagb-column__wrap uagb-column__background-undefined uagb-block-f50d7bfe\"><div class=\"uagb-column__overlay\"><\/div><div class=\"uagb-column__inner-wrap\">\n<p class=\"has-text-align-center\"><img decoding=\"async\" width=\"64\" height=\"64\" class=\"wp-image-25\" style=\"width: 64px;\" src=\"https:\/\/supcom.standardof.net\/wp-content\/uploads\/sites\/8\/2020\/10\/C.png\" alt=\"\" srcset=\"https:\/\/supcom.standardof.net\/wp-content\/uploads\/sites\/8\/2020\/10\/C.png 128w, https:\/\/supcom.standardof.net\/wp-content\/uploads\/sites\/8\/2020\/10\/C-12x12.png 12w\" sizes=\"(max-width: 64px) 100vw, 64px\" \/><\/p>\n\n\n\n<p class=\"has-text-align-center\"><strong>CAPTURER<\/strong><\/p>\n<\/div><\/div>\n\n\n\n<div class=\"wp-block-uagb-column uagb-column__wrap uagb-column__background-undefined uagb-block-0ef54375\"><div class=\"uagb-column__overlay\"><\/div><div class=\"uagb-column__inner-wrap\">\n<p class=\"has-text-align-center\"><img decoding=\"async\" width=\"64\" height=\"64\" class=\"wp-image-41\" style=\"width: 64px;\" src=\"https:\/\/supcom.standardof.net\/wp-content\/uploads\/sites\/8\/2020\/10\/S.png\" alt=\"\" srcset=\"https:\/\/supcom.standardof.net\/wp-content\/uploads\/sites\/8\/2020\/10\/S.png 128w, https:\/\/supcom.standardof.net\/wp-content\/uploads\/sites\/8\/2020\/10\/S-12x12.png 12w\" sizes=\"(max-width: 64px) 100vw, 64px\" \/><\/p>\n\n\n\n<p class=\"has-text-align-center\"><strong>ARR\u00caTEZ<\/strong><\/p>\n<\/div><\/div>\n\n\n\n<div class=\"wp-block-uagb-column uagb-column__wrap uagb-column__background-undefined uagb-block-39cae843\"><div class=\"uagb-column__overlay\"><\/div><div class=\"uagb-column__inner-wrap\">\n<p class=\"has-text-align-center\"><img decoding=\"async\" width=\"64\" height=\"64\" class=\"wp-image-26\" style=\"width: 64px;\" src=\"https:\/\/supcom.standardof.net\/wp-content\/uploads\/sites\/8\/2020\/10\/D.png\" alt=\"\" srcset=\"https:\/\/supcom.standardof.net\/wp-content\/uploads\/sites\/8\/2020\/10\/D.png 128w, https:\/\/supcom.standardof.net\/wp-content\/uploads\/sites\/8\/2020\/10\/D-12x12.png 12w\" sizes=\"(max-width: 64px) 100vw, 64px\" \/><\/p>\n\n\n\n<p class=\"has-text-align-center\"><strong>PLONG\u00c9E \/ SURFACE<\/strong><\/p>\n<\/div><\/div>\n\n\n\n<div class=\"wp-block-uagb-column uagb-column__wrap uagb-column__background-undefined uagb-block-e379b4ad\"><div class=\"uagb-column__overlay\"><\/div><div class=\"uagb-column__inner-wrap\">\n<p class=\"has-text-align-center\"><img decoding=\"async\" width=\"64\" height=\"64\" class=\"wp-image-37\" style=\"width: 64px;\" src=\"https:\/\/supcom.standardof.net\/wp-content\/uploads\/sites\/8\/2020\/10\/O.png\" alt=\"\" srcset=\"https:\/\/supcom.standardof.net\/wp-content\/uploads\/sites\/8\/2020\/10\/O.png 128w, https:\/\/supcom.standardof.net\/wp-content\/uploads\/sites\/8\/2020\/10\/O-12x12.png 12w\" sizes=\"(max-width: 64px) 100vw, 64px\" \/><\/p>\n\n\n\n<p class=\"has-text-align-center\"><strong>SURCHARGE<\/strong><\/p>\n<\/div><\/div>\n<\/div><\/section>\n\n\n\n<section class=\"wp-block-uagb-columns uagb-columns__wrap uagb-columns__background-undefined uagb-columns__stack-mobile uagb-columns__valign-undefined uagb-columns__gap-10 alignundefined uagb-block-3c85588a\"><div class=\"uagb-columns__overlay\"><\/div><div class=\"uagb-columns__inner-wrap uagb-columns__columns-4\">\n<div class=\"wp-block-uagb-column uagb-column__wrap uagb-column__background-undefined uagb-block-b0e3db15\"><div class=\"uagb-column__overlay\"><\/div><div class=\"uagb-column__inner-wrap\">\n<p class=\"has-text-align-center\"><img decoding=\"async\" width=\"64\" height=\"64\" class=\"wp-image-48\" style=\"width: 64px;\" src=\"https:\/\/supcom.standardof.net\/wp-content\/uploads\/sites\/8\/2020\/10\/Z.png\" alt=\"\" srcset=\"https:\/\/supcom.standardof.net\/wp-content\/uploads\/sites\/8\/2020\/10\/Z.png 128w, https:\/\/supcom.standardof.net\/wp-content\/uploads\/sites\/8\/2020\/10\/Z-12x12.png 12w\" sizes=\"(max-width: 64px) 100vw, 64px\" \/><\/p>\n\n\n\n<p class=\"has-text-align-center\"><strong>CONSTRUCTION DE PAUSE<\/strong><\/p>\n<\/div><\/div>\n\n\n\n<div class=\"wp-block-uagb-column uagb-column__wrap uagb-column__background-undefined uagb-block-a93473ac\"><div class=\"uagb-column__overlay\"><\/div><div class=\"uagb-column__inner-wrap\">\n<p class=\"has-text-align-center\"><img decoding=\"async\" width=\"64\" height=\"64\" class=\"wp-image-35\" style=\"width: 64px;\" src=\"https:\/\/supcom.standardof.net\/wp-content\/uploads\/sites\/8\/2020\/10\/M.png\" alt=\"\" srcset=\"https:\/\/supcom.standardof.net\/wp-content\/uploads\/sites\/8\/2020\/10\/M.png 128w, https:\/\/supcom.standardof.net\/wp-content\/uploads\/sites\/8\/2020\/10\/M-12x12.png 12w\" sizes=\"(max-width: 64px) 100vw, 64px\" \/><\/p>\n\n\n\n<p class=\"has-text-align-center\"><strong>BOUGE TOI<\/strong><\/p>\n<\/div><\/div>\n\n\n\n<div class=\"wp-block-uagb-column uagb-column__wrap uagb-column__background-undefined uagb-block-8cc81c49\"><div class=\"uagb-column__overlay\"><\/div><div class=\"uagb-column__inner-wrap\">\n<p class=\"has-text-align-center\"><img decoding=\"async\" width=\"64\" height=\"64\" class=\"wp-image-82\" style=\"width: 64px;\" src=\"https:\/\/supcom.standardof.net\/wp-content\/uploads\/sites\/8\/2020\/10\/ctrl.png\" alt=\"\" srcset=\"https:\/\/supcom.standardof.net\/wp-content\/uploads\/sites\/8\/2020\/10\/ctrl.png 128w, https:\/\/supcom.standardof.net\/wp-content\/uploads\/sites\/8\/2020\/10\/ctrl-12x12.png 12w\" sizes=\"(max-width: 64px) 100vw, 64px\" \/><img decoding=\"async\" width=\"64\" height=\"64\" class=\"wp-image-33\" style=\"width: 64px;\" src=\"https:\/\/supcom.standardof.net\/wp-content\/uploads\/sites\/8\/2020\/10\/K.png\" alt=\"\" srcset=\"https:\/\/supcom.standardof.net\/wp-content\/uploads\/sites\/8\/2020\/10\/K.png 128w, https:\/\/supcom.standardof.net\/wp-content\/uploads\/sites\/8\/2020\/10\/K-12x12.png 12w\" sizes=\"(max-width: 64px) 100vw, 64px\" \/><\/p>\n\n\n\n<p class=\"has-text-align-center\"><strong>KAMIKAZE<\/strong><\/p>\n<\/div><\/div>\n\n\n\n<div class=\"wp-block-uagb-column uagb-column__wrap uagb-column__background-undefined uagb-block-1ed0a259\"><div class=\"uagb-column__overlay\"><\/div><div class=\"uagb-column__inner-wrap\">\n<p class=\"has-text-align-center\"><img decoding=\"async\" width=\"64\" height=\"64\" class=\"wp-image-34\" style=\"width: 64px;\" src=\"https:\/\/supcom.standardof.net\/wp-content\/uploads\/sites\/8\/2020\/10\/L.png\" alt=\"\" srcset=\"https:\/\/supcom.standardof.net\/wp-content\/uploads\/sites\/8\/2020\/10\/L.png 128w, https:\/\/supcom.standardof.net\/wp-content\/uploads\/sites\/8\/2020\/10\/L-12x12.png 12w\" sizes=\"(max-width: 64px) 100vw, 64px\" \/><\/p>\n\n\n\n<p class=\"has-text-align-center\"><strong>LANCER UN MISSILE TACTIQUE<\/strong><\/p>\n<\/div><\/div>\n<\/div><\/section>\n\n\n\n<section class=\"wp-block-uagb-columns uagb-columns__wrap uagb-columns__background-undefined uagb-columns__stack-mobile uagb-columns__valign-undefined uagb-columns__gap-10 alignundefined uagb-block-489f8f02\"><div class=\"uagb-columns__overlay\"><\/div><div class=\"uagb-columns__inner-wrap uagb-columns__columns-3\">\n<div class=\"wp-block-uagb-column uagb-column__wrap uagb-column__background-undefined uagb-block-08c7c30a\"><div class=\"uagb-column__overlay\"><\/div><div class=\"uagb-column__inner-wrap\">\n<p class=\"has-text-align-center\"><img decoding=\"async\" width=\"64\" height=\"64\" class=\"wp-image-43\" style=\"width: 64px;\" src=\"https:\/\/supcom.standardof.net\/wp-content\/uploads\/sites\/8\/2020\/10\/U.png\" alt=\"\" srcset=\"https:\/\/supcom.standardof.net\/wp-content\/uploads\/sites\/8\/2020\/10\/U.png 128w, https:\/\/supcom.standardof.net\/wp-content\/uploads\/sites\/8\/2020\/10\/U-12x12.png 12w\" sizes=\"(max-width: 64px) 100vw, 64px\" \/><\/p>\n\n\n\n<p class=\"has-text-align-center\"><strong>TRANSPORT<\/strong><\/p>\n\n\n\n<p class=\"has-text-align-center\"><em>Appuyez une fois sur Transport pour charger et \u00e0 nouveau pour d\u00e9charger.<\/em><\/p>\n<\/div><\/div>\n\n\n\n<div class=\"wp-block-uagb-column uagb-column__wrap uagb-column__background-undefined uagb-block-2bcd961b\"><div class=\"uagb-column__overlay\"><\/div><div class=\"uagb-column__inner-wrap\">\n<p class=\"has-text-align-center\"><img decoding=\"async\" width=\"64\" height=\"64\" class=\"wp-image-38\" style=\"width: 64px;\" src=\"https:\/\/supcom.standardof.net\/wp-content\/uploads\/sites\/8\/2020\/10\/P.png\" alt=\"\" srcset=\"https:\/\/supcom.standardof.net\/wp-content\/uploads\/sites\/8\/2020\/10\/P.png 128w, https:\/\/supcom.standardof.net\/wp-content\/uploads\/sites\/8\/2020\/10\/P-12x12.png 12w\" sizes=\"(max-width: 64px) 100vw, 64px\" \/><\/p>\n\n\n\n<p class=\"has-text-align-center\"><strong>PATROUILLE<\/strong><\/p>\n\n\n\n<p class=\"has-text-align-center\"><em>Les ing\u00e9nieurs configur\u00e9s pour patrouiller r\u00e9pareront et r\u00e9cup\u00e9reront automatiquement.<\/em><\/p>\n<\/div><\/div>\n\n\n\n<div class=\"wp-block-uagb-column uagb-column__wrap uagb-column__background-undefined uagb-block-cb6c50ab\"><div class=\"uagb-column__overlay\"><\/div><div class=\"uagb-column__inner-wrap\">\n<p class=\"has-text-align-center\"><img decoding=\"async\" width=\"64\" height=\"64\" class=\"wp-image-61\" style=\"width: 64px;\" src=\"https:\/\/supcom.standardof.net\/wp-content\/uploads\/sites\/8\/2020\/10\/bracket-right.png\" alt=\"\" srcset=\"https:\/\/supcom.standardof.net\/wp-content\/uploads\/sites\/8\/2020\/10\/bracket-right.png 128w, https:\/\/supcom.standardof.net\/wp-content\/uploads\/sites\/8\/2020\/10\/bracket-right-12x12.png 12w\" sizes=\"(max-width: 64px) 100vw, 64px\" \/><\/p>\n\n\n\n<p class=\"has-text-align-center\"><strong>\u00c9TAT D&#039;INCENDIE DE TOGGLE<\/strong><\/p>\n\n\n\n<p class=\"has-text-align-center\"><em>Bascule entre Feu \u00e0 volont\u00e9, Tenir le feu et Tenir le sol.<\/em><\/p>\n<\/div><\/div>\n<\/div><\/section>\n\n\n\n<section class=\"wp-block-uagb-columns uagb-columns__wrap uagb-columns__background-undefined uagb-columns__stack-mobile uagb-columns__valign-undefined uagb-columns__gap-10 alignundefined uagb-block-69a42b39\"><div class=\"uagb-columns__overlay\"><\/div><div class=\"uagb-columns__inner-wrap uagb-columns__columns-2\">\n<div class=\"wp-block-uagb-column uagb-column__wrap uagb-column__background-undefined uagb-block-1c71a63b\"><div class=\"uagb-column__overlay\"><\/div><div class=\"uagb-column__inner-wrap\">\n<p class=\"has-text-align-center\"><img decoding=\"async\" width=\"64\" height=\"64\" class=\"wp-image-31\" style=\"width: 64px;\" src=\"https:\/\/supcom.standardof.net\/wp-content\/uploads\/sites\/8\/2020\/10\/I.png\" alt=\"\" srcset=\"https:\/\/supcom.standardof.net\/wp-content\/uploads\/sites\/8\/2020\/10\/I.png 128w, https:\/\/supcom.standardof.net\/wp-content\/uploads\/sites\/8\/2020\/10\/I-12x12.png 12w\" sizes=\"(max-width: 64px) 100vw, 64px\" \/><\/p>\n\n\n\n<p class=\"has-text-align-center\"><strong>AIDER<\/strong><\/p>\n\n\n\n<p class=\"has-text-align-center\"><em>Les ing\u00e9nieurs et le Cybran Mantis r\u00e9pareront les unit\u00e9s qu&#039;ils aident. D&#039;autres unit\u00e9s se d\u00e9ploieront en formation protectrice autour de l&#039;unit\u00e9.<\/em><\/p>\n\n\n\n<p class=\"has-text-align-center\"><em>Les usines prendront en charge la file d&#039;attente de construction et les commandes par d\u00e9faut de l&#039;usine qu&#039;elles assistent. Les transports aidant une usine se d\u00e9placeront pour aider \u00e0 ex\u00e9cuter les commandes par d\u00e9faut de l&#039;usine.<\/em><\/p>\n\n\n\n<p class=\"has-text-align-center\"><em>Les unit\u00e9s a\u00e9riennes aidant une balise de ferry tenteront d&#039;aider le ferry.<\/em><\/p>\n<\/div><\/div>\n\n\n\n<div class=\"wp-block-uagb-column uagb-column__wrap uagb-column__background-undefined uagb-block-0b636add\"><div class=\"uagb-column__overlay\"><\/div><div class=\"uagb-column__inner-wrap\">\n<p class=\"has-text-align-center\"><img decoding=\"async\" width=\"64\" height=\"64\" class=\"wp-image-28\" style=\"width: 64px;\" src=\"https:\/\/supcom.standardof.net\/wp-content\/uploads\/sites\/8\/2020\/10\/F.png\" alt=\"\" srcset=\"https:\/\/supcom.standardof.net\/wp-content\/uploads\/sites\/8\/2020\/10\/F.png 128w, https:\/\/supcom.standardof.net\/wp-content\/uploads\/sites\/8\/2020\/10\/F-12x12.png 12w\" sizes=\"(max-width: 64px) 100vw, 64px\" \/><\/p>\n\n\n\n<p class=\"has-text-align-center\"><strong>TRAVERSIER<\/strong><\/p>\n\n\n\n<p class=\"has-text-align-center\"><em>Un transport indiqu\u00e9 \u00e0 Ferry cr\u00e9era une balise de ferry \u00e0 son emplacement actuel et commencera \u00e0 transporter les unit\u00e9s vers la destination choisie.<\/em><\/p>\n<\/div><\/div>\n<\/div><\/section>\n\n\n\n<section class=\"wp-block-uagb-columns uagb-columns__wrap uagb-columns__background-undefined uagb-columns__stack-mobile uagb-columns__valign-undefined uagb-columns__gap-10 alignundefined uagb-block-ddb6ee3b\"><div class=\"uagb-columns__overlay\"><\/div><div class=\"uagb-columns__inner-wrap uagb-columns__columns-1\">\n<div class=\"wp-block-uagb-column uagb-column__wrap uagb-column__background-undefined uagb-block-8514f2ae\"><div class=\"uagb-column__overlay\"><\/div><div class=\"uagb-column__inner-wrap\">\n<h2 class=\"wp-block-heading\">Raccourcis non disponibles<\/h2>\n\n\n\n<p>Il n&#039;y a pas de raccourcis dans<em> commandant supr\u00eame<\/em> pour am\u00e9liorer les unit\u00e9s, activer \/ d\u00e9sactiver le camouflage et la furtivit\u00e9, sacrifier, amarrer ou commander des usines pour r\u00e9p\u00e9ter des commandes; ils doivent \u00eatre cliqu\u00e9s manuellement dans l&#039;interface ou en mode Construction.<\/p>\n<\/div><\/div>\n<\/div><\/section>\n\n\n\n<p><\/p>","protected":false},"excerpt":{"rendered":"<p>Giving Orders These commands relate to giving commands to your units in Supreme Commander, allowing for a great variety and complexity of the commands issued. Right Click: Give default order On terrain: Move On enemies: Attack Engineers will Capture enemies instead. On allies or construction: Assist &nbsp;Engineers will Repair construction instead. Transports will Transport allied [&hellip;]<\/p>","protected":false},"author":1,"featured_media":0,"parent":104,"menu_order":2,"comment_status":"closed","ping_status":"closed","template":"","meta":{"_uag_custom_page_level_css":"","site-sidebar-layout":"default","site-content-layout":"default","ast-site-content-layout":"","site-content-style":"default","site-sidebar-style":"default","ast-global-header-display":"","ast-banner-title-visibility":"","ast-main-header-display":"","ast-hfb-above-header-display":"","ast-hfb-below-header-display":"","ast-hfb-mobile-header-display":"","site-post-title":"","ast-breadcrumbs-content":"","ast-featured-img":"","footer-sml-layout":"","theme-transparent-header-meta":"default","adv-header-id-meta":"","stick-header-meta":"","header-above-stick-meta":"","header-main-stick-meta":"","header-below-stick-meta":"","astra-migrate-meta-layouts":"default","ast-page-background-enabled":"default","ast-page-background-meta":{"desktop":{"background-color":"","background-image":"","background-repeat":"repeat","background-position":"center center","background-size":"auto","background-attachment":"scroll","background-type":"","background-media":"","overlay-type":"","overlay-color":"","overlay-gradient":""},"tablet":{"background-color":"","background-image":"","background-repeat":"repeat","background-position":"center center","background-size":"auto","background-attachment":"scroll","background-type":"","background-media":"","overlay-type":"","overlay-color":"","overlay-gradient":""},"mobile":{"background-color":"","background-image":"","background-repeat":"repeat","background-position":"center center","background-size":"auto","background-attachment":"scroll","background-type":"","background-media":"","overlay-type":"","overlay-color":"","overlay-gradient":""}},"ast-content-background-meta":{"desktop":{"background-color":"var(--ast-global-color-5)","background-image":"","background-repeat":"repeat","background-position":"center center","background-size":"auto","background-attachment":"scroll","background-type":"","background-media":"","overlay-type":"","overlay-color":"","overlay-gradient":""},"tablet":{"background-color":"var(--ast-global-color-5)","background-image":"","background-repeat":"repeat","background-position":"center center","background-size":"auto","background-attachment":"scroll","background-type":"","background-media":"","overlay-type":"","overlay-color":"","overlay-gradient":""},"mobile":{"background-color":"var(--ast-global-color-5)","background-image":"","background-repeat":"repeat","background-position":"center center","background-size":"auto","background-attachment":"scroll","background-type":"","background-media":"","overlay-type":"","overlay-color":"","overlay-gradient":""}},"footnotes":""},"uagb_featured_image_src":{"full":false,"thumbnail":false,"medium":false,"medium_large":false,"large":false,"1536x1536":false,"2048x2048":false,"trp-custom-language-flag":false},"uagb_author_info":{"display_name":"SOE","author_link":"https:\/\/supcom.standardof.net\/fr\/author\/k-tastic\/"},"uagb_comment_info":0,"uagb_excerpt":"Giving Orders These commands relate to giving commands to your units in Supreme Commander, allowing for a great variety and complexity of the commands issued. Right Click: Give default order On terrain: Move On enemies: Attack Engineers will Capture enemies instead. On allies or construction: Assist &nbsp;Engineers will Repair construction instead. Transports will Transport allied&hellip;","_links":{"self":[{"href":"https:\/\/supcom.standardof.net\/fr\/wp-json\/wp\/v2\/pages\/114"}],"collection":[{"href":"https:\/\/supcom.standardof.net\/fr\/wp-json\/wp\/v2\/pages"}],"about":[{"href":"https:\/\/supcom.standardof.net\/fr\/wp-json\/wp\/v2\/types\/page"}],"author":[{"embeddable":true,"href":"https:\/\/supcom.standardof.net\/fr\/wp-json\/wp\/v2\/users\/1"}],"replies":[{"embeddable":true,"href":"https:\/\/supcom.standardof.net\/fr\/wp-json\/wp\/v2\/comments?post=114"}],"version-history":[{"count":0,"href":"https:\/\/supcom.standardof.net\/fr\/wp-json\/wp\/v2\/pages\/114\/revisions"}],"up":[{"embeddable":true,"href":"https:\/\/supcom.standardof.net\/fr\/wp-json\/wp\/v2\/pages\/104"}],"wp:attachment":[{"href":"https:\/\/supcom.standardof.net\/fr\/wp-json\/wp\/v2\/media?parent=114"}],"curies":[{"name":"wp","href":"https:\/\/api.w.org\/{rel}","templated":true}]}}