{"id":119,"date":"2020-10-31T12:53:34","date_gmt":"2020-10-31T16:53:34","guid":{"rendered":"https:\/\/supcom.standardof.net\/?page_id=119"},"modified":"2020-11-04T09:17:53","modified_gmt":"2020-11-04T14:17:53","slug":"camera-and-interface","status":"publish","type":"page","link":"https:\/\/supcom.standardof.net\/fr\/supreme-commander\/les-controles\/camera-et-interface\/","title":{"rendered":"Cam\u00e9ra et interface"},"content":{"rendered":"<p>Ces raccourcis et commandes clavier vous permettent de contr\u00f4ler la cam\u00e9ra et l&#039;interface dans Supreme Commander, vous donnant ainsi la possibilit\u00e9 de modifier votre vision de l&#039;action dans le jeu. Ces contr\u00f4les peuvent \u00eatre tout aussi importants que lorsqu&#039;il s&#039;agit de donner des ordres, puisque vous \u00eates le cerveau derri\u00e8re vos arm\u00e9es, la capacit\u00e9 pour vous de voir ce qui se passe avec facilit\u00e9 est primordiale.<\/p>\n\n\n\n<p><strong>Barre d&#039;espace et maintenez:<\/strong> <strong>La po\u00eale <\/strong>et <strong>Tourner <\/strong>Cam\u00e9ra librement <br><strong>Q:<\/strong> Agrandir <br><strong>W:<\/strong> D\u00e9zoomer <br><strong>Ctrl + Q:<\/strong> Zoom avant rapide <br><strong>Ctrl + W:<\/strong> Zoom arri\u00e8re rapide <br><strong>T:<\/strong> Unit\u00e9 de piste <br><strong>Ctrl + Maj + T:<\/strong> Unit\u00e9 de piste sur mini-carte <br><strong>Ctrl + Alt + T:<\/strong> Suivre l&#039;unit\u00e9 sur le 2\u00e8me \u00e9cran <br><strong>Languette:<\/strong> Aller \u00e0 la prochaine position de cam\u00e9ra enregistr\u00e9e <br><strong>Maj + Tab:<\/strong> Enregistrer cette position de cam\u00e9ra <br><strong>Ctrl + Tab:<\/strong> Supprimer la position de la cam\u00e9ra <br><strong>Ctrl + V:<\/strong> D\u00e9finir cette position de cam\u00e9ra comme vue par d\u00e9faut <br><strong>V:<\/strong> R\u00e9initialiser la cam\u00e9ra <br><strong>Ctrl + F:<\/strong> Prendre une capture d&#039;\u00e9cran<\/p>\n\n\n\n<p><strong>Y:<\/strong> Ouvrir le menu Minimap<\/p>\n\n\n\n<p><strong>Marqueurs pour les alli\u00e9s:<\/strong> <br><strong>F5:<\/strong> Marquer l&#039;emplacement comme &quot;Alerte g\u00e9n\u00e9rale&quot; <br><strong>F6:<\/strong> Marquer l&#039;emplacement comme &quot;D\u00e9placer&quot; <br><strong>F7:<\/strong> Marquer l&#039;emplacement comme &quot;Attaque&quot;<br>&nbsp;&nbsp;&nbsp;&nbsp; <em>* Ces trois marqueurs disparaissent apr\u00e8s 10 secondes.<\/em> <br><strong>F8:<\/strong> Marqueur personnalis\u00e9 pour l&#039;emplacement<br>&nbsp;&nbsp;&nbsp; <strong> Maj + Ctrl + Clic droit:<\/strong> Supprimer le marqueur personnalis\u00e9<br>&nbsp;&nbsp;&nbsp;&nbsp; <strong>Maj + clic gauche et faites glisser:<\/strong> D\u00e9placer le marqueur personnalis\u00e9 (les alli\u00e9s peuvent le faire)<\/p>\n\n\n\n<p><strong>Esc:<\/strong> Ouvrir le menu Escape<br>&nbsp;&nbsp;&nbsp;&nbsp; <em>* Dans la campagne ou dans l&#039;escarmouche, cela mettra le jeu en pause.<\/em> <br><strong>Alt + Fl\u00e8che haut ou Alt + Fl\u00e8che bas:<\/strong> Basculer l&#039;interface utilisateur<br>&nbsp;&nbsp;&nbsp;&nbsp; Il existe quatre interfaces utilisateur possibles:<br>&nbsp;&nbsp;&nbsp;&nbsp; Par d\u00e9faut: bas de l&#039;\u00e9cran<br>&nbsp;&nbsp;&nbsp;&nbsp; C\u00f4t\u00e9 gauche de l&#039;\u00e9cran<br>&nbsp;&nbsp;&nbsp;&nbsp; C\u00f4t\u00e9 droit de l&#039;\u00e9cran<br>&nbsp;&nbsp;&nbsp;&nbsp; Minimaliste: petit et transparent en bas de l&#039;\u00e9cran <br><strong>Ctrl + Alt + F1:<\/strong> Activer \/ d\u00e9sactiver l&#039;interface utilisateur <br><strong>Alt + L:<\/strong> Activer \/ d\u00e9sactiver les barres de sauvetage <br><strong>Ctrl + N:<\/strong> Renommer l&#039;unit\u00e9 <br><strong>Accueil:<\/strong> \u00c9cran partag\u00e9 activ\u00e9 <br><strong>Fin:<\/strong> \u00c9cran partag\u00e9 d\u00e9sactiv\u00e9 <br><strong>Page pr\u00e9c\u00e9dente:<\/strong> Faites d\u00e9filer jusqu&#039;\u00e0 1 page dans l&#039;historique des discussions <br><strong>Bas de page:<\/strong> Faites d\u00e9filer une page vers le bas dans l&#039;historique des discussions <br><strong>Maj + Page pr\u00e9c\u00e9dente:<\/strong> Faites d\u00e9filer jusqu&#039;\u00e0 1 ligne dans l&#039;historique des discussions <br><strong>Maj + PageDown:<\/strong> Faites d\u00e9filer une ligne vers le bas dans l&#039;historique des discussions<\/p>\n\n\n\n<p><strong>Ctrl + W:<\/strong> Basculer la superposition militaire (affiche les gammes d&#039;armes) <br><strong>Ctrl + E:<\/strong> Basculer la superposition de d\u00e9fense (change les couleurs des ic\u00f4nes) <br><strong>Ctrl + R:<\/strong> Basculer la superposition \u00e9conomique (affiche l&#039;utilisation des ressources) <br><strong>Ctrl + T:<\/strong> Basculer la superposition d&#039;Intel (affiche les plages radar)<\/p>\n\n\n\n<p><strong>F1:<\/strong> Basculer la fen\u00eatre des objectifs <br><strong>F2:<\/strong> Basculer les scores <br><strong>F3:<\/strong> Basculer le journal de transmission <br><strong>F4:<\/strong> Basculer la fen\u00eatre de diplomatie <br><strong>F11:<\/strong> Basculer la fen\u00eatre de connectivit\u00e9 <br><strong>F12:<\/strong> Afficher l&#039;\u00e9cran des associations de touches<\/p>\n\n\n\n<p><strong>Pause:<\/strong> Mettre le jeu en pause <br><strong>Moins sur le pav\u00e9 num\u00e9rique:<\/strong> Diminuer la vitesse du jeu <br><strong>Plus sur le pav\u00e9 num\u00e9rique:<\/strong> Augmenter la vitesse du jeu <br><strong>\u00c9toile sur le pav\u00e9 num\u00e9rique:<\/strong> R\u00e9initialisez la vitesse du jeu \u00e0 +0<\/p>","protected":false},"excerpt":{"rendered":"<p>These shortcuts and keyboard commands allow you to control the camera and interface in Supreme Commander, thus giving you the ability to modify your view of the action in-game. These controls can be just as important as when it comes to giving orders, since you being the mastermind behind you armies, the ability for you [&hellip;]<\/p>","protected":false},"author":1,"featured_media":5,"parent":104,"menu_order":4,"comment_status":"closed","ping_status":"closed","template":"","meta":{"_uag_custom_page_level_css":"","site-sidebar-layout":"default","site-content-layout":"default","ast-site-content-layout":"","site-content-style":"default","site-sidebar-style":"default","ast-global-header-display":"","ast-banner-title-visibility":"","ast-main-header-display":"","ast-hfb-above-header-display":"","ast-hfb-below-header-display":"","ast-hfb-mobile-header-display":"","site-post-title":"","ast-breadcrumbs-content":"","ast-featured-img":"","footer-sml-layout":"","theme-transparent-header-meta":"default","adv-header-id-meta":"","stick-header-meta":"","header-above-stick-meta":"","header-main-stick-meta":"","header-below-stick-meta":"","astra-migrate-meta-layouts":"default","ast-page-background-enabled":"default","ast-page-background-meta":{"desktop":{"background-color":"","background-image":"","background-repeat":"repeat","background-position":"center center","background-size":"auto","background-attachment":"scroll","background-type":"","background-media":"","overlay-type":"","overlay-color":"","overlay-gradient":""},"tablet":{"background-color":"","background-image":"","background-repeat":"repeat","background-position":"center center","background-size":"auto","background-attachment":"scroll","background-type":"","background-media":"","overlay-type":"","overlay-color":"","overlay-gradient":""},"mobile":{"background-color":"","background-image":"","background-repeat":"repeat","background-position":"center center","background-size":"auto","background-attachment":"scroll","background-type":"","background-media":"","overlay-type":"","overlay-color":"","overlay-gradient":""}},"ast-content-background-meta":{"desktop":{"background-color":"var(--ast-global-color-5)","background-image":"","background-repeat":"repeat","background-position":"center center","background-size":"auto","background-attachment":"scroll","background-type":"","background-media":"","overlay-type":"","overlay-color":"","overlay-gradient":""},"tablet":{"background-color":"var(--ast-global-color-5)","background-image":"","background-repeat":"repeat","background-position":"center center","background-size":"auto","background-attachment":"scroll","background-type":"","background-media":"","overlay-type":"","overlay-color":"","overlay-gradient":""},"mobile":{"background-color":"var(--ast-global-color-5)","background-image":"","background-repeat":"repeat","background-position":"center center","background-size":"auto","background-attachment":"scroll","background-type":"","background-media":"","overlay-type":"","overlay-color":"","overlay-gradient":""}},"footnotes":""},"uagb_featured_image_src":{"full":["https:\/\/supcom.standardof.net\/wp-content\/uploads\/sites\/8\/2020\/10\/Supreme-Commander-Header-UEF.jpg",1600,680,false],"thumbnail":["https:\/\/supcom.standardof.net\/wp-content\/uploads\/sites\/8\/2020\/10\/Supreme-Commander-Header-UEF-200x85.jpg",200,85,true],"medium":["https:\/\/supcom.standardof.net\/wp-content\/uploads\/sites\/8\/2020\/10\/Supreme-Commander-Header-UEF-512x218.jpg",512,218,true],"medium_large":["https:\/\/supcom.standardof.net\/wp-content\/uploads\/sites\/8\/2020\/10\/Supreme-Commander-Header-UEF-768x326.jpg",768,326,true],"large":["https:\/\/supcom.standardof.net\/wp-content\/uploads\/sites\/8\/2020\/10\/Supreme-Commander-Header-UEF-800x340.jpg",800,340,true],"1536x1536":["https:\/\/supcom.standardof.net\/wp-content\/uploads\/sites\/8\/2020\/10\/Supreme-Commander-Header-UEF-1536x653.jpg",1536,653,true],"2048x2048":["https:\/\/supcom.standardof.net\/wp-content\/uploads\/sites\/8\/2020\/10\/Supreme-Commander-Header-UEF.jpg",1600,680,false],"trp-custom-language-flag":["https:\/\/supcom.standardof.net\/wp-content\/uploads\/sites\/8\/2020\/10\/Supreme-Commander-Header-UEF-16x7.jpg",16,7,true]},"uagb_author_info":{"display_name":"SOE","author_link":"https:\/\/supcom.standardof.net\/fr\/author\/k-tastic\/"},"uagb_comment_info":0,"uagb_excerpt":"These shortcuts and keyboard commands allow you to control the camera and interface in Supreme Commander, thus giving you the ability to modify your view of the action in-game. These controls can be just as important as when it comes to giving orders, since you being the mastermind behind you armies, the ability for you&hellip;","_links":{"self":[{"href":"https:\/\/supcom.standardof.net\/fr\/wp-json\/wp\/v2\/pages\/119"}],"collection":[{"href":"https:\/\/supcom.standardof.net\/fr\/wp-json\/wp\/v2\/pages"}],"about":[{"href":"https:\/\/supcom.standardof.net\/fr\/wp-json\/wp\/v2\/types\/page"}],"author":[{"embeddable":true,"href":"https:\/\/supcom.standardof.net\/fr\/wp-json\/wp\/v2\/users\/1"}],"replies":[{"embeddable":true,"href":"https:\/\/supcom.standardof.net\/fr\/wp-json\/wp\/v2\/comments?post=119"}],"version-history":[{"count":0,"href":"https:\/\/supcom.standardof.net\/fr\/wp-json\/wp\/v2\/pages\/119\/revisions"}],"up":[{"embeddable":true,"href":"https:\/\/supcom.standardof.net\/fr\/wp-json\/wp\/v2\/pages\/104"}],"wp:featuredmedia":[{"embeddable":true,"href":"https:\/\/supcom.standardof.net\/fr\/wp-json\/wp\/v2\/media\/5"}],"wp:attachment":[{"href":"https:\/\/supcom.standardof.net\/fr\/wp-json\/wp\/v2\/media?parent=119"}],"curies":[{"name":"wp","href":"https:\/\/api.w.org\/{rel}","templated":true}]}}