{"id":122,"date":"2020-10-31T12:58:50","date_gmt":"2020-10-31T16:58:50","guid":{"rendered":"https:\/\/supcom.standardof.net\/?page_id=122"},"modified":"2020-10-31T23:56:52","modified_gmt":"2020-11-01T03:56:52","slug":"campaign-walkthroughs","status":"publish","type":"page","link":"https:\/\/supcom.standardof.net\/fr\/supreme-commander\/procedures-pas-a-pas-de-la-campagne\/","title":{"rendered":"Proc\u00e9dure pas \u00e0 pas de la campagne"},"content":{"rendered":"<p>Il y a 3 campagnes distinctes dans Supreme Commander, une pour chaque faction, l&#039;UEF, Cybran et Aeon. Chacune des campagnes a 6 missions, soit 18 au total. Chaque s\u00e9rie de missions illustrera le point de vue et l&#039;implication de ladite faction dans la guerre infinie qui consume l&#039;univers dans le jeu.<\/p>\n\n\n\n<h3 class=\"wp-block-heading\">Quelques notes cl\u00e9s sur la gestion des objectifs:<\/h3>\n\n\n\n<ul><li>Vos objectifs actuels appara\u00eetront dans le coin sup\u00e9rieur gauche de l&#039;\u00e9cran, en face de la liste de vos groupes et ACU dans le coin sup\u00e9rieur droit.<\/li><li>Un clic gauche sur un objectif centre la carte sur cet objectif.<\/li><li>Un clic droit sur un objectif met le jeu en pause et acc\u00e8de \u00e0 un \u00e9cran qui explique cet objectif.<\/li><li>Appuyez sur F1 pour interrompre le jeu et afficher une liste d&#039;objectifs.<\/li><\/ul>\n\n\n\n<p><strong>Remarque:<\/strong> Les proc\u00e9dures vid\u00e9o sont effectu\u00e9es sur <strong>Dur<\/strong> et fournissez l&#039;aper\u00e7u le plus d\u00e9taill\u00e9 de cette difficult\u00e9.<\/p>\n\n\n\n<h2 class=\"wp-block-heading\">Proc\u00e9dure pas \u00e0 pas de la campagne<\/h2>\n\n\n\n<section class=\"wp-block-uagb-columns uagb-columns__wrap uagb-columns__background-undefined uagb-columns__stack-mobile uagb-columns__valign-undefined uagb-columns__gap-10 alignundefined uagb-block-8088c2ff\"><div class=\"uagb-columns__overlay\"><\/div><div class=\"uagb-columns__inner-wrap uagb-columns__columns-1\">\n<div class=\"wp-block-uagb-column uagb-column__wrap uagb-column__background-undefined uagb-block-5abbc3c6\"><div class=\"uagb-column__overlay\"><\/div><div class=\"uagb-column__inner-wrap\">\n<h3 class=\"wp-block-heading\" id=\"UEF-Campaign\">Campagne UEF<\/h3>\n\n\n\n<ol><li><a href=\"https:\/\/supcom.standardof.net\/fr\/supreme-commander\/procedures-pas-a-pas-de-la-campagne\/uef-operation-black-earth\/\">Op\u00e9ration Black Earth<\/a><\/li><li><a href=\"https:\/\/supcom.standardof.net\/fr\/supreme-commander\/procedures-pas-a-pas-de-la-campagne\/uef-operation-snow-blind\/\">Op\u00e9ration Snow Blind<\/a><\/li><li><a href=\"https:\/\/supcom.standardof.net\/fr\/supreme-commander\/procedures-pas-a-pas-de-la-campagne\/uef-operation-metal-shark\/\">Op\u00e9ration Metal Shark<\/a><\/li><li><a href=\"https:\/\/supcom.standardof.net\/fr\/supreme-commander\/procedures-pas-a-pas-de-la-campagne\/vaccin-operation-uef\/\" class=\"rank-math-link\">Op\u00e9ration Vaccin<\/a><\/li><li><a href=\"https:\/\/supcom.standardof.net\/fr\/supreme-commander\/procedures-pas-a-pas-de-la-campagne\/uef-operation-forge\/\" class=\"rank-math-link\">Op\u00e9ration Forge<\/a><\/li><li><a href=\"https:\/\/supcom.standardof.net\/fr\/supreme-commander\/procedures-pas-a-pas-de-la-campagne\/uef-operation-mur-de-pierre\/\" class=\"rank-math-link\">Op\u00e9ration Stone Wall<\/a><\/li><\/ol>\n<\/div><\/div>\n<\/div><\/section>\n\n\n\n<section class=\"wp-block-uagb-columns uagb-columns__wrap uagb-columns__background-undefined uagb-columns__stack-mobile uagb-columns__valign-undefined uagb-columns__gap-10 alignundefined uagb-block-7bcf6014\"><div class=\"uagb-columns__overlay\"><\/div><div class=\"uagb-columns__inner-wrap uagb-columns__columns-1\">\n<div class=\"wp-block-uagb-column uagb-column__wrap uagb-column__background-undefined uagb-block-0d18d63f\"><div class=\"uagb-column__overlay\"><\/div><div class=\"uagb-column__inner-wrap\">\n<h3 class=\"wp-block-heading\" id=\"Cybran-Campaign\">Campagne Cybran<\/h3>\n\n\n\n<ol><li><a href=\"https:\/\/supcom.standardof.net\/fr\/supreme-commander\/procedures-pas-a-pas-de-la-campagne\/cybran-operation-liberation\/\" class=\"rank-math-link\">Op\u00e9ration Lib\u00e9ration<\/a><\/li><li><a href=\"https:\/\/supcom.standardof.net\/fr\/supreme-commander\/procedures-pas-a-pas-de-la-campagne\/artefact-operation-cybran\/\" class=\"rank-math-link\">Artefact d&#039;op\u00e9ration<\/a><\/li><li><a href=\"https:\/\/supcom.standardof.net\/fr\/supreme-commander\/procedures-pas-a-pas-de-la-campagne\/cybran-operation-defrag\/\" class=\"rank-math-link\">Op\u00e9ration Defrag<\/a><\/li><li><a href=\"https:\/\/supcom.standardof.net\/fr\/supreme-commander\/procedures-pas-a-pas-de-la-campagne\/cybran-operation-mainframe-tango\/\" class=\"rank-math-link\">Op\u00e9ration Mainframe Tango<\/a><\/li><li><a href=\"https:\/\/supcom.standardof.net\/fr\/supreme-commander\/procedures-pas-a-pas-de-la-campagne\/cybran-operation-deverrouillage\/\" class=\"rank-math-link\">Op\u00e9ration D\u00e9verrouiller<\/a><\/li><li><a href=\"https:\/\/supcom.standardof.net\/fr\/supreme-commander\/procedures-pas-a-pas-de-la-campagne\/cybran-operation-liberte\/\" class=\"rank-math-link\">Op\u00e9ration Libert\u00e9<\/a><\/li><\/ol>\n<\/div><\/div>\n<\/div><\/section>\n\n\n\n<section class=\"wp-block-uagb-columns uagb-columns__wrap uagb-columns__background-undefined uagb-columns__stack-mobile uagb-columns__valign-undefined uagb-columns__gap-10 alignundefined uagb-block-fd9a3098\"><div class=\"uagb-columns__overlay\"><\/div><div class=\"uagb-columns__inner-wrap uagb-columns__columns-1\">\n<div class=\"wp-block-uagb-column uagb-column__wrap uagb-column__background-undefined uagb-block-f159f760\"><div class=\"uagb-column__overlay\"><\/div><div class=\"uagb-column__inner-wrap\">\n<h3 class=\"wp-block-heading\" id=\"Aeon-Campaign\">Campagne Aeon<\/h3>\n\n\n\n<ol><li><a href=\"https:\/\/supcom.standardof.net\/fr\/supreme-commander\/procedures-pas-a-pas-de-la-campagne\/aeon-operation-joute\/\" class=\"rank-math-link\">Op\u00e9ration Joust<\/a><\/li><li><a href=\"https:\/\/supcom.standardof.net\/fr\/supreme-commander\/procedures-pas-a-pas-de-la-campagne\/aeon-operation-machine-purge\/\" class=\"rank-math-link\">Op\u00e9ration Purge de la machine<\/a><\/li><li><a href=\"https:\/\/supcom.standardof.net\/fr\/supreme-commander\/procedures-pas-a-pas-de-la-campagne\/aeon-operation-maree-haute\/\" class=\"rank-math-link\">Op\u00e9ration High Tide<\/a><\/li><li><a href=\"https:\/\/supcom.standardof.net\/fr\/supreme-commander\/procedures-pas-a-pas-de-la-campagne\/entite-operation-aeon\/\" class=\"rank-math-link\">Entit\u00e9 op\u00e9rationnelle<\/a><\/li><li><a href=\"https:\/\/supcom.standardof.net\/fr\/supreme-commander\/procedures-pas-a-pas-de-la-campagne\/aeon-operation-shining-star\/\" class=\"rank-math-link\">Op\u00e9ration Shining Star<\/a><\/li><li><a href=\"https:\/\/supcom.standardof.net\/fr\/supreme-commander\/procedures-pas-a-pas-de-la-campagne\/aeon-operation-debuts\/\" class=\"rank-math-link\">D\u00e9but de l&#039;op\u00e9ration<\/a><\/li><\/ol>\n<\/div><\/div>\n<\/div><\/section>","protected":false},"excerpt":{"rendered":"<p>There are 3 separate campaigns in Supreme Commander, one for each faction, the UEF, Cybran and Aeon. Each of the campaigns has 6 missions, making 18 total. Each series of missions will portray the viewpoint and involvement of said faction in the Infinite War which consumes the universe in the game. Some Key Notes on [&hellip;]<\/p>","protected":false},"author":1,"featured_media":5,"parent":14,"menu_order":1,"comment_status":"closed","ping_status":"closed","template":"","meta":{"_uag_custom_page_level_css":"","site-sidebar-layout":"default","site-content-layout":"default","ast-site-content-layout":"","site-content-style":"default","site-sidebar-style":"default","ast-global-header-display":"","ast-banner-title-visibility":"","ast-main-header-display":"","ast-hfb-above-header-display":"","ast-hfb-below-header-display":"","ast-hfb-mobile-header-display":"","site-post-title":"","ast-breadcrumbs-content":"","ast-featured-img":"","footer-sml-layout":"","theme-transparent-header-meta":"default","adv-header-id-meta":"","stick-header-meta":"","header-above-stick-meta":"","header-main-stick-meta":"","header-below-stick-meta":"","astra-migrate-meta-layouts":"default","ast-page-background-enabled":"default","ast-page-background-meta":{"desktop":{"background-color":"","background-image":"","background-repeat":"repeat","background-position":"center center","background-size":"auto","background-attachment":"scroll","background-type":"","background-media":"","overlay-type":"","overlay-color":"","overlay-gradient":""},"tablet":{"background-color":"","background-image":"","background-repeat":"repeat","background-position":"center center","background-size":"auto","background-attachment":"scroll","background-type":"","background-media":"","overlay-type":"","overlay-color":"","overlay-gradient":""},"mobile":{"background-color":"","background-image":"","background-repeat":"repeat","background-position":"center center","background-size":"auto","background-attachment":"scroll","background-type":"","background-media":"","overlay-type":"","overlay-color":"","overlay-gradient":""}},"ast-content-background-meta":{"desktop":{"background-color":"var(--ast-global-color-5)","background-image":"","background-repeat":"repeat","background-position":"center center","background-size":"auto","background-attachment":"scroll","background-type":"","background-media":"","overlay-type":"","overlay-color":"","overlay-gradient":""},"tablet":{"background-color":"var(--ast-global-color-5)","background-image":"","background-repeat":"repeat","background-position":"center center","background-size":"auto","background-attachment":"scroll","background-type":"","background-media":"","overlay-type":"","overlay-color":"","overlay-gradient":""},"mobile":{"background-color":"var(--ast-global-color-5)","background-image":"","background-repeat":"repeat","background-position":"center center","background-size":"auto","background-attachment":"scroll","background-type":"","background-media":"","overlay-type":"","overlay-color":"","overlay-gradient":""}},"footnotes":""},"uagb_featured_image_src":{"full":["https:\/\/supcom.standardof.net\/wp-content\/uploads\/sites\/8\/2020\/10\/Supreme-Commander-Header-UEF.jpg",1600,680,false],"thumbnail":["https:\/\/supcom.standardof.net\/wp-content\/uploads\/sites\/8\/2020\/10\/Supreme-Commander-Header-UEF-200x85.jpg",200,85,true],"medium":["https:\/\/supcom.standardof.net\/wp-content\/uploads\/sites\/8\/2020\/10\/Supreme-Commander-Header-UEF-512x218.jpg",512,218,true],"medium_large":["https:\/\/supcom.standardof.net\/wp-content\/uploads\/sites\/8\/2020\/10\/Supreme-Commander-Header-UEF-768x326.jpg",768,326,true],"large":["https:\/\/supcom.standardof.net\/wp-content\/uploads\/sites\/8\/2020\/10\/Supreme-Commander-Header-UEF-800x340.jpg",800,340,true],"1536x1536":["https:\/\/supcom.standardof.net\/wp-content\/uploads\/sites\/8\/2020\/10\/Supreme-Commander-Header-UEF-1536x653.jpg",1536,653,true],"2048x2048":["https:\/\/supcom.standardof.net\/wp-content\/uploads\/sites\/8\/2020\/10\/Supreme-Commander-Header-UEF.jpg",1600,680,false],"trp-custom-language-flag":["https:\/\/supcom.standardof.net\/wp-content\/uploads\/sites\/8\/2020\/10\/Supreme-Commander-Header-UEF-16x7.jpg",16,7,true]},"uagb_author_info":{"display_name":"SOE","author_link":"https:\/\/supcom.standardof.net\/fr\/author\/k-tastic\/"},"uagb_comment_info":0,"uagb_excerpt":"There are 3 separate campaigns in Supreme Commander, one for each faction, the UEF, Cybran and Aeon. Each of the campaigns has 6 missions, making 18 total. Each series of missions will portray the viewpoint and involvement of said faction in the Infinite War which consumes the universe in the game. Some Key Notes on&hellip;","_links":{"self":[{"href":"https:\/\/supcom.standardof.net\/fr\/wp-json\/wp\/v2\/pages\/122"}],"collection":[{"href":"https:\/\/supcom.standardof.net\/fr\/wp-json\/wp\/v2\/pages"}],"about":[{"href":"https:\/\/supcom.standardof.net\/fr\/wp-json\/wp\/v2\/types\/page"}],"author":[{"embeddable":true,"href":"https:\/\/supcom.standardof.net\/fr\/wp-json\/wp\/v2\/users\/1"}],"replies":[{"embeddable":true,"href":"https:\/\/supcom.standardof.net\/fr\/wp-json\/wp\/v2\/comments?post=122"}],"version-history":[{"count":0,"href":"https:\/\/supcom.standardof.net\/fr\/wp-json\/wp\/v2\/pages\/122\/revisions"}],"up":[{"embeddable":true,"href":"https:\/\/supcom.standardof.net\/fr\/wp-json\/wp\/v2\/pages\/14"}],"wp:featuredmedia":[{"embeddable":true,"href":"https:\/\/supcom.standardof.net\/fr\/wp-json\/wp\/v2\/media\/5"}],"wp:attachment":[{"href":"https:\/\/supcom.standardof.net\/fr\/wp-json\/wp\/v2\/media?parent=122"}],"curies":[{"name":"wp","href":"https:\/\/api.w.org\/{rel}","templated":true}]}}