{"id":14,"date":"2020-10-30T21:44:12","date_gmt":"2020-10-31T01:44:12","guid":{"rendered":"https:\/\/supcom.standardof.net\/?page_id=14"},"modified":"2020-11-06T01:00:10","modified_gmt":"2020-11-06T06:00:10","slug":"supreme-commander","status":"publish","type":"page","link":"https:\/\/supcom.standardof.net\/fr\/","title":{"rendered":"Guide strat\u00e9gique du commandant supr\u00eame"},"content":{"rendered":"<section class=\"wp-block-uagb-columns uagb-columns__wrap uagb-columns__background-undefined uagb-columns__stack-mobile uagb-columns__valign-undefined uagb-columns__gap-10 alignundefined uagb-block-2d1e63ac\"><div class=\"uagb-columns__overlay\"><\/div><div class=\"uagb-columns__inner-wrap uagb-columns__columns-1\">\n<div class=\"wp-block-uagb-column uagb-column__wrap uagb-column__background-undefined uagb-block-874ac485\"><div class=\"uagb-column__overlay\"><\/div><div class=\"uagb-column__inner-wrap\">\n<div class=\"wp-block-image\"><figure class=\"aligncenter size-full is-resized\"><img decoding=\"async\" src=\"https:\/\/supcom.standardof.net\/wp-content\/uploads\/sites\/8\/2020\/10\/Supreme-Commander-Logo-1.png\" alt=\"\" class=\"wp-image-13\" width=\"256\" height=\"217\" srcset=\"https:\/\/supcom.standardof.net\/wp-content\/uploads\/sites\/8\/2020\/10\/Supreme-Commander-Logo-1.png 256w, https:\/\/supcom.standardof.net\/wp-content\/uploads\/sites\/8\/2020\/10\/Supreme-Commander-Logo-1-200x170.png 200w, https:\/\/supcom.standardof.net\/wp-content\/uploads\/sites\/8\/2020\/10\/Supreme-Commander-Logo-1-14x12.png 14w\" sizes=\"(max-width: 256px) 100vw, 256px\" \/><\/figure><\/div>\n\n\n\n<h2 class=\"has-text-align-center wp-block-heading\">\u00c0 propos du guide Supreme Commander<\/h2>\n\n\n\n<p>Supreme Commander est un jeu de strat\u00e9gie en temps r\u00e9el con\u00e7u par Chris Taylor, l&#039;esprit derri\u00e8re le pr\u00e9d\u00e9cesseur spirituel de Sup Com, Total Annihilation.<\/p>\n\n\n\n<p>Cette FAQ de Supreme Commander ne se concentre pas sur le sc\u00e9nario ou les aspects savoureux du jeu, mais sur les aspects techniques et ax\u00e9s sur les donn\u00e9es. C&#039;est une r\u00e9f\u00e9rence pour ceux d&#039;entre nous qui veulent savoir ce qui se passe sous le capot du jeu, comment modifier la derni\u00e8re once d&#039;utilit\u00e9 de nos unit\u00e9s, comment battre cette campagne insoluble de deux mani\u00e8res diff\u00e9rentes.<\/p>\n<\/div><\/div>\n<\/div><\/section>\n\n\n\n<section class=\"wp-block-uagb-columns uagb-columns__wrap uagb-columns__background-undefined uagb-columns__stack-mobile uagb-columns__valign-undefined uagb-columns__gap-10 alignundefined uagb-block-c1193f35\"><div class=\"uagb-columns__overlay\"><\/div><div class=\"uagb-columns__inner-wrap uagb-columns__columns-1\">\n<div class=\"wp-block-uagb-column uagb-column__wrap uagb-column__background-undefined uagb-block-4369c1db\"><div class=\"uagb-column__overlay\"><\/div><div class=\"uagb-column__inner-wrap\">\n<h3 class=\"wp-block-heading\">TERMINOLOGIE<\/h3>\n\n\n\n<p>Tout au long de ce guide, \u00abCommander\u00bb et \u00abACU\u00bb sont utilis\u00e9s de mani\u00e8re interchangeable, tout comme \u00abSubcommander\u00bb et \u00abSCU\u00bb. L&#039;anti-air est parfois abr\u00e9g\u00e9 en \u00abAA\u00bb. Les co\u00fbts des ressources sont g\u00e9n\u00e9ralement exprim\u00e9s en termes de M, E, T: masse, \u00e9nergie, temps de construction. Chaque unit\u00e9 de temps (T) est de 1 seconde pour une unit\u00e9 avec une vitesse de construction 1. Par exemple, le commandant a une vitesse de construction 10, donc il peut construire une unit\u00e9 avec un co\u00fbt T300 en 300\/10 = 30 secondes, et si son co\u00fbt de masse est M60, il utilise 2 masse \/ sec.<\/p>\n<\/div><\/div>\n<\/div><\/section>\n\n\n\n<section class=\"wp-block-uagb-columns uagb-columns__wrap uagb-columns__background-undefined uagb-columns__stack-mobile uagb-columns__valign-undefined uagb-columns__gap-10 alignundefined uagb-block-e98bc751\"><div class=\"uagb-columns__overlay\"><\/div><div class=\"uagb-columns__inner-wrap uagb-columns__columns-1\">\n<div class=\"wp-block-uagb-column uagb-column__wrap uagb-column__background-undefined uagb-block-c8d221a6\"><div class=\"uagb-column__overlay\"><\/div><div class=\"uagb-column__inner-wrap\">\n<h2 class=\"has-text-align-center wp-block-heading\"><strong>INDEX DU GUIDE<\/strong><\/h2>\n\n\n\n<h3 class=\"wp-block-heading\"><a href=\"https:\/\/supcom.standardof.net\/fr\/supreme-commander\/les-controles\/\" class=\"rank-math-link\"><strong>Les contr\u00f4les<\/strong><\/a> <\/h3>\n\n\n\n<p><strong><a href=\"https:\/\/supcom.standardof.net\/fr\/supreme-commander\/les-controles\/selection-des-unites\/\">S\u00e9lection des unit\u00e9s<\/a><\/strong> - <strong><a href=\"https:\/\/supcom.standardof.net\/fr\/supreme-commander\/les-controles\/donner-des-ordres\/\">Donner des ordres<\/a><\/strong> - <strong><a href=\"https:\/\/supcom.standardof.net\/fr\/supreme-commander\/les-controles\/batiment\/\">B\u00e2timent<\/a><\/strong> - <strong><a class=\"rank-math-link\" href=\"https:\/\/supcom.standardof.net\/fr\/supreme-commander\/les-controles\/camera-et-interface\/\">Cam\u00e9ra et interface<\/a><\/strong><\/p>\n\n\n\n<p><em>D\u00e9tails sur l&#039;utilisation de l&#039;interface et des commandes de base.<\/em><\/p>\n\n\n\n<h3 class=\"wp-block-heading\"><a href=\"https:\/\/supcom.standardof.net\/fr\/supreme-commander\/procedures-pas-a-pas-de-la-campagne\/\" class=\"rank-math-link\"><strong>Proc\u00e9dure pas \u00e0 pas de la campagne<\/strong><\/a> <\/h3>\n\n\n\n<p><em>Guides pour chaque mission.<\/em><\/p>\n\n\n\n<h3 class=\"wp-block-heading\"><strong>Listes des unit\u00e9s de faction<\/strong><\/h3>\n\n\n\n<p><a href=\"https:\/\/supcom.standardof.net\/fr\/supreme-commander\/uef\/\" class=\"rank-math-link\">F\u00e9d\u00e9ration de la Terre unie (UEF)<\/a> - <a href=\"https:\/\/supcom.standardof.net\/fr\/supreme-commander\/cybran\/\" class=\"rank-math-link\">Nation cybran<\/a> - <a href=\"https:\/\/supcom.standardof.net\/fr\/supreme-commander\/temps-infini\/\" class=\"rank-math-link\">Aeon Illuminate<\/a><\/p>\n\n\n\n<p><em>Pages pour les arm\u00e9es de chaque faction et informations d\u00e9taill\u00e9es sur les unit\u00e9s.<\/em><\/p>\n\n\n\n<h3 class=\"wp-block-heading\"><strong>Comparaisons des unit\u00e9s de faction <\/strong><\/h3>\n\n\n\n<p><em>Analyse des diff\u00e9rentes unit\u00e9s homologues de chaque faction.<\/em> (Bient\u00f4t disponible)<\/p>\n\n\n\n<h3 class=\"wp-block-heading\" id=\"economy\"><strong>\u00c9conomie<\/strong><\/h3>\n\n\n\n<p><a href=\"https:\/\/supcom.standardof.net\/fr\/supreme-commander\/commandes-de-demarrage\/\">Commencer les commandes de build<\/a> - <a href=\"https:\/\/supcom.standardof.net\/fr\/supreme-commander\/primes-de-contiguite\/\">Bonus de proximit\u00e9<\/a> - <a href=\"https:\/\/supcom.standardof.net\/fr\/supreme-commander\/mode-de-construction\/\">Mode de construction<\/a><\/p>\n\n\n\n<p><em>Des d\u00e9tails plus complexes sur le fonctionnement de l&#039;\u00e9conomie dans le jeu.<\/em><\/p>\n<\/div><\/div>\n<\/div><\/section>\n\n\n\n<section class=\"wp-block-uagb-columns uagb-columns__wrap uagb-columns__background-undefined uagb-columns__stack-mobile uagb-columns__valign-undefined uagb-columns__gap-10 alignundefined uagb-block-e7357cea\"><div class=\"uagb-columns__overlay\"><\/div><div class=\"uagb-columns__inner-wrap uagb-columns__columns-1\">\n<div class=\"wp-block-uagb-column uagb-column__wrap uagb-column__background-undefined uagb-block-015c136f\"><div class=\"uagb-column__overlay\"><\/div><div class=\"uagb-column__inner-wrap\">\n<h4 class=\"wp-block-heading\">Version XBOX<\/h4>\n\n\n\n<p>Ce guide ne couvre pas la version Xbox 360 de Supreme Commander. Bien qu&#039;il existe de nombreuses similitudes fondamentales en termes de factions, de missions, d&#039;unit\u00e9s et de leurs statistiques, etc., il existe de nombreuses diff\u00e9rences flagrantes en ce qui concerne les contr\u00f4les utilis\u00e9s et le gameplay global pr\u00e9sent\u00e9. Le guide original a \u00e9t\u00e9 \u00e9crit exclusivement pour la version PC et il n&#039;est actuellement pas pr\u00e9vu d&#039;ajouter des informations sp\u00e9cifiques \u00e0 Xbox.<\/p>\n<\/div><\/div>\n<\/div><\/section>\n\n\n\n<hr class=\"wp-block-separator\"\/>\n\n\n\n<section class=\"wp-block-uagb-columns uagb-columns__wrap uagb-columns__background-undefined uagb-columns__stack-mobile uagb-columns__valign-undefined uagb-columns__gap-10 alignundefined uagb-block-1d0b4775\"><div class=\"uagb-columns__overlay\"><\/div><div class=\"uagb-columns__inner-wrap uagb-columns__columns-1\">\n<div class=\"wp-block-uagb-column uagb-column__wrap uagb-column__background-undefined uagb-block-236d7ab6\"><div class=\"uagb-column__overlay\"><\/div><div class=\"uagb-column__inner-wrap\">\n<h2 class=\"has-text-align-center wp-block-heading\">Cr\u00e9dits<\/h2>\n\n\n\n<h3 class=\"wp-block-heading\">Guide original par Robyrt<\/h3>\n\n\n\n<p>Cette FAQ est sous copyright (c) 2007, Robert Marney (alias Robyrt). Tous les droits sont r\u00e9serv\u00e9s. L&#039;utilisation de ce fichier ou de toute partie de celui-ci est autoris\u00e9e pour un usage personnel uniquement; ne pas republier ou dupliquer sans l&#039;autorisation explicite de l&#039;auteur.<\/p>\n\n\n\n<p>Mon r\u00e9sum\u00e9 des bonus de contigu\u00eft\u00e9 dans la version 5.2 est fortement influenc\u00e9 par le guide de Spura. Les proc\u00e9dures pas \u00e0 pas de la campagne doivent beaucoup au guide strat\u00e9gique de Tim Bogenn. Les fichiers de plans d&#039;unit\u00e9 ont \u00e9t\u00e9 d\u00e9cod\u00e9s et t\u00e9l\u00e9charg\u00e9s par nowak@xpam.de.<br>Un grand merci \u00e0 qui que ce soit - vous avez rendu ce projet possible. Les mises \u00e0 niveau ont \u00e9t\u00e9 saisies manuellement par Robyrt.<\/p>\n\n\n\n<h4 class=\"wp-block-heading\">Version standard de divertissement<\/h4>\n\n\n\n<p>Auteur original: Robyrt<\/p>\n\n\n\n<p>Ce guide est modifi\u00e9 de l&#039;original et h\u00e9berg\u00e9 par <a href=\"https:\/\/standardof.net\/about\/\" target=\"_blank\" rel=\"noopener\">Norme de divertissement<\/a> avec l&#039;autorisation de l&#039;auteur original, destin\u00e9 \u00e0 servir de s\u00e9rie de proc\u00e9dures pas \u00e0 pas et d&#039;instructions \u00e0 utiliser avec le jeu<em> commandant supr\u00eame<\/em>. Ces autorisations ne sont pas transf\u00e9rables.<\/p>\n\n\n\n<p>Les ic\u00f4nes du clavier sont par <a rel=\"noreferrer noopener nofollow\" href=\"https:\/\/www.iconarchive.com\/artist\/chromatix.html\" target=\"_blank\">Chromatix<\/a> (<a href=\"https:\/\/creativecommons.org\/licenses\/by-nc-nd\/4.0\/\" target=\"_blank\" rel=\"noreferrer noopener nofollow\">CC BY-NC-ND 4.0<\/a>)<\/p>\n<\/div><\/div>\n<\/div><\/section>","protected":false},"excerpt":{"rendered":"<p>About the Supreme Commander Guide Supreme Commander is a Real Time Strategy game designed by Chris Taylor, the mind behind the spiritual predecessor to Sup Com, Total Annihilation. This Supreme Commander FAQ is not focused on the storyline or flavorful aspects of the game, but on the technical and data-driven aspects. It&#8217;s a reference for [&hellip;]<\/p>","protected":false},"author":1,"featured_media":0,"parent":0,"menu_order":0,"comment_status":"open","ping_status":"closed","template":"","meta":{"_uag_custom_page_level_css":"","site-sidebar-layout":"default","site-content-layout":"default","ast-site-content-layout":"","site-content-style":"default","site-sidebar-style":"default","ast-global-header-display":"","ast-banner-title-visibility":"","ast-main-header-display":"","ast-hfb-above-header-display":"","ast-hfb-below-header-display":"","ast-hfb-mobile-header-display":"","site-post-title":"","ast-breadcrumbs-content":"","ast-featured-img":"","footer-sml-layout":"","theme-transparent-header-meta":"default","adv-header-id-meta":"","stick-header-meta":"","header-above-stick-meta":"","header-main-stick-meta":"","header-below-stick-meta":"","astra-migrate-meta-layouts":"default","ast-page-background-enabled":"default","ast-page-background-meta":{"desktop":{"background-color":"","background-image":"","background-repeat":"repeat","background-position":"center center","background-size":"auto","background-attachment":"scroll","background-type":"","background-media":"","overlay-type":"","overlay-color":"","overlay-gradient":""},"tablet":{"background-color":"","background-image":"","background-repeat":"repeat","background-position":"center center","background-size":"auto","background-attachment":"scroll","background-type":"","background-media":"","overlay-type":"","overlay-color":"","overlay-gradient":""},"mobile":{"background-color":"","background-image":"","background-repeat":"repeat","background-position":"center center","background-size":"auto","background-attachment":"scroll","background-type":"","background-media":"","overlay-type":"","overlay-color":"","overlay-gradient":""}},"ast-content-background-meta":{"desktop":{"background-color":"var(--ast-global-color-5)","background-image":"","background-repeat":"repeat","background-position":"center center","background-size":"auto","background-attachment":"scroll","background-type":"","background-media":"","overlay-type":"","overlay-color":"","overlay-gradient":""},"tablet":{"background-color":"var(--ast-global-color-5)","background-image":"","background-repeat":"repeat","background-position":"center center","background-size":"auto","background-attachment":"scroll","background-type":"","background-media":"","overlay-type":"","overlay-color":"","overlay-gradient":""},"mobile":{"background-color":"var(--ast-global-color-5)","background-image":"","background-repeat":"repeat","background-position":"center center","background-size":"auto","background-attachment":"scroll","background-type":"","background-media":"","overlay-type":"","overlay-color":"","overlay-gradient":""}},"footnotes":""},"uagb_featured_image_src":{"full":false,"thumbnail":false,"medium":false,"medium_large":false,"large":false,"1536x1536":false,"2048x2048":false,"trp-custom-language-flag":false},"uagb_author_info":{"display_name":"SOE","author_link":"https:\/\/supcom.standardof.net\/fr\/author\/k-tastic\/"},"uagb_comment_info":15,"uagb_excerpt":"About the Supreme Commander Guide Supreme Commander is a Real Time Strategy game designed by Chris Taylor, the mind behind the spiritual predecessor to Sup Com, Total Annihilation. This Supreme Commander FAQ is not focused on the storyline or flavorful aspects of the game, but on the technical and data-driven aspects. It&#8217;s a reference for&hellip;","_links":{"self":[{"href":"https:\/\/supcom.standardof.net\/fr\/wp-json\/wp\/v2\/pages\/14"}],"collection":[{"href":"https:\/\/supcom.standardof.net\/fr\/wp-json\/wp\/v2\/pages"}],"about":[{"href":"https:\/\/supcom.standardof.net\/fr\/wp-json\/wp\/v2\/types\/page"}],"author":[{"embeddable":true,"href":"https:\/\/supcom.standardof.net\/fr\/wp-json\/wp\/v2\/users\/1"}],"replies":[{"embeddable":true,"href":"https:\/\/supcom.standardof.net\/fr\/wp-json\/wp\/v2\/comments?post=14"}],"version-history":[{"count":0,"href":"https:\/\/supcom.standardof.net\/fr\/wp-json\/wp\/v2\/pages\/14\/revisions"}],"wp:attachment":[{"href":"https:\/\/supcom.standardof.net\/fr\/wp-json\/wp\/v2\/media?parent=14"}],"curies":[{"name":"wp","href":"https:\/\/api.w.org\/{rel}","templated":true}]}}