{"id":153,"date":"2020-10-31T14:02:43","date_gmt":"2020-10-31T18:02:43","guid":{"rendered":"https:\/\/supcom.standardof.net\/?page_id=153"},"modified":"2020-10-31T14:39:12","modified_gmt":"2020-10-31T18:39:12","slug":"uef-operation-metal-shark","status":"publish","type":"page","link":"https:\/\/supcom.standardof.net\/fr\/supreme-commander\/procedures-pas-a-pas-de-la-campagne\/uef-operation-metal-shark\/","title":{"rendered":"Mission 3 de l&#039;UEF - Op\u00e9ration Metal Shark"},"content":{"rendered":"<p>Apr\u00e8s avoir re\u00e7u une promotion de capitaine pour vos efforts ant\u00e9rieurs dans Snow Blind, vous \u00eates maintenant charg\u00e9 dans l&#039;op\u00e9ration Metal Shark de vous diriger avec Arnold vers le monde de la jante Matar, o\u00f9 les Aeon lavent le cerveau ou massacrent la population locale. L&#039;op\u00e9ration Metal Shark sera la premi\u00e8re carte principalement navale sur laquelle vous combattrez dans la campagne UEF, et la seule mission qui tourne exclusivement autour du combat non terrestre.<\/p>\n\n\n\n<section class=\"wp-block-uagb-columns uagb-columns__wrap uagb-columns__background-undefined uagb-columns__stack-mobile uagb-columns__valign-undefined uagb-columns__gap-10 alignundefined uagb-block-2f35daeb\"><div class=\"uagb-columns__overlay\"><\/div><div class=\"uagb-columns__inner-wrap uagb-columns__columns-1\">\n<div class=\"wp-block-uagb-column uagb-column__wrap uagb-column__background-undefined uagb-block-66b45250\"><div class=\"uagb-column__overlay\"><\/div><div class=\"uagb-column__inner-wrap\">\n<h3 class=\"wp-block-heading\">1. VAINCRE LA FORCE DE LA FRIGATE<\/h3>\n\n\n\n<p><a href=\"https:\/\/www.standardof.net\/wp-content\/uploads\/2011\/10\/M-uef-3-1.avi_snapshot_00.11.04_2011.10.25_04.51.50.png\" class=\"rank-math-link\" target=\"_blank\" rel=\"noopener\"><\/a>Une flotte de six fr\u00e9gates patrouille au sud. Pour les vaincre, vous aurez besoin d&#039;une marine importante, alors construisez votre \u00eele de d\u00e9part avec beaucoup de d\u00e9fense a\u00e9rienne et maritime avant de commencer cet objectif. Une force mixte de sous-marins et de bombardiers fonctionne mieux, car ils rendent la vie difficile aux ing\u00e9nieurs qui construisent des lance-torpilles ou des fr\u00e9gates ennemies. Si vous avez d\u00e9bloqu\u00e9 des canons avec les objectifs 2 et 3, ceux-ci sont excellents.<\/p>\n\n\n\n<div class=\"wp-block-image\"><figure class=\"aligncenter size-large\"><a href=\"https:\/\/supcom.standardof.net\/fr\/supreme-commander\/procedures-pas-a-pas-de-la-campagne\/uef-operation-metal-shark\/uef-mission-3-operation-metal-shark-1\/\"><img decoding=\"async\" width=\"750\" height=\"601\" src=\"https:\/\/supcom.standardof.net\/wp-content\/uploads\/sites\/8\/2020\/10\/UEF-Mission-3-\u2013-Operation-Metal-Shark-1.jpg\" alt=\"\" class=\"wp-image-154\" srcset=\"https:\/\/supcom.standardof.net\/wp-content\/uploads\/sites\/8\/2020\/10\/UEF-Mission-3-\u2013-Operation-Metal-Shark-1.jpg 750w, https:\/\/supcom.standardof.net\/wp-content\/uploads\/sites\/8\/2020\/10\/UEF-Mission-3-\u2013-Operation-Metal-Shark-1-512x410.jpg 512w, https:\/\/supcom.standardof.net\/wp-content\/uploads\/sites\/8\/2020\/10\/UEF-Mission-3-\u2013-Operation-Metal-Shark-1-200x160.jpg 200w, https:\/\/supcom.standardof.net\/wp-content\/uploads\/sites\/8\/2020\/10\/UEF-Mission-3-\u2013-Operation-Metal-Shark-1-16x12.jpg 16w\" sizes=\"(max-width: 750px) 100vw, 750px\" \/><\/a><\/figure><\/div>\n<\/div><\/div>\n<\/div><\/section>\n\n\n\n<section class=\"wp-block-uagb-columns uagb-columns__wrap uagb-columns__background-undefined uagb-columns__stack-mobile uagb-columns__valign-undefined uagb-columns__gap-10 alignundefined uagb-block-cfe39f80\"><div class=\"uagb-columns__overlay\"><\/div><div class=\"uagb-columns__inner-wrap uagb-columns__columns-1\">\n<div class=\"wp-block-uagb-column uagb-column__wrap uagb-column__background-undefined uagb-block-00145445\"><div class=\"uagb-column__overlay\"><\/div><div class=\"uagb-column__inner-wrap\">\n<h3 class=\"wp-block-heading\">2. INSTALLATION DU SONAR DE CONSTRUCTION<\/h3>\n\n\n\n<p>Objectif le plus simple depuis \u00abBuild 3 Mass Extractors\u00bb. Construisez-le pr\u00e8s d&#039;un lance-torpilles afin que vous puissiez avoir un avertissement \u00e0 l&#039;avance pour vos d\u00e9fenses.<\/p>\n<\/div><\/div>\n<\/div><\/section>\n\n\n\n<section class=\"wp-block-uagb-columns uagb-columns__wrap uagb-columns__background-undefined uagb-columns__stack-mobile uagb-columns__valign-undefined uagb-columns__gap-10 alignundefined uagb-block-13f08576\"><div class=\"uagb-columns__overlay\"><\/div><div class=\"uagb-columns__inner-wrap uagb-columns__columns-1\">\n<div class=\"wp-block-uagb-column uagb-column__wrap uagb-column__background-undefined uagb-block-0b9139f6\"><div class=\"uagb-column__overlay\"><\/div><div class=\"uagb-column__inner-wrap\">\n<h3 class=\"wp-block-heading\">3. D\u00c9TRUIRE TOUS LES GROUPES SOUS-MARINS ENNEMIS<\/h3>\n\n\n\n<p><a href=\"https:\/\/www.standardof.net\/wp-content\/uploads\/2011\/10\/M-uef-3-1.avi_snapshot_00.15.39_2011.10.25_04.54.34.png\" class=\"rank-math-link\" target=\"_blank\" rel=\"noopener\"><\/a>La seule vraie fa\u00e7on de vaincre les sous-marins ennemis est d&#039;avoir beaucoup de sous-marins \u00e0 vous. Une seule fr\u00e9gate vous donnera \u00e9galement une couverture sonar pour l&#039;avantage essentiel des sous-batailles, car celui qui tire le premier gagne g\u00e9n\u00e9ralement. Si vous pouvez les pi\u00e9ger dans un lance-torpilles, votre travail est plus facile, mais c&#039;est risqu\u00e9.<\/p>\n\n\n\n<div class=\"wp-block-image\"><figure class=\"aligncenter size-large\"><img decoding=\"async\" width=\"800\" height=\"583\" src=\"https:\/\/supcom.standardof.net\/wp-content\/uploads\/sites\/8\/2020\/10\/UEF-Mission-3-\u2013-Operation-Metal-Shark-2-800x583.jpg\" alt=\"\" class=\"wp-image-155\" srcset=\"https:\/\/supcom.standardof.net\/wp-content\/uploads\/sites\/8\/2020\/10\/UEF-Mission-3-\u2013-Operation-Metal-Shark-2-800x583.jpg 800w, https:\/\/supcom.standardof.net\/wp-content\/uploads\/sites\/8\/2020\/10\/UEF-Mission-3-\u2013-Operation-Metal-Shark-2-512x373.jpg 512w, https:\/\/supcom.standardof.net\/wp-content\/uploads\/sites\/8\/2020\/10\/UEF-Mission-3-\u2013-Operation-Metal-Shark-2-200x146.jpg 200w, https:\/\/supcom.standardof.net\/wp-content\/uploads\/sites\/8\/2020\/10\/UEF-Mission-3-\u2013-Operation-Metal-Shark-2-768x559.jpg 768w, https:\/\/supcom.standardof.net\/wp-content\/uploads\/sites\/8\/2020\/10\/UEF-Mission-3-\u2013-Operation-Metal-Shark-2-16x12.jpg 16w, https:\/\/supcom.standardof.net\/wp-content\/uploads\/sites\/8\/2020\/10\/UEF-Mission-3-\u2013-Operation-Metal-Shark-2.jpg 810w\" sizes=\"(max-width: 800px) 100vw, 800px\" \/><\/figure><\/div>\n<\/div><\/div>\n<\/div><\/section>\n\n\n\n<section class=\"wp-block-uagb-columns uagb-columns__wrap uagb-columns__background-undefined uagb-columns__stack-mobile uagb-columns__valign-undefined uagb-columns__gap-10 alignundefined uagb-block-52e3d529\"><div class=\"uagb-columns__overlay\"><\/div><div class=\"uagb-columns__inner-wrap uagb-columns__columns-1\">\n<div class=\"wp-block-uagb-column uagb-column__wrap uagb-column__background-undefined uagb-block-2871396f\"><div class=\"uagb-column__overlay\"><\/div><div class=\"uagb-column__inner-wrap\">\n<h3 class=\"wp-block-heading\">4. CONTRE-ATTAQUE AEON<\/h3>\n\n\n\n<p><em><a href=\"https:\/\/www.standardof.net\/wp-content\/uploads\/2011\/10\/M-uef-3-1.avi_snapshot_00.36.52_2011.10.25_04.56.58.png\" class=\"rank-math-link\" target=\"_blank\" rel=\"noopener\"><\/a>La carte s&#039;agrandit vers le sud<br>Sch\u00e9mas ajout\u00e9s par ce point: Gunship, Torpedo Bomber<\/em><br>Si vous avez une force navale et a\u00e9rienne d\u00e9cente, la contre-attaque ne devrait pas poser de probl\u00e8me - assurez-vous simplement que vos chasseurs couvrent les approches de votre base. Il y a une petite \u00eele Aeon \u00e0 proximit\u00e9 avec une usine d&#039;hydrocarbures dessus; envoyez-le avec des navires (faites surface vos sous-marins pour attaquer des cibles au sol).<\/p>\n\n\n\n<div class=\"wp-block-image\"><figure class=\"aligncenter size-large\"><img decoding=\"async\" width=\"800\" height=\"570\" src=\"https:\/\/supcom.standardof.net\/wp-content\/uploads\/sites\/8\/2020\/10\/UEF-Mission-3-\u2013-Operation-Metal-Shark-3-800x570.jpg\" alt=\"\" class=\"wp-image-156\" srcset=\"https:\/\/supcom.standardof.net\/wp-content\/uploads\/sites\/8\/2020\/10\/UEF-Mission-3-\u2013-Operation-Metal-Shark-3-800x570.jpg 800w, https:\/\/supcom.standardof.net\/wp-content\/uploads\/sites\/8\/2020\/10\/UEF-Mission-3-\u2013-Operation-Metal-Shark-3-512x365.jpg 512w, https:\/\/supcom.standardof.net\/wp-content\/uploads\/sites\/8\/2020\/10\/UEF-Mission-3-\u2013-Operation-Metal-Shark-3-200x143.jpg 200w, https:\/\/supcom.standardof.net\/wp-content\/uploads\/sites\/8\/2020\/10\/UEF-Mission-3-\u2013-Operation-Metal-Shark-3-768x547.jpg 768w, https:\/\/supcom.standardof.net\/wp-content\/uploads\/sites\/8\/2020\/10\/UEF-Mission-3-\u2013-Operation-Metal-Shark-3-16x12.jpg 16w, https:\/\/supcom.standardof.net\/wp-content\/uploads\/sites\/8\/2020\/10\/UEF-Mission-3-\u2013-Operation-Metal-Shark-3.jpg 870w\" sizes=\"(max-width: 800px) 100vw, 800px\" \/><\/figure><\/div>\n<\/div><\/div>\n<\/div><\/section>\n\n\n\n<section class=\"wp-block-uagb-columns uagb-columns__wrap uagb-columns__background-undefined uagb-columns__stack-mobile uagb-columns__valign-undefined uagb-columns__gap-10 alignundefined uagb-block-05d617f2\"><div class=\"uagb-columns__overlay\"><\/div><div class=\"uagb-columns__inner-wrap uagb-columns__columns-1\">\n<div class=\"wp-block-uagb-column uagb-column__wrap uagb-column__background-undefined uagb-block-8c74e31e\"><div class=\"uagb-column__overlay\"><\/div><div class=\"uagb-column__inner-wrap\">\n<h3 class=\"wp-block-heading\">5. R\u00c9CUP\u00c9RER LA BO\u00ceTE NOIRE D&#039;ARNOLD<\/h3>\n\n\n\n<p><em><a href=\"https:\/\/www.standardof.net\/wp-content\/uploads\/2011\/10\/M-uef-3-1.avi_snapshot_00.54.12_2011.10.25_04.59.57.png\" class=\"rank-math-link\" target=\"_blank\" rel=\"noopener\"><\/a>Sch\u00e9mas ajout\u00e9s: syst\u00e8me d&#039;allocation des ressources - mise \u00e0 niveau de l&#039;ACU<\/em><br>\u00c0 pr\u00e9sent, vous devriez avoir intensifi\u00e9 votre production d&#039;avions afin d&#039;avoir beaucoup de navires de combat et de chasseurs pr\u00eats, avec un soutien de bombardiers \/ bombardiers torpilleurs pour votre flotte maritime. Essayez de prendre le contr\u00f4le naval t\u00f4t afin de pouvoir arr\u00eater de construire des bombardiers torpilleurs et vous concentrer sur les unit\u00e9s a\u00e9riennes. Assurez-vous de patrouiller vers l&#039;est, car les attaques ennemies viennent g\u00e9n\u00e9ralement de cette direction. D\u00e9veloppez-vous aux \u00eeles du sud - Les d\u00e9fenses de point T2 sur le rivage fonctionnent tr\u00e8s bien pour \u00e9loigner les navires Aeon. Lorsque vous \u00eates pr\u00eat \u00e0 emm\u00e9nager sur l&#039;\u00eele d&#039;Arnold, envoyez d&#039;abord votre avion pour d\u00e9truire les lance-torpilles, puis amenez vos navires pour nettoyer.<\/p>\n\n\n\n<div class=\"wp-block-image\"><figure class=\"aligncenter size-large\"><a href=\"https:\/\/supcom.standardof.net\/fr\/supreme-commander\/procedures-pas-a-pas-de-la-campagne\/uef-operation-metal-shark\/uef-mission-3-operation-metal-shark-4\/\"><img decoding=\"async\" width=\"800\" height=\"493\" src=\"https:\/\/supcom.standardof.net\/wp-content\/uploads\/sites\/8\/2020\/10\/UEF-Mission-3-\u2013-Operation-Metal-Shark-4.jpg\" alt=\"\" class=\"wp-image-157\" srcset=\"https:\/\/supcom.standardof.net\/wp-content\/uploads\/sites\/8\/2020\/10\/UEF-Mission-3-\u2013-Operation-Metal-Shark-4.jpg 800w, https:\/\/supcom.standardof.net\/wp-content\/uploads\/sites\/8\/2020\/10\/UEF-Mission-3-\u2013-Operation-Metal-Shark-4-512x316.jpg 512w, https:\/\/supcom.standardof.net\/wp-content\/uploads\/sites\/8\/2020\/10\/UEF-Mission-3-\u2013-Operation-Metal-Shark-4-200x123.jpg 200w, https:\/\/supcom.standardof.net\/wp-content\/uploads\/sites\/8\/2020\/10\/UEF-Mission-3-\u2013-Operation-Metal-Shark-4-768x473.jpg 768w, https:\/\/supcom.standardof.net\/wp-content\/uploads\/sites\/8\/2020\/10\/UEF-Mission-3-\u2013-Operation-Metal-Shark-4-16x10.jpg 16w\" sizes=\"(max-width: 800px) 100vw, 800px\" \/><\/a><\/figure><\/div>\n<\/div><\/div>\n<\/div><\/section>\n\n\n\n<section class=\"wp-block-uagb-columns uagb-columns__wrap uagb-columns__background-undefined uagb-columns__stack-mobile uagb-columns__valign-undefined uagb-columns__gap-10 alignundefined uagb-block-798d6de4\"><div class=\"uagb-columns__overlay\"><\/div><div class=\"uagb-columns__inner-wrap uagb-columns__columns-1\">\n<div class=\"wp-block-uagb-column uagb-column__wrap uagb-column__background-undefined uagb-block-00c53d5e\"><div class=\"uagb-column__overlay\"><\/div><div class=\"uagb-column__inner-wrap\">\n<h3 class=\"wp-block-heading\">6. TUER OU CAPTURER LA PRINCESSE AEON<\/h3>\n\n\n\n<p><em>La carte s&#039;agrandit vers l&#039;est<\/em><br><em>Sch\u00e9mas ajout\u00e9s: T2 Naval Factory<\/em><br>Vous ne pouvez pas atteindre cet objectif, peu importe comment vous essayez. Au lieu de cela, visez Eris, le commandant Aeon.<\/p>\n<\/div><\/div>\n<\/div><\/section>\n\n\n\n<section class=\"wp-block-uagb-columns uagb-columns__wrap uagb-columns__background-undefined uagb-columns__stack-mobile uagb-columns__valign-undefined uagb-columns__gap-10 alignundefined uagb-block-501ebdee\"><div class=\"uagb-columns__overlay\"><\/div><div class=\"uagb-columns__inner-wrap uagb-columns__columns-1\">\n<div class=\"wp-block-uagb-column uagb-column__wrap uagb-column__background-undefined uagb-block-52b99413\"><div class=\"uagb-column__overlay\"><\/div><div class=\"uagb-column__inner-wrap\">\n<h3 class=\"wp-block-heading\">7. D\u00c9TRUIRE LA BASE PRINCIPALE DU COMMANDANT AEON<\/h3>\n\n\n\n<p><a href=\"https:\/\/www.standardof.net\/wp-content\/uploads\/2011\/10\/M-uef-3-1.avi_snapshot_01.49.05_2011.10.25_05.03.53.png\" class=\"rank-math-link\" target=\"_blank\" rel=\"noopener\"><\/a>La base Aeon est grande et bien d\u00e9fendue. Construisez une arm\u00e9e de destroyers et de sous-marins, puis utilisez-la pour nettoyer d&#039;abord la petite \u00eele au nord de la base, puis pour d\u00e9truire l&#039;anti-a\u00e9rien sur la pointe sud de l&#039;\u00eele afin que vos navires de combat puissent se d\u00e9placer pour \u00e9tablir une t\u00eate de pont. Une fois que vous avez le contr\u00f4le naval, arr\u00eatez de construire des navires apr\u00e8s avoir quelques croiseurs pour pilonner le rivage et convertissez votre production en une usine terrestre T2 construisant des chars lourds que vous pouvez larguer par avion au sud. D\u00e9placez vos chars vers le nord, en concentrant le feu sur les tourelles anti-a\u00e9riennes. Comme d&#039;habitude, lorsque l&#039;ACU vient apr\u00e8s vos chars, envoyez les vaisseaux de combat et tous les bombardiers qu&#039;il vous reste pour tuer.<\/p>\n\n\n\n<div class=\"wp-block-image\"><figure class=\"aligncenter size-large\"><img decoding=\"async\" width=\"800\" height=\"432\" src=\"https:\/\/supcom.standardof.net\/wp-content\/uploads\/sites\/8\/2020\/10\/UEF-Mission-3-\u2013-Operation-Metal-Shark-5.jpg\" alt=\"\" class=\"wp-image-158\" srcset=\"https:\/\/supcom.standardof.net\/wp-content\/uploads\/sites\/8\/2020\/10\/UEF-Mission-3-\u2013-Operation-Metal-Shark-5.jpg 800w, https:\/\/supcom.standardof.net\/wp-content\/uploads\/sites\/8\/2020\/10\/UEF-Mission-3-\u2013-Operation-Metal-Shark-5-512x276.jpg 512w, https:\/\/supcom.standardof.net\/wp-content\/uploads\/sites\/8\/2020\/10\/UEF-Mission-3-\u2013-Operation-Metal-Shark-5-200x108.jpg 200w, https:\/\/supcom.standardof.net\/wp-content\/uploads\/sites\/8\/2020\/10\/UEF-Mission-3-\u2013-Operation-Metal-Shark-5-768x415.jpg 768w, https:\/\/supcom.standardof.net\/wp-content\/uploads\/sites\/8\/2020\/10\/UEF-Mission-3-\u2013-Operation-Metal-Shark-5-16x9.jpg 16w\" sizes=\"(max-width: 800px) 100vw, 800px\" \/><\/figure><\/div>\n<\/div><\/div>\n<\/div><\/section>\n\n\n\n<h3 class=\"has-text-align-center wp-block-heading\">Mission 3 - Operation Metal Shark - Guide vid\u00e9o<\/h3>\n\n\n\n<figure class=\"wp-block-embed-youtube wp-block-embed is-type-video is-provider-youtube wp-embed-aspect-16-9 wp-has-aspect-ratio\"><div class=\"wp-block-embed__wrapper\">\n<div class=\"ast-oembed-container\" style=\"height: 100%;\"><iframe title=\"Operation Metal Shark - Campagne du commandant supr\u00eame de l&#039;UEF en dur\" width=\"500\" height=\"281\" src=\"https:\/\/www.youtube.com\/embed\/dCYqt1LRzpo?feature=oembed\" frameborder=\"0\" allow=\"accelerometer; autoplay; clipboard-write; encrypted-media; gyroscope; picture-in-picture; web-share\" referrerpolicy=\"strict-origin-when-cross-origin\" allowfullscreen><\/iframe><\/div>\n<\/div><\/figure>","protected":false},"excerpt":{"rendered":"<p>After receiving a promotion to captain for your previous efforts in Snow Blind, you are now tasked in Operation Metal Shark with heading with Arnold to the rim-world Matar, where the Aeon are brainwashing or slaughtering the local populace. Operation Metal Shark will be the first primarily naval map you will be fighting on in [&hellip;]<\/p>","protected":false},"author":1,"featured_media":156,"parent":122,"menu_order":1,"comment_status":"closed","ping_status":"closed","template":"","meta":{"_uag_custom_page_level_css":"","site-sidebar-layout":"default","site-content-layout":"default","ast-site-content-layout":"","site-content-style":"default","site-sidebar-style":"default","ast-global-header-display":"","ast-banner-title-visibility":"","ast-main-header-display":"","ast-hfb-above-header-display":"","ast-hfb-below-header-display":"","ast-hfb-mobile-header-display":"","site-post-title":"","ast-breadcrumbs-content":"","ast-featured-img":"","footer-sml-layout":"","theme-transparent-header-meta":"default","adv-header-id-meta":"","stick-header-meta":"","header-above-stick-meta":"","header-main-stick-meta":"","header-below-stick-meta":"","astra-migrate-meta-layouts":"default","ast-page-background-enabled":"default","ast-page-background-meta":{"desktop":{"background-color":"","background-image":"","background-repeat":"repeat","background-position":"center center","background-size":"auto","background-attachment":"scroll","background-type":"","background-media":"","overlay-type":"","overlay-color":"","overlay-gradient":""},"tablet":{"background-color":"","background-image":"","background-repeat":"repeat","background-position":"center center","background-size":"auto","background-attachment":"scroll","background-type":"","background-media":"","overlay-type":"","overlay-color":"","overlay-gradient":""},"mobile":{"background-color":"","background-image":"","background-repeat":"repeat","background-position":"center center","background-size":"auto","background-attachment":"scroll","background-type":"","background-media":"","overlay-type":"","overlay-color":"","overlay-gradient":""}},"ast-content-background-meta":{"desktop":{"background-color":"var(--ast-global-color-5)","background-image":"","background-repeat":"repeat","background-position":"center center","background-size":"auto","background-attachment":"scroll","background-type":"","background-media":"","overlay-type":"","overlay-color":"","overlay-gradient":""},"tablet":{"background-color":"var(--ast-global-color-5)","background-image":"","background-repeat":"repeat","background-position":"center center","background-size":"auto","background-attachment":"scroll","background-type":"","background-media":"","overlay-type":"","overlay-color":"","overlay-gradient":""},"mobile":{"background-color":"var(--ast-global-color-5)","background-image":"","background-repeat":"repeat","background-position":"center center","background-size":"auto","background-attachment":"scroll","background-type":"","background-media":"","overlay-type":"","overlay-color":"","overlay-gradient":""}},"footnotes":""},"uagb_featured_image_src":{"full":["https:\/\/supcom.standardof.net\/wp-content\/uploads\/sites\/8\/2020\/10\/UEF-Mission-3-\u2013-Operation-Metal-Shark-3.jpg",870,620,false],"thumbnail":["https:\/\/supcom.standardof.net\/wp-content\/uploads\/sites\/8\/2020\/10\/UEF-Mission-3-\u2013-Operation-Metal-Shark-3-200x143.jpg",200,143,true],"medium":["https:\/\/supcom.standardof.net\/wp-content\/uploads\/sites\/8\/2020\/10\/UEF-Mission-3-\u2013-Operation-Metal-Shark-3-512x365.jpg",512,365,true],"medium_large":["https:\/\/supcom.standardof.net\/wp-content\/uploads\/sites\/8\/2020\/10\/UEF-Mission-3-\u2013-Operation-Metal-Shark-3-768x547.jpg",768,547,true],"large":["https:\/\/supcom.standardof.net\/wp-content\/uploads\/sites\/8\/2020\/10\/UEF-Mission-3-\u2013-Operation-Metal-Shark-3-800x570.jpg",800,570,true],"1536x1536":["https:\/\/supcom.standardof.net\/wp-content\/uploads\/sites\/8\/2020\/10\/UEF-Mission-3-\u2013-Operation-Metal-Shark-3.jpg",870,620,false],"2048x2048":["https:\/\/supcom.standardof.net\/wp-content\/uploads\/sites\/8\/2020\/10\/UEF-Mission-3-\u2013-Operation-Metal-Shark-3.jpg",870,620,false],"trp-custom-language-flag":["https:\/\/supcom.standardof.net\/wp-content\/uploads\/sites\/8\/2020\/10\/UEF-Mission-3-\u2013-Operation-Metal-Shark-3-16x12.jpg",16,12,true]},"uagb_author_info":{"display_name":"SOE","author_link":"https:\/\/supcom.standardof.net\/fr\/author\/k-tastic\/"},"uagb_comment_info":0,"uagb_excerpt":"After receiving a promotion to captain for your previous efforts in Snow Blind, you are now tasked in Operation Metal Shark with heading with Arnold to the rim-world Matar, where the Aeon are brainwashing or slaughtering the local populace. Operation Metal Shark will be the first primarily naval map you will be fighting on in&hellip;","_links":{"self":[{"href":"https:\/\/supcom.standardof.net\/fr\/wp-json\/wp\/v2\/pages\/153"}],"collection":[{"href":"https:\/\/supcom.standardof.net\/fr\/wp-json\/wp\/v2\/pages"}],"about":[{"href":"https:\/\/supcom.standardof.net\/fr\/wp-json\/wp\/v2\/types\/page"}],"author":[{"embeddable":true,"href":"https:\/\/supcom.standardof.net\/fr\/wp-json\/wp\/v2\/users\/1"}],"replies":[{"embeddable":true,"href":"https:\/\/supcom.standardof.net\/fr\/wp-json\/wp\/v2\/comments?post=153"}],"version-history":[{"count":0,"href":"https:\/\/supcom.standardof.net\/fr\/wp-json\/wp\/v2\/pages\/153\/revisions"}],"up":[{"embeddable":true,"href":"https:\/\/supcom.standardof.net\/fr\/wp-json\/wp\/v2\/pages\/122"}],"wp:featuredmedia":[{"embeddable":true,"href":"https:\/\/supcom.standardof.net\/fr\/wp-json\/wp\/v2\/media\/156"}],"wp:attachment":[{"href":"https:\/\/supcom.standardof.net\/fr\/wp-json\/wp\/v2\/media?parent=153"}],"curies":[{"name":"wp","href":"https:\/\/api.w.org\/{rel}","templated":true}]}}