{"id":172,"date":"2020-10-31T14:30:29","date_gmt":"2020-10-31T18:30:29","guid":{"rendered":"https:\/\/supcom.standardof.net\/?page_id=172"},"modified":"2020-10-31T14:40:16","modified_gmt":"2020-10-31T18:40:16","slug":"uef-operation-forge","status":"publish","type":"page","link":"https:\/\/supcom.standardof.net\/fr\/supreme-commander\/procedures-pas-a-pas-de-la-campagne\/uef-operation-forge\/","title":{"rendered":"Mission UEF 5 - Op\u00e9ration Forge"},"content":{"rendered":"<p>Malheureusement, avec le d\u00e9but de l&#039;op\u00e9ration Forge, nous apprenons que les informations recueillies lors de votre op\u00e9ration pr\u00e9c\u00e9dente n&#039;\u00e9taient pas suffisantes pour r\u00e9soudre le probl\u00e8me avec les portes quantiques. L&#039;UEF devra d\u00e9ployer la super arme Black Sun si elle veut survivre et pour ce faire, vous devrez superviser la d\u00e9fense d&#039;une autre installation importante pendant que les derni\u00e8res ressources sont transf\u00e9r\u00e9es \u00e0 Sol.<\/p>\n\n\n\n<section class=\"wp-block-uagb-columns uagb-columns__wrap uagb-columns__background-undefined uagb-columns__stack-mobile uagb-columns__valign-undefined uagb-columns__gap-10 alignundefined uagb-block-6ffcacb0\"><div class=\"uagb-columns__overlay\"><\/div><div class=\"uagb-columns__inner-wrap uagb-columns__columns-1\">\n<div class=\"wp-block-uagb-column uagb-column__wrap uagb-column__background-undefined uagb-block-3fa983aa\"><div class=\"uagb-column__overlay\"><\/div><div class=\"uagb-column__inner-wrap\">\n<h3 class=\"wp-block-heading\">1. - 2. D\u00c9FENDRE 90% DE LA VILLE ET PROT\u00c9GER 2 INSTALLATIONS DE RECHERCHE<\/h3>\n\n\n\n<p><a href=\"https:\/\/www.standardof.net\/wp-content\/uploads\/2011\/10\/11.jpg\" class=\"rank-math-link\" target=\"_blank\" rel=\"noopener\"><\/a>Construisez imm\u00e9diatement des g\u00e9n\u00e9rateurs de boucliers lourds sur les installations de recherche de Black Sun avec vos ing\u00e9nieurs T3, puis mettez-vous au travail pour recruter plus d&#039;ing\u00e9nieurs de vos usines. Mettez les ing\u00e9nieurs en patrouille autour des b\u00e2timents civils, et d&#039;autres construisent plus de d\u00e9fenses anti-a\u00e9riennes T2 et T3. La plupart des attaques sont a\u00e9riennes pendant les premi\u00e8res parties de la mission; d&#039;ici l\u00e0, vous devriez avoir amass\u00e9 des groupes de robots de si\u00e8ge T3 et de fusils anti-flak mobiles T2, avec l&#039;appui-feu des g\u00e9n\u00e9rateurs de boucliers T2, sur chacune de vos bases (il y aura des assauts terrestres et des largages de transport depuis l&#039;ext\u00e9rieur de vos bases). L&#039;ennemi tentera \u00e9galement d&#039;\u00e9tablir la sup\u00e9riorit\u00e9 a\u00e9rienne avec des barrages constants de chasseurs T3; construisez le v\u00f4tre, et une fois que vos sites SAM sont en place, construisez des navires de combat T3 pour \u00e9liminer des \u00e9l\u00e9ments cl\u00e9s comme l&#039;artillerie T3 ennemie.<\/p>\n\n\n\n<div class=\"wp-block-image\"><figure class=\"aligncenter size-large\"><a href=\"https:\/\/supcom.standardof.net\/fr\/supreme-commander\/procedures-pas-a-pas-de-la-campagne\/uef-operation-forge\/uef-mission-5-operation-forge-1\/\"><img decoding=\"async\" width=\"800\" height=\"430\" src=\"https:\/\/supcom.standardof.net\/wp-content\/uploads\/sites\/8\/2020\/10\/UEF-Mission-5-\u2013-Operation-Forge-1-800x430.jpg\" alt=\"\" class=\"wp-image-174\" srcset=\"https:\/\/supcom.standardof.net\/wp-content\/uploads\/sites\/8\/2020\/10\/UEF-Mission-5-\u2013-Operation-Forge-1-800x430.jpg 800w, https:\/\/supcom.standardof.net\/wp-content\/uploads\/sites\/8\/2020\/10\/UEF-Mission-5-\u2013-Operation-Forge-1-512x275.jpg 512w, https:\/\/supcom.standardof.net\/wp-content\/uploads\/sites\/8\/2020\/10\/UEF-Mission-5-\u2013-Operation-Forge-1-200x107.jpg 200w, https:\/\/supcom.standardof.net\/wp-content\/uploads\/sites\/8\/2020\/10\/UEF-Mission-5-\u2013-Operation-Forge-1-768x413.jpg 768w, https:\/\/supcom.standardof.net\/wp-content\/uploads\/sites\/8\/2020\/10\/UEF-Mission-5-\u2013-Operation-Forge-1-16x9.jpg 16w, https:\/\/supcom.standardof.net\/wp-content\/uploads\/sites\/8\/2020\/10\/UEF-Mission-5-\u2013-Operation-Forge-1.jpg 1024w\" sizes=\"(max-width: 800px) 100vw, 800px\" \/><\/a><\/figure><\/div>\n<\/div><\/div>\n<\/div><\/section>\n\n\n\n<section class=\"wp-block-uagb-columns uagb-columns__wrap uagb-columns__background-undefined uagb-columns__stack-mobile uagb-columns__valign-undefined uagb-columns__gap-10 alignundefined uagb-block-8b6e1070\"><div class=\"uagb-columns__overlay\"><\/div><div class=\"uagb-columns__inner-wrap uagb-columns__columns-1\">\n<div class=\"wp-block-uagb-column uagb-column__wrap uagb-column__background-undefined uagb-block-5eb29137\"><div class=\"uagb-column__overlay\"><\/div><div class=\"uagb-column__inner-wrap\">\n<h3 class=\"wp-block-heading\">3. D\u00c9PLOYER 3 D\u00c9FENSES STRAT\u00c9GIQUES CONTRE LES MISSILES<\/h3>\n\n\n\n<p><a href=\"https:\/\/www.standardof.net\/wp-content\/uploads\/2011\/10\/21.jpg\" class=\"rank-math-link\" target=\"_blank\" rel=\"noopener\"><\/a><em>Sch\u00e9ma ajout\u00e9: d\u00e9fense antimissile strat\u00e9gique<\/em><br>L&#039;ennemi lance une arme nucl\u00e9aire d\u00e8s le d\u00e9but, mais elle est automatiquement abattue. \u00c0 ce stade, construisez des d\u00e9fenses antimissiles strat\u00e9giques (assurez-vous d&#039;avoir plus de 10 ing\u00e9nieurs sur chacune d&#039;elles) aux endroits indiqu\u00e9s. L&#039;ennemi enverra plus d&#039;armes nucl\u00e9aires rapidement, alors aidez les d\u00e9fenses pendant qu&#039;elles construisent leurs missiles. L&#039;une des bases peut mourir, mais si cela se produit, vous risquez fort de perdre \u00e0 cause de l&#039;objectif \u00abD\u00e9fendre la ville\u00bb.<\/p>\n\n\n\n<div class=\"wp-block-image\"><figure class=\"aligncenter size-large\"><a href=\"https:\/\/supcom.standardof.net\/fr\/supreme-commander\/procedures-pas-a-pas-de-la-campagne\/uef-operation-forge\/uef-mission-5-operation-forge-2\/\"><img decoding=\"async\" width=\"788\" height=\"602\" src=\"https:\/\/supcom.standardof.net\/wp-content\/uploads\/sites\/8\/2020\/10\/UEF-Mission-5-\u2013-Operation-Forge-2.jpg\" alt=\"\" class=\"wp-image-175\" srcset=\"https:\/\/supcom.standardof.net\/wp-content\/uploads\/sites\/8\/2020\/10\/UEF-Mission-5-\u2013-Operation-Forge-2.jpg 788w, https:\/\/supcom.standardof.net\/wp-content\/uploads\/sites\/8\/2020\/10\/UEF-Mission-5-\u2013-Operation-Forge-2-512x391.jpg 512w, https:\/\/supcom.standardof.net\/wp-content\/uploads\/sites\/8\/2020\/10\/UEF-Mission-5-\u2013-Operation-Forge-2-200x153.jpg 200w, https:\/\/supcom.standardof.net\/wp-content\/uploads\/sites\/8\/2020\/10\/UEF-Mission-5-\u2013-Operation-Forge-2-768x587.jpg 768w, https:\/\/supcom.standardof.net\/wp-content\/uploads\/sites\/8\/2020\/10\/UEF-Mission-5-\u2013-Operation-Forge-2-16x12.jpg 16w\" sizes=\"(max-width: 788px) 100vw, 788px\" \/><\/a><\/figure><\/div>\n<\/div><\/div>\n<\/div><\/section>\n\n\n\n<section class=\"wp-block-uagb-columns uagb-columns__wrap uagb-columns__background-undefined uagb-columns__stack-mobile uagb-columns__valign-undefined uagb-columns__gap-10 alignundefined uagb-block-a4b33446\"><div class=\"uagb-columns__overlay\"><\/div><div class=\"uagb-columns__inner-wrap uagb-columns__columns-1\">\n<div class=\"wp-block-uagb-column uagb-column__wrap uagb-column__background-undefined uagb-block-0e3e539a\"><div class=\"uagb-column__overlay\"><\/div><div class=\"uagb-column__inner-wrap\">\n<h3 class=\"wp-block-heading\">4. D\u00c9TRUIRE LES LANCEURS DE MISSILE STRAT\u00c9GIQUES D&#039;ARNOLD<\/h3>\n\n\n\n<p><a href=\"https:\/\/www.standardof.net\/wp-content\/uploads\/2011\/10\/31.jpg\" class=\"rank-math-link\" target=\"_blank\" rel=\"noopener\"><\/a>Apr\u00e8s la deuxi\u00e8me attaque nucl\u00e9aire, les lanceurs d&#039;armes nucl\u00e9aires d&#039;Arnold sont r\u00e9v\u00e9l\u00e9s. D\u00e9placez toutes vos forces dans une masse \u00e9norme tout le chemin vers l&#039;est juste au-dessus de la base ennemie du sud-est. Avec suffisamment de troupes, vous pourrez voir et d\u00e9truire toutes les contre-attaques avant qu&#039;elles ne se produisent. Entrez dans une formation dans le coin sud-est et chargez par la porte arri\u00e8re, pour un maximum de d\u00e9g\u00e2ts dans les plus brefs d\u00e9lais. Ensuite, dirigez-vous vers la base nord-est pour le 2\u00e8me lanceur. L&#039;ordre n&#039;est pas vraiment tr\u00e8s important; vous pouvez \u00e9galement vous d\u00e9placer du nord au sud. Si vous \u00eates assez rapide, vous n&#039;aurez jamais besoin de construire un autre missile de d\u00e9fense nucl\u00e9aire, car les autres bases n&#039;ont pas elles-m\u00eames d&#039;armes nucl\u00e9aires.<\/p>\n\n\n\n<div class=\"wp-block-image\"><figure class=\"aligncenter size-large\"><a href=\"https:\/\/supcom.standardof.net\/fr\/supreme-commander\/procedures-pas-a-pas-de-la-campagne\/uef-operation-forge\/uef-mission-5-operation-forge-3\/\"><img decoding=\"async\" width=\"578\" height=\"444\" src=\"https:\/\/supcom.standardof.net\/wp-content\/uploads\/sites\/8\/2020\/10\/UEF-Mission-5-\u2013-Operation-Forge-3.jpg\" alt=\"\" class=\"wp-image-176\" srcset=\"https:\/\/supcom.standardof.net\/wp-content\/uploads\/sites\/8\/2020\/10\/UEF-Mission-5-\u2013-Operation-Forge-3.jpg 578w, https:\/\/supcom.standardof.net\/wp-content\/uploads\/sites\/8\/2020\/10\/UEF-Mission-5-\u2013-Operation-Forge-3-512x393.jpg 512w, https:\/\/supcom.standardof.net\/wp-content\/uploads\/sites\/8\/2020\/10\/UEF-Mission-5-\u2013-Operation-Forge-3-200x154.jpg 200w, https:\/\/supcom.standardof.net\/wp-content\/uploads\/sites\/8\/2020\/10\/UEF-Mission-5-\u2013-Operation-Forge-3-16x12.jpg 16w\" sizes=\"(max-width: 578px) 100vw, 578px\" \/><\/a><\/figure><\/div>\n<\/div><\/div>\n<\/div><\/section>\n\n\n\n<section class=\"wp-block-uagb-columns uagb-columns__wrap uagb-columns__background-undefined uagb-columns__stack-mobile uagb-columns__valign-undefined uagb-columns__gap-10 alignundefined uagb-block-4cc5bcef\"><div class=\"uagb-columns__overlay\"><\/div><div class=\"uagb-columns__inner-wrap uagb-columns__columns-1\">\n<div class=\"wp-block-uagb-column uagb-column__wrap uagb-column__background-undefined uagb-block-a699a1c7\"><div class=\"uagb-column__overlay\"><\/div><div class=\"uagb-column__inner-wrap\">\n<h3 class=\"wp-block-heading\">5. D\u00c9TRUIRE L&#039;ARTILLERIE LOURDE \u00c0 LONG TERME DES CYBRANS<\/h3>\n\n\n\n<p><a href=\"https:\/\/www.standardof.net\/wp-content\/uploads\/2011\/10\/m-UEF-5-1.avi_snapshot_00.53.56_2011.10.26_03.30.12.png\" class=\"rank-math-link\" target=\"_blank\" rel=\"noopener\"><\/a>Assurez-vous que tous vos boucliers sont pr\u00eats pour cet objectif. L&#039;artillerie est dans de petites bases au nord-est et au sud-ouest. Utilisez des canons et des bombardiers pour an\u00e9antir l&#039;artillerie, laissant le reste de la base \u00eatre trait\u00e9 plus tard. L&#039;artillerie au nord peut \u00e9galement \u00eatre d\u00e9truite par la force des robots T3 que vous avez dans cette base \u00e0 ce stade.<\/p>\n\n\n\n<div class=\"wp-block-image\"><figure class=\"aligncenter size-large\"><a href=\"https:\/\/supcom.standardof.net\/fr\/supreme-commander\/procedures-pas-a-pas-de-la-campagne\/uef-operation-forge\/uef-mission-5-operation-forge-4\/\"><img decoding=\"async\" width=\"704\" height=\"656\" src=\"https:\/\/supcom.standardof.net\/wp-content\/uploads\/sites\/8\/2020\/10\/UEF-Mission-5-\u2013-Operation-Forge-4.jpg\" alt=\"\" class=\"wp-image-177\" srcset=\"https:\/\/supcom.standardof.net\/wp-content\/uploads\/sites\/8\/2020\/10\/UEF-Mission-5-\u2013-Operation-Forge-4.jpg 704w, https:\/\/supcom.standardof.net\/wp-content\/uploads\/sites\/8\/2020\/10\/UEF-Mission-5-\u2013-Operation-Forge-4-512x477.jpg 512w, https:\/\/supcom.standardof.net\/wp-content\/uploads\/sites\/8\/2020\/10\/UEF-Mission-5-\u2013-Operation-Forge-4-200x186.jpg 200w, https:\/\/supcom.standardof.net\/wp-content\/uploads\/sites\/8\/2020\/10\/UEF-Mission-5-\u2013-Operation-Forge-4-13x12.jpg 13w\" sizes=\"(max-width: 704px) 100vw, 704px\" \/><\/a><\/figure><\/div>\n<\/div><\/div>\n<\/div><\/section>\n\n\n\n<section class=\"wp-block-uagb-columns uagb-columns__wrap uagb-columns__background-undefined uagb-columns__stack-mobile uagb-columns__valign-undefined uagb-columns__gap-10 alignundefined uagb-block-944e16b1\"><div class=\"uagb-columns__overlay\"><\/div><div class=\"uagb-columns__inner-wrap uagb-columns__columns-1\">\n<div class=\"wp-block-uagb-column uagb-column__wrap uagb-column__background-undefined uagb-block-a74739ba\"><div class=\"uagb-column__overlay\"><\/div><div class=\"uagb-column__inner-wrap\">\n<h3 class=\"wp-block-heading\">6. ESCORTEZ LES CAMIONS COMPOSANTES BLACK SUN \u00c0 QUANTUM GATE<\/h3>\n\n\n\n<p><em><a href=\"https:\/\/www.standardof.net\/wp-content\/uploads\/2011\/10\/51.jpg\" class=\"rank-math-link\" target=\"_blank\" rel=\"noopener\"><\/a>Sch\u00e9ma ajout\u00e9: Lanceur de missiles strat\u00e9gique<\/em><br>Les camions Black Sun apparaissent au hasard dans une base de recherche survivante. Vous devez les escorter jusqu&#039;\u00e0 la porte quantique de votre base principale, mais faites attention aux attaques a\u00e9riennes lourdes. Demandez \u00e0 vos forces terrestres de patrouiller le chemin emprunt\u00e9 par les camions. D\u00e9placez les camions juste apr\u00e8s qu&#039;un assaut a\u00e9rien est d\u00e9jou\u00e9. Deux groupes de camions appara\u00eetront. Une fois que vous avez d\u00e9plac\u00e9 les camions en toute s\u00e9curit\u00e9, votre ACU peut les suivre ou vous pouvez vous amuser davantage avec vos nouveaux lanceurs d&#039;armes nucl\u00e9aires.<\/p>\n\n\n\n<div class=\"wp-block-image\"><figure class=\"aligncenter size-large\"><a href=\"https:\/\/supcom.standardof.net\/fr\/supreme-commander\/procedures-pas-a-pas-de-la-campagne\/uef-operation-forge\/uef-mission-5-operation-forge-5\/\"><img decoding=\"async\" width=\"800\" height=\"377\" src=\"https:\/\/supcom.standardof.net\/wp-content\/uploads\/sites\/8\/2020\/10\/UEF-Mission-5-\u2013-Operation-Forge-5-800x377.jpg\" alt=\"\" class=\"wp-image-178\" srcset=\"https:\/\/supcom.standardof.net\/wp-content\/uploads\/sites\/8\/2020\/10\/UEF-Mission-5-\u2013-Operation-Forge-5-800x377.jpg 800w, https:\/\/supcom.standardof.net\/wp-content\/uploads\/sites\/8\/2020\/10\/UEF-Mission-5-\u2013-Operation-Forge-5-512x242.jpg 512w, https:\/\/supcom.standardof.net\/wp-content\/uploads\/sites\/8\/2020\/10\/UEF-Mission-5-\u2013-Operation-Forge-5-200x94.jpg 200w, https:\/\/supcom.standardof.net\/wp-content\/uploads\/sites\/8\/2020\/10\/UEF-Mission-5-\u2013-Operation-Forge-5-768x362.jpg 768w, https:\/\/supcom.standardof.net\/wp-content\/uploads\/sites\/8\/2020\/10\/UEF-Mission-5-\u2013-Operation-Forge-5-16x8.jpg 16w, https:\/\/supcom.standardof.net\/wp-content\/uploads\/sites\/8\/2020\/10\/UEF-Mission-5-\u2013-Operation-Forge-5.jpg 1024w\" sizes=\"(max-width: 800px) 100vw, 800px\" \/><\/a><\/figure><\/div>\n<\/div><\/div>\n<\/div><\/section>\n\n\n\n<section class=\"wp-block-uagb-columns uagb-columns__wrap uagb-columns__background-undefined uagb-columns__stack-mobile uagb-columns__valign-undefined uagb-columns__gap-10 alignundefined uagb-block-b2de4b61\"><div class=\"uagb-columns__overlay\"><\/div><div class=\"uagb-columns__inner-wrap uagb-columns__columns-1\">\n<div class=\"wp-block-uagb-column uagb-column__wrap uagb-column__background-undefined uagb-block-fd841de6\"><div class=\"uagb-column__overlay\"><\/div><div class=\"uagb-column__inner-wrap\">\n<h3 class=\"wp-block-heading\">7. D\u00c9TRUIRE LES 5 BASES CYBRANES (EN OPTION)<\/h3>\n\n\n\n<p><a href=\"https:\/\/www.standardof.net\/wp-content\/uploads\/2011\/10\/61.jpg\" class=\"rank-math-link\" target=\"_blank\" rel=\"noopener\"><\/a>Les bases au nord n&#039;ont pas de d\u00e9fense antimissile strat\u00e9gique, donc une seule arme nucl\u00e9aire les an\u00e9antira. La base sud-ouest a une seule d\u00e9fense nucl\u00e9aire; envoyer une frappe a\u00e9rienne massive pour l&#039;enlever, puis bombarder la base. La base sud est bien d\u00e9fendue et prendra le reste de vos troupes \u00e0 d\u00e9truire. Alternativement, deux lanceurs nucl\u00e9aires ma\u00eetriseront les d\u00e9fenses strat\u00e9giques.<\/p>\n\n\n\n<div class=\"wp-block-image\"><figure class=\"aligncenter size-large\"><a href=\"https:\/\/supcom.standardof.net\/fr\/supreme-commander\/procedures-pas-a-pas-de-la-campagne\/uef-operation-forge\/uef-mission-5-operation-forge-6\/\"><img decoding=\"async\" width=\"800\" height=\"545\" src=\"https:\/\/supcom.standardof.net\/wp-content\/uploads\/sites\/8\/2020\/10\/UEF-Mission-5-\u2013-Operation-Forge-6-800x545.jpg\" alt=\"\" class=\"wp-image-179\" srcset=\"https:\/\/supcom.standardof.net\/wp-content\/uploads\/sites\/8\/2020\/10\/UEF-Mission-5-\u2013-Operation-Forge-6-800x545.jpg 800w, https:\/\/supcom.standardof.net\/wp-content\/uploads\/sites\/8\/2020\/10\/UEF-Mission-5-\u2013-Operation-Forge-6-512x349.jpg 512w, https:\/\/supcom.standardof.net\/wp-content\/uploads\/sites\/8\/2020\/10\/UEF-Mission-5-\u2013-Operation-Forge-6-200x136.jpg 200w, https:\/\/supcom.standardof.net\/wp-content\/uploads\/sites\/8\/2020\/10\/UEF-Mission-5-\u2013-Operation-Forge-6-768x523.jpg 768w, https:\/\/supcom.standardof.net\/wp-content\/uploads\/sites\/8\/2020\/10\/UEF-Mission-5-\u2013-Operation-Forge-6-16x12.jpg 16w, https:\/\/supcom.standardof.net\/wp-content\/uploads\/sites\/8\/2020\/10\/UEF-Mission-5-\u2013-Operation-Forge-6.jpg 1024w\" sizes=\"(max-width: 800px) 100vw, 800px\" \/><\/a><\/figure><\/div>\n<\/div><\/div>\n<\/div><\/section>\n\n\n\n<h3 class=\"has-text-align-center wp-block-heading\">Mission 5 - Operation Forge - Guide vid\u00e9o<\/h3>\n\n\n\n<figure class=\"wp-block-embed-youtube wp-block-embed is-type-video is-provider-youtube wp-embed-aspect-16-9 wp-has-aspect-ratio\"><div class=\"wp-block-embed__wrapper\">\n<div class=\"ast-oembed-container\" style=\"height: 100%;\"><iframe title=\"Operation Forge - Campagne du commandant supr\u00eame UEF en dur\" width=\"500\" height=\"281\" src=\"https:\/\/www.youtube.com\/embed\/dDjgLQAhi4Q?feature=oembed\" frameborder=\"0\" allow=\"accelerometer; autoplay; clipboard-write; encrypted-media; gyroscope; picture-in-picture; web-share\" referrerpolicy=\"strict-origin-when-cross-origin\" allowfullscreen><\/iframe><\/div>\n<\/div><\/figure>","protected":false},"excerpt":{"rendered":"<p>Unfortunately, with the beginning of Operation Forge we learn the information gathered from your previous op was not enough to solve the problem with the Quantum Gates. The UEF will have to deploy the Black Sun super weapon if it is going to survive and in order to do so you will need to oversee [&hellip;]<\/p>","protected":false},"author":1,"featured_media":178,"parent":122,"menu_order":1,"comment_status":"closed","ping_status":"closed","template":"","meta":{"_uag_custom_page_level_css":"","site-sidebar-layout":"default","site-content-layout":"default","ast-site-content-layout":"","site-content-style":"default","site-sidebar-style":"default","ast-global-header-display":"","ast-banner-title-visibility":"","ast-main-header-display":"","ast-hfb-above-header-display":"","ast-hfb-below-header-display":"","ast-hfb-mobile-header-display":"","site-post-title":"","ast-breadcrumbs-content":"","ast-featured-img":"","footer-sml-layout":"","theme-transparent-header-meta":"default","adv-header-id-meta":"","stick-header-meta":"","header-above-stick-meta":"","header-main-stick-meta":"","header-below-stick-meta":"","astra-migrate-meta-layouts":"default","ast-page-background-enabled":"default","ast-page-background-meta":{"desktop":{"background-color":"","background-image":"","background-repeat":"repeat","background-position":"center center","background-size":"auto","background-attachment":"scroll","background-type":"","background-media":"","overlay-type":"","overlay-color":"","overlay-gradient":""},"tablet":{"background-color":"","background-image":"","background-repeat":"repeat","background-position":"center center","background-size":"auto","background-attachment":"scroll","background-type":"","background-media":"","overlay-type":"","overlay-color":"","overlay-gradient":""},"mobile":{"background-color":"","background-image":"","background-repeat":"repeat","background-position":"center center","background-size":"auto","background-attachment":"scroll","background-type":"","background-media":"","overlay-type":"","overlay-color":"","overlay-gradient":""}},"ast-content-background-meta":{"desktop":{"background-color":"var(--ast-global-color-5)","background-image":"","background-repeat":"repeat","background-position":"center center","background-size":"auto","background-attachment":"scroll","background-type":"","background-media":"","overlay-type":"","overlay-color":"","overlay-gradient":""},"tablet":{"background-color":"var(--ast-global-color-5)","background-image":"","background-repeat":"repeat","background-position":"center center","background-size":"auto","background-attachment":"scroll","background-type":"","background-media":"","overlay-type":"","overlay-color":"","overlay-gradient":""},"mobile":{"background-color":"var(--ast-global-color-5)","background-image":"","background-repeat":"repeat","background-position":"center center","background-size":"auto","background-attachment":"scroll","background-type":"","background-media":"","overlay-type":"","overlay-color":"","overlay-gradient":""}},"footnotes":""},"uagb_featured_image_src":{"full":["https:\/\/supcom.standardof.net\/wp-content\/uploads\/sites\/8\/2020\/10\/UEF-Mission-5-\u2013-Operation-Forge-5.jpg",1024,483,false],"thumbnail":["https:\/\/supcom.standardof.net\/wp-content\/uploads\/sites\/8\/2020\/10\/UEF-Mission-5-\u2013-Operation-Forge-5-200x94.jpg",200,94,true],"medium":["https:\/\/supcom.standardof.net\/wp-content\/uploads\/sites\/8\/2020\/10\/UEF-Mission-5-\u2013-Operation-Forge-5-512x242.jpg",512,242,true],"medium_large":["https:\/\/supcom.standardof.net\/wp-content\/uploads\/sites\/8\/2020\/10\/UEF-Mission-5-\u2013-Operation-Forge-5-768x362.jpg",768,362,true],"large":["https:\/\/supcom.standardof.net\/wp-content\/uploads\/sites\/8\/2020\/10\/UEF-Mission-5-\u2013-Operation-Forge-5-800x377.jpg",800,377,true],"1536x1536":["https:\/\/supcom.standardof.net\/wp-content\/uploads\/sites\/8\/2020\/10\/UEF-Mission-5-\u2013-Operation-Forge-5.jpg",1024,483,false],"2048x2048":["https:\/\/supcom.standardof.net\/wp-content\/uploads\/sites\/8\/2020\/10\/UEF-Mission-5-\u2013-Operation-Forge-5.jpg",1024,483,false],"trp-custom-language-flag":["https:\/\/supcom.standardof.net\/wp-content\/uploads\/sites\/8\/2020\/10\/UEF-Mission-5-\u2013-Operation-Forge-5-16x8.jpg",16,8,true]},"uagb_author_info":{"display_name":"SOE","author_link":"https:\/\/supcom.standardof.net\/fr\/author\/k-tastic\/"},"uagb_comment_info":0,"uagb_excerpt":"Unfortunately, with the beginning of Operation Forge we learn the information gathered from your previous op was not enough to solve the problem with the Quantum Gates. The UEF will have to deploy the Black Sun super weapon if it is going to survive and in order to do so you will need to oversee&hellip;","_links":{"self":[{"href":"https:\/\/supcom.standardof.net\/fr\/wp-json\/wp\/v2\/pages\/172"}],"collection":[{"href":"https:\/\/supcom.standardof.net\/fr\/wp-json\/wp\/v2\/pages"}],"about":[{"href":"https:\/\/supcom.standardof.net\/fr\/wp-json\/wp\/v2\/types\/page"}],"author":[{"embeddable":true,"href":"https:\/\/supcom.standardof.net\/fr\/wp-json\/wp\/v2\/users\/1"}],"replies":[{"embeddable":true,"href":"https:\/\/supcom.standardof.net\/fr\/wp-json\/wp\/v2\/comments?post=172"}],"version-history":[{"count":0,"href":"https:\/\/supcom.standardof.net\/fr\/wp-json\/wp\/v2\/pages\/172\/revisions"}],"up":[{"embeddable":true,"href":"https:\/\/supcom.standardof.net\/fr\/wp-json\/wp\/v2\/pages\/122"}],"wp:featuredmedia":[{"embeddable":true,"href":"https:\/\/supcom.standardof.net\/fr\/wp-json\/wp\/v2\/media\/178"}],"wp:attachment":[{"href":"https:\/\/supcom.standardof.net\/fr\/wp-json\/wp\/v2\/media?parent=172"}],"curies":[{"name":"wp","href":"https:\/\/api.w.org\/{rel}","templated":true}]}}