{"id":204,"date":"2020-10-31T15:01:28","date_gmt":"2020-10-31T19:01:28","guid":{"rendered":"https:\/\/supcom.standardof.net\/?page_id=204"},"modified":"2020-10-31T15:09:42","modified_gmt":"2020-10-31T19:09:42","slug":"cybran-operation-liberation","status":"publish","type":"page","link":"https:\/\/supcom.standardof.net\/fr\/supreme-commander\/procedures-pas-a-pas-de-la-campagne\/cybran-operation-liberation\/","title":{"rendered":"Mission Cybran 1 - Op\u00e9ration Lib\u00e9ration"},"content":{"rendered":"<h3 class=\"wp-block-heading\">1. CONSTRUISEZ 3 EXTRACTEURS DE MASSE<\/h3>\n\n\n\n<p><em>Sch\u00e9mas ajout\u00e9s: T1 Mass Extractor<br><\/em>Pour ce faire aussi vite que possible, maintenez la touche Maj enfonc\u00e9e pour mettre en file d&#039;attente les 3 extracteurs de masse. S&#039;ils sont relativement \u00e9loign\u00e9s, placez une commande Move entre chacun d&#039;eux afin que votre ACU n&#039;ait pas \u00e0 marcher aussi loin; si vous lui dites simplement de construire, il marchera juste \u00e0 c\u00f4t\u00e9 de l&#039;extracteur de masse avant de le construire.<\/p>\n\n\n\n<h3 class=\"wp-block-heading\">2. CONSTRUIRE 3 G\u00c9N\u00c9RATEURS D&#039;\u00c9NERGIE<\/h3>\n\n\n\n<p><em>Sch\u00e9mas ajout\u00e9s: T1 Power Generator<\/em><br>Mettez en file d&#039;attente les 3 groupes \u00e9lectrog\u00e8nes c\u00f4te \u00e0 c\u00f4te, loin des extracteurs, afin de pouvoir placer l&#039;usine (objectif 3) \u00e0 c\u00f4t\u00e9 d&#039;eux pour leur bonus de contigu\u00eft\u00e9. En g\u00e9n\u00e9ral, vos premi\u00e8res usines devraient \u00eatre accompagn\u00e9es d&#039;une rang\u00e9e de g\u00e9n\u00e9rateurs \u00e9lectriques afin de ne pas manquer d&#039;\u00e9nergie - une usine a\u00e9rienne peut produire des intercepteurs \u00e0 r\u00e9p\u00e9tition presque gratuitement en utilisant cette m\u00e9thode.<\/p>\n\n\n\n<h3 class=\"wp-block-heading\">3. CONSTRUIRE UNE USINE A\u00c9RIENNE<\/h3>\n\n\n\n<p><em>Sch\u00e9mas ajout\u00e9s: Air Factory<\/em><br>Placez l&#039;usine \u00e0 c\u00f4t\u00e9 des groupes \u00e9lectrog\u00e8nes. Demandez \u00e0 votre ACU de continuer \u00e0 construire des extracteurs de masse et des g\u00e9n\u00e9rateurs d&#039;\u00e9nergie, et si vous gagnez plus que ce que vous pouvez d\u00e9penser, construisez une autre usine a\u00e9rienne. Normalement, pendant la construction des usines, vous pouvez mettre les commandes en file d&#039;attente. Dans cette mission, vous devrez attendre le prochain objectif avant de le faire.<\/p>\n\n\n\n<h3 class=\"wp-block-heading\">4. CONSTRUISEZ 5 BOMBERS<\/h3>\n\n\n\n<p><em>Sch\u00e9mas ajout\u00e9s: T1 Engineer, Air Scout, Attack Bomber<\/em><br>Apr\u00e8s avoir construit votre Air Scout initial pour patrouiller \u00e0 l&#039;ext\u00e9rieur de votre base, construisez des ing\u00e9nieurs et des bombardiers. Demandez aux ing\u00e9nieurs de d\u00e9velopper votre \u00e9conomie avec des extracteurs de masse et des g\u00e9n\u00e9rateurs d&#039;\u00e9nergie, tandis qu&#039;un ing\u00e9nieur est mis en patrouille autour des arbres ou des rochers environnants pour collecter leurs ressources. Si vous avez des ressources suppl\u00e9mentaires, vos ing\u00e9nieurs peuvent aider votre usine dans sa production, tout comme votre ACU, qui se construit aussi vite que 2 ing\u00e9nieurs.<\/p>\n\n\n\n<h3 class=\"wp-block-heading\">5. Vaincre les patrouilles de l&#039;UEF<\/h3>\n\n\n\n<p>Configurez une file d&#039;attente d&#039;attaque en maintenant Shift et en cliquant sur les unit\u00e9s ennemies. Vos bombardiers devraient faire un court travail avec les unit\u00e9s terrestres ennemies; s&#039;il y a des v\u00e9hicules anti-a\u00e9riens, ciblez-les d&#039;abord pour \u00e9viter de perdre des bombardiers. Si votre avion est dans les airs trop longtemps, il sera \u00e0 court de carburant (le compteur juste en dessous de sa barre de sant\u00e9). Laissez-les atterrir et ils se ravitailleront lentement. Dans les missions ult\u00e9rieures, vous pouvez utiliser les installations de transit a\u00e9rien ou certaines unit\u00e9s navales pour r\u00e9parer et faire le plein plus rapidement.<\/p>\n\n\n\n<h3 class=\"wp-block-heading\">6. CAPTURE DU RADAR UEF<\/h3>\n\n\n\n<p>D\u00e9placez l&#039;un de vos ing\u00e9nieurs vers l&#039;installation radar pour le capturer. Une fois qu&#039;il est \u00e0 vous, le reste de la petite base rejoint \u00e9galement vos forces.<\/p>\n\n\n\n<h3 class=\"wp-block-heading\">7. D\u00c9TRUIRE LES RAFFINERIES DE MASSE UEF<\/h3>\n\n\n\n<p><em>La carte s&#039;agrandit vers le nord<br>Sch\u00e9mas ajout\u00e9s: Intercepteur<br><\/em>Ajoutez des intercepteurs \u00e0 votre file d&#039;attente de construction. Trouvez un bon m\u00e9lange de bombardiers et de chasseurs, puis appuyez sur le bouton R\u00e9p\u00e9ter de l&#039;usine pour continuer ind\u00e9finiment. Demandez \u00e0 vos autres usines a\u00e9riennes d&#039;aider le premier \u00e0 l&#039;aider dans sa file d&#039;attente. Si vous donnez aux autres usines de nouvelles commandes de construction (par exemple, si vous avez besoin de plus d&#039;ing\u00e9nieurs, ou de quelques \u00e9claireurs a\u00e9riens), elles reviendront pour vous aider une fois qu&#039;elles en auront termin\u00e9. R\u00e9glez vos intercepteurs sur une route de patrouille autour de votre base - vous en aurez besoin de 5 \u00e0 10 avant de les envoyer au nord pour combattre les intercepteurs de l&#039;UEF. Avec ces morts, d\u00e9placez vos bombardiers et d\u00e9truisez les extracteurs de masse.<\/p>\n\n\n\n<h3 class=\"wp-block-heading\">8. Vaincre les patrouilles de l&#039;UEF<\/h3>\n\n\n\n<p><em>La carte s&#039;agrandit vers l&#039;est<br>Sch\u00e9mas ajout\u00e9s: Land Factory, T1 Point Defense, Anti-Air Turret<\/em><br>Construisez plusieurs usines terrestres, ainsi que des groupes \u00e9lectrog\u00e8nes \u00e0 c\u00f4t\u00e9 d&#039;eux afin de ne pas manquer d&#039;\u00e9nergie. Demandez-leur de construire quelques scouts terrestres pour une couverture radar, puis un m\u00e9lange continu (r\u00e9p\u00e9tez la file d&#039;attente) d&#039;unit\u00e9s terrestres. D\u00e9finissez les ordres par d\u00e9faut de l&#039;usine principale de patrouiller le long de l&#039;est de votre base. Vous pouvez maintenant constituer une force \u00e9crasante, prot\u00e9ger votre base avec des tourelles, aider les usines avec votre ACU et des ing\u00e9nieurs suppl\u00e9mentaires, et vous d\u00e9placer lorsque vous vous sentez pr\u00eat \u00e0 \u00e9craser toute opposition. L&#039;ennemi n&#039;attaquera que depuis les airs jusqu&#039;\u00e0 ce que vous vous d\u00e9placiez pour vaincre les patrouilles.<\/p>\n\n\n\n<h3 class=\"wp-block-heading\">9. D\u00c9FAITE DES D\u00c9FENSES EXT\u00c9RIEURES DE L&#039;UEF<\/h3>\n\n\n\n<p>Vous aurez besoin principalement d&#039;unit\u00e9s terrestres pour vaincre les deux postes d\u00e9fensifs au nord et au sud. Le poste d\u00e9fensif du milieu peut \u00eatre d\u00e9truit d&#039;un seul coup si vous avez suffisamment de bombardiers: ciblez simplement la tourelle anti-a\u00e9rienne la plus \u00e0 l&#039;est et les bombardiers d\u00e9truiront toutes ses d\u00e9fenses anti-a\u00e9riennes au premier passage et le reste au second passage. Ne laissez pas vos bombardiers s&#039;\u00e9garer au nord ou au sud; vous en aurez besoin pour le prochain objectif.<\/p>\n\n\n\n<h3 class=\"wp-block-heading\">10. PROTECTIONS DES SYMBIONTES DE D\u00c9FAITE<\/h3>\n\n\n\n<p><em>La carte s&#039;agrandit vers l&#039;est<\/em><br>\u00c0 ce stade, vous devriez \u00eatre proche de la limite d&#039;unit\u00e9. Essayez de garder votre \u00e9conomie aussi proche que possible de +0 masse - si vous en avez plus, construisez plus d&#039;usines et construisez toujours des extracteurs de masse partout o\u00f9 vous le pouvez. Si vous en avez trop peu, vous pouvez mettre en pause certains ing\u00e9nieurs en appuyant sur Z. La nouvelle base UEF a beaucoup d&#039;intercepteurs qui la gardent - faites appel \u00e0 votre propre force a\u00e9rienne pour les d\u00e9truire tout en faisant venir simultan\u00e9ment vos propres forces terrestres du sud. Vous devez passer directement \u00e0 travers la base ennemie, qui entoure les Symbionts que vous devez lib\u00e9rer. Une fois les intercepteurs d\u00e9truits, vous pouvez faire venir vos bombardiers pour soutenir les forces terrestres, en particulier pour \u00e9liminer les points de d\u00e9fense probl\u00e9matiques.<\/p>\n\n\n\n<h3 class=\"wp-block-heading\">11. D\u00c9TRUIRE LA BASE DE L&#039;UEF<\/h3>\n\n\n\n<p>D\u00e9placez-vous vers le nord des Symbionts avec vos forces terrestres. Si vous avez \u00e9limin\u00e9 les tourelles anti-a\u00e9riennes, vous pouvez faire appel \u00e0 vos bombardiers pour \u00e9liminer rapidement les b\u00e2timents restants. Gardez vos combattants en patrouille \u00e0 l&#039;ext\u00e9rieur de votre base et faites-les plonger si des combattants ennemis se pr\u00e9sentent.<\/p>\n\n\n\n<h3 class=\"wp-block-heading\">12. VAINCRE LE COMMANDANT AEON<\/h3>\n\n\n\n<p><em>La carte s&#039;agrandit vers le sud<br>Sch\u00e9mas ajout\u00e9s: T1 Air Transport<\/em><br>Construisez plusieurs transports et demandez-leur d&#039;installer un ferry entre votre base et les lignes de front. (Voir la partie 1 de ce guide pour plus d&#039;informations sur le transport.) Vous devriez constituer une \u00e9norme force terrestre compos\u00e9e principalement de robots d&#039;assaut Mantis avec le soutien des autres unit\u00e9s terrestres (plus un \u00e9claireur masqu\u00e9 pour la couverture radar). Votre \u00e9norme force devrait simplement se diriger directement vers le sud vers le centre de la base ennemie et attirer le commandant ennemi. Quand elle sort, envoyez toutes vos unit\u00e9s a\u00e9riennes pour l&#039;attaquer, avec les combattants qui arrivent pour confondre l&#039;anti-a\u00e9rien ennemi. La combinaison devrait la terminer rapidement.<\/p>\n\n\n\n<h3 class=\"has-text-align-center wp-block-heading\">Mission 1 - Op\u00e9ration Lib\u00e9ration - Guide vid\u00e9o<\/h3>\n\n\n\n<figure class=\"wp-block-embed-youtube wp-block-embed is-type-video is-provider-youtube wp-embed-aspect-4-3 wp-has-aspect-ratio\"><div class=\"wp-block-embed__wrapper\">\n<div class=\"ast-oembed-container\" style=\"height: 100%;\"><iframe title=\"Op\u00e9ration Lib\u00e9ration - M1 Cybran Campaign Hard - Commandant supr\u00eame\" width=\"500\" height=\"375\" src=\"https:\/\/www.youtube.com\/embed\/eowH2Xm44Xw?feature=oembed\" frameborder=\"0\" allow=\"accelerometer; autoplay; clipboard-write; encrypted-media; gyroscope; picture-in-picture; web-share\" referrerpolicy=\"strict-origin-when-cross-origin\" allowfullscreen><\/iframe><\/div>\n<\/div><\/figure>","protected":false},"excerpt":{"rendered":"<p>1. BUILD 3 MASS EXTRACTORS Schematics added: T1 Mass ExtractorTo do this as fast as possible, hold Shift to queue up all 3 Mass Extractors. If they are relatively far apart, queue up a Move command between each one so that your ACU won&#8217;t have to walk as far; if you just tell him to [&hellip;]<\/p>","protected":false},"author":1,"featured_media":0,"parent":122,"menu_order":2,"comment_status":"closed","ping_status":"closed","template":"","meta":{"_uag_custom_page_level_css":"","site-sidebar-layout":"default","site-content-layout":"default","ast-site-content-layout":"","site-content-style":"default","site-sidebar-style":"default","ast-global-header-display":"","ast-banner-title-visibility":"","ast-main-header-display":"","ast-hfb-above-header-display":"","ast-hfb-below-header-display":"","ast-hfb-mobile-header-display":"","site-post-title":"","ast-breadcrumbs-content":"","ast-featured-img":"","footer-sml-layout":"","theme-transparent-header-meta":"default","adv-header-id-meta":"","stick-header-meta":"","header-above-stick-meta":"","header-main-stick-meta":"","header-below-stick-meta":"","astra-migrate-meta-layouts":"default","ast-page-background-enabled":"default","ast-page-background-meta":{"desktop":{"background-color":"","background-image":"","background-repeat":"repeat","background-position":"center center","background-size":"auto","background-attachment":"scroll","background-type":"","background-media":"","overlay-type":"","overlay-color":"","overlay-gradient":""},"tablet":{"background-color":"","background-image":"","background-repeat":"repeat","background-position":"center center","background-size":"auto","background-attachment":"scroll","background-type":"","background-media":"","overlay-type":"","overlay-color":"","overlay-gradient":""},"mobile":{"background-color":"","background-image":"","background-repeat":"repeat","background-position":"center center","background-size":"auto","background-attachment":"scroll","background-type":"","background-media":"","overlay-type":"","overlay-color":"","overlay-gradient":""}},"ast-content-background-meta":{"desktop":{"background-color":"var(--ast-global-color-5)","background-image":"","background-repeat":"repeat","background-position":"center center","background-size":"auto","background-attachment":"scroll","background-type":"","background-media":"","overlay-type":"","overlay-color":"","overlay-gradient":""},"tablet":{"background-color":"var(--ast-global-color-5)","background-image":"","background-repeat":"repeat","background-position":"center center","background-size":"auto","background-attachment":"scroll","background-type":"","background-media":"","overlay-type":"","overlay-color":"","overlay-gradient":""},"mobile":{"background-color":"var(--ast-global-color-5)","background-image":"","background-repeat":"repeat","background-position":"center center","background-size":"auto","background-attachment":"scroll","background-type":"","background-media":"","overlay-type":"","overlay-color":"","overlay-gradient":""}},"footnotes":""},"uagb_featured_image_src":{"full":false,"thumbnail":false,"medium":false,"medium_large":false,"large":false,"1536x1536":false,"2048x2048":false,"trp-custom-language-flag":false},"uagb_author_info":{"display_name":"SOE","author_link":"https:\/\/supcom.standardof.net\/fr\/author\/k-tastic\/"},"uagb_comment_info":0,"uagb_excerpt":"1. BUILD 3 MASS EXTRACTORS Schematics added: T1 Mass ExtractorTo do this as fast as possible, hold Shift to queue up all 3 Mass Extractors. If they are relatively far apart, queue up a Move command between each one so that your ACU won&#8217;t have to walk as far; if you just tell him to&hellip;","_links":{"self":[{"href":"https:\/\/supcom.standardof.net\/fr\/wp-json\/wp\/v2\/pages\/204"}],"collection":[{"href":"https:\/\/supcom.standardof.net\/fr\/wp-json\/wp\/v2\/pages"}],"about":[{"href":"https:\/\/supcom.standardof.net\/fr\/wp-json\/wp\/v2\/types\/page"}],"author":[{"embeddable":true,"href":"https:\/\/supcom.standardof.net\/fr\/wp-json\/wp\/v2\/users\/1"}],"replies":[{"embeddable":true,"href":"https:\/\/supcom.standardof.net\/fr\/wp-json\/wp\/v2\/comments?post=204"}],"version-history":[{"count":0,"href":"https:\/\/supcom.standardof.net\/fr\/wp-json\/wp\/v2\/pages\/204\/revisions"}],"up":[{"embeddable":true,"href":"https:\/\/supcom.standardof.net\/fr\/wp-json\/wp\/v2\/pages\/122"}],"wp:attachment":[{"href":"https:\/\/supcom.standardof.net\/fr\/wp-json\/wp\/v2\/media?parent=204"}],"curies":[{"name":"wp","href":"https:\/\/api.w.org\/{rel}","templated":true}]}}