{"id":206,"date":"2020-10-31T15:03:14","date_gmt":"2020-10-31T19:03:14","guid":{"rendered":"https:\/\/supcom.standardof.net\/?page_id=206"},"modified":"2020-10-31T15:09:53","modified_gmt":"2020-10-31T19:09:53","slug":"cybran-operation-artifact","status":"publish","type":"page","link":"https:\/\/supcom.standardof.net\/fr\/supreme-commander\/procedures-pas-a-pas-de-la-campagne\/artefact-operation-cybran\/","title":{"rendered":"Cybran Mission 2 - Op\u00e9ration Artefact"},"content":{"rendered":"<p>\u00c0 partir de l\u00e0, je suppose que vous savez comment fonctionne le jeu et je vais arr\u00eater de vous rappeler de construire des extracteurs de masse, de mettre les commandes en file d&#039;attente, de r\u00e9p\u00e9ter les usines, etc. Cette mission est en fait assez difficile; assurez-vous de constituer une force importante au lieu d&#039;accomplir les premiers objectifs le plus rapidement possible.<\/p>\n\n\n\n<h3 class=\"wp-block-heading\">1. CLEAR VILLAGE OF AEON UNITS<\/h3>\n\n\n\n<p>Construisez d&#039;abord des usines terrestres, sans n\u00e9gliger les usines a\u00e9riennes (puisque les assauts a\u00e9riens arrivent t\u00f4t et souvent), et obtenez une force d&#039;unit\u00e9s terrestres. Vous pouvez \u00e9liminer les forces du premier temple assez rapidement, mais ne d\u00e9truisez pas le temple lui-m\u00eame avant d&#039;avoir une base importante, car lorsque le temple est d\u00e9truit, il d\u00e9clenche une contre-attaque des unit\u00e9s T1.<\/p>\n\n\n\n<h3 class=\"wp-block-heading\">2. D\u00c9TRUISEZ LE TEMPLE POUR TROUVER LA TECHNOLOGIE<\/h3>\n\n\n\n<p>Attaquez manuellement le temple une fois que vous \u00eates pr\u00eat avec une base bien d\u00e9fendue, une \u00e9conomie florissante et quelques lance-torpilles dans l&#039;eau avant de construire une usine navale (pour \u00e9viter d&#039;attirer des fr\u00e9gates ennemies qui d\u00e9chireront votre base et vos unit\u00e9s terrestres) . Assurez-vous d&#039;\u00e9liminer toutes les unit\u00e9s Aeon de la zone avant de passer \u00e0 l&#039;objectif suivant.<\/p>\n\n\n\n<h3 class=\"wp-block-heading\">3. GARDEZ LA PREMI\u00c8RE PI\u00c8CE DE SERAPHIM TECH<\/h3>\n\n\n\n<p>Cela ne devrait pas \u00eatre un probl\u00e8me - gardez simplement vos forces autour du temple jusqu&#039;\u00e0 ce qu&#039;un ing\u00e9nieur vienne r\u00e9cup\u00e9rer la technologie.<\/p>\n\n\n\n<h3 class=\"wp-block-heading\">4. RECHERCHEZ LES TEMPLES AUTOUR POUR PLUS DE TECHNOLOGIE<\/h3>\n\n\n\n<p><em>La carte s&#039;\u00e9tend au nord et au sud (je pense)<br><\/em>Le Tech est dans le temple sud-est, mais vous devez d&#039;abord d\u00e9truire les unit\u00e9s qui d\u00e9fendent les autres temples, pour \u00e9viter les attaques surprises.<\/p>\n\n\n\n<h3 class=\"wp-block-heading\">5. RENFORCEMENT DE D\u00c9FAITE AEON<\/h3>\n\n\n\n<p>Les Aeon commencent \u00e0 envoyer des unit\u00e9s T2 pour d\u00e9fendre leurs temples maintenant, alors soyez pr\u00eat avec vos propres forces terrestres, plus votre ACU si cela est absolument n\u00e9cessaire. Gardez vos unit\u00e9s en patrouille, mais concentrez-vous sur le sud. Commencez \u00e0 construire des unit\u00e9s navales, principalement des sous-marins, pour vous d\u00e9fendre contre les attaques navales ennemies. Essayez de les inciter \u00e0 courir dans vos lance-torpilles.<\/p>\n\n\n\n<h3 class=\"wp-block-heading\">6. GARDEZ LA 2E PI\u00c8CE DE SERAPHIM TECH<\/h3>\n\n\n\n<p>L&#039;Aeon ignorera le Tech s&#039;il reprend la zone, donc cela \u00e9quivaut simplement \u00e0 \u00abS\u00e9curiser la zone\u00bb.<\/p>\n\n\n\n<h3 class=\"wp-block-heading\">7. D\u00c9TRUIRE LA BASE NAVALE SUD DE L&#039;AEON<\/h3>\n\n\n\n<p><em>La carte s&#039;agrandit au sud et \u00e0 l&#039;est<\/em><br>Envoyez vos unit\u00e9s navales vers le sud, en d\u00e9truisant d&#039;abord les menaces navales, puis en vous d\u00e9pla\u00e7ant pour d\u00e9truire les fr\u00e9gates et les usines ennemies. La d\u00e9fense a\u00e9rienne est l\u00e9g\u00e8re une fois que vous avez d\u00e9truit les bateaux d&#039;attaque, alors faites venir vos bombardiers. D\u00e9placez vos unit\u00e9s navales le long de la rivi\u00e8re une fois que vous avez termin\u00e9 et construisez plus de fr\u00e9gates que de sous-marins.<\/p>\n\n\n\n<h3 class=\"wp-block-heading\">8. D\u00c9TRUIRE LA BASE AEON EST ET R\u00c9CUP\u00c9RER SA TECHNOLOGIE<\/h3>\n\n\n\n<p>Envoyez vos unit\u00e9s navales sur la rivi\u00e8re en m\u00eame temps que vous vous d\u00e9placez avec une \u00e9norme force terrestre T2. Avec vos ressources suppl\u00e9mentaires, construisez des d\u00e9fenses T2 le long des nouveaux bords de votre base; essayez d&#039;attirer les forces terrestres ennemies vers eux si vous avez besoin d&#039;aide.<\/p>\n\n\n\n<h3 class=\"wp-block-heading\">9. GARDEZ LA 3\u00c8ME PI\u00c8CE DE SERAPHIM TECH<\/h3>\n\n\n\n<p>Pendant que votre arm\u00e9e accomplit cela (ce que votre force navale devrait bien faire), demandez \u00e0 des ing\u00e9nieurs de capturer les points de masse des bases sud et est. Maintenez la sup\u00e9riorit\u00e9 a\u00e9rienne \u00e0 tout moment sur votre territoire, car l&#039;ennemi attaquera \u00e0 la fois avec des bombardiers et des transports a\u00e9riens remplis d&#039;unit\u00e9s terrestres.<\/p>\n\n\n\n<h3 class=\"wp-block-heading\">10. DEFEAT MACH<\/h3>\n\n\n\n<p><em>La carte s&#039;agrandit vers l&#039;est<\/em><br>Construisez plusieurs transports a\u00e9riens et utilisez-les pour transporter vos forces terrestres au sud de la carte (ne survolez pas la base de Mach au sud-est), juste \u00e0 l&#039;est de la base sud d&#039;Aeon que vous avez d\u00e9truite. Une force mixte d&#039;unit\u00e9s, avec des boucliers et des mantis pour la protection, fonctionne mieux. D\u00e9placez-vous vers le nord et d\u00e9truisez les g\u00e9n\u00e9rateurs de puissance pour couper sa production, puis balayez les tourelles d\u00e9fensives. Une fois que vous avez coup\u00e9 sa capacit\u00e9 anti-a\u00e9rienne, amenez des bombardiers dans le coin sud-est de la carte afin de pouvoir d\u00e9truire Mach lorsqu&#039;il appara\u00eet sans survoler l&#039;anti-a\u00e9rien dans la base nord-est.<\/p>\n\n\n\n<h3 class=\"wp-block-heading\">11. VAINCRE LE COMMANDANT AEON<\/h3>\n\n\n\n<p>Le commandant Aeon sort g\u00e9n\u00e9ralement tr\u00e8s rapidement une fois que vous tuez Mach. Vos forces terrestres peuvent l&#039;entourer et la d\u00e9truire, surtout si vous les transportez \u00e0 la base de Mach maintenant. Pendant ce temps:<\/p>\n\n\n\n<h3 class=\"wp-block-heading\">12. D\u00c9PLACEZ VOTRE COMMANDANT \u00c0 LA PORTE<\/h3>\n\n\n\n<p>Entrez dans le centre de la porte quantique pour terminer la mission.<\/p>\n\n\n\n<h3 class=\"wp-block-heading\">Mission 2 - Operation Artifact - Guide vid\u00e9o<\/h3>\n\n\n\n<figure class=\"wp-block-embed-youtube wp-block-embed is-type-video is-provider-youtube wp-embed-aspect-16-9 wp-has-aspect-ratio\"><div class=\"wp-block-embed__wrapper\">\n<div class=\"ast-oembed-container\" style=\"height: 100%;\"><iframe title=\"Operation Artifact - M2 Cybran Campaign Hard - Commandant supr\u00eame\" width=\"500\" height=\"281\" src=\"https:\/\/www.youtube.com\/embed\/SvhtzUIR37Y?feature=oembed\" frameborder=\"0\" allow=\"accelerometer; autoplay; clipboard-write; encrypted-media; gyroscope; picture-in-picture; web-share\" referrerpolicy=\"strict-origin-when-cross-origin\" allowfullscreen><\/iframe><\/div>\n<\/div><\/figure>","protected":false},"excerpt":{"rendered":"<p>From here, I&#8217;ll assume you know how the game works and I&#8217;ll stop reminding you to build Mass Extractors, queue up orders, put factories on repeat, etc. This mission is actually rather difficult; be sure to build up a large force instead of accomplishing early objectives as fast as possible. 1. CLEAR VILLAGE OF AEON [&hellip;]<\/p>","protected":false},"author":1,"featured_media":0,"parent":122,"menu_order":2,"comment_status":"closed","ping_status":"closed","template":"","meta":{"_uag_custom_page_level_css":"","site-sidebar-layout":"default","site-content-layout":"default","ast-site-content-layout":"","site-content-style":"default","site-sidebar-style":"default","ast-global-header-display":"","ast-banner-title-visibility":"","ast-main-header-display":"","ast-hfb-above-header-display":"","ast-hfb-below-header-display":"","ast-hfb-mobile-header-display":"","site-post-title":"","ast-breadcrumbs-content":"","ast-featured-img":"","footer-sml-layout":"","theme-transparent-header-meta":"default","adv-header-id-meta":"","stick-header-meta":"","header-above-stick-meta":"","header-main-stick-meta":"","header-below-stick-meta":"","astra-migrate-meta-layouts":"default","ast-page-background-enabled":"default","ast-page-background-meta":{"desktop":{"background-color":"","background-image":"","background-repeat":"repeat","background-position":"center center","background-size":"auto","background-attachment":"scroll","background-type":"","background-media":"","overlay-type":"","overlay-color":"","overlay-gradient":""},"tablet":{"background-color":"","background-image":"","background-repeat":"repeat","background-position":"center center","background-size":"auto","background-attachment":"scroll","background-type":"","background-media":"","overlay-type":"","overlay-color":"","overlay-gradient":""},"mobile":{"background-color":"","background-image":"","background-repeat":"repeat","background-position":"center center","background-size":"auto","background-attachment":"scroll","background-type":"","background-media":"","overlay-type":"","overlay-color":"","overlay-gradient":""}},"ast-content-background-meta":{"desktop":{"background-color":"var(--ast-global-color-5)","background-image":"","background-repeat":"repeat","background-position":"center center","background-size":"auto","background-attachment":"scroll","background-type":"","background-media":"","overlay-type":"","overlay-color":"","overlay-gradient":""},"tablet":{"background-color":"var(--ast-global-color-5)","background-image":"","background-repeat":"repeat","background-position":"center center","background-size":"auto","background-attachment":"scroll","background-type":"","background-media":"","overlay-type":"","overlay-color":"","overlay-gradient":""},"mobile":{"background-color":"var(--ast-global-color-5)","background-image":"","background-repeat":"repeat","background-position":"center center","background-size":"auto","background-attachment":"scroll","background-type":"","background-media":"","overlay-type":"","overlay-color":"","overlay-gradient":""}},"footnotes":""},"uagb_featured_image_src":{"full":false,"thumbnail":false,"medium":false,"medium_large":false,"large":false,"1536x1536":false,"2048x2048":false,"trp-custom-language-flag":false},"uagb_author_info":{"display_name":"SOE","author_link":"https:\/\/supcom.standardof.net\/fr\/author\/k-tastic\/"},"uagb_comment_info":0,"uagb_excerpt":"From here, I&#8217;ll assume you know how the game works and I&#8217;ll stop reminding you to build Mass Extractors, queue up orders, put factories on repeat, etc. This mission is actually rather difficult; be sure to build up a large force instead of accomplishing early objectives as fast as possible. 1. CLEAR VILLAGE OF AEON&hellip;","_links":{"self":[{"href":"https:\/\/supcom.standardof.net\/fr\/wp-json\/wp\/v2\/pages\/206"}],"collection":[{"href":"https:\/\/supcom.standardof.net\/fr\/wp-json\/wp\/v2\/pages"}],"about":[{"href":"https:\/\/supcom.standardof.net\/fr\/wp-json\/wp\/v2\/types\/page"}],"author":[{"embeddable":true,"href":"https:\/\/supcom.standardof.net\/fr\/wp-json\/wp\/v2\/users\/1"}],"replies":[{"embeddable":true,"href":"https:\/\/supcom.standardof.net\/fr\/wp-json\/wp\/v2\/comments?post=206"}],"version-history":[{"count":0,"href":"https:\/\/supcom.standardof.net\/fr\/wp-json\/wp\/v2\/pages\/206\/revisions"}],"up":[{"embeddable":true,"href":"https:\/\/supcom.standardof.net\/fr\/wp-json\/wp\/v2\/pages\/122"}],"wp:attachment":[{"href":"https:\/\/supcom.standardof.net\/fr\/wp-json\/wp\/v2\/media?parent=206"}],"curies":[{"name":"wp","href":"https:\/\/api.w.org\/{rel}","templated":true}]}}