{"id":208,"date":"2020-10-31T15:04:51","date_gmt":"2020-10-31T19:04:51","guid":{"rendered":"https:\/\/supcom.standardof.net\/?page_id=208"},"modified":"2020-10-31T15:10:06","modified_gmt":"2020-10-31T19:10:06","slug":"cybran-operation-defrag","status":"publish","type":"page","link":"https:\/\/supcom.standardof.net\/fr\/supreme-commander\/procedures-pas-a-pas-de-la-campagne\/cybran-operation-defrag\/","title":{"rendered":"Cybran Mission 3 - Op\u00e9ration Defrag"},"content":{"rendered":"<h3 class=\"wp-block-heading\">1. D\u00c9FENDRE YORK18 ET LA PORTE QUANTUM<\/h3>\n\n\n\n<p>Vous avez tr\u00e8s peu de ressources au d\u00e9but de cette mission, alors utilisez vos unit\u00e9s de d\u00e9part \u00e0 bon escient. Demandez \u00e0 vos bombardiers de d\u00e9truire les chars \u00e0 l&#039;ouest de York18, mais ne les laissez pas survoler les bases ouest ou nord-ouest. Une fois que York est en s\u00e9curit\u00e9, ramenez vos bombardiers \u00e0 votre base. Vous serez attaqu\u00e9 par voie terrestre et a\u00e9rienne t\u00f4t. Construisez des tourelles anti-a\u00e9riennes sur la rive ouest pr\u00e8s de la porte quantique et envoyez un ing\u00e9nieur \u00e0 la position d&#039;York pour le d\u00e9fendre avec des tourelles. Construisez d&#039;abord une usine a\u00e9rienne pour aider \u00e0 la d\u00e9fense a\u00e9rienne et reconstituer votre r\u00e9serve de bombardiers.<\/p>\n\n\n\n<h3 class=\"wp-block-heading\">2. VAINCRE LA BASE NORD-EST<\/h3>\n\n\n\n<p>Battez d&#039;abord cette base pour prendre le contr\u00f4le du c\u00f4t\u00e9 est de la rivi\u00e8re. Vous pouvez utiliser les forces terrestres T2 et les Medusas (artillerie l\u00e9g\u00e8re T1) pour \u00e9liminer cette base, puis commencer \u00e0 construire des chars amphibies Wagner. Vous pouvez capturer la Land Factory pour gagner du temps une fois que vous avez termin\u00e9. Une fois que l&#039;est de la rivi\u00e8re est sous votre contr\u00f4le, construisez des tourelles anti-a\u00e9riennes le long du rivage et d&#039;autres d\u00e9fenses pour votre nouvelle base nord. \u00c0 ce stade, vous devriez avoir une deuxi\u00e8me usine a\u00e9rienne et une usine navale, et vos ing\u00e9nieurs devraient construire des fermes de g\u00e9n\u00e9rateurs d&#039;\u00e9nergie et de fabricants de masse \u00e0 l&#039;est. Utilisez vos ing\u00e9nieurs T2 (de l&#039;usine terrestre Wagners) pour am\u00e9liorer les d\u00e9fenses de York en T2. Ces canons peuvent atteindre les bords des deux autres bases. Vous pouvez \u00e9galement les bombarder avec un point de d\u00e9fense T2 de l&#039;autre c\u00f4t\u00e9 de la rivi\u00e8re ou vos propres fr\u00e9gates.<\/p>\n\n\n\n<h3 class=\"wp-block-heading\">3. D\u00c9FAITEZ LA BASE DE L&#039;OUEST<\/h3>\n\n\n\n<p>Utilisez les transports a\u00e9riens pour transporter vos unit\u00e9s terrestres T2 et Medusas au sud de la base ouest. Rapprochez-les lentement \u00e0 mesure que votre artillerie les adoucit. Vos Wagners et bombardiers peuvent se d\u00e9placer pour tuer une fois que l&#039;artillerie commence \u00e0 fonctionner.<\/p>\n\n\n\n<h3 class=\"wp-block-heading\">4. D\u00c9FAITEZ LA BASE DU NORD-OUEST<\/h3>\n\n\n\n<p>Construisez une d\u00e9fense de point T2 dans les ruines de la base ouest afin qu&#039;elle puisse atteindre la base nord-ouest. Une fois qu&#039;il a termin\u00e9 les bords, d\u00e9placez vos troupes qui ont pris la base ouest.<\/p>\n\n\n\n<h3 class=\"wp-block-heading\">5. D\u00c9FAITE DE 2 POSTES D&#039;ARTILLERIE UEF<\/h3>\n\n\n\n<p><em>La carte s&#039;agrandit vers l&#039;est<\/em><br>Le bunker du Dr Brackman d\u00e9marre sous le feu de la position d&#039;artillerie de l&#039;UEF au nord-ouest. Renvoyez vos forces terrestres (les Wagners aident ici, car ils n&#039;ont pas \u00e0 attendre les transports) pour les \u00e9liminer rapidement, avec des bombardiers pour tuer l&#039;artillerie elle-m\u00eame une fois que les forces terrestres tuent les tourelles anti-a\u00e9riennes. La deuxi\u00e8me position est de l&#039;autre c\u00f4t\u00e9 de la rivi\u00e8re et vous aurez besoin de plus de Wagners et de Bombers pour la tuer, mais le Cruiser se tient sur votre chemin.<\/p>\n\n\n\n<h3 class=\"wp-block-heading\">6. VAINCRE LE CRUISER UEF<\/h3>\n\n\n\n<p>Le Cruiser d\u00e9marre juste au nord du bunker de Brackman. D\u00e9placez vos chars et votre artillerie vers le rivage et ils devraient pouvoir le toucher, vos bombardiers restants le d\u00e9truisant rapidement. Ensuite, reconstruisez un petit moment, puis attaquez la deuxi\u00e8me position d&#039;artillerie avec des forces mixtes.<\/p>\n\n\n\n<h3 class=\"wp-block-heading\">7. CONVOYE D&#039;ESCORTEMENT BRACKMAN<\/h3>\n\n\n\n<p>Le convoi appara\u00eet lentement, mais laissez les civils s&#039;accumuler sous le bouclier de Brackman jusqu&#039;\u00e0 ce que vous soyez s\u00fbr que le chemin est s\u00fbr. Des patrouilles a\u00e9riennes ennemies apparaissent du nord, mais vos chasseurs devraient s&#039;en occuper rapidement si vous patrouille le long de la route emprunt\u00e9e par le convoi. L&#039;ennemi essaiera \u00e9galement de faire des largages de transport sur vous, alors demandez \u00e0 vos unit\u00e9s terrestres de garder la base de Brackman jusqu&#039;\u00e0 ce que le convoi arrive et de voyager avec lui jusqu&#039;\u00e0 la porte. D\u00e9placez tous les camions directement dans la porte pour le prochain objectif.<\/p>\n\n\n\n<h3 class=\"wp-block-heading\">8. D\u00c9TRUIRE LE COMMANDANT DE L&#039;UEF<\/h3>\n\n\n\n<p><em>La carte s&#039;agrandit vers le nord<\/em><br>Commencez \u00e0 construire des unit\u00e9s a\u00e9riennes T2 ici; \u00e9tendez vos patrouilles a\u00e9riennes et terrestres pour couvrir toute votre \u00eele principale. D\u00e9placez vos unit\u00e9s navales vers la rivi\u00e8re nord pour emp\u00eacher les unit\u00e9s navales ennemies de se faufiler le long des rivi\u00e8res est et ouest. Construisez des d\u00e9fenses T2 le long de la rive nord pour emp\u00eacher les assauts amphibies pendant que vos propres Wagners et votre artillerie (largu\u00e9s par le transport apr\u00e8s que les Wagners ont d\u00e9gag\u00e9 une petite zone de d\u00e9barquement) d\u00e9truisent la base. Une fois que les d\u00e9fenses ext\u00e9rieures sont d\u00e9truites par vos m\u00e9duses et vip\u00e8res, d\u00e9placez les Wagners pour trouver l&#039;ACU et utilisez des attaques a\u00e9riennes pour l&#039;achever lorsqu&#039;il appara\u00eet. Contrairement \u00e0 la plupart des missions, vous vous en sortirez tr\u00e8s bien en coin\u00e7ant l&#039;ACU au lieu de l&#039;app\u00e2ter hors de sa base.<\/p>\n\n\n\n<h3 class=\"has-text-align-center wp-block-heading\">Mission 3 - Operation Defrag - Guide vid\u00e9o<\/h3>\n\n\n\n<figure class=\"wp-block-embed-youtube wp-block-embed is-type-video is-provider-youtube wp-embed-aspect-4-3 wp-has-aspect-ratio\"><div class=\"wp-block-embed__wrapper\">\n<div class=\"ast-oembed-container\" style=\"height: 100%;\"><iframe title=\"Operation Defrag - M3 Cybran Campaign Hard - Commandant supr\u00eame\" width=\"500\" height=\"375\" src=\"https:\/\/www.youtube.com\/embed\/V9zF49Oc0kI?feature=oembed\" frameborder=\"0\" allow=\"accelerometer; autoplay; clipboard-write; encrypted-media; gyroscope; picture-in-picture; web-share\" referrerpolicy=\"strict-origin-when-cross-origin\" allowfullscreen><\/iframe><\/div>\n<\/div><\/figure>","protected":false},"excerpt":{"rendered":"<p>1. DEFEND YORK18 AND THE QUANTUM GATE You have very few resources at the start of this mission, so use your starting units wisely. Have your Bombers destroy the tanks to the west of York18, but don&#8217;t let them fly over the west or northwest bases. Once York is safe, pull your bombers back to [&hellip;]<\/p>","protected":false},"author":1,"featured_media":0,"parent":122,"menu_order":2,"comment_status":"open","ping_status":"closed","template":"","meta":{"_uag_custom_page_level_css":"","site-sidebar-layout":"default","site-content-layout":"default","ast-site-content-layout":"","site-content-style":"default","site-sidebar-style":"default","ast-global-header-display":"","ast-banner-title-visibility":"","ast-main-header-display":"","ast-hfb-above-header-display":"","ast-hfb-below-header-display":"","ast-hfb-mobile-header-display":"","site-post-title":"","ast-breadcrumbs-content":"","ast-featured-img":"","footer-sml-layout":"","theme-transparent-header-meta":"default","adv-header-id-meta":"","stick-header-meta":"","header-above-stick-meta":"","header-main-stick-meta":"","header-below-stick-meta":"","astra-migrate-meta-layouts":"default","ast-page-background-enabled":"default","ast-page-background-meta":{"desktop":{"background-color":"","background-image":"","background-repeat":"repeat","background-position":"center center","background-size":"auto","background-attachment":"scroll","background-type":"","background-media":"","overlay-type":"","overlay-color":"","overlay-gradient":""},"tablet":{"background-color":"","background-image":"","background-repeat":"repeat","background-position":"center center","background-size":"auto","background-attachment":"scroll","background-type":"","background-media":"","overlay-type":"","overlay-color":"","overlay-gradient":""},"mobile":{"background-color":"","background-image":"","background-repeat":"repeat","background-position":"center center","background-size":"auto","background-attachment":"scroll","background-type":"","background-media":"","overlay-type":"","overlay-color":"","overlay-gradient":""}},"ast-content-background-meta":{"desktop":{"background-color":"var(--ast-global-color-5)","background-image":"","background-repeat":"repeat","background-position":"center center","background-size":"auto","background-attachment":"scroll","background-type":"","background-media":"","overlay-type":"","overlay-color":"","overlay-gradient":""},"tablet":{"background-color":"var(--ast-global-color-5)","background-image":"","background-repeat":"repeat","background-position":"center center","background-size":"auto","background-attachment":"scroll","background-type":"","background-media":"","overlay-type":"","overlay-color":"","overlay-gradient":""},"mobile":{"background-color":"var(--ast-global-color-5)","background-image":"","background-repeat":"repeat","background-position":"center center","background-size":"auto","background-attachment":"scroll","background-type":"","background-media":"","overlay-type":"","overlay-color":"","overlay-gradient":""}},"footnotes":""},"uagb_featured_image_src":{"full":false,"thumbnail":false,"medium":false,"medium_large":false,"large":false,"1536x1536":false,"2048x2048":false,"trp-custom-language-flag":false},"uagb_author_info":{"display_name":"SOE","author_link":"https:\/\/supcom.standardof.net\/fr\/author\/k-tastic\/"},"uagb_comment_info":0,"uagb_excerpt":"1. DEFEND YORK18 AND THE QUANTUM GATE You have very few resources at the start of this mission, so use your starting units wisely. Have your Bombers destroy the tanks to the west of York18, but don&#8217;t let them fly over the west or northwest bases. Once York is safe, pull your bombers back to&hellip;","_links":{"self":[{"href":"https:\/\/supcom.standardof.net\/fr\/wp-json\/wp\/v2\/pages\/208"}],"collection":[{"href":"https:\/\/supcom.standardof.net\/fr\/wp-json\/wp\/v2\/pages"}],"about":[{"href":"https:\/\/supcom.standardof.net\/fr\/wp-json\/wp\/v2\/types\/page"}],"author":[{"embeddable":true,"href":"https:\/\/supcom.standardof.net\/fr\/wp-json\/wp\/v2\/users\/1"}],"replies":[{"embeddable":true,"href":"https:\/\/supcom.standardof.net\/fr\/wp-json\/wp\/v2\/comments?post=208"}],"version-history":[{"count":0,"href":"https:\/\/supcom.standardof.net\/fr\/wp-json\/wp\/v2\/pages\/208\/revisions"}],"up":[{"embeddable":true,"href":"https:\/\/supcom.standardof.net\/fr\/wp-json\/wp\/v2\/pages\/122"}],"wp:attachment":[{"href":"https:\/\/supcom.standardof.net\/fr\/wp-json\/wp\/v2\/media?parent=208"}],"curies":[{"name":"wp","href":"https:\/\/api.w.org\/{rel}","templated":true}]}}