{"id":210,"date":"2020-10-31T15:06:12","date_gmt":"2020-10-31T19:06:12","guid":{"rendered":"https:\/\/supcom.standardof.net\/?page_id=210"},"modified":"2020-10-31T15:10:18","modified_gmt":"2020-10-31T19:10:18","slug":"cybran-operation-mainframe-tango","status":"publish","type":"page","link":"https:\/\/supcom.standardof.net\/fr\/supreme-commander\/procedures-pas-a-pas-de-la-campagne\/cybran-operation-mainframe-tango\/","title":{"rendered":"Cybran Mission 4 - Op\u00e9ration Mainframe Tango"},"content":{"rendered":"<h3 class=\"wp-block-heading\">1. VAINCRE LE COMMANDANT AEON<\/h3>\n\n\n\n<p>Il n&#039;y a pas de limite de temps pour la premi\u00e8re t\u00e2che, mais vous serez continuellement agress\u00e9, alors construisez des d\u00e9fenses de votre c\u00f4t\u00e9 ouest. Le commandant Aeon est au sud-ouest. Construisez une grande force navale et Wagner (ils ont des torpilles pour ne pas \u00eatre sans d\u00e9fense en traversant la baie), avec des transports a\u00e9riens pour amener des Vipers et des Rhinos pour les assauts lourds de base. Vos destroyers ambulants sont essentiels ici, car ils peuvent faire tout ce dont vous avez besoin. Explorez la base sud-ouest jusqu&#039;\u00e0 ce que vous trouviez un bon endroit pour larguer vos forces par avion. Avant d&#039;emm\u00e9nager, construisez une force d\u00e9cente et envoyez vos destroyers pour qu&#039;ils \u00e9mergent de l&#039;eau, obligeant les d\u00e9fenses ennemies \u00e0 les cibler au lieu de vos unit\u00e9s terrestres. Lorsque le commandant Aeon se pr\u00e9sente, attaquez avec tout, y compris les bombardiers et les navires de combat; elle se t\u00e9l\u00e9portera, mais vous aurez quand m\u00eame besoin de forces pour l&#039;objectif #2.<\/p>\n\n\n\n<h3 class=\"wp-block-heading\">2. R\u00c9CAPTUREZ LE N\u0152UD DE R\u00c9SEAU<\/h3>\n\n\n\n<p>Le n\u0153ud est au milieu de la base que vous attaquez. Capturez-le avec un ing\u00e9nieur une fois que vous avez nivel\u00e9 la base. Demandez \u00e0 vos forces navales (et pas seulement \u00e0 vos destroyers) de d\u00e9truire le c\u00f4t\u00e9 naval de la base Aeon.<\/p>\n\n\n\n<h3 class=\"wp-block-heading\">3. SAUVEGARDEZ LE N\u0152UD DE R\u00c9SEAU ET LES B\u00c2TIMENTS CIVILS<\/h3>\n\n\n\n<p><em>La carte s&#039;agrandit vers l&#039;ouest<\/em><br>Le village civil a d\u00e9j\u00e0 des boucliers, mais vous voudrez y transporter par avion vos unit\u00e9s terrestres pour les d\u00e9fenses pendant que vous \u00e9rigez une position d\u00e9fensive. Construisez une usine terrestre l\u00e0-bas pour avoir des d\u00e9fenses mobiles et construisez \u00e9galement de l&#039;anti-a\u00e9rien.<\/p>\n\n\n\n<h3 class=\"wp-block-heading\">4. D\u00c9FENDRE LE N\u0152UD CONTRE LES ATTAQUES AEON<\/h3>\n\n\n\n<p>Le n\u0153ud sera soumis \u00e0 toutes sortes d&#039;attaques - votre Land Factory faisant la flak T2 et les chars lourds est pratique comme d\u00e9fense polyvalente. D\u00e9placez vos forces navales au nord du village pour trouver l&#039;attaque navale avant qu&#039;elle ne se produise et d\u00e9truisez-la.<\/p>\n\n\n\n<h3 class=\"wp-block-heading\">5. CAPTUREZ LE N\u0152UD NORD-EST<\/h3>\n\n\n\n<p><em>La carte s&#039;agrandit vers le nord<\/em><br>Votre base d&#039;origine est maintenant vuln\u00e9rable aux attaques du nord, alors construisez-y une d\u00e9fense. Vous pouvez soit emm\u00e9nager avec une grande force pour submerger leurs boucliers mobiles, soit envoyer un g\u00e9n\u00e9rateur furtif mobile et un ing\u00e9nieur avec votre transport a\u00e9rien (apr\u00e8s avoir rep\u00e9r\u00e9 leurs trajectoires de vol) pour le capturer.<\/p>\n\n\n\n<h3 class=\"wp-block-heading\">6. CAPTUREZ LE N\u0152UD DU NORD-OUEST<\/h3>\n\n\n\n<p>C&#039;est relativement simple: d\u00e9placez simplement vos forces navales vers la c\u00f4te et elles bombarderont la base dans l&#039;oubli. Avant de capturer le n\u0153ud, d\u00e9placez toute votre arm\u00e9e juste \u00e0 l&#039;ext\u00e9rieur de la base principale d&#039;Aeon dans une \u00e9norme formation. Vous avez une limite de temps pour le prochain objectif, alors ne capturez que lorsque vous \u00eates pr\u00eat.<\/p>\n\n\n\n<h3 class=\"wp-block-heading\">7. VAINCRE LE COMMANDANT AEON<\/h3>\n\n\n\n<p>30 secondes apr\u00e8s avoir termin\u00e9 les objectifs 5 et 6, une bombe EMP explose au milieu de la base Aeon. Cela vous donne le temps de piller la base avec tout, de trouver le commandant et de le tuer avec des bombardiers et des bombardiers avant que leurs d\u00e9fenses a\u00e9riennes ne se r\u00e9activent.<\/p>\n\n\n\n<h3 class=\"has-text-align-center wp-block-heading\">Mission 4 - Operation Mainframe Tango - Guide vid\u00e9o<\/h3>\n\n\n\n<figure class=\"wp-block-embed-youtube wp-block-embed is-type-video is-provider-youtube wp-embed-aspect-4-3 wp-has-aspect-ratio\"><div class=\"wp-block-embed__wrapper\">\n<div class=\"ast-oembed-container\" style=\"height: 100%;\"><iframe title=\"Op\u00e9ration Mainframe Tango - Campagne M4 Cybran Hard - Commandant supr\u00eame\" width=\"500\" height=\"375\" src=\"https:\/\/www.youtube.com\/embed\/Zf6C4dMeps4?feature=oembed\" frameborder=\"0\" allow=\"accelerometer; autoplay; clipboard-write; encrypted-media; gyroscope; picture-in-picture; web-share\" referrerpolicy=\"strict-origin-when-cross-origin\" allowfullscreen><\/iframe><\/div>\n<\/div><\/figure>","protected":false},"excerpt":{"rendered":"<p>1. DEFEAT THE AEON COMMANDER There&#8217;s no time limit for the first task, but you&#8217;ll be continually assaulted, so build up defenses on your western side. The Aeon Commander is to the southwest. Build up a large navy and Wagner force (they have torpedoes so they won&#8217;t be defenseless while crossing the bay), with air [&hellip;]<\/p>","protected":false},"author":1,"featured_media":0,"parent":122,"menu_order":2,"comment_status":"open","ping_status":"closed","template":"","meta":{"_uag_custom_page_level_css":"","site-sidebar-layout":"default","site-content-layout":"default","ast-site-content-layout":"","site-content-style":"default","site-sidebar-style":"default","ast-global-header-display":"","ast-banner-title-visibility":"","ast-main-header-display":"","ast-hfb-above-header-display":"","ast-hfb-below-header-display":"","ast-hfb-mobile-header-display":"","site-post-title":"","ast-breadcrumbs-content":"","ast-featured-img":"","footer-sml-layout":"","theme-transparent-header-meta":"default","adv-header-id-meta":"","stick-header-meta":"","header-above-stick-meta":"","header-main-stick-meta":"","header-below-stick-meta":"","astra-migrate-meta-layouts":"default","ast-page-background-enabled":"default","ast-page-background-meta":{"desktop":{"background-color":"","background-image":"","background-repeat":"repeat","background-position":"center center","background-size":"auto","background-attachment":"scroll","background-type":"","background-media":"","overlay-type":"","overlay-color":"","overlay-gradient":""},"tablet":{"background-color":"","background-image":"","background-repeat":"repeat","background-position":"center center","background-size":"auto","background-attachment":"scroll","background-type":"","background-media":"","overlay-type":"","overlay-color":"","overlay-gradient":""},"mobile":{"background-color":"","background-image":"","background-repeat":"repeat","background-position":"center center","background-size":"auto","background-attachment":"scroll","background-type":"","background-media":"","overlay-type":"","overlay-color":"","overlay-gradient":""}},"ast-content-background-meta":{"desktop":{"background-color":"var(--ast-global-color-5)","background-image":"","background-repeat":"repeat","background-position":"center center","background-size":"auto","background-attachment":"scroll","background-type":"","background-media":"","overlay-type":"","overlay-color":"","overlay-gradient":""},"tablet":{"background-color":"var(--ast-global-color-5)","background-image":"","background-repeat":"repeat","background-position":"center center","background-size":"auto","background-attachment":"scroll","background-type":"","background-media":"","overlay-type":"","overlay-color":"","overlay-gradient":""},"mobile":{"background-color":"var(--ast-global-color-5)","background-image":"","background-repeat":"repeat","background-position":"center center","background-size":"auto","background-attachment":"scroll","background-type":"","background-media":"","overlay-type":"","overlay-color":"","overlay-gradient":""}},"footnotes":""},"uagb_featured_image_src":{"full":false,"thumbnail":false,"medium":false,"medium_large":false,"large":false,"1536x1536":false,"2048x2048":false,"trp-custom-language-flag":false},"uagb_author_info":{"display_name":"SOE","author_link":"https:\/\/supcom.standardof.net\/fr\/author\/k-tastic\/"},"uagb_comment_info":0,"uagb_excerpt":"1. DEFEAT THE AEON COMMANDER There&#8217;s no time limit for the first task, but you&#8217;ll be continually assaulted, so build up defenses on your western side. The Aeon Commander is to the southwest. Build up a large navy and Wagner force (they have torpedoes so they won&#8217;t be defenseless while crossing the bay), with air&hellip;","_links":{"self":[{"href":"https:\/\/supcom.standardof.net\/fr\/wp-json\/wp\/v2\/pages\/210"}],"collection":[{"href":"https:\/\/supcom.standardof.net\/fr\/wp-json\/wp\/v2\/pages"}],"about":[{"href":"https:\/\/supcom.standardof.net\/fr\/wp-json\/wp\/v2\/types\/page"}],"author":[{"embeddable":true,"href":"https:\/\/supcom.standardof.net\/fr\/wp-json\/wp\/v2\/users\/1"}],"replies":[{"embeddable":true,"href":"https:\/\/supcom.standardof.net\/fr\/wp-json\/wp\/v2\/comments?post=210"}],"version-history":[{"count":0,"href":"https:\/\/supcom.standardof.net\/fr\/wp-json\/wp\/v2\/pages\/210\/revisions"}],"up":[{"embeddable":true,"href":"https:\/\/supcom.standardof.net\/fr\/wp-json\/wp\/v2\/pages\/122"}],"wp:attachment":[{"href":"https:\/\/supcom.standardof.net\/fr\/wp-json\/wp\/v2\/media?parent=210"}],"curies":[{"name":"wp","href":"https:\/\/api.w.org\/{rel}","templated":true}]}}