{"id":212,"date":"2020-10-31T15:08:11","date_gmt":"2020-10-31T19:08:11","guid":{"rendered":"https:\/\/supcom.standardof.net\/?page_id=212"},"modified":"2020-10-31T15:08:12","modified_gmt":"2020-10-31T19:08:12","slug":"cybran-operation-unlock","status":"publish","type":"page","link":"https:\/\/supcom.standardof.net\/fr\/supreme-commander\/procedures-pas-a-pas-de-la-campagne\/cybran-operation-deverrouillage\/","title":{"rendered":"Cybran Mission 5 - Op\u00e9ration Unlock"},"content":{"rendered":"<h3 class=\"wp-block-heading\">1. D\u00c9TRUIRE 6 G\u00c9N\u00c9RATEURS D&#039;\u00c9NERGIE UEF<\/h3>\n\n\n\n<p>Au sud, il y a une grande base UEF; construisez un mur entre vous deux une fois que vous aurez pris le contr\u00f4le de 10 ou 11 d\u00e9p\u00f4ts de masse. Ne provoquez pas l&#039;UEF tant que vous n&#039;\u00eates pas pr\u00eat \u00e0 vous battre, et ne construisez pas une usine navale tant que vos forces terrestres ne sont pas s\u00e9curis\u00e9es et techniques jusqu&#039;\u00e0 T2, car la marine de l&#039;UEF est grande et agressive. Construisez vos fermes Mass Fabricator au nord-est de la carte, loin des patrouilles a\u00e9riennes ennemies. Le long de votre mur sud, construisez une d\u00e9fense T2 compl\u00e8te avec des boucliers et de l&#039;artillerie et quelques ing\u00e9nieurs en patrouille. Une fois que vous \u00eates pr\u00eat \u00e0 passer au T3, construisez des usines navales et aidez-les pendant que vous produisez une force terrestre con\u00e7ue pour prot\u00e9ger votre artillerie mobile T3. Laissez les forces ennemies vous attaquer et gaspiller leurs unit\u00e9s mobiles avant d&#039;attaquer. Faufilez vos forces le long du bord est de la carte, derri\u00e8re le couvert des montagnes, afin qu&#039;elles puissent d\u00e9truire les g\u00e9n\u00e9rateurs d&#039;\u00e9nergie et laisser tomber leurs boucliers. N&#039;oubliez pas de vous d\u00e9placer \u00e0 la vitesse de l&#039;artillerie lourde avec des formations ou Ctrl-Alt-clic.<\/p>\n\n\n\n<h3 class=\"wp-block-heading\">2. &amp; 3. D\u00c9TRUIRE 3 OMNI-SENSORS ET D\u00c9TRUIRE LA BASE NAVALE DE L&#039;UEF<\/h3>\n\n\n\n<p><em>La carte s&#039;agrandit vers l&#039;ouest<br><\/em>D\u00e9truisez le premier poste Omni en utilisant la m\u00eame m\u00e9thode d&#039;artillerie sournoise, puis demandez \u00e0 votre artillerie de contr\u00f4ler lentement plus de territoire. Au fur et \u00e0 mesure que vous prenez le contr\u00f4le, \u00e9tendez les itin\u00e9raires de patrouille a\u00e9rienne pour couvrir vos zones de s\u00e9curit\u00e9 afin que les patrouilles ennemies ne se faufilent pas. Utilisez des unit\u00e9s navales pour \u00e9liminer le rivage ouest et d\u00e9truire la base navale. Vos croiseurs et destroyers peuvent \u00e9galement aider \u00e0 \u00e9liminer les d\u00e9fenses sur la plage. La destruction de la base navale en premier permet de cibler l&#039;Omni Sensor sur la montagne ouest beaucoup plus facilement. Au fur et \u00e0 mesure que votre artillerie et vos unit\u00e9s de soutien meurent, remplacez-les par l&#039;air en larguant plus d&#039;unit\u00e9s. La base navale se trouve \u00e0 l&#039;extr\u00e9mit\u00e9 sud de la rivi\u00e8re. Basculez l&#039;interrupteur terre \/ air de vos croiseurs pour \u00abatterrir\u00bb et vous d\u00e9placer avec vos forces navales (mais pas les forces a\u00e9riennes car l&#039;anti-a\u00e9rien est enti\u00e8rement prot\u00e9g\u00e9), tandis que votre artillerie brise les boucliers. Ciblez d&#039;abord les ing\u00e9nieurs, car ils tenteront de r\u00e9parer les d\u00e9fenses. Alternativement, vous pouvez larguer les ing\u00e9nieurs par l&#039;air par la base et une artillerie T2 ou un lanceur de missiles tactiques le d\u00e9truira facilement, d\u00e9fendu par vos unit\u00e9s terrestres. La base sud-ouest d&#039;Omni Sensor est \u00e0 port\u00e9e de toutes vos unit\u00e9s, alors faites-la pilonner par toutes vos forces. L&#039;Omni Sensor ouest est au sommet d&#039;une montagne, ce qui le rend bien d\u00e9fendu. Les destroyers sont lents, mais c&#039;est votre meilleur pari ici; d\u00e9posez votre escouade d&#039;artillerie derri\u00e8re eux et prot\u00e9gez-les avec votre avion.<\/p>\n\n\n\n<h3 class=\"wp-block-heading\">4. ATTEINDRE HEX5 AVEC VOTRE COMMANDANT<\/h3>\n\n\n\n<p>Transportez votre ACU vers la zone cible et gardez vos combattants \u00e0 votre base principale, car le ciel deviendra tr\u00e8s hostile apr\u00e8s cet objectif. Une fois que vous avez termin\u00e9, transportez rapidement votre ACU vers les boucliers de votre base principale.<\/p>\n\n\n\n<h3 class=\"wp-block-heading\">5. ATTEINDRE L&#039;ASSAUT PAR UN GUNSHIP<\/h3>\n\n\n\n<p>Ce n&#039;est pas un probl\u00e8me si vous disposiez de suffisamment de d\u00e9fenses a\u00e9riennes contre les premiers objectifs et de suffisamment de combattants pour repousser les navires de combat.<\/p>\n\n\n\n<h3 class=\"wp-block-heading\">6. INSTALLATION DE STAGING AIR UEF INFECT\u00c9<\/h3>\n\n\n\n<p><em>La carte s&#039;agrandit vers le sud<br><\/em>Cette base est bien d\u00e9fendue, vous devrez donc utiliser votre escouade d&#039;artillerie. Essayez d&#039;\u00e9loigner les unit\u00e9s d&#039;un c\u00f4t\u00e9 de la base tout en d\u00e9posant des unit\u00e9s de l&#039;autre c\u00f4t\u00e9 lors d&#039;un attentat suicide, puis en d\u00e9pla\u00e7ant les ing\u00e9nieurs \u00e0 travers le trou pour capturer l&#039;une des installations. Vous n&#039;avez pas besoin d&#039;effacer d&#039;abord toute la base.<\/p>\n\n\n\n<h3 class=\"wp-block-heading\">7. D\u00c9FAITE DU COMMANDANT UEF<\/h3>\n\n\n\n<p>D\u00e9placez toutes vos forces vers le coin sud-ouest - les unit\u00e9s navales vers la rivi\u00e8re \u00e0 l&#039;est de la base, les unit\u00e9s a\u00e9riennes couvrant la mer mais ne s&#039;\u00e9loignant pas trop de la couverture anti-a\u00e9rienne de la base. Une fois que vous avez tu\u00e9 l&#039;anneau ext\u00e9rieur des tourelles, ciblez les boucliers et d\u00e9placez vos destroyers sur le rivage pour faire sortir l&#039;ACU de sa cachette. S&#039;il se retire avant de mourir, recommencez \u00e0 bombarder sa base jusqu&#039;\u00e0 ce qu&#039;il n&#039;ait plus nulle part o\u00f9 courir. Une fois que vous avez un tir clair, envoyez vos forces a\u00e9riennes et vos destroyers pour terminer le travail.<\/p>\n\n\n\n<h3 class=\"wp-block-heading\">Mission 5 - Operation Unlock - Guide vid\u00e9o<\/h3>\n\n\n\n<figure class=\"wp-block-embed-youtube wp-block-embed is-type-video is-provider-youtube wp-embed-aspect-16-9 wp-has-aspect-ratio\"><div class=\"wp-block-embed__wrapper\">\n<div class=\"ast-oembed-container\" style=\"height: 100%;\"><iframe title=\"Operation Unlock - Campagne M5 Cybran Hard - Commandant supr\u00eame\" width=\"500\" height=\"281\" src=\"https:\/\/www.youtube.com\/embed\/WcXek0vEAW0?feature=oembed\" frameborder=\"0\" allow=\"accelerometer; autoplay; clipboard-write; encrypted-media; gyroscope; picture-in-picture; web-share\" referrerpolicy=\"strict-origin-when-cross-origin\" allowfullscreen><\/iframe><\/div>\n<\/div><\/figure>","protected":false},"excerpt":{"rendered":"<p>1. DESTROY 6 UEF POWER GENERATORS To the south there is a large UEF base; build a wall between the two of you once you&#8217;ve taken control of 10 or 11 mass deposits. Don&#8217;t provoke the UEF until you&#8217;re ready to fight, and don&#8217;t build a Naval Factory until your land forces are secure and [&hellip;]<\/p>","protected":false},"author":1,"featured_media":0,"parent":122,"menu_order":2,"comment_status":"open","ping_status":"closed","template":"","meta":{"_uag_custom_page_level_css":"","site-sidebar-layout":"default","site-content-layout":"default","ast-site-content-layout":"","site-content-style":"default","site-sidebar-style":"default","ast-global-header-display":"","ast-banner-title-visibility":"","ast-main-header-display":"","ast-hfb-above-header-display":"","ast-hfb-below-header-display":"","ast-hfb-mobile-header-display":"","site-post-title":"","ast-breadcrumbs-content":"","ast-featured-img":"","footer-sml-layout":"","theme-transparent-header-meta":"default","adv-header-id-meta":"","stick-header-meta":"","header-above-stick-meta":"","header-main-stick-meta":"","header-below-stick-meta":"","astra-migrate-meta-layouts":"default","ast-page-background-enabled":"default","ast-page-background-meta":{"desktop":{"background-color":"","background-image":"","background-repeat":"repeat","background-position":"center center","background-size":"auto","background-attachment":"scroll","background-type":"","background-media":"","overlay-type":"","overlay-color":"","overlay-gradient":""},"tablet":{"background-color":"","background-image":"","background-repeat":"repeat","background-position":"center center","background-size":"auto","background-attachment":"scroll","background-type":"","background-media":"","overlay-type":"","overlay-color":"","overlay-gradient":""},"mobile":{"background-color":"","background-image":"","background-repeat":"repeat","background-position":"center center","background-size":"auto","background-attachment":"scroll","background-type":"","background-media":"","overlay-type":"","overlay-color":"","overlay-gradient":""}},"ast-content-background-meta":{"desktop":{"background-color":"var(--ast-global-color-5)","background-image":"","background-repeat":"repeat","background-position":"center center","background-size":"auto","background-attachment":"scroll","background-type":"","background-media":"","overlay-type":"","overlay-color":"","overlay-gradient":""},"tablet":{"background-color":"var(--ast-global-color-5)","background-image":"","background-repeat":"repeat","background-position":"center center","background-size":"auto","background-attachment":"scroll","background-type":"","background-media":"","overlay-type":"","overlay-color":"","overlay-gradient":""},"mobile":{"background-color":"var(--ast-global-color-5)","background-image":"","background-repeat":"repeat","background-position":"center center","background-size":"auto","background-attachment":"scroll","background-type":"","background-media":"","overlay-type":"","overlay-color":"","overlay-gradient":""}},"footnotes":""},"uagb_featured_image_src":{"full":false,"thumbnail":false,"medium":false,"medium_large":false,"large":false,"1536x1536":false,"2048x2048":false,"trp-custom-language-flag":false},"uagb_author_info":{"display_name":"SOE","author_link":"https:\/\/supcom.standardof.net\/fr\/author\/k-tastic\/"},"uagb_comment_info":0,"uagb_excerpt":"1. DESTROY 6 UEF POWER GENERATORS To the south there is a large UEF base; build a wall between the two of you once you&#8217;ve taken control of 10 or 11 mass deposits. Don&#8217;t provoke the UEF until you&#8217;re ready to fight, and don&#8217;t build a Naval Factory until your land forces are secure and&hellip;","_links":{"self":[{"href":"https:\/\/supcom.standardof.net\/fr\/wp-json\/wp\/v2\/pages\/212"}],"collection":[{"href":"https:\/\/supcom.standardof.net\/fr\/wp-json\/wp\/v2\/pages"}],"about":[{"href":"https:\/\/supcom.standardof.net\/fr\/wp-json\/wp\/v2\/types\/page"}],"author":[{"embeddable":true,"href":"https:\/\/supcom.standardof.net\/fr\/wp-json\/wp\/v2\/users\/1"}],"replies":[{"embeddable":true,"href":"https:\/\/supcom.standardof.net\/fr\/wp-json\/wp\/v2\/comments?post=212"}],"version-history":[{"count":0,"href":"https:\/\/supcom.standardof.net\/fr\/wp-json\/wp\/v2\/pages\/212\/revisions"}],"up":[{"embeddable":true,"href":"https:\/\/supcom.standardof.net\/fr\/wp-json\/wp\/v2\/pages\/122"}],"wp:attachment":[{"href":"https:\/\/supcom.standardof.net\/fr\/wp-json\/wp\/v2\/media?parent=212"}],"curies":[{"name":"wp","href":"https:\/\/api.w.org\/{rel}","templated":true}]}}