{"id":215,"date":"2020-10-31T15:11:47","date_gmt":"2020-10-31T19:11:47","guid":{"rendered":"https:\/\/supcom.standardof.net\/?page_id=215"},"modified":"2020-10-31T15:11:48","modified_gmt":"2020-10-31T19:11:48","slug":"cybran-operation-freedom","status":"publish","type":"page","link":"https:\/\/supcom.standardof.net\/fr\/supreme-commander\/procedures-pas-a-pas-de-la-campagne\/cybran-operation-liberte\/","title":{"rendered":"Mission Cybran 6 - Op\u00e9ration Libert\u00e9"},"content":{"rendered":"<h3 class=\"wp-block-heading\">0. CONSTRUISEZ VOTRE BASE<\/h3>\n\n\n\n<p>Votre mission n&#039;est pas de perdre du temps avec les techniques habituelles ici, mais d&#039;avoir suffisamment d&#039;\u00e9conomie pour produire de nombreuses unit\u00e9s exp\u00e9rimentales, jusqu&#039;\u00e0 un Scathis pour attaquer en toute s\u00e9curit\u00e9 derri\u00e8re vos d\u00e9fenses de base. Vous avez 12 minutes pour construire votre base avant l&#039;arriv\u00e9e du tsar, alors travaillez vite. Construisez des forces terrestres mixtes (robots de si\u00e8ge T3, artillerie, anti-a\u00e9rien T2 et quelques g\u00e9n\u00e9rateurs de boucliers mobiles T2) et envoyez-les au sud pour couvrir le mur de d\u00e9fense que vous construisez. Construisez de nombreux chasseurs et bombardiers T1 et T3 dans vos usines a\u00e9riennes pour vous pr\u00e9parer \u00e0 l&#039;invasion du tsar. Vous aurez besoin d&#039;une grande flotte navale mixte (\u00e0 l&#039;exception des transporteurs, car vous avez d\u00e9j\u00e0 des installations de transit a\u00e9rien) et de nombreux ing\u00e9nieurs T3 pour financer votre machine de guerre, d&#039;autant plus que vous voudrez am\u00e9liorer les boucliers de votre ligne sud et y mettre Installations d&#039;artillerie lourde T3 pour arr\u00eater les exp\u00e9rimentations qui viendront vers vous au nord. Vous aurez \u00e9galement besoin d&#039;une d\u00e9fense a\u00e9rienne T3 le long de la rive ouest et de plus de lance-torpilles T2 dans un anneau ext\u00e9rieur au-del\u00e0 de ceux que vous avez d\u00e9j\u00e0, et plus tard, vous aurez besoin d&#039;une d\u00e9fense de point T2 des deux c\u00f4t\u00e9s de votre base pour aider \u00e0 repousser les attaques. La cl\u00e9 pour arr\u00eater les exp\u00e9rimentations ennemies de la terre est votre artillerie lourde, et la cl\u00e9 pour tuer les exp\u00e9rimentations ennemies depuis la mer est votre canon exp\u00e9rimental Soul Ripper. C&#039;est votre plus gros projet de construction, car vous en aurez besoin pour abattre le tsar avant qu&#039;il n&#039;efface le centre de contr\u00f4le Black Sun. Pendant ce temps, votre ACU et J\u00e9richo peuvent aider le mur d\u00e9fensif - vous aurez besoin de plusieurs couches de murs physiques pour emp\u00eacher les unit\u00e9s terrestres de vous atteindre avant que leurs exp\u00e9rimentations puissent \u00e9craser les murs, ainsi que les d\u00e9fenses habituelles. Vous pouvez \u00e9galement demander \u00e0 votre ACU de diriger la charge de construction de Soul Ripper. Il est difficile de construire une artillerie T3 et un Soul Ripper simultan\u00e9ment, alors choisissez-en un: une fois que vous avez une seule artillerie en place, vous pouvez mettre tous vos ing\u00e9nieurs sur l&#039;air T3 et les exp\u00e9rimentations.<\/p>\n\n\n\n<h3 class=\"wp-block-heading\">1. D\u00c9TRUIRE LE CZAR<\/h3>\n\n\n\n<p>Demandez \u00e0 toutes vos unit\u00e9s a\u00e9riennes - Soul Rippers, chasseurs de sup\u00e9riorit\u00e9 a\u00e9rienne, m\u00eame vos navires de combat - d&#039;aider \u00e0 abattre les points de vie du tsar avant qu&#039;il n&#039;atteigne la base de l&#039;UEF. L&#039;UEF vous aidera un peu, mais ils ne peuvent pas le faire seuls, et vous en avez besoin pour mourir avant qu&#039;il n&#039;atteigne le centre de contr\u00f4le (au sud de votre base). Apr\u00e8s avoir construit quelques Soul Rippers, mettez en file d&#039;attente des Monkeylords, puis continuez \u00e0 construire des exp\u00e9rimentations pour toujours. Au lieu de l&#039;artillerie T3 et des Monkeylords, vous pouvez utiliser un Scathis, qui \u00e9liminera toute l&#039;\u00eele sur laquelle vous vous trouvez si vous le mettez \u00e0 l&#039;int\u00e9rieur de votre ligne d\u00e9fensive. L&#039;artillerie a l&#039;avantage de pouvoir \u00e9galement frapper la base Aeon.<\/p>\n\n\n\n<h3 class=\"wp-block-heading\">2. CONSTRUISEZ UNE PORTAIL QUANTUM<\/h3>\n\n\n\n<p>Ramenez vos Soul Rippers \u00e0 votre base, en parcourant l&#039;ouest pour rep\u00e9rer le colosse qui se dirige vers l&#039;est vers vous. L&#039;UEF vous attaquera \u00e9galement et vous aidera \u00e0 tuer le colosse si vous en avez besoin. Le Colossus devrait \u00eatre au centre de votre attention avec les navires de combat, les Soul Rippers et les bombardiers T3, ainsi que toute votre flotte navale (car il ne peut pas utiliser ses canons \u00e0 gravit\u00e9 lorsqu&#039;il est submerg\u00e9). S&#039;il atteint votre base, les d\u00e9fenses occidentales devraient le tuer avant qu&#039;il ne fasse trop de d\u00e9g\u00e2ts. Les forces de l&#039;UEF peuvent attendre qu&#039;elle soit d\u00e9truite; vos murs doivent les maintenir assez longtemps pour que vos d\u00e9fenses et vos troupes au sol puissent monter une d\u00e9fense. Construisez une porte quantique ici et entrez-y avec votre ACU, qui devrait se cacher en toute s\u00e9curit\u00e9 derri\u00e8re des boucliers \u00e0 ce stade. Vous pouvez d\u00e9sormais commencer \u00e0 produire en masse des SCU avec la mise \u00e0 niveau de Resource Collection si vous manquez d&#039;espace pour les fermes d&#039;alimentation et de fabrication T3. Cela ne devrait pas \u00eatre un probl\u00e8me, cependant; Au lieu de cela, pompez simplement des SCU ordinaires pour aider vos projets de construction et ajoutez un ing\u00e9nieur \u00e0 votre file d&#039;attente de construction de terrains pour aider \u00e0 construire des d\u00e9fenses de plus en plus au sud. L&#039;UEF attaquera avec une artillerie lourde mobile qui peut \u00e9liminer vos d\u00e9fenses; pour cela, d\u00e9placez-vous dans un Soul Ripper pour patrouiller au sud des murs pour les rep\u00e9rer pendant que votre propre artillerie s&#039;occupe d&#039;eux. Ne laissez pas les d\u00e9fenses de point de construction de l&#039;UEF elles-m\u00eames!<\/p>\n\n\n\n<h3 class=\"wp-block-heading\">3. CENTRE DE CONTR\u00d4LE DU SOLEIL NOIR CAPTURE<\/h3>\n\n\n\n<p><em>La carte s&#039;agrandit au sud et \u00e0 l&#039;est<br><\/em>Ce n&#039;est pas un objectif chronom\u00e9tr\u00e9. Apr\u00e8s avoir repouss\u00e9 l&#039;invasion UEF et Aeon, prenez le temps de reconstruire vos forces, puis d\u00e9placez vos unit\u00e9s exp\u00e9rimentales restantes vers le centre de contr\u00f4le. Votre artillerie devrait d\u00e9j\u00e0 avoir pris la majeure partie de cette base; l&#039;UEF peut encore la d\u00e9fendre avec un Fatboy, c&#039;est pourquoi vous avez amen\u00e9 les robots araign\u00e9es avec vous. Marchez ou transportez votre ACU vers Black Sun et assurez-vous que ses boucliers sont am\u00e9lior\u00e9s et que les commandants de soutien l&#039;aident en cas de danger. D\u00e8s que votre ACU s&#039;approche du centre de contr\u00f4le, une force terrestre T3 appara\u00eet juste \u00e0 c\u00f4t\u00e9 du sud; vos exp\u00e9rimentations devraient pouvoir les retenir, mais sinon, pr\u00e9parez-vous \u00e0 l&#039;avance avec des g\u00e9n\u00e9rateurs de boucliers et des d\u00e9fenses construits avant l&#039;arriv\u00e9e de votre ACU. Si vous ne jouez pas en difficult\u00e9 Difficile, vous pouvez demander \u00e0 n&#039;importe quel ancien ing\u00e9nieur de capturer le centre de contr\u00f4le et Black Sun lui-m\u00eame. Cela rend les choses beaucoup plus faciles, car vous pouvez envoyer quelques ing\u00e9nieurs sous le couvert de vos forces sans vous soucier de les an\u00e9antir par la contre-attaque de l&#039;UEF.<\/p>\n\n\n\n<h3 class=\"wp-block-heading\">4. CAPTURE DU SOLEIL NOIR<\/h3>\n\n\n\n<p><em>La carte s&#039;agrandit vers le sud<br><\/em>La vitesse est la cl\u00e9 ici; balayez avec vos exp\u00e9rimentaux et d\u00e9placez vos Scathis derri\u00e8re eux. Les Scathis devraient d\u00e9truire des cibles hautement prioritaires comme les deux lance-missiles strat\u00e9giques (un au milieu de la base, un \u00e0 l&#039;ouest). Heureusement, leur premier coup est sur l&#039;\u00eele d&#039;Aeon; assurez-vous de les d\u00e9truire avant qu&#039;ils ne puissent tirer le tir #2 sur votre ACU. Si vous n&#039;avez pas construit de Scathis, demandez \u00e0 votre artillerie T3 de cibler le lanceur d&#039;armes nucl\u00e9aires de l&#039;Est et demandez \u00e0 vos Soul Rippers de retirer celui de l&#039;Ouest (il est proche de Black Sun). Apr\u00e8s la mort des lanceurs, d\u00e9placez vos exp\u00e9rimentaux pour tuer le commandant de l&#039;UEF. Son explosion fera l&#039;essentiel du travail \u00e0 votre place, et elle a du mal \u00e0 survivre \u00e0 un assaut de Soul Ripper si vos Monkeylords ont correctement occup\u00e9 les unit\u00e9s ennemies. Une fois la base d\u00e9truite, demandez \u00e0 vos ing\u00e9nieurs de capturer Black Sun.<\/p>\n\n\n\n<h3 class=\"wp-block-heading\">5. SOLEIL NOIR FEU<\/h3>\n\n\n\n<p>S\u00e9lectionnez Black Sun (oui, c&#039;est une unit\u00e9) et appuyez sur le bouton Fire. L&#039;infobulle, \u00abMettre fin \u00e0 la guerre infinie\u00bb, dit tout. Profitez de votre victoire!<\/p>\n\n\n\n<h3 class=\"has-text-align-center wp-block-heading\">Mission 6 - Operation Freedom - Guide vid\u00e9o<\/h3>\n\n\n\n<figure class=\"wp-block-embed-youtube wp-block-embed is-type-video is-provider-youtube wp-embed-aspect-4-3 wp-has-aspect-ratio\"><div class=\"wp-block-embed__wrapper\">\n<div class=\"ast-oembed-container\" style=\"height: 100%;\"><iframe title=\"Operation Freedom - M6 Cybran Campaign Hard - Commandant supr\u00eame\" width=\"500\" height=\"375\" src=\"https:\/\/www.youtube.com\/embed\/WS4ZPEFTRWc?feature=oembed\" frameborder=\"0\" allow=\"accelerometer; autoplay; clipboard-write; encrypted-media; gyroscope; picture-in-picture; web-share\" referrerpolicy=\"strict-origin-when-cross-origin\" allowfullscreen><\/iframe><\/div>\n<\/div><\/figure>","protected":false},"excerpt":{"rendered":"<p>0. BUILD YOUR BASE Your mission is not to waste time with the usual teching up here, but to have enough economy to produce lots of experimental units, all the way up to a Scathis to attack safely from behind your base defenses. You have 12 minutes to build up your base before the Czar [&hellip;]<\/p>","protected":false},"author":1,"featured_media":0,"parent":122,"menu_order":2,"comment_status":"open","ping_status":"closed","template":"","meta":{"_uag_custom_page_level_css":"","site-sidebar-layout":"default","site-content-layout":"default","ast-site-content-layout":"","site-content-style":"default","site-sidebar-style":"default","ast-global-header-display":"","ast-banner-title-visibility":"","ast-main-header-display":"","ast-hfb-above-header-display":"","ast-hfb-below-header-display":"","ast-hfb-mobile-header-display":"","site-post-title":"","ast-breadcrumbs-content":"","ast-featured-img":"","footer-sml-layout":"","theme-transparent-header-meta":"default","adv-header-id-meta":"","stick-header-meta":"","header-above-stick-meta":"","header-main-stick-meta":"","header-below-stick-meta":"","astra-migrate-meta-layouts":"default","ast-page-background-enabled":"default","ast-page-background-meta":{"desktop":{"background-color":"","background-image":"","background-repeat":"repeat","background-position":"center center","background-size":"auto","background-attachment":"scroll","background-type":"","background-media":"","overlay-type":"","overlay-color":"","overlay-gradient":""},"tablet":{"background-color":"","background-image":"","background-repeat":"repeat","background-position":"center center","background-size":"auto","background-attachment":"scroll","background-type":"","background-media":"","overlay-type":"","overlay-color":"","overlay-gradient":""},"mobile":{"background-color":"","background-image":"","background-repeat":"repeat","background-position":"center center","background-size":"auto","background-attachment":"scroll","background-type":"","background-media":"","overlay-type":"","overlay-color":"","overlay-gradient":""}},"ast-content-background-meta":{"desktop":{"background-color":"var(--ast-global-color-5)","background-image":"","background-repeat":"repeat","background-position":"center center","background-size":"auto","background-attachment":"scroll","background-type":"","background-media":"","overlay-type":"","overlay-color":"","overlay-gradient":""},"tablet":{"background-color":"var(--ast-global-color-5)","background-image":"","background-repeat":"repeat","background-position":"center center","background-size":"auto","background-attachment":"scroll","background-type":"","background-media":"","overlay-type":"","overlay-color":"","overlay-gradient":""},"mobile":{"background-color":"var(--ast-global-color-5)","background-image":"","background-repeat":"repeat","background-position":"center center","background-size":"auto","background-attachment":"scroll","background-type":"","background-media":"","overlay-type":"","overlay-color":"","overlay-gradient":""}},"footnotes":""},"uagb_featured_image_src":{"full":false,"thumbnail":false,"medium":false,"medium_large":false,"large":false,"1536x1536":false,"2048x2048":false,"trp-custom-language-flag":false},"uagb_author_info":{"display_name":"SOE","author_link":"https:\/\/supcom.standardof.net\/fr\/author\/k-tastic\/"},"uagb_comment_info":0,"uagb_excerpt":"0. BUILD YOUR BASE Your mission is not to waste time with the usual teching up here, but to have enough economy to produce lots of experimental units, all the way up to a Scathis to attack safely from behind your base defenses. You have 12 minutes to build up your base before the Czar&hellip;","_links":{"self":[{"href":"https:\/\/supcom.standardof.net\/fr\/wp-json\/wp\/v2\/pages\/215"}],"collection":[{"href":"https:\/\/supcom.standardof.net\/fr\/wp-json\/wp\/v2\/pages"}],"about":[{"href":"https:\/\/supcom.standardof.net\/fr\/wp-json\/wp\/v2\/types\/page"}],"author":[{"embeddable":true,"href":"https:\/\/supcom.standardof.net\/fr\/wp-json\/wp\/v2\/users\/1"}],"replies":[{"embeddable":true,"href":"https:\/\/supcom.standardof.net\/fr\/wp-json\/wp\/v2\/comments?post=215"}],"version-history":[{"count":0,"href":"https:\/\/supcom.standardof.net\/fr\/wp-json\/wp\/v2\/pages\/215\/revisions"}],"up":[{"embeddable":true,"href":"https:\/\/supcom.standardof.net\/fr\/wp-json\/wp\/v2\/pages\/122"}],"wp:attachment":[{"href":"https:\/\/supcom.standardof.net\/fr\/wp-json\/wp\/v2\/media?parent=215"}],"curies":[{"name":"wp","href":"https:\/\/api.w.org\/{rel}","templated":true}]}}