{"id":218,"date":"2020-10-31T15:15:10","date_gmt":"2020-10-31T19:15:10","guid":{"rendered":"https:\/\/supcom.standardof.net\/?page_id=218"},"modified":"2020-10-31T15:15:10","modified_gmt":"2020-10-31T19:15:10","slug":"aeon-operation-joust","status":"publish","type":"page","link":"https:\/\/supcom.standardof.net\/fr\/supreme-commander\/procedures-pas-a-pas-de-la-campagne\/aeon-operation-joute\/","title":{"rendered":"Aeon Mission 1 - Op\u00e9ration Joust"},"content":{"rendered":"<h3 class=\"wp-block-heading\">1. CONSTRUISEZ 3 EXTRACTEURS DE MASSE<\/h3>\n\n\n\n<p><em>Sch\u00e9mas ajout\u00e9s: T1 Mass Extractor<\/em><br>Pour ce faire aussi vite que possible, maintenez la touche Maj enfonc\u00e9e pour mettre en file d&#039;attente les 3 extracteurs de masse. S&#039;ils sont relativement \u00e9loign\u00e9s, placez une commande Move entre chacun d&#039;eux afin que votre ACU n&#039;ait pas \u00e0 marcher aussi loin; si vous lui dites simplement de construire, il marchera juste \u00e0 c\u00f4t\u00e9 de l&#039;extracteur de masse avant de le construire.<\/p>\n\n\n\n<h3 class=\"wp-block-heading\">2. CONSTRUIRE 3 G\u00c9N\u00c9RATEURS D&#039;\u00c9NERGIE<\/h3>\n\n\n\n<p><em>Sch\u00e9mas ajout\u00e9s: T1 Power Generator<\/em><br>Ne vous inqui\u00e9tez pas de l&#039;endroit o\u00f9 placer les g\u00e9n\u00e9rateurs d&#039;\u00e9nergie, tant qu&#039;ils ne sont pas \u00e0 c\u00f4t\u00e9 des extracteurs de masse - vous ne construirez pas d&#039;usines a\u00e9riennes ou terrestres pendant un certain temps.<\/p>\n\n\n\n<h3 class=\"wp-block-heading\">3. CONSTRUISEZ UNE USINE NAVALE<\/h3>\n\n\n\n<p><em>Sch\u00e9mas ajout\u00e9s: Usine navale<\/em><br>Construisez l&#039;usine juste au large de votre \u00eele. Mettez en file d&#039;attente les extracteurs de masse restants avec votre ACU.<\/p>\n\n\n\n<h3 class=\"wp-block-heading\">4. CONSTRUISEZ 3 BATEAUX D&#039;ATTAQUE<\/h3>\n\n\n\n<p>Construisez plusieurs ing\u00e9nieurs et un important contingent de bateaux d&#039;attaque (3 ne suffiront certainement pas pour le reste de la mission). Les ing\u00e9nieurs devraient construire une autre usine navale, puis continuer \u00e0 d\u00e9velopper votre \u00e9conomie et \u00e0 aider vos usines.<\/p>\n\n\n\n<h3 class=\"wp-block-heading\">5. D\u00c9TRUIRE 7 PATROLS A\u00c9RIENS DE L&#039;UEF<\/h3>\n\n\n\n<p>Mettez vos bateaux d&#039;attaque dans un groupe en les s\u00e9lectionnant (avec un double-clic, Ctrl + Z ou Ctrl + S) et Ctrl + 1 (ou un autre nombre). \u00c0 l&#039;avenir, votre flotte maritime sera d\u00e9sormais accessible en appuyant simplement sur 1. Mettez-les en patrouille dans le reste de la zone visible de la carte. Ils devraient rencontrer des avions de l&#039;UEF et les tuer sans votre supervision.<\/p>\n\n\n\n<h3 class=\"wp-block-heading\">6. CONSTRUIRE 3 SOUS-MARINS D&#039;ATTAQUE<\/h3>\n\n\n\n<p><em>Sch\u00e9mas ajout\u00e9s: Attack Submarine<\/em><br>Construisez-en plusieurs. Ils sont plus chers que vos bateaux d&#039;attaque, mais c&#039;est la meilleure unit\u00e9 dont vous disposez pour gagner des batailles navales. Si vos sous-marins font surface pour une raison quelconque, s\u00e9lectionnez-les et appuyez sur D pour les faire redescendre; contrairement aux sous-marins UEF et Cybran, les sous-marins Aeon n&#039;ont pas de fusils de pont et doivent donc toujours rester sous l&#039;eau.<\/p>\n\n\n\n<h3 class=\"wp-block-heading\">7. D\u00c9TRUIRE 4 BLOCKADES UEF<\/h3>\n\n\n\n<p><em>Sch\u00e9mas ajout\u00e9s: lance-torpilles<\/em><br>Attendez d&#039;avoir plus de 3 sous-marins avant de vous attaquer aux sous-marins UEF. Plus vous en avez, moins vous perdrez lorsque votre meute de chasse les poursuivra. Demandez \u00e0 vos ing\u00e9nieurs de construire des lance-torpilles pour prot\u00e9ger vos usines pendant que vos troupes sont en attaque. Il faut beaucoup plus de temps aux navires pour revenir d\u00e9fendre votre base que les unit\u00e9s terrestres ou a\u00e9riennes, alors construisez plus de d\u00e9fenses que si vous combattiez sur terre.<\/p>\n\n\n\n<h3 class=\"wp-block-heading\">8. D\u00c9TRUISEZ LES 3 G\u00c9N\u00c9RATEURS ET USINES UEF<\/h3>\n\n\n\n<p><em>La carte s&#039;agrandit vers l&#039;est<br>Sch\u00e9mas ajout\u00e9s: fr\u00e9gate, tourelle anti-a\u00e9rienne, d\u00e9fense de point T1<\/em><br>Construisez une grande force mixte de toutes vos unit\u00e9s navales, en les ajoutant \u00e0 un groupe pour un acc\u00e8s facile. D\u00e9placez-les tous vers l&#039;est, en ciblant d&#039;abord les sous-marins et les lance-torpilles, puis d\u00e9placez-vous autour de l&#039;\u00eele pour que vos fr\u00e9gates puissent d\u00e9vaster les b\u00e2timents de l&#039;\u00eele elle-m\u00eame. Vos bateaux d&#039;attaque devraient faire un travail court sur toutes les unit\u00e9s a\u00e9riennes, ainsi que distraire les lance-torpilles ennemis de vos sous-marins co\u00fbteux. Prot\u00e9gez votre base avec des tourelles anti-a\u00e9riennes, de pr\u00e9f\u00e9rence le long de la c\u00f4te afin que les navires ennemis devront traverser vos lance-torpilles avant de pouvoir attaquer votre d\u00e9fense a\u00e9rienne. Une fois la base d\u00e9truite, d\u00e9placez votre ACU pour construire une nouvelle base sur les ruines. Si vous vous sentez particuli\u00e8rement h\u00e9ro\u00efque, \u00e9loignez votre flotte maritime avant de d\u00e9truire la derni\u00e8re usine et demandez \u00e0 votre ACU de la capturer \u00e0 la place, vous donnant ainsi acc\u00e8s aux unit\u00e9s UEF.<\/p>\n\n\n\n<h3 class=\"wp-block-heading\">9. D\u00c9TRUIRE LA BASE A\u00c9RIENNE DU NORD-OUEST<\/h3>\n\n\n\n<p><em>La carte s&#039;agrandit vers le nord<br>Sch\u00e9mas ajout\u00e9s: T1 Air Factory, Air Scout, Interceptor, Attack Bomber<\/em><br>Les derniers objectifs apparaissent tous en m\u00eame temps, mais la base nord-ouest est beaucoup plus facile \u00e0 aborder en premier, et cela soulagera une partie de la pression que les bombardiers ennemis exercent sur vous. Vous voudrez principalement que vos unit\u00e9s a\u00e9riennes (assist\u00e9es par vos ing\u00e9nieurs suppl\u00e9mentaires) d\u00e9truisent cette base, en accordant une attention particuli\u00e8re aux anti-a\u00e9riens d&#039;abord, puis en d\u00e9truisant les lance-torpilles et les usines \u00e0 votre guise.<\/p>\n\n\n\n<h3 class=\"wp-block-heading\">10. D\u00c9TRUIRE LA BASE NAVALE DE L&#039;EST<\/h3>\n\n\n\n<p>Pendant que votre force a\u00e9rienne prend la base nord-ouest, votre flotte maritime peut entrer et d\u00e9truire la base est. Utilisez les m\u00eames tactiques que la derni\u00e8re fois, en vous assurant de d\u00e9truire les plus grandes menaces (sous-marins et lance-torpilles), puis en laissant vos fr\u00e9gates d\u00e9truire ses unit\u00e9s terrestres. Lorsque les unit\u00e9s a\u00e9riennes de l&#039;UEF du nord ripostent, vous aurez probablement perdu beaucoup de bateaux d&#039;attaque au combat, alors d\u00e9placez vos combattants pour prot\u00e9ger votre flotte.<\/p>\n\n\n\n<h3 class=\"wp-block-heading\">11. D\u00c9FAITE DU COMMANDANT JUNIOR UEF<\/h3>\n\n\n\n<p>Sur l&#039;\u00eele voisine au nord se trouve un commandant de l&#039;UEF. Renforcez vos forces \u00e0 partir des batailles pr\u00e9c\u00e9dentes, en veillant \u00e0 garder vos usines de pompage, et envoyez \u00e0 nouveau votre ACU pour construire des extracteurs de masse et une ou deux usines sur l&#039;\u00eele que vous venez de conqu\u00e9rir. Gardez vos unit\u00e9s a\u00e9riennes \u00e9loign\u00e9es de cette base, car ses tourelles flak T2 les an\u00e9antiront; utilisez-les plut\u00f4t pour vous prot\u00e9ger pendant que vos fr\u00e9gates et vos sous-marins se d\u00e9placent pour attaquer la base. L&#039;ACU sortira pour jouer tr\u00e8s rapidement, car vos sous-marins devraient faire un court travail sur toutes les d\u00e9fenses navales, puis l&#039;attaquer avec tout ce que vous avez. Les unit\u00e9s navales ont beaucoup plus de puissance de feu que les unit\u00e9s terrestres, donc l&#039;ACU devrait descendre tr\u00e8s rapidement.<\/p>\n\n\n\n<h3 class=\"wp-block-heading\">12. D\u00c9TRUIRE LES INSTALLATIONS ANTI-AIR<\/h3>\n\n\n\n<p>La seule t\u00e2che restante est de fabriquer plus de fr\u00e9gates et de leur faire d\u00e9truire tous les emplacements anti-a\u00e9riens de l&#039;\u00eele. C&#039;est pour ouvrir la voie au tsar qui s&#039;approche du sud, que vous pourrez bient\u00f4t voir en action.<\/p>\n\n\n\n<h3 class=\"wp-block-heading\">13. AIDEZ LE TCH\u00c8QUE<\/h3>\n\n\n\n<p>C&#039;est tr\u00e8s simple: dites simplement \u00e0 toutes vos unit\u00e9s d&#039;aider le tsar. \u00c0 pr\u00e9sent, vous devriez avoir suffisamment de forces pour vous asseoir et le regarder d\u00e9truire l&#039;UEF.<\/p>\n\n\n\n<h3 class=\"has-text-align-center wp-block-heading\">Mission 1 - Operation Joust - Guide vid\u00e9o<\/h3>\n\n\n\n<figure class=\"wp-block-embed-youtube wp-block-embed is-type-video is-provider-youtube wp-embed-aspect-4-3 wp-has-aspect-ratio\"><div class=\"wp-block-embed__wrapper\">\n<div class=\"ast-oembed-container\" style=\"height: 100%;\"><iframe title=\"Operation Joust - M1 Aeon Campaign Hard - Commandant supr\u00eame\" width=\"500\" height=\"375\" src=\"https:\/\/www.youtube.com\/embed\/HR0t2-cO9IE?list=PL065F8D7C29112F51\" frameborder=\"0\" allow=\"accelerometer; autoplay; clipboard-write; encrypted-media; gyroscope; picture-in-picture; web-share\" referrerpolicy=\"strict-origin-when-cross-origin\" allowfullscreen><\/iframe><\/div>\n<\/div><\/figure>","protected":false},"excerpt":{"rendered":"<p>1. BUILD 3 MASS EXTRACTORS Schematics added: T1 Mass ExtractorTo do this as fast as possible, hold Shift to queue up all 3 Mass Extractors. If they are relatively far apart, queue up a Move command between each one so that your ACU won&#8217;t have to walk as far; if you just tell him to [&hellip;]<\/p>","protected":false},"author":1,"featured_media":0,"parent":122,"menu_order":3,"comment_status":"open","ping_status":"closed","template":"","meta":{"_uag_custom_page_level_css":"","site-sidebar-layout":"default","site-content-layout":"default","ast-site-content-layout":"","site-content-style":"default","site-sidebar-style":"default","ast-global-header-display":"","ast-banner-title-visibility":"","ast-main-header-display":"","ast-hfb-above-header-display":"","ast-hfb-below-header-display":"","ast-hfb-mobile-header-display":"","site-post-title":"","ast-breadcrumbs-content":"","ast-featured-img":"","footer-sml-layout":"","theme-transparent-header-meta":"default","adv-header-id-meta":"","stick-header-meta":"","header-above-stick-meta":"","header-main-stick-meta":"","header-below-stick-meta":"","astra-migrate-meta-layouts":"default","ast-page-background-enabled":"default","ast-page-background-meta":{"desktop":{"background-color":"","background-image":"","background-repeat":"repeat","background-position":"center center","background-size":"auto","background-attachment":"scroll","background-type":"","background-media":"","overlay-type":"","overlay-color":"","overlay-gradient":""},"tablet":{"background-color":"","background-image":"","background-repeat":"repeat","background-position":"center center","background-size":"auto","background-attachment":"scroll","background-type":"","background-media":"","overlay-type":"","overlay-color":"","overlay-gradient":""},"mobile":{"background-color":"","background-image":"","background-repeat":"repeat","background-position":"center center","background-size":"auto","background-attachment":"scroll","background-type":"","background-media":"","overlay-type":"","overlay-color":"","overlay-gradient":""}},"ast-content-background-meta":{"desktop":{"background-color":"var(--ast-global-color-5)","background-image":"","background-repeat":"repeat","background-position":"center center","background-size":"auto","background-attachment":"scroll","background-type":"","background-media":"","overlay-type":"","overlay-color":"","overlay-gradient":""},"tablet":{"background-color":"var(--ast-global-color-5)","background-image":"","background-repeat":"repeat","background-position":"center center","background-size":"auto","background-attachment":"scroll","background-type":"","background-media":"","overlay-type":"","overlay-color":"","overlay-gradient":""},"mobile":{"background-color":"var(--ast-global-color-5)","background-image":"","background-repeat":"repeat","background-position":"center center","background-size":"auto","background-attachment":"scroll","background-type":"","background-media":"","overlay-type":"","overlay-color":"","overlay-gradient":""}},"footnotes":""},"uagb_featured_image_src":{"full":false,"thumbnail":false,"medium":false,"medium_large":false,"large":false,"1536x1536":false,"2048x2048":false,"trp-custom-language-flag":false},"uagb_author_info":{"display_name":"SOE","author_link":"https:\/\/supcom.standardof.net\/fr\/author\/k-tastic\/"},"uagb_comment_info":0,"uagb_excerpt":"1. BUILD 3 MASS EXTRACTORS Schematics added: T1 Mass ExtractorTo do this as fast as possible, hold Shift to queue up all 3 Mass Extractors. If they are relatively far apart, queue up a Move command between each one so that your ACU won&#8217;t have to walk as far; if you just tell him to&hellip;","_links":{"self":[{"href":"https:\/\/supcom.standardof.net\/fr\/wp-json\/wp\/v2\/pages\/218"}],"collection":[{"href":"https:\/\/supcom.standardof.net\/fr\/wp-json\/wp\/v2\/pages"}],"about":[{"href":"https:\/\/supcom.standardof.net\/fr\/wp-json\/wp\/v2\/types\/page"}],"author":[{"embeddable":true,"href":"https:\/\/supcom.standardof.net\/fr\/wp-json\/wp\/v2\/users\/1"}],"replies":[{"embeddable":true,"href":"https:\/\/supcom.standardof.net\/fr\/wp-json\/wp\/v2\/comments?post=218"}],"version-history":[{"count":0,"href":"https:\/\/supcom.standardof.net\/fr\/wp-json\/wp\/v2\/pages\/218\/revisions"}],"up":[{"embeddable":true,"href":"https:\/\/supcom.standardof.net\/fr\/wp-json\/wp\/v2\/pages\/122"}],"wp:attachment":[{"href":"https:\/\/supcom.standardof.net\/fr\/wp-json\/wp\/v2\/media?parent=218"}],"curies":[{"name":"wp","href":"https:\/\/api.w.org\/{rel}","templated":true}]}}