{"id":220,"date":"2020-10-31T15:16:28","date_gmt":"2020-10-31T19:16:28","guid":{"rendered":"https:\/\/supcom.standardof.net\/?page_id=220"},"modified":"2020-10-31T15:16:28","modified_gmt":"2020-10-31T19:16:28","slug":"aeon-operation-machine-purge","status":"publish","type":"page","link":"https:\/\/supcom.standardof.net\/fr\/supreme-commander\/procedures-pas-a-pas-de-la-campagne\/aeon-operation-machine-purge\/","title":{"rendered":"Aeon Mission 2 - Purge de la machine d&#039;op\u00e9ration"},"content":{"rendered":"<p>\u00c0 partir de l\u00e0, je suppose que vous savez comment le jeu fonctionne et je cesserai de vous rappeler de construire des extracteurs de masse, de mettre les commandes en file d&#039;attente, de r\u00e9p\u00e9ter les usines, etc.<\/p>\n\n\n\n<h3 class=\"wp-block-heading\">1. NETTOYER 80% DU NOUVEAU CATALON<\/h3>\n\n\n\n<p>Avant de vous d\u00e9placer vers le nord pour d\u00e9truire les Cybrans, formez une force de taille d\u00e9cente, avec une usine navale et plusieurs usines a\u00e9riennes et terrestres. Concentrez-vous sur les cybrans et d\u00e9truisez les installations civiles \u00e0 votre guise.<\/p>\n\n\n\n<h3 class=\"wp-block-heading\">2. R\u00c9PULSEZ LA CONTRE-ATTAQUE CYBRAN<\/h3>\n\n\n\n<p>\u00c0 15% de New Catalon d\u00e9truit, les Cybrans lanceront un assaut. Assurez-vous d&#039;avoir suffisamment de protection contre l&#039;air et tout devrait aller bien.<\/p>\n\n\n\n<h3 class=\"wp-block-heading\">3. D\u00c9TRUIRE LA BASE CYBRAN<\/h3>\n\n\n\n<p><em>La carte s&#039;\u00e9tend au nord et \u00e0 l&#039;est<\/em><br>Beaucoup d&#039;unit\u00e9s navales sont en ordre pour celui-ci. D\u00e9truisez l&#039;avant-poste naval \u00e0 l&#039;est avant de vous rendre \u00e0 la base de Cybran au nord-est. Vous aurez besoin de faire beaucoup de sauts d&#039;\u00eele en \u00eele, alors \u00e9tablissez la sup\u00e9riorit\u00e9 navale et a\u00e9rienne avant de vous d\u00e9placer dans les Auroras, qui sont amphibies et peuvent envahir les points faibles de l&#039;ennemi. Si vous souhaitez utiliser les forces terrestres T2 plus tard, vous aurez besoin des transports a\u00e9riens pour effectuer le ferry. Vous pouvez \u00e9galement am\u00e9liorer votre commandant pour le combat (bouclier personnel, dissipateurs de chaleur et faisceau de Crysalide) et utiliser vos unit\u00e9s navales comme couverture pour le laisser traverser la rivi\u00e8re. Une fois \u00e0 terre, il peut d\u00e9truire la base, puis la base secr\u00e8te avec uniquement un soutien anti-a\u00e9rien et anti-torpilleur pour s&#039;assurer qu&#039;il ne soit pas abattu par des bombardiers ou des destroyers.<\/p>\n\n\n\n<h3 class=\"wp-block-heading\">4. D\u00c9TRUIRE LA BASE CYBRAN SECRET<\/h3>\n\n\n\n<p><em>La carte s&#039;agrandit vers l&#039;est<\/em><br>Les unit\u00e9s navales Cybran \u00e0 l&#039;est manquent de d\u00e9fense a\u00e9rienne, donc un assaut combin\u00e9 avec les forces navales et les bombardiers fonctionne bien. Nettoyez les d\u00e9fenses anti-a\u00e9riennes \u00e0 l&#039;extr\u00e9mit\u00e9 sud de la base, puis chargez les transports avec des unit\u00e9s terrestres. D\u00e9posez-les au sud et d\u00e9placez-vous vers le nord tout en utilisant vos unit\u00e9s navales pour garder les bords de la mer libres.<\/p>\n\n\n\n<h3 class=\"wp-block-heading\">5. PROT\u00c9GER 80% DE L&#039;\u00c9TABLISSEMENT HUMAIN<\/h3>\n\n\n\n<p>D\u00e9posez vos troupes (ou envoyez simplement les Auroras en premier pour faire une t\u00eate de pont) sur la pointe sud de l&#039;\u00eele nord-est. D\u00e9placez-vous vers le nord \u00e0 travers les structures civiles et d\u00e9truisez les forces cybran l\u00e0-bas.<\/p>\n\n\n\n<h3 class=\"wp-block-heading\">6. SURVIVRE \u00c0 L&#039;ASSAUT CYBRAN<\/h3>\n\n\n\n<p><em>La carte s&#039;agrandit vers le nord<br>Sch\u00e9mas ajout\u00e9s: T2 Air Factory, T2 d\u00e9fenses<\/em><br>D\u00e8s que vous d\u00e9truisez la base Cybran, les Cybrans contre-attaquent depuis le nord. Utilisez vos nouveaux ing\u00e9nieurs T2 pour prot\u00e9ger le bord nord de votre base avec des d\u00e9fenses a\u00e9riennes T2 et tout devrait bien se passer. S&#039;ils parviennent \u00e0 larguer des unit\u00e9s a\u00e9riennes dans votre base, utilisez vos aurores et bombardiers pour les \u00e9liminer.<\/p>\n\n\n\n<h3 class=\"wp-block-heading\">7. D\u00c9FAITEZ LE COMMANDANT CYBRAN<\/h3>\n\n\n\n<p>Le commandant est r\u00e9calcitrant et il est dans le nord-ouest. D\u00e9placez vos forces navales pour attaquer l&#039;\u00eele, et quand il sort pour vous combattre, \u00e9crasez-le avec des bombardiers et des Auroras. Il essaiera tr\u00e8s probablement de s&#039;\u00e9chapper dans l&#039;eau, ce qui est le moyen le plus simple de le tuer: utilisez votre force a\u00e9rienne pour \u00e9liminer les lance-torpilles, votre force terrestre pour conduire le commandant sous l&#039;eau et votre sous-flotte pour le tuer tr\u00e8s rapidement.<\/p>\n\n\n\n<h3 class=\"wp-block-heading\">8. D\u00c9TRUIRE LA BASE CYBRANIQUE OUEST<\/h3>\n\n\n\n<p>Cette \u00eele est trop grande pour que l&#039;explosion du commandant puisse la d\u00e9truire. Utilisez vos troupes restantes pour nettoyer la base, ou si le commandant a \u00e9t\u00e9 tu\u00e9 dans l&#039;eau, tournez d&#039;abord votre attention sur la base est.<\/p>\n\n\n\n<h3 class=\"wp-block-heading\">9. D\u00c9TRUIRE OU CAPTURER 2 POSITIONS D&#039;ARTILLERIE CYBRANES (facultatif)<\/h3>\n\n\n\n<p>L\u00e2chez vos troupes par avion sur la rive ouest de cette \u00eele et d\u00e9placez-vous vers l&#039;est jusqu&#039;\u00e0 la rivi\u00e8re s\u00e9parant la base principale de Cybran de l&#039;\u00eele du nord. Concentrez votre production sur les avions T2, les fr\u00e9gates et les aurores bor\u00e9ales. Envoyez quelques ing\u00e9nieurs pour capturer l&#039;artillerie sur cette \u00eele du nord; il tirera ensuite sur la base est pour l&#039;adoucir pour vous. Si vous avez un commandant de combat, il peut les capturer lui-m\u00eame, puis construire des d\u00e9fenses pour eux tout en tenant lui-m\u00eame les fr\u00e9gates ennemies.<\/p>\n\n\n\n<h3 class=\"wp-block-heading\">10. D\u00c9TRUIRE LA BASE CYBRANIQUE EST<\/h3>\n\n\n\n<p>D\u00e9placez toutes vos forces pour un assaut combin\u00e9. Assez simple. L&#039;objectif 9 est ici d&#039;une grande aide.<\/p>\n\n\n\n<h3 class=\"has-text-align-center wp-block-heading\">Mission 2 - Operation Machine Purge - Guide vid\u00e9o<\/h3>\n\n\n\n<figure class=\"wp-block-embed-youtube wp-block-embed is-type-video is-provider-youtube wp-embed-aspect-4-3 wp-has-aspect-ratio\"><div class=\"wp-block-embed__wrapper\">\n<div class=\"ast-oembed-container\" style=\"height: 100%;\"><iframe title=\"Operation Machine Purge - M2 Aeon Campaign Hard - Commandant supr\u00eame\" width=\"500\" height=\"375\" src=\"https:\/\/www.youtube.com\/embed\/SOX0YuIJnmc?list=PL065F8D7C29112F51\" frameborder=\"0\" allow=\"accelerometer; autoplay; clipboard-write; encrypted-media; gyroscope; picture-in-picture; web-share\" referrerpolicy=\"strict-origin-when-cross-origin\" allowfullscreen><\/iframe><\/div>\n<\/div><\/figure>","protected":false},"excerpt":{"rendered":"<p>From here, I&#8217;ll assume you know how the game works and I&#8217;ll stop reminding you to build Mass Extractors, queue up orders, put factories on repeat, etc. 1. CLEANSE 80% OF NEW CATALON Before moving north to destroy the Cybrans, build up a decent-sized force, with a Naval Factory and multiple Air and Land Factories. [&hellip;]<\/p>","protected":false},"author":1,"featured_media":0,"parent":122,"menu_order":3,"comment_status":"open","ping_status":"closed","template":"","meta":{"_uag_custom_page_level_css":"","site-sidebar-layout":"default","site-content-layout":"default","ast-site-content-layout":"","site-content-style":"default","site-sidebar-style":"default","ast-global-header-display":"","ast-banner-title-visibility":"","ast-main-header-display":"","ast-hfb-above-header-display":"","ast-hfb-below-header-display":"","ast-hfb-mobile-header-display":"","site-post-title":"","ast-breadcrumbs-content":"","ast-featured-img":"","footer-sml-layout":"","theme-transparent-header-meta":"default","adv-header-id-meta":"","stick-header-meta":"","header-above-stick-meta":"","header-main-stick-meta":"","header-below-stick-meta":"","astra-migrate-meta-layouts":"default","ast-page-background-enabled":"default","ast-page-background-meta":{"desktop":{"background-color":"","background-image":"","background-repeat":"repeat","background-position":"center center","background-size":"auto","background-attachment":"scroll","background-type":"","background-media":"","overlay-type":"","overlay-color":"","overlay-gradient":""},"tablet":{"background-color":"","background-image":"","background-repeat":"repeat","background-position":"center center","background-size":"auto","background-attachment":"scroll","background-type":"","background-media":"","overlay-type":"","overlay-color":"","overlay-gradient":""},"mobile":{"background-color":"","background-image":"","background-repeat":"repeat","background-position":"center center","background-size":"auto","background-attachment":"scroll","background-type":"","background-media":"","overlay-type":"","overlay-color":"","overlay-gradient":""}},"ast-content-background-meta":{"desktop":{"background-color":"var(--ast-global-color-5)","background-image":"","background-repeat":"repeat","background-position":"center center","background-size":"auto","background-attachment":"scroll","background-type":"","background-media":"","overlay-type":"","overlay-color":"","overlay-gradient":""},"tablet":{"background-color":"var(--ast-global-color-5)","background-image":"","background-repeat":"repeat","background-position":"center center","background-size":"auto","background-attachment":"scroll","background-type":"","background-media":"","overlay-type":"","overlay-color":"","overlay-gradient":""},"mobile":{"background-color":"var(--ast-global-color-5)","background-image":"","background-repeat":"repeat","background-position":"center center","background-size":"auto","background-attachment":"scroll","background-type":"","background-media":"","overlay-type":"","overlay-color":"","overlay-gradient":""}},"footnotes":""},"uagb_featured_image_src":{"full":false,"thumbnail":false,"medium":false,"medium_large":false,"large":false,"1536x1536":false,"2048x2048":false,"trp-custom-language-flag":false},"uagb_author_info":{"display_name":"SOE","author_link":"https:\/\/supcom.standardof.net\/fr\/author\/k-tastic\/"},"uagb_comment_info":0,"uagb_excerpt":"From here, I&#8217;ll assume you know how the game works and I&#8217;ll stop reminding you to build Mass Extractors, queue up orders, put factories on repeat, etc. 1. CLEANSE 80% OF NEW CATALON Before moving north to destroy the Cybrans, build up a decent-sized force, with a Naval Factory and multiple Air and Land Factories.&hellip;","_links":{"self":[{"href":"https:\/\/supcom.standardof.net\/fr\/wp-json\/wp\/v2\/pages\/220"}],"collection":[{"href":"https:\/\/supcom.standardof.net\/fr\/wp-json\/wp\/v2\/pages"}],"about":[{"href":"https:\/\/supcom.standardof.net\/fr\/wp-json\/wp\/v2\/types\/page"}],"author":[{"embeddable":true,"href":"https:\/\/supcom.standardof.net\/fr\/wp-json\/wp\/v2\/users\/1"}],"replies":[{"embeddable":true,"href":"https:\/\/supcom.standardof.net\/fr\/wp-json\/wp\/v2\/comments?post=220"}],"version-history":[{"count":0,"href":"https:\/\/supcom.standardof.net\/fr\/wp-json\/wp\/v2\/pages\/220\/revisions"}],"up":[{"embeddable":true,"href":"https:\/\/supcom.standardof.net\/fr\/wp-json\/wp\/v2\/pages\/122"}],"wp:attachment":[{"href":"https:\/\/supcom.standardof.net\/fr\/wp-json\/wp\/v2\/media?parent=220"}],"curies":[{"name":"wp","href":"https:\/\/api.w.org\/{rel}","templated":true}]}}