{"id":222,"date":"2020-10-31T15:18:28","date_gmt":"2020-10-31T19:18:28","guid":{"rendered":"https:\/\/supcom.standardof.net\/?page_id=222"},"modified":"2020-10-31T15:18:28","modified_gmt":"2020-10-31T19:18:28","slug":"aeon-operation-high-tide","status":"publish","type":"page","link":"https:\/\/supcom.standardof.net\/fr\/supreme-commander\/procedures-pas-a-pas-de-la-campagne\/aeon-operation-maree-haute\/","title":{"rendered":"Aeon Mission 3 - Op\u00e9ration High Tide"},"content":{"rendered":"<h3 class=\"wp-block-heading\">1. SURVIVRE \u00c0 L&#039;ASSAUT DE L&#039;UEF<\/h3>\n\n\n\n<p>Construisez imm\u00e9diatement une force d&#039;ing\u00e9nieurs T2 pour construire une d\u00e9fense a\u00e9rienne, principalement \u00e0 l&#039;ouest et au nord, et une d\u00e9fense de point T1 dispers\u00e9e dans toute la base pour arr\u00eater les largages de transport ennemis. Avoir plus de lance-torpilles T2 \u00e0 l&#039;ouest, au sud et au nord pour se d\u00e9fendre contre les attaques navales. L&#039;ACU et le reste de vos ing\u00e9nieurs devraient r\u00e9cup\u00e9rer les d\u00e9p\u00f4ts massifs et commencer \u00e0 construire votre \u00e9conomie en vue de constituer vos propres forces - les aurores et l&#039;anti-a\u00e9rien mobile.<br>Les attaques viennent dans cet ordre:<\/p>\n\n\n\n<ul><li>Chasseurs et bombardiers (ont t\u00f4t l&#039;anti-a\u00e9rien)<\/li><li>Transports (faire patrouiller les unit\u00e9s terrestres)<\/li><li>Assaut naval (pr\u00e9parez les navires et les bombardiers torpilleurs)<\/li><li>Transports \u00e0 nouveau<\/li><\/ul>\n\n\n\n<p>Il est assez facile d&#039;atteindre la limite d&#039;unit\u00e9 avant que cet objectif ne soit atteint. Assurez-vous d&#039;espacer vos g\u00e9n\u00e9rateurs T2, car une seule goutte de transport peut tous les tuer s&#039;ils sont encha\u00een\u00e9s.<\/p>\n\n\n\n<h3 class=\"wp-block-heading\">2. D\u00c9TRUIRE LA BASE NAVALE DE L&#039;UEF<\/h3>\n\n\n\n<p><em>La carte s&#039;agrandit dans toutes les directions<br>Sch\u00e9mas ajout\u00e9s: Gunship, Destroyer<\/em><br>Construisez vos nouveaux navires de combat et destroyers pour compl\u00e9ter vos forces a\u00e9riennes et navales T1. Basculez la production des unit\u00e9s terrestres sur les Auroras et gardez vos unit\u00e9s mobiles en patrouille \u00e0 travers votre \u00eele pour arr\u00eater les largages de transport ennemis. La base navale est au sud-est. Le commandant de l&#039;UEF est l\u00e0, mais il se t\u00e9l\u00e9portera en cas de danger. Utilisez vos Auroras pour \u00e9liminer les lanceurs anti-a\u00e9riens et les lance-torpilles le long des franges, avec des unit\u00e9s navales prot\u00e9geant les Auroras des forces navales ennemies. D\u00e9placez toutes vos forces vers le bas pour \u00e9liminer l&#039;usine navale et les navires qui la d\u00e9fendent, puis prenez l&#039;\u00eele pour vous-m\u00eame. Les bombardiers torpilleurs aident vraiment ici, car ils peuvent se d\u00e9barrasser des nombreux sous-marins ennemis et des lance-torpilles T2 sans frais pour eux-m\u00eames.<\/p>\n\n\n\n<h3 class=\"wp-block-heading\">3. D\u00c9TRUIRE LA BASE A\u00c9RIENNE DE L&#039;UEF<\/h3>\n\n\n\n<p>La base a\u00e9rienne se trouve dans le coin sud-ouest de la carte. Si vous avez d\u00e9j\u00e0 tu\u00e9 la base navale, c&#039;est un jeu d&#039;enfant: vos destroyers et fr\u00e9gates peuvent s&#039;en occuper en grande partie depuis le large pendant que vos chasseurs patrouillent au-dessus. Vos Auroras peuvent se d\u00e9placer pour obtenir tout ce avec quoi les destroyers ont des probl\u00e8mes.<\/p>\n\n\n\n<h3 class=\"wp-block-heading\">4. D\u00c9TRUIRE LA BASE TERRESTRE DE L&#039;UEF<\/h3>\n\n\n\n<p>La base terrestre est au nord. D\u00e9placez-vous d&#039;abord dans vos aurores pour \u00e9liminer les lance-torpilles avant de faire venir vos unit\u00e9s navales pour encercler l&#039;\u00eele. Vos destroyers peuvent naviguer et soutenir vos Auroras pendant que vos vaisseaux de combat \u00e9liminent des cibles importantes. Le commandant r\u00e9appara\u00eet ici, mais se t\u00e9l\u00e9porte \u00e0 nouveau lorsqu&#039;il est en danger.<\/p>\n\n\n\n<h3 class=\"wp-block-heading\">5. D\u00c9FAITE DU COMMANDANT UEF<\/h3>\n\n\n\n<p><em>La carte s&#039;agrandit vers l&#039;ouest<br>Sch\u00e9ma ajout\u00e9: Cruiser<br><\/em>R\u00e9glez vos unit\u00e9s navales et a\u00e9riennes en patrouille entre vos bases et demandez aux ing\u00e9nieurs de construire des lance-torpilles et des anti-a\u00e9riens le long de cette ligne. Les gouttes de transport red\u00e9marrent ici et vous ne voulez pas qu&#039;elles touchent votre base. Utilisez les canons \u00e0 longue port\u00e9e de vos destroyers pour attaquer le bord le plus \u00e9loign\u00e9 des d\u00e9fenses de l&#039;UEF pendant que vous construisez une \u00e9norme arm\u00e9e d&#039;Auroras ou des forces a\u00e9riennes mixtes. D\u00e9placez-les sous le couvert de la mer, et lorsque le commandant de l&#039;UEF appara\u00eet, attaquez-le. Il est prot\u00e9g\u00e9, donc il prend beaucoup de punitions, mais quand il est \u00abtu\u00e9\u00bb, la mission se termine imm\u00e9diatement. Pour cet objectif, j&#039;ai fait passer tous mes ing\u00e9nieurs et ACU au pompage des forces a\u00e9riennes et navales T2, pour finalement \u00e9craser Arnold avec 50 vaisseaux de combat.<\/p>\n\n\n\n<h3 class=\"has-text-align-center wp-block-heading\">Mission 3 - Operation High Tide - Guide vid\u00e9o<\/h3>\n\n\n\n<figure class=\"wp-block-embed-youtube wp-block-embed is-type-video is-provider-youtube wp-embed-aspect-4-3 wp-has-aspect-ratio\"><div class=\"wp-block-embed__wrapper\">\n<div class=\"ast-oembed-container\" style=\"height: 100%;\"><iframe title=\"Operation High Tide - M3 Aeon Campaign Hard - Commandant supr\u00eame\" width=\"500\" height=\"375\" src=\"https:\/\/www.youtube.com\/embed\/oIJbLuMkNpw?feature=oembed\" frameborder=\"0\" allow=\"accelerometer; autoplay; clipboard-write; encrypted-media; gyroscope; picture-in-picture; web-share\" referrerpolicy=\"strict-origin-when-cross-origin\" allowfullscreen><\/iframe><\/div>\n<\/div><\/figure>","protected":false},"excerpt":{"rendered":"<p>1. SURVIVE UEF ASSAULT Immediately construct a force of T2 Engineers to build air defense, mostly to the west and north, and T1 point defense scattered throughout the base to stop enemy transport drops. Have more construct T2 torpedo launchers to the west, south and north to defend against naval attacks. The ACU and the [&hellip;]<\/p>","protected":false},"author":1,"featured_media":0,"parent":122,"menu_order":3,"comment_status":"open","ping_status":"closed","template":"","meta":{"_uag_custom_page_level_css":"","site-sidebar-layout":"default","site-content-layout":"default","ast-site-content-layout":"","site-content-style":"default","site-sidebar-style":"default","ast-global-header-display":"","ast-banner-title-visibility":"","ast-main-header-display":"","ast-hfb-above-header-display":"","ast-hfb-below-header-display":"","ast-hfb-mobile-header-display":"","site-post-title":"","ast-breadcrumbs-content":"","ast-featured-img":"","footer-sml-layout":"","theme-transparent-header-meta":"default","adv-header-id-meta":"","stick-header-meta":"","header-above-stick-meta":"","header-main-stick-meta":"","header-below-stick-meta":"","astra-migrate-meta-layouts":"default","ast-page-background-enabled":"default","ast-page-background-meta":{"desktop":{"background-color":"","background-image":"","background-repeat":"repeat","background-position":"center center","background-size":"auto","background-attachment":"scroll","background-type":"","background-media":"","overlay-type":"","overlay-color":"","overlay-gradient":""},"tablet":{"background-color":"","background-image":"","background-repeat":"repeat","background-position":"center center","background-size":"auto","background-attachment":"scroll","background-type":"","background-media":"","overlay-type":"","overlay-color":"","overlay-gradient":""},"mobile":{"background-color":"","background-image":"","background-repeat":"repeat","background-position":"center center","background-size":"auto","background-attachment":"scroll","background-type":"","background-media":"","overlay-type":"","overlay-color":"","overlay-gradient":""}},"ast-content-background-meta":{"desktop":{"background-color":"var(--ast-global-color-5)","background-image":"","background-repeat":"repeat","background-position":"center center","background-size":"auto","background-attachment":"scroll","background-type":"","background-media":"","overlay-type":"","overlay-color":"","overlay-gradient":""},"tablet":{"background-color":"var(--ast-global-color-5)","background-image":"","background-repeat":"repeat","background-position":"center center","background-size":"auto","background-attachment":"scroll","background-type":"","background-media":"","overlay-type":"","overlay-color":"","overlay-gradient":""},"mobile":{"background-color":"var(--ast-global-color-5)","background-image":"","background-repeat":"repeat","background-position":"center center","background-size":"auto","background-attachment":"scroll","background-type":"","background-media":"","overlay-type":"","overlay-color":"","overlay-gradient":""}},"footnotes":""},"uagb_featured_image_src":{"full":false,"thumbnail":false,"medium":false,"medium_large":false,"large":false,"1536x1536":false,"2048x2048":false,"trp-custom-language-flag":false},"uagb_author_info":{"display_name":"SOE","author_link":"https:\/\/supcom.standardof.net\/fr\/author\/k-tastic\/"},"uagb_comment_info":0,"uagb_excerpt":"1. SURVIVE UEF ASSAULT Immediately construct a force of T2 Engineers to build air defense, mostly to the west and north, and T1 point defense scattered throughout the base to stop enemy transport drops. Have more construct T2 torpedo launchers to the west, south and north to defend against naval attacks. The ACU and the&hellip;","_links":{"self":[{"href":"https:\/\/supcom.standardof.net\/fr\/wp-json\/wp\/v2\/pages\/222"}],"collection":[{"href":"https:\/\/supcom.standardof.net\/fr\/wp-json\/wp\/v2\/pages"}],"about":[{"href":"https:\/\/supcom.standardof.net\/fr\/wp-json\/wp\/v2\/types\/page"}],"author":[{"embeddable":true,"href":"https:\/\/supcom.standardof.net\/fr\/wp-json\/wp\/v2\/users\/1"}],"replies":[{"embeddable":true,"href":"https:\/\/supcom.standardof.net\/fr\/wp-json\/wp\/v2\/comments?post=222"}],"version-history":[{"count":0,"href":"https:\/\/supcom.standardof.net\/fr\/wp-json\/wp\/v2\/pages\/222\/revisions"}],"up":[{"embeddable":true,"href":"https:\/\/supcom.standardof.net\/fr\/wp-json\/wp\/v2\/pages\/122"}],"wp:attachment":[{"href":"https:\/\/supcom.standardof.net\/fr\/wp-json\/wp\/v2\/media?parent=222"}],"curies":[{"name":"wp","href":"https:\/\/api.w.org\/{rel}","templated":true}]}}