{"id":224,"date":"2020-10-31T15:19:51","date_gmt":"2020-10-31T19:19:51","guid":{"rendered":"https:\/\/supcom.standardof.net\/?page_id=224"},"modified":"2020-10-31T15:19:51","modified_gmt":"2020-10-31T19:19:51","slug":"aeon-operation-entity","status":"publish","type":"page","link":"https:\/\/supcom.standardof.net\/fr\/supreme-commander\/procedures-pas-a-pas-de-la-campagne\/entite-operation-aeon\/","title":{"rendered":"Aeon Mission 4 - Entit\u00e9 op\u00e9rationnelle"},"content":{"rendered":"<h3 class=\"wp-block-heading\">1. PACIFY NEXUS<\/h3>\n\n\n\n<p>Nexus semble \u00eatre l\u00e9g\u00e8rement d\u00e9fendu avec seulement quelques d\u00e9fenses T1 et un lanceur de missiles tactiques, mais la mission est plus difficile qu&#039;il n&#039;y para\u00eet. Il y a en fait de l&#039;artillerie T2 qui vous attend sur la pointe nord du cap, vous emp\u00eachant de construire une usine navale. Votre zone de d\u00e9part est pauvre en ressources, alors construisez des d\u00e9fenses \u00e0 l&#039;est et \u00e0 l&#039;ouest pendant que vous construisez une ferme de fabrication T1 au sud. Il n&#039;y a pas de limite de temps, vous pouvez donc mettre au point tous vos extracteurs et usines et constituer suffisamment de bombardiers pour tuer le lance-missiles tactiques d\u00e8s que vos forces terrestres sont pr\u00eates \u00e0 entrer. Vos premi\u00e8res attaques sont a\u00e9riennes, donc assurez-vous de pomper de l&#039;anti-a\u00e9rien T1 mobile au d\u00e9but de la mission - ils essaieront \u00e0 la fois des frappes de bombardiers et des largages de transport. L&#039;anti-a\u00e9rien devrait aller surtout \u00e0 l&#039;est et \u00e0 l&#039;ouest, mais aussi mettre des tourelles le long du bord nord de votre base. Une fois arriv\u00e9 \u00e0 la technologie 2, construisez des d\u00e9fenses et des boucliers T2 le long de ces murs. Tout d&#039;abord, prenez le contr\u00f4le des b\u00e2timents Cybran \u00e0 l&#039;ouest de la carte (\u00e0 c\u00f4t\u00e9 de la base navale) pour r\u00e9cup\u00e9rer d&#039;autres d\u00e9p\u00f4ts de masse, puis placez-y des tourelles anti-a\u00e9riennes et ramenez vos forces terrestres pour aider \u00e0 \u00e9liminer Nexus \u00e0 l&#039;est. Le moyen le plus simple de se d\u00e9barrasser des emplacements d&#039;artillerie est de construire un lance-missiles tactique qui atteint juste leur port\u00e9e. Si vous ne trahissez pas votre position, vous pouvez descendre votre premier missile avant que l&#039;artillerie ne riposte - les missiles tactiques et l&#039;artillerie T2 ont la m\u00eame port\u00e9e. Le prochain missile tac peut d\u00e9truire les d\u00e9fenses orientales des Cybrans, tandis que vos unit\u00e9s terrestres et a\u00e9riennes se d\u00e9placent pour \u00e9ponger leur propre lanceur de missiles tactiques et l&#039;autre r\u00e9sistance.<\/p>\n\n\n\n<h3 class=\"wp-block-heading\">2. D\u00c9TRUIRE LA BASE NAVALE CYBRANTE<\/h3>\n\n\n\n<p>Une fois que vous avez le contr\u00f4le de la c\u00f4te sud-est, vous pouvez construire une usine navale et pomper un tas de navires avec vos ing\u00e9nieurs suppl\u00e9mentaires; envoyez-les avec des vaisseaux de combat et des Auroras pour \u00e9liminer la base navale.<\/p>\n\n\n\n<h3 class=\"wp-block-heading\">3. CAPTUREZ LE N\u0152UD<\/h3>\n\n\n\n<p>La m\u00eame force que vous avez utilis\u00e9e pour tuer la base navale peut aider \u00e0 abattre les d\u00e9fenses nordiques autour du n\u0153ud, tandis que vos vaisseaux de combat peuvent d\u00e9truire les installations d&#039;artillerie. Vous pouvez m\u00eame larguer les forces terrestres T2 prot\u00e9g\u00e9es par des boucliers mobiles au bord du rivage pendant que l&#039;artillerie est occup\u00e9e. Une fois que vous capturez le n\u0153ud, la carte se d\u00e9veloppe, alors soyez pr\u00eat.<\/p>\n\n\n\n<h3 class=\"wp-block-heading\">4. CAPTUREZ ET D\u00c9FENDEZ LES 3 N\u0152UDS<\/h3>\n\n\n\n<p><em>La carte s&#039;agrandit vers l&#039;est et le nord<br><\/em>Le premier n\u0153ud est celui que vous venez de capturer. Le second est au nord-ouest, le troisi\u00e8me au sud-est. Ils doivent rester en s\u00e9curit\u00e9 jusqu&#039;\u00e0 la fin de la mission. Envoyez des troupes au sol pour capturer le n\u0153ud sud-est et utilisez vos forces navales et a\u00e9riennes pour d\u00e9gager un endroit o\u00f9 vous pourrez larguer par air plus de forces terrestres T2 pour capturer le n\u0153ud nord-ouest. Assurez-vous de faire appel \u00e0 des ing\u00e9nieurs T2 pour capturer les n\u0153uds, car vous aurez besoin de boucliers et de d\u00e9fenses T2 autour d&#039;eux pour les prot\u00e9ger. Vous pouvez perdre un n\u0153ud et terminer la mission, mais il vaut mieux ne pas prendre de risques.<\/p>\n\n\n\n<h3 class=\"wp-block-heading\">5. CAPTUREZ LE CADRE PRINCIPAL<\/h3>\n\n\n\n<p>L&#039;ordinateur central est tout au nord, sur l&#039;\u00eele centrale. L&#039;\u00eele n&#039;a pas trop de lance-torpilles, donc une force navale T2 soutenue par des navires de combat et des bateaux d&#039;attaque peut \u00e9liminer les d\u00e9fenses sur la rive sud (assurez-vous de tuer l&#039;artillerie ennemie rapidement) afin que vos transports puissent mettre en place un point de ferry pour Les forces terrestres T2 doivent emm\u00e9nager. Une fois que vous avez \u00e9limin\u00e9 tous les Cybrans, envoyez vos ing\u00e9nieurs T2 pour le capturer et commencer \u00e0 construire des d\u00e9fenses.<\/p>\n\n\n\n<h3 class=\"wp-block-heading\">6. D\u00c9FENDRE LE CADRE PRINCIPAL (d\u00e9lai de 15 minutes)<\/h3>\n\n\n\n<p>Vous devez d\u00e9fendre les n\u0153uds et l&#039;ordinateur central pendant 15 minutes d&#039;attaques cybran croissantes. Construisez beaucoup de vaisseaux de combat, car ils peuvent r\u00e9pondre \u00e0 n&#039;importe quelle attaque, et T2 anti-a\u00e9rien pour emp\u00eacher les largages de transport. Faites patrouiller vos bombardiers-torpilleurs vers le lac oriental pour emp\u00eacher les attaques de destroyers sur l&#039;ordinateur central et le n\u0153ud est. Les Cybrans attaqueront \u00e9galement votre base principale pour tenter de tuer votre ACU; assurez-vous qu&#039;il se cache sous un bouclier avec beaucoup d&#039;anti-air T2 et assurez-vous que vos g\u00e9n\u00e9rateurs \u00e9lectriques sont bien prot\u00e9g\u00e9s.<\/p>\n\n\n\n<h3 class=\"has-text-align-center wp-block-heading\">Mission 4 - Entit\u00e9 op\u00e9rationnelle - Guide vid\u00e9o<\/h3>\n\n\n\n<figure class=\"wp-block-embed-youtube wp-block-embed is-type-video is-provider-youtube wp-embed-aspect-4-3 wp-has-aspect-ratio\"><div class=\"wp-block-embed__wrapper\">\n<div class=\"ast-oembed-container\" style=\"height: 100%;\"><iframe title=\"Operation Entity - M4 Aeon Campaign Hard - Commandant supr\u00eame\" width=\"500\" height=\"375\" src=\"https:\/\/www.youtube.com\/embed\/oA-nQKDNBcA?feature=oembed\" frameborder=\"0\" allow=\"accelerometer; autoplay; clipboard-write; encrypted-media; gyroscope; picture-in-picture; web-share\" referrerpolicy=\"strict-origin-when-cross-origin\" allowfullscreen><\/iframe><\/div>\n<\/div><\/figure>","protected":false},"excerpt":{"rendered":"<p>1. PACIFY NEXUS Nexus appears to be lightly defended with only some T1 defenses and a Tactical Missile Launcher, but the mission is more difficult than it appears. There are actually T2 artillery lying in wait for you on the northern tip of the cape, preventing you from building a Naval Factory. Your starting area [&hellip;]<\/p>","protected":false},"author":1,"featured_media":0,"parent":122,"menu_order":3,"comment_status":"open","ping_status":"closed","template":"","meta":{"_uag_custom_page_level_css":"","site-sidebar-layout":"default","site-content-layout":"default","ast-site-content-layout":"","site-content-style":"default","site-sidebar-style":"default","ast-global-header-display":"","ast-banner-title-visibility":"","ast-main-header-display":"","ast-hfb-above-header-display":"","ast-hfb-below-header-display":"","ast-hfb-mobile-header-display":"","site-post-title":"","ast-breadcrumbs-content":"","ast-featured-img":"","footer-sml-layout":"","theme-transparent-header-meta":"default","adv-header-id-meta":"","stick-header-meta":"","header-above-stick-meta":"","header-main-stick-meta":"","header-below-stick-meta":"","astra-migrate-meta-layouts":"default","ast-page-background-enabled":"default","ast-page-background-meta":{"desktop":{"background-color":"","background-image":"","background-repeat":"repeat","background-position":"center center","background-size":"auto","background-attachment":"scroll","background-type":"","background-media":"","overlay-type":"","overlay-color":"","overlay-gradient":""},"tablet":{"background-color":"","background-image":"","background-repeat":"repeat","background-position":"center center","background-size":"auto","background-attachment":"scroll","background-type":"","background-media":"","overlay-type":"","overlay-color":"","overlay-gradient":""},"mobile":{"background-color":"","background-image":"","background-repeat":"repeat","background-position":"center center","background-size":"auto","background-attachment":"scroll","background-type":"","background-media":"","overlay-type":"","overlay-color":"","overlay-gradient":""}},"ast-content-background-meta":{"desktop":{"background-color":"var(--ast-global-color-5)","background-image":"","background-repeat":"repeat","background-position":"center center","background-size":"auto","background-attachment":"scroll","background-type":"","background-media":"","overlay-type":"","overlay-color":"","overlay-gradient":""},"tablet":{"background-color":"var(--ast-global-color-5)","background-image":"","background-repeat":"repeat","background-position":"center center","background-size":"auto","background-attachment":"scroll","background-type":"","background-media":"","overlay-type":"","overlay-color":"","overlay-gradient":""},"mobile":{"background-color":"var(--ast-global-color-5)","background-image":"","background-repeat":"repeat","background-position":"center center","background-size":"auto","background-attachment":"scroll","background-type":"","background-media":"","overlay-type":"","overlay-color":"","overlay-gradient":""}},"footnotes":""},"uagb_featured_image_src":{"full":false,"thumbnail":false,"medium":false,"medium_large":false,"large":false,"1536x1536":false,"2048x2048":false,"trp-custom-language-flag":false},"uagb_author_info":{"display_name":"SOE","author_link":"https:\/\/supcom.standardof.net\/fr\/author\/k-tastic\/"},"uagb_comment_info":0,"uagb_excerpt":"1. PACIFY NEXUS Nexus appears to be lightly defended with only some T1 defenses and a Tactical Missile Launcher, but the mission is more difficult than it appears. There are actually T2 artillery lying in wait for you on the northern tip of the cape, preventing you from building a Naval Factory. Your starting area&hellip;","_links":{"self":[{"href":"https:\/\/supcom.standardof.net\/fr\/wp-json\/wp\/v2\/pages\/224"}],"collection":[{"href":"https:\/\/supcom.standardof.net\/fr\/wp-json\/wp\/v2\/pages"}],"about":[{"href":"https:\/\/supcom.standardof.net\/fr\/wp-json\/wp\/v2\/types\/page"}],"author":[{"embeddable":true,"href":"https:\/\/supcom.standardof.net\/fr\/wp-json\/wp\/v2\/users\/1"}],"replies":[{"embeddable":true,"href":"https:\/\/supcom.standardof.net\/fr\/wp-json\/wp\/v2\/comments?post=224"}],"version-history":[{"count":0,"href":"https:\/\/supcom.standardof.net\/fr\/wp-json\/wp\/v2\/pages\/224\/revisions"}],"up":[{"embeddable":true,"href":"https:\/\/supcom.standardof.net\/fr\/wp-json\/wp\/v2\/pages\/122"}],"wp:attachment":[{"href":"https:\/\/supcom.standardof.net\/fr\/wp-json\/wp\/v2\/media?parent=224"}],"curies":[{"name":"wp","href":"https:\/\/api.w.org\/{rel}","templated":true}]}}