{"id":226,"date":"2020-10-31T15:21:04","date_gmt":"2020-10-31T19:21:04","guid":{"rendered":"https:\/\/supcom.standardof.net\/?page_id=226"},"modified":"2020-10-31T15:21:04","modified_gmt":"2020-10-31T19:21:04","slug":"aeon-operation-shining-star","status":"publish","type":"page","link":"https:\/\/supcom.standardof.net\/fr\/supreme-commander\/procedures-pas-a-pas-de-la-campagne\/aeon-operation-shining-star\/","title":{"rendered":"Aeon Mission 5 - Op\u00e9ration Shining Star"},"content":{"rendered":"<h3 class=\"wp-block-heading\">1. ARR\u00caTEZ L&#039;ATTAQUE D&#039;AREL<\/h3>\n\n\n\n<p>Les attaques a\u00e9riennes pr\u00e9c\u00e8dent les attaques terrestres, alors donnez la priorit\u00e9 aux ing\u00e9nieurs T3 et aux fusils anti-flak mobiles T2 avant les autres unit\u00e9s. Am\u00e9liorez vos usines terrestres une par une pour ne pas interrompre votre production. Ordonnez \u00e0 vos troupes de patrouiller autour de votre base ainsi que des deux colonies civiles au sud. Construisez une force d&#039;avions et de navires de combat T3, des d\u00e9fenses avanc\u00e9es (boucliers T3 et anti-a\u00e9riens avec d\u00e9fense de point T2) dans votre base et les colonies, et des transports T2 pr\u00eats \u00e0 d\u00e9ployer des troupes au sol partout o\u00f9 elles sont n\u00e9cessaires. Vous serez finalement attaqu\u00e9 par l&#039;artillerie, vous devrez donc \u00eatre bien prot\u00e9g\u00e9. Lorsque l&#039;objectif 3 est termin\u00e9, celui-ci est \u00e9galement compl\u00e9t\u00e9.<\/p>\n\n\n\n<h3 class=\"wp-block-heading\">2. PROT\u00c9GER LES COLONIES<\/h3>\n\n\n\n<p>Cet objectif est en cours et la majeure partie a \u00e9t\u00e9 abord\u00e9e ci-dessus. Vous devriez \u00eatre bon contre les bombardiers ennemis et les largages de transport si vous avez des chasseurs qui patrouillent et des boucliers avec la d\u00e9fense a\u00e9rienne T3. Au moins 50% des b\u00e2timents civils doivent survivre ou vous \u00e9chouerez \u00e0 la mission.<\/p>\n\n\n\n<h3 class=\"wp-block-heading\">3. D\u00c9PLOYER UNE D\u00c9FENSE STRAT\u00c9GIQUE CONTRE LES MISSILES<\/h3>\n\n\n\n<p>Une fois que vos ing\u00e9nieurs ont am\u00e9lior\u00e9 votre \u00e9conomie avec des g\u00e9n\u00e9rateurs et des fabricants d&#039;\u00e9lectricit\u00e9 T3, envoyez des groupes d&#039;ing\u00e9nieurs dans chaque colonie et construisez une d\u00e9fense antimissile strat\u00e9gique. Une fois qu&#039;ils sont construits, demandez-leur des missiles Auto Build et dites \u00e0 vos ing\u00e9nieurs de les aider. Votre base principale n&#039;a pas besoin de d\u00e9fense strat\u00e9gique. Vous saurez que les missiles arrivent lorsque les unit\u00e9s terrestres sont largu\u00e9es d&#039;abord \u00e0 l&#039;est puis \u00e0 l&#039;ouest. Une fois les missiles d\u00e9vi\u00e9s, une autre force terrestre et a\u00e9rienne intervient pour attaquer les deux colonies \u00e0 la fois - tirez votre force a\u00e9rienne vers l&#039;arri\u00e8re pour l&#039;arr\u00eater avant qu&#039;elle ne fasse trop de d\u00e9g\u00e2ts.<\/p>\n\n\n\n<h3 class=\"wp-block-heading\">4. D\u00c9TRUIRE LES POSTES D&#039;ARTILLERIE DE L&#039;UEF<\/h3>\n\n\n\n<p><em>La carte s&#039;\u00e9tend au sud et \u00e0 l&#039;ouest<\/em><br>Assurez-vous que vos bases sont fortement prot\u00e9g\u00e9es. Ils commenceront imm\u00e9diatement \u00e0 vous attaquer. Le poste d&#039;artillerie nord peut \u00eatre pris d&#039;assaut par des unit\u00e9s a\u00e9riennes et terrestres bien qu&#039;il soit fortement gard\u00e9 avec des robots T3 et un bouclier lourd - ciblez d&#039;abord les robots, puis passez sous le bouclier pour le d\u00e9truire. Pendant que vous reconstruisez votre arm\u00e9e \u00e0 partir de cet assaut, envoyez des ing\u00e9nieurs \u00e0 la base des plateaux sur\u00e9lev\u00e9s contenant les 2 autres positions d&#039;artillerie - un lanceur de missiles tactiques peut attaquer sans repr\u00e9sailles, mais il faudra plusieurs coups pour traverser le bouclier. et d\u00e9truisez l&#039;artillerie.<\/p>\n\n\n\n<h3 class=\"wp-block-heading\">5. D\u00c9TRUIRE LES POSTES D&#039;ARTILLERIE D\u00c9FENSIVE DE L&#039;UEF<\/h3>\n\n\n\n<p>Survolez la base de Blake \u00e0 l&#039;ouest pour r\u00e9v\u00e9ler cet objectif. Il y a 10 positions d&#039;artillerie \u00e0 \u00e9liminer. Utilisez des bombardiers T3 (avec de nombreuses autres unit\u00e9s a\u00e9riennes pour servir de boucliers personnels) pour \u00e9liminer ceux du nord, pendant que vous larguez par air une force d&#039;artillerie mobile T3 prot\u00e9g\u00e9e par des boucliers mobiles et vos unit\u00e9s terrestres les plus puissantes au sud du carte, pendant que vous vous frayez un chemin le long de la berge, en d\u00e9truisant un \u00e0 la fois.<\/p>\n\n\n\n<h3 class=\"wp-block-heading\">6. VAINCRE LE CAPITAINE BLAKE<\/h3>\n\n\n\n<p>Une fois que vous avez une arm\u00e9e dans la partie sud de la base de Blake, faites venir des ing\u00e9nieurs et construisez un avant-poste blind\u00e9 aussi pr\u00e8s que possible de sa base. Mettez de l&#039;artillerie T2 et du radar sous les boucliers et vous pourrez cibler sa base en toute impunit\u00e9 pendant que vos unit\u00e9s terrestres se prot\u00e8gent contre les repr\u00e9sailles. Le moyen le meilleur mais le plus long de tuer Blake est de d\u00e9gager la ligne anti-a\u00e9rienne au nord de sa base, puis de larguer des troupes des deux c\u00f4t\u00e9s et de le frapper sous tous les angles pendant que vos canons l&#039;achever. Si cela est irr\u00e9alisable, vous pouvez attendre que l&#039;artillerie ait adouci sa base et emm\u00e9nager avec une \u00e9norme force terrestre.<\/p>\n\n\n\n<h3 class=\"wp-block-heading\">7. VAINCRE LE COLOSSUS<\/h3>\n\n\n\n<p><em>La carte s&#039;agrandit vers le sud<br>Sch\u00e9ma ajout\u00e9: Lanceur de missiles strat\u00e9gique<\/em><br>Une fois que vous avez tu\u00e9 Blake, construisez une nouvelle base sur l&#039;ancienne de Blake, avec des usines am\u00e9lior\u00e9es, des g\u00e9n\u00e9rateurs d&#039;\u00e9nergie T3 et de nombreuses d\u00e9fenses. C&#039;est un endroit id\u00e9al pour construire un lance-missiles strat\u00e9gique pour le prochain objectif. D\u00e9placez toutes vos forces terrestres vers le ravin o\u00f9 se trouvaient les positions d&#039;artillerie sud de l&#039;UEF. Le Colosse viendra du sud-ouest au nord-est, de l&#039;autre c\u00f4t\u00e9 de la rivi\u00e8re et du ravin. Lancez toutes vos forces sur lui, en particulier les forces a\u00e9riennes, car le Colossus n&#039;a pas de d\u00e9fense a\u00e9rienne et est suffisamment lent pour qu&#039;une bombe T3 le frappe proprement.<\/p>\n\n\n\n<h3 class=\"wp-block-heading\">8. D\u00c9FAIT ARIEL<\/h3>\n\n\n\n<p>Ariel est sur un plateau au sud-ouest. Vous ne pouvez pas l&#039;assi\u00e9ger avec de l&#039;artillerie ou des lance-missiles tactiques, car ses propres missiles tactiques peuvent atteindre la rive oppos\u00e9e si vous essayez. Heureusement, elle n&#039;a pas de d\u00e9fense antimissile strat\u00e9gique, donc seulement quelques armes nucl\u00e9aires \u00e0 sa base la finiront sans assaut co\u00fbteux.<\/p>\n\n\n\n<h3 class=\"has-text-align-center wp-block-heading\">Mission 5 - Operation Shining Star - Guide vid\u00e9o<\/h3>\n\n\n\n<figure class=\"wp-block-embed-youtube wp-block-embed is-type-video is-provider-youtube wp-embed-aspect-4-3 wp-has-aspect-ratio\"><div class=\"wp-block-embed__wrapper\">\n<div class=\"ast-oembed-container\" style=\"height: 100%;\"><iframe title=\"Op\u00e9ration Shining Star - M5 Aeon Campaign Hard - Commandant supr\u00eame\" width=\"500\" height=\"375\" src=\"https:\/\/www.youtube.com\/embed\/2ZvX9N5KiGM?feature=oembed\" frameborder=\"0\" allow=\"accelerometer; autoplay; clipboard-write; encrypted-media; gyroscope; picture-in-picture; web-share\" referrerpolicy=\"strict-origin-when-cross-origin\" allowfullscreen><\/iframe><\/div>\n<\/div><\/figure>","protected":false},"excerpt":{"rendered":"<p>1. STOP ARIEL&#8217;S ATTACK Air attacks come before land attacks, so prioritize T3 Engineers and T2 mobile flak guns before other units. Upgrade your Land Factories one at a time so you don&#8217;t cut off your production. Order your troops to patrol around your base as well as the two civilian colonies to the south. [&hellip;]<\/p>","protected":false},"author":1,"featured_media":0,"parent":122,"menu_order":3,"comment_status":"open","ping_status":"closed","template":"","meta":{"_uag_custom_page_level_css":"","site-sidebar-layout":"default","site-content-layout":"default","ast-site-content-layout":"","site-content-style":"default","site-sidebar-style":"default","ast-global-header-display":"","ast-banner-title-visibility":"","ast-main-header-display":"","ast-hfb-above-header-display":"","ast-hfb-below-header-display":"","ast-hfb-mobile-header-display":"","site-post-title":"","ast-breadcrumbs-content":"","ast-featured-img":"","footer-sml-layout":"","theme-transparent-header-meta":"default","adv-header-id-meta":"","stick-header-meta":"","header-above-stick-meta":"","header-main-stick-meta":"","header-below-stick-meta":"","astra-migrate-meta-layouts":"default","ast-page-background-enabled":"default","ast-page-background-meta":{"desktop":{"background-color":"","background-image":"","background-repeat":"repeat","background-position":"center center","background-size":"auto","background-attachment":"scroll","background-type":"","background-media":"","overlay-type":"","overlay-color":"","overlay-gradient":""},"tablet":{"background-color":"","background-image":"","background-repeat":"repeat","background-position":"center center","background-size":"auto","background-attachment":"scroll","background-type":"","background-media":"","overlay-type":"","overlay-color":"","overlay-gradient":""},"mobile":{"background-color":"","background-image":"","background-repeat":"repeat","background-position":"center center","background-size":"auto","background-attachment":"scroll","background-type":"","background-media":"","overlay-type":"","overlay-color":"","overlay-gradient":""}},"ast-content-background-meta":{"desktop":{"background-color":"var(--ast-global-color-5)","background-image":"","background-repeat":"repeat","background-position":"center center","background-size":"auto","background-attachment":"scroll","background-type":"","background-media":"","overlay-type":"","overlay-color":"","overlay-gradient":""},"tablet":{"background-color":"var(--ast-global-color-5)","background-image":"","background-repeat":"repeat","background-position":"center center","background-size":"auto","background-attachment":"scroll","background-type":"","background-media":"","overlay-type":"","overlay-color":"","overlay-gradient":""},"mobile":{"background-color":"var(--ast-global-color-5)","background-image":"","background-repeat":"repeat","background-position":"center center","background-size":"auto","background-attachment":"scroll","background-type":"","background-media":"","overlay-type":"","overlay-color":"","overlay-gradient":""}},"footnotes":""},"uagb_featured_image_src":{"full":false,"thumbnail":false,"medium":false,"medium_large":false,"large":false,"1536x1536":false,"2048x2048":false,"trp-custom-language-flag":false},"uagb_author_info":{"display_name":"SOE","author_link":"https:\/\/supcom.standardof.net\/fr\/author\/k-tastic\/"},"uagb_comment_info":0,"uagb_excerpt":"1. STOP ARIEL&#8217;S ATTACK Air attacks come before land attacks, so prioritize T3 Engineers and T2 mobile flak guns before other units. Upgrade your Land Factories one at a time so you don&#8217;t cut off your production. Order your troops to patrol around your base as well as the two civilian colonies to the south.&hellip;","_links":{"self":[{"href":"https:\/\/supcom.standardof.net\/fr\/wp-json\/wp\/v2\/pages\/226"}],"collection":[{"href":"https:\/\/supcom.standardof.net\/fr\/wp-json\/wp\/v2\/pages"}],"about":[{"href":"https:\/\/supcom.standardof.net\/fr\/wp-json\/wp\/v2\/types\/page"}],"author":[{"embeddable":true,"href":"https:\/\/supcom.standardof.net\/fr\/wp-json\/wp\/v2\/users\/1"}],"replies":[{"embeddable":true,"href":"https:\/\/supcom.standardof.net\/fr\/wp-json\/wp\/v2\/comments?post=226"}],"version-history":[{"count":0,"href":"https:\/\/supcom.standardof.net\/fr\/wp-json\/wp\/v2\/pages\/226\/revisions"}],"up":[{"embeddable":true,"href":"https:\/\/supcom.standardof.net\/fr\/wp-json\/wp\/v2\/pages\/122"}],"wp:attachment":[{"href":"https:\/\/supcom.standardof.net\/fr\/wp-json\/wp\/v2\/media?parent=226"}],"curies":[{"name":"wp","href":"https:\/\/api.w.org\/{rel}","templated":true}]}}