{"id":228,"date":"2020-10-31T15:22:18","date_gmt":"2020-10-31T19:22:18","guid":{"rendered":"https:\/\/supcom.standardof.net\/?page_id=228"},"modified":"2020-10-31T15:22:18","modified_gmt":"2020-10-31T19:22:18","slug":"aeon-operation-beginnings","status":"publish","type":"page","link":"https:\/\/supcom.standardof.net\/fr\/supreme-commander\/procedures-pas-a-pas-de-la-campagne\/aeon-operation-debuts\/","title":{"rendered":"Aeon Mission 6 - D\u00e9but de l&#039;op\u00e9ration"},"content":{"rendered":"<h3 class=\"wp-block-heading\">1. CENTRE DE CONTR\u00d4LE DU SOLEIL NOIR CAPTURE<\/h3>\n\n\n\n<p>Construisez imm\u00e9diatement des d\u00e9fenses anti-a\u00e9riennes autour de votre \u00eele et de vos lance-torpilles T2 - un m\u00e9lange de T2 et T3 fonctionne le mieux pour que vous puissiez obtenir une couverture rapidement, mais \u00e9ventuellement mettre \u00e0 niveau. La plupart des attaques initiales viennent du sud-est, alors renforcez vos forces navales l\u00e0-bas et obtenez des boucliers au-dessus de votre base avant de vous d\u00e9placer pour capturer le centre de contr\u00f4le. Bien que les largages de transport soient rares et faciles \u00e0 contrer, vous aurez besoin de robots de si\u00e8ge et de leurs unit\u00e9s de soutien afin de pouvoir cr\u00e9er vos propres largages de transport pour prendre le centre de contr\u00f4le. Les attaques a\u00e9riennes viendront du nord, alors assurez-vous d&#039;avoir une d\u00e9fense a\u00e9rienne T3 l\u00e0-bas et que vos fermes de g\u00e9n\u00e9rateurs \/ fabricants T3 sont bien prot\u00e9g\u00e9es. Lorsque vous \u00eates s\u00fbr que rien ne peut toucher votre base (assurez-vous d&#039;avoir une installation de transit a\u00e9rien le long de la route de patrouille de vos combattants pour les garder aliment\u00e9s), am\u00e9liorez votre ACU avec l&#039;allocation de ressources avanc\u00e9e pour une autre augmentation de ressources et construisez des d\u00e9fenses et des lanceurs de missiles strat\u00e9giques. . Frappez le milieu de l&#039;\u00eele au nord du centre de contr\u00f4le pour \u00e9liminer les d\u00e9fenses int\u00e9rieures pendant que votre flotte maritime d\u00e9truit les d\u00e9fenses le long du rivage. Une fois que vous avez d\u00e9gag\u00e9 une route pour vos transports, d\u00e9placez une force terrestre. Si vous avez du mal \u00e0 abattre les boucliers lourds et les bots de si\u00e8ge autour du centre de contr\u00f4le, bombardez les bords de la base pour ne pas tuer le contr\u00f4le Centre mais \u00e9limine les robots de si\u00e8ge. D\u00e9placez vos propres forces terrestres pour s\u00e9curiser la zone. Cette partie suivante est assez difficile, alors sauvegardez le jeu avant de capturer le centre de contr\u00f4le. L&#039;ennemi attaque du nord et du sud avec une f\u00e9rocit\u00e9 croissante, mais il est important d&#039;avoir de lourdes d\u00e9fenses en place. Mettez vos unit\u00e9s navales en patrouille pour couvrir la route a\u00e9rienne de vos transports et utilisez des unit\u00e9s a\u00e9riennes pour \u00e9liminer les contre-attaques ennemies avant qu&#039;elles ne vous frappent. Assurez-vous de ne pas atteindre la limite d&#039;unit\u00e9s avant d&#039;avoir quelques boucliers T3 autour du centre de contr\u00f4le, avec la d\u00e9fense a\u00e9rienne T3 \u00e0 l&#039;int\u00e9rieur. D\u00e9placez toutes vos forces terrestres ici pour le prot\u00e9ger et au moins 20 ing\u00e9nieurs T3 pour ce qui va suivre.<\/p>\n\n\n\n<h3 class=\"wp-block-heading\">2. D\u00c9FENDRE LE CENTRE DE CONTR\u00d4LE DU SOLEIL NOIR<\/h3>\n\n\n\n<p><em>La carte s&#039;agrandit vers le nord<\/em><br>La base Cybran est r\u00e9v\u00e9l\u00e9e, et ils ont beaucoup de robots araign\u00e9es et de robots de si\u00e8ge. Heureusement, vous avez des armes nucl\u00e9aires, et votre lanceur d&#039;armes nucl\u00e9aires doit viser devant les troupes ennemies pour qu&#039;il atterrisse l\u00e0 o\u00f9 se trouve l&#039;arm\u00e9e. Vous pouvez \u00e9liminer la plupart des forces d&#039;assaut de cette fa\u00e7on. Pour le reste, imm\u00e9diatement apr\u00e8s l&#039;expansion de la carte, demandez \u00e0 tous vos ing\u00e9nieurs de commencer \u00e0 travailler sur un Colossus, qui mange des robots araign\u00e9es pour le d\u00e9jeuner - tant que vous pouvez le terminer \u00e0 temps. Alternativement, vous pouvez construire une ligne de d\u00e9fense de points T2 et d&#039;artillerie avec des boucliers lourds, si vous n&#039;avez pas le temps. En difficult\u00e9 normale, l&#039;arm\u00e9e d&#039;invasion du nord n&#039;a pas de robots araign\u00e9es, seulement des unit\u00e9s terrestres T3, donc 2 armes nucl\u00e9aires d\u00e9truiront toutes leurs forces gratuitement.<\/p>\n\n\n\n<h3 class=\"wp-block-heading\">3. VAINCRE LE COMMANDANT CYBRAN<\/h3>\n\n\n\n<p>Pendant ce temps, votre flotte navale devrait se d\u00e9placer vers le rivage de la base Cybran. Si les Cybrans ne sont pas d\u00e9truits rapidement, ils commenceront \u00e0 construire des Soul Rippers, ce qui est un gros probl\u00e8me pour vous. Si vous avez deux lanceurs d&#039;armes nucl\u00e9aires \u00e0 ce stade, vous pouvez submerger leur seule d\u00e9fense antimissile strat\u00e9gique avec des armes nucl\u00e9aires; vous pouvez \u00e9galement utiliser votre arm\u00e9e de l&#039;air pour prendre leur d\u00e9fense et bombarder plusieurs fois, ou simplement pomper un nombre croissant de navires et ils \u00e9limineront g\u00e9n\u00e9ralement le commandant cybran d&#039;eux-m\u00eames. Assurez-vous de survoler apr\u00e8s sa destruction pour confirmer que la base est tu\u00e9e - vous n&#039;avez pas besoin d&#039;attaques sournoises lorsque vous \u00eates occup\u00e9 avec Marxon. Le moyen le plus simple mais le plus lent est d&#039;avoir une force navale \u00e9crasante, ce qui aide \u00e9galement pour le prochain objectif. Les cuirass\u00e9s valent chaque centime de leur co\u00fbt dans cette mission, car ils peuvent d\u00e9truire la plupart des d\u00e9fenses d&#039;artillerie de la base Cybran et de Marxon T2.<\/p>\n\n\n\n<h3 class=\"wp-block-heading\">4. D\u00c9TRUIRE LE MARXON<\/h3>\n\n\n\n<p><em>La carte s&#039;agrandit vers le sud<\/em><br>Black Sun est sur la c\u00f4te sud de l&#039;\u00eele. D\u00e8s que la carte s&#039;agrandit, une \u00e9norme flotte navale se d\u00e9place du sud vers votre base. D\u00e9placez vos unit\u00e9s navales et a\u00e9riennes pour intercepter d\u00e8s que possible. L&#039;artillerie commence \u00e0 tirer sur le centre de contr\u00f4le, alors construisez plus de boucliers pendant que vous construisez plusieurs colosses et un tsar ou deux. Une fois que votre force exp\u00e9rimentale est pr\u00eate, envoyez-la vers le sud pendant que votre flotte navale \u00e9limine la marine de Marxon et ses usines navales. Marxon construit \u00e9galement des Colosses, mais vos nombres sup\u00e9rieurs et Czar devraient bien fonctionner contre ceux-ci. Si vous avez la chance de voir Marxon avant que vos colosses ne descendent dans sa vaste gamme de d\u00e9fenses, ciblez-le pour une mise \u00e0 mort rapide. Sinon, ciblez ses d\u00e9fenses antimissiles strat\u00e9giques, une \u00e0 l&#039;ouest et une \u00e0 l&#039;est. Une fois qu&#039;ils sont partis, vous pouvez bombarder sa base. Les colosses ne sont pas absolument n\u00e9cessaires; L&#039;artillerie T3 de votre \u00eele peut bombarder Marxon tr\u00e8s lentement, vos cuirass\u00e9s peuvent \u00e9liminer la plupart de ses d\u00e9fenses, et si vous d\u00e9truisez l&#039;une de ses deux positions de d\u00e9fense nucl\u00e9aire, vous pouvez submerger sa d\u00e9fense nucl\u00e9aire en tirant simultan\u00e9ment 2 ou 3 lance-bombes.<\/p>\n\n\n\n<h3 class=\"has-text-align-center wp-block-heading\">Mission 6 - Operation Beginnings - Guide vid\u00e9o<\/h3>\n\n\n\n<figure class=\"wp-block-embed-youtube wp-block-embed is-type-video is-provider-youtube wp-embed-aspect-4-3 wp-has-aspect-ratio\"><div class=\"wp-block-embed__wrapper\">\n<div class=\"ast-oembed-container\" style=\"height: 100%;\"><iframe title=\"Op\u00e9ration Beginnings - M6 Aeon Campaign Hard - Commandant supr\u00eame\" width=\"500\" height=\"375\" src=\"https:\/\/www.youtube.com\/embed\/NTJCeTaFQhU?feature=oembed\" frameborder=\"0\" allow=\"accelerometer; autoplay; clipboard-write; encrypted-media; gyroscope; picture-in-picture; web-share\" referrerpolicy=\"strict-origin-when-cross-origin\" allowfullscreen><\/iframe><\/div>\n<\/div><\/figure>","protected":false},"excerpt":{"rendered":"<p>1. CAPTURE BLACK SUN CONTROL CENTER Immediately build air defenses around your island and your T2 torpedo launchers &#8211; a mix of T2 and T3 works best so that you can get coverage quickly but upgrade eventually. Most initial attacks are from the southeast, so build up your naval forces there and get shields over [&hellip;]<\/p>","protected":false},"author":1,"featured_media":0,"parent":122,"menu_order":3,"comment_status":"open","ping_status":"closed","template":"","meta":{"_uag_custom_page_level_css":"","site-sidebar-layout":"default","site-content-layout":"default","ast-site-content-layout":"","site-content-style":"default","site-sidebar-style":"default","ast-global-header-display":"","ast-banner-title-visibility":"","ast-main-header-display":"","ast-hfb-above-header-display":"","ast-hfb-below-header-display":"","ast-hfb-mobile-header-display":"","site-post-title":"","ast-breadcrumbs-content":"","ast-featured-img":"","footer-sml-layout":"","theme-transparent-header-meta":"default","adv-header-id-meta":"","stick-header-meta":"","header-above-stick-meta":"","header-main-stick-meta":"","header-below-stick-meta":"","astra-migrate-meta-layouts":"default","ast-page-background-enabled":"default","ast-page-background-meta":{"desktop":{"background-color":"","background-image":"","background-repeat":"repeat","background-position":"center center","background-size":"auto","background-attachment":"scroll","background-type":"","background-media":"","overlay-type":"","overlay-color":"","overlay-gradient":""},"tablet":{"background-color":"","background-image":"","background-repeat":"repeat","background-position":"center center","background-size":"auto","background-attachment":"scroll","background-type":"","background-media":"","overlay-type":"","overlay-color":"","overlay-gradient":""},"mobile":{"background-color":"","background-image":"","background-repeat":"repeat","background-position":"center center","background-size":"auto","background-attachment":"scroll","background-type":"","background-media":"","overlay-type":"","overlay-color":"","overlay-gradient":""}},"ast-content-background-meta":{"desktop":{"background-color":"var(--ast-global-color-5)","background-image":"","background-repeat":"repeat","background-position":"center center","background-size":"auto","background-attachment":"scroll","background-type":"","background-media":"","overlay-type":"","overlay-color":"","overlay-gradient":""},"tablet":{"background-color":"var(--ast-global-color-5)","background-image":"","background-repeat":"repeat","background-position":"center center","background-size":"auto","background-attachment":"scroll","background-type":"","background-media":"","overlay-type":"","overlay-color":"","overlay-gradient":""},"mobile":{"background-color":"var(--ast-global-color-5)","background-image":"","background-repeat":"repeat","background-position":"center center","background-size":"auto","background-attachment":"scroll","background-type":"","background-media":"","overlay-type":"","overlay-color":"","overlay-gradient":""}},"footnotes":""},"uagb_featured_image_src":{"full":false,"thumbnail":false,"medium":false,"medium_large":false,"large":false,"1536x1536":false,"2048x2048":false,"trp-custom-language-flag":false},"uagb_author_info":{"display_name":"SOE","author_link":"https:\/\/supcom.standardof.net\/fr\/author\/k-tastic\/"},"uagb_comment_info":0,"uagb_excerpt":"1. CAPTURE BLACK SUN CONTROL CENTER Immediately build air defenses around your island and your T2 torpedo launchers &#8211; a mix of T2 and T3 works best so that you can get coverage quickly but upgrade eventually. Most initial attacks are from the southeast, so build up your naval forces there and get shields over&hellip;","_links":{"self":[{"href":"https:\/\/supcom.standardof.net\/fr\/wp-json\/wp\/v2\/pages\/228"}],"collection":[{"href":"https:\/\/supcom.standardof.net\/fr\/wp-json\/wp\/v2\/pages"}],"about":[{"href":"https:\/\/supcom.standardof.net\/fr\/wp-json\/wp\/v2\/types\/page"}],"author":[{"embeddable":true,"href":"https:\/\/supcom.standardof.net\/fr\/wp-json\/wp\/v2\/users\/1"}],"replies":[{"embeddable":true,"href":"https:\/\/supcom.standardof.net\/fr\/wp-json\/wp\/v2\/comments?post=228"}],"version-history":[{"count":0,"href":"https:\/\/supcom.standardof.net\/fr\/wp-json\/wp\/v2\/pages\/228\/revisions"}],"up":[{"embeddable":true,"href":"https:\/\/supcom.standardof.net\/fr\/wp-json\/wp\/v2\/pages\/122"}],"wp:attachment":[{"href":"https:\/\/supcom.standardof.net\/fr\/wp-json\/wp\/v2\/media?parent=228"}],"curies":[{"name":"wp","href":"https:\/\/api.w.org\/{rel}","templated":true}]}}