{"id":231,"date":"2020-10-31T15:37:30","date_gmt":"2020-10-31T19:37:30","guid":{"rendered":"https:\/\/supcom.standardof.net\/?page_id=231"},"modified":"2020-11-04T22:29:43","modified_gmt":"2020-11-05T03:29:43","slug":"uef","status":"publish","type":"page","link":"https:\/\/supcom.standardof.net\/fr\/supreme-commander\/uef\/","title":{"rendered":"UEF"},"content":{"rendered":"<h2 class=\"has-text-align-center wp-block-heading\">UNIT\u00c9S UEF<\/h2>\n\n\n\n<div class=\"wp-block-image\"><figure class=\"aligncenter size-large\"><a href=\"https:\/\/supcom.standardof.net\/fr\/sup-com-uef-commander-promo\/\"><img decoding=\"async\" width=\"600\" height=\"564\" src=\"https:\/\/supcom.standardof.net\/wp-content\/uploads\/sites\/8\/2020\/10\/Sup-Com-UEF-Commander-Promo.jpg\" alt=\"\" class=\"wp-image-254\" srcset=\"https:\/\/supcom.standardof.net\/wp-content\/uploads\/sites\/8\/2020\/10\/Sup-Com-UEF-Commander-Promo.jpg 600w, https:\/\/supcom.standardof.net\/wp-content\/uploads\/sites\/8\/2020\/10\/Sup-Com-UEF-Commander-Promo-512x481.jpg 512w, https:\/\/supcom.standardof.net\/wp-content\/uploads\/sites\/8\/2020\/10\/Sup-Com-UEF-Commander-Promo-200x188.jpg 200w, https:\/\/supcom.standardof.net\/wp-content\/uploads\/sites\/8\/2020\/10\/Sup-Com-UEF-Commander-Promo-13x12.jpg 13w\" sizes=\"(max-width: 600px) 100vw, 600px\" \/><\/a><\/figure><\/div>\n\n\n\n<p><a href=\"https:\/\/www.standardof.net\/wp-content\/uploads\/2011\/10\/SupremeCommander-2011-10-15-05-27-16-21.png\" class=\"rank-math-link\" target=\"_blank\" rel=\"noopener\"><\/a>Les unit\u00e9s uniques de l&#039;UEF sont les 3 exp\u00e9rimentaux et le T3 Air Heavy Gunship. Les armements standard de l&#039;UEF sont des obus et des canons traditionnels. Ils ont tendance \u00e0 avoir plus d&#039;armure et moins de vitesse que les unit\u00e9s \u00e9quivalentes des autres factions. L&#039;UEF peut utiliser un bon m\u00e9lange d&#039;unit\u00e9s terrestres pour combattre d\u00e8s le d\u00e9but les essaims d&#039;unit\u00e9s uniques d&#039;autres races, puis \u00e9tablir un avantage avec ses bots de si\u00e8ge T3 et son Heavy Gunship. Ils n&#039;ont pas de porte-avions T3 car leur unit\u00e9 maritime T4 est de toute fa\u00e7on un porte-avions. L&#039;ACU UEF a une vari\u00e9t\u00e9 d&#039;am\u00e9liorations d\u00e9fensives, des boucliers aux missiles en passant par la capacit\u00e9 de r\u00e9g\u00e9n\u00e9ration am\u00e9lior\u00e9e.<\/p>\n\n\n\n<section class=\"wp-block-uagb-columns uagb-columns__wrap uagb-columns__background-undefined uagb-columns__stack-mobile uagb-columns__valign-undefined uagb-columns__gap-10 alignundefined uagb-block-65130051\"><div class=\"uagb-columns__overlay\"><\/div><div class=\"uagb-columns__inner-wrap uagb-columns__columns-1\">\n<div class=\"wp-block-uagb-column uagb-column__wrap uagb-column__background-undefined uagb-block-54269797\"><div class=\"uagb-column__overlay\"><\/div><div class=\"uagb-column__inner-wrap\">\n<h3 class=\"wp-block-heading\">Commandants UEF<\/h3>\n\n\n\n<ul><li><a href=\"https:\/\/supcom.standardof.net\/fr\/supreme-commander\/uef\/commandant-de-luef\/\" class=\"rank-math-link\">Commandant (ACU)<\/a><\/li><li><a href=\"https:\/\/supcom.standardof.net\/fr\/supreme-commander\/uef\/uef-sous-commandant\/\" class=\"rank-math-link\">Sous-commandant (SCU)<\/a><\/li><\/ul>\n<\/div><\/div>\n<\/div><\/section>\n\n\n\n<section class=\"wp-block-uagb-columns uagb-columns__wrap uagb-columns__background-undefined uagb-columns__stack-mobile uagb-columns__valign-undefined uagb-columns__gap-10 alignundefined uagb-block-e1b80797\"><div class=\"uagb-columns__overlay\"><\/div><div class=\"uagb-columns__inner-wrap uagb-columns__columns-1\">\n<div class=\"wp-block-uagb-column uagb-column__wrap uagb-column__background-undefined uagb-block-6334f213\"><div class=\"uagb-column__overlay\"><\/div><div class=\"uagb-column__inner-wrap\">\n<h3 class=\"wp-block-heading\">Unit\u00e9s terrestres<\/h3>\n<\/div><\/div>\n<\/div><\/section>\n\n\n\n<section class=\"wp-block-uagb-columns uagb-columns__wrap uagb-columns__background-undefined uagb-columns__stack-mobile uagb-columns__valign-undefined uagb-columns__gap-10 alignundefined uagb-block-a943ea14\"><div class=\"uagb-columns__overlay\"><\/div><div class=\"uagb-columns__inner-wrap uagb-columns__columns-3\">\n<div class=\"wp-block-uagb-column uagb-column__wrap uagb-column__background-undefined uagb-block-6e264444\"><div class=\"uagb-column__overlay\"><\/div><div class=\"uagb-column__inner-wrap\">\n<h4 class=\"wp-block-heading\"><a href=\"https:\/\/supcom.standardof.net\/fr\/supreme-commander\/uef\/tech-1-uef-land-units\/\" class=\"rank-math-link\">Terrain de niveau 1<\/a><\/h4>\n\n\n\n<ul><li><a href=\"https:\/\/supcom.standardof.net\/fr\/supreme-commander\/uef\/tech-1-uef-land-units\/#engineer-t1-constructor\" class=\"rank-math-link\">ING\u00c9NIEUR<\/a> <br><sup>CONSTRUCTEUR T1<\/sup><\/li><li><a href=\"https:\/\/supcom.standardof.net\/fr\/supreme-commander\/uef\/tech-1-uef-land-units\/#ma12-striker-medium-tank\" class=\"rank-math-link\">MA12 STRIKER<\/a> <br><sup>R\u00c9SERVOIR MOYEN<\/sup><\/li><li><a href=\"https:\/\/supcom.standardof.net\/fr\/supreme-commander\/uef\/tech-1-uef-land-units\/#lobo-mobile-light-artillery\" class=\"rank-math-link\">LOBO<\/a><br><sup>ARTILLERIE LUMINEUSE MOBILE<\/sup><\/li><li><a href=\"https:\/\/supcom.standardof.net\/fr\/supreme-commander\/uef\/tech-1-uef-land-units\/#archer-mobile-anti-air-gun\" class=\"rank-math-link\">ARCHER<\/a><br><sup>PISTOLET ANTI-AIR MOBILE<\/sup><\/li><\/ul>\n<\/div><\/div>\n\n\n\n<div class=\"wp-block-uagb-column uagb-column__wrap uagb-column__background-undefined uagb-block-c303681c\"><div class=\"uagb-column__overlay\"><\/div><div class=\"uagb-column__inner-wrap\">\n<h4 class=\"wp-block-heading\"><a href=\"https:\/\/supcom.standardof.net\/fr\/supreme-commander\/uef\/tech-2-uef-unites-terrestres\/\" class=\"rank-math-link\">Terrain de niveau 2<\/a><\/h4>\n\n\n\n<ul><li><a href=\"https:\/\/supcom.standardof.net\/fr\/supreme-commander\/uef\/tech-2-uef-unites-terrestres\/#t2-uef-engineer\" class=\"rank-math-link\">ING\u00c9NIEUR T2<\/a><br><sup>CONSTRUCTEUR T2<\/sup><\/li><li><a href=\"https:\/\/supcom.standardof.net\/fr\/supreme-commander\/uef\/tech-2-uef-unites-terrestres\/#pillar-heavy-tank\" class=\"rank-math-link\">PILIER<\/a><br><sup>R\u00c9SERVOIR LOURD<\/sup><\/li><li><a href=\"https:\/\/supcom.standardof.net\/fr\/supreme-commander\/uef\/tech-2-uef-unites-terrestres\/#sky-boxer-mobile-aa-flak-artillery\" class=\"rank-math-link\">SKY BOXER<\/a> <br><sup>ARTILLERIE MOBILE AA FLAK<\/sup><\/li><li><a href=\"https:\/\/supcom.standardof.net\/fr\/supreme-commander\/uef\/tech-2-uef-unites-terrestres\/#flapjack-mobile-missile-launcher\" class=\"rank-math-link\">FLAPJACK<\/a><br><sup>LANCEUR MOBILE MISSILE<\/sup><\/li><li><a href=\"https:\/\/supcom.standardof.net\/fr\/supreme-commander\/uef\/tech-2-uef-unites-terrestres\/#riptide-amphibious-tank\" class=\"rank-math-link\">CONTRE-COURANT<\/a> <br><sup>R\u00c9SERVOIR AMPHIBIE<\/sup><\/li><li><a href=\"https:\/\/supcom.standardof.net\/fr\/supreme-commander\/uef\/tech-2-uef-unites-terrestres\/#parashield-mobile-shield-generator\" class=\"rank-math-link\">PARASHIELD<\/a><br><sup>G\u00c9N\u00c9RATEUR MOBILE SHIELD<\/sup><\/li><\/ul>\n<\/div><\/div>\n\n\n\n<div class=\"wp-block-uagb-column uagb-column__wrap uagb-column__background-undefined uagb-block-8c972844\"><div class=\"uagb-column__overlay\"><\/div><div class=\"uagb-column__inner-wrap\">\n<h4 class=\"wp-block-heading\"><a href=\"https:\/\/supcom.standardof.net\/fr\/supreme-commander\/uef\/tech-2-uef-unites-terrestres\/\" class=\"rank-math-link\">Terrain de niveau 3<\/a><\/h4>\n\n\n\n<ul><li><a href=\"https:\/\/supcom.standardof.net\/fr\/supreme-commander\/uef\/tech-3-uef-unites-terrestres\/#t3-uef-engineer\" class=\"rank-math-link\">ING\u00c9NIEUR T3<\/a><br><sup>CONSTRUCTEUR T3<\/sup><\/li><li><a href=\"https:\/\/supcom.standardof.net\/fr\/supreme-commander\/uef\/tech-3-uef-unites-terrestres\/#titan-siege-assault-bot\" class=\"rank-math-link\">TITAN<\/a> <br><sup>BOT D&#039;ASSAUT DE SI\u00c8GE<\/sup><\/li><li><a href=\"https:\/\/supcom.standardof.net\/fr\/supreme-commander\/uef\/tech-3-uef-unites-terrestres\/#demolisher-mobile-heavy-artillery\" class=\"rank-math-link\">DEMOLISEUR<\/a><br><sup>ARTILLERIE LOURDE MOBILE<\/sup><\/li><\/ul>\n<\/div><\/div>\n<\/div><\/section>\n\n\n\n<section class=\"wp-block-uagb-columns uagb-columns__wrap uagb-columns__background-undefined uagb-columns__stack-mobile uagb-columns__valign-undefined uagb-columns__gap-10 alignundefined uagb-block-5b2438e4\"><div class=\"uagb-columns__overlay\"><\/div><div class=\"uagb-columns__inner-wrap uagb-columns__columns-1\">\n<div class=\"wp-block-uagb-column uagb-column__wrap uagb-column__background-undefined uagb-block-66fec082\"><div class=\"uagb-column__overlay\"><\/div><div class=\"uagb-column__inner-wrap\">\n<h3 class=\"wp-block-heading\" id=\"Air-Units\">Unit\u00e9s a\u00e9riennes<\/h3>\n<\/div><\/div>\n<\/div><\/section>\n\n\n\n<section class=\"wp-block-uagb-columns uagb-columns__wrap uagb-columns__background-undefined uagb-columns__stack-mobile uagb-columns__valign-undefined uagb-columns__gap-10 alignundefined uagb-block-f8a53e60\"><div class=\"uagb-columns__overlay\"><\/div><div class=\"uagb-columns__inner-wrap uagb-columns__columns-3\">\n<div class=\"wp-block-uagb-column uagb-column__wrap uagb-column__background-undefined uagb-block-1a25d205\"><div class=\"uagb-column__overlay\"><\/div><div class=\"uagb-column__inner-wrap\">\n<h4 class=\"wp-block-heading\"><a href=\"https:\/\/supcom.standardof.net\/fr\/supreme-commander\/uef\/tech-1-uef-air-unites\/\">Air de niveau 1<\/a><\/h4>\n\n\n\n<ul><li><a href=\"https:\/\/supcom.standardof.net\/fr\/supreme-commander\/uef\/tech-1-uef-air-unites\/#hummingbird-air-scout\" class=\"rank-math-link\">COLIBRI <\/a><br><sup>AIR SCOUT<\/sup><\/li><li><a href=\"https:\/\/supcom.standardof.net\/fr\/supreme-commander\/uef\/tech-1-uef-air-unites\/#cyclone-interceptor\" class=\"rank-math-link\">CYCLONE<\/a> <br><sup>INTERCEPTEUR<\/sup><\/li><li><a href=\"https:\/\/supcom.standardof.net\/fr\/supreme-commander\/uef\/tech-1-uef-air-unites\/#scorcher-attack-bomber\" class=\"rank-math-link\">JOURN\u00c9E TORRIDE<\/a><br><sup>BOMBER D&#039;ATTAQUE<\/sup><\/li><li><a href=\"https:\/\/supcom.standardof.net\/fr\/supreme-commander\/uef\/tech-1-uef-air-unites\/#c-6-courier-light-air-transport\" class=\"rank-math-link\">COURRIER C-6<\/a><br><sup>TRANSPORT A\u00c9RIEN L\u00c9GER<a href=\"https:\/\/supcom.standardof.net\/fr\/supreme-commander\/uef\/tech-1-uef-air-unites\/#c-6-courier-light-air-transport\" class=\"rank-math-link\">T<\/a><\/sup><\/li><\/ul>\n<\/div><\/div>\n\n\n\n<div class=\"wp-block-uagb-column uagb-column__wrap uagb-column__background-undefined uagb-block-0217f676\"><div class=\"uagb-column__overlay\"><\/div><div class=\"uagb-column__inner-wrap\">\n<h4 class=\"wp-block-heading\"><a href=\"https:\/\/supcom.standardof.net\/fr\/supreme-commander\/uef\/unites-air-tech-2-uef\/\">Air de niveau 2<\/a><\/h4>\n\n\n\n<ul><li><a href=\"https:\/\/supcom.standardof.net\/fr\/supreme-commander\/uef\/unites-air-tech-2-uef\/#janus-bomber\" class=\"rank-math-link\">JANUS<\/a> <br><sup>BOMBARDIER<\/sup><\/li><li><a href=\"https:\/\/supcom.standardof.net\/fr\/supreme-commander\/uef\/unites-air-tech-2-uef\/#stork-torpedo-bomber\" class=\"rank-math-link\">CIGOGNE<\/a> <br><sup>BOMBER TORPEDO<\/sup><\/li><li><a href=\"https:\/\/supcom.standardof.net\/fr\/supreme-commander\/uef\/unites-air-tech-2-uef\/#stinger-gunship\" class=\"rank-math-link\">STINGER<\/a> <br><sup>ARMES \u00c0 FEU<\/sup><\/li><li><a href=\"https:\/\/supcom.standardof.net\/fr\/supreme-commander\/uef\/unites-air-tech-2-uef\/#c14-star-lifter-air-transport\" class=\"rank-math-link\">C14 STAR LIFTER<\/a><br><sup>TRANSPORT A\u00c9RIEN<\/sup><\/li><\/ul>\n<\/div><\/div>\n\n\n\n<div class=\"wp-block-uagb-column uagb-column__wrap uagb-column__background-undefined uagb-block-519a1644\"><div class=\"uagb-column__overlay\"><\/div><div class=\"uagb-column__inner-wrap\">\n<h4 class=\"wp-block-heading\"><a href=\"https:\/\/supcom.standardof.net\/fr\/supreme-commander\/uef\/unites-air-tech-3-uef\/\">Air de niveau 3<\/a><\/h4>\n\n\n\n<ul><li><a href=\"https:\/\/supcom.standardof.net\/fr\/supreme-commander\/uef\/unites-air-tech-3-uef\/#sr90-blackbird-spy-plane\" class=\"rank-math-link\">SR90 BLACKBIRD<\/a> <br><sup>AVION ESPION<\/sup><\/li><li><a href=\"https:\/\/supcom.standardof.net\/fr\/supreme-commander\/uef\/unites-air-tech-3-uef\/#wasp-air-superiority-fighter\" class=\"rank-math-link\">GU\u00caPE<\/a><br><sup>COMBATTANT DE LA SUPERIORIT\u00c9 A\u00c9RIENNE<\/sup><\/li><li><a href=\"https:\/\/supcom.standardof.net\/fr\/supreme-commander\/uef\/unites-air-tech-3-uef\/#ambassador-strategic-bomber\" class=\"rank-math-link\">AMBASSADEUR<\/a> <br><sup>BOMBER STRAT\u00c9GIQUE<\/sup><\/li><li><a href=\"https:\/\/supcom.standardof.net\/fr\/supreme-commander\/uef\/unites-air-tech-3-uef\/#broadsword-heavy-gunship\" class=\"rank-math-link\">GLAIVE<\/a> <br><sup>ARMES LOURDES<\/sup><\/li><\/ul>\n<\/div><\/div>\n<\/div><\/section>\n\n\n\n<section class=\"wp-block-uagb-columns uagb-columns__wrap uagb-columns__background-undefined uagb-columns__stack-mobile uagb-columns__valign-undefined uagb-columns__gap-10 alignundefined uagb-block-eabbe2df\"><div class=\"uagb-columns__overlay\"><\/div><div class=\"uagb-columns__inner-wrap uagb-columns__columns-1\">\n<div class=\"wp-block-uagb-column uagb-column__wrap uagb-column__background-undefined uagb-block-4e728aeb\"><div class=\"uagb-column__overlay\"><\/div><div class=\"uagb-column__inner-wrap\">\n<h3 class=\"wp-block-heading\" id=\"Air-Units\">Unit\u00e9s navales<\/h3>\n<\/div><\/div>\n<\/div><\/section>\n\n\n\n<section class=\"wp-block-uagb-columns uagb-columns__wrap uagb-columns__background-undefined uagb-columns__stack-mobile uagb-columns__valign-undefined uagb-columns__gap-10 alignundefined uagb-block-3f7c6314\"><div class=\"uagb-columns__overlay\"><\/div><div class=\"uagb-columns__inner-wrap uagb-columns__columns-3\">\n<div class=\"wp-block-uagb-column uagb-column__wrap uagb-column__background-undefined uagb-block-a13f7fd6\"><div class=\"uagb-column__overlay\"><\/div><div class=\"uagb-column__inner-wrap\">\n<h4 class=\"wp-block-heading\"><a href=\"https:\/\/supcom.standardof.net\/fr\/supreme-commander\/uef\/tech-1-uef-unites-navales\/\">Naval de rang 1<\/a><\/h4>\n\n\n\n<ul><li><a href=\"https:\/\/supcom.standardof.net\/fr\/supreme-commander\/uef\/tech-1-uef-unites-navales\/#tigershark-attack-submarine\" class=\"rank-math-link\">REQUIN TIGRE <\/a><br><sup>SOUS-MARIN D&#039;ATTAQUE<\/sup><\/li><li><a href=\"https:\/\/supcom.standardof.net\/fr\/supreme-commander\/uef\/tech-1-uef-unites-navales\/#thunderhead-class-frigate\" class=\"rank-math-link\">THUNDERHEAD<\/a><br><sup>FR\u00c9GATE<\/sup> <sup>CLASSE<\/sup><\/li><\/ul>\n<\/div><\/div>\n\n\n\n<div class=\"wp-block-uagb-column uagb-column__wrap uagb-column__background-undefined uagb-block-968c6699\"><div class=\"uagb-column__overlay\"><\/div><div class=\"uagb-column__inner-wrap\">\n<h4 class=\"wp-block-heading\"><a href=\"https:\/\/supcom.standardof.net\/fr\/supreme-commander\/uef\/tech-2-uef-unites-navales\/\">Naval de rang 2<\/a><\/h4>\n\n\n\n<ul><li><a href=\"https:\/\/supcom.standardof.net\/fr\/supreme-commander\/uef\/tech-2-uef-unites-navales\/#governor-class-cruiser\" class=\"rank-math-link\">GOUVERNEUR <\/a><br><sup>CLASSE CRUISER<\/sup><\/li><li><a href=\"https:\/\/supcom.standardof.net\/fr\/supreme-commander\/uef\/tech-2-uef-unites-navales\/#valiant-class-destroyer\" class=\"rank-math-link\">VAILLANT <\/a><br><sup>CLASSE DESTROYER<\/sup><\/li><\/ul>\n<\/div><\/div>\n\n\n\n<div class=\"wp-block-uagb-column uagb-column__wrap uagb-column__background-undefined uagb-block-61cc8635\"><div class=\"uagb-column__overlay\"><\/div><div class=\"uagb-column__inner-wrap\">\n<h4 class=\"wp-block-heading\"><a href=\"https:\/\/supcom.standardof.net\/fr\/supreme-commander\/uef\/tech-3-unites-navales-uef\/\" class=\"rank-math-link\">Naval de rang 3<\/a><\/h4>\n\n\n\n<ul><li><a href=\"https:\/\/supcom.standardof.net\/fr\/supreme-commander\/uef\/tech-3-unites-navales-uef\/#summit-class-battleship\" class=\"rank-math-link\">SOMMET <\/a><br><sup>CLASSE DE BATAILLE<\/sup><\/li><li><a href=\"https:\/\/supcom.standardof.net\/fr\/supreme-commander\/uef\/tech-3-unites-navales-uef\/#ace-strategic-missile-submarine\" class=\"rank-math-link\">AS <\/a><br><sup>SOUS-MARIN MISSILE STRAT\u00c9GIQUE<\/sup><\/li><\/ul>\n<\/div><\/div>\n<\/div><\/section>\n\n\n\n<section class=\"wp-block-uagb-columns uagb-columns__wrap uagb-columns__background-undefined uagb-columns__stack-mobile uagb-columns__valign-undefined uagb-columns__gap-10 alignundefined uagb-block-e662c212\"><div class=\"uagb-columns__overlay\"><\/div><div class=\"uagb-columns__inner-wrap uagb-columns__columns-2\">\n<div class=\"wp-block-uagb-column uagb-column__wrap uagb-column__background-undefined uagb-block-c826c08a\"><div class=\"uagb-column__overlay\"><\/div><div class=\"uagb-column__inner-wrap\">\n<h3 class=\"wp-block-heading\" id=\"Defenses\">D\u00e9fenses<\/h3>\n\n\n\n<ul><li><a href=\"https:\/\/supcom.standardof.net\/fr\/supreme-commander\/uef\/tech-1-uef-defenses\/\" class=\"rank-math-link\">D\u00e9fenses de niveau 1<\/a><\/li><li><a href=\"https:\/\/supcom.standardof.net\/fr\/supreme-commander\/uef\/tech-2-uef-defense\/\" class=\"rank-math-link\">D\u00e9fenses de niveau 2<\/a><\/li><li><a href=\"https:\/\/supcom.standardof.net\/fr\/supreme-commander\/uef\/tech-3-uef-defenses\/\" class=\"rank-math-link\">D\u00e9fenses de niveau 3<\/a><\/li><\/ul>\n<\/div><\/div>\n\n\n\n<div class=\"wp-block-uagb-column uagb-column__wrap uagb-column__background-undefined uagb-block-796c4d70\"><div class=\"uagb-column__overlay\"><\/div><div class=\"uagb-column__inner-wrap\">\n<h3 class=\"wp-block-heading\" id=\"Economy\">\u00c9conomie<\/h3>\n\n\n\n<ul><li><a href=\"https:\/\/supcom.standardof.net\/fr\/supreme-commander\/uef\/batiments-economie-tech-1-uef\/\" class=\"rank-math-link\">\u00c9conomie de niveau 1<\/a><\/li><li><a href=\"https:\/\/supcom.standardof.net\/fr\/supreme-commander\/uef\/batiments-economiques-tech-2-uef\/\" class=\"rank-math-link\">\u00c9conomie de niveau 2<\/a><\/li><li><a href=\"https:\/\/supcom.standardof.net\/fr\/supreme-commander\/uef\/batiments-economiques-tech-3-uef\/\" class=\"rank-math-link\">\u00c9conomie de niveau 3<\/a><\/li><\/ul>\n<\/div><\/div>\n<\/div><\/section>\n\n\n\n<section class=\"wp-block-uagb-columns uagb-columns__wrap uagb-columns__background-undefined uagb-columns__stack-mobile uagb-columns__valign-undefined uagb-columns__gap-10 alignundefined uagb-block-4757a3b7\"><div class=\"uagb-columns__overlay\"><\/div><div class=\"uagb-columns__inner-wrap uagb-columns__columns-1\">\n<div class=\"wp-block-uagb-column uagb-column__wrap uagb-column__background-undefined uagb-block-44688738\"><div class=\"uagb-column__overlay\"><\/div><div class=\"uagb-column__inner-wrap\">\n<h3 class=\"wp-block-heading\"><a href=\"https:\/\/supcom.standardof.net\/fr\/supreme-commander\/uef\/unites-experimentales-uef\/\" class=\"rank-math-link\">Unit\u00e9s exp\u00e9rimentales<\/a><\/h3>\n<\/div><\/div>\n<\/div><\/section>","protected":false},"excerpt":{"rendered":"<p>UEF UNITS The UEF&#8217;s unique units are the 3 experimentals and the T3 air Heavy Gunship. UEF standard armaments are traditional shells and guns. They tend to have more armor and less speed than other factions&#8217; equivalent units. UEF can use a good mix of land units to combat other races&#8217; single unit swarms early [&hellip;]<\/p>","protected":false},"author":1,"featured_media":0,"parent":14,"menu_order":0,"comment_status":"closed","ping_status":"closed","template":"","meta":{"_uag_custom_page_level_css":"","site-sidebar-layout":"default","site-content-layout":"default","ast-site-content-layout":"","site-content-style":"default","site-sidebar-style":"default","ast-global-header-display":"","ast-banner-title-visibility":"","ast-main-header-display":"","ast-hfb-above-header-display":"","ast-hfb-below-header-display":"","ast-hfb-mobile-header-display":"","site-post-title":"","ast-breadcrumbs-content":"","ast-featured-img":"","footer-sml-layout":"","theme-transparent-header-meta":"default","adv-header-id-meta":"","stick-header-meta":"","header-above-stick-meta":"","header-main-stick-meta":"","header-below-stick-meta":"","astra-migrate-meta-layouts":"default","ast-page-background-enabled":"default","ast-page-background-meta":{"desktop":{"background-color":"","background-image":"","background-repeat":"repeat","background-position":"center center","background-size":"auto","background-attachment":"scroll","background-type":"","background-media":"","overlay-type":"","overlay-color":"","overlay-gradient":""},"tablet":{"background-color":"","background-image":"","background-repeat":"repeat","background-position":"center center","background-size":"auto","background-attachment":"scroll","background-type":"","background-media":"","overlay-type":"","overlay-color":"","overlay-gradient":""},"mobile":{"background-color":"","background-image":"","background-repeat":"repeat","background-position":"center center","background-size":"auto","background-attachment":"scroll","background-type":"","background-media":"","overlay-type":"","overlay-color":"","overlay-gradient":""}},"ast-content-background-meta":{"desktop":{"background-color":"var(--ast-global-color-5)","background-image":"","background-repeat":"repeat","background-position":"center center","background-size":"auto","background-attachment":"scroll","background-type":"","background-media":"","overlay-type":"","overlay-color":"","overlay-gradient":""},"tablet":{"background-color":"var(--ast-global-color-5)","background-image":"","background-repeat":"repeat","background-position":"center center","background-size":"auto","background-attachment":"scroll","background-type":"","background-media":"","overlay-type":"","overlay-color":"","overlay-gradient":""},"mobile":{"background-color":"var(--ast-global-color-5)","background-image":"","background-repeat":"repeat","background-position":"center center","background-size":"auto","background-attachment":"scroll","background-type":"","background-media":"","overlay-type":"","overlay-color":"","overlay-gradient":""}},"footnotes":""},"uagb_featured_image_src":{"full":false,"thumbnail":false,"medium":false,"medium_large":false,"large":false,"1536x1536":false,"2048x2048":false,"trp-custom-language-flag":false},"uagb_author_info":{"display_name":"SOE","author_link":"https:\/\/supcom.standardof.net\/fr\/author\/k-tastic\/"},"uagb_comment_info":0,"uagb_excerpt":"UEF UNITS The UEF&#8217;s unique units are the 3 experimentals and the T3 air Heavy Gunship. UEF standard armaments are traditional shells and guns. They tend to have more armor and less speed than other factions&#8217; equivalent units. UEF can use a good mix of land units to combat other races&#8217; single unit swarms early&hellip;","_links":{"self":[{"href":"https:\/\/supcom.standardof.net\/fr\/wp-json\/wp\/v2\/pages\/231"}],"collection":[{"href":"https:\/\/supcom.standardof.net\/fr\/wp-json\/wp\/v2\/pages"}],"about":[{"href":"https:\/\/supcom.standardof.net\/fr\/wp-json\/wp\/v2\/types\/page"}],"author":[{"embeddable":true,"href":"https:\/\/supcom.standardof.net\/fr\/wp-json\/wp\/v2\/users\/1"}],"replies":[{"embeddable":true,"href":"https:\/\/supcom.standardof.net\/fr\/wp-json\/wp\/v2\/comments?post=231"}],"version-history":[{"count":0,"href":"https:\/\/supcom.standardof.net\/fr\/wp-json\/wp\/v2\/pages\/231\/revisions"}],"up":[{"embeddable":true,"href":"https:\/\/supcom.standardof.net\/fr\/wp-json\/wp\/v2\/pages\/14"}],"wp:attachment":[{"href":"https:\/\/supcom.standardof.net\/fr\/wp-json\/wp\/v2\/media?parent=231"}],"curies":[{"name":"wp","href":"https:\/\/api.w.org\/{rel}","templated":true}]}}