{"id":340,"date":"2020-11-01T11:47:46","date_gmt":"2020-11-01T16:47:46","guid":{"rendered":"https:\/\/supcom.standardof.net\/?page_id=340"},"modified":"2020-11-03T23:05:42","modified_gmt":"2020-11-04T04:05:42","slug":"tech-3-uef-land-units","status":"publish","type":"page","link":"https:\/\/supcom.standardof.net\/fr\/supreme-commander\/uef\/tech-3-uef-unites-terrestres\/","title":{"rendered":"Tech 3 - Unit\u00e9s terrestres de l&#039;UEF"},"content":{"rendered":"<div class=\"wp-block-uagb-table-of-contents uagb-toc__align-left uagb-toc__columns-1  uagb-block-d7273619\"\n\t\t\t\t\tdata-scroll= \"1\"\n\t\t\t\t\tdata-offset= \"30\"\n\t\t\t\t\tstyle=\"\"\n\t\t\t\t>\n\t\t\t\t<div class=\"uagb-toc__wrap\">\n\t\t\t\t\t\t<div class=\"uagb-toc__title\">\n\t\t\t\t\t\t\tUnit\u00e9s terrestres UEF Tech 3:\t\t\t\t\t\t<\/div>\n\t\t\t\t\t\t\t\t\t\t\t\t\t\t\t\t<div class=\"uagb-toc__list-wrap\">\n\t\t\t\t\t\t<ol class=\"uagb-toc__list\"><li class=\"uagb-toc__list\"><a href=\"#t3-uef-engineer\" class=\"uagb-toc-link__trigger\">ING\u00c9NIEUR T3 UEF<\/a><li class=\"uagb-toc__list\"><a href=\"#titan-siege-assault-bot\" class=\"uagb-toc-link__trigger\">TITAN - BOT D&#039;ASSAUT DE SI\u00c8GE<\/a><li class=\"uagb-toc__list\"><a href=\"#demolisher-mobile-heavy-artillery\" class=\"uagb-toc-link__trigger\">DEMOLISHER - ARTILLERIE LOURDE MOBILE<\/a><\/ol>\t\t\t\t\t<\/div>\n\t\t\t\t\t\t\t\t\t<\/div>\n\t\t\t\t<\/div>\n\t\t\t\n\n\n<section class=\"wp-block-uagb-columns uagb-columns__wrap uagb-columns__background-undefined uagb-columns__stack-mobile uagb-columns__valign-undefined uagb-columns__gap-10 alignundefined uagb-block-de4cfbd8\"><div class=\"uagb-columns__overlay\"><\/div><div class=\"uagb-columns__inner-wrap uagb-columns__columns-1\">\n<div class=\"wp-block-uagb-column uagb-column__wrap uagb-column__background-undefined uagb-block-e9dab9d8\"><div class=\"uagb-column__overlay\"><\/div><div class=\"uagb-column__inner-wrap\">\n<h2 class=\"wp-block-heading\">ING\u00c9NIEUR T3 UEF<\/h2>\n\n\n\n<p><a href=\"https:\/\/www.standardof.net\/wp-content\/uploads\/2011\/10\/SupremeCommander-2011-10-15-08-58-38-95.png\" class=\"rank-math-link\" target=\"_blank\" rel=\"noopener\"><\/a>L&#039;ing\u00e9nieur T3 se pr\u00e9sente beaucoup plus fr\u00e9quemment que les autres ing\u00e9nieurs; on devrait toujours \u00eatre la premi\u00e8re chose \u00e0 sortir de votre usine. Ils peuvent relancer votre \u00e9conomie, aider les usines \u00e0 un rythme utile et vous mettre dans la phase finale. Il n&#039;est jamais mauvais d&#039;avoir trop d&#039;ing\u00e9nieurs. De plus, s&#039;ils sont envoy\u00e9s pour construire des d\u00e9fenses ou r\u00e9parer une cible cruciale, ils dureront beaucoup plus longtemps sous le feu ennemi. Malheureusement, ces gars sont tr\u00e8s lents - deux fois moins rapides que les unit\u00e9s de soutien T2.<\/p>\n\n\n\n<div class=\"wp-block-image\"><figure class=\"aligncenter size-large\"><a href=\"https:\/\/supcom.standardof.net\/fr\/supreme-commander\/uef\/tech-3-uef-unites-terrestres\/supreme-commander-uef-land-units-t3-t3-land-engineer\/\"><img decoding=\"async\" width=\"357\" height=\"276\" src=\"https:\/\/supcom.standardof.net\/wp-content\/uploads\/sites\/8\/2020\/11\/Supreme-Commander-UEF-Land-Units-T3-T3-Land-Engineer.jpg\" alt=\"L&#039;ing\u00e9nieur T3, unit\u00e9 UEF Tech 3 dans Supreme Commander.\" class=\"wp-image-344\" srcset=\"https:\/\/supcom.standardof.net\/wp-content\/uploads\/sites\/8\/2020\/11\/Supreme-Commander-UEF-Land-Units-T3-T3-Land-Engineer.jpg 357w, https:\/\/supcom.standardof.net\/wp-content\/uploads\/sites\/8\/2020\/11\/Supreme-Commander-UEF-Land-Units-T3-T3-Land-Engineer-200x155.jpg 200w, https:\/\/supcom.standardof.net\/wp-content\/uploads\/sites\/8\/2020\/11\/Supreme-Commander-UEF-Land-Units-T3-T3-Land-Engineer-16x12.jpg 16w\" sizes=\"(max-width: 357px) 100vw, 357px\" \/><\/a><figcaption>ING\u00c9NIEUR T3<\/figcaption><\/figure><\/div>\n\n\n\n<section class=\"wp-block-uagb-columns uagb-columns__wrap uagb-columns__background-undefined uagb-columns__stack-mobile uagb-columns__valign-undefined uagb-columns__gap-10 alignundefined uagb-block-c264e380\"><div class=\"uagb-columns__overlay\"><\/div><div class=\"uagb-columns__inner-wrap uagb-columns__columns-1\">\n<div class=\"wp-block-uagb-column uagb-column__wrap uagb-column__background-undefined uagb-block-bafeb27f\"><div class=\"uagb-column__overlay\"><\/div><div class=\"uagb-column__inner-wrap\">\n<h3 class=\"wp-block-heading\"><strong>Statistiques de l&#039;ing\u00e9nieur T3 UEF<\/strong><\/h3>\n\n\n\n<p><strong>Armure:<\/strong> 1 500 chevaux<\/p>\n\n\n\n<p><strong>Capacit\u00e9s:<\/strong> Suite d&#039;ing\u00e9nierie, amphibie<\/p>\n\n\n\n<p><strong>Co\u00fbt:<\/strong> M490 (stockage: 20), E3150 (stockage: 200), T1050<br>taux de construction: 15<\/p>\n\n\n\n<p><strong>Intel:<\/strong> vue: 26 (508m)<\/p>\n\n\n\n<p><strong>La physique:<\/strong><br>vitesse maximale: 1,4 (27,3 m \/ s)<br>taux de virage: 70<\/p>\n\n\n\n<p><strong>Classe de transport:<\/strong> 3<br><em>* v\u00e9t\u00e9ran niveau 2: +375 pv<br>* v\u00e9t\u00e9ran niveau 4: +375 pv<br>* v\u00e9t\u00e9ran niveau 5: r\u00e9parer 2 hp \/ s<\/em><\/p>\n<\/div><\/div>\n<\/div><\/section>\n<\/div><\/div>\n<\/div><\/section>\n\n\n\n<section class=\"wp-block-uagb-columns uagb-columns__wrap uagb-columns__background-undefined uagb-columns__stack-mobile uagb-columns__valign-undefined uagb-columns__gap-10 alignundefined uagb-block-848aff33\"><div class=\"uagb-columns__overlay\"><\/div><div class=\"uagb-columns__inner-wrap uagb-columns__columns-1\">\n<div class=\"wp-block-uagb-column uagb-column__wrap uagb-column__background-undefined uagb-block-375821ab\"><div class=\"uagb-column__overlay\"><\/div><div class=\"uagb-column__inner-wrap\">\n<h2 class=\"wp-block-heading\">TITAN - BOT D&#039;ASSAUT DE SI\u00c8GE<\/h2>\n\n\n\n<p><a href=\"https:\/\/www.standardof.net\/wp-content\/uploads\/2011\/10\/Heavy-Assault-Bot-Titan.png\" class=\"rank-math-link\" target=\"_blank\" rel=\"noopener\"><\/a>Le canon du Titan n&#039;est en fait pas tr\u00e8s puissant; sa principale force r\u00e9side dans son bouclier, qui lui permet de survivre \u00e0 des conflits d\u00e9s\u00e9quilibr\u00e9s sans perdre la moindre sant\u00e9. Les robots de si\u00e8ge sont des commandants tueurs, dit le tutoriel, et c&#039;est vrai - tant que vous pouvez les faire passer leurs d\u00e9fenses et leurs propres forces terrestres. Ils ne gagnent pas automatiquement les guerres \u00e0 votre place, mais vous pouvez vous sentir en s\u00e9curit\u00e9 en les construisant en grande quantit\u00e9, quelle que soit votre mission.<\/p>\n\n\n\n<div class=\"wp-block-image\"><figure class=\"aligncenter size-large\"><a href=\"https:\/\/supcom.standardof.net\/fr\/supreme-commander\/uef\/tech-3-uef-unites-terrestres\/supreme-commander-uef-land-units-t3-heavy-assault-bot-titan\/\"><img decoding=\"async\" width=\"400\" height=\"329\" src=\"https:\/\/supcom.standardof.net\/wp-content\/uploads\/sites\/8\/2020\/11\/Supreme-Commander-UEF-Land-Units-T3-Heavy-Assault-Bot-Titan.jpg\" alt=\"Le robot d&#039;assaut Titan Siege, unit\u00e9 UEF Tech 3 dans Supreme Commander.\" class=\"wp-image-342\" srcset=\"https:\/\/supcom.standardof.net\/wp-content\/uploads\/sites\/8\/2020\/11\/Supreme-Commander-UEF-Land-Units-T3-Heavy-Assault-Bot-Titan.jpg 400w, https:\/\/supcom.standardof.net\/wp-content\/uploads\/sites\/8\/2020\/11\/Supreme-Commander-UEF-Land-Units-T3-Heavy-Assault-Bot-Titan-200x165.jpg 200w, https:\/\/supcom.standardof.net\/wp-content\/uploads\/sites\/8\/2020\/11\/Supreme-Commander-UEF-Land-Units-T3-Heavy-Assault-Bot-Titan-16x12.jpg 16w\" sizes=\"(max-width: 400px) 100vw, 400px\" \/><\/a><figcaption>TITAN - BOT D&#039;ASSAUT DE SI\u00c8GE<\/figcaption><\/figure><\/div>\n\n\n\n<section class=\"wp-block-uagb-columns uagb-columns__wrap uagb-columns__background-undefined uagb-columns__stack-mobile uagb-columns__valign-undefined uagb-columns__gap-10 alignundefined uagb-block-c3a40dcc\"><div class=\"uagb-columns__overlay\"><\/div><div class=\"uagb-columns__inner-wrap uagb-columns__columns-2\">\n<div class=\"wp-block-uagb-column uagb-column__wrap uagb-column__background-undefined uagb-block-b86d4b78\"><div class=\"uagb-column__overlay\"><\/div><div class=\"uagb-column__inner-wrap\">\n<h3 class=\"wp-block-heading\"><strong><strong>Statistiques du Titan<\/strong><\/strong><\/h3>\n\n\n\n<p><strong>Armure:<\/strong> 2200 chevaux<\/p>\n\n\n\n<p><strong>Bouclier:<\/strong> 2500 chevaux<br>     taille: 2,5 (48,8 m)<br>     taux de r\u00e9g\u00e9n\u00e9ration: 167<br>     heure de d\u00e9but de r\u00e9g\u00e9n\u00e9ration: 45<br>     temps de recharge: 60<\/p>\n\n\n\n<p><strong>Capacit\u00e9s:<\/strong> Bouclier<\/p>\n\n\n\n<p><strong>Co\u00fbt:<\/strong> M480, E3840 (-25), T1200<\/p>\n\n\n\n<p><strong>Intel:<\/strong> vue: 25 (488m)<\/p>\n\n\n\n<p><strong>La physique:<\/strong><br>     vitesse maximale: 2,9 (56,6 m \/ s)<br>     vitesse de virage: 146<\/p>\n\n\n\n<p><strong>Classe de transport:<\/strong> 3<\/p>\n\n\n\n<p><strong>V\u00e9t\u00e9ran:<\/strong> 30, 60, 150, 300, 600 victimes<br><em>* v\u00e9t\u00e9ran niveau 2: +550 ch<br>* v\u00e9t\u00e9ran niveau 4: +550 ch<br>* v\u00e9t\u00e9ran niveau 5: r\u00e9parer 2 hp \/ s<\/em><\/p>\n<\/div><\/div>\n\n\n\n<div class=\"wp-block-uagb-column uagb-column__wrap uagb-column__background-undefined uagb-block-131fd178\"><div class=\"uagb-column__overlay\"><\/div><div class=\"uagb-column__inner-wrap\">\n<h3 class=\"wp-block-heading\"><strong>Armes de Titan<\/strong><\/h3>\n\n\n\n<p><strong>Canon \u00e0 plasma lourd<\/strong><br><em>(Tir direct)<\/em><br>100,00 dps<br><strong>intervalle:<\/strong> 25 (488 m)<br><strong>arme \u00e0 projectile:<\/strong> 50 d\u00e9g\u00e2ts<br><strong>cadence de tir:<\/strong> 2 (toutes les 0,5 s)<br><em>* v\u00e9t\u00e9ran niveau 1: +13 d\u00e9g\u00e2ts<br>* v\u00e9t\u00e9ran niveau 3: +13 d\u00e9g\u00e2ts<\/em><\/p>\n<\/div><\/div>\n<\/div><\/section>\n<\/div><\/div>\n<\/div><\/section>\n\n\n\n<section class=\"wp-block-uagb-columns uagb-columns__wrap uagb-columns__background-undefined uagb-columns__stack-mobile uagb-columns__valign-undefined uagb-columns__gap-10 alignundefined uagb-block-c14ccc1c\"><div class=\"uagb-columns__overlay\"><\/div><div class=\"uagb-columns__inner-wrap uagb-columns__columns-1\">\n<div class=\"wp-block-uagb-column uagb-column__wrap uagb-column__background-undefined uagb-block-31afc75f\"><div class=\"uagb-column__overlay\"><\/div><div class=\"uagb-column__inner-wrap\">\n<h2 class=\"wp-block-heading\">DEMOLISHER - ARTILLERIE LOURDE MOBILE<\/h2>\n\n\n\n<p><a href=\"https:\/\/www.standardof.net\/wp-content\/uploads\/2011\/10\/Mobile-Heavy-Artillery-Demolisher.jpg\" class=\"rank-math-link\" target=\"_blank\" rel=\"noopener\"><\/a>L&#039;artillerie lourde mobile n&#039;est bonne que pour une seule chose: casser une base bien d\u00e9fendue. Ils d\u00e9passent la d\u00e9fense de points T2 mais pas l&#039;artillerie T2, alors assurez-vous de les cibler en premier. Ils sont totalement impuissants face aux unit\u00e9s terrestres ou a\u00e9riennes ennemies, bien qu&#039;ils aient suffisamment de sant\u00e9 pour ne pas tous mourir si vous avez suffisamment de robots de si\u00e8ge pour les prot\u00e9ger. Lorsque vous \u00eates sur le point de constituer un groupe, pensez \u00e0 ceci: &quot;Ce que je pr\u00e9f\u00e8re avoir: 5 canons d&#039;artillerie ou 10 robots de si\u00e8ge?&quot; Si vous pensez que vous pouvez rencontrer une r\u00e9sistance sur les jambes plus rapide qu&#039;un Colosse, la r\u00e9ponse devrait \u00eatre \u00ab10 robots de si\u00e8ge\u00bb.<\/p>\n\n\n\n<div class=\"wp-block-image\"><figure class=\"aligncenter size-large is-resized\"><a href=\"https:\/\/supcom.standardof.net\/fr\/supreme-commander\/uef\/tech-3-uef-unites-terrestres\/supreme-commander-uef-land-units-t3-mobile-heavy-artillery-demolisher\/\"><img decoding=\"async\" src=\"https:\/\/supcom.standardof.net\/wp-content\/uploads\/sites\/8\/2020\/11\/Supreme-Commander-UEF-Land-Units-T3-Mobile-Heavy-Artillery-Demolisher.jpg\" alt=\"The Demolisher Mobile Heavy Artillery, unit\u00e9 UEF Tech 3 dans Supreme Commander.\" class=\"wp-image-343\" width=\"400\" height=\"312\" srcset=\"https:\/\/supcom.standardof.net\/wp-content\/uploads\/sites\/8\/2020\/11\/Supreme-Commander-UEF-Land-Units-T3-Mobile-Heavy-Artillery-Demolisher.jpg 400w, https:\/\/supcom.standardof.net\/wp-content\/uploads\/sites\/8\/2020\/11\/Supreme-Commander-UEF-Land-Units-T3-Mobile-Heavy-Artillery-Demolisher-200x156.jpg 200w, https:\/\/supcom.standardof.net\/wp-content\/uploads\/sites\/8\/2020\/11\/Supreme-Commander-UEF-Land-Units-T3-Mobile-Heavy-Artillery-Demolisher-16x12.jpg 16w\" sizes=\"(max-width: 400px) 100vw, 400px\" \/><\/a><figcaption>DEMOLISHER - ARTILLERIE LOURDE MOBILE<\/figcaption><\/figure><\/div>\n\n\n\n<section class=\"wp-block-uagb-columns uagb-columns__wrap uagb-columns__background-undefined uagb-columns__stack-mobile uagb-columns__valign-undefined uagb-columns__gap-10 alignundefined uagb-block-1f8571f0\"><div class=\"uagb-columns__overlay\"><\/div><div class=\"uagb-columns__inner-wrap uagb-columns__columns-2\">\n<div class=\"wp-block-uagb-column uagb-column__wrap uagb-column__background-undefined uagb-block-a510e1a3\"><div class=\"uagb-column__overlay\"><\/div><div class=\"uagb-column__inner-wrap\">\n<h3 class=\"wp-block-heading\"><strong>Statistiques du d\u00e9molisseur<\/strong><\/h3>\n\n\n\n<p><strong>Armure:<\/strong> 945 chevaux<\/p>\n\n\n\n<p><strong>Capacit\u00e9s:<\/strong> D\u00e9ploie: immobile pendant le tir<\/p>\n\n\n\n<p><strong>Co\u00fbt:<\/strong> M800, E8000, T2400<\/p>\n\n\n\n<p><strong>Intel:<\/strong> vue: 26 (508m)<\/p>\n\n\n\n<p><strong>La physique:<\/strong><br>vitesse maximale: 2,6 (50,8 m \/ s)<br>taux de virage: 20<\/p>\n\n\n\n<p><strong>Classe de transport:<\/strong> 3<\/p>\n\n\n\n<p><strong>V\u00e9t\u00e9ran:<\/strong> 30, 60, 150, 300, 600 victimes<br><em>* v\u00e9t\u00e9ran niveau 2: +236 pv<br>* v\u00e9t\u00e9ran niveau 4: +236 pv<br>* v\u00e9t\u00e9ran niveau 5: r\u00e9parer 2 hp \/ s<\/em><\/p>\n<\/div><\/div>\n\n\n\n<div class=\"wp-block-uagb-column uagb-column__wrap uagb-column__background-undefined uagb-block-f33fff70\"><div class=\"uagb-column__overlay\"><\/div><div class=\"uagb-column__inner-wrap\">\n<h3 class=\"wp-block-heading\"><strong>Armes de d\u00e9molisseur<\/strong><\/h3>\n\n\n\n<p><strong>Artillerie anti-mati\u00e8re<\/strong><br>70,00 dps <em>(Artillerie)<\/em><br><strong>surface:<\/strong> 3,5 (68,4 m),<br><strong>intervalle:<\/strong> 25 (488m) - 70 (1,37 km)<br><strong>arme \u00e0 projectile:<\/strong> 1400 d\u00e9g\u00e2ts<br><strong>cadence de tir:<\/strong> 0,05 (toutes les 20 s)<br><em>* v\u00e9t\u00e9ran niveau 1: +350 d\u00e9g\u00e2ts<br>* v\u00e9t\u00e9ran niveau 3: +350 d\u00e9g\u00e2ts<\/em><\/p>\n<\/div><\/div>\n<\/div><\/section>\n<\/div><\/div>\n<\/div><\/section>","protected":false},"excerpt":{"rendered":"<p>T3 UEF ENGINEER The T3 Engineer shows up much more frequently than the other engineers; one should always be the first thing out of your factory. They can jumpstart your economy, assist factories at a useful rate, and get you into the endgame. It&#8217;s never bad to have too many engineers. Plus, if they&#8217;re sent [&hellip;]<\/p>","protected":false},"author":1,"featured_media":0,"parent":231,"menu_order":0,"comment_status":"open","ping_status":"closed","template":"","meta":{"_uag_custom_page_level_css":"","site-sidebar-layout":"default","site-content-layout":"default","ast-site-content-layout":"","site-content-style":"default","site-sidebar-style":"default","ast-global-header-display":"","ast-banner-title-visibility":"","ast-main-header-display":"","ast-hfb-above-header-display":"","ast-hfb-below-header-display":"","ast-hfb-mobile-header-display":"","site-post-title":"","ast-breadcrumbs-content":"","ast-featured-img":"","footer-sml-layout":"","theme-transparent-header-meta":"default","adv-header-id-meta":"","stick-header-meta":"","header-above-stick-meta":"","header-main-stick-meta":"","header-below-stick-meta":"","astra-migrate-meta-layouts":"default","ast-page-background-enabled":"default","ast-page-background-meta":{"desktop":{"background-color":"","background-image":"","background-repeat":"repeat","background-position":"center center","background-size":"auto","background-attachment":"scroll","background-type":"","background-media":"","overlay-type":"","overlay-color":"","overlay-gradient":""},"tablet":{"background-color":"","background-image":"","background-repeat":"repeat","background-position":"center center","background-size":"auto","background-attachment":"scroll","background-type":"","background-media":"","overlay-type":"","overlay-color":"","overlay-gradient":""},"mobile":{"background-color":"","background-image":"","background-repeat":"repeat","background-position":"center center","background-size":"auto","background-attachment":"scroll","background-type":"","background-media":"","overlay-type":"","overlay-color":"","overlay-gradient":""}},"ast-content-background-meta":{"desktop":{"background-color":"var(--ast-global-color-5)","background-image":"","background-repeat":"repeat","background-position":"center center","background-size":"auto","background-attachment":"scroll","background-type":"","background-media":"","overlay-type":"","overlay-color":"","overlay-gradient":""},"tablet":{"background-color":"var(--ast-global-color-5)","background-image":"","background-repeat":"repeat","background-position":"center center","background-size":"auto","background-attachment":"scroll","background-type":"","background-media":"","overlay-type":"","overlay-color":"","overlay-gradient":""},"mobile":{"background-color":"var(--ast-global-color-5)","background-image":"","background-repeat":"repeat","background-position":"center center","background-size":"auto","background-attachment":"scroll","background-type":"","background-media":"","overlay-type":"","overlay-color":"","overlay-gradient":""}},"footnotes":""},"uagb_featured_image_src":{"full":false,"thumbnail":false,"medium":false,"medium_large":false,"large":false,"1536x1536":false,"2048x2048":false,"trp-custom-language-flag":false},"uagb_author_info":{"display_name":"SOE","author_link":"https:\/\/supcom.standardof.net\/fr\/author\/k-tastic\/"},"uagb_comment_info":0,"uagb_excerpt":"T3 UEF ENGINEER The T3 Engineer shows up much more frequently than the other engineers; one should always be the first thing out of your factory. They can jumpstart your economy, assist factories at a useful rate, and get you into the endgame. It&#8217;s never bad to have too many engineers. Plus, if they&#8217;re sent&hellip;","_links":{"self":[{"href":"https:\/\/supcom.standardof.net\/fr\/wp-json\/wp\/v2\/pages\/340"}],"collection":[{"href":"https:\/\/supcom.standardof.net\/fr\/wp-json\/wp\/v2\/pages"}],"about":[{"href":"https:\/\/supcom.standardof.net\/fr\/wp-json\/wp\/v2\/types\/page"}],"author":[{"embeddable":true,"href":"https:\/\/supcom.standardof.net\/fr\/wp-json\/wp\/v2\/users\/1"}],"replies":[{"embeddable":true,"href":"https:\/\/supcom.standardof.net\/fr\/wp-json\/wp\/v2\/comments?post=340"}],"version-history":[{"count":0,"href":"https:\/\/supcom.standardof.net\/fr\/wp-json\/wp\/v2\/pages\/340\/revisions"}],"up":[{"embeddable":true,"href":"https:\/\/supcom.standardof.net\/fr\/wp-json\/wp\/v2\/pages\/231"}],"wp:attachment":[{"href":"https:\/\/supcom.standardof.net\/fr\/wp-json\/wp\/v2\/media?parent=340"}],"curies":[{"name":"wp","href":"https:\/\/api.w.org\/{rel}","templated":true}]}}