{"id":349,"date":"2020-11-01T12:17:09","date_gmt":"2020-11-01T17:17:09","guid":{"rendered":"https:\/\/supcom.standardof.net\/?page_id=349"},"modified":"2020-11-03T23:06:32","modified_gmt":"2020-11-04T04:06:32","slug":"tech-1-uef-air-units","status":"publish","type":"page","link":"https:\/\/supcom.standardof.net\/fr\/supreme-commander\/uef\/tech-1-uef-air-unites\/","title":{"rendered":"Tech 1 - Unit\u00e9s a\u00e9riennes UEF"},"content":{"rendered":"<div class=\"wp-block-uagb-table-of-contents uagb-toc__align-left uagb-toc__columns-1  uagb-block-59b4c076\"\n\t\t\t\t\tdata-scroll= \"1\"\n\t\t\t\t\tdata-offset= \"30\"\n\t\t\t\t\tstyle=\"\"\n\t\t\t\t>\n\t\t\t\t<div class=\"uagb-toc__wrap\">\n\t\t\t\t\t\t<div class=\"uagb-toc__title\">\n\t\t\t\t\t\t\tUnit\u00e9s a\u00e9riennes UEF Tech 1:\t\t\t\t\t\t<\/div>\n\t\t\t\t\t\t\t\t\t\t\t\t\t\t\t\t<div class=\"uagb-toc__list-wrap\">\n\t\t\t\t\t\t<ol class=\"uagb-toc__list\"><li class=\"uagb-toc__list\"><a href=\"#hummingbird-air-scout\" class=\"uagb-toc-link__trigger\">HUMMINGBIRD - AIR SCOUT<\/a><li class=\"uagb-toc__list\"><a href=\"#cyclone-interceptor\" class=\"uagb-toc-link__trigger\">CYCLONE - INTERCEPTEUR<\/a><li class=\"uagb-toc__list\"><a href=\"#scorcher-attack-bomber\" class=\"uagb-toc-link__trigger\">SCORCHER - BOMBER D&#039;ATTAQUE<\/a><li class=\"uagb-toc__list\"><a href=\"#c-6-courier-light-air-transport\" class=\"uagb-toc-link__trigger\">C-6 COURIER - TRANSPORT A\u00c9RIEN L\u00c9GER<\/a><\/ol>\t\t\t\t\t<\/div>\n\t\t\t\t\t\t\t\t\t<\/div>\n\t\t\t\t<\/div>\n\t\t\t\n\n\n<section class=\"wp-block-uagb-columns uagb-columns__wrap uagb-columns__background-undefined uagb-columns__stack-mobile uagb-columns__valign-undefined uagb-columns__gap-10 alignundefined uagb-block-870a1030\"><div class=\"uagb-columns__overlay\"><\/div><div class=\"uagb-columns__inner-wrap uagb-columns__columns-1\">\n<div class=\"wp-block-uagb-column uagb-column__wrap uagb-column__background-undefined uagb-block-511fa0de\"><div class=\"uagb-column__overlay\"><\/div><div class=\"uagb-column__inner-wrap\">\n<h2 class=\"wp-block-heading\"><strong>COLIBRI<\/strong> - AIR SCOUT<\/h2>\n\n\n\n<p><a href=\"https:\/\/www.standardof.net\/wp-content\/uploads\/2011\/10\/SupremeCommander-2011-10-15-09-48-22-10.png\" class=\"rank-math-link\" target=\"_blank\" rel=\"noopener\"><\/a>L&#039;Air Scout est extr\u00eamement bon march\u00e9, et c&#039;est cette vertu qui le rend utile. Alors qu&#039;un intercepteur va souvent plus loin dans une base ennemie, un seul \u00e9claireur a\u00e9rien dans votre file d&#039;attente de construction vous permettra de stocker un ensemble d&#039;\u00e9claireurs qui peuvent sillonner la carte \u00e0 la recherche d&#039;un moyen l\u00e9g\u00e8rement d\u00e9fendu, et pour exactement 1 masse par seconde.<\/p>\n\n\n\n<div class=\"wp-block-image\"><figure class=\"aligncenter size-large\"><a href=\"https:\/\/supcom.standardof.net\/fr\/supreme-commander\/uef\/tech-1-uef-air-unites\/hummingbird-air-scout-supreme-commander-uef-air-units-t1\/\"><img decoding=\"async\" width=\"549\" height=\"396\" src=\"https:\/\/supcom.standardof.net\/wp-content\/uploads\/sites\/8\/2020\/11\/HUMMINGBIRD-AIR-SCOUT-Supreme-Commander-UEF-Air-Units-T1.jpg\" alt=\"Le Hummingbird Air Scout, unit\u00e9 a\u00e9rienne UEF Tech 1 dans Supreme Commander.\" class=\"wp-image-358\" srcset=\"https:\/\/supcom.standardof.net\/wp-content\/uploads\/sites\/8\/2020\/11\/HUMMINGBIRD-AIR-SCOUT-Supreme-Commander-UEF-Air-Units-T1.jpg 549w, https:\/\/supcom.standardof.net\/wp-content\/uploads\/sites\/8\/2020\/11\/HUMMINGBIRD-AIR-SCOUT-Supreme-Commander-UEF-Air-Units-T1-512x369.jpg 512w, https:\/\/supcom.standardof.net\/wp-content\/uploads\/sites\/8\/2020\/11\/HUMMINGBIRD-AIR-SCOUT-Supreme-Commander-UEF-Air-Units-T1-200x144.jpg 200w, https:\/\/supcom.standardof.net\/wp-content\/uploads\/sites\/8\/2020\/11\/HUMMINGBIRD-AIR-SCOUT-Supreme-Commander-UEF-Air-Units-T1-16x12.jpg 16w\" sizes=\"(max-width: 549px) 100vw, 549px\" \/><\/a><figcaption>HUMMINGBIRD - AIR SCOUT<\/figcaption><\/figure><\/div>\n\n\n\n<section class=\"wp-block-uagb-columns uagb-columns__wrap uagb-columns__background-undefined uagb-columns__stack-mobile uagb-columns__valign-undefined uagb-columns__gap-10 alignundefined uagb-block-e43e3233\"><div class=\"uagb-columns__overlay\"><\/div><div class=\"uagb-columns__inner-wrap uagb-columns__columns-2\">\n<div class=\"wp-block-uagb-column uagb-column__wrap uagb-column__background-undefined uagb-block-7711aed0\"><div class=\"uagb-column__overlay\"><\/div><div class=\"uagb-column__inner-wrap\">\n<h3 class=\"wp-block-heading\"><strong><strong>Statistiques de colibri<\/strong><\/strong><\/h3>\n\n\n\n<p><strong>Armure:<\/strong> 5hp (l\u00e9ger)<br><strong>Co\u00fbt:<\/strong> M16, E640, T160<br><strong>Intel:<\/strong> vue: 64 (1.25km)<br><strong>La physique:<\/strong><br>&nbsp;&nbsp;&nbsp; vitesse max: 17 (332m \/ s)<br>&nbsp;&nbsp;&nbsp; taux de virage: 100<br>&nbsp;&nbsp;&nbsp; d\u00e9nivel\u00e9: 20 (391m)<br><strong>Classe de transport:<\/strong> 1<br><strong>V\u00e9t\u00e9ran:<\/strong> N \/ A<br><em>* v\u00e9t\u00e9ran niveau 2: +1 hp<br>* v\u00e9t\u00e9ran niveau 4: +1 hp<br>* v\u00e9t\u00e9ran niveau 5: r\u00e9parer 1 hp \/ s<\/em><\/p>\n<\/div><\/div>\n\n\n\n<div class=\"wp-block-uagb-column uagb-column__wrap uagb-column__background-undefined uagb-block-622c3a00\"><div class=\"uagb-column__overlay\"><\/div><div class=\"uagb-column__inner-wrap\">\n<h3 class=\"wp-block-heading\"><strong>Armes de colibri<\/strong><\/h3>\n\n\n\n<p><strong>Crash a\u00e9rien (mort)<br><\/strong>&nbsp;&nbsp;&nbsp; 10 d\u00e9g\u00e2ts<br><strong>surface:<\/strong> 1 (19,5 m)<\/p>\n<\/div><\/div>\n<\/div><\/section>\n<\/div><\/div>\n<\/div><\/section>\n\n\n\n<section class=\"wp-block-uagb-columns uagb-columns__wrap uagb-columns__background-undefined uagb-columns__stack-mobile uagb-columns__valign-undefined uagb-columns__gap-10 alignundefined uagb-block-20626537\"><div class=\"uagb-columns__overlay\"><\/div><div class=\"uagb-columns__inner-wrap uagb-columns__columns-1\">\n<div class=\"wp-block-uagb-column uagb-column__wrap uagb-column__background-undefined uagb-block-cbe59b26\"><div class=\"uagb-column__overlay\"><\/div><div class=\"uagb-column__inner-wrap\">\n<h2 class=\"wp-block-heading\"><strong>CYCLONE<\/strong> - INTERCEPTEUR<\/h2>\n\n\n\n<p><a href=\"https:\/\/www.standardof.net\/wp-content\/uploads\/2011\/10\/SupremeCommander-2011-10-15-09-48-48-76.png\" class=\"rank-math-link\" target=\"_blank\" rel=\"noopener\"><\/a>Les intercepteurs sont le pain et le beurre de votre d\u00e9fense a\u00e9rienne. Ils sont rapides, efficaces et bon march\u00e9, ce qui signifie que vous pouvez configurer les ing\u00e9nieurs pour qu&#039;ils construisent davantage sans avoir \u00e0 interrompre vos autres projets. Je recommande d&#039;avoir un ensemble Air Factory pour construire des intercepteurs infinis pour tout le jeu.<\/p>\n\n\n\n<div class=\"wp-block-image\"><figure class=\"aligncenter size-large\"><a href=\"https:\/\/supcom.standardof.net\/fr\/supreme-commander\/uef\/tech-1-uef-air-unites\/cyclone-interceptor-supreme-commander-uef-air-units-t1\/\"><img decoding=\"async\" width=\"468\" height=\"399\" src=\"https:\/\/supcom.standardof.net\/wp-content\/uploads\/sites\/8\/2020\/11\/CYCLONE-INTERCEPTOR-Supreme-Commander-UEF-Air-Units-T1.jpg\" alt=\"The Cyclone Interceptor, unit\u00e9 a\u00e9rienne UEF Tech 1 dans Supreme Commander.\" class=\"wp-image-357\" srcset=\"https:\/\/supcom.standardof.net\/wp-content\/uploads\/sites\/8\/2020\/11\/CYCLONE-INTERCEPTOR-Supreme-Commander-UEF-Air-Units-T1.jpg 468w, https:\/\/supcom.standardof.net\/wp-content\/uploads\/sites\/8\/2020\/11\/CYCLONE-INTERCEPTOR-Supreme-Commander-UEF-Air-Units-T1-200x171.jpg 200w, https:\/\/supcom.standardof.net\/wp-content\/uploads\/sites\/8\/2020\/11\/CYCLONE-INTERCEPTOR-Supreme-Commander-UEF-Air-Units-T1-14x12.jpg 14w\" sizes=\"(max-width: 468px) 100vw, 468px\" \/><\/a><figcaption>CYCLONE - INTERCEPTEUR<\/figcaption><\/figure><\/div>\n\n\n\n<section class=\"wp-block-uagb-columns uagb-columns__wrap uagb-columns__background-undefined uagb-columns__stack-mobile uagb-columns__valign-undefined uagb-columns__gap-10 alignundefined uagb-block-1572417c\"><div class=\"uagb-columns__overlay\"><\/div><div class=\"uagb-columns__inner-wrap uagb-columns__columns-2\">\n<div class=\"wp-block-uagb-column uagb-column__wrap uagb-column__background-undefined uagb-block-aa8f5d3f\"><div class=\"uagb-column__overlay\"><\/div><div class=\"uagb-column__inner-wrap\">\n<h3 class=\"wp-block-heading\"><strong>Statistiques des cyclones<\/strong><\/h3>\n\n\n\n<p><strong>Armure:<\/strong> 20hp (l\u00e9ger)<br><strong>Co\u00fbt:<\/strong> M38, E2280, T380<br><strong>Intel: <\/strong>vue: 32 (625m)<br><strong>La physique<\/strong><br>&nbsp;&nbsp;&nbsp; vitesse max: 19 (371m \/ s)<br>&nbsp;&nbsp;&nbsp; d\u00e9nivel\u00e9: 18 (352m)<br>&nbsp;&nbsp;&nbsp; distance d&#039;engagement: 50 (977m)<br><strong>Classe de transport:<\/strong> 1<br><strong>V\u00e9t\u00e9ran:<\/strong> 5, 10, 25, 50, 100 victimes<br><em>* v\u00e9t\u00e9ran niveau 2: +5 pv<br>* v\u00e9t\u00e9ran niveau 4: +5 pv<br>* v\u00e9t\u00e9ran niveau 5: r\u00e9parer 1 hp \/ s<\/em><\/p>\n<\/div><\/div>\n\n\n\n<div class=\"wp-block-uagb-column uagb-column__wrap uagb-column__background-undefined uagb-block-32103de6\"><div class=\"uagb-column__overlay\"><\/div><div class=\"uagb-column__inner-wrap\">\n<h3 class=\"wp-block-heading\"><strong><strong>Armes de cyclone<\/strong><\/strong><\/h3>\n\n\n\n<p><strong>Railgun li\u00e9 (Anti Air)<\/strong><br>&nbsp;&nbsp;&nbsp; 20,00 dps<br><strong>intervalle:<\/strong> 20 (391 m)<br><strong>arme \u00e0 projectile:<\/strong> 20 d\u00e9g\u00e2ts<br><strong>cadence de tir:<\/strong> 1 (toutes les 1s)<br><em>* v\u00e9t\u00e9ran niveau 1: +5 d\u00e9g\u00e2ts<br>* v\u00e9t\u00e9ran niveau 3: +5 d\u00e9g\u00e2ts<br><\/em><br><strong>Crash a\u00e9rien (mort)<\/strong><br>&nbsp;&nbsp;&nbsp; 25 d\u00e9g\u00e2ts<br><strong>surface:<\/strong> 1 (19,5 m)<\/p>\n<\/div><\/div>\n<\/div><\/section>\n<\/div><\/div>\n<\/div><\/section>\n\n\n\n<section class=\"wp-block-uagb-columns uagb-columns__wrap uagb-columns__background-undefined uagb-columns__stack-mobile uagb-columns__valign-undefined uagb-columns__gap-10 alignundefined uagb-block-deca317d\"><div class=\"uagb-columns__overlay\"><\/div><div class=\"uagb-columns__inner-wrap uagb-columns__columns-1\">\n<div class=\"wp-block-uagb-column uagb-column__wrap uagb-column__background-undefined uagb-block-3a298cc3\"><div class=\"uagb-column__overlay\"><\/div><div class=\"uagb-column__inner-wrap\">\n<h2 class=\"wp-block-heading\"><strong>JOURN\u00c9E TORRIDE<\/strong> - BOMBER D&#039;ATTAQUE<\/h2>\n\n\n\n<p><a href=\"https:\/\/www.standardof.net\/wp-content\/uploads\/2011\/10\/SupremeCommander-2011-10-15-09-49-06-02.png\" class=\"rank-math-link\" target=\"_blank\" rel=\"noopener\"><\/a>Le bombardier d&#039;attaque de l&#039;UEF convient parfaitement pour ce qu&#039;il fait: cr\u00e9er une menace pr\u00e9coce qui oblige l&#039;adversaire \u00e0 envoyer ses intercepteurs. Si vous n&#039;avez pas la marge de man\u0153uvre pour am\u00e9liorer votre usine a\u00e9rienne \u00e0 des niveaux \u00e9lev\u00e9s, vous pouvez produire de gros packs de bombardiers qui transforment une attaque rat\u00e9e contre le commandant en succ\u00e8s. Assurez-vous simplement de ne pas les envoyer via un type de d\u00e9fense a\u00e9rienne plus \u00e9lev\u00e9 que les tourelles T1 ou l&#039;anti-a\u00e9rien mobile Cybran.<\/p>\n\n\n\n<div class=\"wp-block-image\"><figure class=\"aligncenter size-large\"><a href=\"https:\/\/supcom.standardof.net\/fr\/supreme-commander\/uef\/tech-1-uef-air-unites\/scorcher-attack-bomber-supreme-commander-uef-air-units-t1\/\"><img decoding=\"async\" width=\"471\" height=\"429\" src=\"https:\/\/supcom.standardof.net\/wp-content\/uploads\/sites\/8\/2020\/11\/SCORCHER-ATTACK-BOMBER-Supreme-Commander-UEF-Air-Units-T1.jpg\" alt=\"Le bombardier d&#039;attaque Scorcher, unit\u00e9 a\u00e9rienne UEF Tech 1 dans Supreme Commander.\" class=\"wp-image-359\" srcset=\"https:\/\/supcom.standardof.net\/wp-content\/uploads\/sites\/8\/2020\/11\/SCORCHER-ATTACK-BOMBER-Supreme-Commander-UEF-Air-Units-T1.jpg 471w, https:\/\/supcom.standardof.net\/wp-content\/uploads\/sites\/8\/2020\/11\/SCORCHER-ATTACK-BOMBER-Supreme-Commander-UEF-Air-Units-T1-200x182.jpg 200w, https:\/\/supcom.standardof.net\/wp-content\/uploads\/sites\/8\/2020\/11\/SCORCHER-ATTACK-BOMBER-Supreme-Commander-UEF-Air-Units-T1-13x12.jpg 13w\" sizes=\"(max-width: 471px) 100vw, 471px\" \/><\/a><figcaption>SCORCHER - BOMBER D&#039;ATTAQUE<\/figcaption><\/figure><\/div>\n\n\n\n<section class=\"wp-block-uagb-columns uagb-columns__wrap uagb-columns__background-undefined uagb-columns__stack-mobile uagb-columns__valign-undefined uagb-columns__gap-10 alignundefined uagb-block-c3e829e9\"><div class=\"uagb-columns__overlay\"><\/div><div class=\"uagb-columns__inner-wrap uagb-columns__columns-2\">\n<div class=\"wp-block-uagb-column uagb-column__wrap uagb-column__background-undefined uagb-block-8a5f4917\"><div class=\"uagb-column__overlay\"><\/div><div class=\"uagb-column__inner-wrap\">\n<h3 class=\"wp-block-heading\"><strong>Statistiques de Scorcher<\/strong><\/h3>\n\n\n\n<p><strong>Armure:<\/strong> 20hp (l\u00e9ger)<br><strong>Co\u00fbt:<\/strong> M144, E2880, T480<br><strong>Intel:<\/strong> vue: 32 (625m)<br><strong>La physique<\/strong>&nbsp;<br>&nbsp;&nbsp;&nbsp; vitesse max: 12 (234m \/ s)<br>&nbsp;&nbsp;&nbsp; d\u00e9nivel\u00e9: 18 (352m)<br>&nbsp;&nbsp;&nbsp; distance d&#039;engagement: 50 (977m)<br><strong>Classe de transport:<\/strong> 2<br><strong>V\u00e9t\u00e9ran:<\/strong> 5, 10, 25, 50, 100 victimes<br><em>* v\u00e9t\u00e9ran niveau 2: +5 pv,<br>* v\u00e9t\u00e9ran niveau 4: +5 pv,<br>* v\u00e9t\u00e9ran niveau 5: r\u00e9parer 1 hp \/ s<\/em><\/p>\n<\/div><\/div>\n\n\n\n<div class=\"wp-block-uagb-column uagb-column__wrap uagb-column__background-undefined uagb-block-6942040a\"><div class=\"uagb-column__overlay\"><\/div><div class=\"uagb-column__inner-wrap\">\n<h3 class=\"wp-block-heading\"><strong>Armes de scorcher<\/strong><\/h3>\n\n\n\n<p><strong>Bombe de tapis au napalm (bombe)<br><\/strong>&nbsp;&nbsp;&nbsp;&nbsp; 150,00 dps<br><strong>surface:<\/strong> 2,5 (48,8 m)<br><strong>intervalle:<\/strong> 3 (58,6 m)<br><strong>arme \u00e0 projectile:<\/strong> 60<br>&nbsp;&nbsp;&nbsp;&nbsp; ((15 x 4) \/ 2 secondes) x 5<br>projectiles = 300 d\u00e9g\u00e2ts par salve<br><strong>cadence de tir:<\/strong> 0,5 (toutes les 2 s)<br><em><em>* v\u00e9t\u00e9ran niveau 1: +15 d\u00e9g\u00e2ts<br>* v\u00e9t\u00e9ran niveau 3: +15 d\u00e9g\u00e2ts<\/em><\/em><\/p>\n\n\n\n<p><strong>Crash a\u00e9rien (mort)<br><\/strong>100 d\u00e9g\u00e2ts<br>superficie: 1 (19,5 m)<\/p>\n<\/div><\/div>\n<\/div><\/section>\n<\/div><\/div>\n<\/div><\/section>\n\n\n\n<section class=\"wp-block-uagb-columns uagb-columns__wrap uagb-columns__background-undefined uagb-columns__stack-mobile uagb-columns__valign-undefined uagb-columns__gap-10 alignundefined uagb-block-b33104ce\"><div class=\"uagb-columns__overlay\"><\/div><div class=\"uagb-columns__inner-wrap uagb-columns__columns-1\">\n<div class=\"wp-block-uagb-column uagb-column__wrap uagb-column__background-undefined uagb-block-aa745f43\"><div class=\"uagb-column__overlay\"><\/div><div class=\"uagb-column__inner-wrap\">\n<h2 class=\"wp-block-heading\"><strong>COURRIER C-6<\/strong> - TRANSPORT A\u00c9RIEN L\u00c9GER<\/h2>\n\n\n\n<p><a href=\"https:\/\/www.standardof.net\/wp-content\/uploads\/2011\/10\/SupremeCommander-2011-10-15-09-49-31-63.png\" class=\"rank-math-link\" target=\"_blank\" rel=\"noopener\"><\/a>L&#039;avantage d&#039;avoir un transport a\u00e9rien pr\u00e9coce est double: vous pouvez transporter par avion vos robots d&#039;assaut et avoir un vaisseau de combat volant pour tuer les forces ennemies T1, ou vous pouvez faire des largages plus p\u00e9rilleux d&#039;unit\u00e9s ou d&#039;ing\u00e9nieurs derri\u00e8re les lignes ennemies. Ne comptez pas sur eux pour vivre au-del\u00e0 d&#039;une goutte, cependant; ils sont principalement l\u00e0 pour semer la peur dans le c\u0153ur de vos ennemis plut\u00f4t que pour livrer la victoire. Il transporte 6 unit\u00e9s T1, 3 unit\u00e9s T2 ou 1 unit\u00e9 T3.<\/p>\n\n\n\n<div class=\"wp-block-image\"><figure class=\"aligncenter size-large\"><a href=\"https:\/\/supcom.standardof.net\/fr\/supreme-commander\/uef\/tech-1-uef-air-unites\/c-6-courier-light-air-transport-supreme-commander-uef-air-units-t1\/\"><img decoding=\"async\" width=\"645\" height=\"471\" src=\"https:\/\/supcom.standardof.net\/wp-content\/uploads\/sites\/8\/2020\/11\/C-6-COURIER-LIGHT-AIR-TRANSPORT-Supreme-Commander-UEF-Air-Units-T1.jpg\" alt=\"Le C-6 Courier Light Air Transport, unit\u00e9 a\u00e9rienne UEF Tech 1 dans Supreme Commander.\" class=\"wp-image-356\" srcset=\"https:\/\/supcom.standardof.net\/wp-content\/uploads\/sites\/8\/2020\/11\/C-6-COURIER-LIGHT-AIR-TRANSPORT-Supreme-Commander-UEF-Air-Units-T1.jpg 645w, https:\/\/supcom.standardof.net\/wp-content\/uploads\/sites\/8\/2020\/11\/C-6-COURIER-LIGHT-AIR-TRANSPORT-Supreme-Commander-UEF-Air-Units-T1-512x374.jpg 512w, https:\/\/supcom.standardof.net\/wp-content\/uploads\/sites\/8\/2020\/11\/C-6-COURIER-LIGHT-AIR-TRANSPORT-Supreme-Commander-UEF-Air-Units-T1-200x146.jpg 200w, https:\/\/supcom.standardof.net\/wp-content\/uploads\/sites\/8\/2020\/11\/C-6-COURIER-LIGHT-AIR-TRANSPORT-Supreme-Commander-UEF-Air-Units-T1-16x12.jpg 16w\" sizes=\"(max-width: 645px) 100vw, 645px\" \/><\/a><figcaption>C-6 COURIER - TRANSPORT A\u00c9RIEN L\u00c9GER<\/figcaption><\/figure><\/div>\n\n\n\n<section class=\"wp-block-uagb-columns uagb-columns__wrap uagb-columns__background-undefined uagb-columns__stack-mobile uagb-columns__valign-undefined uagb-columns__gap-10 alignundefined uagb-block-033bc4c7\"><div class=\"uagb-columns__overlay\"><\/div><div class=\"uagb-columns__inner-wrap uagb-columns__columns-2\">\n<div class=\"wp-block-uagb-column uagb-column__wrap uagb-column__background-undefined uagb-block-16427f4b\"><div class=\"uagb-column__overlay\"><\/div><div class=\"uagb-column__inner-wrap\">\n<h3 class=\"wp-block-heading\"><strong>Courrier C-6<\/strong><strong>Statistiques<\/strong><\/h3>\n\n\n\n<p><strong>Armure:<\/strong> 90hp (l\u00e9ger)<br><strong>Capacit\u00e9s:<\/strong> Transport T1 (transporte des unit\u00e9s terrestres T1-T3)<br><strong>Co\u00fbt:<\/strong> M120, E4800, T600<br><strong>Intel:<\/strong> vue: 32 (625m)<br><strong>La physique<\/strong><br>vitesse max: 15 (293m \/ s)<br>d\u00e9nivel\u00e9: 10 (195m)<br><strong>Classe de transport:<\/strong> dix<br>taille d&#039;attache de classe 2: 2<br>taille d&#039;attache de classe 3: 4<br><strong>V\u00e9t\u00e9ran:<\/strong> N \/ A<br><em>* v\u00e9t\u00e9ran niveau 2: +23 pv<br>* v\u00e9t\u00e9ran niveau 4: +23 pv<br>* v\u00e9t\u00e9ran niveau 5: r\u00e9parer 1 hp \/ s<\/em><\/p>\n<\/div><\/div>\n\n\n\n<div class=\"wp-block-uagb-column uagb-column__wrap uagb-column__background-undefined uagb-block-b558bf7e\"><div class=\"uagb-column__overlay\"><\/div><div class=\"uagb-column__inner-wrap\"><\/div><\/div>\n<\/div><\/section>\n<\/div><\/div>\n<\/div><\/section>","protected":false},"excerpt":{"rendered":"<p>HUMMINGBIRD &#8211; AIR SCOUT The Air Scout is extremely inexpensive, and it&#8217;s this virtue that makes it useful. While an interceptor will often get farther into an enemy base, a single air scout in your build queue will let you stockpile a set of scouts that can crisscross the map looking for a lightly defended [&hellip;]<\/p>","protected":false},"author":1,"featured_media":0,"parent":231,"menu_order":0,"comment_status":"open","ping_status":"closed","template":"","meta":{"_uag_custom_page_level_css":"","site-sidebar-layout":"default","site-content-layout":"default","ast-site-content-layout":"","site-content-style":"default","site-sidebar-style":"default","ast-global-header-display":"","ast-banner-title-visibility":"","ast-main-header-display":"","ast-hfb-above-header-display":"","ast-hfb-below-header-display":"","ast-hfb-mobile-header-display":"","site-post-title":"","ast-breadcrumbs-content":"","ast-featured-img":"","footer-sml-layout":"","theme-transparent-header-meta":"default","adv-header-id-meta":"","stick-header-meta":"","header-above-stick-meta":"","header-main-stick-meta":"","header-below-stick-meta":"","astra-migrate-meta-layouts":"default","ast-page-background-enabled":"default","ast-page-background-meta":{"desktop":{"background-color":"","background-image":"","background-repeat":"repeat","background-position":"center center","background-size":"auto","background-attachment":"scroll","background-type":"","background-media":"","overlay-type":"","overlay-color":"","overlay-gradient":""},"tablet":{"background-color":"","background-image":"","background-repeat":"repeat","background-position":"center center","background-size":"auto","background-attachment":"scroll","background-type":"","background-media":"","overlay-type":"","overlay-color":"","overlay-gradient":""},"mobile":{"background-color":"","background-image":"","background-repeat":"repeat","background-position":"center center","background-size":"auto","background-attachment":"scroll","background-type":"","background-media":"","overlay-type":"","overlay-color":"","overlay-gradient":""}},"ast-content-background-meta":{"desktop":{"background-color":"var(--ast-global-color-5)","background-image":"","background-repeat":"repeat","background-position":"center center","background-size":"auto","background-attachment":"scroll","background-type":"","background-media":"","overlay-type":"","overlay-color":"","overlay-gradient":""},"tablet":{"background-color":"var(--ast-global-color-5)","background-image":"","background-repeat":"repeat","background-position":"center center","background-size":"auto","background-attachment":"scroll","background-type":"","background-media":"","overlay-type":"","overlay-color":"","overlay-gradient":""},"mobile":{"background-color":"var(--ast-global-color-5)","background-image":"","background-repeat":"repeat","background-position":"center center","background-size":"auto","background-attachment":"scroll","background-type":"","background-media":"","overlay-type":"","overlay-color":"","overlay-gradient":""}},"footnotes":""},"uagb_featured_image_src":{"full":false,"thumbnail":false,"medium":false,"medium_large":false,"large":false,"1536x1536":false,"2048x2048":false,"trp-custom-language-flag":false},"uagb_author_info":{"display_name":"SOE","author_link":"https:\/\/supcom.standardof.net\/fr\/author\/k-tastic\/"},"uagb_comment_info":0,"uagb_excerpt":"HUMMINGBIRD &#8211; AIR SCOUT The Air Scout is extremely inexpensive, and it&#8217;s this virtue that makes it useful. While an interceptor will often get farther into an enemy base, a single air scout in your build queue will let you stockpile a set of scouts that can crisscross the map looking for a lightly defended&hellip;","_links":{"self":[{"href":"https:\/\/supcom.standardof.net\/fr\/wp-json\/wp\/v2\/pages\/349"}],"collection":[{"href":"https:\/\/supcom.standardof.net\/fr\/wp-json\/wp\/v2\/pages"}],"about":[{"href":"https:\/\/supcom.standardof.net\/fr\/wp-json\/wp\/v2\/types\/page"}],"author":[{"embeddable":true,"href":"https:\/\/supcom.standardof.net\/fr\/wp-json\/wp\/v2\/users\/1"}],"replies":[{"embeddable":true,"href":"https:\/\/supcom.standardof.net\/fr\/wp-json\/wp\/v2\/comments?post=349"}],"version-history":[{"count":0,"href":"https:\/\/supcom.standardof.net\/fr\/wp-json\/wp\/v2\/pages\/349\/revisions"}],"up":[{"embeddable":true,"href":"https:\/\/supcom.standardof.net\/fr\/wp-json\/wp\/v2\/pages\/231"}],"wp:attachment":[{"href":"https:\/\/supcom.standardof.net\/fr\/wp-json\/wp\/v2\/media?parent=349"}],"curies":[{"name":"wp","href":"https:\/\/api.w.org\/{rel}","templated":true}]}}