{"id":361,"date":"2020-11-01T13:18:52","date_gmt":"2020-11-01T18:18:52","guid":{"rendered":"https:\/\/supcom.standardof.net\/?page_id=361"},"modified":"2020-11-03T23:06:38","modified_gmt":"2020-11-04T04:06:38","slug":"tech-2-uef-air-units","status":"publish","type":"page","link":"https:\/\/supcom.standardof.net\/fr\/supreme-commander\/uef\/unites-air-tech-2-uef\/","title":{"rendered":"Tech 2 - Unit\u00e9s a\u00e9riennes UEF"},"content":{"rendered":"<div class=\"wp-block-uagb-table-of-contents uagb-toc__align-left uagb-toc__columns-1  uagb-block-6abf06a5\"\n\t\t\t\t\tdata-scroll= \"1\"\n\t\t\t\t\tdata-offset= \"30\"\n\t\t\t\t\tstyle=\"\"\n\t\t\t\t>\n\t\t\t\t<div class=\"uagb-toc__wrap\">\n\t\t\t\t\t\t<div class=\"uagb-toc__title\">\n\t\t\t\t\t\t\tUnit\u00e9s a\u00e9riennes UEF Tech 2:\t\t\t\t\t\t<\/div>\n\t\t\t\t\t\t\t\t\t\t\t\t\t\t\t\t<div class=\"uagb-toc__list-wrap\">\n\t\t\t\t\t\t<ol class=\"uagb-toc__list\"><li class=\"uagb-toc__list\"><a href=\"#janus-bomber\" class=\"uagb-toc-link__trigger\">JANUS - BOMBER<\/a><li class=\"uagb-toc__list\"><a href=\"#stork-torpedo-bomber\" class=\"uagb-toc-link__trigger\">STORK - BOMBER TORPEDO<\/a><li class=\"uagb-toc__list\"><a href=\"#stinger-gunship\" class=\"uagb-toc-link__trigger\">STINGER - GUNSHIP<\/a><li class=\"uagb-toc__list\"><a href=\"#c14-star-lifter-air-transport\" class=\"uagb-toc-link__trigger\">C14 STAR LIFTER - TRANSPORT A\u00c9RIEN<\/a><\/ol>\t\t\t\t\t<\/div>\n\t\t\t\t\t\t\t\t\t<\/div>\n\t\t\t\t<\/div>\n\t\t\t\n\n\n<section class=\"wp-block-uagb-columns uagb-columns__wrap uagb-columns__background-undefined uagb-columns__stack-mobile uagb-columns__valign-undefined uagb-columns__gap-10 alignundefined uagb-block-d240b4ac\"><div class=\"uagb-columns__overlay\"><\/div><div class=\"uagb-columns__inner-wrap uagb-columns__columns-1\">\n<div class=\"wp-block-uagb-column uagb-column__wrap uagb-column__background-undefined uagb-block-abd247f3\"><div class=\"uagb-column__overlay\"><\/div><div class=\"uagb-column__inner-wrap\">\n<h2 class=\"wp-block-heading\"><strong>JANUS<\/strong> - BOMBER<\/h2>\n\n\n\n<p><a href=\"https:\/\/www.standardof.net\/wp-content\/uploads\/2011\/10\/SupremeCommander-2011-10-15-14-16-50-12.png\" class=\"rank-math-link\" target=\"_blank\" rel=\"noopener\"><\/a>Le Janus remplit une tr\u00e8s petite niche: utiliser votre sup\u00e9riorit\u00e9 a\u00e9rienne pour tuer des unit\u00e9s terrestres lorsque vous n&#039;avez pas encore besoin de bombardiers strat\u00e9giques T3. Ils sont plus puissants que les navires de combat, mais leur large arc apr\u00e8s avoir tir\u00e9 leur napalm signifie qu&#039;ils seront m\u00e2ch\u00e9s par la d\u00e9fense a\u00e9rienne, tout comme les bombardiers T1. Si votre adversaire ne peut pas garder ses intercepteurs en l&#039;air, construisez-en quelques-uns jusqu&#039;\u00e0 ce qu&#039;il construise plus de combattants.<br><em>* Cette unit\u00e9 a \u00e9t\u00e9 ajout\u00e9e dans un patch *<\/em><\/p>\n\n\n\n<div class=\"wp-block-image\"><figure class=\"aligncenter size-large\"><a href=\"https:\/\/supcom.standardof.net\/fr\/supreme-commander\/uef\/unites-air-tech-2-uef\/janus-bomber-supreme-commander-uef-air-units-t2\/\"><img decoding=\"async\" width=\"492\" height=\"447\" src=\"https:\/\/supcom.standardof.net\/wp-content\/uploads\/sites\/8\/2020\/11\/JANUS-BOMBER-Supreme-Commander-UEF-Air-Units-T2.jpg\" alt=\"Le Janus Bomber, unit\u00e9 a\u00e9rienne UEF Tech 2 dans Supreme Commander.\" class=\"wp-image-365\" srcset=\"https:\/\/supcom.standardof.net\/wp-content\/uploads\/sites\/8\/2020\/11\/JANUS-BOMBER-Supreme-Commander-UEF-Air-Units-T2.jpg 492w, https:\/\/supcom.standardof.net\/wp-content\/uploads\/sites\/8\/2020\/11\/JANUS-BOMBER-Supreme-Commander-UEF-Air-Units-T2-200x182.jpg 200w, https:\/\/supcom.standardof.net\/wp-content\/uploads\/sites\/8\/2020\/11\/JANUS-BOMBER-Supreme-Commander-UEF-Air-Units-T2-13x12.jpg 13w\" sizes=\"(max-width: 492px) 100vw, 492px\" \/><\/a><figcaption>JANUS - BOMBER<\/figcaption><\/figure><\/div>\n\n\n\n<section class=\"wp-block-uagb-columns uagb-columns__wrap uagb-columns__background-undefined uagb-columns__stack-mobile uagb-columns__valign-undefined uagb-columns__gap-10 alignundefined uagb-block-d06f575f\"><div class=\"uagb-columns__overlay\"><\/div><div class=\"uagb-columns__inner-wrap uagb-columns__columns-2\">\n<div class=\"wp-block-uagb-column uagb-column__wrap uagb-column__background-undefined uagb-block-374152b0\"><div class=\"uagb-column__overlay\"><\/div><div class=\"uagb-column__inner-wrap\">\n<h3 class=\"wp-block-heading\">Statistiques de Janus<\/h3>\n\n\n\n<p><strong>Armure:<\/strong> 75hp (l\u00e9ger)<br><strong>Co\u00fbt:<\/strong> M432, E8640, T1440<br><strong>Intel:<\/strong> vue: 32 (625m)<br><strong>La physique<\/strong><br>vitesse max: 12 (234m \/ s)<br>d\u00e9nivel\u00e9: 18 (352m)<br>distance d&#039;engagement: 50 (977m)<br>vitesse de rotation: 0,6<br><strong>Classe de transport:<\/strong> 3<br><strong>V\u00e9t\u00e9ran:<\/strong> 5, 10, 25, 50, 100 victimes<br><em>* v\u00e9t\u00e9ran niveau 2: +19 pv<br>* v\u00e9t\u00e9ran niveau 4: +19 pv<br>* v\u00e9t\u00e9ran niveau 5: r\u00e9parer 1 hp \/ s<\/em><\/p>\n<\/div><\/div>\n\n\n\n<div class=\"wp-block-uagb-column uagb-column__wrap uagb-column__background-undefined uagb-block-285df0be\"><div class=\"uagb-column__overlay\"><\/div><div class=\"uagb-column__inner-wrap\">\n<h3 class=\"wp-block-heading\">Armes Janus<\/h3>\n\n\n\n<p><strong>Bombe de tapis au napalm<\/strong><br><em>(Ordinaire)<\/em><br>480,00 dps,<br><strong>surface:<\/strong> 2,5 (48,8 m)<br><strong>intervalle:<\/strong> 40 (781 m)<br><strong>arme \u00e0 projectile:<\/strong> 15 \u00d7 8 d\u00e9g\u00e2ts sur 1s x 8 projectiles = 960 d\u00e9g\u00e2ts<br><strong>cadence de tir:<\/strong> 0,5 (toutes les 2 s)<br><em>* v\u00e9t\u00e9ran niveau 1: +30 d\u00e9g\u00e2ts<br>* v\u00e9t\u00e9ran niveau 3: +30 d\u00e9g\u00e2ts<\/em><\/p>\n\n\n\n<p><strong>Crash a\u00e9rien<br><\/strong><em>(D\u00e9c\u00e8s)<\/em><br>200 d\u00e9g\u00e2ts<br><strong>surface:<\/strong> 1 (19,5 m)<\/p>\n<\/div><\/div>\n<\/div><\/section>\n<\/div><\/div>\n<\/div><\/section>\n\n\n\n<section class=\"wp-block-uagb-columns uagb-columns__wrap uagb-columns__background-undefined uagb-columns__stack-mobile uagb-columns__valign-undefined uagb-columns__gap-10 alignundefined uagb-block-e495a760\"><div class=\"uagb-columns__overlay\"><\/div><div class=\"uagb-columns__inner-wrap uagb-columns__columns-1\">\n<div class=\"wp-block-uagb-column uagb-column__wrap uagb-column__background-undefined uagb-block-bb0800dc\"><div class=\"uagb-column__overlay\"><\/div><div class=\"uagb-column__inner-wrap\">\n<h2 class=\"wp-block-heading\"><strong>CIGOGNE <\/strong>- BOMBER TORPEDO<\/h2>\n\n\n\n<p><a href=\"https:\/\/www.standardof.net\/wp-content\/uploads\/2011\/10\/SupremeCommander-2011-10-15-14-16-04-48.png\" class=\"rank-math-link\" target=\"_blank\" rel=\"noopener\"><\/a>Les bombardiers torpilleurs sont pratiquement inutiles. Ils co\u00fbtent beaucoup de masse pour une unit\u00e9 qui part en mission suicide de toute fa\u00e7on (puisque la plupart des navires ont des d\u00e9fenses a\u00e9riennes d\u00e9centes), leur torpille peut \u00eatre abattue par des navires ennemis, et leur trajectoire de vol semblable \u00e0 un bombardier les rend plus susceptibles de s&#039;\u00e9garer dans la base ennemie qu&#039;un vaisseau de combat. Si vous ne pouvez pas prendre pied dans l&#039;oc\u00e9an et que vous avez besoin de vider les sous-groupes de chasse, construisez-en une douzaine; sinon, tenez-vous-en aux navires de combat.<\/p>\n\n\n\n<div class=\"wp-block-image\"><figure class=\"aligncenter size-large\"><a href=\"https:\/\/supcom.standardof.net\/fr\/supreme-commander\/uef\/unites-air-tech-2-uef\/stork-torpedo-bomber-supreme-commander-uef-air-units-t2\/\"><img decoding=\"async\" width=\"519\" height=\"285\" src=\"https:\/\/supcom.standardof.net\/wp-content\/uploads\/sites\/8\/2020\/11\/STORK-TORPEDO-BOMBER-Supreme-Commander-UEF-Air-Units-T2.jpg\" alt=\"Le bombardier torpille Stork, unit\u00e9 a\u00e9rienne UEF Tech 2 dans Supreme Commander.\" class=\"wp-image-363\" srcset=\"https:\/\/supcom.standardof.net\/wp-content\/uploads\/sites\/8\/2020\/11\/STORK-TORPEDO-BOMBER-Supreme-Commander-UEF-Air-Units-T2.jpg 519w, https:\/\/supcom.standardof.net\/wp-content\/uploads\/sites\/8\/2020\/11\/STORK-TORPEDO-BOMBER-Supreme-Commander-UEF-Air-Units-T2-512x281.jpg 512w, https:\/\/supcom.standardof.net\/wp-content\/uploads\/sites\/8\/2020\/11\/STORK-TORPEDO-BOMBER-Supreme-Commander-UEF-Air-Units-T2-200x110.jpg 200w, https:\/\/supcom.standardof.net\/wp-content\/uploads\/sites\/8\/2020\/11\/STORK-TORPEDO-BOMBER-Supreme-Commander-UEF-Air-Units-T2-16x9.jpg 16w\" sizes=\"(max-width: 519px) 100vw, 519px\" \/><\/a><figcaption>STORK - BOMBER TORPEDO<\/figcaption><\/figure><\/div>\n\n\n\n<section class=\"wp-block-uagb-columns uagb-columns__wrap uagb-columns__background-undefined uagb-columns__stack-mobile uagb-columns__valign-undefined uagb-columns__gap-10 alignundefined uagb-block-f799f4cf\"><div class=\"uagb-columns__overlay\"><\/div><div class=\"uagb-columns__inner-wrap uagb-columns__columns-2\">\n<div class=\"wp-block-uagb-column uagb-column__wrap uagb-column__background-undefined uagb-block-b7e3d7a8\"><div class=\"uagb-column__overlay\"><\/div><div class=\"uagb-column__inner-wrap\">\n<h3 class=\"wp-block-heading\">Stork Stats<\/h3>\n\n\n\n<p><strong>Armure:<\/strong> 130 ch (l\u00e9ger)<br><strong>Capacit\u00e9s:<\/strong> Sonar<br><strong>Co\u00fbt:<\/strong> M600, E6300, T1000<br><strong>Intel:<\/strong> vue: 32 (625m)<br>sonar: 40 (781 m)<br><strong>La physique<\/strong><br>vitesse max: 15 (293m \/ s)<br>d\u00e9nivel\u00e9: 18 (352m)<br>distance d&#039;engagement: 75 (1,46 km)<br><strong>Classe de transport:<\/strong> 2<br><strong>V\u00e9t\u00e9ran:<\/strong> 15, 30, 75, 150, 300 victimes<br><em>* v\u00e9t\u00e9ran niveau 2: +33 hp<br>* v\u00e9t\u00e9ran niveau 4: +33 hp<br>* v\u00e9t\u00e9ran niveau 5: r\u00e9parer 1 hp \/ s<\/em><\/p>\n<\/div><\/div>\n\n\n\n<div class=\"wp-block-uagb-column uagb-column__wrap uagb-column__background-undefined uagb-block-1b2144b2\"><div class=\"uagb-column__overlay\"><\/div><div class=\"uagb-column__inner-wrap\">\n<h3 class=\"wp-block-heading\">Armes de cigogne<\/h3>\n\n\n\n<p><strong>P\u00eacheur torpille<\/strong><br><em>(Anti Marine)<\/em><br>130,00 dps<br><strong>intervalle:<\/strong> 4 (78,1 m) - 19 (371 m)<br><strong>arme \u00e0 projectile:<\/strong> 650 d\u00e9g\u00e2ts<br><strong>cadence de tir:<\/strong> 0,2 (toutes les 5 s),<br><strong>tir au hasard:<\/strong> 3<br><em>* v\u00e9t\u00e9ran niveau 1: +163 d\u00e9g\u00e2ts<br>* v\u00e9t\u00e9ran niveau 3: +163 d\u00e9g\u00e2ts<\/em><\/p>\n\n\n\n<p><strong>Crash a\u00e9rien<\/strong><br><em>(D\u00e9c\u00e8s)<br><\/em>&nbsp;&nbsp;&nbsp;&nbsp;&nbsp; 150 d\u00e9g\u00e2ts<br><strong>surface:<\/strong> 1 (19,5 m)<\/p>\n<\/div><\/div>\n<\/div><\/section>\n<\/div><\/div>\n<\/div><\/section>\n\n\n\n<section class=\"wp-block-uagb-columns uagb-columns__wrap uagb-columns__background-undefined uagb-columns__stack-mobile uagb-columns__valign-undefined uagb-columns__gap-10 alignundefined uagb-block-43f283a2\"><div class=\"uagb-columns__overlay\"><\/div><div class=\"uagb-columns__inner-wrap uagb-columns__columns-1\">\n<div class=\"wp-block-uagb-column uagb-column__wrap uagb-column__background-undefined uagb-block-d65d52a0\"><div class=\"uagb-column__overlay\"><\/div><div class=\"uagb-column__inner-wrap\">\n<h2 class=\"wp-block-heading\"><strong>STINGER <\/strong>- GUNSHIP<\/h2>\n\n\n\n<p><a href=\"https:\/\/www.standardof.net\/wp-content\/uploads\/2011\/10\/SupremeCommander-2011-10-15-14-16-26-92.png\" class=\"rank-math-link\" target=\"_blank\" rel=\"noopener\"><\/a>Les navires de combat de l&#039;UEF ont du mal \u00e0 tirer sur d&#039;autres unit\u00e9s a\u00e9riennes \u00abvolant \u00e0 basse altitude\u00bb comme les navires de combat, mais en retour, ils peuvent \u00eatre utilis\u00e9s \u00e0 la place des transports a\u00e9riens si vous avez juste besoin de ramasser quelques gars et de les poser sur une rivi\u00e8re, ou si vous en avez besoin plus de transports et vous n&#039;avez pas le temps de les construire. Et cela ne mentionne m\u00eame pas le fait qu&#039;ils sont terrifiants contre des adversaires non pr\u00e9par\u00e9s, capables de m\u00e2cher les d\u00e9fenses a\u00e9riennes T1 et de tuer l&#039;ACU \u00e0 l&#039;int\u00e9rieur. Ils sont la premi\u00e8re raison de construire des intercepteurs - afin que vos vaisseaux de combat puissent se d\u00e9placer, for\u00e7ant l&#039;adversaire \u00e0 se battre pour chaque patch de masse.<\/p>\n\n\n\n<div class=\"wp-block-image\"><figure class=\"aligncenter size-large\"><a href=\"https:\/\/supcom.standardof.net\/fr\/supreme-commander\/uef\/unites-air-tech-2-uef\/stinger-gunship-supreme-commander-uef-air-units-t2\/\"><img decoding=\"async\" width=\"435\" height=\"357\" src=\"https:\/\/supcom.standardof.net\/wp-content\/uploads\/sites\/8\/2020\/11\/STINGER-GUNSHIP-Supreme-Commander-UEF-Air-Units-T2.jpg\" alt=\"Le Stinger Gunship, unit\u00e9 a\u00e9rienne UEF Tech 2 dans Supreme Commander.\" class=\"wp-image-366\" srcset=\"https:\/\/supcom.standardof.net\/wp-content\/uploads\/sites\/8\/2020\/11\/STINGER-GUNSHIP-Supreme-Commander-UEF-Air-Units-T2.jpg 435w, https:\/\/supcom.standardof.net\/wp-content\/uploads\/sites\/8\/2020\/11\/STINGER-GUNSHIP-Supreme-Commander-UEF-Air-Units-T2-200x164.jpg 200w, https:\/\/supcom.standardof.net\/wp-content\/uploads\/sites\/8\/2020\/11\/STINGER-GUNSHIP-Supreme-Commander-UEF-Air-Units-T2-16x12.jpg 16w\" sizes=\"(max-width: 435px) 100vw, 435px\" \/><\/a><figcaption>STINGER - GUNSHIP<\/figcaption><\/figure><\/div>\n\n\n\n<section class=\"wp-block-uagb-columns uagb-columns__wrap uagb-columns__background-undefined uagb-columns__stack-mobile uagb-columns__valign-undefined uagb-columns__gap-10 alignundefined uagb-block-bea3076c\"><div class=\"uagb-columns__overlay\"><\/div><div class=\"uagb-columns__inner-wrap uagb-columns__columns-2\">\n<div class=\"wp-block-uagb-column uagb-column__wrap uagb-column__background-undefined uagb-block-f3303a61\"><div class=\"uagb-column__overlay\"><\/div><div class=\"uagb-column__inner-wrap\">\n<h3 class=\"wp-block-heading\">Statistiques Stinger<\/h3>\n\n\n\n<p><strong>Armure:<\/strong> 120hp (l\u00e9ger)<br><strong>Capacit\u00e9s:<\/strong> Crochet de transport (porte une unit\u00e9 terrestre T1 ou T2)<br><strong>Co\u00fbt:<\/strong> M432, E8640, T1440<br><strong>Intel:<\/strong> vue: 32 (625m)<br><strong>La physique<\/strong><br>vitesse max: 12 (234m \/ s)<br>d\u00e9nivel\u00e9: 10 (195m)<br><strong>Classe de transport:<\/strong> 2<br><strong>V\u00e9t\u00e9ran:<\/strong> 15, 30, 75, 150, 300 victimes<br><em>* v\u00e9t\u00e9ran niveau 2: +30 ch,<br>* v\u00e9t\u00e9ran niveau 4: +30 ch,<br>* v\u00e9t\u00e9ran niveau 5: r\u00e9parer 1 hp \/ s<\/em><\/p>\n<\/div><\/div>\n\n\n\n<div class=\"wp-block-uagb-column uagb-column__wrap uagb-column__background-undefined uagb-block-dd17fee9\"><div class=\"uagb-column__overlay\"><\/div><div class=\"uagb-column__inner-wrap\">\n<h3 class=\"wp-block-heading\">Armes de Stinger<\/h3>\n\n\n\n<p><strong>Pistolet anti-\u00e9meute Hells Fury<br><\/strong><em>(Tir direct)<br><\/em>&nbsp;&nbsp;&nbsp;&nbsp; 72,00 dps<br><strong>intervalle:<\/strong> 22 (430 m)<br><strong>arme \u00e0 projectile:<\/strong> 24 d\u00e9g\u00e2ts<br><strong>cadence de tir:<\/strong> 3 (toutes les 0,33 s)<br><em>* v\u00e9t\u00e9ran niveau 1: +6 d\u00e9g\u00e2ts<br>* v\u00e9t\u00e9ran niveau 3: +6 d\u00e9g\u00e2ts<br><\/em><br><strong>Crash a\u00e9rien<\/strong><br><em>(D\u00e9c\u00e8s)<\/em><br>100 d\u00e9g\u00e2ts<br><strong>surface:<\/strong> 1 (19,5 m)<\/p>\n<\/div><\/div>\n<\/div><\/section>\n<\/div><\/div>\n<\/div><\/section>\n\n\n\n<section class=\"wp-block-uagb-columns uagb-columns__wrap uagb-columns__background-undefined uagb-columns__stack-mobile uagb-columns__valign-undefined uagb-columns__gap-10 alignundefined uagb-block-b0e6c92f\"><div class=\"uagb-columns__overlay\"><\/div><div class=\"uagb-columns__inner-wrap uagb-columns__columns-1\">\n<div class=\"wp-block-uagb-column uagb-column__wrap uagb-column__background-undefined uagb-block-f309ff6f\"><div class=\"uagb-column__overlay\"><\/div><div class=\"uagb-column__inner-wrap\">\n<h2 class=\"wp-block-heading\"><strong>C14 STAR LIFTER<\/strong> - TRANSPORT A\u00c9RIEN<\/h2>\n\n\n\n<p><a href=\"https:\/\/www.standardof.net\/wp-content\/uploads\/2011\/10\/SupremeCommander-2011-10-15-14-17-18-27.png\" class=\"rank-math-link\" target=\"_blank\" rel=\"noopener\"><\/a>S&#039;il est bon que le transport a\u00e9rien puisse se d\u00e9fendre, sa principale m\u00e9thode de d\u00e9fense est son blindage \u00ablourd\u00bb, qui lui permet de prendre quelques tirs depuis les d\u00e9fenses a\u00e9riennes tout en laissant tomber sa cargaison. Ils transportent deux fois plus d&#039;unit\u00e9s qu&#039;un transport T1: 12 gars T1, 6 gars T2, 3 gars T3 ou un ACU \/ SCU. Si votre commandant est transport\u00e9, il ne mourra pas avec le transport a\u00e9rien.<\/p>\n\n\n\n<div class=\"wp-block-image\"><figure class=\"aligncenter size-large\"><a href=\"https:\/\/supcom.standardof.net\/fr\/supreme-commander\/uef\/unites-air-tech-2-uef\/c14-star-lifter-air-transport-supreme-commander-uef-air-units-t2\/\"><img decoding=\"async\" width=\"630\" height=\"435\" src=\"https:\/\/supcom.standardof.net\/wp-content\/uploads\/sites\/8\/2020\/11\/C14-STAR-LIFTER-AIR-TRANSPORT-Supreme-Commander-UEF-Air-Units-T2.jpg\" alt=\"Le C14 Star Lifter Air Transport, unit\u00e9 a\u00e9rienne UEF Tech 2 dans Supreme Commander.\" class=\"wp-image-364\" srcset=\"https:\/\/supcom.standardof.net\/wp-content\/uploads\/sites\/8\/2020\/11\/C14-STAR-LIFTER-AIR-TRANSPORT-Supreme-Commander-UEF-Air-Units-T2.jpg 630w, https:\/\/supcom.standardof.net\/wp-content\/uploads\/sites\/8\/2020\/11\/C14-STAR-LIFTER-AIR-TRANSPORT-Supreme-Commander-UEF-Air-Units-T2-512x354.jpg 512w, https:\/\/supcom.standardof.net\/wp-content\/uploads\/sites\/8\/2020\/11\/C14-STAR-LIFTER-AIR-TRANSPORT-Supreme-Commander-UEF-Air-Units-T2-200x138.jpg 200w, https:\/\/supcom.standardof.net\/wp-content\/uploads\/sites\/8\/2020\/11\/C14-STAR-LIFTER-AIR-TRANSPORT-Supreme-Commander-UEF-Air-Units-T2-16x12.jpg 16w\" sizes=\"(max-width: 630px) 100vw, 630px\" \/><\/a><figcaption>C14 STAR LIFTER - TRANSPORT A\u00c9RIEN<\/figcaption><\/figure><\/div>\n\n\n\n<section class=\"wp-block-uagb-columns uagb-columns__wrap uagb-columns__background-undefined uagb-columns__stack-mobile uagb-columns__valign-undefined uagb-columns__gap-10 alignundefined uagb-block-be21d7df\"><div class=\"uagb-columns__overlay\"><\/div><div class=\"uagb-columns__inner-wrap uagb-columns__columns-2\">\n<div class=\"wp-block-uagb-column uagb-column__wrap uagb-column__background-undefined uagb-block-195f6658\"><div class=\"uagb-column__overlay\"><\/div><div class=\"uagb-column__inner-wrap\">\n<h3 class=\"wp-block-heading\">Statistiques du C14 Star Lifter<\/h3>\n\n\n\n<p><strong>Armure:<\/strong> 210hp (l\u00e9ger)<br><strong>Capacit\u00e9s:<\/strong> Transport T2: transporte des ACU, des unit\u00e9s terrestres T1-T3<br><strong>Co\u00fbt:<\/strong> M320, E12800, T1600<br><strong>Intel:<\/strong> vue: 32 (625m)<br><strong>La physique<\/strong><br>vitesse max: 18 (352m \/ s)<br>d\u00e9nivel\u00e9: 10 (195m)<br><strong>Classe de transport:<\/strong> dix<br>taille d&#039;attache de classe 2: 2<br>taille d&#039;attache de classe 3: 4<br><strong>V\u00e9t\u00e9ran:<\/strong> 15, 30, 75, 150, 300 victimes<br><em>* v\u00e9t\u00e9ran niveau 2: +53 ch<br>* v\u00e9t\u00e9ran niveau 4: +53 ch<br>* v\u00e9t\u00e9ran niveau 5: r\u00e9parer 1 hp \/ s<\/em><\/p>\n<\/div><\/div>\n\n\n\n<div class=\"wp-block-uagb-column uagb-column__wrap uagb-column__background-undefined uagb-block-eb025a83\"><div class=\"uagb-column__overlay\"><\/div><div class=\"uagb-column__inner-wrap\">\n<h3 class=\"wp-block-heading\">Armes C14 Star Lifter<\/h3>\n\n\n\n<p>2x <strong>Pistolet anti-\u00e9meute Hells Fury<\/strong><br><em>(Tir direct)<\/em><br>6,00 dps<br><strong>intervalle:<\/strong> 22 (430 m)<br><strong>arme \u00e0 projectile:<\/strong> 2 d\u00e9g\u00e2ts<br><strong>cadence de tir:<\/strong> 3 (toutes les 0,33 s)<br><em>* v\u00e9t\u00e9ran niveau 1: +1 d\u00e9g\u00e2ts<br>* v\u00e9t\u00e9ran niveau 3: +1 d\u00e9g\u00e2ts<\/em><\/p>\n\n\n\n<p>2x <strong>Railgun li\u00e9<\/strong><br><em>(Anti-air)<\/em><br>16,00 dps<br><strong>intervalle:<\/strong> 20 (391 m)<br><strong>arme \u00e0 projectile:<\/strong> 8 d\u00e9g\u00e2ts x 2 projectiles = 16 d\u00e9g\u00e2ts par salve<br><strong>cadence de tir:<\/strong> 1 (toutes les 1s)<br><em>* v\u00e9t\u00e9ran niveau 1: +2 d\u00e9g\u00e2ts<br>* v\u00e9t\u00e9ran niveau 3: +2 d\u00e9g\u00e2ts<br><\/em><br><strong>Crash a\u00e9rien<\/strong><br><em>(D\u00e9c\u00e8s)<\/em><br>25 d\u00e9g\u00e2ts<br><strong>surface:<\/strong> 1 (19,5 m)<\/p>\n<\/div><\/div>\n<\/div><\/section>\n<\/div><\/div>\n<\/div><\/section>\n\n\n\n<p><\/p>","protected":false},"excerpt":{"rendered":"<p>JANUS \u2013 BOMBER The Janus fills a very small niche: using your air superiority to kill ground units when you don&#8217;t yet need T3 strategic bombers. They&#8217;re more powerful than gunships, but their wide arc after firing their napalm means that they&#8217;ll get chewed up by air defense just like T1 bombers. If your opponent [&hellip;]<\/p>","protected":false},"author":1,"featured_media":0,"parent":231,"menu_order":0,"comment_status":"open","ping_status":"closed","template":"","meta":{"_uag_custom_page_level_css":"","site-sidebar-layout":"default","site-content-layout":"default","ast-site-content-layout":"","site-content-style":"default","site-sidebar-style":"default","ast-global-header-display":"","ast-banner-title-visibility":"","ast-main-header-display":"","ast-hfb-above-header-display":"","ast-hfb-below-header-display":"","ast-hfb-mobile-header-display":"","site-post-title":"","ast-breadcrumbs-content":"","ast-featured-img":"","footer-sml-layout":"","theme-transparent-header-meta":"default","adv-header-id-meta":"","stick-header-meta":"","header-above-stick-meta":"","header-main-stick-meta":"","header-below-stick-meta":"","astra-migrate-meta-layouts":"default","ast-page-background-enabled":"default","ast-page-background-meta":{"desktop":{"background-color":"","background-image":"","background-repeat":"repeat","background-position":"center center","background-size":"auto","background-attachment":"scroll","background-type":"","background-media":"","overlay-type":"","overlay-color":"","overlay-gradient":""},"tablet":{"background-color":"","background-image":"","background-repeat":"repeat","background-position":"center center","background-size":"auto","background-attachment":"scroll","background-type":"","background-media":"","overlay-type":"","overlay-color":"","overlay-gradient":""},"mobile":{"background-color":"","background-image":"","background-repeat":"repeat","background-position":"center center","background-size":"auto","background-attachment":"scroll","background-type":"","background-media":"","overlay-type":"","overlay-color":"","overlay-gradient":""}},"ast-content-background-meta":{"desktop":{"background-color":"var(--ast-global-color-5)","background-image":"","background-repeat":"repeat","background-position":"center center","background-size":"auto","background-attachment":"scroll","background-type":"","background-media":"","overlay-type":"","overlay-color":"","overlay-gradient":""},"tablet":{"background-color":"var(--ast-global-color-5)","background-image":"","background-repeat":"repeat","background-position":"center center","background-size":"auto","background-attachment":"scroll","background-type":"","background-media":"","overlay-type":"","overlay-color":"","overlay-gradient":""},"mobile":{"background-color":"var(--ast-global-color-5)","background-image":"","background-repeat":"repeat","background-position":"center center","background-size":"auto","background-attachment":"scroll","background-type":"","background-media":"","overlay-type":"","overlay-color":"","overlay-gradient":""}},"footnotes":""},"uagb_featured_image_src":{"full":false,"thumbnail":false,"medium":false,"medium_large":false,"large":false,"1536x1536":false,"2048x2048":false,"trp-custom-language-flag":false},"uagb_author_info":{"display_name":"SOE","author_link":"https:\/\/supcom.standardof.net\/fr\/author\/k-tastic\/"},"uagb_comment_info":0,"uagb_excerpt":"JANUS \u2013 BOMBER The Janus fills a very small niche: using your air superiority to kill ground units when you don&#8217;t yet need T3 strategic bombers. They&#8217;re more powerful than gunships, but their wide arc after firing their napalm means that they&#8217;ll get chewed up by air defense just like T1 bombers. If your opponent&hellip;","_links":{"self":[{"href":"https:\/\/supcom.standardof.net\/fr\/wp-json\/wp\/v2\/pages\/361"}],"collection":[{"href":"https:\/\/supcom.standardof.net\/fr\/wp-json\/wp\/v2\/pages"}],"about":[{"href":"https:\/\/supcom.standardof.net\/fr\/wp-json\/wp\/v2\/types\/page"}],"author":[{"embeddable":true,"href":"https:\/\/supcom.standardof.net\/fr\/wp-json\/wp\/v2\/users\/1"}],"replies":[{"embeddable":true,"href":"https:\/\/supcom.standardof.net\/fr\/wp-json\/wp\/v2\/comments?post=361"}],"version-history":[{"count":0,"href":"https:\/\/supcom.standardof.net\/fr\/wp-json\/wp\/v2\/pages\/361\/revisions"}],"up":[{"embeddable":true,"href":"https:\/\/supcom.standardof.net\/fr\/wp-json\/wp\/v2\/pages\/231"}],"wp:attachment":[{"href":"https:\/\/supcom.standardof.net\/fr\/wp-json\/wp\/v2\/media?parent=361"}],"curies":[{"name":"wp","href":"https:\/\/api.w.org\/{rel}","templated":true}]}}