{"id":369,"date":"2020-11-01T13:42:58","date_gmt":"2020-11-01T18:42:58","guid":{"rendered":"https:\/\/supcom.standardof.net\/?page_id=369"},"modified":"2020-11-03T23:06:44","modified_gmt":"2020-11-04T04:06:44","slug":"tech-3-uef-air-units","status":"publish","type":"page","link":"https:\/\/supcom.standardof.net\/fr\/supreme-commander\/uef\/unites-air-tech-3-uef\/","title":{"rendered":"Tech 3 - Unit\u00e9s a\u00e9riennes UEF"},"content":{"rendered":"<div class=\"wp-block-uagb-table-of-contents uagb-toc__align-left uagb-toc__columns-1  uagb-block-15adfd84\"\n\t\t\t\t\tdata-scroll= \"1\"\n\t\t\t\t\tdata-offset= \"30\"\n\t\t\t\t\tstyle=\"\"\n\t\t\t\t>\n\t\t\t\t<div class=\"uagb-toc__wrap\">\n\t\t\t\t\t\t<div class=\"uagb-toc__title\">\n\t\t\t\t\t\t\tUnit\u00e9s a\u00e9riennes UEF Tech 3:\t\t\t\t\t\t<\/div>\n\t\t\t\t\t\t\t\t\t\t\t\t\t\t\t\t<div class=\"uagb-toc__list-wrap\">\n\t\t\t\t\t\t<ol class=\"uagb-toc__list\"><li class=\"uagb-toc__list\"><a href=\"#sr90-blackbird-spy-plane\" class=\"uagb-toc-link__trigger\">SR90 BLACKBIRD - AVION ESPION<\/a><li class=\"uagb-toc__list\"><a href=\"#wasp-air-superiority-fighter\" class=\"uagb-toc-link__trigger\">WASP - COMBATTANT DE LA SUPERIORIT\u00c9 A\u00c9RIENNE<\/a><li class=\"uagb-toc__list\"><a href=\"#ambassador-strategic-bomber\" class=\"uagb-toc-link__trigger\">AMBASSADEUR - BOMBER STRAT\u00c9GIQUE<\/a><li class=\"uagb-toc__list\"><a href=\"#broadsword-heavy-gunship\" class=\"uagb-toc-link__trigger\">BROADSWORD - ARMES LOURDES<\/a><\/ol>\t\t\t\t\t<\/div>\n\t\t\t\t\t\t\t\t\t<\/div>\n\t\t\t\t<\/div>\n\t\t\t\n\n\n<section class=\"wp-block-uagb-columns uagb-columns__wrap uagb-columns__background-undefined uagb-columns__stack-mobile uagb-columns__valign-undefined uagb-columns__gap-10 alignundefined uagb-block-000d1369\"><div class=\"uagb-columns__overlay\"><\/div><div class=\"uagb-columns__inner-wrap uagb-columns__columns-1\">\n<div class=\"wp-block-uagb-column uagb-column__wrap uagb-column__background-undefined uagb-block-9d9abfd9\"><div class=\"uagb-column__overlay\"><\/div><div class=\"uagb-column__inner-wrap\">\n<h2 class=\"wp-block-heading\"><strong>SR90 BLACKBIRD<\/strong> - AVION ESPION<\/h2>\n\n\n\n<p><a href=\"https:\/\/www.standardof.net\/wp-content\/uploads\/2011\/10\/SupremeCommander-2011-10-15-15-02-28-03.png\" class=\"rank-math-link\" target=\"_blank\" rel=\"noopener\"><\/a>L&#039;avion espion prend un certain temps \u00e0 construire, mais il est toujours tr\u00e8s bon march\u00e9. Vous n&#039;aurez vraiment besoin que d&#039;un seul avion espion, car sa port\u00e9e de vue vous permet de voir les bords de la base ennemie sans \u00eatre abattu. \u00c0 moins qu&#039;ils n&#039;aient des d\u00e9fenses a\u00e9riennes T3, vous devriez \u00eatre en mesure de traverser la base ennemie avant qu&#039;ils ne vous rattrapent. En patrouille, je pr\u00e9f\u00e8re avoir des intercepteurs, mais pour simplement vous tenir au courant, un avion espion est plus rentable que d&#039;envoyer vos intercepteurs en mission de mort.<\/p>\n\n\n\n<div class=\"wp-block-image\"><figure class=\"aligncenter size-large\"><a href=\"https:\/\/supcom.standardof.net\/fr\/supreme-commander\/uef\/unites-air-tech-3-uef\/sr90-blackbird-spy-plane-supreme-commander-uef-air-units-t3\/\"><img decoding=\"async\" width=\"528\" height=\"396\" src=\"https:\/\/supcom.standardof.net\/wp-content\/uploads\/sites\/8\/2020\/11\/SR90-BLACKBIRD-SPY-PLANE-Supreme-Commander-UEF-Air-Units-T3.jpg\" alt=\"Le SR90 Blackbird Spy Plane, unit\u00e9 a\u00e9rienne UEF Tech 3 dans Supreme Commander.\" class=\"wp-image-374\" srcset=\"https:\/\/supcom.standardof.net\/wp-content\/uploads\/sites\/8\/2020\/11\/SR90-BLACKBIRD-SPY-PLANE-Supreme-Commander-UEF-Air-Units-T3.jpg 528w, https:\/\/supcom.standardof.net\/wp-content\/uploads\/sites\/8\/2020\/11\/SR90-BLACKBIRD-SPY-PLANE-Supreme-Commander-UEF-Air-Units-T3-512x384.jpg 512w, https:\/\/supcom.standardof.net\/wp-content\/uploads\/sites\/8\/2020\/11\/SR90-BLACKBIRD-SPY-PLANE-Supreme-Commander-UEF-Air-Units-T3-200x150.jpg 200w, https:\/\/supcom.standardof.net\/wp-content\/uploads\/sites\/8\/2020\/11\/SR90-BLACKBIRD-SPY-PLANE-Supreme-Commander-UEF-Air-Units-T3-16x12.jpg 16w\" sizes=\"(max-width: 528px) 100vw, 528px\" \/><\/a><figcaption>SR90 BLACKBIRD - AVION ESPION<\/figcaption><\/figure><\/div>\n\n\n\n<section class=\"wp-block-uagb-columns uagb-columns__wrap uagb-columns__background-undefined uagb-columns__stack-mobile uagb-columns__valign-undefined uagb-columns__gap-10 alignundefined uagb-block-644edc08\"><div class=\"uagb-columns__overlay\"><\/div><div class=\"uagb-columns__inner-wrap uagb-columns__columns-2\">\n<div class=\"wp-block-uagb-column uagb-column__wrap uagb-column__background-undefined uagb-block-31c36f02\"><div class=\"uagb-column__overlay\"><\/div><div class=\"uagb-column__inner-wrap\">\n<h3 class=\"wp-block-heading\">Statistiques SR90 Blackbird<\/h3>\n\n\n\n<p><strong>Armure:<\/strong> 30hp (l\u00e9ger)<br><strong>Capacit\u00e9s:<\/strong> Radar<br><strong>Co\u00fbt:<\/strong> M56, E2240, T420<br><strong>Intel:<\/strong> vue: 96 (1.88km)<br>radar: 96 (1,88 km)<br>omni: 30 (586 m)<br><strong>La physique<\/strong><br>vitesse max: 21 (410m \/ s)<br>d\u00e9nivel\u00e9: 25 (488m)<br><strong>Classe de transport:<\/strong> 3<br><em>* v\u00e9t\u00e9ran niveau 2: +8 pv<br>* v\u00e9t\u00e9ran niveau 4: +8 pv<br>* v\u00e9t\u00e9ran niveau 5: r\u00e9parer 1 hp \/ s<\/em><\/p>\n<\/div><\/div>\n\n\n\n<div class=\"wp-block-uagb-column uagb-column__wrap uagb-column__background-undefined uagb-block-d5c752a2\"><div class=\"uagb-column__overlay\"><\/div><div class=\"uagb-column__inner-wrap\">\n<h3 class=\"wp-block-heading\">Armes SR90 Blackbird<\/h3>\n\n\n\n<p><strong>Crash a\u00e9rien<\/strong><br><em>(D\u00e9c\u00e8s)<\/em><br>100 d\u00e9g\u00e2ts<br><strong>surface:<\/strong> 1 (19,5 m)<\/p>\n<\/div><\/div>\n<\/div><\/section>\n<\/div><\/div>\n<\/div><\/section>\n\n\n\n<section class=\"wp-block-uagb-columns uagb-columns__wrap uagb-columns__background-undefined uagb-columns__stack-mobile uagb-columns__valign-undefined uagb-columns__gap-10 alignundefined uagb-block-e4ac00c1\"><div class=\"uagb-columns__overlay\"><\/div><div class=\"uagb-columns__inner-wrap uagb-columns__columns-1\">\n<div class=\"wp-block-uagb-column uagb-column__wrap uagb-column__background-undefined uagb-block-9aedbfb3\"><div class=\"uagb-column__overlay\"><\/div><div class=\"uagb-column__inner-wrap\">\n<h2 class=\"wp-block-heading\"><strong>GU\u00caPE <\/strong>- COMBATTANT DE LA SUPERIORIT\u00c9 A\u00c9RIENNE<\/h2>\n\n\n\n<p><a href=\"https:\/\/www.standardof.net\/wp-content\/uploads\/2011\/10\/SupremeCommander-2011-10-15-15-02-13-87.png\" class=\"rank-math-link\" target=\"_blank\" rel=\"noopener\"><\/a>La Gu\u00eape est une unit\u00e9 anti-a\u00e9rienne tr\u00e8s co\u00fbteuse, vous ne devriez donc la construire que si vous pensez avoir besoin de tuer r\u00e9guli\u00e8rement des unit\u00e9s a\u00e9riennes ennemies. Ils volent si vite qu&#039;ils ne fourniront pas une couverture ad\u00e9quate pour un bombardement, mais ils peuvent entrer et tendre une embuscade \u00e0 la force d&#039;interception ennemie, et ils sont le meilleur moyen de g\u00e9rer les unit\u00e9s a\u00e9riennes exp\u00e9rimentales.<\/p>\n\n\n\n<div class=\"wp-block-image\"><figure class=\"aligncenter size-large\"><a href=\"https:\/\/supcom.standardof.net\/fr\/supreme-commander\/uef\/unites-air-tech-3-uef\/wasp-air-superiority-fighter-supreme-commander-uef-air-units-t3\/\"><img decoding=\"async\" width=\"489\" height=\"345\" src=\"https:\/\/supcom.standardof.net\/wp-content\/uploads\/sites\/8\/2020\/11\/WASP-AIR-SUPERIORITY-FIGHTER-Supreme-Commander-UEF-Air-Units-T3.jpg\" alt=\"Le Wasp Air Superiority Fighter, unit\u00e9 a\u00e9rienne UEF Tech 3 dans Supreme Commander.\" class=\"wp-image-371\" srcset=\"https:\/\/supcom.standardof.net\/wp-content\/uploads\/sites\/8\/2020\/11\/WASP-AIR-SUPERIORITY-FIGHTER-Supreme-Commander-UEF-Air-Units-T3.jpg 489w, https:\/\/supcom.standardof.net\/wp-content\/uploads\/sites\/8\/2020\/11\/WASP-AIR-SUPERIORITY-FIGHTER-Supreme-Commander-UEF-Air-Units-T3-200x141.jpg 200w, https:\/\/supcom.standardof.net\/wp-content\/uploads\/sites\/8\/2020\/11\/WASP-AIR-SUPERIORITY-FIGHTER-Supreme-Commander-UEF-Air-Units-T3-16x12.jpg 16w\" sizes=\"(max-width: 489px) 100vw, 489px\" \/><\/a><figcaption>WASP - COMBATTANT DE LA SUPERIORIT\u00c9 A\u00c9RIENNE<\/figcaption><\/figure><\/div>\n\n\n\n<section class=\"wp-block-uagb-columns uagb-columns__wrap uagb-columns__background-undefined uagb-columns__stack-mobile uagb-columns__valign-undefined uagb-columns__gap-10 alignundefined uagb-block-73f10c69\"><div class=\"uagb-columns__overlay\"><\/div><div class=\"uagb-columns__inner-wrap uagb-columns__columns-2\">\n<div class=\"wp-block-uagb-column uagb-column__wrap uagb-column__background-undefined uagb-block-43d953d5\"><div class=\"uagb-column__overlay\"><\/div><div class=\"uagb-column__inner-wrap\">\n<h3 class=\"wp-block-heading\">Statistiques de gu\u00eape<\/h3>\n\n\n\n<p><strong>Armure:<\/strong> 250hp (l\u00e9ger)<br><strong>Co\u00fbt:<\/strong> M360, E24000, T3600<br><strong>Intel:<\/strong> vue: 32 (625m)<br><strong>La physique<\/strong><br>vitesse max: 25 (488m \/ s),<br>d\u00e9nivel\u00e9: 20 (391m),<br>distance d&#039;engagement: 50 (977m)<br><strong>Classe de transport:<\/strong> 3<br><strong>V\u00e9t\u00e9ran:<\/strong> 5, 10, 25, 50, 100 victimes<br><em>* v\u00e9t\u00e9ran niveau 2: +63 pv,<br>* v\u00e9t\u00e9ran niveau 4: +63 pv,<br>* v\u00e9t\u00e9ran niveau 5: r\u00e9parer 1 hp \/ s<\/em><\/p>\n<\/div><\/div>\n\n\n\n<div class=\"wp-block-uagb-column uagb-column__wrap uagb-column__background-undefined uagb-block-df4ab5d0\"><div class=\"uagb-column__overlay\"><\/div><div class=\"uagb-column__inner-wrap\">\n<h3 class=\"wp-block-heading\">Armes de gu\u00eape<\/h3>\n\n\n\n<p>2x <strong>Faisceau d&#039;impulsions Ginsu<\/strong><br><em>(Anti-air)<\/em><br>40,00 dps,<br><strong>surface:<\/strong> 1 (19,5 m)<br><strong>intervalle:<\/strong> 24 (469m)<br><strong>arme \u00e0 projectile:<\/strong> 40 d\u00e9g\u00e2ts<br><strong>cadence de tir:<\/strong> 1 (toutes les 1s)<br><em>* v\u00e9t\u00e9ran niveau 1: +10 d\u00e9g\u00e2ts<br>* v\u00e9t\u00e9ran niveau 3: +10 d\u00e9g\u00e2ts<\/em><\/p>\n\n\n\n<p><strong>Crash a\u00e9rien<br><\/strong><em>(D\u00e9c\u00e8s)<\/em><br>200 d\u00e9g\u00e2ts<br><strong>surface:<\/strong> 1 (19,5 m)<\/p>\n<\/div><\/div>\n<\/div><\/section>\n<\/div><\/div>\n<\/div><\/section>\n\n\n\n<section class=\"wp-block-uagb-columns uagb-columns__wrap uagb-columns__background-undefined uagb-columns__stack-mobile uagb-columns__valign-undefined uagb-columns__gap-10 alignundefined uagb-block-b503a93c\"><div class=\"uagb-columns__overlay\"><\/div><div class=\"uagb-columns__inner-wrap uagb-columns__columns-1\">\n<div class=\"wp-block-uagb-column uagb-column__wrap uagb-column__background-undefined uagb-block-a3916b69\"><div class=\"uagb-column__overlay\"><\/div><div class=\"uagb-column__inner-wrap\">\n<h2 class=\"wp-block-heading\"><strong>AMBASSADEUR <\/strong>- BOMBER STRAT\u00c9GIQUE<\/h2>\n\n\n\n<p><a href=\"https:\/\/www.standardof.net\/wp-content\/uploads\/2011\/10\/SupremeCommander-2011-10-15-15-02-41-13.png\" class=\"rank-math-link\" target=\"_blank\" rel=\"noopener\"><\/a>Les bombardiers strat\u00e9giques construisent si lentement qu&#039;ils ont besoin d&#039;un grand groupe d&#039;ing\u00e9nieurs. Le mot \u00abstrat\u00e9gique\u00bb ne doit pas \u00eatre pris \u00e0 la l\u00e9g\u00e8re: ils peuvent en fait tuer des intercepteurs avec leurs pistolets anti-a\u00e9riens, ils volent assez haut pour qu&#039;il faille un certain temps \u00e0 un site SAM pour les tuer, et bien s\u00fbr leur bombe est redoutable. Ces choses sont gaspill\u00e9es sur les forces terrestres ennemies, car leur inexactitude les rend tout aussi susceptibles de tuer vos hommes que les leurs; au lieu de cela, stockez-les avec une \u00e9norme force d&#039;autres avions pour distraire les d\u00e9fenses a\u00e9riennes ennemies et utilisez-les pour une frappe chirurgicale sur un ACU, une pi\u00e8ce d&#039;artillerie ou une d\u00e9fense antimissile nucl\u00e9aire.<\/p>\n\n\n\n<div class=\"wp-block-image\"><figure class=\"aligncenter size-large\"><a href=\"https:\/\/supcom.standardof.net\/fr\/supreme-commander\/uef\/unites-air-tech-3-uef\/ambassador-strategic-bomber-supreme-commander-uef-air-units-t3\/\"><img decoding=\"async\" width=\"612\" height=\"399\" src=\"https:\/\/supcom.standardof.net\/wp-content\/uploads\/sites\/8\/2020\/11\/AMBASSADOR-STRATEGIC-BOMBER-Supreme-Commander-UEF-Air-Units-T3.jpg\" alt=\"L&#039;Ambassador Strategic Bomber, unit\u00e9 a\u00e9rienne UEF Tech 3 en Supreme Commander.\" class=\"wp-image-372\" srcset=\"https:\/\/supcom.standardof.net\/wp-content\/uploads\/sites\/8\/2020\/11\/AMBASSADOR-STRATEGIC-BOMBER-Supreme-Commander-UEF-Air-Units-T3.jpg 612w, https:\/\/supcom.standardof.net\/wp-content\/uploads\/sites\/8\/2020\/11\/AMBASSADOR-STRATEGIC-BOMBER-Supreme-Commander-UEF-Air-Units-T3-512x334.jpg 512w, https:\/\/supcom.standardof.net\/wp-content\/uploads\/sites\/8\/2020\/11\/AMBASSADOR-STRATEGIC-BOMBER-Supreme-Commander-UEF-Air-Units-T3-200x130.jpg 200w, https:\/\/supcom.standardof.net\/wp-content\/uploads\/sites\/8\/2020\/11\/AMBASSADOR-STRATEGIC-BOMBER-Supreme-Commander-UEF-Air-Units-T3-16x10.jpg 16w\" sizes=\"(max-width: 612px) 100vw, 612px\" \/><\/a><figcaption>AMBASSADEUR - BOMBER STRAT\u00c9GIQUE<\/figcaption><\/figure><\/div>\n\n\n\n<section class=\"wp-block-uagb-columns uagb-columns__wrap uagb-columns__background-undefined uagb-columns__stack-mobile uagb-columns__valign-undefined uagb-columns__gap-10 alignundefined uagb-block-5d4f54c0\"><div class=\"uagb-columns__overlay\"><\/div><div class=\"uagb-columns__inner-wrap uagb-columns__columns-2\">\n<div class=\"wp-block-uagb-column uagb-column__wrap uagb-column__background-undefined uagb-block-56a1084a\"><div class=\"uagb-column__overlay\"><\/div><div class=\"uagb-column__inner-wrap\">\n<h3 class=\"wp-block-heading\">Statistiques des ambassadeurs<\/h3>\n\n\n\n<p><strong>Armure:<\/strong> 150hp (l\u00e9ger)<br><strong>Capacit\u00e9s:<\/strong> Anti-air<br><strong>Co\u00fbt:<\/strong> M2160, E72000, T7200<br><strong>Intel:<\/strong> vue: 32 (625m)<br><strong>La physique:<\/strong><br>vitesse max: 15 (293m \/ s)<br>d\u00e9nivel\u00e9: 25 (488m)<br>distance d&#039;engagement: 50 (977m)<br><strong>Classe de transport:<\/strong> 3<br><strong>V\u00e9t\u00e9ran:<\/strong> 30, 60, 150, 300, 600 victimes<br><em>* v\u00e9t\u00e9ran niveau 2: +38 pv<br>* v\u00e9t\u00e9ran niveau 4: +38 pv<br>* v\u00e9t\u00e9ran niveau 5: r\u00e9parer 1 hp \/ s<\/em><\/p>\n<\/div><\/div>\n\n\n\n<div class=\"wp-block-uagb-column uagb-column__wrap uagb-column__background-undefined uagb-block-437a8368\"><div class=\"uagb-column__overlay\"><\/div><div class=\"uagb-column__inner-wrap\">\n<h3 class=\"wp-block-heading\">Armes d&#039;ambassadeur<\/h3>\n\n\n\n<p><strong>Bombe nucl\u00e9aire \u00e0 petit rendement<\/strong><br><em>(Bombe)<\/em><br>1300,00 dps,<br><strong>surface:<\/strong> 4,5 (87,9 m)<br><strong>intervalle:<\/strong> 5 (97,7 m)<br><strong>arme \u00e0 projectile:<\/strong> 6500 d\u00e9g\u00e2ts<br><strong>cadence de tir:<\/strong> 0,2 (toutes les 5 s)<br><strong>tir au hasard:<\/strong> 3<br><em>* v\u00e9t\u00e9ran niveau 1: +1625 d\u00e9g\u00e2ts<br>* v\u00e9t\u00e9ran niveau 3: +1625 d\u00e9g\u00e2ts<\/em><\/p>\n\n\n\n<p><strong>Railgun li\u00e9<br><\/strong><em>(Anti-air)<br><\/em>&nbsp;&nbsp;&nbsp;&nbsp; 120,00 dps<br><strong>intervalle:<\/strong> 44 (859m)<br><strong>arme \u00e0 projectile:<\/strong> 20 d\u00e9g\u00e2ts x 2 projectiles = 40 d\u00e9g\u00e2ts par salve<br><strong>cadence de tir:<\/strong> 3 (toutes les 0,33 s)<\/p>\n\n\n\n<p><strong>Crash a\u00e9rien<\/strong><br><em>(D\u00e9c\u00e8s)<br><\/em>&nbsp;&nbsp;&nbsp;&nbsp; 500 d\u00e9g\u00e2ts<br><strong>surface:<\/strong> 1 (19,5 m)<\/p>\n<\/div><\/div>\n<\/div><\/section>\n<\/div><\/div>\n<\/div><\/section>\n\n\n\n<section class=\"wp-block-uagb-columns uagb-columns__wrap uagb-columns__background-undefined uagb-columns__stack-mobile uagb-columns__valign-undefined uagb-columns__gap-10 alignundefined uagb-block-8ff6c23d\"><div class=\"uagb-columns__overlay\"><\/div><div class=\"uagb-columns__inner-wrap uagb-columns__columns-1\">\n<div class=\"wp-block-uagb-column uagb-column__wrap uagb-column__background-undefined uagb-block-bf2c4717\"><div class=\"uagb-column__overlay\"><\/div><div class=\"uagb-column__inner-wrap\">\n<h2 class=\"wp-block-heading\"><strong>GLAIVE <\/strong>- ARMES LOURDES<\/h2>\n\n\n\n<p><a href=\"https:\/\/www.standardof.net\/wp-content\/uploads\/2011\/10\/SupremeCommander-2011-10-15-15-02-58-40.png\" class=\"rank-math-link\" target=\"_blank\" rel=\"noopener\"><\/a>L&#039;unit\u00e9 unique de l&#039;UEF, la principale vertu du Heavy Gunship est son armure lourde. C&#039;est un vaisseau de combat, il est donc vuln\u00e9rable aux attaques d&#039;autres navires de combat ainsi que de l&#039;anti-a\u00e9rien anti-a\u00e9rien T2, mais la puissance de feu qu&#039;il peut fournir en fait une arme redoutable. Une lourde frappe de canonni\u00e8re peut d\u00e9vorer une force terrestre offensive pour le petit-d\u00e9jeuner, puis se retirer dans une installation de transit a\u00e9rien pendant que les combattants ennemis se heurtent \u00e0 votre mur de d\u00e9fense a\u00e9rienne.<\/p>\n\n\n\n<div class=\"wp-block-image\"><figure class=\"aligncenter size-large\"><a href=\"https:\/\/supcom.standardof.net\/fr\/supreme-commander\/uef\/unites-air-tech-3-uef\/broadsword-heavy-gunship-supreme-commander-uef-air-units-t3\/\"><img decoding=\"async\" width=\"453\" height=\"381\" src=\"https:\/\/supcom.standardof.net\/wp-content\/uploads\/sites\/8\/2020\/11\/BROADSWORD-HEAVY-GUNSHIP-Supreme-Commander-UEF-Air-Units-T3.jpg\" alt=\"Le Broadsword Heavy Gunship, unit\u00e9 a\u00e9rienne UEF Tech 3 dans Supreme Commander.\" class=\"wp-image-373\" srcset=\"https:\/\/supcom.standardof.net\/wp-content\/uploads\/sites\/8\/2020\/11\/BROADSWORD-HEAVY-GUNSHIP-Supreme-Commander-UEF-Air-Units-T3.jpg 453w, https:\/\/supcom.standardof.net\/wp-content\/uploads\/sites\/8\/2020\/11\/BROADSWORD-HEAVY-GUNSHIP-Supreme-Commander-UEF-Air-Units-T3-200x168.jpg 200w, https:\/\/supcom.standardof.net\/wp-content\/uploads\/sites\/8\/2020\/11\/BROADSWORD-HEAVY-GUNSHIP-Supreme-Commander-UEF-Air-Units-T3-14x12.jpg 14w\" sizes=\"(max-width: 453px) 100vw, 453px\" \/><\/a><figcaption>BROADSWORD - ARMES LOURDES<\/figcaption><\/figure><\/div>\n\n\n\n<section class=\"wp-block-uagb-columns uagb-columns__wrap uagb-columns__background-undefined uagb-columns__stack-mobile uagb-columns__valign-undefined uagb-columns__gap-10 alignundefined uagb-block-f217dd58\"><div class=\"uagb-columns__overlay\"><\/div><div class=\"uagb-columns__inner-wrap uagb-columns__columns-2\">\n<div class=\"wp-block-uagb-column uagb-column__wrap uagb-column__background-undefined uagb-block-368076df\"><div class=\"uagb-column__overlay\"><\/div><div class=\"uagb-column__inner-wrap\">\n<h3 class=\"wp-block-heading\">Statistiques d&#039;\u00e9p\u00e9e large<\/h3>\n\n\n\n<p><strong>Armure:<\/strong> 475hp (l\u00e9ger)<br><strong>Capacit\u00e9s:<\/strong> Anti-air<br><strong>Co\u00fbt:<\/strong> M2100, E22500, T4500<br><strong>Intel:<\/strong> vue: 32 (625m)<br><strong>La physique<\/strong><br>vitesse max: 10 (195m \/ s)<br>taux de virage: 100<br>d\u00e9nivel\u00e9: 10 (195m)<br><strong>Classe de transport:<\/strong> 3<br><strong>V\u00e9t\u00e9ran:<\/strong> 30, 60, 150, 300, 600 victimes<br><em>* v\u00e9t\u00e9ran niveau 2: +119 ch<br>* v\u00e9t\u00e9ran niveau 4: +119 ch<br>* v\u00e9t\u00e9ran niveau 5: r\u00e9parer 1 hp \/ s<\/em><\/p>\n<\/div><\/div>\n\n\n\n<div class=\"wp-block-uagb-column uagb-column__wrap uagb-column__background-undefined uagb-block-b226e275\"><div class=\"uagb-column__overlay\"><\/div><div class=\"uagb-column__inner-wrap\">\n<h3 class=\"wp-block-heading\">Armes d&#039;\u00e9p\u00e9e large<\/h3>\n\n\n\n<p><strong>Canon \u00e0 plasma lourd<\/strong><br><em>(Tir direct)<\/em><br>242,00 dps<br><strong>intervalle:<\/strong> 25 (488 m)<br><strong>arme \u00e0 projectile:<\/strong> 110 d\u00e9g\u00e2ts<br><strong>cadence de tir:<\/strong> 2,2 (toutes les 0,45 s)<br><em>* v\u00e9t\u00e9ran niveau 1: +28 d\u00e9g\u00e2ts<br>* v\u00e9t\u00e9ran niveau 3: +28 d\u00e9g\u00e2ts<\/em><\/p>\n\n\n\n<p><strong>Canon \u00e0 plasma lourd<\/strong><br><em>(Tir direct)<br><\/em>&nbsp;&nbsp;&nbsp;&nbsp; 180,40 dps<br><strong>intervalle:<\/strong> 25 (488 m)<br><strong>arme \u00e0 projectile:<\/strong> 82 d\u00e9g\u00e2ts<br><strong>cadence de tir:<\/strong> 2,2 (toutes les 0,45 s)<\/p>\n\n\n\n<p><strong>Railgun li\u00e9<br><\/strong><em>(Anti-air)<\/em><br>28,00 dps,<br><strong>intervalle:<\/strong> 44 (859m)<br><strong>arme \u00e0 projectile:<\/strong> 7 d\u00e9g\u00e2ts x 2 projectiles = 14 d\u00e9g\u00e2ts par salve<br><strong>cadence de tir:<\/strong> 2 (toutes les 0,5 s)<\/p>\n\n\n\n<p><strong>Crash a\u00e9rien<\/strong><br><em>(D\u00e9c\u00e8s)<\/em><br>300 d\u00e9g\u00e2ts<br><strong>surface:<\/strong> 1 (19,5 m)<\/p>\n<\/div><\/div>\n<\/div><\/section>\n<\/div><\/div>\n<\/div><\/section>","protected":false},"excerpt":{"rendered":"<p>SR90 BLACKBIRD &#8211; SPY PLANE The Spy Plane takes a while to build, but it&#8217;s still very inexpensive. You&#8217;ll only really need one spy plane, because its sight range allows you to see the edges of the enemy base without being shot down. Unless they have T3 air defenses, you should be able to make [&hellip;]<\/p>","protected":false},"author":1,"featured_media":0,"parent":231,"menu_order":0,"comment_status":"open","ping_status":"closed","template":"","meta":{"_uag_custom_page_level_css":"","site-sidebar-layout":"default","site-content-layout":"default","ast-site-content-layout":"","site-content-style":"default","site-sidebar-style":"default","ast-global-header-display":"","ast-banner-title-visibility":"","ast-main-header-display":"","ast-hfb-above-header-display":"","ast-hfb-below-header-display":"","ast-hfb-mobile-header-display":"","site-post-title":"","ast-breadcrumbs-content":"","ast-featured-img":"","footer-sml-layout":"","theme-transparent-header-meta":"default","adv-header-id-meta":"","stick-header-meta":"","header-above-stick-meta":"","header-main-stick-meta":"","header-below-stick-meta":"","astra-migrate-meta-layouts":"default","ast-page-background-enabled":"default","ast-page-background-meta":{"desktop":{"background-color":"","background-image":"","background-repeat":"repeat","background-position":"center center","background-size":"auto","background-attachment":"scroll","background-type":"","background-media":"","overlay-type":"","overlay-color":"","overlay-gradient":""},"tablet":{"background-color":"","background-image":"","background-repeat":"repeat","background-position":"center center","background-size":"auto","background-attachment":"scroll","background-type":"","background-media":"","overlay-type":"","overlay-color":"","overlay-gradient":""},"mobile":{"background-color":"","background-image":"","background-repeat":"repeat","background-position":"center center","background-size":"auto","background-attachment":"scroll","background-type":"","background-media":"","overlay-type":"","overlay-color":"","overlay-gradient":""}},"ast-content-background-meta":{"desktop":{"background-color":"var(--ast-global-color-5)","background-image":"","background-repeat":"repeat","background-position":"center center","background-size":"auto","background-attachment":"scroll","background-type":"","background-media":"","overlay-type":"","overlay-color":"","overlay-gradient":""},"tablet":{"background-color":"var(--ast-global-color-5)","background-image":"","background-repeat":"repeat","background-position":"center center","background-size":"auto","background-attachment":"scroll","background-type":"","background-media":"","overlay-type":"","overlay-color":"","overlay-gradient":""},"mobile":{"background-color":"var(--ast-global-color-5)","background-image":"","background-repeat":"repeat","background-position":"center center","background-size":"auto","background-attachment":"scroll","background-type":"","background-media":"","overlay-type":"","overlay-color":"","overlay-gradient":""}},"footnotes":""},"uagb_featured_image_src":{"full":false,"thumbnail":false,"medium":false,"medium_large":false,"large":false,"1536x1536":false,"2048x2048":false,"trp-custom-language-flag":false},"uagb_author_info":{"display_name":"SOE","author_link":"https:\/\/supcom.standardof.net\/fr\/author\/k-tastic\/"},"uagb_comment_info":0,"uagb_excerpt":"SR90 BLACKBIRD &#8211; SPY PLANE The Spy Plane takes a while to build, but it&#8217;s still very inexpensive. You&#8217;ll only really need one spy plane, because its sight range allows you to see the edges of the enemy base without being shot down. Unless they have T3 air defenses, you should be able to make&hellip;","_links":{"self":[{"href":"https:\/\/supcom.standardof.net\/fr\/wp-json\/wp\/v2\/pages\/369"}],"collection":[{"href":"https:\/\/supcom.standardof.net\/fr\/wp-json\/wp\/v2\/pages"}],"about":[{"href":"https:\/\/supcom.standardof.net\/fr\/wp-json\/wp\/v2\/types\/page"}],"author":[{"embeddable":true,"href":"https:\/\/supcom.standardof.net\/fr\/wp-json\/wp\/v2\/users\/1"}],"replies":[{"embeddable":true,"href":"https:\/\/supcom.standardof.net\/fr\/wp-json\/wp\/v2\/comments?post=369"}],"version-history":[{"count":0,"href":"https:\/\/supcom.standardof.net\/fr\/wp-json\/wp\/v2\/pages\/369\/revisions"}],"up":[{"embeddable":true,"href":"https:\/\/supcom.standardof.net\/fr\/wp-json\/wp\/v2\/pages\/231"}],"wp:attachment":[{"href":"https:\/\/supcom.standardof.net\/fr\/wp-json\/wp\/v2\/media?parent=369"}],"curies":[{"name":"wp","href":"https:\/\/api.w.org\/{rel}","templated":true}]}}