{"id":387,"date":"2020-11-01T14:07:11","date_gmt":"2020-11-01T19:07:11","guid":{"rendered":"https:\/\/supcom.standardof.net\/?page_id=387"},"modified":"2020-11-03T23:07:53","modified_gmt":"2020-11-04T04:07:53","slug":"tech-1-uef-naval-units","status":"publish","type":"page","link":"https:\/\/supcom.standardof.net\/fr\/supreme-commander\/uef\/tech-1-uef-unites-navales\/","title":{"rendered":"Tech 1 - Unit\u00e9s navales de l&#039;UEF"},"content":{"rendered":"<div class=\"wp-block-uagb-table-of-contents uagb-toc__align-left uagb-toc__columns-1  uagb-block-56b2f7e6\"\n\t\t\t\t\tdata-scroll= \"1\"\n\t\t\t\t\tdata-offset= \"30\"\n\t\t\t\t\tstyle=\"\"\n\t\t\t\t>\n\t\t\t\t<div class=\"uagb-toc__wrap\">\n\t\t\t\t\t\t<div class=\"uagb-toc__title\">\n\t\t\t\t\t\t\tUnit\u00e9s navales UEF Tech 1:\t\t\t\t\t\t<\/div>\n\t\t\t\t\t\t\t\t\t\t\t\t\t\t\t\t<div class=\"uagb-toc__list-wrap\">\n\t\t\t\t\t\t<ol class=\"uagb-toc__list\"><li class=\"uagb-toc__list\"><a href=\"#tigershark-attack-submarine\" class=\"uagb-toc-link__trigger\">TIGERSHARK - SOUS-MARIN D&#039;ATTAQUE<\/a><li class=\"uagb-toc__list\"><a href=\"#thunderhead-class-frigate\" class=\"uagb-toc-link__trigger\">FRIGATE DE CLASSE THUNDERHEAD<\/a><\/ol>\t\t\t\t\t<\/div>\n\t\t\t\t\t\t\t\t\t<\/div>\n\t\t\t\t<\/div>\n\t\t\t\n\n\n<section class=\"wp-block-uagb-columns uagb-columns__wrap uagb-columns__background-undefined uagb-columns__stack-mobile uagb-columns__valign-undefined uagb-columns__gap-10 alignundefined uagb-block-21ae726d\"><div class=\"uagb-columns__overlay\"><\/div><div class=\"uagb-columns__inner-wrap uagb-columns__columns-1\">\n<div class=\"wp-block-uagb-column uagb-column__wrap uagb-column__background-undefined uagb-block-ca1131e8\"><div class=\"uagb-column__overlay\"><\/div><div class=\"uagb-column__inner-wrap\">\n<h2 class=\"wp-block-heading\"><strong>REQUIN TIGRE <\/strong>- SOUS-MARIN D&#039;ATTAQUE<\/h2>\n\n\n\n<p><a href=\"https:\/\/www.standardof.net\/wp-content\/uploads\/2011\/10\/Attack-Submarine-Tigershark.jpg\" class=\"rank-math-link\" target=\"_blank\" rel=\"noopener\"><\/a>Bien que le sous-marin UEF soit l\u00e9g\u00e8rement surpass\u00e9 par rapport au sous-marin Aeon, il a un facteur de rachat: vous pouvez lui ordonner de faire surface (en appuyant sur \u00abDive\u00bb ou \u00abD\u00bb) et il ajoutera son laser de pont \u00e0 l&#039;\u00e9quation. C&#039;est g\u00e9n\u00e9ralement une mauvaise id\u00e9e, car cela vous rend vuln\u00e9rable aux tirs terrestres, sacrifiant l&#039;avantage d&#039;armure de l&#039;UEF, mais cela peut tuer les ing\u00e9nieurs en vol stationnaire si n\u00e9cessaire, ce qui est bien.<\/p>\n\n\n\n<div class=\"wp-block-image\"><figure class=\"aligncenter size-large\"><a href=\"https:\/\/supcom.standardof.net\/fr\/supreme-commander\/uef\/tech-1-uef-unites-navales\/attack-submarine-tigershark-supreme-commander-uef-navy-units-t1\/\"><img decoding=\"async\" width=\"580\" height=\"384\" src=\"https:\/\/supcom.standardof.net\/wp-content\/uploads\/sites\/8\/2020\/11\/Attack-Submarine-Tigershark-Supreme-Commander-UEF-Navy-Units-T1.jpg\" alt=\"Le sous-marin d&#039;attaque Tigershark, unit\u00e9 navale UEF Tech 1 dans Supreme Commander.\" class=\"wp-image-390\" srcset=\"https:\/\/supcom.standardof.net\/wp-content\/uploads\/sites\/8\/2020\/11\/Attack-Submarine-Tigershark-Supreme-Commander-UEF-Navy-Units-T1.jpg 580w, https:\/\/supcom.standardof.net\/wp-content\/uploads\/sites\/8\/2020\/11\/Attack-Submarine-Tigershark-Supreme-Commander-UEF-Navy-Units-T1-512x339.jpg 512w, https:\/\/supcom.standardof.net\/wp-content\/uploads\/sites\/8\/2020\/11\/Attack-Submarine-Tigershark-Supreme-Commander-UEF-Navy-Units-T1-200x132.jpg 200w, https:\/\/supcom.standardof.net\/wp-content\/uploads\/sites\/8\/2020\/11\/Attack-Submarine-Tigershark-Supreme-Commander-UEF-Navy-Units-T1-16x12.jpg 16w\" sizes=\"(max-width: 580px) 100vw, 580px\" \/><\/a><figcaption>TIGERSHARK - SOUS-MARIN D&#039;ATTAQUE<\/figcaption><\/figure><\/div>\n\n\n\n<section class=\"wp-block-uagb-columns uagb-columns__wrap uagb-columns__background-undefined uagb-columns__stack-mobile uagb-columns__valign-undefined uagb-columns__gap-10 alignundefined uagb-block-1d37dfd1\"><div class=\"uagb-columns__overlay\"><\/div><div class=\"uagb-columns__inner-wrap uagb-columns__columns-2\">\n<div class=\"wp-block-uagb-column uagb-column__wrap uagb-column__background-undefined uagb-block-32885194\"><div class=\"uagb-column__overlay\"><\/div><div class=\"uagb-column__inner-wrap\">\n<h3 class=\"wp-block-heading\">Statistiques de Tigershark<\/h3>\n\n\n\n<p><strong>Armure:<\/strong> 1250 chevaux<br><strong>Capacit\u00e9s:<\/strong> Submersible<br>Sonar<br><strong>Co\u00fbt:<\/strong> M600, E2000, T1000<br><strong>Intel:<\/strong> vue: 32 (625m)<br>sonar: 40 (781 m)<br>vue d&#039;eau: 32 (625m)<br><strong>La physique<\/strong><br>vitesse maximale: 4,675 (91,3 m \/ s)<br>taux de virage: 40<br><strong>V\u00e9t\u00e9ran:<\/strong> 5, 10, 25, 50, 100 victimes<br><em>* v\u00e9t\u00e9ran niveau 2: +313 pv<br>* v\u00e9t\u00e9ran niveau 4: +313 pv<br>* v\u00e9t\u00e9ran niveau 5: r\u00e9parer 3 hp \/ s<\/em><\/p>\n<\/div><\/div>\n\n\n\n<div class=\"wp-block-uagb-column uagb-column__wrap uagb-column__background-undefined uagb-block-32e2669c\"><div class=\"uagb-column__overlay\"><\/div><div class=\"uagb-column__inner-wrap\">\n<h3 class=\"wp-block-heading\">Armes de requin-tigre<\/h3>\n\n\n\n<p><strong>P\u00eacheur torpille<\/strong><br><em>(Anti Marine)<br><\/em>&nbsp;&nbsp;&nbsp; 93,75 dps<br>port\u00e9e: 32 (625m)<br>arme \u00e0 projectile: 375 d\u00e9g\u00e2ts<br>cadence de tir: 0,25 (toutes les 4 s)<br><em>* v\u00e9t\u00e9ran niveau 1: +94 d\u00e9g\u00e2ts<br>* v\u00e9t\u00e9ran niveau 3: +94 d\u00e9g\u00e2ts<\/em><\/p>\n\n\n\n<p><strong>Canon \u00e0 plasma l\u00e9ger<br><\/strong><em>(Tir direct)<\/em><br>24,00 dps<br><strong>intervalle:<\/strong> 30 (586m)<br><strong>arme \u00e0 projectile:<\/strong> 24 d\u00e9g\u00e2ts<br><strong>cadence de tir:<\/strong> 1 (toutes les 1s)<br><em>* v\u00e9t\u00e9ran niveau 1: +6 d\u00e9g\u00e2ts<br>* v\u00e9t\u00e9ran niveau 3: +6 d\u00e9g\u00e2ts<\/em><\/p>\n<\/div><\/div>\n<\/div><\/section>\n<\/div><\/div>\n<\/div><\/section>\n\n\n\n<section class=\"wp-block-uagb-columns uagb-columns__wrap uagb-columns__background-undefined uagb-columns__stack-mobile uagb-columns__valign-undefined uagb-columns__gap-10 alignundefined uagb-block-17e552d9\"><div class=\"uagb-columns__overlay\"><\/div><div class=\"uagb-columns__inner-wrap uagb-columns__columns-1\">\n<div class=\"wp-block-uagb-column uagb-column__wrap uagb-column__background-undefined uagb-block-88848e13\"><div class=\"uagb-column__overlay\"><\/div><div class=\"uagb-column__inner-wrap\">\n<h2 class=\"wp-block-heading\"><strong>THUNDERHEAD <\/strong>FRIGATE DE CLASSE<\/h2>\n\n\n\n<p><a href=\"https:\/\/www.standardof.net\/wp-content\/uploads\/2011\/10\/Frigate-Thunderhead-Class.jpg\" class=\"rank-math-link\" target=\"_blank\" rel=\"noopener\"><\/a>La fr\u00e9gate UEF n&#039;est pas seulement destin\u00e9e aux assauts navals (son blindage rend difficile la mise \u00e0 mort sauf avec des sous-marins ou des navires plus gros) mais aussi du renseignement naval. Il est \u00e9quip\u00e9 d&#039;un radar et d&#039;un sonar, et le brouillage rend impossible la cible des navires de l&#039;UEF par radar. L&#039;anti-a\u00e9rien est juste pour le spectacle, mais au moins un seul bombardier ne peut pas d\u00e9truire vos navires.<\/p>\n\n\n\n<div class=\"wp-block-image\"><figure class=\"aligncenter size-large\"><a href=\"https:\/\/supcom.standardof.net\/fr\/supreme-commander\/uef\/tech-1-uef-unites-navales\/frigate-thunderhead-class-supreme-commander-uef-navy-units-t1\/\"><img decoding=\"async\" width=\"600\" height=\"347\" src=\"https:\/\/supcom.standardof.net\/wp-content\/uploads\/sites\/8\/2020\/11\/Frigate-Thunderhead-Class-Supreme-Commander-UEF-Navy-Units-T1.jpg\" alt=\"La fr\u00e9gate de classe Thunderhead, unit\u00e9 navale UEF Tech 1 dans Supreme Commander.\" class=\"wp-image-389\" srcset=\"https:\/\/supcom.standardof.net\/wp-content\/uploads\/sites\/8\/2020\/11\/Frigate-Thunderhead-Class-Supreme-Commander-UEF-Navy-Units-T1.jpg 600w, https:\/\/supcom.standardof.net\/wp-content\/uploads\/sites\/8\/2020\/11\/Frigate-Thunderhead-Class-Supreme-Commander-UEF-Navy-Units-T1-512x296.jpg 512w, https:\/\/supcom.standardof.net\/wp-content\/uploads\/sites\/8\/2020\/11\/Frigate-Thunderhead-Class-Supreme-Commander-UEF-Navy-Units-T1-200x116.jpg 200w, https:\/\/supcom.standardof.net\/wp-content\/uploads\/sites\/8\/2020\/11\/Frigate-Thunderhead-Class-Supreme-Commander-UEF-Navy-Units-T1-16x9.jpg 16w\" sizes=\"(max-width: 600px) 100vw, 600px\" \/><\/a><figcaption>FRIGATE DE CLASSE THUNDERHEAD<\/figcaption><\/figure><\/div>\n\n\n\n<section class=\"wp-block-uagb-columns uagb-columns__wrap uagb-columns__background-undefined uagb-columns__stack-mobile uagb-columns__valign-undefined uagb-columns__gap-10 alignundefined uagb-block-4aa57f7a\"><div class=\"uagb-columns__overlay\"><\/div><div class=\"uagb-columns__inner-wrap uagb-columns__columns-2\">\n<div class=\"wp-block-uagb-column uagb-column__wrap uagb-column__background-undefined uagb-block-34ea23f9\"><div class=\"uagb-column__overlay\"><\/div><div class=\"uagb-column__inner-wrap\">\n<h3 class=\"wp-block-heading\">Statistiques de Thunderhead<\/h3>\n\n\n\n<p><strong>Armure:<\/strong> 2120 chevaux<br><strong>Capacit\u00e9s:<\/strong> Radar brouilleur<br>Radar<br>Sonar<br><strong>Co\u00fbt:<\/strong> M280, E2800, T700<br><strong>Intel:<\/strong> vue: 32 (625m),<br>radar: 75 (1,46 km)<br>sonar: 75 (1,46 km)<br>vue sur l&#039;eau: 24 (469m)<br><strong>La physique:<\/strong> vitesse max: 6,8 (133m \/ s)<br>taux de virage: 30<br><strong>V\u00e9t\u00e9ran:<\/strong> 5, 10, 25, 50, 100 victimes<br><em>* v\u00e9t\u00e9ran niveau 2: +188 ch<br>* v\u00e9t\u00e9ran niveau 4: +188 ch<br>* v\u00e9t\u00e9ran niveau 5: r\u00e9parer 3 hp \/ s<\/em><\/p>\n<\/div><\/div>\n\n\n\n<div class=\"wp-block-uagb-column uagb-column__wrap uagb-column__background-undefined uagb-block-f935860c\"><div class=\"uagb-column__overlay\"><\/div><div class=\"uagb-column__inner-wrap\">\n<h3 class=\"wp-block-heading\">Armes de Thunderhead<\/h3>\n\n\n\n<p><strong>Canon de Gauss<\/strong><br><em>(Naval de tir direct)<\/em><br>48,28 dps<br><strong>surface:<\/strong> 1 (19,5 m),<br><strong>intervalle:<\/strong> 28 (547 m)<br><strong>arme \u00e0 projectile:<\/strong> 140 d\u00e9g\u00e2ts<br><strong>cadence de tir:<\/strong> 0,34 (toutes les 2,9 s)<br><em>* v\u00e9t\u00e9ran niveau 1: +35 d\u00e9g\u00e2ts<br>* v\u00e9t\u00e9ran niveau 3: +35 d\u00e9g\u00e2ts<br><\/em><br><strong>Railgun li\u00e9<br><\/strong><em>(Anti-air)<\/em><br>4,00 dps<br><strong>intervalle:<\/strong> 48 (938 m)<br><strong>arme \u00e0 projectile:<\/strong> 2 d\u00e9g\u00e2ts<br><strong>cadence de tir:<\/strong> 2 (toutes les 0,5 s)<br><em>* v\u00e9t\u00e9ran niveau 1: +1 d\u00e9g\u00e2ts<br>* v\u00e9t\u00e9ran niveau 3: +1 d\u00e9g\u00e2ts<\/em><\/p>\n<\/div><\/div>\n<\/div><\/section>\n<\/div><\/div>\n<\/div><\/section>\n\n\n\n<p><\/p>","protected":false},"excerpt":{"rendered":"<p>TIGERSHARK &#8211; ATTACK SUBMARINE Although the UEF sub is slightly outmatched against the Aeon sub, it has one redeeming factor: you can order it to surface (by pressing &#8220;Dive&#8221; or &#8220;D&#8221;) and it will add its deck laser to the equation. This is usually a spectacularly bad idea, as it makes you vulnerable to land [&hellip;]<\/p>","protected":false},"author":1,"featured_media":0,"parent":231,"menu_order":0,"comment_status":"open","ping_status":"closed","template":"","meta":{"_uag_custom_page_level_css":"","site-sidebar-layout":"default","site-content-layout":"default","ast-site-content-layout":"","site-content-style":"default","site-sidebar-style":"default","ast-global-header-display":"","ast-banner-title-visibility":"","ast-main-header-display":"","ast-hfb-above-header-display":"","ast-hfb-below-header-display":"","ast-hfb-mobile-header-display":"","site-post-title":"","ast-breadcrumbs-content":"","ast-featured-img":"","footer-sml-layout":"","theme-transparent-header-meta":"default","adv-header-id-meta":"","stick-header-meta":"","header-above-stick-meta":"","header-main-stick-meta":"","header-below-stick-meta":"","astra-migrate-meta-layouts":"default","ast-page-background-enabled":"default","ast-page-background-meta":{"desktop":{"background-color":"","background-image":"","background-repeat":"repeat","background-position":"center center","background-size":"auto","background-attachment":"scroll","background-type":"","background-media":"","overlay-type":"","overlay-color":"","overlay-gradient":""},"tablet":{"background-color":"","background-image":"","background-repeat":"repeat","background-position":"center center","background-size":"auto","background-attachment":"scroll","background-type":"","background-media":"","overlay-type":"","overlay-color":"","overlay-gradient":""},"mobile":{"background-color":"","background-image":"","background-repeat":"repeat","background-position":"center center","background-size":"auto","background-attachment":"scroll","background-type":"","background-media":"","overlay-type":"","overlay-color":"","overlay-gradient":""}},"ast-content-background-meta":{"desktop":{"background-color":"var(--ast-global-color-5)","background-image":"","background-repeat":"repeat","background-position":"center center","background-size":"auto","background-attachment":"scroll","background-type":"","background-media":"","overlay-type":"","overlay-color":"","overlay-gradient":""},"tablet":{"background-color":"var(--ast-global-color-5)","background-image":"","background-repeat":"repeat","background-position":"center center","background-size":"auto","background-attachment":"scroll","background-type":"","background-media":"","overlay-type":"","overlay-color":"","overlay-gradient":""},"mobile":{"background-color":"var(--ast-global-color-5)","background-image":"","background-repeat":"repeat","background-position":"center center","background-size":"auto","background-attachment":"scroll","background-type":"","background-media":"","overlay-type":"","overlay-color":"","overlay-gradient":""}},"footnotes":""},"uagb_featured_image_src":{"full":false,"thumbnail":false,"medium":false,"medium_large":false,"large":false,"1536x1536":false,"2048x2048":false,"trp-custom-language-flag":false},"uagb_author_info":{"display_name":"SOE","author_link":"https:\/\/supcom.standardof.net\/fr\/author\/k-tastic\/"},"uagb_comment_info":0,"uagb_excerpt":"TIGERSHARK &#8211; ATTACK SUBMARINE Although the UEF sub is slightly outmatched against the Aeon sub, it has one redeeming factor: you can order it to surface (by pressing &#8220;Dive&#8221; or &#8220;D&#8221;) and it will add its deck laser to the equation. This is usually a spectacularly bad idea, as it makes you vulnerable to land&hellip;","_links":{"self":[{"href":"https:\/\/supcom.standardof.net\/fr\/wp-json\/wp\/v2\/pages\/387"}],"collection":[{"href":"https:\/\/supcom.standardof.net\/fr\/wp-json\/wp\/v2\/pages"}],"about":[{"href":"https:\/\/supcom.standardof.net\/fr\/wp-json\/wp\/v2\/types\/page"}],"author":[{"embeddable":true,"href":"https:\/\/supcom.standardof.net\/fr\/wp-json\/wp\/v2\/users\/1"}],"replies":[{"embeddable":true,"href":"https:\/\/supcom.standardof.net\/fr\/wp-json\/wp\/v2\/comments?post=387"}],"version-history":[{"count":0,"href":"https:\/\/supcom.standardof.net\/fr\/wp-json\/wp\/v2\/pages\/387\/revisions"}],"up":[{"embeddable":true,"href":"https:\/\/supcom.standardof.net\/fr\/wp-json\/wp\/v2\/pages\/231"}],"wp:attachment":[{"href":"https:\/\/supcom.standardof.net\/fr\/wp-json\/wp\/v2\/media?parent=387"}],"curies":[{"name":"wp","href":"https:\/\/api.w.org\/{rel}","templated":true}]}}