{"id":393,"date":"2020-11-01T14:13:39","date_gmt":"2020-11-01T19:13:39","guid":{"rendered":"https:\/\/supcom.standardof.net\/?page_id=393"},"modified":"2020-11-03T23:08:04","modified_gmt":"2020-11-04T04:08:04","slug":"tech-2-uef-naval-units","status":"publish","type":"page","link":"https:\/\/supcom.standardof.net\/fr\/supreme-commander\/uef\/tech-2-uef-unites-navales\/","title":{"rendered":"Tech 2 - Unit\u00e9s navales de l&#039;UEF"},"content":{"rendered":"<div class=\"wp-block-uagb-table-of-contents uagb-toc__align-left uagb-toc__columns-1  uagb-block-7c409714\"\n\t\t\t\t\tdata-scroll= \"1\"\n\t\t\t\t\tdata-offset= \"30\"\n\t\t\t\t\tstyle=\"\"\n\t\t\t\t>\n\t\t\t\t<div class=\"uagb-toc__wrap\">\n\t\t\t\t\t\t<div class=\"uagb-toc__title\">\n\t\t\t\t\t\t\tUnit\u00e9s navales UEF Tech 2:\t\t\t\t\t\t<\/div>\n\t\t\t\t\t\t\t\t\t\t\t\t\t\t\t\t<div class=\"uagb-toc__list-wrap\">\n\t\t\t\t\t\t<ol class=\"uagb-toc__list\"><li class=\"uagb-toc__list\"><a href=\"#governor-class-cruiser\" class=\"uagb-toc-link__trigger\">CROISIER DE CLASSE GOUVERNEUR<\/a><li class=\"uagb-toc__list\"><a href=\"#valiant-class-destroyer\" class=\"uagb-toc-link__trigger\">DESTRUCTEUR DE CLASSE VALIANT<\/a><\/ol>\t\t\t\t\t<\/div>\n\t\t\t\t\t\t\t\t\t<\/div>\n\t\t\t\t<\/div>\n\t\t\t\n\n\n<section class=\"wp-block-uagb-columns uagb-columns__wrap uagb-columns__background-undefined uagb-columns__stack-mobile uagb-columns__valign-undefined uagb-columns__gap-10 alignundefined uagb-block-790cd2b2\"><div class=\"uagb-columns__overlay\"><\/div><div class=\"uagb-columns__inner-wrap uagb-columns__columns-1\">\n<div class=\"wp-block-uagb-column uagb-column__wrap uagb-column__background-undefined uagb-block-c96474af\"><div class=\"uagb-column__overlay\"><\/div><div class=\"uagb-column__inner-wrap\">\n<h2 class=\"wp-block-heading\"><strong>GOUVERNEUR <\/strong>CROISIER DE CLASSE<\/h2>\n\n\n\n<p><a href=\"https:\/\/www.standardof.net\/wp-content\/uploads\/2011\/10\/Cruiser-Governor-Class.jpg\" class=\"rank-math-link\" target=\"_blank\" rel=\"noopener\"><\/a>Le croiseur est l&#039;endroit o\u00f9 brille la philosophie de l&#039;UEF consistant \u00e0 lancer des pistolets \u00e0 force brute sur une plate-forme lourdement blind\u00e9e. Les croiseurs, loin d&#039;\u00eatre \u00abde gros bateaux anti-a\u00e9riens\u00bb, ont des missiles tactiques \u00e0 port\u00e9e approchant un v\u00e9ritable lanceur de missiles tactiques, des missiles SAM qui ne font pas les d\u00e9g\u00e2ts d&#039;un vrai site SAM mais fonctionnent tout aussi bien contre les avions T1 ou T2 qui sera mort dans la premi\u00e8re salve de toute fa\u00e7on, et un canon de pont qui fournit un minimum de protection contre les unit\u00e9s amphibies qui lui tendent une embuscade \u00e9galement. Bien s\u00fbr, les croiseurs ennemis ont \u00e9galement des d\u00e9fenses antimissiles tactiques, vous ne pourrez donc pas utiliser vos missiles de croisi\u00e8re sur eux, mais contre des cibles c\u00f4ti\u00e8res, cela vous offre une option viable pour lutter contre l&#039;artillerie T2.<\/p>\n\n\n\n<div class=\"wp-block-image\"><figure class=\"aligncenter size-large\"><a href=\"https:\/\/supcom.standardof.net\/fr\/supreme-commander\/uef\/tech-2-uef-unites-navales\/cruiser-governor-class-supreme-commander-uef-navy-units-t2\/\"><img decoding=\"async\" width=\"600\" height=\"427\" src=\"https:\/\/supcom.standardof.net\/wp-content\/uploads\/sites\/8\/2020\/11\/Cruiser-Governor-Class-Supreme-Commander-UEF-Navy-Units-T2.jpg\" alt=\"Le croiseur de classe Govenor, unit\u00e9 navale UEF Tech 2 dans Supreme Commander.\" class=\"wp-image-399\" srcset=\"https:\/\/supcom.standardof.net\/wp-content\/uploads\/sites\/8\/2020\/11\/Cruiser-Governor-Class-Supreme-Commander-UEF-Navy-Units-T2.jpg 600w, https:\/\/supcom.standardof.net\/wp-content\/uploads\/sites\/8\/2020\/11\/Cruiser-Governor-Class-Supreme-Commander-UEF-Navy-Units-T2-512x364.jpg 512w, https:\/\/supcom.standardof.net\/wp-content\/uploads\/sites\/8\/2020\/11\/Cruiser-Governor-Class-Supreme-Commander-UEF-Navy-Units-T2-200x142.jpg 200w, https:\/\/supcom.standardof.net\/wp-content\/uploads\/sites\/8\/2020\/11\/Cruiser-Governor-Class-Supreme-Commander-UEF-Navy-Units-T2-16x12.jpg 16w\" sizes=\"(max-width: 600px) 100vw, 600px\" \/><\/a><figcaption>CROISIER DE CLASSE GOUVERNEUR<\/figcaption><\/figure><\/div>\n\n\n\n<section class=\"wp-block-uagb-columns uagb-columns__wrap uagb-columns__background-undefined uagb-columns__stack-mobile uagb-columns__valign-undefined uagb-columns__gap-10 alignundefined uagb-block-d0286eee\"><div class=\"uagb-columns__overlay\"><\/div><div class=\"uagb-columns__inner-wrap uagb-columns__columns-2\">\n<div class=\"wp-block-uagb-column uagb-column__wrap uagb-column__background-undefined uagb-block-58a33528\"><div class=\"uagb-column__overlay\"><\/div><div class=\"uagb-column__inner-wrap\">\n<h3 class=\"wp-block-heading\">Statistiques du gouverneur<\/h3>\n\n\n\n<p><strong>Armure:<\/strong> 3500 chevaux<br><strong>Capacit\u00e9s:<\/strong> Missile tactique, d\u00e9fense antimissile - Tactique<br><strong>Co\u00fbt:<\/strong> M2000, E18000, T4000<br><strong>Intel:<\/strong> vue: 60 (1.17km)<br>&nbsp;&nbsp;&nbsp; radar: 80 (1,56 km)<br>&nbsp;&nbsp;&nbsp; sonar: 20 (391 m)<br>&nbsp;&nbsp;&nbsp; vue sur l&#039;eau: 45 (879m)<br><strong>La physique:<\/strong><br>&nbsp;&nbsp;&nbsp; vitesse maximale: 4,25 (83,0 m \/ s)<br>&nbsp;&nbsp;&nbsp; taux de virage: 20<br><strong>V\u00e9t\u00e9ran:<\/strong> 30, 60, 150, 300, 600 victimes<br>* <em>v\u00e9t\u00e9ran niveau 2: +875 pv<br>* v\u00e9t\u00e9ran niveau 4: +875 pv<br>* v\u00e9t\u00e9ran niveau 5: r\u00e9parer 3 hp \/ s<\/em><\/p>\n<\/div><\/div>\n\n\n\n<div class=\"wp-block-uagb-column uagb-column__wrap uagb-column__background-undefined uagb-block-92245e31\"><div class=\"uagb-column__overlay\"><\/div><div class=\"uagb-column__inner-wrap\">\n<h3 class=\"wp-block-heading\">Armes du gouverneur<\/h3>\n\n\n\n<p><strong>Canon de Gauss<\/strong><br><em>(Naval de tir direct)<\/em> 33,33 dps <strong>surface:<\/strong> 1 (19,5 m)<br><strong>intervalle:<\/strong> 64 (1,25 km)<br><strong>arme \u00e0 projectile:<\/strong> 200 d\u00e9g\u00e2ts<br><strong>cadence de tir:<\/strong> 0,166667 (toutes les 6 s)<br><em>* v\u00e9t\u00e9ran niveau 1: +50 d\u00e9g\u00e2ts<br>* v\u00e9t\u00e9ran niveau 3: +50 d\u00e9g\u00e2ts<\/em><\/p>\n\n\n\n<p><strong>Lanceur d&#039;\u00e9corcheur SAM<\/strong><br><em>(Anti-air)<\/em> 32,00 dps<br><strong>surface:<\/strong> 1 (19,5 m)<br><strong>intervalle:<\/strong> 72 (1,41 km)<br><strong>arme \u00e0 projectile:<\/strong> 16 d\u00e9g\u00e2ts x 4 projectiles = 64 d\u00e9g\u00e2ts par salve<br><strong>cadence de tir:<\/strong> 0,5 (toutes les 2 s)<br>* <em>v\u00e9t\u00e9ran niveau 1: +4 d\u00e9g\u00e2ts<br>* v\u00e9t\u00e9ran niveau 3: +4 d\u00e9g\u00e2ts<\/em><\/p>\n\n\n\n<p><strong>Missile de croisi\u00e8re \u00e0 longue port\u00e9e<\/strong><br><em>(Missile)<\/em> 75,00 dps<br><strong>surface:<\/strong> 3 (58,6 m)<br><strong>intervalle:<\/strong> 12,5 (244 m) - 100 (1,95 km)<br><strong>arme \u00e0 projectile:<\/strong> 2500 d\u00e9g\u00e2ts<br><strong>cadence de tir:<\/strong> 0,03 (toutes les 33,33 s)<br><em>* v\u00e9t\u00e9ran niveau 1: +625 d\u00e9g\u00e2ts<br>* v\u00e9t\u00e9ran niveau 3: +625 d\u00e9g\u00e2ts<\/em><\/p>\n\n\n\n<p><strong>Anti missile Phalanx<\/strong><br><em>(La d\u00e9fense)<\/em> 4,50 dps<br><strong>intervalle:<\/strong> 32 (625m)<br><strong>arme \u00e0 faisceau:<\/strong> 1 d\u00e9g\u00e2t x 1 rayon toutes les 0,25 s pendant 0,5 s = 3 par salve<br><strong>cadence de tir:<\/strong> 3 (toutes les 0,33 s)<\/p>\n<\/div><\/div>\n<\/div><\/section>\n<\/div><\/div>\n<\/div><\/section>\n\n\n\n<section class=\"wp-block-uagb-columns uagb-columns__wrap uagb-columns__background-undefined uagb-columns__stack-mobile uagb-columns__valign-undefined uagb-columns__gap-10 alignundefined uagb-block-f11fae25\"><div class=\"uagb-columns__overlay\"><\/div><div class=\"uagb-columns__inner-wrap uagb-columns__columns-1\">\n<div class=\"wp-block-uagb-column uagb-column__wrap uagb-column__background-undefined uagb-block-397d2cf3\"><div class=\"uagb-column__overlay\"><\/div><div class=\"uagb-column__inner-wrap\">\n<h2 class=\"wp-block-heading\"><strong>VAILLANT <\/strong>DESTRUCTEUR DE CLASSE<\/h2>\n\n\n\n<p><a href=\"https:\/\/www.standardof.net\/wp-content\/uploads\/2011\/10\/Destroyer-Valiant-Class.jpg\" class=\"rank-math-link\" target=\"_blank\" rel=\"noopener\"><\/a>Le destroyer de l&#039;UEF a un tas d&#039;armes suppl\u00e9mentaires - une torpille et une d\u00e9fense contre les torpilles pour les sous-marins, une tourelle anti-a\u00e9rienne tr\u00e8s faible juste pour que vous vous sentiez mieux au sujet de ces unit\u00e9s volant au-dessus - mais sa principale puissance r\u00e9side dans ses deux canons, un \u00e0 l&#039;avant et un \u00e0 l&#039;arri\u00e8re, qui lui permettent d&#039;obtenir une perle sur les navires ennemis, en particulier les navires T1, avec plus de pr\u00e9cision et une puissance de feu \u00e9quivalente au destroyer Aeon, tout en \u00e9vitant les tirs \u00e0 longue port\u00e9e ennemis gr\u00e2ce \u00e0 sa vitesse de pointe \u00e9lev\u00e9e. Ce n&#039;est pas le meilleur destroyer sur les mers, mais il d\u00e9chirera tout sauf les destroyers adverses, et il a une chance contre le destroyer Cybran plus lent et plus faible s&#039;il continue de se d\u00e9placer. Assez bien pour le travail du gouvernement.<\/p>\n\n\n\n<div class=\"wp-block-image\"><figure class=\"aligncenter size-large\"><a href=\"https:\/\/supcom.standardof.net\/fr\/supreme-commander\/uef\/tech-2-uef-unites-navales\/destroyer-valiant-class-supreme-commander-uef-navy-units-t2\/\"><img decoding=\"async\" width=\"600\" height=\"347\" src=\"https:\/\/supcom.standardof.net\/wp-content\/uploads\/sites\/8\/2020\/11\/Destroyer-Valiant-Class-Supreme-Commander-UEF-Navy-Units-T2.jpg\" alt=\"The Valiant Class Destroyer, unit\u00e9 navale UEF Tech 2 dans Supreme Commander.\" class=\"wp-image-400\" srcset=\"https:\/\/supcom.standardof.net\/wp-content\/uploads\/sites\/8\/2020\/11\/Destroyer-Valiant-Class-Supreme-Commander-UEF-Navy-Units-T2.jpg 600w, https:\/\/supcom.standardof.net\/wp-content\/uploads\/sites\/8\/2020\/11\/Destroyer-Valiant-Class-Supreme-Commander-UEF-Navy-Units-T2-512x296.jpg 512w, https:\/\/supcom.standardof.net\/wp-content\/uploads\/sites\/8\/2020\/11\/Destroyer-Valiant-Class-Supreme-Commander-UEF-Navy-Units-T2-200x116.jpg 200w, https:\/\/supcom.standardof.net\/wp-content\/uploads\/sites\/8\/2020\/11\/Destroyer-Valiant-Class-Supreme-Commander-UEF-Navy-Units-T2-16x9.jpg 16w\" sizes=\"(max-width: 600px) 100vw, 600px\" \/><\/a><figcaption>DESTRUCTEUR DE CLASSE VALIANT<\/figcaption><\/figure><\/div>\n\n\n\n<section class=\"wp-block-uagb-columns uagb-columns__wrap uagb-columns__background-undefined uagb-columns__stack-mobile uagb-columns__valign-undefined uagb-columns__gap-10 alignundefined uagb-block-52c23fac\"><div class=\"uagb-columns__overlay\"><\/div><div class=\"uagb-columns__inner-wrap uagb-columns__columns-2\">\n<div class=\"wp-block-uagb-column uagb-column__wrap uagb-column__background-undefined uagb-block-f767a8b1\"><div class=\"uagb-column__overlay\"><\/div><div class=\"uagb-column__inner-wrap\">\n<h3 class=\"wp-block-heading\">Statistiques vaillantes<\/h3>\n\n\n\n<p><strong>Armure:<\/strong> 7200 chevaux<br><strong>Capacit\u00e9s:<\/strong> D\u00e9fense contre les torpilles<br><strong>Co\u00fbt:<\/strong> M2250, E15000, T5000<br><strong>Intel:<\/strong> vue: 55 (1.07km)<br>&nbsp;&nbsp;&nbsp; radar: 60 (1,17 km)<br>&nbsp;&nbsp;&nbsp; sonar: 40 (781 m)<br>&nbsp;&nbsp;&nbsp; vue sur l&#039;eau: 42 (820m)<br><strong>La physique:<br><\/strong>&nbsp;&nbsp;&nbsp; vitesse max: 6 (117m \/ s)<br>&nbsp;&nbsp;&nbsp; taux de virage: 25<br><strong>V\u00e9t\u00e9ran:<\/strong> 30, 60, 150, 300, 600 victimes<br><em>* v\u00e9t\u00e9ran niveau 2: +1800 ch<br>* v\u00e9t\u00e9ran niveau 4: +1800 ch<br>* v\u00e9t\u00e9ran niveau 5: r\u00e9parer 3 hp \/ s<\/em><\/p>\n<\/div><\/div>\n\n\n\n<div class=\"wp-block-uagb-column uagb-column__wrap uagb-column__background-undefined uagb-block-b3c38516\"><div class=\"uagb-column__overlay\"><\/div><div class=\"uagb-column__inner-wrap\">\n<h3 class=\"wp-block-heading\">Armes vaillantes<\/h3>\n\n\n\n<p><strong>2x canon Gauss<\/strong><br><em>(Naval de tir direct)<\/em> 100,00 dps<br><strong>surface:<\/strong> 1 (19,5 m)<br><strong>intervalle:<\/strong> 80 (1,56 km)<br><strong>arme \u00e0 projectile:<\/strong> 300 d\u00e9g\u00e2ts x 2 projectiles = 600 d\u00e9g\u00e2ts par salve<br><strong>cadence de tir:<\/strong> 1\/6 (toutes les 6s)<br><em>* v\u00e9t\u00e9ran niveau 1: +75 d\u00e9g\u00e2ts<br>* v\u00e9t\u00e9ran niveau 3: +75 d\u00e9g\u00e2ts<br><\/em><br><strong>Railgun li\u00e9<\/strong><br><em>(Anti-air)<\/em> 9,00 dps<br><strong>intervalle:<\/strong> 66 (1,29 km)<br><strong>arme \u00e0 projectile:<\/strong> 3 d\u00e9g\u00e2ts x 2 projectiles = 6 d\u00e9g\u00e2ts par salve<br><strong>cadence de tir:<\/strong> 1,5 (toutes les 0,67 s)<br><em>* v\u00e9t\u00e9ran niveau 1: +1 d\u00e9g\u00e2ts<br>* v\u00e9t\u00e9ran niveau 3: +1 d\u00e9g\u00e2ts<\/em><\/p>\n\n\n\n<p><strong>P\u00eacheur torpille<\/strong><br><em>(Anti Marine)<\/em> 37,50 dps<br><strong>intervalle:<\/strong> 32 (625m)<br><strong>arme \u00e0 projectile:<\/strong> 150 d\u00e9g\u00e2ts<br><strong>cadence de tir:<\/strong> 0,25 (toutes les 4 s)<br><em>* v\u00e9t\u00e9ran niveau 1: +38 d\u00e9g\u00e2ts<br>* v\u00e9t\u00e9ran niveau 3: +38 d\u00e9g\u00e2ts<br><\/em><br><strong>Smart Charge AntiTorpedo<\/strong><br><em>(La d\u00e9fense)<\/em> 0,20 dps<br><strong>intervalle:<\/strong> 25 (488 m)<br><strong>arme \u00e0 projectile:<\/strong> 1 d\u00e9g\u00e2t<br><strong>cadence de tir:<\/strong> 0,1 (toutes les 10 s)<\/p>\n<\/div><\/div>\n<\/div><\/section>\n<\/div><\/div>\n<\/div><\/section>","protected":false},"excerpt":{"rendered":"<p>GOVERNOR CLASS CRUISER The cruiser is where the UEF&#8217;s philosophy of throwing brute force guns onto a heavily armored platform shines. Cruisers, far from being &#8220;just big anti-air boats&#8221;, have tactical missiles with range approaching a real tactical missile launcher, SAM missiles that don&#8217;t do the damage of a real SAM site but work just [&hellip;]<\/p>","protected":false},"author":1,"featured_media":0,"parent":231,"menu_order":0,"comment_status":"open","ping_status":"closed","template":"","meta":{"_uag_custom_page_level_css":"","site-sidebar-layout":"default","site-content-layout":"default","ast-site-content-layout":"","site-content-style":"default","site-sidebar-style":"default","ast-global-header-display":"","ast-banner-title-visibility":"","ast-main-header-display":"","ast-hfb-above-header-display":"","ast-hfb-below-header-display":"","ast-hfb-mobile-header-display":"","site-post-title":"","ast-breadcrumbs-content":"","ast-featured-img":"","footer-sml-layout":"","theme-transparent-header-meta":"default","adv-header-id-meta":"","stick-header-meta":"","header-above-stick-meta":"","header-main-stick-meta":"","header-below-stick-meta":"","astra-migrate-meta-layouts":"default","ast-page-background-enabled":"default","ast-page-background-meta":{"desktop":{"background-color":"","background-image":"","background-repeat":"repeat","background-position":"center center","background-size":"auto","background-attachment":"scroll","background-type":"","background-media":"","overlay-type":"","overlay-color":"","overlay-gradient":""},"tablet":{"background-color":"","background-image":"","background-repeat":"repeat","background-position":"center center","background-size":"auto","background-attachment":"scroll","background-type":"","background-media":"","overlay-type":"","overlay-color":"","overlay-gradient":""},"mobile":{"background-color":"","background-image":"","background-repeat":"repeat","background-position":"center center","background-size":"auto","background-attachment":"scroll","background-type":"","background-media":"","overlay-type":"","overlay-color":"","overlay-gradient":""}},"ast-content-background-meta":{"desktop":{"background-color":"var(--ast-global-color-5)","background-image":"","background-repeat":"repeat","background-position":"center center","background-size":"auto","background-attachment":"scroll","background-type":"","background-media":"","overlay-type":"","overlay-color":"","overlay-gradient":""},"tablet":{"background-color":"var(--ast-global-color-5)","background-image":"","background-repeat":"repeat","background-position":"center center","background-size":"auto","background-attachment":"scroll","background-type":"","background-media":"","overlay-type":"","overlay-color":"","overlay-gradient":""},"mobile":{"background-color":"var(--ast-global-color-5)","background-image":"","background-repeat":"repeat","background-position":"center center","background-size":"auto","background-attachment":"scroll","background-type":"","background-media":"","overlay-type":"","overlay-color":"","overlay-gradient":""}},"footnotes":""},"uagb_featured_image_src":{"full":false,"thumbnail":false,"medium":false,"medium_large":false,"large":false,"1536x1536":false,"2048x2048":false,"trp-custom-language-flag":false},"uagb_author_info":{"display_name":"SOE","author_link":"https:\/\/supcom.standardof.net\/fr\/author\/k-tastic\/"},"uagb_comment_info":0,"uagb_excerpt":"GOVERNOR CLASS CRUISER The cruiser is where the UEF&#8217;s philosophy of throwing brute force guns onto a heavily armored platform shines. Cruisers, far from being &#8220;just big anti-air boats&#8221;, have tactical missiles with range approaching a real tactical missile launcher, SAM missiles that don&#8217;t do the damage of a real SAM site but work just&hellip;","_links":{"self":[{"href":"https:\/\/supcom.standardof.net\/fr\/wp-json\/wp\/v2\/pages\/393"}],"collection":[{"href":"https:\/\/supcom.standardof.net\/fr\/wp-json\/wp\/v2\/pages"}],"about":[{"href":"https:\/\/supcom.standardof.net\/fr\/wp-json\/wp\/v2\/types\/page"}],"author":[{"embeddable":true,"href":"https:\/\/supcom.standardof.net\/fr\/wp-json\/wp\/v2\/users\/1"}],"replies":[{"embeddable":true,"href":"https:\/\/supcom.standardof.net\/fr\/wp-json\/wp\/v2\/comments?post=393"}],"version-history":[{"count":0,"href":"https:\/\/supcom.standardof.net\/fr\/wp-json\/wp\/v2\/pages\/393\/revisions"}],"up":[{"embeddable":true,"href":"https:\/\/supcom.standardof.net\/fr\/wp-json\/wp\/v2\/pages\/231"}],"wp:attachment":[{"href":"https:\/\/supcom.standardof.net\/fr\/wp-json\/wp\/v2\/media?parent=393"}],"curies":[{"name":"wp","href":"https:\/\/api.w.org\/{rel}","templated":true}]}}