{"id":402,"date":"2020-11-01T14:21:49","date_gmt":"2020-11-01T19:21:49","guid":{"rendered":"https:\/\/supcom.standardof.net\/?page_id=402"},"modified":"2020-11-03T23:08:20","modified_gmt":"2020-11-04T04:08:20","slug":"tech-3-uef-naval-units","status":"publish","type":"page","link":"https:\/\/supcom.standardof.net\/fr\/supreme-commander\/uef\/tech-3-unites-navales-uef\/","title":{"rendered":"Tech 3 - Unit\u00e9s navales de l&#039;UEF"},"content":{"rendered":"<div class=\"wp-block-uagb-table-of-contents uagb-toc__align-left uagb-toc__columns-1  uagb-block-8b8565f8\"\n\t\t\t\t\tdata-scroll= \"1\"\n\t\t\t\t\tdata-offset= \"30\"\n\t\t\t\t\tstyle=\"\"\n\t\t\t\t>\n\t\t\t\t<div class=\"uagb-toc__wrap\">\n\t\t\t\t\t\t<div class=\"uagb-toc__title\">\n\t\t\t\t\t\t\tUnit\u00e9s navales UEF Tech 3:\t\t\t\t\t\t<\/div>\n\t\t\t\t\t\t\t\t\t\t\t\t\t\t\t\t<div class=\"uagb-toc__list-wrap\">\n\t\t\t\t\t\t<ol class=\"uagb-toc__list\"><li class=\"uagb-toc__list\"><a href=\"#summit-class-battleship\" class=\"uagb-toc-link__trigger\">BATAILLE DE CLASSE SOMMET<\/a><li class=\"uagb-toc__list\"><a href=\"#ace-strategic-missile-submarine\" class=\"uagb-toc-link__trigger\">ACE - SOUS-MARIN MISSILE STRAT\u00c9GIQUE<\/a><\/ol>\t\t\t\t\t<\/div>\n\t\t\t\t\t\t\t\t\t<\/div>\n\t\t\t\t<\/div>\n\t\t\t\n\n\n<section class=\"wp-block-uagb-columns uagb-columns__wrap uagb-columns__background-undefined uagb-columns__stack-mobile uagb-columns__valign-undefined uagb-columns__gap-10 alignundefined uagb-block-3e7fce68\"><div class=\"uagb-columns__overlay\"><\/div><div class=\"uagb-columns__inner-wrap uagb-columns__columns-1\">\n<div class=\"wp-block-uagb-column uagb-column__wrap uagb-column__background-undefined uagb-block-c87fdc65\"><div class=\"uagb-column__overlay\"><\/div><div class=\"uagb-column__inner-wrap\">\n<h2 class=\"wp-block-heading\"><strong>SOMMET <\/strong>BATAILLE DE CLASSE<\/h2>\n\n\n\n<p><a href=\"https:\/\/www.standardof.net\/wp-content\/uploads\/2011\/10\/Battleship-Summit-Class.jpg\" class=\"rank-math-link\" target=\"_blank\" rel=\"noopener\"><\/a>Le cuirass\u00e9 est essentiellement une unit\u00e9 exp\u00e9rimentale que vous pouvez construire dans votre usine navale. Il a des quantit\u00e9s impies d&#039;armure, des d\u00e9fenses antimissiles tactiques pour s&#039;assurer qu&#039;il n&#039;est pas \u00e9limin\u00e9 par les d\u00e9fenses c\u00f4ti\u00e8res avant d&#039;avoir son mot \u00e0 dire en la mati\u00e8re, et des canons anti-a\u00e9riens con\u00e7us pour tuer des navires de combat plut\u00f4t que des bombardiers (ce que vos croiseurs devraient d\u00e9j\u00e0 \u00eatre) manipulation). Comme tous les cuirass\u00e9s, il a un trio de pi\u00e8ces d&#039;artillerie T2 (essentiellement) comme armes principales, ce qui lui permet de rester loin du rivage et d&#039;engager des d\u00e9fenses terrestres \u00e0 ses propres conditions, tout en tuant la flotte Cybran avant qu&#039;elle ne puisse se rapprocher de la port\u00e9e des torpilles. N&#039;envoyez pas cela seul, car il n&#039;a aucun moyen de se d\u00e9fendre contre les sous-marins.<\/p>\n\n\n\n<div class=\"wp-block-image\"><figure class=\"aligncenter size-large\"><a href=\"https:\/\/supcom.standardof.net\/fr\/supreme-commander\/uef\/tech-3-unites-navales-uef\/battleship-summit-class-supreme-commander-uef-navy-units-t3\/\"><img decoding=\"async\" width=\"600\" height=\"391\" src=\"https:\/\/supcom.standardof.net\/wp-content\/uploads\/sites\/8\/2020\/11\/Battleship-Summit-Class-Supreme-Commander-UEF-Navy-Units-T3.jpg\" alt=\"Le cuirass\u00e9 de classe Summit, unit\u00e9 navale UEF Tech 3 dans Supreme Commander.\" class=\"wp-image-405\" srcset=\"https:\/\/supcom.standardof.net\/wp-content\/uploads\/sites\/8\/2020\/11\/Battleship-Summit-Class-Supreme-Commander-UEF-Navy-Units-T3.jpg 600w, https:\/\/supcom.standardof.net\/wp-content\/uploads\/sites\/8\/2020\/11\/Battleship-Summit-Class-Supreme-Commander-UEF-Navy-Units-T3-512x334.jpg 512w, https:\/\/supcom.standardof.net\/wp-content\/uploads\/sites\/8\/2020\/11\/Battleship-Summit-Class-Supreme-Commander-UEF-Navy-Units-T3-200x130.jpg 200w, https:\/\/supcom.standardof.net\/wp-content\/uploads\/sites\/8\/2020\/11\/Battleship-Summit-Class-Supreme-Commander-UEF-Navy-Units-T3-16x10.jpg 16w\" sizes=\"(max-width: 600px) 100vw, 600px\" \/><\/a><figcaption>BATAILLE DE CLASSE SOMMET<\/figcaption><\/figure><\/div>\n\n\n\n<section class=\"wp-block-uagb-columns uagb-columns__wrap uagb-columns__background-undefined uagb-columns__stack-mobile uagb-columns__valign-undefined uagb-columns__gap-10 alignundefined uagb-block-424dbb9e\"><div class=\"uagb-columns__overlay\"><\/div><div class=\"uagb-columns__inner-wrap uagb-columns__columns-2\">\n<div class=\"wp-block-uagb-column uagb-column__wrap uagb-column__background-undefined uagb-block-2c20043b\"><div class=\"uagb-column__overlay\"><\/div><div class=\"uagb-column__inner-wrap\">\n<h3 class=\"wp-block-heading\">Statistiques du sommet<\/h3>\n\n\n\n<p><strong>Armure:<\/strong> 60000 chevaux<br><strong>Capacit\u00e9s:<\/strong> D\u00e9fense antimissile - Tactique<br><strong>Co\u00fbt:<\/strong> M20000, E160000, T24000<br><strong>Intel:<\/strong> vue: 70 (1.37km)<br>radar: 100 (1,95 km)<br>sonar: 32 (625m)<br>vue sur l&#039;eau: 50 (977m)<br><strong>La physique:<\/strong> vitesse maximale: 4,675 (91,3 m \/ s)<br>taux de virage: 15<br><strong>V\u00e9t\u00e9ran:<\/strong> 50, 100, 250, 500, 1000 victimes<br><em>* v\u00e9t\u00e9ran niveau 2: +15000 ch<br>* v\u00e9t\u00e9ran niveau 4: +15000 ch<br>* v\u00e9t\u00e9ran niveau 5: r\u00e9parer 3 hp \/ s<\/em><\/p>\n<\/div><\/div>\n\n\n\n<div class=\"wp-block-uagb-column uagb-column__wrap uagb-column__background-undefined uagb-block-8147a997\"><div class=\"uagb-column__overlay\"><\/div><div class=\"uagb-column__inner-wrap\">\n<h3 class=\"wp-block-heading\">Armes du sommet<\/h3>\n\n\n\n<p><strong>3x Canon de Gauss<\/strong><br><em>(Naval de tir direct)<\/em> 150,00 dps<br><strong>surface:<\/strong> 2 (39,1 m)<br><strong>intervalle:<\/strong> 128 (2,50 km)<br><strong>arme \u00e0 projectile:<\/strong> 600 d\u00e9g\u00e2ts x 3 projectiles = 1800 d\u00e9g\u00e2ts par salve<br><strong>cadence de tir:<\/strong> 0,08333333 (toutes les 12 s)<br><em>* v\u00e9t\u00e9ran niveau 1: +150 d\u00e9g\u00e2ts<br>* v\u00e9t\u00e9ran niveau 3: +150 d\u00e9g\u00e2ts<\/em><\/p>\n\n\n\n<p><strong>4x Railgun li\u00e9<\/strong><br><em>(Anti-air)<\/em> 40,00 dps<br><strong>intervalle:<\/strong> 60 (1,17 km)<br><strong>arme \u00e0 projectile:<\/strong> 10 d\u00e9g\u00e2ts x 2 projectiles = 20 d\u00e9g\u00e2ts par salve<br><strong>cadence de tir:<\/strong> 2 (toutes les 0,5 s)<br><em>* v\u00e9t\u00e9ran niveau 1: +3 d\u00e9g\u00e2ts<br>* v\u00e9t\u00e9ran niveau 3: +3 d\u00e9g\u00e2ts<\/em><\/p>\n\n\n\n<p><strong>2x Anti-missile Phalanx<\/strong><br><em>(La d\u00e9fense)<\/em> 4,50 dps<br><strong>intervalle:<\/strong> 32 (625m)<br><strong>arme \u00e0 faisceau:<\/strong> 1 d\u00e9g\u00e2t x 1 rayon toutes les 0,25 s pendant 0,5 s = 3 par salve<br><strong>cadence de tir:<\/strong> 3 (toutes les 0,33 s)<\/p>\n<\/div><\/div>\n<\/div><\/section>\n<\/div><\/div>\n<\/div><\/section>\n\n\n\n<section class=\"wp-block-uagb-columns uagb-columns__wrap uagb-columns__background-undefined uagb-columns__stack-mobile uagb-columns__valign-undefined uagb-columns__gap-10 alignundefined uagb-block-e551c388\"><div class=\"uagb-columns__overlay\"><\/div><div class=\"uagb-columns__inner-wrap uagb-columns__columns-1\">\n<div class=\"wp-block-uagb-column uagb-column__wrap uagb-column__background-undefined uagb-block-10dad4fa\"><div class=\"uagb-column__overlay\"><\/div><div class=\"uagb-column__inner-wrap\">\n<h2 class=\"wp-block-heading\"><strong>AS <\/strong>- SOUS-MARIN MISSILE STRAT\u00c9GIQUE<\/h2>\n\n\n\n<p><a href=\"https:\/\/www.standardof.net\/wp-content\/uploads\/2011\/10\/Strategic-Missile-Submarine-Ace.jpg\" class=\"rank-math-link\" target=\"_blank\" rel=\"noopener\"><\/a>Ce n&#039;est pas parce que votre arme nucl\u00e9aire arrive sur un sous-marin que sa construction est moins douloureuse. N&#039;oubliez pas de ne pas construire cela dans votre seule usine navale, car vous serez bient\u00f4t submerg\u00e9. Quand il est en place, cependant, l&#039;UEF a l&#039;avantage de pouvoir masquer ses attaques de missiles de croisi\u00e8re avec des missiles de croiseurs r\u00e9els afin que l&#039;adversaire ne sache pas que vous en avez un. Si vous disposez d&#039;un appui-feu suffisant de votre flotte r\u00e9guli\u00e8re, le sous-marin pourra passer un ou deux coups de ses missiles tactiques, qui tuent les navires T1 ou un croiseur en un seul coup. Pendant que vous combattez ce qui est probablement une bataille perdue (parce que vous avez fabriqu\u00e9 un sous-marin au lieu d&#039;une flotte maritime), votre sous-marin nucl\u00e9aire peut rentrer chez lui en toute s\u00e9curit\u00e9 et vivre pour bombarder un autre jour. Les armes nucl\u00e9aires qu&#039;il construit sont plus ch\u00e8res, mais le sous-marin lui-m\u00eame est consid\u00e9rablement moins cher qu&#039;un cuirass\u00e9.<\/p>\n\n\n\n<div class=\"wp-block-image\"><figure class=\"aligncenter size-large\"><a href=\"https:\/\/supcom.standardof.net\/fr\/supreme-commander\/uef\/tech-3-unites-navales-uef\/strategic-missile-submarine-ace-supreme-commander-uef-navy-units-t3\/\"><img decoding=\"async\" width=\"580\" height=\"450\" src=\"https:\/\/supcom.standardof.net\/wp-content\/uploads\/sites\/8\/2020\/11\/Strategic-Missile-Submarine-Ace-Supreme-Commander-UEF-Navy-Units-T3.jpg\" alt=\"Le sous-marin de missiles strat\u00e9giques Ace, unit\u00e9 navale UEF Tech 3 en commandant supr\u00eame.\" class=\"wp-image-404\" srcset=\"https:\/\/supcom.standardof.net\/wp-content\/uploads\/sites\/8\/2020\/11\/Strategic-Missile-Submarine-Ace-Supreme-Commander-UEF-Navy-Units-T3.jpg 580w, https:\/\/supcom.standardof.net\/wp-content\/uploads\/sites\/8\/2020\/11\/Strategic-Missile-Submarine-Ace-Supreme-Commander-UEF-Navy-Units-T3-512x397.jpg 512w, https:\/\/supcom.standardof.net\/wp-content\/uploads\/sites\/8\/2020\/11\/Strategic-Missile-Submarine-Ace-Supreme-Commander-UEF-Navy-Units-T3-200x155.jpg 200w, https:\/\/supcom.standardof.net\/wp-content\/uploads\/sites\/8\/2020\/11\/Strategic-Missile-Submarine-Ace-Supreme-Commander-UEF-Navy-Units-T3-16x12.jpg 16w\" sizes=\"(max-width: 580px) 100vw, 580px\" \/><\/a><figcaption>ACE - SOUS-MARIN MISSILE STRAT\u00c9GIQUE<\/figcaption><\/figure><\/div>\n\n\n\n<section class=\"wp-block-uagb-columns uagb-columns__wrap uagb-columns__background-undefined uagb-columns__stack-mobile uagb-columns__valign-undefined uagb-columns__gap-10 alignundefined uagb-block-e330a27e\"><div class=\"uagb-columns__overlay\"><\/div><div class=\"uagb-columns__inner-wrap uagb-columns__columns-2\">\n<div class=\"wp-block-uagb-column uagb-column__wrap uagb-column__background-undefined uagb-block-67803d0a\"><div class=\"uagb-column__overlay\"><\/div><div class=\"uagb-column__inner-wrap\">\n<h3 class=\"wp-block-heading\">Statistiques de l&#039;as<\/h3>\n\n\n\n<p><strong>Armure:<\/strong> 4000 chevaux<br><strong>Capacit\u00e9s:<\/strong> Submersible, sonar, construction manuelle, lancement manuel<br><strong>Co\u00fbt:<\/strong> M10000, E60000, T15000<br><strong>Intel:<\/strong> vue: 16 (313m)<br>sonar: 75 (1,46 km)<br>vue sur l&#039;eau: 24 (469m)<br><strong>La physique<br><\/strong>&nbsp;&nbsp;&nbsp; vitesse maximale: 2,55 (49,8 m \/ s)<br>taux de virage: 25<br><strong>V\u00e9t\u00e9ran:<\/strong> 50, 100, 250, 500, 1000 victimes<br><em>* v\u00e9t\u00e9ran niveau 2: +1000 ch<br>* v\u00e9t\u00e9ran niveau 4: +1000 ch<br>* v\u00e9t\u00e9ran niveau 5: r\u00e9parer 3 hp \/ s<\/em><\/p>\n<\/div><\/div>\n\n\n\n<div class=\"wp-block-uagb-column uagb-column__wrap uagb-column__background-undefined uagb-block-65665288\"><div class=\"uagb-column__overlay\"><\/div><div class=\"uagb-column__inner-wrap\">\n<h3 class=\"wp-block-heading\">Armes Ace<\/h3>\n\n\n\n<p><strong>Missile de croisi\u00e8re \u00e0 longue port\u00e9e<br><\/strong> <em>(Missile)<\/em> 200,00 dps<br><strong>surface:<\/strong> 3 (58,6 m)<br><strong>intervalle:<\/strong> 128 (2,50 km)<br><strong>arme \u00e0 projectile:<\/strong> 2000 d\u00e9g\u00e2ts<br><strong>cadence de tir:<\/strong> 0,1 (toutes les 10 s)<br><em>* v\u00e9t\u00e9ran niveau 1: +750 d\u00e9g\u00e2ts<br>* v\u00e9t\u00e9ran niveau 3: +750 d\u00e9g\u00e2ts<br><\/em><br><strong>Ogive nucl\u00e9aire<\/strong><br><em>(Missile)<\/em><br>endommagement de la bague int\u00e9rieure: 35000<br>rayon de la bague int\u00e9rieure: 30 (586m)<br>endommagement de la bague ext\u00e9rieure: 500<br>rayon de la bague ext\u00e9rieure: 40 (781m)<br><strong>espace de rangement:<\/strong> 2 missiles<\/p>\n<\/div><\/div>\n<\/div><\/section>\n<\/div><\/div>\n<\/div><\/section>","protected":false},"excerpt":{"rendered":"<p>SUMMIT CLASS BATTLESHIP The Battleship is basically an experimental unit that you can build in your naval factory. It has ungodly amounts of armor, tactical missile defenses to make sure it isn&#8217;t taken out by shore defenses before it&#8217;s had its say in the matter, and anti-air guns designed to kill gunships rather than bombers [&hellip;]<\/p>","protected":false},"author":1,"featured_media":0,"parent":231,"menu_order":0,"comment_status":"open","ping_status":"closed","template":"","meta":{"_uag_custom_page_level_css":"","site-sidebar-layout":"default","site-content-layout":"default","ast-site-content-layout":"","site-content-style":"default","site-sidebar-style":"default","ast-global-header-display":"","ast-banner-title-visibility":"","ast-main-header-display":"","ast-hfb-above-header-display":"","ast-hfb-below-header-display":"","ast-hfb-mobile-header-display":"","site-post-title":"","ast-breadcrumbs-content":"","ast-featured-img":"","footer-sml-layout":"","theme-transparent-header-meta":"default","adv-header-id-meta":"","stick-header-meta":"","header-above-stick-meta":"","header-main-stick-meta":"","header-below-stick-meta":"","astra-migrate-meta-layouts":"default","ast-page-background-enabled":"default","ast-page-background-meta":{"desktop":{"background-color":"","background-image":"","background-repeat":"repeat","background-position":"center center","background-size":"auto","background-attachment":"scroll","background-type":"","background-media":"","overlay-type":"","overlay-color":"","overlay-gradient":""},"tablet":{"background-color":"","background-image":"","background-repeat":"repeat","background-position":"center center","background-size":"auto","background-attachment":"scroll","background-type":"","background-media":"","overlay-type":"","overlay-color":"","overlay-gradient":""},"mobile":{"background-color":"","background-image":"","background-repeat":"repeat","background-position":"center center","background-size":"auto","background-attachment":"scroll","background-type":"","background-media":"","overlay-type":"","overlay-color":"","overlay-gradient":""}},"ast-content-background-meta":{"desktop":{"background-color":"var(--ast-global-color-5)","background-image":"","background-repeat":"repeat","background-position":"center center","background-size":"auto","background-attachment":"scroll","background-type":"","background-media":"","overlay-type":"","overlay-color":"","overlay-gradient":""},"tablet":{"background-color":"var(--ast-global-color-5)","background-image":"","background-repeat":"repeat","background-position":"center center","background-size":"auto","background-attachment":"scroll","background-type":"","background-media":"","overlay-type":"","overlay-color":"","overlay-gradient":""},"mobile":{"background-color":"var(--ast-global-color-5)","background-image":"","background-repeat":"repeat","background-position":"center center","background-size":"auto","background-attachment":"scroll","background-type":"","background-media":"","overlay-type":"","overlay-color":"","overlay-gradient":""}},"footnotes":""},"uagb_featured_image_src":{"full":false,"thumbnail":false,"medium":false,"medium_large":false,"large":false,"1536x1536":false,"2048x2048":false,"trp-custom-language-flag":false},"uagb_author_info":{"display_name":"SOE","author_link":"https:\/\/supcom.standardof.net\/fr\/author\/k-tastic\/"},"uagb_comment_info":0,"uagb_excerpt":"SUMMIT CLASS BATTLESHIP The Battleship is basically an experimental unit that you can build in your naval factory. It has ungodly amounts of armor, tactical missile defenses to make sure it isn&#8217;t taken out by shore defenses before it&#8217;s had its say in the matter, and anti-air guns designed to kill gunships rather than bombers&hellip;","_links":{"self":[{"href":"https:\/\/supcom.standardof.net\/fr\/wp-json\/wp\/v2\/pages\/402"}],"collection":[{"href":"https:\/\/supcom.standardof.net\/fr\/wp-json\/wp\/v2\/pages"}],"about":[{"href":"https:\/\/supcom.standardof.net\/fr\/wp-json\/wp\/v2\/types\/page"}],"author":[{"embeddable":true,"href":"https:\/\/supcom.standardof.net\/fr\/wp-json\/wp\/v2\/users\/1"}],"replies":[{"embeddable":true,"href":"https:\/\/supcom.standardof.net\/fr\/wp-json\/wp\/v2\/comments?post=402"}],"version-history":[{"count":0,"href":"https:\/\/supcom.standardof.net\/fr\/wp-json\/wp\/v2\/pages\/402\/revisions"}],"up":[{"embeddable":true,"href":"https:\/\/supcom.standardof.net\/fr\/wp-json\/wp\/v2\/pages\/231"}],"wp:attachment":[{"href":"https:\/\/supcom.standardof.net\/fr\/wp-json\/wp\/v2\/media?parent=402"}],"curies":[{"name":"wp","href":"https:\/\/api.w.org\/{rel}","templated":true}]}}