{"id":459,"date":"2020-11-01T16:36:20","date_gmt":"2020-11-01T21:36:20","guid":{"rendered":"https:\/\/supcom.standardof.net\/?page_id=459"},"modified":"2020-11-03T23:11:17","modified_gmt":"2020-11-04T04:11:17","slug":"tech-2-uef-economy-buildings","status":"publish","type":"page","link":"https:\/\/supcom.standardof.net\/fr\/supreme-commander\/uef\/batiments-economiques-tech-2-uef\/","title":{"rendered":"Tech 2 - B\u00e2timents \u00e9conomiques de l&#039;UEF"},"content":{"rendered":"<div class=\"wp-block-uagb-table-of-contents uagb-toc__align-left uagb-toc__columns-1  uagb-block-6da7b412\"\n\t\t\t\t\tdata-scroll= \"1\"\n\t\t\t\t\tdata-offset= \"30\"\n\t\t\t\t\tstyle=\"\"\n\t\t\t\t>\n\t\t\t\t<div class=\"uagb-toc__wrap\">\n\t\t\t\t\t\t<div class=\"uagb-toc__title\">\n\t\t\t\t\t\t\tB\u00e2timents \u00e9conomiques UEF Tech 2:\t\t\t\t\t\t<\/div>\n\t\t\t\t\t\t\t\t\t\t\t\t\t\t\t\t<div class=\"uagb-toc__list-wrap\">\n\t\t\t\t\t\t<ol class=\"uagb-toc__list\"><li class=\"uagb-toc__list\"><a href=\"#tech-2-uef-land-factory\" class=\"uagb-toc-link__trigger\">USINE TERRESTRE TECH 2 UEF<\/a><li class=\"uagb-toc__list\"><a href=\"#tech-2-uef-air-factory\" class=\"uagb-toc-link__trigger\">USINE AIR TECH 2 UEF<\/a><li class=\"uagb-toc__list\"><a href=\"#tech-2-uef-naval-factory\" class=\"uagb-toc-link__trigger\">USINE NAVALE TECH 2 UEF<\/a><li class=\"uagb-toc__list\"><a href=\"#mass-pump-t2-mass-extractor\" class=\"uagb-toc-link__trigger\">POMPE DE MASSE - EXTRACTEUR DE MASSE T2<\/a><li class=\"uagb-toc__list\"><a href=\"#eg-200-fusion-reactor-t2-power-generator\" class=\"uagb-toc-link__trigger\">R\u00c9ACTEUR DE FUSION EG-200 - G\u00c9N\u00c9RATEUR DE PUISSANCE T2<\/a><\/ol>\t\t\t\t\t<\/div>\n\t\t\t\t\t\t\t\t\t<\/div>\n\t\t\t\t<\/div>\n\t\t\t\n\n\n<section class=\"wp-block-uagb-columns uagb-columns__wrap uagb-columns__background-undefined uagb-columns__stack-mobile uagb-columns__valign-undefined uagb-columns__gap-10 alignundefined uagb-block-51325417\"><div class=\"uagb-columns__overlay\"><\/div><div class=\"uagb-columns__inner-wrap uagb-columns__columns-1\">\n<div class=\"wp-block-uagb-column uagb-column__wrap uagb-column__background-undefined uagb-block-529d6a7b\"><div class=\"uagb-column__overlay\"><\/div><div class=\"uagb-column__inner-wrap\">\n<h2 class=\"wp-block-heading\"><strong>USINE TERRESTRE TECH 2 UEF<\/strong><\/h2>\n\n\n\n<p><a href=\"https:\/\/www.standardof.net\/wp-content\/uploads\/2012\/12\/TECH-2-UEF-LAND-FACTORY.png\" class=\"rank-math-link\" target=\"_blank\" rel=\"noopener\"><\/a>Au niveau T2, votre usine n&#039;est pas vuln\u00e9rable aux gr\u00e8ves surprises et est g\u00e9n\u00e9ralement le dernier b\u00e2timent \u00e0 mourir. C&#039;est toujours deux fois plus rapide que votre ing\u00e9nieur du m\u00eame niveau.<\/p>\n\n\n\n<div class=\"wp-block-image\"><figure class=\"aligncenter size-large\"><a href=\"https:\/\/supcom.standardof.net\/fr\/supreme-commander\/uef\/batiments-economiques-tech-2-uef\/land-factory-supreme-commander-uef-economy-buildings-t2\/\"><img decoding=\"async\" width=\"536\" height=\"466\" src=\"https:\/\/supcom.standardof.net\/wp-content\/uploads\/sites\/8\/2020\/11\/LAND-FACTORY-Supreme-Commander-UEF-Economy-Buildings-T2.jpg\" alt=\"Le T2 Land Factory, b\u00e2timent \u00e9conomique UEF Tech 2 dans Supreme Commander.\" class=\"wp-image-463\" srcset=\"https:\/\/supcom.standardof.net\/wp-content\/uploads\/sites\/8\/2020\/11\/LAND-FACTORY-Supreme-Commander-UEF-Economy-Buildings-T2.jpg 536w, https:\/\/supcom.standardof.net\/wp-content\/uploads\/sites\/8\/2020\/11\/LAND-FACTORY-Supreme-Commander-UEF-Economy-Buildings-T2-512x445.jpg 512w, https:\/\/supcom.standardof.net\/wp-content\/uploads\/sites\/8\/2020\/11\/LAND-FACTORY-Supreme-Commander-UEF-Economy-Buildings-T2-200x174.jpg 200w, https:\/\/supcom.standardof.net\/wp-content\/uploads\/sites\/8\/2020\/11\/LAND-FACTORY-Supreme-Commander-UEF-Economy-Buildings-T2-14x12.jpg 14w\" sizes=\"(max-width: 536px) 100vw, 536px\" \/><\/a><figcaption>USINE TERRESTRE TECH 2 UEF<\/figcaption><\/figure><\/div>\n\n\n\n<section class=\"wp-block-uagb-columns uagb-columns__wrap uagb-columns__background-undefined uagb-columns__stack-mobile uagb-columns__valign-undefined uagb-columns__gap-10 alignundefined uagb-block-fa8ad340\"><div class=\"uagb-columns__overlay\"><\/div><div class=\"uagb-columns__inner-wrap uagb-columns__columns-2\">\n<div class=\"wp-block-uagb-column uagb-column__wrap uagb-column__background-undefined uagb-block-359732ab\"><div class=\"uagb-column__overlay\"><\/div><div class=\"uagb-column__inner-wrap\">\n<h3 class=\"wp-block-heading\">T2 Land Factory Stats<\/h3>\n\n\n\n<p><strong>Armure:<\/strong> 9000 chevaux<br><strong>Capacit\u00e9s: <\/strong>\u00c9volutif<br><strong>Co\u00fbt:<\/strong> M900, E7200, T1800<br>taux de construction: 20<br>&nbsp;&nbsp;&nbsp;&nbsp; stockage: M160, E800<br><strong>Intel<\/strong><br>vue: 20 (391m)<br><strong>La physique<\/strong><br>taille pour la contigu\u00eft\u00e9: 16<\/p>\n<\/div><\/div>\n\n\n\n<div class=\"wp-block-uagb-column uagb-column__wrap uagb-column__background-undefined uagb-block-2b8d0d16\"><div class=\"uagb-column__overlay\"><\/div><div class=\"uagb-column__inner-wrap\"><\/div><\/div>\n<\/div><\/section>\n<\/div><\/div>\n<\/div><\/section>\n\n\n\n<section class=\"wp-block-uagb-columns uagb-columns__wrap uagb-columns__background-undefined uagb-columns__stack-mobile uagb-columns__valign-undefined uagb-columns__gap-10 alignundefined uagb-block-06adabfb\"><div class=\"uagb-columns__overlay\"><\/div><div class=\"uagb-columns__inner-wrap uagb-columns__columns-1\">\n<div class=\"wp-block-uagb-column uagb-column__wrap uagb-column__background-undefined uagb-block-6f94bcfe\"><div class=\"uagb-column__overlay\"><\/div><div class=\"uagb-column__inner-wrap\">\n<h2 class=\"wp-block-heading\"><strong>USINE AIR TECH 2 UEF<\/strong><\/h2>\n\n\n\n<p><a href=\"https:\/\/www.standardof.net\/wp-content\/uploads\/2012\/12\/TECH-2-UEF-AIR-FACTORY.png\" class=\"rank-math-link\" target=\"_blank\" rel=\"noopener\"><\/a>La mise \u00e0 niveau de l&#039;usine d&#039;air T2 est plus lente que la mise \u00e0 niveau de l&#039;usine terrestre T2, donc s&#039;il est temps de passer \u00e0 la technologie et que vous voulez juste des ing\u00e9nieurs, faites-la plus tard.<\/p>\n\n\n\n<div class=\"wp-block-image\"><figure class=\"aligncenter size-large\"><a href=\"https:\/\/supcom.standardof.net\/fr\/supreme-commander\/uef\/batiments-economiques-tech-2-uef\/air-factory-supreme-commander-uef-economy-buildings-t2\/\"><img decoding=\"async\" width=\"486\" height=\"455\" src=\"https:\/\/supcom.standardof.net\/wp-content\/uploads\/sites\/8\/2020\/11\/AIR-FACTORY-Supreme-Commander-UEF-Economy-Buildings-T2.jpg\" alt=\"Le T2 Air Factory, b\u00e2timent \u00e9conomique UEF Tech 2 dans Supreme Commander.\" class=\"wp-image-461\" srcset=\"https:\/\/supcom.standardof.net\/wp-content\/uploads\/sites\/8\/2020\/11\/AIR-FACTORY-Supreme-Commander-UEF-Economy-Buildings-T2.jpg 486w, https:\/\/supcom.standardof.net\/wp-content\/uploads\/sites\/8\/2020\/11\/AIR-FACTORY-Supreme-Commander-UEF-Economy-Buildings-T2-200x187.jpg 200w, https:\/\/supcom.standardof.net\/wp-content\/uploads\/sites\/8\/2020\/11\/AIR-FACTORY-Supreme-Commander-UEF-Economy-Buildings-T2-13x12.jpg 13w\" sizes=\"(max-width: 486px) 100vw, 486px\" \/><\/a><figcaption>USINE AIR TECH 2 UEF<\/figcaption><\/figure><\/div>\n\n\n\n<section class=\"wp-block-uagb-columns uagb-columns__wrap uagb-columns__background-undefined uagb-columns__stack-mobile uagb-columns__valign-undefined uagb-columns__gap-10 alignundefined uagb-block-ee2b3b71\"><div class=\"uagb-columns__overlay\"><\/div><div class=\"uagb-columns__inner-wrap uagb-columns__columns-2\">\n<div class=\"wp-block-uagb-column uagb-column__wrap uagb-column__background-undefined uagb-block-b571f53c\"><div class=\"uagb-column__overlay\"><\/div><div class=\"uagb-column__inner-wrap\">\n<h3 class=\"wp-block-heading\">Statistiques de T2 Air Factory<\/h3>\n\n\n\n<p><strong>Armure:<\/strong> 9000 chevaux<br><strong>Capacit\u00e9s: <\/strong>\u00c9volutif<br><strong>Co\u00fbt:<\/strong> M900, E13500, T2250<br>taux de construction: 20<br>&nbsp;&nbsp;&nbsp;&nbsp; stockage: M160, E800<br><strong>Intel<\/strong><br>&nbsp;&nbsp;&nbsp;&nbsp; vue: 20 (391m)<br><strong>La physique<\/strong><br>&nbsp;&nbsp;&nbsp;&nbsp; taille pour la contigu\u00eft\u00e9: 16<\/p>\n<\/div><\/div>\n\n\n\n<div class=\"wp-block-uagb-column uagb-column__wrap uagb-column__background-undefined uagb-block-295606cd\"><div class=\"uagb-column__overlay\"><\/div><div class=\"uagb-column__inner-wrap\"><\/div><\/div>\n<\/div><\/section>\n<\/div><\/div>\n<\/div><\/section>\n\n\n\n<section class=\"wp-block-uagb-columns uagb-columns__wrap uagb-columns__background-undefined uagb-columns__stack-mobile uagb-columns__valign-undefined uagb-columns__gap-10 alignundefined uagb-block-33323537\"><div class=\"uagb-columns__overlay\"><\/div><div class=\"uagb-columns__inner-wrap uagb-columns__columns-1\">\n<div class=\"wp-block-uagb-column uagb-column__wrap uagb-column__background-undefined uagb-block-db73fec1\"><div class=\"uagb-column__overlay\"><\/div><div class=\"uagb-column__inner-wrap\">\n<h2 class=\"wp-block-heading\"><strong>USINE NAVALE TECH 2 UEF<\/strong><\/h2>\n\n\n\n<p><a href=\"https:\/\/www.standardof.net\/wp-content\/uploads\/2012\/12\/TECH-2-UEF-NAVAL-FACTORY.png\" class=\"rank-math-link\" target=\"_blank\" rel=\"noopener\"><\/a>L&#039;usine navale T2 a maintenant \u00e9norm\u00e9ment de sant\u00e9, sans \u00eatre beaucoup plus ch\u00e8re que les autres am\u00e9liorations. \u00c9tant donn\u00e9 que la marine UEF T1 est si mauvaise, vous avez maintenant encore plus de raisons de vous lancer t\u00f4t (m\u00eame si c&#039;est juste pour faire des sous-marins deux fois plus vite).<\/p>\n\n\n\n<div class=\"wp-block-image\"><figure class=\"aligncenter size-large\"><a href=\"https:\/\/supcom.standardof.net\/fr\/supreme-commander\/uef\/batiments-economiques-tech-2-uef\/naval-factory-supreme-commander-uef-economy-buildings-t2\/\"><img decoding=\"async\" width=\"578\" height=\"517\" src=\"https:\/\/supcom.standardof.net\/wp-content\/uploads\/sites\/8\/2020\/11\/NAVAL-FACTORY-Supreme-Commander-UEF-Economy-Buildings-T2.jpg\" alt=\"La T2 Navy Factory, b\u00e2timent \u00e9conomique UEF Tech 2 dans Supreme Commander.\" class=\"wp-image-465\" srcset=\"https:\/\/supcom.standardof.net\/wp-content\/uploads\/sites\/8\/2020\/11\/NAVAL-FACTORY-Supreme-Commander-UEF-Economy-Buildings-T2.jpg 578w, https:\/\/supcom.standardof.net\/wp-content\/uploads\/sites\/8\/2020\/11\/NAVAL-FACTORY-Supreme-Commander-UEF-Economy-Buildings-T2-512x458.jpg 512w, https:\/\/supcom.standardof.net\/wp-content\/uploads\/sites\/8\/2020\/11\/NAVAL-FACTORY-Supreme-Commander-UEF-Economy-Buildings-T2-200x179.jpg 200w, https:\/\/supcom.standardof.net\/wp-content\/uploads\/sites\/8\/2020\/11\/NAVAL-FACTORY-Supreme-Commander-UEF-Economy-Buildings-T2-13x12.jpg 13w\" sizes=\"(max-width: 578px) 100vw, 578px\" \/><\/a><figcaption>USINE NAVALE TECH 2 UEF<\/figcaption><\/figure><\/div>\n\n\n\n<section class=\"wp-block-uagb-columns uagb-columns__wrap uagb-columns__background-undefined uagb-columns__stack-mobile uagb-columns__valign-undefined uagb-columns__gap-10 alignundefined uagb-block-14be9d79\"><div class=\"uagb-columns__overlay\"><\/div><div class=\"uagb-columns__inner-wrap uagb-columns__columns-2\">\n<div class=\"wp-block-uagb-column uagb-column__wrap uagb-column__background-undefined uagb-block-79986533\"><div class=\"uagb-column__overlay\"><\/div><div class=\"uagb-column__inner-wrap\">\n<h3 class=\"wp-block-heading\">Statistiques de l&#039;usine navale T2<\/h3>\n\n\n\n<p><strong>Armure:<\/strong> 18000 chevaux<br><strong>Capacit\u00e9s: <\/strong>\u00c9volutif<br><strong>Co\u00fbt:<\/strong> M1080, E7200, T1800<br>taux de construction: 20<br>&nbsp;&nbsp;&nbsp;&nbsp; stockage: M160, E800<br><strong>Intel<br><\/strong>&nbsp;&nbsp;&nbsp;&nbsp; vue: 20 (391m)<br><strong>La physique<br><\/strong>&nbsp;&nbsp;&nbsp;&nbsp; taille pour la contigu\u00eft\u00e9: 16<\/p>\n<\/div><\/div>\n\n\n\n<div class=\"wp-block-uagb-column uagb-column__wrap uagb-column__background-undefined uagb-block-efda394c\"><div class=\"uagb-column__overlay\"><\/div><div class=\"uagb-column__inner-wrap\"><\/div><\/div>\n<\/div><\/section>\n<\/div><\/div>\n<\/div><\/section>\n\n\n\n<section class=\"wp-block-uagb-columns uagb-columns__wrap uagb-columns__background-undefined uagb-columns__stack-mobile uagb-columns__valign-undefined uagb-columns__gap-10 alignundefined uagb-block-4e74f178\"><div class=\"uagb-columns__overlay\"><\/div><div class=\"uagb-columns__inner-wrap uagb-columns__columns-1\">\n<div class=\"wp-block-uagb-column uagb-column__wrap uagb-column__background-undefined uagb-block-fa74ddfd\"><div class=\"uagb-column__overlay\"><\/div><div class=\"uagb-column__inner-wrap\">\n<h2 class=\"wp-block-heading\"><strong>POMPE DE MASSE<\/strong> - EXTRACTEUR DE MASSE T2<\/h2>\n\n\n\n<p><a href=\"https:\/\/www.standardof.net\/wp-content\/uploads\/2012\/12\/MASS-PUMP-T2-MASS-EXTRACTOR.png\" class=\"rank-math-link\" target=\"_blank\" rel=\"noopener\"><\/a>Au niveau T2, vous avez d\u00e9velopp\u00e9 toute votre ampleur et il est maintenant temps de commencer \u00e0 mettre \u00e0 niveau vos extracteurs de masse. Faites attention \u00e0 les aider - ils n&#039;appara\u00eetront pas comme inactifs une fois la mise \u00e0 niveau termin\u00e9e.<\/p>\n\n\n\n<div class=\"wp-block-image\"><figure class=\"aligncenter size-large\"><a href=\"https:\/\/supcom.standardof.net\/fr\/supreme-commander\/uef\/batiments-economiques-tech-2-uef\/mass-pump-t2-mass-extractor-supreme-commander-uef-economy-buildings-t2\/\"><img decoding=\"async\" width=\"398\" height=\"364\" src=\"https:\/\/supcom.standardof.net\/wp-content\/uploads\/sites\/8\/2020\/11\/MASS-PUMP-T2-MASS-EXTRACTOR-Supreme-Commander-UEF-Economy-Buildings-T2.jpg\" alt=\"L&#039;extracteur de masse Mass Pump T2, b\u00e2timent \u00e9conomique UEF Tech 2 dans Supreme Commander.\" class=\"wp-image-464\" srcset=\"https:\/\/supcom.standardof.net\/wp-content\/uploads\/sites\/8\/2020\/11\/MASS-PUMP-T2-MASS-EXTRACTOR-Supreme-Commander-UEF-Economy-Buildings-T2.jpg 398w, https:\/\/supcom.standardof.net\/wp-content\/uploads\/sites\/8\/2020\/11\/MASS-PUMP-T2-MASS-EXTRACTOR-Supreme-Commander-UEF-Economy-Buildings-T2-200x183.jpg 200w, https:\/\/supcom.standardof.net\/wp-content\/uploads\/sites\/8\/2020\/11\/MASS-PUMP-T2-MASS-EXTRACTOR-Supreme-Commander-UEF-Economy-Buildings-T2-13x12.jpg 13w\" sizes=\"(max-width: 398px) 100vw, 398px\" \/><\/a><figcaption>POMPE DE MASSE - EXTRACTEUR DE MASSE T2<\/figcaption><\/figure><\/div>\n\n\n\n<section class=\"wp-block-uagb-columns uagb-columns__wrap uagb-columns__background-undefined uagb-columns__stack-mobile uagb-columns__valign-undefined uagb-columns__gap-10 alignundefined uagb-block-86645653\"><div class=\"uagb-columns__overlay\"><\/div><div class=\"uagb-columns__inner-wrap uagb-columns__columns-2\">\n<div class=\"wp-block-uagb-column uagb-column__wrap uagb-column__background-undefined uagb-block-f3f81852\"><div class=\"uagb-column__overlay\"><\/div><div class=\"uagb-column__inner-wrap\">\n<h3 class=\"wp-block-heading\">Statistiques de la pompe de masse<\/h3>\n\n\n\n<p><strong>Armure:<\/strong> 2160 chevaux<br><strong>Capacit\u00e9s: <\/strong>\u00c9volutif<br><strong>Co\u00fbt:<\/strong> M900, E5400, T900<br>revenus: M +6, E \u20139<br>taux de construction: 15<br><strong>La physique<br><\/strong>&nbsp;&nbsp;&nbsp;&nbsp; taille pour la contigu\u00eft\u00e9: 4<\/p>\n<\/div><\/div>\n\n\n\n<div class=\"wp-block-uagb-column uagb-column__wrap uagb-column__background-undefined uagb-block-10453338\"><div class=\"uagb-column__overlay\"><\/div><div class=\"uagb-column__inner-wrap\">\n<h3 class=\"wp-block-heading\">Bonus de proximit\u00e9<\/h3>\n\n\n\n<p>taille du b\u00e2timent adjacent:<br>4, 8, 12, 16, 20<br>R\u00e9duction du drain de masse (usines):<br>15.00%, 7.50%, 5.00%, 3.75%, 3.00%<\/p>\n<\/div><\/div>\n<\/div><\/section>\n<\/div><\/div>\n<\/div><\/section>\n\n\n\n<section class=\"wp-block-uagb-columns uagb-columns__wrap uagb-columns__background-undefined uagb-columns__stack-mobile uagb-columns__valign-undefined uagb-columns__gap-10 alignundefined uagb-block-dbb072f0\"><div class=\"uagb-columns__overlay\"><\/div><div class=\"uagb-columns__inner-wrap uagb-columns__columns-1\">\n<div class=\"wp-block-uagb-column uagb-column__wrap uagb-column__background-undefined uagb-block-979d5055\"><div class=\"uagb-column__overlay\"><\/div><div class=\"uagb-column__inner-wrap\">\n<h2 class=\"wp-block-heading\"><strong>R\u00c9ACTEUR DE FUSION EG-200<\/strong> - G\u00c9N\u00c9RATEUR T2<\/h2>\n\n\n\n<p><a href=\"https:\/\/www.standardof.net\/wp-content\/uploads\/2012\/12\/EG-200-FUSION-REACTOR-T2-POWER-GENERATOR.png\" class=\"rank-math-link\" target=\"_blank\" rel=\"noopener\"><\/a>Le g\u00e9n\u00e9rateur de puissance T2 est un \u00e9l\u00e9ment cl\u00e9 de votre \u00e9conomie, fournissant ce coup de pouce qui vous emp\u00eache d&#039;\u00eatre encha\u00een\u00e9 aux infimes doses d&#039;\u00e9nergie de la puissance T1, tout en accordant \u00e9galement un g\u00e9n\u00e9reux bonus de contigu\u00eft\u00e9 si vous souhaitez placer un bouclier ou une artillerie T2 autour de lui.<\/p>\n\n\n\n<div class=\"wp-block-image\"><figure class=\"aligncenter size-large\"><a href=\"https:\/\/supcom.standardof.net\/fr\/supreme-commander\/uef\/batiments-economiques-tech-2-uef\/eg-200-fusion-reactor-t2-power-generator-supreme-commander-uef-economy-buildings-t2\/\"><img decoding=\"async\" width=\"545\" height=\"473\" src=\"https:\/\/supcom.standardof.net\/wp-content\/uploads\/sites\/8\/2020\/11\/EG-200-FUSION-REACTOR-T2-POWER-GENERATOR-Supreme-Commander-UEF-Economy-Buildings-T2.jpg\" alt=\"Le g\u00e9n\u00e9rateur de puissance EG-200 Fusion Reactor T2, b\u00e2timent \u00e9conomique UEF Tech 2 dans Supreme Commander.\" class=\"wp-image-462\" srcset=\"https:\/\/supcom.standardof.net\/wp-content\/uploads\/sites\/8\/2020\/11\/EG-200-FUSION-REACTOR-T2-POWER-GENERATOR-Supreme-Commander-UEF-Economy-Buildings-T2.jpg 545w, https:\/\/supcom.standardof.net\/wp-content\/uploads\/sites\/8\/2020\/11\/EG-200-FUSION-REACTOR-T2-POWER-GENERATOR-Supreme-Commander-UEF-Economy-Buildings-T2-512x444.jpg 512w, https:\/\/supcom.standardof.net\/wp-content\/uploads\/sites\/8\/2020\/11\/EG-200-FUSION-REACTOR-T2-POWER-GENERATOR-Supreme-Commander-UEF-Economy-Buildings-T2-200x174.jpg 200w, https:\/\/supcom.standardof.net\/wp-content\/uploads\/sites\/8\/2020\/11\/EG-200-FUSION-REACTOR-T2-POWER-GENERATOR-Supreme-Commander-UEF-Economy-Buildings-T2-14x12.jpg 14w\" sizes=\"(max-width: 545px) 100vw, 545px\" \/><\/a><figcaption>R\u00c9ACTEUR DE FUSION EG-200 - G\u00c9N\u00c9RATEUR DE PUISSANCE T2<\/figcaption><\/figure><\/div>\n\n\n\n<section class=\"wp-block-uagb-columns uagb-columns__wrap uagb-columns__background-undefined uagb-columns__stack-mobile uagb-columns__valign-undefined uagb-columns__gap-10 alignundefined uagb-block-2621a557\"><div class=\"uagb-columns__overlay\"><\/div><div class=\"uagb-columns__inner-wrap uagb-columns__columns-2\">\n<div class=\"wp-block-uagb-column uagb-column__wrap uagb-column__background-undefined uagb-block-833b53e7\"><div class=\"uagb-column__overlay\"><\/div><div class=\"uagb-column__inner-wrap\">\n<h3 class=\"wp-block-heading\">Statistiques EG-200<\/h3>\n\n\n\n<p><strong>Armure:<\/strong> 2160 chevaux<br><strong>Co\u00fbt:<\/strong> M1200, E12000, T2000<br>revenu: E +500<br><strong>La physique<\/strong><br>&nbsp;&nbsp;&nbsp;&nbsp; taille pour la contigu\u00eft\u00e9: 12<br><strong>Arme de mort<\/strong><br>500 d\u00e9g\u00e2ts<br>superficie: 5 (97,7m)<\/p>\n<\/div><\/div>\n\n\n\n<div class=\"wp-block-uagb-column uagb-column__wrap uagb-column__background-undefined uagb-block-df1c9edb\"><div class=\"uagb-column__overlay\"><\/div><div class=\"uagb-column__inner-wrap\">\n<h3 class=\"wp-block-heading\">Bonus de proximit\u00e9<\/h3>\n\n\n\n<p>taille du b\u00e2timent adjacent<br>4, 8, 12, 16, 20<br><strong>R\u00e9duction de la consommation d&#039;\u00e9nergie<\/strong> <strong>(entretien):<\/strong><br>7.50%, 7.50%, 7.50%, 5.63%, 4.50%<br><strong>R\u00e9duction de la consommation d&#039;\u00e9nergie<\/strong> <strong>(des usines):<\/strong><br>7.50%, 7.50%, 7.50%, 5.63%, 4.50%<br><strong>R\u00e9duction du temps de vidange des armes \u00e0 \u00e9nergie:<br><\/strong>&nbsp;&nbsp;&nbsp;&nbsp; 7.50%, 7.50%, 7.50%, 5.63%, 4.50%<\/p>\n<\/div><\/div>\n<\/div><\/section>\n<\/div><\/div>\n<\/div><\/section>","protected":false},"excerpt":{"rendered":"<p>TECH 2 UEF LAND FACTORY By the T2 level, your factory is not vulnerable to surprise strikes, and is usually the last building to die. It&#8217;s still twice as fast as your engineer of the same level. T2 Land Factory Stats Armor: 9000hpAbilities: UpgradeableCost: M900, E7200, T1800build rate: 20&nbsp;&nbsp;&nbsp;&nbsp; storage: M160, E800Intelsight: 20 (391m)Physicssize for [&hellip;]<\/p>","protected":false},"author":1,"featured_media":0,"parent":231,"menu_order":0,"comment_status":"open","ping_status":"closed","template":"","meta":{"_uag_custom_page_level_css":"","site-sidebar-layout":"default","site-content-layout":"default","ast-site-content-layout":"","site-content-style":"default","site-sidebar-style":"default","ast-global-header-display":"","ast-banner-title-visibility":"","ast-main-header-display":"","ast-hfb-above-header-display":"","ast-hfb-below-header-display":"","ast-hfb-mobile-header-display":"","site-post-title":"","ast-breadcrumbs-content":"","ast-featured-img":"","footer-sml-layout":"","theme-transparent-header-meta":"default","adv-header-id-meta":"","stick-header-meta":"","header-above-stick-meta":"","header-main-stick-meta":"","header-below-stick-meta":"","astra-migrate-meta-layouts":"default","ast-page-background-enabled":"default","ast-page-background-meta":{"desktop":{"background-color":"","background-image":"","background-repeat":"repeat","background-position":"center center","background-size":"auto","background-attachment":"scroll","background-type":"","background-media":"","overlay-type":"","overlay-color":"","overlay-gradient":""},"tablet":{"background-color":"","background-image":"","background-repeat":"repeat","background-position":"center center","background-size":"auto","background-attachment":"scroll","background-type":"","background-media":"","overlay-type":"","overlay-color":"","overlay-gradient":""},"mobile":{"background-color":"","background-image":"","background-repeat":"repeat","background-position":"center center","background-size":"auto","background-attachment":"scroll","background-type":"","background-media":"","overlay-type":"","overlay-color":"","overlay-gradient":""}},"ast-content-background-meta":{"desktop":{"background-color":"var(--ast-global-color-5)","background-image":"","background-repeat":"repeat","background-position":"center center","background-size":"auto","background-attachment":"scroll","background-type":"","background-media":"","overlay-type":"","overlay-color":"","overlay-gradient":""},"tablet":{"background-color":"var(--ast-global-color-5)","background-image":"","background-repeat":"repeat","background-position":"center center","background-size":"auto","background-attachment":"scroll","background-type":"","background-media":"","overlay-type":"","overlay-color":"","overlay-gradient":""},"mobile":{"background-color":"var(--ast-global-color-5)","background-image":"","background-repeat":"repeat","background-position":"center center","background-size":"auto","background-attachment":"scroll","background-type":"","background-media":"","overlay-type":"","overlay-color":"","overlay-gradient":""}},"footnotes":""},"uagb_featured_image_src":{"full":false,"thumbnail":false,"medium":false,"medium_large":false,"large":false,"1536x1536":false,"2048x2048":false,"trp-custom-language-flag":false},"uagb_author_info":{"display_name":"SOE","author_link":"https:\/\/supcom.standardof.net\/fr\/author\/k-tastic\/"},"uagb_comment_info":0,"uagb_excerpt":"TECH 2 UEF LAND FACTORY By the T2 level, your factory is not vulnerable to surprise strikes, and is usually the last building to die. It&#8217;s still twice as fast as your engineer of the same level. T2 Land Factory Stats Armor: 9000hpAbilities: UpgradeableCost: M900, E7200, T1800build rate: 20&nbsp;&nbsp;&nbsp;&nbsp; storage: M160, E800Intelsight: 20 (391m)Physicssize for&hellip;","_links":{"self":[{"href":"https:\/\/supcom.standardof.net\/fr\/wp-json\/wp\/v2\/pages\/459"}],"collection":[{"href":"https:\/\/supcom.standardof.net\/fr\/wp-json\/wp\/v2\/pages"}],"about":[{"href":"https:\/\/supcom.standardof.net\/fr\/wp-json\/wp\/v2\/types\/page"}],"author":[{"embeddable":true,"href":"https:\/\/supcom.standardof.net\/fr\/wp-json\/wp\/v2\/users\/1"}],"replies":[{"embeddable":true,"href":"https:\/\/supcom.standardof.net\/fr\/wp-json\/wp\/v2\/comments?post=459"}],"version-history":[{"count":0,"href":"https:\/\/supcom.standardof.net\/fr\/wp-json\/wp\/v2\/pages\/459\/revisions"}],"up":[{"embeddable":true,"href":"https:\/\/supcom.standardof.net\/fr\/wp-json\/wp\/v2\/pages\/231"}],"wp:attachment":[{"href":"https:\/\/supcom.standardof.net\/fr\/wp-json\/wp\/v2\/media?parent=459"}],"curies":[{"name":"wp","href":"https:\/\/api.w.org\/{rel}","templated":true}]}}