{"id":479,"date":"2020-11-01T16:59:09","date_gmt":"2020-11-01T21:59:09","guid":{"rendered":"https:\/\/supcom.standardof.net\/?page_id=479"},"modified":"2020-11-03T23:12:38","modified_gmt":"2020-11-04T04:12:38","slug":"uef-experimental-units","status":"publish","type":"page","link":"https:\/\/supcom.standardof.net\/fr\/supreme-commander\/uef\/unites-experimentales-uef\/","title":{"rendered":"Unit\u00e9s exp\u00e9rimentales de l&#039;UEF"},"content":{"rendered":"<div class=\"wp-block-uagb-table-of-contents uagb-toc__align-left uagb-toc__columns-1  uagb-block-411e1d3b\"\n\t\t\t\t\tdata-scroll= \"1\"\n\t\t\t\t\tdata-offset= \"30\"\n\t\t\t\t\tstyle=\"\"\n\t\t\t\t>\n\t\t\t\t<div class=\"uagb-toc__wrap\">\n\t\t\t\t\t\t<div class=\"uagb-toc__title\">\n\t\t\t\t\t\t\tUnit\u00e9s exp\u00e9rimentales de l&#039;UEF:\t\t\t\t\t\t<\/div>\n\t\t\t\t\t\t\t\t\t\t\t\t\t\t\t\t<div class=\"uagb-toc__list-wrap\">\n\t\t\t\t\t\t<ol class=\"uagb-toc__list\"><li class=\"uagb-toc__list\"><a href=\"#fatboy-mobile-factory\" class=\"uagb-toc-link__trigger\">FATBOY - USINE MOBILE<\/a><li class=\"uagb-toc__list\"><a href=\"#atlantis-submersible-aircraft-carrier\" class=\"uagb-toc-link__trigger\">ATLANTIS - PORTE-AVION SUBMERSIBLE<\/a><li class=\"uagb-toc__list\"><a href=\"#mavor-strategic-artillery\" class=\"uagb-toc-link__trigger\">MAVOR - ARTILLERIE STRAT\u00c9GIQUE<\/a><\/ol>\t\t\t\t\t<\/div>\n\t\t\t\t\t\t\t\t\t<\/div>\n\t\t\t\t<\/div>\n\t\t\t\n\n\n<section class=\"wp-block-uagb-columns uagb-columns__wrap uagb-columns__background-undefined uagb-columns__stack-mobile uagb-columns__valign-undefined uagb-columns__gap-10 alignundefined uagb-block-c763995d\"><div class=\"uagb-columns__overlay\"><\/div><div class=\"uagb-columns__inner-wrap uagb-columns__columns-1\">\n<div class=\"wp-block-uagb-column uagb-column__wrap uagb-column__background-undefined uagb-block-3daeca37\"><div class=\"uagb-column__overlay\"><\/div><div class=\"uagb-column__inner-wrap\">\n<h2 class=\"wp-block-heading\"><strong>GROS GAR\u00c7ON <\/strong>- USINE MOBILE<\/h2>\n\n\n\n<p><a href=\"https:\/\/www.standardof.net\/wp-content\/uploads\/2012\/12\/FATBOY-MOBILE-FACTORY.png\" class=\"rank-math-link\" target=\"_blank\" rel=\"noopener\"><\/a>Le Fatboy est peut-\u00eatre la meilleure unit\u00e9 exp\u00e9rimentale du jeu. \u00abMobile Factory\u00bb n&#039;est pas une tr\u00e8s bonne description; il s&#039;agit plut\u00f4t d&#039;un \u00abcuirass\u00e9 amphibie\u00bb avec un minimum de soutien anti-a\u00e9rien, une sous-protection d\u00e9cente et des boucliers qui lui permettent de \u00abr\u00e9g\u00e9n\u00e9rer\u00bb sa sant\u00e9 si l&#039;assaut contre lui est un \u00e9chec, sans parler de sa capacit\u00e9 \u00e0 construire et \u00e0 d\u00e9ployer Les ing\u00e9nieurs T3 prot\u00e9g\u00e9s peuvent cr\u00e9er des sites SAM T3 ou r\u00e9parer ou tout ce qui est n\u00e9cessaire. Extr\u00eamement lent, bien s\u00fbr, mais aussi extr\u00eamement dangereux.<\/p>\n\n\n\n<div class=\"wp-block-image\"><figure class=\"aligncenter size-large\"><a href=\"https:\/\/supcom.standardof.net\/fr\/supreme-commander\/uef\/unites-experimentales-uef\/fatboy-mobile-factory-supreme-commander-uef-experimental-units\/\"><img decoding=\"async\" width=\"687\" height=\"485\" src=\"https:\/\/supcom.standardof.net\/wp-content\/uploads\/sites\/8\/2020\/11\/FATBOY-MOBILE-FACTORY-Supreme-Commander-UEF-Experimental-Units.jpg\" alt=\"L&#039;usine mobile Fatboy, unit\u00e9 exp\u00e9rimentale de l&#039;UEF en commandant supr\u00eame.\" class=\"wp-image-483\" srcset=\"https:\/\/supcom.standardof.net\/wp-content\/uploads\/sites\/8\/2020\/11\/FATBOY-MOBILE-FACTORY-Supreme-Commander-UEF-Experimental-Units.jpg 687w, https:\/\/supcom.standardof.net\/wp-content\/uploads\/sites\/8\/2020\/11\/FATBOY-MOBILE-FACTORY-Supreme-Commander-UEF-Experimental-Units-512x361.jpg 512w, https:\/\/supcom.standardof.net\/wp-content\/uploads\/sites\/8\/2020\/11\/FATBOY-MOBILE-FACTORY-Supreme-Commander-UEF-Experimental-Units-200x141.jpg 200w, https:\/\/supcom.standardof.net\/wp-content\/uploads\/sites\/8\/2020\/11\/FATBOY-MOBILE-FACTORY-Supreme-Commander-UEF-Experimental-Units-16x12.jpg 16w\" sizes=\"(max-width: 687px) 100vw, 687px\" \/><\/a><figcaption>FATBOY - USINE MOBILE<\/figcaption><\/figure><\/div>\n\n\n\n<section class=\"wp-block-uagb-columns uagb-columns__wrap uagb-columns__background-undefined uagb-columns__stack-mobile uagb-columns__valign-undefined uagb-columns__gap-10 alignundefined uagb-block-54be2121\"><div class=\"uagb-columns__overlay\"><\/div><div class=\"uagb-columns__inner-wrap uagb-columns__columns-2\">\n<div class=\"wp-block-uagb-column uagb-column__wrap uagb-column__background-undefined uagb-block-ab466834\"><div class=\"uagb-column__overlay\"><\/div><div class=\"uagb-column__inner-wrap\">\n<h3 class=\"wp-block-heading\">Statistiques de Fatboy<\/h3>\n\n\n\n<p><strong>Armure:<\/strong> 25000 chevaux<br>taux de r\u00e9g\u00e9n\u00e9ration: 5<br><strong>Bouclier:<\/strong> 25000 chevaux<br>taille: 20 (391m)<br>taux de r\u00e9g\u00e9n\u00e9ration: 156<br>heure de d\u00e9but de r\u00e9g\u00e9n\u00e9ration: 120<br>temps de recharge: 160)<br>drain: E -500<br><strong>Capacit\u00e9s:<\/strong> Torpilles, Construction (Usine terrestre T2 + Ing\u00e9nieur T3)<br><strong>Co\u00fbt:<\/strong> M56400, E608400 T18000<br>stockage: M200, E1000<br>taux de construction: 60<br><strong>Intel<\/strong><br>vue: 32 (625m)<br><strong>La physique<\/strong><br>vitesse max: 1 (19,5 m \/ s)<br>taux de virage: 16<br><strong>Transport<\/strong><br>classe: 10<br>taille d&#039;attache de classe 2: 2<br>taille d&#039;attache de classe 3: 4<br><strong>V\u00e9t\u00e9ran:<\/strong> 100, 200, 500, 1000, 2000 tu\u00e9s<br><em>* v\u00e9t\u00e9ran niveau 2: +6250 ch<br>* v\u00e9t\u00e9ran niveau 4: +6250 ch<br>* v\u00e9t\u00e9ran niveau 5: r\u00e9parer 2 hp \/ s<\/em><\/p>\n<\/div><\/div>\n\n\n\n<div class=\"wp-block-uagb-column uagb-column__wrap uagb-column__background-undefined uagb-block-08ef36c7\"><div class=\"uagb-column__overlay\"><\/div><div class=\"uagb-column__inner-wrap\">\n<h3 class=\"wp-block-heading\">Armes de Fatboy<\/h3>\n\n\n\n<p>4x <strong>Canon de Gauss<\/strong> (Tir direct)<br>1500,00 dps,<br>autonomie: 100 (1,95 km)<br>arme \u00e0 projectile: 500 d\u00e9g\u00e2ts<br>x 3 projectiles = 1500 par salve<br>cadence de tir: 1 (toutes les 1s)<br><em>* v\u00e9t\u00e9ran niveau 1: +125 d\u00e9g\u00e2ts<br>* v\u00e9t\u00e9ran niveau 3: +125 d\u00e9g\u00e2ts<\/em><\/p>\n\n\n\n<p>2x <strong>Pistolet anti-\u00e9meute Hells Fury<\/strong> (Tir direct)<br>225,00 dps<br>port\u00e9e: 40 (781m)<br>arme \u00e0 projectile: 75 d\u00e9g\u00e2ts<br>cadence de tir: 3 (toutes les 0,33 s)<br><em>&nbsp;&nbsp;&nbsp;&nbsp; * v\u00e9t\u00e9ran niveau 1: +19 d\u00e9g\u00e2ts<br>* v\u00e9t\u00e9ran niveau 3: +19 d\u00e9g\u00e2ts<\/em><\/p>\n\n\n\n<p>2x <strong>Railgun li\u00e9<\/strong> (Anti-air)<br>18,00 dps,<br>port\u00e9e: 44 (859m)<br>arme \u00e0 projectile: 6 d\u00e9g\u00e2ts<br>x 2 projectiles = 12 par salve<br>cadence de tir: 1,5 (toutes les 0,67 s)<br><em>&nbsp;&nbsp;&nbsp;&nbsp; * v\u00e9t\u00e9ran niveau 1: +2 d\u00e9g\u00e2ts<br>* v\u00e9t\u00e9ran niveau 3: +2 d\u00e9g\u00e2ts<\/em><\/p>\n\n\n\n<p><strong>P\u00eacheur torpille<\/strong> (Anti Marine)<br>187,50 dps<br>port\u00e9e: 32 (625m)<br>arme \u00e0 projectile: 750 d\u00e9g\u00e2ts<br>cadence de tir: 0,25 (toutes les 4 s)<br><em>* v\u00e9t\u00e9ran niveau 1: +188 d\u00e9g\u00e2ts<br>* v\u00e9t\u00e9ran niveau 3: +188 d\u00e9g\u00e2ts<\/em><\/p>\n<\/div><\/div>\n<\/div><\/section>\n<\/div><\/div>\n<\/div><\/section>\n\n\n\n<section class=\"wp-block-uagb-columns uagb-columns__wrap uagb-columns__background-undefined uagb-columns__stack-mobile uagb-columns__valign-undefined uagb-columns__gap-10 alignundefined uagb-block-0f7bfde8\"><div class=\"uagb-columns__overlay\"><\/div><div class=\"uagb-columns__inner-wrap uagb-columns__columns-1\">\n<div class=\"wp-block-uagb-column uagb-column__wrap uagb-column__background-undefined uagb-block-cca83957\"><div class=\"uagb-column__overlay\"><\/div><div class=\"uagb-column__inner-wrap\">\n<h2 class=\"wp-block-heading\"><strong>ATLANTIS <\/strong>- PORTE-AVION SUBMERSIBLE<\/h2>\n\n\n\n<p><a href=\"https:\/\/www.standardof.net\/wp-content\/uploads\/2012\/12\/ATLANTIS-SUBMERSIBLE-AIRCRAFT-CARRIER.png\" class=\"rank-math-link\" target=\"_blank\" rel=\"noopener\"><\/a>L&#039;Atlantis est un porte-avions aussi cher qu&#039;un cuirass\u00e9 et tout aussi effrayant dans les bonnes circonstances. Il a du mal \u00e0 faire demi-tour, bien s\u00fbr, mais il est presque invuln\u00e9rable lorsqu&#039;il tire des torpilles super puissantes, et peut ensuite faire surface pour lancer son avion et retirer ses missiles AA de poursuite. Sur les cartes marines, c&#039;est encore plus effrayant, car cela n&#039;attache pas votre usine navale T3 pendant plusieurs minutes pendant sa construction. En fait, c&#039;est une usine a\u00e9rienne flottante T3 avec deux fois le blindage. Ce super-sous peut vous donner l&#039;avantage au combat ou en sortir.<\/p>\n\n\n\n<div class=\"wp-block-image\"><figure class=\"aligncenter size-large\"><a href=\"https:\/\/supcom.standardof.net\/fr\/supreme-commander\/uef\/unites-experimentales-uef\/atlantis-submersible-aircraft-carrier-supreme-commander-uef-experimental-units\/\"><img decoding=\"async\" width=\"758\" height=\"554\" src=\"https:\/\/supcom.standardof.net\/wp-content\/uploads\/sites\/8\/2020\/11\/ATLANTIS-SUBMERSIBLE-AIRCRAFT-CARRIER-Supreme-Commander-UEF-Experimental-Units.jpg\" alt=\"Le porte-avions submersible Atlantis, unit\u00e9 exp\u00e9rimentale de l&#039;UEF en commandant supr\u00eame.\" class=\"wp-image-482\" srcset=\"https:\/\/supcom.standardof.net\/wp-content\/uploads\/sites\/8\/2020\/11\/ATLANTIS-SUBMERSIBLE-AIRCRAFT-CARRIER-Supreme-Commander-UEF-Experimental-Units.jpg 758w, https:\/\/supcom.standardof.net\/wp-content\/uploads\/sites\/8\/2020\/11\/ATLANTIS-SUBMERSIBLE-AIRCRAFT-CARRIER-Supreme-Commander-UEF-Experimental-Units-512x374.jpg 512w, https:\/\/supcom.standardof.net\/wp-content\/uploads\/sites\/8\/2020\/11\/ATLANTIS-SUBMERSIBLE-AIRCRAFT-CARRIER-Supreme-Commander-UEF-Experimental-Units-200x146.jpg 200w, https:\/\/supcom.standardof.net\/wp-content\/uploads\/sites\/8\/2020\/11\/ATLANTIS-SUBMERSIBLE-AIRCRAFT-CARRIER-Supreme-Commander-UEF-Experimental-Units-16x12.jpg 16w\" sizes=\"(max-width: 758px) 100vw, 758px\" \/><\/a><figcaption>ATLANTIS - PORTE-AVION SUBMERSIBLE<\/figcaption><\/figure><\/div>\n\n\n\n<section class=\"wp-block-uagb-columns uagb-columns__wrap uagb-columns__background-undefined uagb-columns__stack-mobile uagb-columns__valign-undefined uagb-columns__gap-10 alignundefined uagb-block-77abd80e\"><div class=\"uagb-columns__overlay\"><\/div><div class=\"uagb-columns__inner-wrap uagb-columns__columns-2\">\n<div class=\"wp-block-uagb-column uagb-column__wrap uagb-column__background-undefined uagb-block-526ffed6\"><div class=\"uagb-column__overlay\"><\/div><div class=\"uagb-column__inner-wrap\">\n<h3 class=\"wp-block-heading\">Statistiques de l&#039;Atlantide<\/h3>\n\n\n\n<p><strong>Armure:<\/strong> 40000 chevaux<br><strong>Capacit\u00e9s:<\/strong> Submersible, Air Staging, Construction, Radar<br><strong>Co\u00fbt:<\/strong> M15120, E189000, T22680,<br>taux de construction: 40<br><strong>Intel<\/strong><br>vue: 32 (625m)<br>sonar: 150 (2,93 km)<br>vue sur l&#039;eau: 40 (781m)<br><strong>La physique<\/strong><br>vitesse maximale: 2,975 (58,1 m \/ s)<br>taux de virage: 6<br><strong>Transport<\/strong><br>classe: 10<br><strong>V\u00e9t\u00e9ran:<\/strong> 100, 200, 500, 1000, 2000 tu\u00e9s<br><em>* v\u00e9t\u00e9ran niveau 2: +15000 ch<br>* v\u00e9t\u00e9ran niveau 4: +15000 ch<br>* v\u00e9t\u00e9ran niveau 5: r\u00e9parer 3 hp \/ s<\/em><\/p>\n<\/div><\/div>\n\n\n\n<div class=\"wp-block-uagb-column uagb-column__wrap uagb-column__background-undefined uagb-block-12e3eb0b\"><div class=\"uagb-column__overlay\"><\/div><div class=\"uagb-column__inner-wrap\">\n<h3 class=\"wp-block-heading\">Armes de l&#039;Atlantide<\/h3>\n\n\n\n<p>4x <strong>P\u00eacheur torpille<\/strong> (Anti Marine)<br>307,69 dps,<br>port\u00e9e: 42 (820m)<br>arme \u00e0 projectile: 800 d\u00e9g\u00e2ts<br>cadence de tir: 0,38 (toutes les 2,6 s)<br><em>&nbsp;&nbsp;&nbsp;&nbsp; * v\u00e9t\u00e9ran niveau 1: +200 d\u00e9g\u00e2ts<br>* v\u00e9t\u00e9ran niveau 3: +200 d\u00e9g\u00e2ts<\/em><\/p>\n\n\n\n<p>4x <strong>Lanceur d&#039;\u00e9corcheur SAM<\/strong> (Anti-air):<br>33,00 dps, autonomie: 60 (1,17 km)<br>arme \u00e0 projectile: 33 d\u00e9g\u00e2ts<br>cadence de tir: 1 (toutes les 1s)<br><em>&nbsp;&nbsp;&nbsp; * v\u00e9t\u00e9ran niveau 1: +8 d\u00e9g\u00e2ts<br>* v\u00e9t\u00e9ran niveau 3: +8 d\u00e9g\u00e2ts<\/em><\/p>\n<\/div><\/div>\n<\/div><\/section>\n<\/div><\/div>\n<\/div><\/section>\n\n\n\n<section class=\"wp-block-uagb-columns uagb-columns__wrap uagb-columns__background-undefined uagb-columns__stack-mobile uagb-columns__valign-undefined uagb-columns__gap-10 alignundefined uagb-block-52dc3770\"><div class=\"uagb-columns__overlay\"><\/div><div class=\"uagb-columns__inner-wrap uagb-columns__columns-1\">\n<div class=\"wp-block-uagb-column uagb-column__wrap uagb-column__background-undefined uagb-block-11fc74e3\"><div class=\"uagb-column__overlay\"><\/div><div class=\"uagb-column__inner-wrap\">\n<h2 class=\"wp-block-heading\"><strong>MAVOR <\/strong>- ARTILLERIE STRAT\u00c9GIQUE<\/h2>\n\n\n\n<p><a href=\"https:\/\/www.standardof.net\/wp-content\/uploads\/2012\/12\/MAVOR-STRATEGIC-ARTILLERY.png\" class=\"rank-math-link\" target=\"_blank\" rel=\"noopener\"><\/a>Le Mavor est la chose la plus proche dans Supreme Commander d&#039;une arme ultime. Il tire une artillerie pr\u00e9cise qui brise un bouclier lourd en un seul coup, n&#039;a pas de port\u00e9e maximale et ne n\u00e9cessite que quelques g\u00e9n\u00e9rateurs de puissance pour continuer \u00e0 fonctionner, contrairement aux armes nucl\u00e9aires, et contrairement aux armes nucl\u00e9aires, il n&#039;y a aucun moyen d&#039;abattre ses obus. Le mauvais c\u00f4t\u00e9? C&#039;est aussi finalement cher et si faible que vous devez \u00eatre constamment vigilant pour tout, des bombardiers T3 aux Cybrans masqu\u00e9s.<\/p>\n\n\n\n<figure class=\"wp-block-gallery columns-2 is-cropped wp-block-gallery-1 is-layout-flex wp-block-gallery-is-layout-flex\"><ul class=\"blocks-gallery-grid\"><li class=\"blocks-gallery-item\"><figure><a href=\"https:\/\/supcom.standardof.net\/fr\/supreme-commander\/uef\/unites-experimentales-uef\/mavor-strategic-artillery-supreme-commander-uef-experimental-units\/\"><img decoding=\"async\" width=\"630\" height=\"426\" src=\"https:\/\/supcom.standardof.net\/wp-content\/uploads\/sites\/8\/2020\/11\/MAVOR-STRATEGIC-ARTILLERY-Supreme-Commander-UEF-Experimental-Units.jpg\" alt=\"The Mavor Strategic Artillery, UEF Experimental Unit in Supreme Commander.\" data-id=\"481\" data-full-url=\"https:\/\/supcom.standardof.net\/wp-content\/uploads\/sites\/8\/2020\/11\/MAVOR-STRATEGIC-ARTILLERY-Supreme-Commander-UEF-Experimental-Units.jpg\" data-link=\"https:\/\/supcom.standardof.net\/supreme-commander\/uef\/uef-experimental-units\/mavor-strategic-artillery-supreme-commander-uef-experimental-units\/\" class=\"wp-image-481\" srcset=\"https:\/\/supcom.standardof.net\/wp-content\/uploads\/sites\/8\/2020\/11\/MAVOR-STRATEGIC-ARTILLERY-Supreme-Commander-UEF-Experimental-Units.jpg 630w, https:\/\/supcom.standardof.net\/wp-content\/uploads\/sites\/8\/2020\/11\/MAVOR-STRATEGIC-ARTILLERY-Supreme-Commander-UEF-Experimental-Units-512x346.jpg 512w, https:\/\/supcom.standardof.net\/wp-content\/uploads\/sites\/8\/2020\/11\/MAVOR-STRATEGIC-ARTILLERY-Supreme-Commander-UEF-Experimental-Units-200x135.jpg 200w, https:\/\/supcom.standardof.net\/wp-content\/uploads\/sites\/8\/2020\/11\/MAVOR-STRATEGIC-ARTILLERY-Supreme-Commander-UEF-Experimental-Units-16x12.jpg 16w\" sizes=\"(max-width: 630px) 100vw, 630px\" \/><\/a><figcaption class=\"blocks-gallery-item__caption\">MAVOR - ARTILLERIE STRAT\u00c9GIQUE<\/figcaption><\/figure><\/li><li class=\"blocks-gallery-item\"><figure><a href=\"https:\/\/supcom.standardof.net\/fr\/supreme-commander\/uef\/unites-experimentales-uef\/mavor-deployed-supreme-commander-uef-experimental-units\/\"><img decoding=\"async\" width=\"481\" height=\"454\" src=\"https:\/\/supcom.standardof.net\/wp-content\/uploads\/sites\/8\/2020\/11\/Mavor-deployed-Supreme-Commander-UEF-Experimental-Units.jpg\" alt=\"L&#039;artillerie strat\u00e9gique Mavor, dans son mode de tir d\u00e9ploy\u00e9, l&#039;unit\u00e9 exp\u00e9rimentale de l&#039;UEF en commandant supr\u00eame.\" data-id=\"484\" data-full-url=\"https:\/\/supcom.standardof.net\/wp-content\/uploads\/sites\/8\/2020\/11\/Mavor-deployed-Supreme-Commander-UEF-Experimental-Units.jpg\" data-link=\"https:\/\/supcom.standardof.net\/supreme-commander\/uef\/uef-experimental-units\/mavor-deployed-supreme-commander-uef-experimental-units\/\" class=\"wp-image-484\" srcset=\"https:\/\/supcom.standardof.net\/wp-content\/uploads\/sites\/8\/2020\/11\/Mavor-deployed-Supreme-Commander-UEF-Experimental-Units.jpg 481w, https:\/\/supcom.standardof.net\/wp-content\/uploads\/sites\/8\/2020\/11\/Mavor-deployed-Supreme-Commander-UEF-Experimental-Units-200x189.jpg 200w, https:\/\/supcom.standardof.net\/wp-content\/uploads\/sites\/8\/2020\/11\/Mavor-deployed-Supreme-Commander-UEF-Experimental-Units-13x12.jpg 13w\" sizes=\"(max-width: 481px) 100vw, 481px\" \/><\/a><figcaption class=\"blocks-gallery-item__caption\">Le MAVOR dans son mode d\u00e9ploy\u00e9 et stationnaire.<\/figcaption><\/figure><\/li><\/ul><\/figure>\n\n\n\n<section class=\"wp-block-uagb-columns uagb-columns__wrap uagb-columns__background-undefined uagb-columns__stack-mobile uagb-columns__valign-undefined uagb-columns__gap-10 alignundefined uagb-block-7f61e58d\"><div class=\"uagb-columns__overlay\"><\/div><div class=\"uagb-columns__inner-wrap uagb-columns__columns-2\">\n<div class=\"wp-block-uagb-column uagb-column__wrap uagb-column__background-undefined uagb-block-457365aa\"><div class=\"uagb-column__overlay\"><\/div><div class=\"uagb-column__inner-wrap\">\n<h3 class=\"wp-block-heading\">Statistiques Mavor<\/h3>\n\n\n\n<p><strong>Armure:<\/strong> 8000 chevaux<br><strong>Co\u00fbt:<\/strong> M302400, E9000000, T216000<br><strong>Intel<\/strong><br>vue: 28 (547m)<br><strong>La physique<\/strong><br>taille pour la contigu\u00eft\u00e9: 16<br><strong>V\u00e9t\u00e9ran:<\/strong> 100, 200, 500, 1000, 2000 tu\u00e9s<\/p>\n<\/div><\/div>\n\n\n\n<div class=\"wp-block-uagb-column uagb-column__wrap uagb-column__background-undefined uagb-block-677fbb91\"><div class=\"uagb-column__overlay\"><\/div><div class=\"uagb-column__inner-wrap\">\n<h3 class=\"wp-block-heading\">Armes de Mavor<\/h3>\n\n\n\n<p><strong>Artillerie anti-mati\u00e8re<\/strong> (Artillerie)<br>2750,00 dps,<br>superficie: 7 (137m),<br>gamme: 128 (2,50 km) - 4000 (78,1 km)<br>arme \u00e0 projectile: 22000 d\u00e9g\u00e2ts<br>tir au hasard: 0,18<br>cadence de tir: 0,125 (toutes les 8 s)<br>\u00e9nergie requise: 20000<br>(-5000 pendant 4 secondes)<\/p>\n<\/div><\/div>\n<\/div><\/section>\n<\/div><\/div>\n<\/div><\/section>","protected":false},"excerpt":{"rendered":"<p>FATBOY &#8211; MOBILE FACTORY The Fatboy is perhaps the game&#8217;s best experimental unit. &#8220;Mobile Factory&#8221; is not a very good description; rather, it is an &#8220;Amphibious Battleship&#8221; with a modicum of anti-air support, decent sub protection, and shields that let it &#8220;regenerate&#8221; health if the assault against it is a failure, to say nothing of [&hellip;]<\/p>","protected":false},"author":1,"featured_media":0,"parent":231,"menu_order":0,"comment_status":"open","ping_status":"closed","template":"","meta":{"_uag_custom_page_level_css":"","site-sidebar-layout":"default","site-content-layout":"default","ast-site-content-layout":"","site-content-style":"default","site-sidebar-style":"default","ast-global-header-display":"","ast-banner-title-visibility":"","ast-main-header-display":"","ast-hfb-above-header-display":"","ast-hfb-below-header-display":"","ast-hfb-mobile-header-display":"","site-post-title":"","ast-breadcrumbs-content":"","ast-featured-img":"","footer-sml-layout":"","theme-transparent-header-meta":"default","adv-header-id-meta":"","stick-header-meta":"","header-above-stick-meta":"","header-main-stick-meta":"","header-below-stick-meta":"","astra-migrate-meta-layouts":"default","ast-page-background-enabled":"default","ast-page-background-meta":{"desktop":{"background-color":"","background-image":"","background-repeat":"repeat","background-position":"center center","background-size":"auto","background-attachment":"scroll","background-type":"","background-media":"","overlay-type":"","overlay-color":"","overlay-gradient":""},"tablet":{"background-color":"","background-image":"","background-repeat":"repeat","background-position":"center center","background-size":"auto","background-attachment":"scroll","background-type":"","background-media":"","overlay-type":"","overlay-color":"","overlay-gradient":""},"mobile":{"background-color":"","background-image":"","background-repeat":"repeat","background-position":"center center","background-size":"auto","background-attachment":"scroll","background-type":"","background-media":"","overlay-type":"","overlay-color":"","overlay-gradient":""}},"ast-content-background-meta":{"desktop":{"background-color":"var(--ast-global-color-5)","background-image":"","background-repeat":"repeat","background-position":"center center","background-size":"auto","background-attachment":"scroll","background-type":"","background-media":"","overlay-type":"","overlay-color":"","overlay-gradient":""},"tablet":{"background-color":"var(--ast-global-color-5)","background-image":"","background-repeat":"repeat","background-position":"center center","background-size":"auto","background-attachment":"scroll","background-type":"","background-media":"","overlay-type":"","overlay-color":"","overlay-gradient":""},"mobile":{"background-color":"var(--ast-global-color-5)","background-image":"","background-repeat":"repeat","background-position":"center center","background-size":"auto","background-attachment":"scroll","background-type":"","background-media":"","overlay-type":"","overlay-color":"","overlay-gradient":""}},"footnotes":""},"uagb_featured_image_src":{"full":false,"thumbnail":false,"medium":false,"medium_large":false,"large":false,"1536x1536":false,"2048x2048":false,"trp-custom-language-flag":false},"uagb_author_info":{"display_name":"SOE","author_link":"https:\/\/supcom.standardof.net\/fr\/author\/k-tastic\/"},"uagb_comment_info":0,"uagb_excerpt":"FATBOY &#8211; MOBILE FACTORY The Fatboy is perhaps the game&#8217;s best experimental unit. &#8220;Mobile Factory&#8221; is not a very good description; rather, it is an &#8220;Amphibious Battleship&#8221; with a modicum of anti-air support, decent sub protection, and shields that let it &#8220;regenerate&#8221; health if the assault against it is a failure, to say nothing of&hellip;","_links":{"self":[{"href":"https:\/\/supcom.standardof.net\/fr\/wp-json\/wp\/v2\/pages\/479"}],"collection":[{"href":"https:\/\/supcom.standardof.net\/fr\/wp-json\/wp\/v2\/pages"}],"about":[{"href":"https:\/\/supcom.standardof.net\/fr\/wp-json\/wp\/v2\/types\/page"}],"author":[{"embeddable":true,"href":"https:\/\/supcom.standardof.net\/fr\/wp-json\/wp\/v2\/users\/1"}],"replies":[{"embeddable":true,"href":"https:\/\/supcom.standardof.net\/fr\/wp-json\/wp\/v2\/comments?post=479"}],"version-history":[{"count":0,"href":"https:\/\/supcom.standardof.net\/fr\/wp-json\/wp\/v2\/pages\/479\/revisions"}],"up":[{"embeddable":true,"href":"https:\/\/supcom.standardof.net\/fr\/wp-json\/wp\/v2\/pages\/231"}],"wp:attachment":[{"href":"https:\/\/supcom.standardof.net\/fr\/wp-json\/wp\/v2\/media?parent=479"}],"curies":[{"name":"wp","href":"https:\/\/api.w.org\/{rel}","templated":true}]}}