{"id":503,"date":"2020-11-01T18:06:48","date_gmt":"2020-11-01T23:06:48","guid":{"rendered":"https:\/\/supcom.standardof.net\/?page_id=503"},"modified":"2020-11-03T21:40:35","modified_gmt":"2020-11-04T02:40:35","slug":"aeon","status":"publish","type":"page","link":"https:\/\/supcom.standardof.net\/fr\/supreme-commander\/temps-infini\/","title":{"rendered":"TEMPS INFINI"},"content":{"rendered":"<h2 class=\"has-text-align-center wp-block-heading\">UNIT\u00c9S AEON<\/h2>\n\n\n\n<div class=\"wp-block-image\"><figure class=\"aligncenter size-large\"><a href=\"https:\/\/supcom.standardof.net\/fr\/supreme-commander\/temps-infini\/sup-com-aeon-commander-promo\/\"><img decoding=\"async\" width=\"600\" height=\"635\" src=\"https:\/\/supcom.standardof.net\/wp-content\/uploads\/sites\/8\/2020\/11\/Sup-Com-Aeon-Commander-Promo.jpg\" alt=\"\" class=\"wp-image-505\" srcset=\"https:\/\/supcom.standardof.net\/wp-content\/uploads\/sites\/8\/2020\/11\/Sup-Com-Aeon-Commander-Promo.jpg 600w, https:\/\/supcom.standardof.net\/wp-content\/uploads\/sites\/8\/2020\/11\/Sup-Com-Aeon-Commander-Promo-484x512.jpg 484w, https:\/\/supcom.standardof.net\/wp-content\/uploads\/sites\/8\/2020\/11\/Sup-Com-Aeon-Commander-Promo-189x200.jpg 189w, https:\/\/supcom.standardof.net\/wp-content\/uploads\/sites\/8\/2020\/11\/Sup-Com-Aeon-Commander-Promo-11x12.jpg 11w\" sizes=\"(max-width: 600px) 100vw, 600px\" \/><\/a><\/figure><\/div>\n\n\n\n<p>Les unit\u00e9s uniques de l&#039;Aeon sont les 3 exp\u00e9rimentaux et le T1 Attack Boat. Les unit\u00e9s Aeon sont toutes concentr\u00e9es dans un seul but, souvent avec un seul canon. Ils ont tendance \u00e0 avoir moins de sant\u00e9, mais compensent cela par leur maniabilit\u00e9. <\/p>\n\n\n\n<p>L&#039;Aeon a une marine puissante, surtout si vous incluez l&#039;a\u00e9roglisseur Aurora T1. <\/p>\n\n\n\n<p>Les ing\u00e9nieurs d&#039;Aeon peuvent se sacrifier pour ajouter une partie de leur co\u00fbt \u00e0 un projet de construction, ce qui peut \u00eatre pratique \u00e0 la rigueur si vous devez terminer une unit\u00e9 cruciale ou redescendre de la limite d&#039;unit\u00e9. <\/p>\n\n\n\n<p>Leur bot de si\u00e8ge T3 est particuli\u00e8rement utile, car il peut r\u00e9parer ses amis et survivre \u00e0 de nombreux d\u00e9g\u00e2ts. <\/p>\n\n\n\n<p>L&#039;Aeon ACU peut devenir un combattant redoutable avec des am\u00e9liorations d&#039;armes \u00e0 feu et de bouclier ou une puissance \u00e9conomique avec sa mise \u00e0 niveau d&#039;allocation de ressources avanc\u00e9e. Cependant, il a moins de sant\u00e9 que les ACU des autres factions.<\/p>\n\n\n\n<section class=\"wp-block-uagb-columns uagb-columns__wrap uagb-columns__background-undefined uagb-columns__stack-mobile uagb-columns__valign-undefined uagb-columns__gap-10 alignundefined uagb-block-992c4446\"><div class=\"uagb-columns__overlay\"><\/div><div class=\"uagb-columns__inner-wrap uagb-columns__columns-1\">\n<div class=\"wp-block-uagb-column uagb-column__wrap uagb-column__background-undefined uagb-block-58a6a7d3\"><div class=\"uagb-column__overlay\"><\/div><div class=\"uagb-column__inner-wrap\">\n<h3 class=\"wp-block-heading\">Commandants Aeon<\/h3>\n\n\n\n<ul><li><a href=\"https:\/\/supcom.standardof.net\/fr\/supreme-commander\/temps-infini\/commandant-aeon\/\" class=\"rank-math-link\">Commandant (ACU)<\/a><\/li><li><a href=\"https:\/\/supcom.standardof.net\/fr\/supreme-commander\/temps-infini\/aeon-sous-commandant\/\" class=\"rank-math-link\">Sous-commandant (SCU)<\/a><\/li><\/ul>\n<\/div><\/div>\n<\/div><\/section>\n\n\n\n<section class=\"wp-block-uagb-columns uagb-columns__wrap uagb-columns__background-undefined uagb-columns__stack-mobile uagb-columns__valign-undefined uagb-columns__gap-10 alignundefined uagb-block-e67cf774\"><div class=\"uagb-columns__overlay\"><\/div><div class=\"uagb-columns__inner-wrap uagb-columns__columns-3\">\n<div class=\"wp-block-uagb-column uagb-column__wrap uagb-column__background-undefined uagb-block-0fef7ff6\"><div class=\"uagb-column__overlay\"><\/div><div class=\"uagb-column__inner-wrap\">\n<h3 class=\"wp-block-heading\" id=\"Land-Units\">Unit\u00e9s terrestres<\/h3>\n\n\n\n<ul><li><a href=\"https:\/\/supcom.standardof.net\/fr\/supreme-commander\/temps-infini\/tech-1-aeon-land-units\/\" class=\"rank-math-link\">Terrain de niveau 1<\/a><\/li><li><a href=\"https:\/\/supcom.standardof.net\/fr\/supreme-commander\/temps-infini\/tech-2-aeon-land-units\/\" class=\"rank-math-link\">Terrain de niveau 2<\/a><\/li><li><a href=\"https:\/\/supcom.standardof.net\/fr\/supreme-commander\/temps-infini\/tech-3-aeon-land-units\/\" class=\"rank-math-link\">Terrain de niveau 3<\/a><\/li><\/ul>\n<\/div><\/div>\n\n\n\n<div class=\"wp-block-uagb-column uagb-column__wrap uagb-column__background-undefined uagb-block-4581dca4\"><div class=\"uagb-column__overlay\"><\/div><div class=\"uagb-column__inner-wrap\">\n<h3 class=\"wp-block-heading\" id=\"Air-Units\">Unit\u00e9s a\u00e9riennes<\/h3>\n\n\n\n<ul><li><a href=\"https:\/\/supcom.standardof.net\/fr\/supreme-commander\/temps-infini\/tech-1-aeon-air-units\/\" class=\"rank-math-link\">Air de niveau 1<\/a><\/li><li><a href=\"https:\/\/supcom.standardof.net\/fr\/supreme-commander\/temps-infini\/tech-2-aeon-air-unites\/\" class=\"rank-math-link\">Air de niveau 2<\/a><\/li><li><a href=\"https:\/\/supcom.standardof.net\/fr\/supreme-commander\/temps-infini\/tech-3-aeon-air-unites\/\" class=\"rank-math-link\">Air de niveau 3<\/a><\/li><\/ul>\n<\/div><\/div>\n\n\n\n<div class=\"wp-block-uagb-column uagb-column__wrap uagb-column__background-undefined uagb-block-d2cba97a\"><div class=\"uagb-column__overlay\"><\/div><div class=\"uagb-column__inner-wrap\">\n<h3 class=\"wp-block-heading\" id=\"Naval-Units\">Unit\u00e9s navales<\/h3>\n\n\n\n<ul><li><a href=\"https:\/\/supcom.standardof.net\/fr\/supreme-commander\/temps-infini\/tech-1-unites-navales-aeon\/\" class=\"rank-math-link\">Naval de rang 1<\/a><\/li><li><a href=\"https:\/\/supcom.standardof.net\/fr\/supreme-commander\/temps-infini\/tech-2-aeon-naval-units\/\" class=\"rank-math-link\">Naval de rang 2<\/a><\/li><li><a href=\"https:\/\/supcom.standardof.net\/fr\/supreme-commander\/temps-infini\/tech-3-aeon-naval-units\/\" class=\"rank-math-link\">Naval de rang 3<\/a><\/li><\/ul>\n<\/div><\/div>\n<\/div><\/section>\n\n\n\n<section class=\"wp-block-uagb-columns uagb-columns__wrap uagb-columns__background-undefined uagb-columns__stack-mobile uagb-columns__valign-undefined uagb-columns__gap-10 alignundefined uagb-block-9a9cb927\"><div class=\"uagb-columns__overlay\"><\/div><div class=\"uagb-columns__inner-wrap uagb-columns__columns-2\">\n<div class=\"wp-block-uagb-column uagb-column__wrap uagb-column__background-undefined uagb-block-4ac07b24\"><div class=\"uagb-column__overlay\"><\/div><div class=\"uagb-column__inner-wrap\">\n<h3 class=\"wp-block-heading\" id=\"Defenses\">D\u00e9fenses<\/h3>\n\n\n\n<ul><li><a href=\"https:\/\/supcom.standardof.net\/fr\/supreme-commander\/temps-infini\/tech-1-aeon-defenses\/\" class=\"rank-math-link\">D\u00e9fenses de niveau 1<\/a><\/li><li><a href=\"https:\/\/supcom.standardof.net\/fr\/supreme-commander\/temps-infini\/tech-2-aeon-defenses\/\" class=\"rank-math-link\">D\u00e9fenses de niveau 2<\/a><\/li><li><a href=\"https:\/\/supcom.standardof.net\/fr\/supreme-commander\/temps-infini\/tech-3-aeon-defenses\/\" class=\"rank-math-link\">D\u00e9fenses de niveau 3<\/a><\/li><\/ul>\n<\/div><\/div>\n\n\n\n<div class=\"wp-block-uagb-column uagb-column__wrap uagb-column__background-undefined uagb-block-5c128fb3\"><div class=\"uagb-column__overlay\"><\/div><div class=\"uagb-column__inner-wrap\">\n<h3 class=\"wp-block-heading\" id=\"Economy\">\u00c9conomie<\/h3>\n\n\n\n<ul><li><a href=\"https:\/\/supcom.standardof.net\/fr\/supreme-commander\/temps-infini\/batiments-economiques-tech-1-aeon\/\" class=\"rank-math-link\">\u00c9conomie de niveau 1<\/a><\/li><li><a href=\"https:\/\/supcom.standardof.net\/fr\/supreme-commander\/temps-infini\/batiments-economiques-tech-2-aeon\/\" class=\"rank-math-link\">\u00c9conomie de niveau 2<\/a><\/li><li><a href=\"https:\/\/supcom.standardof.net\/fr\/supreme-commander\/temps-infini\/batiments-economiques-tech-3-aeon\/\" class=\"rank-math-link\">\u00c9conomie de niveau 3<\/a><\/li><\/ul>\n<\/div><\/div>\n<\/div><\/section>\n\n\n\n<section class=\"wp-block-uagb-columns uagb-columns__wrap uagb-columns__background-undefined uagb-columns__stack-mobile uagb-columns__valign-undefined uagb-columns__gap-10 alignundefined uagb-block-b41b05e2\"><div class=\"uagb-columns__overlay\"><\/div><div class=\"uagb-columns__inner-wrap uagb-columns__columns-1\">\n<div class=\"wp-block-uagb-column uagb-column__wrap uagb-column__background-undefined uagb-block-e7776ae9\"><div class=\"uagb-column__overlay\"><\/div><div class=\"uagb-column__inner-wrap\">\n<h3 class=\"wp-block-heading\"><a href=\"https:\/\/supcom.standardof.net\/fr\/supreme-commander\/temps-infini\/unites-experimentales-aeon\/\" class=\"rank-math-link\">Unit\u00e9s exp\u00e9rimentales<\/a><\/h3>\n<\/div><\/div>\n<\/div><\/section>","protected":false},"excerpt":{"rendered":"<p>AEON UNITS The Aeon&#8217;s unique units are the 3 experimentals and the T1 Attack Boat. Aeon units are all focused towards a single purpose, often with only one gun. They tend to have less health, but make up for it in maneuverability. The Aeon has a powerful navy, especially if you include the Aurora T1 [&hellip;]<\/p>","protected":false},"author":1,"featured_media":0,"parent":14,"menu_order":0,"comment_status":"open","ping_status":"closed","template":"","meta":{"_uag_custom_page_level_css":"","site-sidebar-layout":"default","site-content-layout":"default","ast-site-content-layout":"","site-content-style":"default","site-sidebar-style":"default","ast-global-header-display":"","ast-banner-title-visibility":"","ast-main-header-display":"","ast-hfb-above-header-display":"","ast-hfb-below-header-display":"","ast-hfb-mobile-header-display":"","site-post-title":"","ast-breadcrumbs-content":"","ast-featured-img":"","footer-sml-layout":"","theme-transparent-header-meta":"default","adv-header-id-meta":"","stick-header-meta":"","header-above-stick-meta":"","header-main-stick-meta":"","header-below-stick-meta":"","astra-migrate-meta-layouts":"default","ast-page-background-enabled":"default","ast-page-background-meta":{"desktop":{"background-color":"","background-image":"","background-repeat":"repeat","background-position":"center center","background-size":"auto","background-attachment":"scroll","background-type":"","background-media":"","overlay-type":"","overlay-color":"","overlay-gradient":""},"tablet":{"background-color":"","background-image":"","background-repeat":"repeat","background-position":"center center","background-size":"auto","background-attachment":"scroll","background-type":"","background-media":"","overlay-type":"","overlay-color":"","overlay-gradient":""},"mobile":{"background-color":"","background-image":"","background-repeat":"repeat","background-position":"center center","background-size":"auto","background-attachment":"scroll","background-type":"","background-media":"","overlay-type":"","overlay-color":"","overlay-gradient":""}},"ast-content-background-meta":{"desktop":{"background-color":"var(--ast-global-color-5)","background-image":"","background-repeat":"repeat","background-position":"center center","background-size":"auto","background-attachment":"scroll","background-type":"","background-media":"","overlay-type":"","overlay-color":"","overlay-gradient":""},"tablet":{"background-color":"var(--ast-global-color-5)","background-image":"","background-repeat":"repeat","background-position":"center center","background-size":"auto","background-attachment":"scroll","background-type":"","background-media":"","overlay-type":"","overlay-color":"","overlay-gradient":""},"mobile":{"background-color":"var(--ast-global-color-5)","background-image":"","background-repeat":"repeat","background-position":"center center","background-size":"auto","background-attachment":"scroll","background-type":"","background-media":"","overlay-type":"","overlay-color":"","overlay-gradient":""}},"footnotes":""},"uagb_featured_image_src":{"full":false,"thumbnail":false,"medium":false,"medium_large":false,"large":false,"1536x1536":false,"2048x2048":false,"trp-custom-language-flag":false},"uagb_author_info":{"display_name":"SOE","author_link":"https:\/\/supcom.standardof.net\/fr\/author\/k-tastic\/"},"uagb_comment_info":0,"uagb_excerpt":"AEON UNITS The Aeon&#8217;s unique units are the 3 experimentals and the T1 Attack Boat. Aeon units are all focused towards a single purpose, often with only one gun. They tend to have less health, but make up for it in maneuverability. The Aeon has a powerful navy, especially if you include the Aurora T1&hellip;","_links":{"self":[{"href":"https:\/\/supcom.standardof.net\/fr\/wp-json\/wp\/v2\/pages\/503"}],"collection":[{"href":"https:\/\/supcom.standardof.net\/fr\/wp-json\/wp\/v2\/pages"}],"about":[{"href":"https:\/\/supcom.standardof.net\/fr\/wp-json\/wp\/v2\/types\/page"}],"author":[{"embeddable":true,"href":"https:\/\/supcom.standardof.net\/fr\/wp-json\/wp\/v2\/users\/1"}],"replies":[{"embeddable":true,"href":"https:\/\/supcom.standardof.net\/fr\/wp-json\/wp\/v2\/comments?post=503"}],"version-history":[{"count":0,"href":"https:\/\/supcom.standardof.net\/fr\/wp-json\/wp\/v2\/pages\/503\/revisions"}],"up":[{"embeddable":true,"href":"https:\/\/supcom.standardof.net\/fr\/wp-json\/wp\/v2\/pages\/14"}],"wp:attachment":[{"href":"https:\/\/supcom.standardof.net\/fr\/wp-json\/wp\/v2\/media?parent=503"}],"curies":[{"name":"wp","href":"https:\/\/api.w.org\/{rel}","templated":true}]}}