{"id":538,"date":"2020-11-01T19:02:30","date_gmt":"2020-11-02T00:02:30","guid":{"rendered":"https:\/\/supcom.standardof.net\/?page_id=538"},"modified":"2020-11-03T00:12:07","modified_gmt":"2020-11-03T05:12:07","slug":"cybran","status":"publish","type":"page","link":"https:\/\/supcom.standardof.net\/fr\/supreme-commander\/cybran\/","title":{"rendered":"CYBRAN"},"content":{"rendered":"<h2 class=\"has-text-align-center wp-block-heading\">UNIT\u00c9S CYBRANES<\/h2>\n\n\n\n<div class=\"wp-block-image\"><figure class=\"aligncenter size-large\"><a href=\"https:\/\/supcom.standardof.net\/fr\/supreme-commander\/cybran\/sup-com-cybran-commander-promo\/\"><img decoding=\"async\" width=\"600\" height=\"637\" src=\"https:\/\/supcom.standardof.net\/wp-content\/uploads\/sites\/8\/2020\/11\/Sup-Com-Cybran-Commander-Promo.jpg\" alt=\"\" class=\"wp-image-541\" srcset=\"https:\/\/supcom.standardof.net\/wp-content\/uploads\/sites\/8\/2020\/11\/Sup-Com-Cybran-Commander-Promo.jpg 600w, https:\/\/supcom.standardof.net\/wp-content\/uploads\/sites\/8\/2020\/11\/Sup-Com-Cybran-Commander-Promo-482x512.jpg 482w, https:\/\/supcom.standardof.net\/wp-content\/uploads\/sites\/8\/2020\/11\/Sup-Com-Cybran-Commander-Promo-188x200.jpg 188w, https:\/\/supcom.standardof.net\/wp-content\/uploads\/sites\/8\/2020\/11\/Sup-Com-Cybran-Commander-Promo-11x12.jpg 11w\" sizes=\"(max-width: 600px) 100vw, 600px\" \/><\/a><\/figure><\/div>\n\n\n\n<p>Les unit\u00e9s uniques de Cybran sont les 3 exp\u00e9rimentaux et le brouilleur radar mobile T2. De nombreuses unit\u00e9s Cybran pr\u00e9sentent \u00e9galement des diff\u00e9rences significatives par rapport \u00e0 leurs homologues UEF et Aeon - destroyers marcheurs, \u00e9claireurs terrestres masqu\u00e9s, boucliers am\u00e9liorables, sous-marins avec des canons de pont, en fait des chars amphibies et le bot Mantis. Les unit\u00e9s cybran ont tendance \u00e0 faire des choses \u00absuppl\u00e9mentaires\u00bb \u00e9tranges ainsi que leur objectif principal. Les cybrans n&#039;ont pas de g\u00e9n\u00e9rateur de bouclier mobile ni de g\u00e9n\u00e9rateur de bouclier lourd; leurs boucliers doivent \u00eatre am\u00e9lior\u00e9s manuellement pour atteindre une couverture maximale et sont toujours beaucoup plus faibles que les boucliers lourds des autres factions. L&#039;ACU Cybran peut \u00eatre am\u00e9lior\u00e9 en une force offensive tr\u00e8s risqu\u00e9e ou en un as pratiquement invisible dans le trou.<\/p>\n\n\n\n<section class=\"wp-block-uagb-columns uagb-columns__wrap uagb-columns__background-undefined uagb-columns__stack-mobile uagb-columns__valign-undefined uagb-columns__gap-10 alignundefined uagb-block-7847c660\"><div class=\"uagb-columns__overlay\"><\/div><div class=\"uagb-columns__inner-wrap uagb-columns__columns-1\">\n<div class=\"wp-block-uagb-column uagb-column__wrap uagb-column__background-undefined uagb-block-13352c1e\"><div class=\"uagb-column__overlay\"><\/div><div class=\"uagb-column__inner-wrap\">\n<h3 class=\"wp-block-heading\">Commandants cybrans<\/h3>\n\n\n\n<ul><li><a href=\"https:\/\/supcom.standardof.net\/fr\/supreme-commander\/cybran\/commandant-cybran\/\" class=\"rank-math-link\">Commandant (ACU)<\/a><\/li><li><a href=\"https:\/\/supcom.standardof.net\/fr\/supreme-commander\/cybran\/cybran-sous-commandant\/\" class=\"rank-math-link\">Sous-commandant (SCU)<\/a><\/li><\/ul>\n<\/div><\/div>\n<\/div><\/section>\n\n\n\n<section class=\"wp-block-uagb-columns uagb-columns__wrap uagb-columns__background-undefined uagb-columns__stack-mobile uagb-columns__valign-undefined uagb-columns__gap-10 alignundefined uagb-block-aa685df0\"><div class=\"uagb-columns__overlay\"><\/div><div class=\"uagb-columns__inner-wrap uagb-columns__columns-3\">\n<div class=\"wp-block-uagb-column uagb-column__wrap uagb-column__background-undefined uagb-block-3f6f3761\"><div class=\"uagb-column__overlay\"><\/div><div class=\"uagb-column__inner-wrap\">\n<h3 class=\"wp-block-heading\" id=\"Land-Units\">Unit\u00e9s terrestres<\/h3>\n\n\n\n<ul><li><a href=\"https:\/\/supcom.standardof.net\/fr\/supreme-commander\/cybran\/cybran-tech-1-unites-terrestres\/\" class=\"rank-math-link\">Terrain de niveau 1<\/a><\/li><li><a href=\"https:\/\/supcom.standardof.net\/fr\/supreme-commander\/cybran\/cybran-tech-2-unites-terrestres\/\" class=\"rank-math-link\">Terrain de niveau 2<\/a><\/li><li><a href=\"https:\/\/supcom.standardof.net\/fr\/supreme-commander\/cybran\/cybran-tech-3-unites-terrestres\/\" class=\"rank-math-link\">Terrain de niveau 3<\/a><\/li><\/ul>\n<\/div><\/div>\n\n\n\n<div class=\"wp-block-uagb-column uagb-column__wrap uagb-column__background-undefined uagb-block-690fadf3\"><div class=\"uagb-column__overlay\"><\/div><div class=\"uagb-column__inner-wrap\">\n<h3 class=\"wp-block-heading\" id=\"Air-Units\">Unit\u00e9s a\u00e9riennes<\/h3>\n\n\n\n<ul><li><a href=\"https:\/\/supcom.standardof.net\/fr\/supreme-commander\/cybran\/cybran-tech-1-unites-aeriennes\/\" class=\"rank-math-link\">Air de niveau 1<\/a><\/li><li><a href=\"https:\/\/supcom.standardof.net\/fr\/supreme-commander\/cybran\/cybran-tech-2-unites-air\/\" class=\"rank-math-link\">Air de niveau 2<\/a><\/li><li><a href=\"https:\/\/supcom.standardof.net\/fr\/supreme-commander\/cybran\/cybran-tech-3-unites-air\/\" class=\"rank-math-link\">Air de niveau 3<\/a><\/li><\/ul>\n<\/div><\/div>\n\n\n\n<div class=\"wp-block-uagb-column uagb-column__wrap uagb-column__background-undefined uagb-block-5d438d60\"><div class=\"uagb-column__overlay\"><\/div><div class=\"uagb-column__inner-wrap\">\n<h3 class=\"wp-block-heading\" id=\"Naval-Units\">Unit\u00e9s navales<\/h3>\n\n\n\n<ul><li><a href=\"https:\/\/supcom.standardof.net\/fr\/supreme-commander\/cybran\/cybran-tech-1-unites-navales\/\" class=\"rank-math-link\">Naval de rang 1<\/a><\/li><li><a href=\"https:\/\/supcom.standardof.net\/fr\/supreme-commander\/cybran\/cybran-tech-2-unites-navales\/\" class=\"rank-math-link\">Naval de rang 2<\/a><\/li><li><a href=\"https:\/\/supcom.standardof.net\/fr\/supreme-commander\/cybran\/cybran-tech-3-unites-navales\/\" class=\"rank-math-link\">Naval de rang 3<\/a><\/li><\/ul>\n<\/div><\/div>\n<\/div><\/section>\n\n\n\n<section class=\"wp-block-uagb-columns uagb-columns__wrap uagb-columns__background-undefined uagb-columns__stack-mobile uagb-columns__valign-undefined uagb-columns__gap-10 alignundefined uagb-block-fde9a700\"><div class=\"uagb-columns__overlay\"><\/div><div class=\"uagb-columns__inner-wrap uagb-columns__columns-2\">\n<div class=\"wp-block-uagb-column uagb-column__wrap uagb-column__background-undefined uagb-block-415beb25\"><div class=\"uagb-column__overlay\"><\/div><div class=\"uagb-column__inner-wrap\">\n<h3 class=\"wp-block-heading\" id=\"Defenses\">D\u00e9fenses<\/h3>\n\n\n\n<ul><li><a href=\"https:\/\/supcom.standardof.net\/fr\/supreme-commander\/cybran\/cybran-tech-1-defenses\/\" class=\"rank-math-link\">D\u00e9fenses de niveau 1<\/a><\/li><li><a href=\"https:\/\/supcom.standardof.net\/fr\/supreme-commander\/cybran\/cybran-tech-2-defenses\/\" class=\"rank-math-link\">D\u00e9fenses de niveau 2<\/a><\/li><li><a href=\"https:\/\/supcom.standardof.net\/fr\/supreme-commander\/cybran\/cybran-tech-3-defenses\/\" class=\"rank-math-link\">D\u00e9fenses de niveau 3<\/a><\/li><\/ul>\n<\/div><\/div>\n\n\n\n<div class=\"wp-block-uagb-column uagb-column__wrap uagb-column__background-undefined uagb-block-c2c7f2da\"><div class=\"uagb-column__overlay\"><\/div><div class=\"uagb-column__inner-wrap\">\n<h3 class=\"wp-block-heading\" id=\"Economy\">\u00c9conomie<\/h3>\n\n\n\n<ul><li><a href=\"https:\/\/supcom.standardof.net\/fr\/supreme-commander\/cybran\/cybran-tech-1-economie\/\" class=\"rank-math-link\">\u00c9conomie de niveau 1<\/a><\/li><li><a href=\"https:\/\/supcom.standardof.net\/fr\/supreme-commander\/cybran\/cybran-tech-2-economie\/\" class=\"rank-math-link\">\u00c9conomie de niveau 2<\/a><\/li><li><a href=\"https:\/\/supcom.standardof.net\/fr\/supreme-commander\/cybran\/cybran-tech-3-economie\/\" class=\"rank-math-link\">\u00c9conomie de niveau 3<\/a><\/li><\/ul>\n\n\n\n<p><\/p>\n<\/div><\/div>\n<\/div><\/section>\n\n\n\n<section class=\"wp-block-uagb-columns uagb-columns__wrap uagb-columns__background-undefined uagb-columns__stack-mobile uagb-columns__valign-undefined uagb-columns__gap-10 alignundefined uagb-block-c39f3e34\"><div class=\"uagb-columns__overlay\"><\/div><div class=\"uagb-columns__inner-wrap uagb-columns__columns-1\">\n<div class=\"wp-block-uagb-column uagb-column__wrap uagb-column__background-undefined uagb-block-6200630e\"><div class=\"uagb-column__overlay\"><\/div><div class=\"uagb-column__inner-wrap\">\n<h3 class=\"wp-block-heading\"><a href=\"https:\/\/supcom.standardof.net\/fr\/supreme-commander\/cybran\/unites-experimentales-cybran\/\" class=\"rank-math-link\">Unit\u00e9s exp\u00e9rimentales<\/a><\/h3>\n<\/div><\/div>\n<\/div><\/section>","protected":false},"excerpt":{"rendered":"<p>CYBRAN UNITS The Cybran unique units are the 3 experimentals and the T2 mobile radar jammer. Many Cybran units also have significant differences from their UEF and Aeon counterparts &#8211; walking destroyers, cloaking land scouts, upgradeable shields, subs with deck guns, actually amphibious tanks, and the Mantis bot. Cybran units tend to do odd &#8220;extra&#8221; [&hellip;]<\/p>","protected":false},"author":1,"featured_media":0,"parent":14,"menu_order":0,"comment_status":"open","ping_status":"closed","template":"","meta":{"_uag_custom_page_level_css":"","site-sidebar-layout":"default","site-content-layout":"default","ast-site-content-layout":"","site-content-style":"default","site-sidebar-style":"default","ast-global-header-display":"","ast-banner-title-visibility":"","ast-main-header-display":"","ast-hfb-above-header-display":"","ast-hfb-below-header-display":"","ast-hfb-mobile-header-display":"","site-post-title":"","ast-breadcrumbs-content":"","ast-featured-img":"","footer-sml-layout":"","theme-transparent-header-meta":"default","adv-header-id-meta":"","stick-header-meta":"","header-above-stick-meta":"","header-main-stick-meta":"","header-below-stick-meta":"","astra-migrate-meta-layouts":"default","ast-page-background-enabled":"default","ast-page-background-meta":{"desktop":{"background-color":"","background-image":"","background-repeat":"repeat","background-position":"center center","background-size":"auto","background-attachment":"scroll","background-type":"","background-media":"","overlay-type":"","overlay-color":"","overlay-gradient":""},"tablet":{"background-color":"","background-image":"","background-repeat":"repeat","background-position":"center center","background-size":"auto","background-attachment":"scroll","background-type":"","background-media":"","overlay-type":"","overlay-color":"","overlay-gradient":""},"mobile":{"background-color":"","background-image":"","background-repeat":"repeat","background-position":"center center","background-size":"auto","background-attachment":"scroll","background-type":"","background-media":"","overlay-type":"","overlay-color":"","overlay-gradient":""}},"ast-content-background-meta":{"desktop":{"background-color":"var(--ast-global-color-5)","background-image":"","background-repeat":"repeat","background-position":"center center","background-size":"auto","background-attachment":"scroll","background-type":"","background-media":"","overlay-type":"","overlay-color":"","overlay-gradient":""},"tablet":{"background-color":"var(--ast-global-color-5)","background-image":"","background-repeat":"repeat","background-position":"center center","background-size":"auto","background-attachment":"scroll","background-type":"","background-media":"","overlay-type":"","overlay-color":"","overlay-gradient":""},"mobile":{"background-color":"var(--ast-global-color-5)","background-image":"","background-repeat":"repeat","background-position":"center center","background-size":"auto","background-attachment":"scroll","background-type":"","background-media":"","overlay-type":"","overlay-color":"","overlay-gradient":""}},"footnotes":""},"uagb_featured_image_src":{"full":false,"thumbnail":false,"medium":false,"medium_large":false,"large":false,"1536x1536":false,"2048x2048":false,"trp-custom-language-flag":false},"uagb_author_info":{"display_name":"SOE","author_link":"https:\/\/supcom.standardof.net\/fr\/author\/k-tastic\/"},"uagb_comment_info":0,"uagb_excerpt":"CYBRAN UNITS The Cybran unique units are the 3 experimentals and the T2 mobile radar jammer. Many Cybran units also have significant differences from their UEF and Aeon counterparts &#8211; walking destroyers, cloaking land scouts, upgradeable shields, subs with deck guns, actually amphibious tanks, and the Mantis bot. Cybran units tend to do odd &#8220;extra&#8221;&hellip;","_links":{"self":[{"href":"https:\/\/supcom.standardof.net\/fr\/wp-json\/wp\/v2\/pages\/538"}],"collection":[{"href":"https:\/\/supcom.standardof.net\/fr\/wp-json\/wp\/v2\/pages"}],"about":[{"href":"https:\/\/supcom.standardof.net\/fr\/wp-json\/wp\/v2\/types\/page"}],"author":[{"embeddable":true,"href":"https:\/\/supcom.standardof.net\/fr\/wp-json\/wp\/v2\/users\/1"}],"replies":[{"embeddable":true,"href":"https:\/\/supcom.standardof.net\/fr\/wp-json\/wp\/v2\/comments?post=538"}],"version-history":[{"count":0,"href":"https:\/\/supcom.standardof.net\/fr\/wp-json\/wp\/v2\/pages\/538\/revisions"}],"up":[{"embeddable":true,"href":"https:\/\/supcom.standardof.net\/fr\/wp-json\/wp\/v2\/pages\/14"}],"wp:attachment":[{"href":"https:\/\/supcom.standardof.net\/fr\/wp-json\/wp\/v2\/media?parent=538"}],"curies":[{"name":"wp","href":"https:\/\/api.w.org\/{rel}","templated":true}]}}