{"id":549,"date":"2020-11-01T19:32:26","date_gmt":"2020-11-02T00:32:26","guid":{"rendered":"https:\/\/supcom.standardof.net\/?page_id=549"},"modified":"2020-11-04T12:06:00","modified_gmt":"2020-11-04T17:06:00","slug":"cybran-commander","status":"publish","type":"page","link":"https:\/\/supcom.standardof.net\/fr\/supreme-commander\/cybran\/commandant-cybran\/","title":{"rendered":"Commandant cybran"},"content":{"rendered":"<section class=\"wp-block-uagb-columns uagb-columns__wrap uagb-columns__background-undefined uagb-columns__stack-mobile uagb-columns__valign-undefined uagb-columns__gap-10 alignundefined uagb-block-248e45dc\"><div class=\"uagb-columns__overlay\"><\/div><div class=\"uagb-columns__inner-wrap uagb-columns__columns-1\">\n<div class=\"wp-block-uagb-column uagb-column__wrap uagb-column__background-undefined uagb-block-67cc22c3\"><div class=\"uagb-column__overlay\"><\/div><div class=\"uagb-column__inner-wrap\">\n<h2 class=\"wp-block-heading\"><strong>UNIT\u00c9 DE COMMANDE ARM\u00c9E<\/strong> - ACU CYBRAN<\/h2>\n\n\n\n<p>Votre commandant a l&#039;air intimidant, mais c&#039;est simplement parce qu&#039;il est si polyvalent. N&#039;oubliez pas que si vous avez des probl\u00e8mes, vous pouvez surcharger en appuyant sur O.<\/p>\n\n\n\n<div class=\"wp-block-image\"><figure class=\"aligncenter size-large\"><a href=\"https:\/\/supcom.standardof.net\/fr\/supreme-commander\/cybran\/commandant-cybran\/supreme-commander-armored-command-unit-cybran-acu\/\"><img decoding=\"async\" width=\"800\" height=\"553\" src=\"https:\/\/supcom.standardof.net\/wp-content\/uploads\/sites\/8\/2020\/11\/Supreme-Commander-ARMORED-COMMAND-UNIT-\u2013-CYBRAN-ACU-800x553.jpg\" alt=\"L&#039;unit\u00e9 de commandement blind\u00e9e cybran en commandant supr\u00eame.\" class=\"wp-image-890\" srcset=\"https:\/\/supcom.standardof.net\/wp-content\/uploads\/sites\/8\/2020\/11\/Supreme-Commander-ARMORED-COMMAND-UNIT-\u2013-CYBRAN-ACU-800x553.jpg 800w, https:\/\/supcom.standardof.net\/wp-content\/uploads\/sites\/8\/2020\/11\/Supreme-Commander-ARMORED-COMMAND-UNIT-\u2013-CYBRAN-ACU-512x354.jpg 512w, https:\/\/supcom.standardof.net\/wp-content\/uploads\/sites\/8\/2020\/11\/Supreme-Commander-ARMORED-COMMAND-UNIT-\u2013-CYBRAN-ACU-200x138.jpg 200w, https:\/\/supcom.standardof.net\/wp-content\/uploads\/sites\/8\/2020\/11\/Supreme-Commander-ARMORED-COMMAND-UNIT-\u2013-CYBRAN-ACU-768x531.jpg 768w, https:\/\/supcom.standardof.net\/wp-content\/uploads\/sites\/8\/2020\/11\/Supreme-Commander-ARMORED-COMMAND-UNIT-\u2013-CYBRAN-ACU-16x12.jpg 16w, https:\/\/supcom.standardof.net\/wp-content\/uploads\/sites\/8\/2020\/11\/Supreme-Commander-ARMORED-COMMAND-UNIT-\u2013-CYBRAN-ACU.jpg 1426w\" sizes=\"(max-width: 800px) 100vw, 800px\" \/><\/a><figcaption>ACU CYBRAN<\/figcaption><\/figure><\/div>\n\n\n\n<section class=\"wp-block-uagb-columns uagb-columns__wrap uagb-columns__background-undefined uagb-columns__stack-mobile uagb-columns__valign-undefined uagb-columns__gap-10 alignundefined uagb-block-cb23705a\"><div class=\"uagb-columns__overlay\"><\/div><div class=\"uagb-columns__inner-wrap uagb-columns__columns-2\">\n<div class=\"wp-block-uagb-column uagb-column__wrap uagb-column__background-undefined uagb-block-6c162137\"><div class=\"uagb-column__overlay\"><\/div><div class=\"uagb-column__inner-wrap\">\n<h3 class=\"wp-block-heading\">Statistiques ACU<\/h3>\n\n\n\n<p><strong>Armure:<\/strong> 10 000 chevaux<br>&nbsp;&nbsp;&nbsp; taux de r\u00e9g\u00e9n\u00e9ration: 15<br>&nbsp;&nbsp;&nbsp; type d&#039;armure: Commandant<br><strong>Capacit\u00e9s<\/strong><br>&nbsp;&nbsp;&nbsp; Personnalisable<br>&nbsp;&nbsp;&nbsp; Surcharge<br>&nbsp;&nbsp;&nbsp; Capteur Omni<br>&nbsp;&nbsp;&nbsp; Suite d&#039;ing\u00e9nierie<br><strong>Co\u00fbt<\/strong><br>&nbsp;&nbsp;&nbsp; 60 000 M (+1, stockage: 400)<br>&nbsp;&nbsp;&nbsp; 5000000 E (+10, stockage: 2500)<br>&nbsp;&nbsp;&nbsp; 18 000 T<br><strong>Taux de construction:<\/strong> dix<br><strong>Intel<\/strong><br>&nbsp;&nbsp;&nbsp; vue: 26 (508m)<br>&nbsp;&nbsp;&nbsp; omni: 26 (508m)<br><strong>La physique<\/strong><br>&nbsp;&nbsp;&nbsp; vitesse max: 1,7 (33,2 m \/ s)<br>&nbsp;&nbsp;&nbsp; taux de virage: 90<br><strong>Classe de transport:<\/strong> 3<br><strong>V\u00e9t\u00e9ran:<\/strong> 100, 200, 500, 1000, 2000 tu\u00e9s<br><em>* v\u00e9t\u00e9ran niveau 2: +2 500 ch<br>* v\u00e9t\u00e9ran niveau 4: +2 500 ch<br>* v\u00e9t\u00e9ran niveau 5: r\u00e9parer 30 ch \/ s<\/em><\/p>\n<\/div><\/div>\n\n\n\n<div class=\"wp-block-uagb-column uagb-column__wrap uagb-column__background-undefined uagb-block-2ad04f62\"><div class=\"uagb-column__overlay\"><\/div><div class=\"uagb-column__inner-wrap\">\n<h3 class=\"wp-block-heading\">Armes ACU<\/h3>\n\n\n\n<p><strong>Canon Ripper mol\u00e9culaire<\/strong> (Tir direct)<br>&nbsp;&nbsp;&nbsp; 100,00 dps<br><strong>intervalle:<\/strong> 2 (39,1 m) - 22 (430 m)<br><strong>arme \u00e0 projectile:<\/strong> 80 d\u00e9g\u00e2ts<br><strong>cadence de tir:<\/strong> 1,2 (toutes les 0,8 s)<br><em>* v\u00e9t\u00e9ran niveau 1: +25 d\u00e9g\u00e2ts<br>* v\u00e9t\u00e9ran niveau 3: +25 d\u00e9g\u00e2ts<\/em><\/p>\n\n\n\n<p><strong>Canon de surcharge<\/strong> (Tir direct)<br>&nbsp;&nbsp;&nbsp; 35 000,00 dps<br><strong>surface:<\/strong> 2 (39,1 m)<br><strong>intervalle:<\/strong> 10 (195 m)<br><strong>arme \u00e0 projectile:<\/strong> 70 000 d\u00e9g\u00e2ts<br><strong>cadence de tir:<\/strong> 0,5 (toutes les 2 s)<br><strong>\u00e9nergie requise:<\/strong> 3 000 (-3 000)<br><em>* v\u00e9t\u00e9ran niveau 1: +17 500 d\u00e9g\u00e2ts<br>* v\u00e9t\u00e9ran niveau 3: +17 500 d\u00e9g\u00e2ts<\/em><\/p>\n\n\n\n<p><strong>Nuke de la mort<\/strong> (Tir direct)<br>endommagement de la bague int\u00e9rieure: 3500<br>rayon de la bague int\u00e9rieure: 30 (586m)<br>endommagement de la bague ext\u00e9rieure: 500<br>rayon de la bague ext\u00e9rieure: 40 (781m)<\/p>\n<\/div><\/div>\n<\/div><\/section>\n<\/div><\/div>\n<\/div><\/section>\n\n\n\n<section class=\"wp-block-uagb-columns uagb-columns__wrap uagb-columns__background-undefined uagb-columns__stack-mobile uagb-columns__valign-undefined uagb-columns__gap-10 alignundefined uagb-block-5b344dab\"><div class=\"uagb-columns__overlay\"><\/div><div class=\"uagb-columns__inner-wrap uagb-columns__columns-1\">\n<div class=\"wp-block-uagb-column uagb-column__wrap uagb-column__background-undefined uagb-block-69dfcfb5\"><div class=\"uagb-column__overlay\"><\/div><div class=\"uagb-column__inner-wrap\">\t\t\t\t<div class=\"wp-block-uagb-table-of-contents uagb-toc__align-left uagb-toc__columns-1  uagb-block-7009dc12\"\n\t\t\t\t\tdata-scroll= \"1\"\n\t\t\t\t\tdata-offset= \"30\"\n\t\t\t\t\tstyle=\"\"\n\t\t\t\t>\n\t\t\t\t<div class=\"uagb-toc__wrap\">\n\t\t\t\t\t\t<div class=\"uagb-toc__title\">\n\t\t\t\t\t\t\tMises \u00e0 niveau de l&#039;ACU Cybran\t\t\t\t\t\t<\/div>\n\t\t\t\t\t\t\t\t\t\t\t\t\t\t\t\t<div class=\"uagb-toc__list-wrap\">\n\t\t\t\t\t\t<ol class=\"uagb-toc__list\"><li class=\"uagb-toc__list\"><a href=\"#right-arm\" class=\"uagb-toc-link__trigger\">Bras droit<\/a><ul class=\"uagb-toc__list\"><li class=\"uagb-toc__list\"><a href=\"#microwave-laser-generator\" class=\"uagb-toc-link__trigger\">G\u00e9n\u00e9rateur laser micro-ondes<\/a><li class=\"uagb-toc__list\"><li class=\"uagb-toc__list\"><a href=\"#nanite-torpedo-tube\" class=\"uagb-toc-link__trigger\">Tube torpille en nanite<\/a><\/li><\/ul><\/li><li class=\"uagb-toc__list\"><a href=\"#back\" class=\"uagb-toc-link__trigger\">Retour<\/a><ul class=\"uagb-toc__list\"><li class=\"uagb-toc__list\"><a href=\"#personal-teleporter\" class=\"uagb-toc-link__trigger\">T\u00e9l\u00e9porteur personnel<\/a><li class=\"uagb-toc__list\"><li class=\"uagb-toc__list\"><a href=\"#personal-cloaking-generator\" class=\"uagb-toc-link__trigger\">G\u00e9n\u00e9rateur de dissimulation personnel<\/a><li class=\"uagb-toc__list\"><li class=\"uagb-toc__list\"><a href=\"#personal-stealth-generator\" class=\"uagb-toc-link__trigger\">G\u00e9n\u00e9rateur de furtivit\u00e9 personnelle<\/a><li class=\"uagb-toc__list\"><li class=\"uagb-toc__list\"><a href=\"#resource-allocation-system\" class=\"uagb-toc-link__trigger\">Syst\u00e8me d&#039;allocation des ressources<\/a><\/li><\/ul><\/li><\/ul><\/li><li class=\"uagb-toc__list\"><a href=\"#left-arm\" class=\"uagb-toc-link__trigger\">Bras gauche<\/a><ul class=\"uagb-toc__list\"><li class=\"uagb-toc__list\"><a href=\"#tech-2-engineering-suite\" class=\"uagb-toc-link__trigger\">Suite d&#039;ing\u00e9nierie Tech 2<\/a><li class=\"uagb-toc__list\"><li class=\"uagb-toc__list\"><a href=\"#tech-3-engineering-suite\" class=\"uagb-toc-link__trigger\">Suite d&#039;ing\u00e9nierie Tech 3<\/a><li class=\"uagb-toc__list\"><li class=\"uagb-toc__list\"><a href=\"#advanced-cooling-upgrade\" class=\"uagb-toc-link__trigger\">Mise \u00e0 niveau de refroidissement avanc\u00e9e<\/a><\/ul><\/ul><\/ul><\/ol>\t\t\t\t\t<\/div>\n\t\t\t\t\t\t\t\t\t<\/div>\n\t\t\t\t<\/div>\n\t\t\t<\/div><\/div>\n<\/div><\/section>\n\n\n\n<section class=\"wp-block-uagb-columns uagb-columns__wrap uagb-columns__background-undefined uagb-columns__stack-mobile uagb-columns__valign-undefined uagb-columns__gap-10 alignundefined uagb-block-43fdd530\"><div class=\"uagb-columns__overlay\"><\/div><div class=\"uagb-columns__inner-wrap uagb-columns__columns-1\">\n<div class=\"wp-block-uagb-column uagb-column__wrap uagb-column__background-undefined uagb-block-8eadcab3\"><div class=\"uagb-column__overlay\"><\/div><div class=\"uagb-column__inner-wrap\">\n<h4 class=\"wp-block-heading\">Bras droit<\/h4>\n\n\n\n<section class=\"wp-block-uagb-columns uagb-columns__wrap uagb-columns__background-undefined uagb-columns__stack-mobile uagb-columns__valign-undefined uagb-columns__gap-10 alignundefined uagb-block-3121bddb\"><div class=\"uagb-columns__overlay\"><\/div><div class=\"uagb-columns__inner-wrap uagb-columns__columns-1\">\n<div class=\"wp-block-uagb-column uagb-column__wrap uagb-column__background-undefined uagb-block-2731e6e4\"><div class=\"uagb-column__overlay\"><\/div><div class=\"uagb-column__inner-wrap\">\n<h5 class=\"wp-block-heading\">G\u00e9n\u00e9rateur laser micro-ondes<\/h5>\n\n\n\n<p>Donne \u00e0 l&#039;ACU un laser suppl\u00e9mentaire de type Monkeylord, capable de le prot\u00e9ger des forces terrestres non exp\u00e9rimentales.<\/p>\n\n\n\n<p><strong>Co\u00fbt<\/strong>: M 6 750 - E 900 000 - T 2 250<strong><br>Laser \u00e0 micro-ondes lourd<\/strong><br>&nbsp;&nbsp;&nbsp; 5 000,00 dps<br><strong>intervalle:<\/strong> 22 (430 m)<br><strong>arme \u00e0 faisceau continu<br>co\u00fbt du feu:<\/strong> E (-2000)<br><em>* v\u00e9t\u00e9ran niveau 1: +250 d\u00e9g\u00e2ts<br>* v\u00e9t\u00e9ran niveau 3: +250 d\u00e9g\u00e2ts<\/em><\/p>\n<\/div><\/div>\n<\/div><\/section>\n\n\n\n<section class=\"wp-block-uagb-columns uagb-columns__wrap uagb-columns__background-undefined uagb-columns__stack-mobile uagb-columns__valign-undefined uagb-columns__gap-10 alignundefined uagb-block-c2484c11\"><div class=\"uagb-columns__overlay\"><\/div><div class=\"uagb-columns__inner-wrap uagb-columns__columns-1\">\n<div class=\"wp-block-uagb-column uagb-column__wrap uagb-column__background-undefined uagb-block-0f571ff6\"><div class=\"uagb-column__overlay\"><\/div><div class=\"uagb-column__inner-wrap\">\n<h5 class=\"wp-block-heading\">Tube torpille en nanite<\/h5>\n\n\n\n<p>Donne des torpilles au commandant pour les missions sous-marines.<\/p>\n\n\n\n<p><strong>Co\u00fbt<\/strong>: 1 500 M - 37 500 E - 1 500 T<br><strong>Torpille de nanite<\/strong> (Anti Marine)<br>&nbsp;&nbsp;&nbsp; 250,00 dps<br><strong>intervalle:<\/strong> 32 (625m)<br><strong>arme \u00e0 projectile:<\/strong> 500 d\u00e9g\u00e2ts<br>cadence de tir: 0,5 (toutes les 2 s)<br><em>* v\u00e9t\u00e9ran niveau 1: +125 d\u00e9g\u00e2ts<br>* v\u00e9t\u00e9ran niveau 3: +125 d\u00e9g\u00e2ts<\/em><\/p>\n<\/div><\/div>\n<\/div><\/section>\n<\/div><\/div>\n<\/div><\/section>\n\n\n\n<section class=\"wp-block-uagb-columns uagb-columns__wrap uagb-columns__background-undefined uagb-columns__stack-mobile uagb-columns__valign-undefined uagb-columns__gap-10 alignundefined uagb-block-059257dd\"><div class=\"uagb-columns__overlay\"><\/div><div class=\"uagb-columns__inner-wrap uagb-columns__columns-1\">\n<div class=\"wp-block-uagb-column uagb-column__wrap uagb-column__background-undefined uagb-block-da4ced61\"><div class=\"uagb-column__overlay\"><\/div><div class=\"uagb-column__inner-wrap\">\n<h4 class=\"wp-block-heading\">Retour<\/h4>\n\n\n\n<section class=\"wp-block-uagb-columns uagb-columns__wrap uagb-columns__background-undefined uagb-columns__stack-mobile uagb-columns__valign-undefined uagb-columns__gap-10 alignundefined uagb-block-16528b25\"><div class=\"uagb-columns__overlay\"><\/div><div class=\"uagb-columns__inner-wrap uagb-columns__columns-1\">\n<div class=\"wp-block-uagb-column uagb-column__wrap uagb-column__background-undefined uagb-block-02096a09\"><div class=\"uagb-column__overlay\"><\/div><div class=\"uagb-column__inner-wrap\">\n<h5 class=\"wp-block-heading\">T\u00e9l\u00e9porteur personnel<\/h5>\n\n\n\n<p>Permet la t\u00e9l\u00e9portation vers n&#039;importe o\u00f9 sur la carte.<\/p>\n\n\n\n<p><strong>Co\u00fbt<\/strong>: 60 000 M - 6 000 000 E - 6 000 T<br><strong>Co\u00fbt d&#039;utilisation<\/strong><br>&nbsp;&nbsp;&nbsp; E (-20 000)<br>&nbsp;&nbsp;&nbsp; T 60<\/p>\n<\/div><\/div>\n<\/div><\/section>\n\n\n\n<section class=\"wp-block-uagb-columns uagb-columns__wrap uagb-columns__background-undefined uagb-columns__stack-mobile uagb-columns__valign-undefined uagb-columns__gap-10 alignundefined uagb-block-18e9bd13\"><div class=\"uagb-columns__overlay\"><\/div><div class=\"uagb-columns__inner-wrap uagb-columns__columns-1\">\n<div class=\"wp-block-uagb-column uagb-column__wrap uagb-column__background-undefined uagb-block-f5730908\"><div class=\"uagb-column__overlay\"><\/div><div class=\"uagb-column__inner-wrap\">\n<h5 class=\"wp-block-heading\">G\u00e9n\u00e9rateur de dissimulation personnel<\/h5>\n\n\n\n<p>Permet \u00e0 ACU de se masquer (invisible \u00e0 la vue). Les capteurs Omni peuvent percer le camouflage.<\/p>\n\n\n\n<p><strong>Co\u00fbt<\/strong>: 3 000 M - 112 500 E (-500) - 1 500 T<\/p>\n<\/div><\/div>\n<\/div><\/section>\n\n\n\n<section class=\"wp-block-uagb-columns uagb-columns__wrap uagb-columns__background-undefined uagb-columns__stack-mobile uagb-columns__valign-undefined uagb-columns__gap-10 alignundefined uagb-block-a0813071\"><div class=\"uagb-columns__overlay\"><\/div><div class=\"uagb-columns__inner-wrap uagb-columns__columns-1\">\n<div class=\"wp-block-uagb-column uagb-column__wrap uagb-column__background-undefined uagb-block-02f732f1\"><div class=\"uagb-column__overlay\"><\/div><div class=\"uagb-column__inner-wrap\">\n<h5 class=\"wp-block-heading\">G\u00e9n\u00e9rateur de furtivit\u00e9 personnelle<\/h5>\n\n\n\n<p>Ajoute la furtivit\u00e9 (invisible au radar) sans co\u00fbt d&#039;\u00e9nergie suppl\u00e9mentaire. Seuls les capteurs Omni ou les ACU \/ SCU peuvent voir l&#039;ACU maintenant.<\/p>\n\n\n\n<p><strong>N\u00e9cessite un g\u00e9n\u00e9rateur de dissimulation personnel<\/strong><\/p>\n\n\n\n<p><strong>Co\u00fbt<\/strong>: 9 000 M - 1 200 000 E (-500) - 3 000 T<\/p>\n<\/div><\/div>\n<\/div><\/section>\n\n\n\n<section class=\"wp-block-uagb-columns uagb-columns__wrap uagb-columns__background-undefined uagb-columns__stack-mobile uagb-columns__valign-undefined uagb-columns__gap-10 alignundefined uagb-block-4e2b0421\"><div class=\"uagb-columns__overlay\"><\/div><div class=\"uagb-columns__inner-wrap uagb-columns__columns-1\">\n<div class=\"wp-block-uagb-column uagb-column__wrap uagb-column__background-undefined uagb-block-3e7af63f\"><div class=\"uagb-column__overlay\"><\/div><div class=\"uagb-column__inner-wrap\">\n<h5 class=\"wp-block-heading\">Syst\u00e8me d&#039;allocation des ressources<\/h5>\n\n\n\n<p>Produit des ressources suppl\u00e9mentaires<\/p>\n\n\n\n<p><strong>Co\u00fbt<\/strong>: 6 000 M (+12) - 300 000 E (+ 3500) - 1 500 T<\/p>\n<\/div><\/div>\n<\/div><\/section>\n<\/div><\/div>\n<\/div><\/section>\n\n\n\n<section class=\"wp-block-uagb-columns uagb-columns__wrap uagb-columns__background-undefined uagb-columns__stack-mobile uagb-columns__valign-undefined uagb-columns__gap-10 alignundefined uagb-block-2ce9faac\"><div class=\"uagb-columns__overlay\"><\/div><div class=\"uagb-columns__inner-wrap uagb-columns__columns-1\">\n<div class=\"wp-block-uagb-column uagb-column__wrap uagb-column__background-undefined uagb-block-234aa003\"><div class=\"uagb-column__overlay\"><\/div><div class=\"uagb-column__inner-wrap\">\n<h4 class=\"wp-block-heading\">Bras gauche<\/h4>\n\n\n\n<section class=\"wp-block-uagb-columns uagb-columns__wrap uagb-columns__background-undefined uagb-columns__stack-mobile uagb-columns__valign-undefined uagb-columns__gap-10 alignundefined uagb-block-2b6938dd\"><div class=\"uagb-columns__overlay\"><\/div><div class=\"uagb-columns__inner-wrap uagb-columns__columns-1\">\n<div class=\"wp-block-uagb-column uagb-column__wrap uagb-column__background-undefined uagb-block-12406c9b\"><div class=\"uagb-column__overlay\"><\/div><div class=\"uagb-column__inner-wrap\">\n<h5 class=\"wp-block-heading\">Suite d&#039;ing\u00e9nierie Tech 2<\/h5>\n\n\n\n<p>Donne des arbres de construction \u00e0 la technologie ACU 1,2. Augmente la vitesse de construction \u00e0 30.<\/p>\n\n\n\n<p><strong>Co\u00fbt<\/strong>: 2 000 M - 50 000 E - 2 000 T<\/p>\n<\/div><\/div>\n<\/div><\/section>\n\n\n\n<section class=\"wp-block-uagb-columns uagb-columns__wrap uagb-columns__background-undefined uagb-columns__stack-mobile uagb-columns__valign-undefined uagb-columns__gap-10 alignundefined uagb-block-c0a3ef8c\"><div class=\"uagb-columns__overlay\"><\/div><div class=\"uagb-columns__inner-wrap uagb-columns__columns-1\">\n<div class=\"wp-block-uagb-column uagb-column__wrap uagb-column__background-undefined uagb-block-9b25f1fe\"><div class=\"uagb-column__overlay\"><\/div><div class=\"uagb-column__inner-wrap\">\n<h5 class=\"wp-block-heading\">Suite d&#039;ing\u00e9nierie Tech 3<\/h5>\n\n\n\n<p>Donne \u00e0 la technologie ACU 3,4 arbres de construction. Augmente la vitesse de construction \u00e0 90.<\/p>\n\n\n\n<p><strong>Co\u00fbt<\/strong>: M 6 750 - E 900 000 - T 2 250<\/p>\n<\/div><\/div>\n<\/div><\/section>\n\n\n\n<section class=\"wp-block-uagb-columns uagb-columns__wrap uagb-columns__background-undefined uagb-columns__stack-mobile uagb-columns__valign-undefined uagb-columns__gap-10 alignundefined uagb-block-d3d4b250\"><div class=\"uagb-columns__overlay\"><\/div><div class=\"uagb-columns__inner-wrap uagb-columns__columns-1\">\n<div class=\"wp-block-uagb-column uagb-column__wrap uagb-column__background-undefined uagb-block-4f6bd876\"><div class=\"uagb-column__overlay\"><\/div><div class=\"uagb-column__inner-wrap\">\n<h5 class=\"wp-block-heading\">Mise \u00e0 niveau de refroidissement avanc\u00e9e<\/h5>\n\n\n\n<p>Le canon principal tire d\u00e9sormais 6 fois plus vite. (Je pense)<\/p>\n\n\n\n<p><strong>Co\u00fbt<\/strong>: 4500 M - 112500 E - 1500 T<\/p>\n<\/div><\/div>\n<\/div><\/section>\n<\/div><\/div>\n<\/div><\/section>","protected":false},"excerpt":{"rendered":"<p>ARMORED COMMAND UNIT &#8211; CYBRAN ACU Your Commander looks intimidating, but that&#8217;s just because he&#8217;s so versatile. Remember, if you&#8217;re in trouble, you can overcharge by pressing O. ACU Stats Armor: 10,000 hp&nbsp;&nbsp;&nbsp; regen rate: 15&nbsp;&nbsp;&nbsp; armor type: CommanderAbilities&nbsp;&nbsp;&nbsp; Customizable&nbsp;&nbsp;&nbsp; Overcharge&nbsp;&nbsp;&nbsp; Omni Sensor&nbsp;&nbsp;&nbsp; Engineering SuiteCost&nbsp;&nbsp;&nbsp; M 60,000 (+1, storage: 400)&nbsp;&nbsp;&nbsp; E 5,000,000 (+10, storage: 2500)&nbsp;&nbsp;&nbsp; [&hellip;]<\/p>","protected":false},"author":1,"featured_media":0,"parent":538,"menu_order":0,"comment_status":"open","ping_status":"closed","template":"","meta":{"_uag_custom_page_level_css":"","site-sidebar-layout":"default","site-content-layout":"default","ast-site-content-layout":"","site-content-style":"default","site-sidebar-style":"default","ast-global-header-display":"","ast-banner-title-visibility":"","ast-main-header-display":"","ast-hfb-above-header-display":"","ast-hfb-below-header-display":"","ast-hfb-mobile-header-display":"","site-post-title":"","ast-breadcrumbs-content":"","ast-featured-img":"","footer-sml-layout":"","theme-transparent-header-meta":"default","adv-header-id-meta":"","stick-header-meta":"","header-above-stick-meta":"","header-main-stick-meta":"","header-below-stick-meta":"","astra-migrate-meta-layouts":"default","ast-page-background-enabled":"default","ast-page-background-meta":{"desktop":{"background-color":"","background-image":"","background-repeat":"repeat","background-position":"center center","background-size":"auto","background-attachment":"scroll","background-type":"","background-media":"","overlay-type":"","overlay-color":"","overlay-gradient":""},"tablet":{"background-color":"","background-image":"","background-repeat":"repeat","background-position":"center center","background-size":"auto","background-attachment":"scroll","background-type":"","background-media":"","overlay-type":"","overlay-color":"","overlay-gradient":""},"mobile":{"background-color":"","background-image":"","background-repeat":"repeat","background-position":"center center","background-size":"auto","background-attachment":"scroll","background-type":"","background-media":"","overlay-type":"","overlay-color":"","overlay-gradient":""}},"ast-content-background-meta":{"desktop":{"background-color":"var(--ast-global-color-5)","background-image":"","background-repeat":"repeat","background-position":"center center","background-size":"auto","background-attachment":"scroll","background-type":"","background-media":"","overlay-type":"","overlay-color":"","overlay-gradient":""},"tablet":{"background-color":"var(--ast-global-color-5)","background-image":"","background-repeat":"repeat","background-position":"center center","background-size":"auto","background-attachment":"scroll","background-type":"","background-media":"","overlay-type":"","overlay-color":"","overlay-gradient":""},"mobile":{"background-color":"var(--ast-global-color-5)","background-image":"","background-repeat":"repeat","background-position":"center center","background-size":"auto","background-attachment":"scroll","background-type":"","background-media":"","overlay-type":"","overlay-color":"","overlay-gradient":""}},"footnotes":""},"uagb_featured_image_src":{"full":false,"thumbnail":false,"medium":false,"medium_large":false,"large":false,"1536x1536":false,"2048x2048":false,"trp-custom-language-flag":false},"uagb_author_info":{"display_name":"SOE","author_link":"https:\/\/supcom.standardof.net\/fr\/author\/k-tastic\/"},"uagb_comment_info":0,"uagb_excerpt":"ARMORED COMMAND UNIT &#8211; CYBRAN ACU Your Commander looks intimidating, but that&#8217;s just because he&#8217;s so versatile. Remember, if you&#8217;re in trouble, you can overcharge by pressing O. ACU Stats Armor: 10,000 hp&nbsp;&nbsp;&nbsp; regen rate: 15&nbsp;&nbsp;&nbsp; armor type: CommanderAbilities&nbsp;&nbsp;&nbsp; Customizable&nbsp;&nbsp;&nbsp; Overcharge&nbsp;&nbsp;&nbsp; Omni Sensor&nbsp;&nbsp;&nbsp; Engineering SuiteCost&nbsp;&nbsp;&nbsp; M 60,000 (+1, storage: 400)&nbsp;&nbsp;&nbsp; E 5,000,000 (+10, storage: 2500)&nbsp;&nbsp;&nbsp;&hellip;","_links":{"self":[{"href":"https:\/\/supcom.standardof.net\/fr\/wp-json\/wp\/v2\/pages\/549"}],"collection":[{"href":"https:\/\/supcom.standardof.net\/fr\/wp-json\/wp\/v2\/pages"}],"about":[{"href":"https:\/\/supcom.standardof.net\/fr\/wp-json\/wp\/v2\/types\/page"}],"author":[{"embeddable":true,"href":"https:\/\/supcom.standardof.net\/fr\/wp-json\/wp\/v2\/users\/1"}],"replies":[{"embeddable":true,"href":"https:\/\/supcom.standardof.net\/fr\/wp-json\/wp\/v2\/comments?post=549"}],"version-history":[{"count":0,"href":"https:\/\/supcom.standardof.net\/fr\/wp-json\/wp\/v2\/pages\/549\/revisions"}],"up":[{"embeddable":true,"href":"https:\/\/supcom.standardof.net\/fr\/wp-json\/wp\/v2\/pages\/538"}],"wp:attachment":[{"href":"https:\/\/supcom.standardof.net\/fr\/wp-json\/wp\/v2\/media?parent=549"}],"curies":[{"name":"wp","href":"https:\/\/api.w.org\/{rel}","templated":true}]}}