{"id":551,"date":"2020-11-01T20:05:21","date_gmt":"2020-11-02T01:05:21","guid":{"rendered":"https:\/\/supcom.standardof.net\/?page_id=551"},"modified":"2020-11-04T12:07:45","modified_gmt":"2020-11-04T17:07:45","slug":"cybran-subcommander","status":"publish","type":"page","link":"https:\/\/supcom.standardof.net\/fr\/supreme-commander\/cybran\/cybran-sous-commandant\/","title":{"rendered":"Sous-commandant cybran"},"content":{"rendered":"<section class=\"wp-block-uagb-columns uagb-columns__wrap uagb-columns__background-undefined uagb-columns__stack-mobile uagb-columns__valign-undefined uagb-columns__gap-10 alignundefined uagb-block-92064281\"><div class=\"uagb-columns__overlay\"><\/div><div class=\"uagb-columns__inner-wrap uagb-columns__columns-1\">\n<div class=\"wp-block-uagb-column uagb-column__wrap uagb-column__background-undefined uagb-block-3ce00ac4\"><div class=\"uagb-column__overlay\"><\/div><div class=\"uagb-column__inner-wrap\">\n<h2 class=\"wp-block-heading\"><strong>UNIT\u00c9 DE COMMANDE DE SUPPORT<\/strong> - CYBRAN SCU<\/h2>\n\n\n\n<p>Les SCU sont souvent beaucoup trop lents \u00e0 construire et \u00e0 utiliser efficacement, mais ils peuvent \u00eatre un puits de d\u00e9g\u00e2ts efficace (en particulier avec une ou deux am\u00e9liorations) ou peuvent simplement s&#039;asseoir dans votre base sous des boucliers et obtenir une mise \u00e0 niveau d&#039;allocation de ressources. Les SCU Cybran peuvent \u00e9galement obtenir des am\u00e9liorations d&#039;invisibilit\u00e9 et servir d&#039;espions ou d&#039;assassins d&#039;ing\u00e9nieurs (en supposant que vous ayez trouv\u00e9 un moyen de supprimer d&#039;abord l&#039;Omni Sensor de l&#039;ennemi).<\/p>\n\n\n\n<div class=\"wp-block-image\"><figure class=\"aligncenter size-large\"><a href=\"https:\/\/supcom.standardof.net\/fr\/supreme-commander\/cybran\/cybran-sous-commandant\/supreme-commander-support-command-unit-cybran-scu\/\"><img decoding=\"async\" width=\"800\" height=\"543\" src=\"https:\/\/supcom.standardof.net\/wp-content\/uploads\/sites\/8\/2020\/11\/Supreme-Commander-SUPPORT-COMMAND-UNIT-\u2013-CYBRAN-SCU-800x543.jpg\" alt=\"L&#039;unit\u00e9 de commandement de soutien cybran dans Supreme Commander.\" class=\"wp-image-892\" srcset=\"https:\/\/supcom.standardof.net\/wp-content\/uploads\/sites\/8\/2020\/11\/Supreme-Commander-SUPPORT-COMMAND-UNIT-\u2013-CYBRAN-SCU-800x543.jpg 800w, https:\/\/supcom.standardof.net\/wp-content\/uploads\/sites\/8\/2020\/11\/Supreme-Commander-SUPPORT-COMMAND-UNIT-\u2013-CYBRAN-SCU-512x348.jpg 512w, https:\/\/supcom.standardof.net\/wp-content\/uploads\/sites\/8\/2020\/11\/Supreme-Commander-SUPPORT-COMMAND-UNIT-\u2013-CYBRAN-SCU-200x136.jpg 200w, https:\/\/supcom.standardof.net\/wp-content\/uploads\/sites\/8\/2020\/11\/Supreme-Commander-SUPPORT-COMMAND-UNIT-\u2013-CYBRAN-SCU-768x521.jpg 768w, https:\/\/supcom.standardof.net\/wp-content\/uploads\/sites\/8\/2020\/11\/Supreme-Commander-SUPPORT-COMMAND-UNIT-\u2013-CYBRAN-SCU-16x12.jpg 16w, https:\/\/supcom.standardof.net\/wp-content\/uploads\/sites\/8\/2020\/11\/Supreme-Commander-SUPPORT-COMMAND-UNIT-\u2013-CYBRAN-SCU.jpg 1078w\" sizes=\"(max-width: 800px) 100vw, 800px\" \/><\/a><figcaption>Unit\u00e9 de commande de soutien cybran (SCU)<\/figcaption><\/figure><\/div>\n\n\n\n<section class=\"wp-block-uagb-columns uagb-columns__wrap uagb-columns__background-undefined uagb-columns__stack-mobile uagb-columns__valign-undefined uagb-columns__gap-10 alignundefined uagb-block-1d684fbd\"><div class=\"uagb-columns__overlay\"><\/div><div class=\"uagb-columns__inner-wrap uagb-columns__columns-2\">\n<div class=\"wp-block-uagb-column uagb-column__wrap uagb-column__background-undefined uagb-block-ac2a9c69\"><div class=\"uagb-column__overlay\"><\/div><div class=\"uagb-column__inner-wrap\">\n<h3 class=\"wp-block-heading\">Statistiques SCU<\/h3>\n\n\n\n<p><strong>Armure:<\/strong> 20000 chevaux<br>&nbsp;&nbsp;&nbsp; (taux de r\u00e9g\u00e9n\u00e9ration: 15)<br><strong>Capacit\u00e9s<\/strong><br>&nbsp;&nbsp;&nbsp; Personnalisable<br>&nbsp;&nbsp;&nbsp; Capteur Omni<br>&nbsp;&nbsp;&nbsp; Suite d&#039;ing\u00e9nierie<br>&nbsp;&nbsp;&nbsp; Explose \u00e0 la mort<br>&nbsp;&nbsp;&nbsp; Ne peut pas \u00eatre r\u00e9cup\u00e9r\u00e9<br><strong>Co\u00fbt<\/strong><br>&nbsp;&nbsp;&nbsp; M3000 (+2, stockage: 100)<br>&nbsp;&nbsp;&nbsp; E40000 (+20, stockage: 500)<br>&nbsp;&nbsp;&nbsp; T6000<br><strong>Taux de construction:<\/strong> 30<br><strong>Intel<\/strong><br>&nbsp;&nbsp;&nbsp; vue: 26 (508m)<br>&nbsp;&nbsp;&nbsp; omni: 16 (313m)<br><strong>La physique<\/strong><br>&nbsp;&nbsp;&nbsp; vitesse maximale: 2,2 (43,0 m \/ s)<br>&nbsp;&nbsp;&nbsp; vitesse de virage: 146<br><strong>Classe de transport:<\/strong> 3<br><strong>V\u00e9t\u00e9ran:<\/strong> 100, 200, 500, 1000, 2000 tu\u00e9s<br><em>* v\u00e9t\u00e9ran niveau 2: +5000 ch<br>* v\u00e9t\u00e9ran niveau 4: +5000 ch<br>* v\u00e9t\u00e9ran niveau 5: r\u00e9parer 30 ch \/ s<\/em><\/p>\n<\/div><\/div>\n\n\n\n<div class=\"wp-block-uagb-column uagb-column__wrap uagb-column__background-undefined uagb-block-27eb4101\"><div class=\"uagb-column__overlay\"><\/div><div class=\"uagb-column__inner-wrap\">\n<h3 class=\"wp-block-heading\">Armes SCU<\/h3>\n\n\n\n<p><strong>Laser \u00e0 impulsion d\u00e9sint\u00e9grateur<\/strong> (Tir direct)<br>&nbsp;&nbsp;&nbsp; 375,75 dps<br><strong>intervalle:<\/strong> 2 (39,1 m) - 22 (430 m)<br><strong>arme \u00e0 projectile:<\/strong> 225 d\u00e9g\u00e2ts<br><strong>cadence de tir:<\/strong> 1,67 (toutes les 0,6 s)<br><em>* v\u00e9t\u00e9ran niveau 1: +56 d\u00e9g\u00e2ts<br>* v\u00e9t\u00e9ran niveau 3: +56 d\u00e9g\u00e2ts<\/em><\/p>\n\n\n\n<p><strong>Nuke de la mort<\/strong> (Tir direct)<br>&nbsp;&nbsp; 1000,00 dps<br><strong>surface:<\/strong> 10 (195 m)<br><strong>intervalle:<\/strong> 1 (19,5 m)<br><strong>arme \u00e0 projectile:<\/strong> 1000 d\u00e9g\u00e2ts<br><em>* v\u00e9t\u00e9ran niveau 1: +250 d\u00e9g\u00e2ts<br>* v\u00e9t\u00e9ran niveau 3: +250 d\u00e9g\u00e2ts<\/em><\/p>\n<\/div><\/div>\n<\/div><\/section>\n<\/div><\/div>\n<\/div><\/section>\n\n\n\n<section class=\"wp-block-uagb-columns uagb-columns__wrap uagb-columns__background-undefined uagb-columns__stack-mobile uagb-columns__valign-undefined uagb-columns__gap-10 alignundefined uagb-block-cd789fe0\"><div class=\"uagb-columns__overlay\"><\/div><div class=\"uagb-columns__inner-wrap uagb-columns__columns-1\">\n<div class=\"wp-block-uagb-column uagb-column__wrap uagb-column__background-undefined uagb-block-d275e037\"><div class=\"uagb-column__overlay\"><\/div><div class=\"uagb-column__inner-wrap\">\t\t\t\t<div class=\"wp-block-uagb-table-of-contents uagb-toc__align-left uagb-toc__columns-1  uagb-block-dc14c61c\"\n\t\t\t\t\tdata-scroll= \"1\"\n\t\t\t\t\tdata-offset= \"30\"\n\t\t\t\t\tstyle=\"\"\n\t\t\t\t>\n\t\t\t\t<div class=\"uagb-toc__wrap\">\n\t\t\t\t\t\t<div class=\"uagb-toc__title\">\n\t\t\t\t\t\t\tMises \u00e0 niveau de Cybran SCU\t\t\t\t\t\t<\/div>\n\t\t\t\t\t\t\t\t\t\t\t\t\t\t\t\t<div class=\"uagb-toc__list-wrap\">\n\t\t\t\t\t\t<ol class=\"uagb-toc__list\"><li class=\"uagb-toc__list\"><a href=\"#right-arm\" class=\"uagb-toc-link__trigger\">Bras droit<\/a><ul class=\"uagb-toc__list\"><li class=\"uagb-toc__list\"><a href=\"#focus-converter\" class=\"uagb-toc-link__trigger\">Convertisseur de mise au point<\/a><li class=\"uagb-toc__list\"><li class=\"uagb-toc__list\"><a href=\"#resource-allocation-system\" class=\"uagb-toc-link__trigger\">Syst\u00e8me d&#039;allocation des ressources<\/a><\/li><\/ul><\/li><li class=\"uagb-toc__list\"><a href=\"#left-arm\" class=\"uagb-toc-link__trigger\">Bras gauche<\/a><ul class=\"uagb-toc__list\"><li class=\"uagb-toc__list\"><a href=\"#switchback-engineering-suite\" class=\"uagb-toc-link__trigger\">Suite d&#039;ing\u00e9nierie Switchback<\/a><li class=\"uagb-toc__list\"><li class=\"uagb-toc__list\"><a href=\"#emp-charge\" class=\"uagb-toc-link__trigger\">Charge EMP<\/a><\/li><\/ul><\/li><\/ul><\/li><li class=\"uagb-toc__list\"><a href=\"#back\" class=\"uagb-toc-link__trigger\">Retour<\/a><ul class=\"uagb-toc__list\"><li class=\"uagb-toc__list\"><a href=\"#personal-cloaking-generator\" class=\"uagb-toc-link__trigger\">G\u00e9n\u00e9rateur de dissimulation personnel<\/a><li class=\"uagb-toc__list\"><li class=\"uagb-toc__list\"><a href=\"#personal-stealth-generator\" class=\"uagb-toc-link__trigger\">G\u00e9n\u00e9rateur de furtivit\u00e9 personnelle<\/a><li class=\"uagb-toc__list\"><li class=\"uagb-toc__list\"><a href=\"#nanite-missile-system\" class=\"uagb-toc-link__trigger\">Syst\u00e8me de missile nanite<\/a><li class=\"uagb-toc__list\"><li class=\"uagb-toc__list\"><a href=\"#self-repair-system\" class=\"uagb-toc-link__trigger\">Syst\u00e8me d&#039;auto-r\u00e9paration<\/a><\/ul><\/ul><\/ul><\/ol>\t\t\t\t\t<\/div>\n\t\t\t\t\t\t\t\t\t<\/div>\n\t\t\t\t<\/div>\n\t\t\t<\/div><\/div>\n<\/div><\/section>\n\n\n\n<section class=\"wp-block-uagb-columns uagb-columns__wrap uagb-columns__background-undefined uagb-columns__stack-mobile uagb-columns__valign-undefined uagb-columns__gap-10 alignundefined uagb-block-2a639cc1\"><div class=\"uagb-columns__overlay\"><\/div><div class=\"uagb-columns__inner-wrap uagb-columns__columns-1\">\n<div class=\"wp-block-uagb-column uagb-column__wrap uagb-column__background-undefined uagb-block-c19e8af7\"><div class=\"uagb-column__overlay\"><\/div><div class=\"uagb-column__inner-wrap\">\n<h4 class=\"wp-block-heading\">Bras droit<\/h4>\n\n\n\n<section class=\"wp-block-uagb-columns uagb-columns__wrap uagb-columns__background-undefined uagb-columns__stack-mobile uagb-columns__valign-undefined uagb-columns__gap-10 alignundefined uagb-block-ef8b14e5\"><div class=\"uagb-columns__overlay\"><\/div><div class=\"uagb-columns__inner-wrap uagb-columns__columns-1\">\n<div class=\"wp-block-uagb-column uagb-column__wrap uagb-column__background-undefined uagb-block-75e8cd2f\"><div class=\"uagb-column__overlay\"><\/div><div class=\"uagb-column__inner-wrap\">\n<h5 class=\"wp-block-heading\">Convertisseur de mise au point<\/h5>\n\n\n\n<p>Double la production de d\u00e9g\u00e2ts du pistolet principal (je pense).<\/p>\n\n\n\n<p><strong>Co\u00fbt<\/strong>: M1000, E400000, T3000<\/p>\n<\/div><\/div>\n<\/div><\/section>\n\n\n\n<section class=\"wp-block-uagb-columns uagb-columns__wrap uagb-columns__background-undefined uagb-columns__stack-mobile uagb-columns__valign-undefined uagb-columns__gap-10 alignundefined uagb-block-c0d40189\"><div class=\"uagb-columns__overlay\"><\/div><div class=\"uagb-columns__inner-wrap uagb-columns__columns-1\">\n<div class=\"wp-block-uagb-column uagb-column__wrap uagb-column__background-undefined uagb-block-7bf2210f\"><div class=\"uagb-column__overlay\"><\/div><div class=\"uagb-column__inner-wrap\">\n<h5 class=\"wp-block-heading\">Syst\u00e8me d&#039;allocation des ressources<\/h5>\n\n\n\n<p>Produit des ressources suppl\u00e9mentaires<\/p>\n\n\n\n<p><strong>Co\u00fbt<\/strong>: M6000 (+12), E375000 (+3500), T9000<\/p>\n<\/div><\/div>\n<\/div><\/section>\n<\/div><\/div>\n<\/div><\/section>\n\n\n\n<section class=\"wp-block-uagb-columns uagb-columns__wrap uagb-columns__background-undefined uagb-columns__stack-mobile uagb-columns__valign-undefined uagb-columns__gap-10 alignundefined uagb-block-79e91747\"><div class=\"uagb-columns__overlay\"><\/div><div class=\"uagb-columns__inner-wrap uagb-columns__columns-1\">\n<div class=\"wp-block-uagb-column uagb-column__wrap uagb-column__background-undefined uagb-block-40607d18\"><div class=\"uagb-column__overlay\"><\/div><div class=\"uagb-column__inner-wrap\">\n<h4 class=\"wp-block-heading\">Bras gauche<\/h4>\n\n\n\n<section class=\"wp-block-uagb-columns uagb-columns__wrap uagb-columns__background-undefined uagb-columns__stack-mobile uagb-columns__valign-undefined uagb-columns__gap-10 alignundefined uagb-block-fdfecc7a\"><div class=\"uagb-columns__overlay\"><\/div><div class=\"uagb-columns__inner-wrap uagb-columns__columns-1\">\n<div class=\"wp-block-uagb-column uagb-column__wrap uagb-column__background-undefined uagb-block-2d1c013c\"><div class=\"uagb-column__overlay\"><\/div><div class=\"uagb-column__inner-wrap\">\n<h5 class=\"wp-block-heading\">Suite d&#039;ing\u00e9nierie Switchback<\/h5>\n\n\n\n<p>Augmente la vitesse de construction \u00e0 60.<\/p>\n\n\n\n<p><strong>Co\u00fbt<\/strong>: M2100, E225000, T9000<\/p>\n<\/div><\/div>\n<\/div><\/section>\n\n\n\n<section class=\"wp-block-uagb-columns uagb-columns__wrap uagb-columns__background-undefined uagb-columns__stack-mobile uagb-columns__valign-undefined uagb-columns__gap-10 alignundefined uagb-block-e6e47c23\"><div class=\"uagb-columns__overlay\"><\/div><div class=\"uagb-columns__inner-wrap uagb-columns__columns-1\">\n<div class=\"wp-block-uagb-column uagb-column__wrap uagb-column__background-undefined uagb-block-eff1c9b1\"><div class=\"uagb-column__overlay\"><\/div><div class=\"uagb-column__inner-wrap\">\n<h5 class=\"wp-block-heading\">Charge EMP<\/h5>\n\n\n\n<p>Ajoute une arme de gel EMP dans une petite zone autour du SCU.<\/p>\n\n\n\n<p><strong>Co\u00fbt<\/strong>: M3000, E600000, T4500<\/p>\n<\/div><\/div>\n<\/div><\/section>\n<\/div><\/div>\n<\/div><\/section>\n\n\n\n<section class=\"wp-block-uagb-columns uagb-columns__wrap uagb-columns__background-undefined uagb-columns__stack-mobile uagb-columns__valign-undefined uagb-columns__gap-10 alignundefined uagb-block-2c7a9484\"><div class=\"uagb-columns__overlay\"><\/div><div class=\"uagb-columns__inner-wrap uagb-columns__columns-1\">\n<div class=\"wp-block-uagb-column uagb-column__wrap uagb-column__background-undefined uagb-block-99f04477\"><div class=\"uagb-column__overlay\"><\/div><div class=\"uagb-column__inner-wrap\">\n<h4 class=\"wp-block-heading\">Retour<\/h4>\n\n\n\n<section class=\"wp-block-uagb-columns uagb-columns__wrap uagb-columns__background-undefined uagb-columns__stack-mobile uagb-columns__valign-undefined uagb-columns__gap-10 alignundefined uagb-block-27346be8\"><div class=\"uagb-columns__overlay\"><\/div><div class=\"uagb-columns__inner-wrap uagb-columns__columns-1\">\n<div class=\"wp-block-uagb-column uagb-column__wrap uagb-column__background-undefined uagb-block-33c75d9c\"><div class=\"uagb-column__overlay\"><\/div><div class=\"uagb-column__inner-wrap\">\n<h5 class=\"wp-block-heading\">G\u00e9n\u00e9rateur de dissimulation personnel<\/h5>\n\n\n\n<p>Permet \u00e0 SCU de se masquer (invisible \u00e0 la vue). Les capteurs Omni briseront le camouflage.<\/p>\n\n\n\n<p><strong>Co\u00fbt<\/strong>: M3000, E112500 (-500), T4500<\/p>\n<\/div><\/div>\n<\/div><\/section>\n\n\n\n<section class=\"wp-block-uagb-columns uagb-columns__wrap uagb-columns__background-undefined uagb-columns__stack-mobile uagb-columns__valign-undefined uagb-columns__gap-10 alignundefined uagb-block-2be55bf7\"><div class=\"uagb-columns__overlay\"><\/div><div class=\"uagb-columns__inner-wrap uagb-columns__columns-1\">\n<div class=\"wp-block-uagb-column uagb-column__wrap uagb-column__background-undefined uagb-block-122816b5\"><div class=\"uagb-column__overlay\"><\/div><div class=\"uagb-column__inner-wrap\">\n<h5 class=\"wp-block-heading\">G\u00e9n\u00e9rateur de furtivit\u00e9 personnelle<\/h5>\n\n\n\n<p>Ajoute la furtivit\u00e9 (invisible au radar) au camouflage existant. Seuls les capteurs Omni peuvent voir le SCU maintenant.<\/p>\n\n\n\n<p><strong>N\u00e9cessite un g\u00e9n\u00e9rateur de dissimulation personnel<br>Co\u00fbt<\/strong>: M9000, E1200000 (-500), T9000<\/p>\n<\/div><\/div>\n<\/div><\/section>\n\n\n\n<section class=\"wp-block-uagb-columns uagb-columns__wrap uagb-columns__background-undefined uagb-columns__stack-mobile uagb-columns__valign-undefined uagb-columns__gap-10 alignundefined uagb-block-49187c43\"><div class=\"uagb-columns__overlay\"><\/div><div class=\"uagb-columns__inner-wrap uagb-columns__columns-1\">\n<div class=\"wp-block-uagb-column uagb-column__wrap uagb-column__background-undefined uagb-block-312ea5a9\"><div class=\"uagb-column__overlay\"><\/div><div class=\"uagb-column__inner-wrap\">\n<h5 class=\"wp-block-heading\">Syst\u00e8me de missile nanite<\/h5>\n\n\n\n<p>Donne \u00e0 SCU un pistolet anti-air de type SAM (pas aussi bon que le vrai T3 AA).<\/p>\n\n\n\n<p><strong>Co\u00fbt<\/strong><br>&nbsp;&nbsp;&nbsp; M1500<br>&nbsp;&nbsp;&nbsp; E93750<br>&nbsp;&nbsp;&nbsp; T3750<\/p>\n\n\n\n<p><strong>Syst\u00e8me de missile nanite<\/strong> (Anti-air)<br>&nbsp;&nbsp;&nbsp;&nbsp; 36,00 dps<br><strong>intervalle:<\/strong> 60 (1,17 km)<br><strong>arme \u00e0 projectile:<\/strong> 24 d\u00e9g\u00e2ts<br><strong>cadence de tir:<\/strong> 1,5 (toutes les 0,67 s)<br><em>* v\u00e9t\u00e9ran niveau 1: +6 d\u00e9g\u00e2ts<br>* v\u00e9t\u00e9ran niveau 3: +6 d\u00e9g\u00e2ts<\/em><\/p>\n<\/div><\/div>\n<\/div><\/section>\n\n\n\n<section class=\"wp-block-uagb-columns uagb-columns__wrap uagb-columns__background-undefined uagb-columns__stack-mobile uagb-columns__valign-undefined uagb-columns__gap-10 alignundefined uagb-block-3a50224b\"><div class=\"uagb-columns__overlay\"><\/div><div class=\"uagb-columns__inner-wrap uagb-columns__columns-1\">\n<div class=\"wp-block-uagb-column uagb-column__wrap uagb-column__background-undefined uagb-block-10437352\"><div class=\"uagb-column__overlay\"><\/div><div class=\"uagb-column__inner-wrap\">\n<h5 class=\"wp-block-heading\">Syst\u00e8me d&#039;auto-r\u00e9paration<\/h5>\n\n\n\n<p>Am\u00e9liore le taux de r\u00e9g\u00e9n\u00e9ration de SCU \u00e0 600.<\/p>\n\n\n\n<p><strong>Co\u00fbt<\/strong>: M2250, E112500, T4500<\/p>\n<\/div><\/div>\n<\/div><\/section>\n<\/div><\/div>\n<\/div><\/section>","protected":false},"excerpt":{"rendered":"<p>SUPPORT COMMAND UNIT &#8211; CYBRAN SCU SCUs are often way too slow to build and use effectively, but they can be an effective damage sink (especially with an upgrade or two) or can simply sit in your base under shields and get a Resource Allocation Upgrade. Cybran SCUs can also get invisibility upgrades and serve [&hellip;]<\/p>","protected":false},"author":1,"featured_media":0,"parent":538,"menu_order":0,"comment_status":"open","ping_status":"closed","template":"","meta":{"_uag_custom_page_level_css":"","site-sidebar-layout":"default","site-content-layout":"default","ast-site-content-layout":"","site-content-style":"default","site-sidebar-style":"default","ast-global-header-display":"","ast-banner-title-visibility":"","ast-main-header-display":"","ast-hfb-above-header-display":"","ast-hfb-below-header-display":"","ast-hfb-mobile-header-display":"","site-post-title":"","ast-breadcrumbs-content":"","ast-featured-img":"","footer-sml-layout":"","theme-transparent-header-meta":"default","adv-header-id-meta":"","stick-header-meta":"","header-above-stick-meta":"","header-main-stick-meta":"","header-below-stick-meta":"","astra-migrate-meta-layouts":"default","ast-page-background-enabled":"default","ast-page-background-meta":{"desktop":{"background-color":"","background-image":"","background-repeat":"repeat","background-position":"center center","background-size":"auto","background-attachment":"scroll","background-type":"","background-media":"","overlay-type":"","overlay-color":"","overlay-gradient":""},"tablet":{"background-color":"","background-image":"","background-repeat":"repeat","background-position":"center center","background-size":"auto","background-attachment":"scroll","background-type":"","background-media":"","overlay-type":"","overlay-color":"","overlay-gradient":""},"mobile":{"background-color":"","background-image":"","background-repeat":"repeat","background-position":"center center","background-size":"auto","background-attachment":"scroll","background-type":"","background-media":"","overlay-type":"","overlay-color":"","overlay-gradient":""}},"ast-content-background-meta":{"desktop":{"background-color":"var(--ast-global-color-5)","background-image":"","background-repeat":"repeat","background-position":"center center","background-size":"auto","background-attachment":"scroll","background-type":"","background-media":"","overlay-type":"","overlay-color":"","overlay-gradient":""},"tablet":{"background-color":"var(--ast-global-color-5)","background-image":"","background-repeat":"repeat","background-position":"center center","background-size":"auto","background-attachment":"scroll","background-type":"","background-media":"","overlay-type":"","overlay-color":"","overlay-gradient":""},"mobile":{"background-color":"var(--ast-global-color-5)","background-image":"","background-repeat":"repeat","background-position":"center center","background-size":"auto","background-attachment":"scroll","background-type":"","background-media":"","overlay-type":"","overlay-color":"","overlay-gradient":""}},"footnotes":""},"uagb_featured_image_src":{"full":false,"thumbnail":false,"medium":false,"medium_large":false,"large":false,"1536x1536":false,"2048x2048":false,"trp-custom-language-flag":false},"uagb_author_info":{"display_name":"SOE","author_link":"https:\/\/supcom.standardof.net\/fr\/author\/k-tastic\/"},"uagb_comment_info":0,"uagb_excerpt":"SUPPORT COMMAND UNIT &#8211; CYBRAN SCU SCUs are often way too slow to build and use effectively, but they can be an effective damage sink (especially with an upgrade or two) or can simply sit in your base under shields and get a Resource Allocation Upgrade. Cybran SCUs can also get invisibility upgrades and serve&hellip;","_links":{"self":[{"href":"https:\/\/supcom.standardof.net\/fr\/wp-json\/wp\/v2\/pages\/551"}],"collection":[{"href":"https:\/\/supcom.standardof.net\/fr\/wp-json\/wp\/v2\/pages"}],"about":[{"href":"https:\/\/supcom.standardof.net\/fr\/wp-json\/wp\/v2\/types\/page"}],"author":[{"embeddable":true,"href":"https:\/\/supcom.standardof.net\/fr\/wp-json\/wp\/v2\/users\/1"}],"replies":[{"embeddable":true,"href":"https:\/\/supcom.standardof.net\/fr\/wp-json\/wp\/v2\/comments?post=551"}],"version-history":[{"count":0,"href":"https:\/\/supcom.standardof.net\/fr\/wp-json\/wp\/v2\/pages\/551\/revisions"}],"up":[{"embeddable":true,"href":"https:\/\/supcom.standardof.net\/fr\/wp-json\/wp\/v2\/pages\/538"}],"wp:attachment":[{"href":"https:\/\/supcom.standardof.net\/fr\/wp-json\/wp\/v2\/media?parent=551"}],"curies":[{"name":"wp","href":"https:\/\/api.w.org\/{rel}","templated":true}]}}