{"id":579,"date":"2020-11-02T10:52:37","date_gmt":"2020-11-02T15:52:37","guid":{"rendered":"https:\/\/supcom.standardof.net\/?page_id=579"},"modified":"2020-11-04T00:31:03","modified_gmt":"2020-11-04T05:31:03","slug":"cybran-tech-3-land-units","status":"publish","type":"page","link":"https:\/\/supcom.standardof.net\/fr\/supreme-commander\/cybran\/cybran-tech-3-unites-terrestres\/","title":{"rendered":"Unit\u00e9s terrestres Cybran Tech 3"},"content":{"rendered":"<div class=\"wp-block-uagb-table-of-contents uagb-toc__align-left uagb-toc__columns-1  uagb-block-54bddcb1\"\n\t\t\t\t\tdata-scroll= \"1\"\n\t\t\t\t\tdata-offset= \"30\"\n\t\t\t\t\tstyle=\"\"\n\t\t\t\t>\n\t\t\t\t<div class=\"uagb-toc__wrap\">\n\t\t\t\t\t\t<div class=\"uagb-toc__title\">\n\t\t\t\t\t\t\tUnit\u00e9s terrestres Cybran Tech 3:\t\t\t\t\t\t<\/div>\n\t\t\t\t\t\t\t\t\t\t\t\t\t\t\t\t<div class=\"uagb-toc__list-wrap\">\n\t\t\t\t\t\t<ol class=\"uagb-toc__list\"><li class=\"uagb-toc__list\"><a href=\"#t3-engineer-tech-3-cybran-constructor\" class=\"uagb-toc-link__trigger\">INGENIEUR T3 - CONSTRUCTEUR TECH 3 CYBRAN<\/a><li class=\"uagb-toc__list\"><a href=\"#loyalist-siege-assault-bot\" class=\"uagb-toc-link__trigger\">LOYALISTE - SIEGE ASSAULT BOT<\/a><li class=\"uagb-toc__list\"><a href=\"#trebuchet-mobile-heavy-artillery\" class=\"uagb-toc-link__trigger\">TREBUCHET - ARTILLERIE LOURDE MOBILE<\/a><\/ol>\t\t\t\t\t<\/div>\n\t\t\t\t\t\t\t\t\t<\/div>\n\t\t\t\t<\/div>\n\t\t\t\n\n\n<section class=\"wp-block-uagb-columns uagb-columns__wrap uagb-columns__background-undefined uagb-columns__stack-mobile uagb-columns__valign-undefined uagb-columns__gap-10 alignundefined uagb-block-dc5752f1\"><div class=\"uagb-columns__overlay\"><\/div><div class=\"uagb-columns__inner-wrap uagb-columns__columns-1\">\n<div class=\"wp-block-uagb-column uagb-column__wrap uagb-column__background-undefined uagb-block-a73609e9\"><div class=\"uagb-column__overlay\"><\/div><div class=\"uagb-column__inner-wrap\">\n<h2 class=\"wp-block-heading\"><strong>ING\u00c9NIEUR T3 <\/strong>- CONSTRUCTEUR TECH 3 CYBRAN<\/h2>\n\n\n\n<p>L&#039;ing\u00e9nieur T3 se pr\u00e9sente beaucoup plus fr\u00e9quemment que les autres ing\u00e9nieurs; on devrait toujours \u00eatre la premi\u00e8re chose \u00e0 sortir de votre usine. Ils peuvent relancer votre \u00e9conomie, aider les usines \u00e0 un rythme utile et vous mettre dans la phase finale. Il n&#039;est jamais mauvais d&#039;avoir trop d&#039;ing\u00e9nieurs. De plus, s&#039;ils sont envoy\u00e9s pour construire des d\u00e9fenses ou r\u00e9parer une cible cruciale, ils dureront beaucoup plus longtemps sous le feu ennemi. Malheureusement, ces gars sont tr\u00e8s lents - deux fois moins rapides que les unit\u00e9s de soutien T2.<\/p>\n\n\n\n<div class=\"wp-block-image\"><figure class=\"aligncenter size-large\"><a href=\"https:\/\/supcom.standardof.net\/fr\/supreme-commander\/cybran\/cybran-tech-3-unites-terrestres\/cybran-tech-3-engineer-supreme-commander-cybran-tech-1-land-units\/\"><img decoding=\"async\" width=\"438\" height=\"324\" src=\"https:\/\/supcom.standardof.net\/wp-content\/uploads\/sites\/8\/2020\/11\/Cybran-Tech-3-Engineer-Supreme-Commander-Cybran-Tech-1-Land-Units.jpg\" alt=\"L&#039;ing\u00e9nieur T3, unit\u00e9 terrestre Cybran Tech 3 en commandant supr\u00eame.\" class=\"wp-image-582\" srcset=\"https:\/\/supcom.standardof.net\/wp-content\/uploads\/sites\/8\/2020\/11\/Cybran-Tech-3-Engineer-Supreme-Commander-Cybran-Tech-1-Land-Units.jpg 438w, https:\/\/supcom.standardof.net\/wp-content\/uploads\/sites\/8\/2020\/11\/Cybran-Tech-3-Engineer-Supreme-Commander-Cybran-Tech-1-Land-Units-200x148.jpg 200w, https:\/\/supcom.standardof.net\/wp-content\/uploads\/sites\/8\/2020\/11\/Cybran-Tech-3-Engineer-Supreme-Commander-Cybran-Tech-1-Land-Units-16x12.jpg 16w\" sizes=\"(max-width: 438px) 100vw, 438px\" \/><\/a><figcaption>ING\u00c9NIEUR - CONSTRUCTEUR TECH 3 CYBRAN<\/figcaption><\/figure><\/div>\n\n\n\n<section class=\"wp-block-uagb-columns uagb-columns__wrap uagb-columns__background-undefined uagb-columns__stack-mobile uagb-columns__valign-undefined uagb-columns__gap-10 alignundefined uagb-block-9bbd651c\"><div class=\"uagb-columns__overlay\"><\/div><div class=\"uagb-columns__inner-wrap uagb-columns__columns-2\">\n<div class=\"wp-block-uagb-column uagb-column__wrap uagb-column__background-undefined uagb-block-8d9b8d65\"><div class=\"uagb-column__overlay\"><\/div><div class=\"uagb-column__inner-wrap\">\n<h3 class=\"wp-block-heading\">Statistiques de l&#039;ing\u00e9nieur T3<\/h3>\n\n\n\n<p><strong>Armure:<\/strong> 1350 chevaux<br><strong>Capacit\u00e9s: <\/strong>Suite d&#039;ing\u00e9nierie, amphibie<br><strong>Co\u00fbt:<\/strong> M561, E2970, T990<br>&nbsp;&nbsp;&nbsp;&nbsp; taux de construction: 15<br>&nbsp;&nbsp;&nbsp;&nbsp; stockage: M20, E100<br><strong>Intel<\/strong><br>&nbsp;&nbsp;&nbsp;&nbsp; vue: 26 (508m)<br><strong>La physique<\/strong><br>&nbsp;&nbsp;&nbsp;&nbsp; vitesse maximale: 1,6 (31,3 m \/ s)<br>&nbsp;&nbsp;&nbsp;&nbsp; taux de virage: 70<br><em>* v\u00e9t\u00e9ran niveau 2: +338 ch<br>* v\u00e9t\u00e9ran niveau 4: +338 ch<br>* v\u00e9t\u00e9ran niveau 5: r\u00e9parer 2 hp \/ s<\/em><\/p>\n<\/div><\/div>\n\n\n\n<div class=\"wp-block-uagb-column uagb-column__wrap uagb-column__background-undefined uagb-block-6bc831dd\"><div class=\"uagb-column__overlay\"><\/div><div class=\"uagb-column__inner-wrap\"><\/div><\/div>\n<\/div><\/section>\n<\/div><\/div>\n<\/div><\/section>\n\n\n\n<section class=\"wp-block-uagb-columns uagb-columns__wrap uagb-columns__background-undefined uagb-columns__stack-mobile uagb-columns__valign-undefined uagb-columns__gap-10 alignundefined uagb-block-d69e8d97\"><div class=\"uagb-columns__overlay\"><\/div><div class=\"uagb-columns__inner-wrap uagb-columns__columns-1\">\n<div class=\"wp-block-uagb-column uagb-column__wrap uagb-column__background-undefined uagb-block-aa58e628\"><div class=\"uagb-column__overlay\"><\/div><div class=\"uagb-column__inner-wrap\">\n<h2 class=\"wp-block-heading\"><strong>LOYALISTE <\/strong>- BOT D&#039;ASSAUT DE SI\u00c8GE<\/h2>\n\n\n\n<p><a href=\"https:\/\/www.standardof.net\/wp-content\/uploads\/2012\/12\/Loyalist-Siege-Assault-Bot.png\" class=\"rank-math-link\" target=\"_blank\" rel=\"noopener\"><\/a>Le Loyalist fait beaucoup de d\u00e9g\u00e2ts, divis\u00e9 en deux armes pour le rendre plus efficace contre plusieurs cibles, et sa sant\u00e9 surclasse toujours tout ce qui n&#039;est pas le bot d&#039;assaut T3 d&#039;un autre camp, mais sa port\u00e9e basse et son armure le rendent plus utile en remplacement de vos forces terrestres que comme une frappe tactique contre le commandant ennemi. Contrairement \u00e0 la plupart des unit\u00e9s Cybran, il est en fait moins cher que ses homologues, ce qui signifie que vous pouvez avoir un petit avantage si vous les avez gard\u00e9s avec vos escouades Viper. Il est \u00e9galement bien adapt\u00e9 pour prendre l&#039;avantage contre les forces ennemies T2 car il est plus difficile de frapper avec des lance-missiles mobiles.<\/p>\n\n\n\n<div class=\"wp-block-image\"><figure class=\"aligncenter size-large\"><a href=\"https:\/\/supcom.standardof.net\/fr\/supreme-commander\/cybran\/cybran-tech-3-unites-terrestres\/loyalist-siege-assault-bot-supreme-commander-cybran-tech-1-land-units\/\"><img decoding=\"async\" width=\"514\" height=\"466\" src=\"https:\/\/supcom.standardof.net\/wp-content\/uploads\/sites\/8\/2020\/11\/Loyalist-Siege-Assault-Bot-Supreme-Commander-Cybran-Tech-1-Land-Units.jpg\" alt=\"Le robot d&#039;assaut de si\u00e8ge loyaliste, unit\u00e9 terrestre Cybran Tech 3 en commandant supr\u00eame.\" class=\"wp-image-583\" srcset=\"https:\/\/supcom.standardof.net\/wp-content\/uploads\/sites\/8\/2020\/11\/Loyalist-Siege-Assault-Bot-Supreme-Commander-Cybran-Tech-1-Land-Units.jpg 514w, https:\/\/supcom.standardof.net\/wp-content\/uploads\/sites\/8\/2020\/11\/Loyalist-Siege-Assault-Bot-Supreme-Commander-Cybran-Tech-1-Land-Units-512x464.jpg 512w, https:\/\/supcom.standardof.net\/wp-content\/uploads\/sites\/8\/2020\/11\/Loyalist-Siege-Assault-Bot-Supreme-Commander-Cybran-Tech-1-Land-Units-200x181.jpg 200w, https:\/\/supcom.standardof.net\/wp-content\/uploads\/sites\/8\/2020\/11\/Loyalist-Siege-Assault-Bot-Supreme-Commander-Cybran-Tech-1-Land-Units-13x12.jpg 13w\" sizes=\"(max-width: 514px) 100vw, 514px\" \/><\/a><figcaption>LOYALISTE - SIEGE ASSAULT BOT<\/figcaption><\/figure><\/div>\n\n\n\n<section class=\"wp-block-uagb-columns uagb-columns__wrap uagb-columns__background-undefined uagb-columns__stack-mobile uagb-columns__valign-undefined uagb-columns__gap-10 alignundefined uagb-block-a456628a\"><div class=\"uagb-columns__overlay\"><\/div><div class=\"uagb-columns__inner-wrap uagb-columns__columns-2\">\n<div class=\"wp-block-uagb-column uagb-column__wrap uagb-column__background-undefined uagb-block-f7e6fcd3\"><div class=\"uagb-column__overlay\"><\/div><div class=\"uagb-column__inner-wrap\">\n<h3 class=\"wp-block-heading\">Statistiques loyalistes<\/h3>\n\n\n\n<p><strong>Armure:<\/strong> 4200 chevaux<br><strong>Co\u00fbt:<\/strong> M510, E3990, T1200<br><strong>Intel<\/strong><br>&nbsp;&nbsp;&nbsp;&nbsp; vue: 25 (488m)<br><strong>La physique<\/strong><br>&nbsp;&nbsp;&nbsp;&nbsp; vitesse max: 3 (58,6 m \/ s)<br>&nbsp;&nbsp;&nbsp;&nbsp; vitesse de virage: 146<br><strong>Classe de transport:<\/strong> 3<br><strong>V\u00e9t\u00e9ran: <\/strong>30, 60, 150, 300, 600 victimes<br><em>* v\u00e9t\u00e9ran niveau 2: +250 ch<br>* v\u00e9t\u00e9ran niveau 4: +250 ch<br>* v\u00e9t\u00e9ran niveau 5: r\u00e9parer 2 hp \/ s<\/em><\/p>\n<\/div><\/div>\n\n\n\n<div class=\"wp-block-uagb-column uagb-column__wrap uagb-column__background-undefined uagb-block-9e26872f\"><div class=\"uagb-column__overlay\"><\/div><div class=\"uagb-column__inner-wrap\">\n<h3 class=\"wp-block-heading\">Armes loyalistes<\/h3>\n\n\n\n<p><strong>Laser \u00e0 impulsion d\u00e9sint\u00e9grateur<\/strong> (Tir direct)<br>&nbsp;&nbsp;&nbsp;&nbsp; 82,50 dps,<br><strong>intervalle:<\/strong> 25 (488 m)<br><strong>arme \u00e0 projectile:<\/strong> 55 d\u00e9g\u00e2ts<br>&nbsp;&nbsp;&nbsp;&nbsp; x 3 projectiles = 165 d\u00e9g\u00e2ts par salve<br><strong>cadence de tir:<\/strong> 3 (toutes les 0,33 s)<br><em>* v\u00e9t\u00e9ran niveau 1: +14 d\u00e9g\u00e2ts<br>* v\u00e9t\u00e9ran niveau 3: +14 d\u00e9g\u00e2ts<\/em><\/p>\n\n\n\n<p><strong>Bolter d&#039;\u00e9lectrons lourds<\/strong> (Tir direct)<br>&nbsp;&nbsp;&nbsp;&nbsp; 33,33 dps<br>port\u00e9e: 25 (488m)<br>arme \u00e0 projectile: 10 d\u00e9g\u00e2ts<br>cadence de tir: 3,33 (toutes les 0,3 s)<br><em>* v\u00e9t\u00e9ran niveau 1: +3 d\u00e9g\u00e2ts<br>* v\u00e9t\u00e9ran niveau 3: +3 d\u00e9g\u00e2ts<\/em><\/p>\n\n\n\n<p><strong>Explosion de la mort EMP<\/strong>&nbsp;<br>&nbsp;&nbsp;&nbsp;&nbsp; 0,50 dps<br>superficie: 10 (195m)<br>arme \u00e0 projectile: 1 d\u00e9g\u00e2t<br><em>* \u00c9tourdit les unit\u00e9s ennemies<\/em><\/p>\n<\/div><\/div>\n<\/div><\/section>\n<\/div><\/div>\n<\/div><\/section>\n\n\n\n<section class=\"wp-block-uagb-columns uagb-columns__wrap uagb-columns__background-undefined uagb-columns__stack-mobile uagb-columns__valign-undefined uagb-columns__gap-10 alignundefined uagb-block-f7e81700\"><div class=\"uagb-columns__overlay\"><\/div><div class=\"uagb-columns__inner-wrap uagb-columns__columns-1\">\n<div class=\"wp-block-uagb-column uagb-column__wrap uagb-column__background-undefined uagb-block-0984fdb7\"><div class=\"uagb-column__overlay\"><\/div><div class=\"uagb-column__inner-wrap\">\n<h2 class=\"wp-block-heading\"><strong>TREBUCHET <\/strong>- ARTILLERIE LOURDE MOBILE<\/h2>\n\n\n\n<p><a href=\"https:\/\/www.standardof.net\/wp-content\/uploads\/2012\/12\/Trebuchet-Mobile-Heavy-Artillery.png\" class=\"rank-math-link\" target=\"_blank\" rel=\"noopener\"><\/a>L&#039;artillerie lourde cybrane est plut\u00f4t terne, car elle ne fait pas beaucoup de d\u00e9g\u00e2ts \u00e0 chaque tir. Sa zone d&#039;effet super large serait formidable s&#039;il pouvait se d\u00e9placer tout en tirant comme l&#039;artillerie Aeon, mais au lieu de cela, il se disperse simplement sur les boucliers ennemis. La cadence de tir lente combin\u00e9e au g\u00e9n\u00e9rateur de furtivit\u00e9 Cybran peut vous permettre d&#039;obtenir le premier coup, mais \u00e0 moins que ce ne soit le seul gros point dont vous avez besoin pour d\u00e9passer votre adversaire, cela ne vaut pas la microgestion.<\/p>\n\n\n\n<div class=\"wp-block-image\"><figure class=\"aligncenter size-large\"><a href=\"https:\/\/supcom.standardof.net\/fr\/supreme-commander\/cybran\/cybran-tech-3-unites-terrestres\/trebuchet-mobile-heavy-artillery-supreme-commander-cybran-tech-1-land-units\/\"><img decoding=\"async\" width=\"492\" height=\"402\" src=\"https:\/\/supcom.standardof.net\/wp-content\/uploads\/sites\/8\/2020\/11\/Trebuchet-Mobile-Heavy-Artillery-Supreme-Commander-Cybran-Tech-1-Land-Units.jpg\" alt=\"L&#039;artillerie lourde mobile du tr\u00e9buchet, l&#039;unit\u00e9 terrestre Cybran Tech 3 en commandant supr\u00eame.\" class=\"wp-image-581\" srcset=\"https:\/\/supcom.standardof.net\/wp-content\/uploads\/sites\/8\/2020\/11\/Trebuchet-Mobile-Heavy-Artillery-Supreme-Commander-Cybran-Tech-1-Land-Units.jpg 492w, https:\/\/supcom.standardof.net\/wp-content\/uploads\/sites\/8\/2020\/11\/Trebuchet-Mobile-Heavy-Artillery-Supreme-Commander-Cybran-Tech-1-Land-Units-200x163.jpg 200w, https:\/\/supcom.standardof.net\/wp-content\/uploads\/sites\/8\/2020\/11\/Trebuchet-Mobile-Heavy-Artillery-Supreme-Commander-Cybran-Tech-1-Land-Units-16x12.jpg 16w\" sizes=\"(max-width: 492px) 100vw, 492px\" \/><\/a><figcaption>TREBUCHET - ARTILLERIE LOURDE MOBILE<\/figcaption><\/figure><\/div>\n\n\n\n<section class=\"wp-block-uagb-columns uagb-columns__wrap uagb-columns__background-undefined uagb-columns__stack-mobile uagb-columns__valign-undefined uagb-columns__gap-10 alignundefined uagb-block-840c391f\"><div class=\"uagb-columns__overlay\"><\/div><div class=\"uagb-columns__inner-wrap uagb-columns__columns-2\">\n<div class=\"wp-block-uagb-column uagb-column__wrap uagb-column__background-undefined uagb-block-f629327d\"><div class=\"uagb-column__overlay\"><\/div><div class=\"uagb-column__inner-wrap\">\n<h3 class=\"wp-block-heading\">Statistiques du tr\u00e9buchet<\/h3>\n\n\n\n<p><strong>Armure:<\/strong> 850 chevaux<br><strong>Capacit\u00e9s:<\/strong> Se d\u00e9ploie (immobile pendant le tir)<br><strong>Co\u00fbt:<\/strong> M800, E8000, T2400<br><strong>Intel<\/strong><br>&nbsp;&nbsp;&nbsp;&nbsp; vue: 26 (508m)<br><strong>La physique<\/strong><br>&nbsp;&nbsp;&nbsp;&nbsp; vitesse maximale: 2,7 (52,7 m \/ s)<br>&nbsp;&nbsp;&nbsp;&nbsp; taux de virage: 20<br><strong>Classe de transport:<\/strong> 3<strong><br>V\u00e9t\u00e9ran:<\/strong> 30, 60, 150, 300, 600 victimes<br><em>* v\u00e9t\u00e9ran niveau 2: +213 pv<br>* v\u00e9t\u00e9ran niveau 4: +213 pv<br>* v\u00e9t\u00e9ran niveau 5: r\u00e9parer 2 hp \/ s<\/em><\/p>\n<\/div><\/div>\n\n\n\n<div class=\"wp-block-uagb-column uagb-column__wrap uagb-column__background-undefined uagb-block-75419839\"><div class=\"uagb-column__overlay\"><\/div><div class=\"uagb-column__inner-wrap\">\n<h3 class=\"wp-block-heading\">Armes de tr\u00e9buchet<\/h3>\n\n\n\n<p><strong>Artillerie \u00e0 protons<\/strong> (Artillerie)<br>&nbsp;&nbsp;&nbsp;&nbsp; 35,00 dps, surface: 7 (137m)<br>port\u00e9e: 25 (488m) - 70 (1.37km)<br>arme \u00e0 projectile: 700 d\u00e9g\u00e2ts<br>cadence de tir: 0,05 (toutes les 20 s)<br><em>* v\u00e9t\u00e9ran niveau 1: +175 d\u00e9g\u00e2ts<br>* v\u00e9t\u00e9ran niveau 3: +175 d\u00e9g\u00e2ts<\/em><\/p>\n<\/div><\/div>\n<\/div><\/section>\n<\/div><\/div>\n<\/div><\/section>","protected":false},"excerpt":{"rendered":"<p>T3 ENGINEER \u2013 TECH 3 CYBRAN CONSTRUCTOR The T3 Engineer shows up much more frequently than the other engineers; one should always be the first thing out of your factory. They can jumpstart your economy, assist factories at a useful rate, and get you into the endgame. It&#8217;s never bad to have too many engineers. [&hellip;]<\/p>","protected":false},"author":1,"featured_media":0,"parent":538,"menu_order":0,"comment_status":"open","ping_status":"closed","template":"","meta":{"_uag_custom_page_level_css":"","site-sidebar-layout":"default","site-content-layout":"default","ast-site-content-layout":"","site-content-style":"default","site-sidebar-style":"default","ast-global-header-display":"","ast-banner-title-visibility":"","ast-main-header-display":"","ast-hfb-above-header-display":"","ast-hfb-below-header-display":"","ast-hfb-mobile-header-display":"","site-post-title":"","ast-breadcrumbs-content":"","ast-featured-img":"","footer-sml-layout":"","theme-transparent-header-meta":"default","adv-header-id-meta":"","stick-header-meta":"","header-above-stick-meta":"","header-main-stick-meta":"","header-below-stick-meta":"","astra-migrate-meta-layouts":"default","ast-page-background-enabled":"default","ast-page-background-meta":{"desktop":{"background-color":"","background-image":"","background-repeat":"repeat","background-position":"center center","background-size":"auto","background-attachment":"scroll","background-type":"","background-media":"","overlay-type":"","overlay-color":"","overlay-gradient":""},"tablet":{"background-color":"","background-image":"","background-repeat":"repeat","background-position":"center center","background-size":"auto","background-attachment":"scroll","background-type":"","background-media":"","overlay-type":"","overlay-color":"","overlay-gradient":""},"mobile":{"background-color":"","background-image":"","background-repeat":"repeat","background-position":"center center","background-size":"auto","background-attachment":"scroll","background-type":"","background-media":"","overlay-type":"","overlay-color":"","overlay-gradient":""}},"ast-content-background-meta":{"desktop":{"background-color":"var(--ast-global-color-5)","background-image":"","background-repeat":"repeat","background-position":"center center","background-size":"auto","background-attachment":"scroll","background-type":"","background-media":"","overlay-type":"","overlay-color":"","overlay-gradient":""},"tablet":{"background-color":"var(--ast-global-color-5)","background-image":"","background-repeat":"repeat","background-position":"center center","background-size":"auto","background-attachment":"scroll","background-type":"","background-media":"","overlay-type":"","overlay-color":"","overlay-gradient":""},"mobile":{"background-color":"var(--ast-global-color-5)","background-image":"","background-repeat":"repeat","background-position":"center center","background-size":"auto","background-attachment":"scroll","background-type":"","background-media":"","overlay-type":"","overlay-color":"","overlay-gradient":""}},"footnotes":""},"uagb_featured_image_src":{"full":false,"thumbnail":false,"medium":false,"medium_large":false,"large":false,"1536x1536":false,"2048x2048":false,"trp-custom-language-flag":false},"uagb_author_info":{"display_name":"SOE","author_link":"https:\/\/supcom.standardof.net\/fr\/author\/k-tastic\/"},"uagb_comment_info":0,"uagb_excerpt":"T3 ENGINEER \u2013 TECH 3 CYBRAN CONSTRUCTOR The T3 Engineer shows up much more frequently than the other engineers; one should always be the first thing out of your factory. They can jumpstart your economy, assist factories at a useful rate, and get you into the endgame. It&#8217;s never bad to have too many engineers.&hellip;","_links":{"self":[{"href":"https:\/\/supcom.standardof.net\/fr\/wp-json\/wp\/v2\/pages\/579"}],"collection":[{"href":"https:\/\/supcom.standardof.net\/fr\/wp-json\/wp\/v2\/pages"}],"about":[{"href":"https:\/\/supcom.standardof.net\/fr\/wp-json\/wp\/v2\/types\/page"}],"author":[{"embeddable":true,"href":"https:\/\/supcom.standardof.net\/fr\/wp-json\/wp\/v2\/users\/1"}],"replies":[{"embeddable":true,"href":"https:\/\/supcom.standardof.net\/fr\/wp-json\/wp\/v2\/comments?post=579"}],"version-history":[{"count":0,"href":"https:\/\/supcom.standardof.net\/fr\/wp-json\/wp\/v2\/pages\/579\/revisions"}],"up":[{"embeddable":true,"href":"https:\/\/supcom.standardof.net\/fr\/wp-json\/wp\/v2\/pages\/538"}],"wp:attachment":[{"href":"https:\/\/supcom.standardof.net\/fr\/wp-json\/wp\/v2\/media?parent=579"}],"curies":[{"name":"wp","href":"https:\/\/api.w.org\/{rel}","templated":true}]}}