{"id":587,"date":"2020-11-02T13:59:18","date_gmt":"2020-11-02T18:59:18","guid":{"rendered":"https:\/\/supcom.standardof.net\/?page_id=587"},"modified":"2020-11-04T00:31:57","modified_gmt":"2020-11-04T05:31:57","slug":"cybran-tech-1-air-units","status":"publish","type":"page","link":"https:\/\/supcom.standardof.net\/fr\/supreme-commander\/cybran\/cybran-tech-1-unites-aeriennes\/","title":{"rendered":"Unit\u00e9s a\u00e9riennes Cybran Tech 1"},"content":{"rendered":"<div class=\"wp-block-uagb-table-of-contents uagb-toc__align-left uagb-toc__columns-1  uagb-block-6625e1c4\"\n\t\t\t\t\tdata-scroll= \"1\"\n\t\t\t\t\tdata-offset= \"30\"\n\t\t\t\t\tstyle=\"\"\n\t\t\t\t>\n\t\t\t\t<div class=\"uagb-toc__wrap\">\n\t\t\t\t\t\t<div class=\"uagb-toc__title\">\n\t\t\t\t\t\t\tUnit\u00e9s a\u00e9riennes Cybran Tech 1:\t\t\t\t\t\t<\/div>\n\t\t\t\t\t\t\t\t\t\t\t\t\t\t\t\t<div class=\"uagb-toc__list-wrap\">\n\t\t\t\t\t\t<ol class=\"uagb-toc__list\"><li class=\"uagb-toc__list\"><a href=\"#flying-eyes-air-scout\" class=\"uagb-toc-link__trigger\">VOLER LES YEUX - AIR SCOUT<\/a><li class=\"uagb-toc__list\"><a href=\"#prowler-interceptor\" class=\"uagb-toc-link__trigger\">PROWLER - INTERCEPTEUR<\/a><li class=\"uagb-toc__list\"><a href=\"#zeus-attack-bomber\" class=\"uagb-toc-link__trigger\">ZEUS - BOMBER D&#039;ATTAQUE<\/a><li class=\"uagb-toc__list\"><a href=\"#skyhook-light-air-transport\" class=\"uagb-toc-link__trigger\">SKYHOOK - TRANSPORT A\u00c9RIEN L\u00c9GER<\/a><\/ol>\t\t\t\t\t<\/div>\n\t\t\t\t\t\t\t\t\t<\/div>\n\t\t\t\t<\/div>\n\t\t\t\n\n\n<section class=\"wp-block-uagb-columns uagb-columns__wrap uagb-columns__background-undefined uagb-columns__stack-mobile uagb-columns__valign-undefined uagb-columns__gap-10 alignundefined uagb-block-3d05a265\"><div class=\"uagb-columns__overlay\"><\/div><div class=\"uagb-columns__inner-wrap uagb-columns__columns-1\">\n<div class=\"wp-block-uagb-column uagb-column__wrap uagb-column__background-undefined uagb-block-54871dc0\"><div class=\"uagb-column__overlay\"><\/div><div class=\"uagb-column__inner-wrap\">\n<h2 class=\"wp-block-heading\"><strong>YEUX VOLANTS<\/strong> - AIR SCOUT<\/h2>\n\n\n\n<p><a href=\"https:\/\/www.standardof.net\/wp-content\/uploads\/2012\/12\/Flying-Eyes-Air-Scout.png\" class=\"rank-math-link\" target=\"_blank\" rel=\"noopener\"><\/a>L&#039;Air Scout est extr\u00eamement bon march\u00e9, et c&#039;est cette vertu qui le rend utile. Alors qu&#039;un intercepteur va souvent plus loin dans une base ennemie, un seul \u00e9claireur a\u00e9rien dans votre file d&#039;attente de construction vous permettra de stocker un ensemble d&#039;\u00e9claireurs qui peuvent sillonner la carte \u00e0 la recherche d&#039;un moyen l\u00e9g\u00e8rement d\u00e9fendu, et pour moins d&#039;une masse par seconde. Le scout cybran a une port\u00e9e de vue \u00e9tonnamment large, en fait, de sorte qu&#039;il puisse rivaliser avec son scout terrestre.<\/p>\n\n\n\n<div class=\"wp-block-image\"><figure class=\"aligncenter size-large\"><a href=\"https:\/\/supcom.standardof.net\/fr\/supreme-commander\/cybran\/cybran-tech-1-unites-aeriennes\/flying-eyes-air-scout-supreme-commander-cybran-tech-1-air-units\/\"><img decoding=\"async\" width=\"678\" height=\"540\" src=\"https:\/\/supcom.standardof.net\/wp-content\/uploads\/sites\/8\/2020\/11\/Flying-Eyes-Air-Scout-Supreme-Commander-Cybran-Tech-1-Air-Units.jpg\" alt=\"The Flying Eyes Air Scout, unit\u00e9 a\u00e9rienne Cybran Tech 1 dans Supreme Commander.\" class=\"wp-image-588\" srcset=\"https:\/\/supcom.standardof.net\/wp-content\/uploads\/sites\/8\/2020\/11\/Flying-Eyes-Air-Scout-Supreme-Commander-Cybran-Tech-1-Air-Units.jpg 678w, https:\/\/supcom.standardof.net\/wp-content\/uploads\/sites\/8\/2020\/11\/Flying-Eyes-Air-Scout-Supreme-Commander-Cybran-Tech-1-Air-Units-512x408.jpg 512w, https:\/\/supcom.standardof.net\/wp-content\/uploads\/sites\/8\/2020\/11\/Flying-Eyes-Air-Scout-Supreme-Commander-Cybran-Tech-1-Air-Units-200x159.jpg 200w, https:\/\/supcom.standardof.net\/wp-content\/uploads\/sites\/8\/2020\/11\/Flying-Eyes-Air-Scout-Supreme-Commander-Cybran-Tech-1-Air-Units-16x12.jpg 16w\" sizes=\"(max-width: 678px) 100vw, 678px\" \/><\/a><figcaption>VOLER LES YEUX - AIR SCOUT<\/figcaption><\/figure><\/div>\n\n\n\n<section class=\"wp-block-uagb-columns uagb-columns__wrap uagb-columns__background-undefined uagb-columns__stack-mobile uagb-columns__valign-undefined uagb-columns__gap-10 alignundefined uagb-block-182854c9\"><div class=\"uagb-columns__overlay\"><\/div><div class=\"uagb-columns__inner-wrap uagb-columns__columns-2\">\n<div class=\"wp-block-uagb-column uagb-column__wrap uagb-column__background-undefined uagb-block-67290363\"><div class=\"uagb-column__overlay\"><\/div><div class=\"uagb-column__inner-wrap\">\n<h3 class=\"wp-block-heading\">Statistiques Flying Eyes<\/h3>\n\n\n\n<p><strong>Armure:<\/strong> 3hp (l\u00e9ger)<br><strong>Co\u00fbt:<\/strong> M12, E600, T140<br><strong>Intel<\/strong><br>     vue: 80 (1.56km)<br><strong>La physique<\/strong><br>     vitesse max: 10 (195m \/ s)<br>     taux de virage: 100<br>     d\u00e9nivel\u00e9: 20 (391m)<br><strong>Classe de transport:<\/strong> 1<br><em>* v\u00e9t\u00e9ran niveau 2: +1 hp<br>* v\u00e9t\u00e9ran niveau 4: +1 hp<br>* v\u00e9t\u00e9ran niveau 5: r\u00e9parer 1 hp \/ s<\/em><\/p>\n<\/div><\/div>\n\n\n\n<div class=\"wp-block-uagb-column uagb-column__wrap uagb-column__background-undefined uagb-block-74a26d45\"><div class=\"uagb-column__overlay\"><\/div><div class=\"uagb-column__inner-wrap\">\n<h3 class=\"wp-block-heading\">Armes aux yeux volants<\/h3>\n\n\n\n<p><strong>Crash a\u00e9rien<\/strong> (D\u00e9c\u00e8s)<br>10 d\u00e9g\u00e2ts<br><strong>surface:<\/strong> 1 (19,5 m)<\/p>\n<\/div><\/div>\n<\/div><\/section>\n<\/div><\/div>\n<\/div><\/section>\n\n\n\n<section class=\"wp-block-uagb-columns uagb-columns__wrap uagb-columns__background-undefined uagb-columns__stack-mobile uagb-columns__valign-undefined uagb-columns__gap-10 alignundefined uagb-block-25b241ac\"><div class=\"uagb-columns__overlay\"><\/div><div class=\"uagb-columns__inner-wrap uagb-columns__columns-1\">\n<div class=\"wp-block-uagb-column uagb-column__wrap uagb-column__background-undefined uagb-block-7c805ca7\"><div class=\"uagb-column__overlay\"><\/div><div class=\"uagb-column__inner-wrap\">\n<h2 class=\"wp-block-heading\"><strong>R\u00d4DEUR <\/strong>- INTERCEPTEUR<\/h2>\n\n\n\n<p><a href=\"https:\/\/www.standardof.net\/wp-content\/uploads\/2012\/12\/Prowler-Interceptor.png\" class=\"rank-math-link\" target=\"_blank\" rel=\"noopener\"><\/a>Les intercepteurs sont le pain et le beurre de votre d\u00e9fense a\u00e9rienne. Ils sont rapides, efficaces et bon march\u00e9, ce qui signifie que vous pouvez configurer les ing\u00e9nieurs pour qu&#039;ils construisent davantage sans avoir \u00e0 interrompre vos autres projets. Je recommande d&#039;avoir un ensemble Air Factory pour construire des intercepteurs infinis pour tout le jeu. Pour compenser sa faible sant\u00e9, l&#039;intercepteur Cybran dispose de deux armes \u00e0 feu, ce qui le rend plus susceptible de toucher.<\/p>\n\n\n\n<div class=\"wp-block-image\"><figure class=\"aligncenter size-large\"><a href=\"https:\/\/supcom.standardof.net\/fr\/supreme-commander\/cybran\/cybran-tech-1-unites-aeriennes\/prowler-interceptor-supreme-commander-cybran-tech-1-air-units\/\"><img decoding=\"async\" width=\"552\" height=\"412\" src=\"https:\/\/supcom.standardof.net\/wp-content\/uploads\/sites\/8\/2020\/11\/Prowler-Interceptor-Supreme-Commander-Cybran-Tech-1-Air-Units.jpg\" alt=\"The Prowler Interceptor, Cybran Tech 1 Air Unit in Supreme Commander.\" class=\"wp-image-589\" srcset=\"https:\/\/supcom.standardof.net\/wp-content\/uploads\/sites\/8\/2020\/11\/Prowler-Interceptor-Supreme-Commander-Cybran-Tech-1-Air-Units.jpg 552w, https:\/\/supcom.standardof.net\/wp-content\/uploads\/sites\/8\/2020\/11\/Prowler-Interceptor-Supreme-Commander-Cybran-Tech-1-Air-Units-512x382.jpg 512w, https:\/\/supcom.standardof.net\/wp-content\/uploads\/sites\/8\/2020\/11\/Prowler-Interceptor-Supreme-Commander-Cybran-Tech-1-Air-Units-200x149.jpg 200w, https:\/\/supcom.standardof.net\/wp-content\/uploads\/sites\/8\/2020\/11\/Prowler-Interceptor-Supreme-Commander-Cybran-Tech-1-Air-Units-16x12.jpg 16w\" sizes=\"(max-width: 552px) 100vw, 552px\" \/><\/a><figcaption>PROWLER - INTERCEPTEUR<\/figcaption><\/figure><\/div>\n\n\n\n<section class=\"wp-block-uagb-columns uagb-columns__wrap uagb-columns__background-undefined uagb-columns__stack-mobile uagb-columns__valign-undefined uagb-columns__gap-10 alignundefined uagb-block-876786c0\"><div class=\"uagb-columns__overlay\"><\/div><div class=\"uagb-columns__inner-wrap uagb-columns__columns-2\">\n<div class=\"wp-block-uagb-column uagb-column__wrap uagb-column__background-undefined uagb-block-1379da99\"><div class=\"uagb-column__overlay\"><\/div><div class=\"uagb-column__inner-wrap\">\n<h3 class=\"wp-block-heading\">Statistiques de Prowler<\/h3>\n\n\n\n<p><strong>Armure:<\/strong> 16hp (l\u00e9ger)<br><strong>Co\u00fbt:<\/strong> M38, E2280, T380<br><strong>Intel<\/strong><br>&nbsp;&nbsp;&nbsp;&nbsp; vue: 32 (625m)<br><strong>La physique<\/strong><br>     vitesse max: 17 (332m \/ s)<br>     taux de virage: 100<br>     d\u00e9nivel\u00e9: 18 (352m)<br>     distance d&#039;engagement: 50 (977m)<br><strong>Classe de transport:<\/strong> 1<br><strong>V\u00e9t\u00e9ran: <\/strong>5, 10, 25, 50, 100 victimes<br><em>* v\u00e9t\u00e9ran niveau 2: +4 pv<br>* v\u00e9t\u00e9ran niveau 4: +4 pv<br>* v\u00e9t\u00e9ran niveau 5: r\u00e9parer 1 hp \/ s<\/em><\/p>\n<\/div><\/div>\n\n\n\n<div class=\"wp-block-uagb-column uagb-column__wrap uagb-column__background-undefined uagb-block-0241ec6d\"><div class=\"uagb-column__overlay\"><\/div><div class=\"uagb-column__inner-wrap\">\n<h3 class=\"wp-block-heading\">Armes de r\u00f4deur<\/h3>\n\n\n\n<p>2x <strong>Canon automatique \u00e9lectronique<\/strong> (Anti-air)<br>10,20 dps<br><strong>intervalle:<\/strong> 20 (391 m)<br><strong>arme \u00e0 projectile:<\/strong> 4 d\u00e9g\u00e2ts<br>x 3 projectiles = 12 d\u00e9g\u00e2ts par salve<br><strong>cadence de tir:<\/strong> 0,85 (toutes les 1,18 s)<br><em>* v\u00e9t\u00e9ran niveau 1: +1 d\u00e9g\u00e2ts<br>* v\u00e9t\u00e9ran niveau 3: +1 d\u00e9g\u00e2ts<\/em><\/p>\n\n\n\n<p><strong>Crash a\u00e9rien<\/strong> (D\u00e9c\u00e8s)<br>25 d\u00e9g\u00e2ts<br><strong>surface:<\/strong> 1 (19,5 m)<\/p>\n<\/div><\/div>\n<\/div><\/section>\n<\/div><\/div>\n<\/div><\/section>\n\n\n\n<section class=\"wp-block-uagb-columns uagb-columns__wrap uagb-columns__background-undefined uagb-columns__stack-mobile uagb-columns__valign-undefined uagb-columns__gap-10 alignundefined uagb-block-6f842e41\"><div class=\"uagb-columns__overlay\"><\/div><div class=\"uagb-columns__inner-wrap uagb-columns__columns-1\">\n<div class=\"wp-block-uagb-column uagb-column__wrap uagb-column__background-undefined uagb-block-834f2791\"><div class=\"uagb-column__overlay\"><\/div><div class=\"uagb-column__inner-wrap\">\n<h2 class=\"wp-block-heading\"><strong>ZEUS <\/strong>- BOMBER D&#039;ATTAQUE<\/h2>\n\n\n\n<p><a href=\"https:\/\/www.standardof.net\/wp-content\/uploads\/2012\/12\/Zeus-Attack-Bomber.png\" class=\"rank-math-link\" target=\"_blank\" rel=\"noopener\"><\/a>Le bombardier d&#039;attaque Cybran convient parfaitement pour ce qu&#039;il fait: cr\u00e9er une menace pr\u00e9coce qui oblige l&#039;adversaire \u00e0 envoyer ses intercepteurs. Si vous n&#039;avez pas la marge de man\u0153uvre pour am\u00e9liorer votre usine a\u00e9rienne \u00e0 des niveaux \u00e9lev\u00e9s, vous pouvez produire de gros packs de bombardiers qui transforment une attaque rat\u00e9e contre le commandant en succ\u00e8s. Les bombardiers cybrans ont une sant\u00e9 faible mais ils peuvent frapper \u00e0 merveille les unit\u00e9s en mouvement.<\/p>\n\n\n\n<div class=\"wp-block-image\"><figure class=\"aligncenter size-large\"><a href=\"https:\/\/supcom.standardof.net\/fr\/supreme-commander\/cybran\/cybran-tech-1-unites-aeriennes\/zeus-attack-bomber-supreme-commander-cybran-tech-1-air-units\/\"><img decoding=\"async\" width=\"774\" height=\"534\" src=\"https:\/\/supcom.standardof.net\/wp-content\/uploads\/sites\/8\/2020\/11\/Zeus-Attack-Bomber-Supreme-Commander-Cybran-Tech-1-Air-Units.jpg\" alt=\"Le bombardier d&#039;attaque Zeus, unit\u00e9 a\u00e9rienne Cybran Tech 1 dans Supreme Commander.\" class=\"wp-image-591\" srcset=\"https:\/\/supcom.standardof.net\/wp-content\/uploads\/sites\/8\/2020\/11\/Zeus-Attack-Bomber-Supreme-Commander-Cybran-Tech-1-Air-Units.jpg 774w, https:\/\/supcom.standardof.net\/wp-content\/uploads\/sites\/8\/2020\/11\/Zeus-Attack-Bomber-Supreme-Commander-Cybran-Tech-1-Air-Units-512x353.jpg 512w, https:\/\/supcom.standardof.net\/wp-content\/uploads\/sites\/8\/2020\/11\/Zeus-Attack-Bomber-Supreme-Commander-Cybran-Tech-1-Air-Units-200x138.jpg 200w, https:\/\/supcom.standardof.net\/wp-content\/uploads\/sites\/8\/2020\/11\/Zeus-Attack-Bomber-Supreme-Commander-Cybran-Tech-1-Air-Units-768x530.jpg 768w, https:\/\/supcom.standardof.net\/wp-content\/uploads\/sites\/8\/2020\/11\/Zeus-Attack-Bomber-Supreme-Commander-Cybran-Tech-1-Air-Units-16x12.jpg 16w\" sizes=\"(max-width: 774px) 100vw, 774px\" \/><\/a><figcaption>ZEUS - BOMBER D&#039;ATTAQUE<\/figcaption><\/figure><\/div>\n\n\n\n<section class=\"wp-block-uagb-columns uagb-columns__wrap uagb-columns__background-undefined uagb-columns__stack-mobile uagb-columns__valign-undefined uagb-columns__gap-10 alignundefined uagb-block-0f9c9449\"><div class=\"uagb-columns__overlay\"><\/div><div class=\"uagb-columns__inner-wrap uagb-columns__columns-2\">\n<div class=\"wp-block-uagb-column uagb-column__wrap uagb-column__background-undefined uagb-block-a4fe0fad\"><div class=\"uagb-column__overlay\"><\/div><div class=\"uagb-column__inner-wrap\">\n<h3 class=\"wp-block-heading\">Statistiques de Zeus<\/h3>\n\n\n\n<p><strong>Armure:<\/strong> 19hp (l\u00e9ger)<br><strong>Co\u00fbt:<\/strong> M171, E3420, T570<br><strong>Intel<\/strong><br>&nbsp;&nbsp;&nbsp;&nbsp; vue: 32 (625m)<br><strong>La physique<\/strong><br>     vitesse max: 12 (234m \/ s)<br>     d\u00e9nivel\u00e9: 18 (352m)<br>     distance d&#039;engagement: 50 (977m)<br><strong>Classe de transport:<\/strong> 2<strong><br>V\u00e9t\u00e9ran:<\/strong> 5, 10, 25, 50, 100 victimes<br><em>* v\u00e9t\u00e9ran niveau 2: +4 pv<br>* v\u00e9t\u00e9ran niveau 4: +4 pv<br>* v\u00e9t\u00e9ran niveau 5: r\u00e9parer 1 hp \/ s<\/em><\/p>\n<\/div><\/div>\n\n\n\n<div class=\"wp-block-uagb-column uagb-column__wrap uagb-column__background-undefined uagb-block-402126f6\"><div class=\"uagb-column__overlay\"><\/div><div class=\"uagb-column__inner-wrap\">\n<h3 class=\"wp-block-heading\">Armes de Zeus<\/h3>\n\n\n\n<p><strong>Bombe \u00e0 fragmentation neutronique<\/strong> (Bombe)<br>150,00 dps<br><strong>surface:<\/strong> 3 (58,6 m)<br><strong>intervalle:<\/strong> 5 (97,7 m)<br><strong>arme \u00e0 projectile:<\/strong> 50 d\u00e9g\u00e2ts<br>x 6 projectiles = 300 d\u00e9g\u00e2ts par salve<br><strong>cadence de tir:<\/strong> 0,5 (toutes les 2 s)<br><em>* v\u00e9t\u00e9ran niveau 1: +13 d\u00e9g\u00e2ts<br>* v\u00e9t\u00e9ran niveau 3: +13 d\u00e9g\u00e2ts<\/em><\/p>\n\n\n\n<p><strong>Crash a\u00e9rien<\/strong> (D\u00e9c\u00e8s)<br>100 d\u00e9g\u00e2ts<br><strong>surface:<\/strong> 1 (19,5 m)<\/p>\n<\/div><\/div>\n<\/div><\/section>\n<\/div><\/div>\n<\/div><\/section>\n\n\n\n<section class=\"wp-block-uagb-columns uagb-columns__wrap uagb-columns__background-undefined uagb-columns__stack-mobile uagb-columns__valign-undefined uagb-columns__gap-10 alignundefined uagb-block-86c4e267\"><div class=\"uagb-columns__overlay\"><\/div><div class=\"uagb-columns__inner-wrap uagb-columns__columns-1\">\n<div class=\"wp-block-uagb-column uagb-column__wrap uagb-column__background-undefined uagb-block-73586c6f\"><div class=\"uagb-column__overlay\"><\/div><div class=\"uagb-column__inner-wrap\">\n<h2 class=\"wp-block-heading\"><strong>BELV\u00c9D\u00c8RE <\/strong>- TRANSPORT A\u00c9RIEN L\u00c9GER<\/h2>\n\n\n\n<p><a href=\"https:\/\/www.standardof.net\/wp-content\/uploads\/2012\/12\/Skyhook-Light-Air-Transport.png\" class=\"rank-math-link\" target=\"_blank\" rel=\"noopener\"><\/a>L&#039;avantage d&#039;avoir un transport a\u00e9rien pr\u00e9coce est double: vous pouvez transporter par avion vos robots d&#039;assaut et avoir un vaisseau de combat volant pour tuer les forces ennemies T1, ou vous pouvez faire des largages plus p\u00e9rilleux d&#039;unit\u00e9s ou d&#039;ing\u00e9nieurs derri\u00e8re les lignes ennemies. Ne comptez pas sur eux pour vivre au-del\u00e0 d&#039;une goutte, cependant; ils sont principalement l\u00e0 pour semer la peur dans le c\u0153ur de vos ennemis plut\u00f4t que pour livrer la victoire. Il transporte 6 unit\u00e9s T1, 3 unit\u00e9s T2 ou 1 unit\u00e9 T3.<\/p>\n\n\n\n<div class=\"wp-block-image\"><figure class=\"aligncenter size-large\"><a href=\"https:\/\/supcom.standardof.net\/fr\/supreme-commander\/cybran\/cybran-tech-1-unites-aeriennes\/skyhook-light-air-transport-supreme-commander-cybran-tech-1-air-units\/\"><img decoding=\"async\" width=\"500\" height=\"292\" src=\"https:\/\/supcom.standardof.net\/wp-content\/uploads\/sites\/8\/2020\/11\/Skyhook-Light-Air-Transport-Supreme-Commander-Cybran-Tech-1-Air-Units.jpg\" alt=\"Le Skyhook Light Air Transport, l&#039;unit\u00e9 a\u00e9rienne Cybran Tech 1 dans Supreme Commander.\" class=\"wp-image-590\" srcset=\"https:\/\/supcom.standardof.net\/wp-content\/uploads\/sites\/8\/2020\/11\/Skyhook-Light-Air-Transport-Supreme-Commander-Cybran-Tech-1-Air-Units.jpg 500w, https:\/\/supcom.standardof.net\/wp-content\/uploads\/sites\/8\/2020\/11\/Skyhook-Light-Air-Transport-Supreme-Commander-Cybran-Tech-1-Air-Units-200x117.jpg 200w, https:\/\/supcom.standardof.net\/wp-content\/uploads\/sites\/8\/2020\/11\/Skyhook-Light-Air-Transport-Supreme-Commander-Cybran-Tech-1-Air-Units-16x9.jpg 16w\" sizes=\"(max-width: 500px) 100vw, 500px\" \/><\/a><figcaption>SKYHOOK - TRANSPORT A\u00c9RIEN L\u00c9GER<\/figcaption><\/figure><\/div>\n\n\n\n<section class=\"wp-block-uagb-columns uagb-columns__wrap uagb-columns__background-undefined uagb-columns__stack-mobile uagb-columns__valign-undefined uagb-columns__gap-10 alignundefined uagb-block-cf709c17\"><div class=\"uagb-columns__overlay\"><\/div><div class=\"uagb-columns__inner-wrap uagb-columns__columns-2\">\n<div class=\"wp-block-uagb-column uagb-column__wrap uagb-column__background-undefined uagb-block-8235e37e\"><div class=\"uagb-column__overlay\"><\/div><div class=\"uagb-column__inner-wrap\">\n<h3 class=\"wp-block-heading\">Statistiques Skyhook<\/h3>\n\n\n\n<p><strong>Armure:<\/strong> 90hp (l\u00e9ger)<br><strong>Capacit\u00e9s:<\/strong> Transport (transporte des unit\u00e9s terrestres T1-T3)<br><strong>Co\u00fbt:<\/strong> M120, E4800, T600<br><strong>Intel<\/strong><br>&nbsp;&nbsp;&nbsp;&nbsp; vue: 32 (625m)<br><strong>La physique<\/strong><br>     vitesse max: 15 (293m \/ s)<br>     d\u00e9nivel\u00e9: 10 (195m)<br><strong>Espace de transport:<\/strong> 6<br>     taille d&#039;attache de classe 2: 2<br>     taille d&#039;attache de classe 3: 4<br><em>* v\u00e9t\u00e9ran niveau 2: +23 pv<br>* v\u00e9t\u00e9ran niveau 4: +23 pv<br>* v\u00e9t\u00e9ran niveau 5: r\u00e9parer 1 hp \/ s<\/em><\/p>\n<\/div><\/div>\n\n\n\n<div class=\"wp-block-uagb-column uagb-column__wrap uagb-column__background-undefined uagb-block-ea474949\"><div class=\"uagb-column__overlay\"><\/div><div class=\"uagb-column__inner-wrap\"><\/div><\/div>\n<\/div><\/section>\n<\/div><\/div>\n<\/div><\/section>","protected":false},"excerpt":{"rendered":"<p>FLYING EYES \u2013 AIR SCOUT The Air Scout is extremely inexpensive, and it&#8217;s this virtue that makes it useful. While an interceptor will often get farther into an enemy base, a single air scout in your build queue will let you stockpile a set of scouts that can crisscross the map looking for a lightly [&hellip;]<\/p>","protected":false},"author":1,"featured_media":0,"parent":538,"menu_order":0,"comment_status":"open","ping_status":"closed","template":"","meta":{"_uag_custom_page_level_css":"","site-sidebar-layout":"default","site-content-layout":"default","ast-site-content-layout":"","site-content-style":"default","site-sidebar-style":"default","ast-global-header-display":"","ast-banner-title-visibility":"","ast-main-header-display":"","ast-hfb-above-header-display":"","ast-hfb-below-header-display":"","ast-hfb-mobile-header-display":"","site-post-title":"","ast-breadcrumbs-content":"","ast-featured-img":"","footer-sml-layout":"","theme-transparent-header-meta":"default","adv-header-id-meta":"","stick-header-meta":"","header-above-stick-meta":"","header-main-stick-meta":"","header-below-stick-meta":"","astra-migrate-meta-layouts":"default","ast-page-background-enabled":"default","ast-page-background-meta":{"desktop":{"background-color":"","background-image":"","background-repeat":"repeat","background-position":"center center","background-size":"auto","background-attachment":"scroll","background-type":"","background-media":"","overlay-type":"","overlay-color":"","overlay-gradient":""},"tablet":{"background-color":"","background-image":"","background-repeat":"repeat","background-position":"center center","background-size":"auto","background-attachment":"scroll","background-type":"","background-media":"","overlay-type":"","overlay-color":"","overlay-gradient":""},"mobile":{"background-color":"","background-image":"","background-repeat":"repeat","background-position":"center center","background-size":"auto","background-attachment":"scroll","background-type":"","background-media":"","overlay-type":"","overlay-color":"","overlay-gradient":""}},"ast-content-background-meta":{"desktop":{"background-color":"var(--ast-global-color-5)","background-image":"","background-repeat":"repeat","background-position":"center center","background-size":"auto","background-attachment":"scroll","background-type":"","background-media":"","overlay-type":"","overlay-color":"","overlay-gradient":""},"tablet":{"background-color":"var(--ast-global-color-5)","background-image":"","background-repeat":"repeat","background-position":"center center","background-size":"auto","background-attachment":"scroll","background-type":"","background-media":"","overlay-type":"","overlay-color":"","overlay-gradient":""},"mobile":{"background-color":"var(--ast-global-color-5)","background-image":"","background-repeat":"repeat","background-position":"center center","background-size":"auto","background-attachment":"scroll","background-type":"","background-media":"","overlay-type":"","overlay-color":"","overlay-gradient":""}},"footnotes":""},"uagb_featured_image_src":{"full":false,"thumbnail":false,"medium":false,"medium_large":false,"large":false,"1536x1536":false,"2048x2048":false,"trp-custom-language-flag":false},"uagb_author_info":{"display_name":"SOE","author_link":"https:\/\/supcom.standardof.net\/fr\/author\/k-tastic\/"},"uagb_comment_info":0,"uagb_excerpt":"FLYING EYES \u2013 AIR SCOUT The Air Scout is extremely inexpensive, and it&#8217;s this virtue that makes it useful. While an interceptor will often get farther into an enemy base, a single air scout in your build queue will let you stockpile a set of scouts that can crisscross the map looking for a lightly&hellip;","_links":{"self":[{"href":"https:\/\/supcom.standardof.net\/fr\/wp-json\/wp\/v2\/pages\/587"}],"collection":[{"href":"https:\/\/supcom.standardof.net\/fr\/wp-json\/wp\/v2\/pages"}],"about":[{"href":"https:\/\/supcom.standardof.net\/fr\/wp-json\/wp\/v2\/types\/page"}],"author":[{"embeddable":true,"href":"https:\/\/supcom.standardof.net\/fr\/wp-json\/wp\/v2\/users\/1"}],"replies":[{"embeddable":true,"href":"https:\/\/supcom.standardof.net\/fr\/wp-json\/wp\/v2\/comments?post=587"}],"version-history":[{"count":0,"href":"https:\/\/supcom.standardof.net\/fr\/wp-json\/wp\/v2\/pages\/587\/revisions"}],"up":[{"embeddable":true,"href":"https:\/\/supcom.standardof.net\/fr\/wp-json\/wp\/v2\/pages\/538"}],"wp:attachment":[{"href":"https:\/\/supcom.standardof.net\/fr\/wp-json\/wp\/v2\/media?parent=587"}],"curies":[{"name":"wp","href":"https:\/\/api.w.org\/{rel}","templated":true}]}}