{"id":595,"date":"2020-11-02T14:01:37","date_gmt":"2020-11-02T19:01:37","guid":{"rendered":"https:\/\/supcom.standardof.net\/?page_id=595"},"modified":"2020-11-04T00:32:10","modified_gmt":"2020-11-04T05:32:10","slug":"cybran-tech-2-air-units","status":"publish","type":"page","link":"https:\/\/supcom.standardof.net\/fr\/supreme-commander\/cybran\/cybran-tech-2-unites-air\/","title":{"rendered":"Unit\u00e9s a\u00e9riennes Cybran Tech 2"},"content":{"rendered":"<div class=\"wp-block-uagb-table-of-contents uagb-toc__align-left uagb-toc__columns-1  uagb-block-d5429dc6\"\n\t\t\t\t\tdata-scroll= \"1\"\n\t\t\t\t\tdata-offset= \"30\"\n\t\t\t\t\tstyle=\"\"\n\t\t\t\t>\n\t\t\t\t<div class=\"uagb-toc__wrap\">\n\t\t\t\t\t\t<div class=\"uagb-toc__title\">\n\t\t\t\t\t\t\tUnit\u00e9s a\u00e9riennes Cybran Tech 2:\t\t\t\t\t\t<\/div>\n\t\t\t\t\t\t\t\t\t\t\t\t\t\t\t\t<div class=\"uagb-toc__list-wrap\">\n\t\t\t\t\t\t<ol class=\"uagb-toc__list\"><li class=\"uagb-toc__list\"><a href=\"#corsair-bomber\" class=\"uagb-toc-link__trigger\">CORSAIR - BOMBER<\/a><li class=\"uagb-toc__list\"><a href=\"#cormorant-torpedo-bomber\" class=\"uagb-toc-link__trigger\">CORMORANT - BOMBER TORPEDO<\/a><li class=\"uagb-toc__list\"><a href=\"#renegade-gunship\" class=\"uagb-toc-link__trigger\">RENEGADE - GUNSHIP<\/a><li class=\"uagb-toc__list\"><a href=\"#dragon-fly-air-transport\" class=\"uagb-toc-link__trigger\">DRAGON FLY - TRANSPORT A\u00c9RIEN<\/a><\/ol>\t\t\t\t\t<\/div>\n\t\t\t\t\t\t\t\t\t<\/div>\n\t\t\t\t<\/div>\n\t\t\t\n\n\n<section class=\"wp-block-uagb-columns uagb-columns__wrap uagb-columns__background-undefined uagb-columns__stack-mobile uagb-columns__valign-undefined uagb-columns__gap-10 alignundefined uagb-block-02318b53\"><div class=\"uagb-columns__overlay\"><\/div><div class=\"uagb-columns__inner-wrap uagb-columns__columns-1\">\n<div class=\"wp-block-uagb-column uagb-column__wrap uagb-column__background-undefined uagb-block-6f666e00\"><div class=\"uagb-column__overlay\"><\/div><div class=\"uagb-column__inner-wrap\">\n<h2 class=\"wp-block-heading\"><strong>CORSAIRE <\/strong>- BOMBER<\/h2>\n\n\n\n<p><a href=\"https:\/\/www.standardof.net\/wp-content\/uploads\/2012\/12\/Corsair-Bomber.png\" class=\"rank-math-link\" target=\"_blank\" rel=\"noopener\"><\/a>Le Corsair remplit une tr\u00e8s petite niche: utiliser votre sup\u00e9riorit\u00e9 a\u00e9rienne pour tuer des unit\u00e9s terrestres lorsque vous n&#039;avez pas encore besoin de bombardiers strat\u00e9giques T3. Ils sont plus puissants que les navires de combat, mais leur large arc apr\u00e8s avoir largu\u00e9 leurs missiles \u00e0 fragmentation signifie qu&#039;ils ne peuvent \u00eatre invoqu\u00e9s que pour faire une passe, contrairement aux navires de combat. Bien qu&#039;ils soient OK contre les structures (vous devrez peut-\u00eatre les construire pour \u00e9liminer un point critique, mais sinon, ne l&#039;essayez pas), ils sont parfaits pour remplir le ciel ami contre les unit\u00e9s terrestres. Celui-ci ne changera pas le visage de la guerre.<\/p>\n\n\n\n<div class=\"wp-block-image\"><figure class=\"aligncenter size-large\"><a href=\"https:\/\/supcom.standardof.net\/fr\/supreme-commander\/cybran\/cybran-tech-2-unites-air\/corsair-bomber-supreme-commander-cybran-tech-2-air-units\/\"><img decoding=\"async\" width=\"800\" height=\"586\" src=\"https:\/\/supcom.standardof.net\/wp-content\/uploads\/sites\/8\/2020\/11\/Corsair-Bomber-Supreme-Commander-Cybran-Tech-2-Air-Units-800x586.jpg\" alt=\"Le bombardier Corsair, unit\u00e9 a\u00e9rienne Cybran Tech 2 dans Supreme Commander.\" class=\"wp-image-599\" srcset=\"https:\/\/supcom.standardof.net\/wp-content\/uploads\/sites\/8\/2020\/11\/Corsair-Bomber-Supreme-Commander-Cybran-Tech-2-Air-Units-800x586.jpg 800w, https:\/\/supcom.standardof.net\/wp-content\/uploads\/sites\/8\/2020\/11\/Corsair-Bomber-Supreme-Commander-Cybran-Tech-2-Air-Units-512x375.jpg 512w, https:\/\/supcom.standardof.net\/wp-content\/uploads\/sites\/8\/2020\/11\/Corsair-Bomber-Supreme-Commander-Cybran-Tech-2-Air-Units-200x146.jpg 200w, https:\/\/supcom.standardof.net\/wp-content\/uploads\/sites\/8\/2020\/11\/Corsair-Bomber-Supreme-Commander-Cybran-Tech-2-Air-Units-768x562.jpg 768w, https:\/\/supcom.standardof.net\/wp-content\/uploads\/sites\/8\/2020\/11\/Corsair-Bomber-Supreme-Commander-Cybran-Tech-2-Air-Units-16x12.jpg 16w, https:\/\/supcom.standardof.net\/wp-content\/uploads\/sites\/8\/2020\/11\/Corsair-Bomber-Supreme-Commander-Cybran-Tech-2-Air-Units.jpg 866w\" sizes=\"(max-width: 800px) 100vw, 800px\" \/><\/a><figcaption>CORSAIR - BOMBER<\/figcaption><\/figure><\/div>\n\n\n\n<section class=\"wp-block-uagb-columns uagb-columns__wrap uagb-columns__background-undefined uagb-columns__stack-mobile uagb-columns__valign-undefined uagb-columns__gap-10 alignundefined uagb-block-2535499c\"><div class=\"uagb-columns__overlay\"><\/div><div class=\"uagb-columns__inner-wrap uagb-columns__columns-2\">\n<div class=\"wp-block-uagb-column uagb-column__wrap uagb-column__background-undefined uagb-block-2ff279f0\"><div class=\"uagb-column__overlay\"><\/div><div class=\"uagb-column__inner-wrap\">\n<h3 class=\"wp-block-heading\">Statistiques de Corsair<\/h3>\n\n\n\n<p><strong>Armure:<\/strong> 60hp (l\u00e9ger)<br><strong>Co\u00fbt:<\/strong> M432, E8640, T1440<br><strong>Intel<\/strong><br>&nbsp;&nbsp;&nbsp;&nbsp; vue: 32 (625m)<br><strong>La physique<\/strong><br>&nbsp;&nbsp;&nbsp;&nbsp; vitesse max: 14 (273m \/ s)<br>&nbsp;&nbsp;&nbsp;&nbsp; d\u00e9nivel\u00e9: 18 (352m)<br>&nbsp;&nbsp;&nbsp;&nbsp; distance d&#039;engagement: 50 (977m)<br>&nbsp;&nbsp;&nbsp;&nbsp; vitesse de rotation: 0,6<br><strong>Classe de transport:<\/strong> 2<br><strong>V\u00e9t\u00e9ran:<\/strong> 5, 10, 25, 50, 100 victimes<br><em>* v\u00e9t\u00e9ran niveau 2: +19 pv<br>* v\u00e9t\u00e9ran niveau 4: +19 pv<br>* v\u00e9t\u00e9ran niveau 5: r\u00e9parer 1 hp \/ s<\/em><\/p>\n<\/div><\/div>\n\n\n\n<div class=\"wp-block-uagb-column uagb-column__wrap uagb-column__background-undefined uagb-block-8babab91\"><div class=\"uagb-column__overlay\"><\/div><div class=\"uagb-column__inner-wrap\">\n<h3 class=\"wp-block-heading\">Armes de corsaire<\/h3>\n\n\n\n<p><strong>Lanceur de missiles Corsair<\/strong> (Tir direct, normal)&nbsp;&nbsp;<br>&nbsp;&nbsp;&nbsp;&nbsp; 80,00 dps<br><strong>surface:<\/strong> 2 (39,1 m)<br><strong>intervalle:<\/strong> 45 (879 m)<br><strong>arme \u00e0 projectile:<\/strong> 200 d\u00e9g\u00e2ts<br>&nbsp;&nbsp;&nbsp;&nbsp; x 4 projectiles = 800 d\u00e9g\u00e2ts<br><strong>cadence de tir:<\/strong> 0,1 (toutes les 10 s)<br><em>* v\u00e9t\u00e9ran niveau 1: +50 d\u00e9g\u00e2ts<br>* v\u00e9t\u00e9ran niveau 3: +50 d\u00e9g\u00e2ts<\/em><br><strong>Crash a\u00e9rien<\/strong> (D\u00e9c\u00e8s)<br>&nbsp;&nbsp;&nbsp;&nbsp; 200 d\u00e9g\u00e2ts<br><strong>surface:<\/strong> 1 (19,5 m)<\/p>\n<\/div><\/div>\n<\/div><\/section>\n<\/div><\/div>\n<\/div><\/section>\n\n\n\n<section class=\"wp-block-uagb-columns uagb-columns__wrap uagb-columns__background-undefined uagb-columns__stack-mobile uagb-columns__valign-undefined uagb-columns__gap-10 alignundefined uagb-block-04faaac1\"><div class=\"uagb-columns__overlay\"><\/div><div class=\"uagb-columns__inner-wrap uagb-columns__columns-1\">\n<div class=\"wp-block-uagb-column uagb-column__wrap uagb-column__background-undefined uagb-block-d88af5f2\"><div class=\"uagb-column__overlay\"><\/div><div class=\"uagb-column__inner-wrap\">\n<h2 class=\"wp-block-heading\"><strong>CORMORAN <\/strong>- BOMBER TORPEDO<\/h2>\n\n\n\n<p><a href=\"https:\/\/www.standardof.net\/wp-content\/uploads\/2012\/12\/Cormorant-Torpedo-Bomber.png\" class=\"rank-math-link\" target=\"_blank\" rel=\"noopener\"><\/a>Les bombardiers torpilleurs sont pratiquement inutiles. Ils co\u00fbtent beaucoup de masse pour une unit\u00e9 qui part en mission suicide de toute fa\u00e7on (puisque la plupart des navires ont des d\u00e9fenses a\u00e9riennes d\u00e9centes), leur torpille peut \u00eatre abattue par des navires ennemis, et leur trajectoire de vol semblable \u00e0 un bombardier les rend plus susceptibles de s&#039;\u00e9garer dans la base ennemie qu&#039;un vaisseau de combat. Si vous ne pouvez pas prendre pied dans l&#039;oc\u00e9an et que vous avez besoin de vider les sous-groupes de chasse, construisez-en une douzaine; sinon, tenez-vous-en aux navires de combat.<\/p>\n\n\n\n<div class=\"wp-block-image\"><figure class=\"aligncenter size-large\"><a href=\"https:\/\/supcom.standardof.net\/fr\/supreme-commander\/cybran\/cybran-tech-2-unites-air\/cormorant-torpedo-bomber-supreme-commander-cybran-tech-2-air-units\/\"><img decoding=\"async\" width=\"568\" height=\"430\" src=\"https:\/\/supcom.standardof.net\/wp-content\/uploads\/sites\/8\/2020\/11\/Cormorant-Torpedo-Bomber-Supreme-Commander-Cybran-Tech-2-Air-Units.jpg\" alt=\"Le bombardier torpille Cormorant, unit\u00e9 a\u00e9rienne Cybran Tech 2 dans Supreme Commander.\" class=\"wp-image-598\" srcset=\"https:\/\/supcom.standardof.net\/wp-content\/uploads\/sites\/8\/2020\/11\/Cormorant-Torpedo-Bomber-Supreme-Commander-Cybran-Tech-2-Air-Units.jpg 568w, https:\/\/supcom.standardof.net\/wp-content\/uploads\/sites\/8\/2020\/11\/Cormorant-Torpedo-Bomber-Supreme-Commander-Cybran-Tech-2-Air-Units-512x388.jpg 512w, https:\/\/supcom.standardof.net\/wp-content\/uploads\/sites\/8\/2020\/11\/Cormorant-Torpedo-Bomber-Supreme-Commander-Cybran-Tech-2-Air-Units-200x151.jpg 200w, https:\/\/supcom.standardof.net\/wp-content\/uploads\/sites\/8\/2020\/11\/Cormorant-Torpedo-Bomber-Supreme-Commander-Cybran-Tech-2-Air-Units-16x12.jpg 16w\" sizes=\"(max-width: 568px) 100vw, 568px\" \/><\/a><figcaption>CORMORANT - BOMBER TORPEDO<\/figcaption><\/figure><\/div>\n\n\n\n<section class=\"wp-block-uagb-columns uagb-columns__wrap uagb-columns__background-undefined uagb-columns__stack-mobile uagb-columns__valign-undefined uagb-columns__gap-10 alignundefined uagb-block-aa4f9c3d\"><div class=\"uagb-columns__overlay\"><\/div><div class=\"uagb-columns__inner-wrap uagb-columns__columns-2\">\n<div class=\"wp-block-uagb-column uagb-column__wrap uagb-column__background-undefined uagb-block-de1ad311\"><div class=\"uagb-column__overlay\"><\/div><div class=\"uagb-column__inner-wrap\">\n<h3 class=\"wp-block-heading\">Statistiques du cormoran<\/h3>\n\n\n\n<p><strong>Armure:<\/strong> 115 ch (l\u00e9ger)<br><strong>Capacit\u00e9s:<\/strong> Sonar<br><strong>Co\u00fbt:<\/strong> M550, E6600, T1000<br><strong>Intel<\/strong><br>&nbsp;&nbsp;&nbsp;&nbsp; vue: 32 (625m)<br>&nbsp;&nbsp;&nbsp;&nbsp; sonar: 40 (781 m)<br><strong>La physique<\/strong><br>&nbsp;&nbsp;&nbsp;&nbsp; vitesse max: 15 (293m \/ s)<br>&nbsp;&nbsp;&nbsp;&nbsp; d\u00e9nivel\u00e9: 18 (352m)<br>&nbsp;&nbsp;&nbsp;&nbsp; distance d&#039;engagement: 75 (1,46 km)<br><strong>Classe de transport:<\/strong> 2<br><strong>V\u00e9t\u00e9ran: <\/strong>15, 30, 75, 150, 300 victimes<br><em>* v\u00e9t\u00e9ran niveau 2: +29 pv<br>* v\u00e9t\u00e9ran niveau 4: +29 pv<br>* v\u00e9t\u00e9ran niveau 5: r\u00e9parer 1 hp \/ s<\/em><\/p>\n<\/div><\/div>\n\n\n\n<div class=\"wp-block-uagb-column uagb-column__wrap uagb-column__background-undefined uagb-block-6e572f90\"><div class=\"uagb-column__overlay\"><\/div><div class=\"uagb-column__inner-wrap\">\n<h3 class=\"wp-block-heading\">Armes de cormoran<\/h3>\n\n\n\n<p><strong>Torpille de nanite<\/strong> (Anti Marine)<br>&nbsp;&nbsp;&nbsp;&nbsp; 130,00 dps<br><strong>intervalle:<\/strong> 4 (78,1 m) - 19 (371 m)<br><strong>arme \u00e0 projectile:<\/strong> 325<br>&nbsp;&nbsp;&nbsp;&nbsp; (5 fois 65 d\u00e9g\u00e2ts en 1 seconde)<br>&nbsp;&nbsp;&nbsp;&nbsp; x 2 projectiles = 650 d\u00e9g\u00e2ts par salve<br><strong>cadence de tir:<\/strong> 0,2 (toutes les 5 s)<br><strong>tir au hasard:<\/strong> 3<br><em>* v\u00e9t\u00e9ran niveau 1: +16 d\u00e9g\u00e2ts<br>* v\u00e9t\u00e9ran niveau 3: +16 d\u00e9g\u00e2ts<\/em><br><strong>Crash a\u00e9rien<\/strong> (D\u00e9c\u00e8s)<br>&nbsp;&nbsp;&nbsp;&nbsp; 150 d\u00e9g\u00e2ts<br><strong>surface:<\/strong> 1 (19,5 m)<\/p>\n<\/div><\/div>\n<\/div><\/section>\n<\/div><\/div>\n<\/div><\/section>\n\n\n\n<section class=\"wp-block-uagb-columns uagb-columns__wrap uagb-columns__background-undefined uagb-columns__stack-mobile uagb-columns__valign-undefined uagb-columns__gap-10 alignundefined uagb-block-5ac7b721\"><div class=\"uagb-columns__overlay\"><\/div><div class=\"uagb-columns__inner-wrap uagb-columns__columns-1\">\n<div class=\"wp-block-uagb-column uagb-column__wrap uagb-column__background-undefined uagb-block-d49e552b\"><div class=\"uagb-column__overlay\"><\/div><div class=\"uagb-column__inner-wrap\">\n<h2 class=\"wp-block-heading\"><strong>REN\u00c9GAT <\/strong>- GUNSHIP<\/h2>\n\n\n\n<p><a href=\"https:\/\/www.standardof.net\/wp-content\/uploads\/2012\/12\/Renegade-Gunship.png\" class=\"rank-math-link\" target=\"_blank\" rel=\"noopener\"><\/a>Le vaisseau de combat Cybran tire trois roquettes dans une petite zone, ce qui aide lorsque vous essayez de frapper des unit\u00e9s mobiles, mais ne vous garantit pas toujours les 60 d\u00e9g\u00e2ts. Les navires de combat en g\u00e9n\u00e9ral constituent une menace s\u00e9rieuse, bien qu&#039;ils soient tr\u00e8s vuln\u00e9rables \u00e0 l&#039;anti-a\u00e9rien lorsqu&#039;ils attaquent. Ils sont la principale raison de construire des intercepteurs - afin que vos vaisseaux de combat puissent se d\u00e9placer, for\u00e7ant l&#039;adversaire \u00e0 se battre pour chaque patch de masse et \u00e0 d\u00e9fendre sa base.<\/p>\n\n\n\n<div class=\"wp-block-image\"><figure class=\"aligncenter size-large\"><a href=\"https:\/\/supcom.standardof.net\/fr\/supreme-commander\/cybran\/cybran-tech-2-unites-air\/renegade-gunship-supreme-commander-cybran-tech-2-air-units\/\"><img decoding=\"async\" width=\"534\" height=\"446\" src=\"https:\/\/supcom.standardof.net\/wp-content\/uploads\/sites\/8\/2020\/11\/Renegade-Gunship-Supreme-Commander-Cybran-Tech-2-Air-Units.jpg\" alt=\"Le Renegade Gunship, unit\u00e9 a\u00e9rienne Cybran Tech 2 dans Supreme Commander.\" class=\"wp-image-597\" srcset=\"https:\/\/supcom.standardof.net\/wp-content\/uploads\/sites\/8\/2020\/11\/Renegade-Gunship-Supreme-Commander-Cybran-Tech-2-Air-Units.jpg 534w, https:\/\/supcom.standardof.net\/wp-content\/uploads\/sites\/8\/2020\/11\/Renegade-Gunship-Supreme-Commander-Cybran-Tech-2-Air-Units-512x428.jpg 512w, https:\/\/supcom.standardof.net\/wp-content\/uploads\/sites\/8\/2020\/11\/Renegade-Gunship-Supreme-Commander-Cybran-Tech-2-Air-Units-200x167.jpg 200w, https:\/\/supcom.standardof.net\/wp-content\/uploads\/sites\/8\/2020\/11\/Renegade-Gunship-Supreme-Commander-Cybran-Tech-2-Air-Units-14x12.jpg 14w\" sizes=\"(max-width: 534px) 100vw, 534px\" \/><\/a><figcaption>RENEGADE - GUNSHIP<\/figcaption><\/figure><\/div>\n\n\n\n<section class=\"wp-block-uagb-columns uagb-columns__wrap uagb-columns__background-undefined uagb-columns__stack-mobile uagb-columns__valign-undefined uagb-columns__gap-10 alignundefined uagb-block-5a284977\"><div class=\"uagb-columns__overlay\"><\/div><div class=\"uagb-columns__inner-wrap uagb-columns__columns-2\">\n<div class=\"wp-block-uagb-column uagb-column__wrap uagb-column__background-undefined uagb-block-060e4e11\"><div class=\"uagb-column__overlay\"><\/div><div class=\"uagb-column__inner-wrap\">\n<h3 class=\"wp-block-heading\">Statistiques de ren\u00e9gat<\/h3>\n\n\n\n<p><strong>Armure:<\/strong> 120 ch (l\u00e9ger)<br><strong>Co\u00fbt:<\/strong> M390, E7800, T1300<br><strong>Intel<\/strong><br>&nbsp;&nbsp;&nbsp;&nbsp; vue: 32 (625m)<br><strong>La physique<\/strong><br>&nbsp;&nbsp;&nbsp;&nbsp; vitesse max: 12 (234m \/ s)<br>  &nbsp;&nbsp; d\u00e9nivel\u00e9: 10 (195m)<br><strong>Classe de transport:<\/strong> 2<strong><br>V\u00e9t\u00e9ran:<\/strong> 15, 30, 75, 150, 300 victimes<br><em>* v\u00e9t\u00e9ran niveau 2: +30 ch<br>* v\u00e9t\u00e9ran niveau 4: +30 ch<br>* v\u00e9t\u00e9ran niveau 5: r\u00e9parer 1 hp \/ s<\/em><\/p>\n<\/div><\/div>\n\n\n\n<div class=\"wp-block-uagb-column uagb-column__wrap uagb-column__background-undefined uagb-block-6642ec6b\"><div class=\"uagb-column__overlay\"><\/div><div class=\"uagb-column__inner-wrap\">\n<h3 class=\"wp-block-heading\">Armes de ren\u00e9gat<\/h3>\n\n\n\n<p><strong>Pack de fus\u00e9e Iridium<\/strong> (Tir direct)<br>&nbsp;&nbsp;&nbsp;&nbsp; 60,00 dps<br><strong>surface:<\/strong> 3 (58,6 m)<br><strong>intervalle:<\/strong> 22 (430 m)<br><strong>arme \u00e0 projectile:<\/strong> 20 d\u00e9g\u00e2ts<br>&nbsp;&nbsp;&nbsp;&nbsp; x 3 projectiles = 60 d\u00e9g\u00e2ts par salve<br><strong>cadence de tir:<\/strong> 1 (toutes les 1s)<br><em>* v\u00e9t\u00e9ran niveau 1: +5 d\u00e9g\u00e2ts<br>* v\u00e9t\u00e9ran niveau 3: +5 d\u00e9g\u00e2ts<\/em><\/p>\n\n\n\n<p><strong>Crash a\u00e9rien<\/strong> (D\u00e9c\u00e8s)<br>&nbsp;&nbsp;&nbsp;&nbsp; 100 d\u00e9g\u00e2ts<br><strong>surface:<\/strong> 1 (19,5 m)<\/p>\n<\/div><\/div>\n<\/div><\/section>\n<\/div><\/div>\n<\/div><\/section>\n\n\n\n<section class=\"wp-block-uagb-columns uagb-columns__wrap uagb-columns__background-undefined uagb-columns__stack-mobile uagb-columns__valign-undefined uagb-columns__gap-10 alignundefined uagb-block-53872225\"><div class=\"uagb-columns__overlay\"><\/div><div class=\"uagb-columns__inner-wrap uagb-columns__columns-1\">\n<div class=\"wp-block-uagb-column uagb-column__wrap uagb-column__background-undefined uagb-block-ceb11886\"><div class=\"uagb-column__overlay\"><\/div><div class=\"uagb-column__inner-wrap\">\n<h2 class=\"wp-block-heading\"><strong>DRAGON FLY<\/strong> - TRANSPORT A\u00c9RIEN<\/h2>\n\n\n\n<p><a href=\"https:\/\/www.standardof.net\/wp-content\/uploads\/2012\/12\/Dragon-Fly-Air-Transport.png\" class=\"rank-math-link\" target=\"_blank\" rel=\"noopener\"><\/a>S&#039;il est bon que le transport a\u00e9rien puisse se d\u00e9fendre, sa principale m\u00e9thode de d\u00e9fense est son blindage \u00ablourd\u00bb, qui lui permet de prendre quelques tirs depuis les d\u00e9fenses a\u00e9riennes tout en laissant tomber sa cargaison. Ils transportent deux fois plus d&#039;unit\u00e9s qu&#039;un transport T1: 12 gars T1, 6 gars T2, 3 gars T3 ou un ACU \/ SCU. Si votre commandant est transport\u00e9, il ne mourra pas avec le transport a\u00e9rien. Le coup paralysant Cybran ne fait pas vraiment de diff\u00e9rence, mais c&#039;est agr\u00e9able de r\u00eaver.<\/p>\n\n\n\n<div class=\"wp-block-image\"><figure class=\"aligncenter size-large\"><a href=\"https:\/\/supcom.standardof.net\/fr\/supreme-commander\/cybran\/cybran-tech-2-unites-air\/dragon-fly-air-transport-supreme-commander-cybran-tech-2-air-units\/\"><img decoding=\"async\" width=\"546\" height=\"444\" src=\"https:\/\/supcom.standardof.net\/wp-content\/uploads\/sites\/8\/2020\/11\/Dragon-Fly-Air-Transport-Supreme-Commander-Cybran-Tech-2-Air-Units.jpg\" alt=\"Le transport a\u00e9rien Dragon Fly, unit\u00e9 a\u00e9rienne Cybran Tech 2 dans Supreme Commander.\" class=\"wp-image-600\" srcset=\"https:\/\/supcom.standardof.net\/wp-content\/uploads\/sites\/8\/2020\/11\/Dragon-Fly-Air-Transport-Supreme-Commander-Cybran-Tech-2-Air-Units.jpg 546w, https:\/\/supcom.standardof.net\/wp-content\/uploads\/sites\/8\/2020\/11\/Dragon-Fly-Air-Transport-Supreme-Commander-Cybran-Tech-2-Air-Units-512x416.jpg 512w, https:\/\/supcom.standardof.net\/wp-content\/uploads\/sites\/8\/2020\/11\/Dragon-Fly-Air-Transport-Supreme-Commander-Cybran-Tech-2-Air-Units-200x163.jpg 200w, https:\/\/supcom.standardof.net\/wp-content\/uploads\/sites\/8\/2020\/11\/Dragon-Fly-Air-Transport-Supreme-Commander-Cybran-Tech-2-Air-Units-16x12.jpg 16w\" sizes=\"(max-width: 546px) 100vw, 546px\" \/><\/a><figcaption>DRAGON FLY - TRANSPORT A\u00c9RIEN<\/figcaption><\/figure><\/div>\n\n\n\n<section class=\"wp-block-uagb-columns uagb-columns__wrap uagb-columns__background-undefined uagb-columns__stack-mobile uagb-columns__valign-undefined uagb-columns__gap-10 alignundefined uagb-block-4aa1f21f\"><div class=\"uagb-columns__overlay\"><\/div><div class=\"uagb-columns__inner-wrap uagb-columns__columns-2\">\n<div class=\"wp-block-uagb-column uagb-column__wrap uagb-column__background-undefined uagb-block-b55b8e55\"><div class=\"uagb-column__overlay\"><\/div><div class=\"uagb-column__inner-wrap\">\n<h3 class=\"wp-block-heading\">Statistiques de Dragon Fly<\/h3>\n\n\n\n<p><strong>Armure:<\/strong> 212hp (l\u00e9ger)<br><strong>Capacit\u00e9s:<\/strong> Transport (transporte des unit\u00e9s terrestres T1-T3), Stun Shot (Ordonnance \u00e9tourdit les ennemis)<br><strong>Co\u00fbt:<\/strong> M320, E12800, T1600<br><strong>Intel<\/strong><br>&nbsp;&nbsp;&nbsp;&nbsp; vue: 32 (625m)<br><strong>La physique<\/strong><br>&nbsp;&nbsp;&nbsp;&nbsp; vitesse max: 18 (352m \/ s)<br>&nbsp;&nbsp;&nbsp;&nbsp; d\u00e9nivel\u00e9: 10 (195m)<br><strong>Espace de transport:<\/strong> 12<br>&nbsp;&nbsp;&nbsp;&nbsp; taille d&#039;attache de classe 2: 2<br>&nbsp;&nbsp;&nbsp;&nbsp; taille d&#039;attache de classe 3: 4<br><strong>V\u00e9t\u00e9ran:<\/strong> 15, 30, 75, 150, 300 victimes<br><em>* v\u00e9t\u00e9ran niveau 2: +23 pv<br>* v\u00e9t\u00e9ran niveau 4: +23 pv<br>* v\u00e9t\u00e9ran niveau 5: r\u00e9parer 1 hp \/ s<\/em><\/p>\n<\/div><\/div>\n\n\n\n<div class=\"wp-block-uagb-column uagb-column__wrap uagb-column__background-undefined uagb-block-7076791e\"><div class=\"uagb-column__overlay\"><\/div><div class=\"uagb-column__inner-wrap\">\n<h3 class=\"wp-block-heading\">Armes de mouche de dragon<\/h3>\n\n\n\n<p><strong>Laser \u00e0 impulsion d\u00e9sint\u00e9grateur <\/strong><br>    (Tir direct)<br>&nbsp;&nbsp;&nbsp;&nbsp; 0 dommage (\u00e9tourdit)<\/p>\n\n\n\n<p><strong>Canon automatique \u00e9lectronique<\/strong><br>     (Anti-air)<br>&nbsp;&nbsp;&nbsp;&nbsp; 15,00 dps<br>port\u00e9e: 20 (391m)<br>arme \u00e0 projectile: 5 d\u00e9g\u00e2ts<br>cadence de tir: 3 (toutes les 0,33 s)<\/p>\n<\/div><\/div>\n<\/div><\/section>\n<\/div><\/div>\n<\/div><\/section>","protected":false},"excerpt":{"rendered":"<p>CORSAIR \u2013 BOMBER The Corsair fills a very small niche: using your air superiority to kill ground units when you don&#8217;t yet need T3 strategic bombers. They&#8217;re more powerful than gunships, but their wide arc after dropping their cluster missiles means that they can only be relied on to make one pass, unlike gunships. While [&hellip;]<\/p>","protected":false},"author":1,"featured_media":0,"parent":538,"menu_order":0,"comment_status":"open","ping_status":"closed","template":"","meta":{"_uag_custom_page_level_css":"","site-sidebar-layout":"default","site-content-layout":"default","ast-site-content-layout":"","site-content-style":"default","site-sidebar-style":"default","ast-global-header-display":"","ast-banner-title-visibility":"","ast-main-header-display":"","ast-hfb-above-header-display":"","ast-hfb-below-header-display":"","ast-hfb-mobile-header-display":"","site-post-title":"","ast-breadcrumbs-content":"","ast-featured-img":"","footer-sml-layout":"","theme-transparent-header-meta":"default","adv-header-id-meta":"","stick-header-meta":"","header-above-stick-meta":"","header-main-stick-meta":"","header-below-stick-meta":"","astra-migrate-meta-layouts":"default","ast-page-background-enabled":"default","ast-page-background-meta":{"desktop":{"background-color":"","background-image":"","background-repeat":"repeat","background-position":"center center","background-size":"auto","background-attachment":"scroll","background-type":"","background-media":"","overlay-type":"","overlay-color":"","overlay-gradient":""},"tablet":{"background-color":"","background-image":"","background-repeat":"repeat","background-position":"center center","background-size":"auto","background-attachment":"scroll","background-type":"","background-media":"","overlay-type":"","overlay-color":"","overlay-gradient":""},"mobile":{"background-color":"","background-image":"","background-repeat":"repeat","background-position":"center center","background-size":"auto","background-attachment":"scroll","background-type":"","background-media":"","overlay-type":"","overlay-color":"","overlay-gradient":""}},"ast-content-background-meta":{"desktop":{"background-color":"var(--ast-global-color-5)","background-image":"","background-repeat":"repeat","background-position":"center center","background-size":"auto","background-attachment":"scroll","background-type":"","background-media":"","overlay-type":"","overlay-color":"","overlay-gradient":""},"tablet":{"background-color":"var(--ast-global-color-5)","background-image":"","background-repeat":"repeat","background-position":"center center","background-size":"auto","background-attachment":"scroll","background-type":"","background-media":"","overlay-type":"","overlay-color":"","overlay-gradient":""},"mobile":{"background-color":"var(--ast-global-color-5)","background-image":"","background-repeat":"repeat","background-position":"center center","background-size":"auto","background-attachment":"scroll","background-type":"","background-media":"","overlay-type":"","overlay-color":"","overlay-gradient":""}},"footnotes":""},"uagb_featured_image_src":{"full":false,"thumbnail":false,"medium":false,"medium_large":false,"large":false,"1536x1536":false,"2048x2048":false,"trp-custom-language-flag":false},"uagb_author_info":{"display_name":"SOE","author_link":"https:\/\/supcom.standardof.net\/fr\/author\/k-tastic\/"},"uagb_comment_info":0,"uagb_excerpt":"CORSAIR \u2013 BOMBER The Corsair fills a very small niche: using your air superiority to kill ground units when you don&#8217;t yet need T3 strategic bombers. They&#8217;re more powerful than gunships, but their wide arc after dropping their cluster missiles means that they can only be relied on to make one pass, unlike gunships. While&hellip;","_links":{"self":[{"href":"https:\/\/supcom.standardof.net\/fr\/wp-json\/wp\/v2\/pages\/595"}],"collection":[{"href":"https:\/\/supcom.standardof.net\/fr\/wp-json\/wp\/v2\/pages"}],"about":[{"href":"https:\/\/supcom.standardof.net\/fr\/wp-json\/wp\/v2\/types\/page"}],"author":[{"embeddable":true,"href":"https:\/\/supcom.standardof.net\/fr\/wp-json\/wp\/v2\/users\/1"}],"replies":[{"embeddable":true,"href":"https:\/\/supcom.standardof.net\/fr\/wp-json\/wp\/v2\/comments?post=595"}],"version-history":[{"count":0,"href":"https:\/\/supcom.standardof.net\/fr\/wp-json\/wp\/v2\/pages\/595\/revisions"}],"up":[{"embeddable":true,"href":"https:\/\/supcom.standardof.net\/fr\/wp-json\/wp\/v2\/pages\/538"}],"wp:attachment":[{"href":"https:\/\/supcom.standardof.net\/fr\/wp-json\/wp\/v2\/media?parent=595"}],"curies":[{"name":"wp","href":"https:\/\/api.w.org\/{rel}","templated":true}]}}