{"id":603,"date":"2020-11-02T14:10:13","date_gmt":"2020-11-02T19:10:13","guid":{"rendered":"https:\/\/supcom.standardof.net\/?page_id=603"},"modified":"2020-11-04T00:32:22","modified_gmt":"2020-11-04T05:32:22","slug":"cybran-tech-3-air-units","status":"publish","type":"page","link":"https:\/\/supcom.standardof.net\/fr\/supreme-commander\/cybran\/cybran-tech-3-unites-air\/","title":{"rendered":"Unit\u00e9s a\u00e9riennes Cybran Tech 3"},"content":{"rendered":"<div class=\"wp-block-uagb-table-of-contents uagb-toc__align-left uagb-toc__columns-1  uagb-block-9f92f94c\"\n\t\t\t\t\tdata-scroll= \"1\"\n\t\t\t\t\tdata-offset= \"30\"\n\t\t\t\t\tstyle=\"\"\n\t\t\t\t>\n\t\t\t\t<div class=\"uagb-toc__wrap\">\n\t\t\t\t\t\t<div class=\"uagb-toc__title\">\n\t\t\t\t\t\t\tUnit\u00e9s a\u00e9riennes Cybran Tech 3:\t\t\t\t\t\t<\/div>\n\t\t\t\t\t\t\t\t\t\t\t\t\t\t\t\t<div class=\"uagb-toc__list-wrap\">\n\t\t\t\t\t\t<ol class=\"uagb-toc__list\"><li class=\"uagb-toc__list\"><a href=\"#spook-spy-plane\" class=\"uagb-toc-link__trigger\">SPOOK - AVION ESPION<\/a><li class=\"uagb-toc__list\"><a href=\"#gemini-air-superiority-fighter\" class=\"uagb-toc-link__trigger\">GEMINI - COMBATTANT DE SUP\u00c9RIORIT\u00c9 A\u00c9RIEN<\/a><li class=\"uagb-toc__list\"><a href=\"#revenant-strategic-bomber\" class=\"uagb-toc-link__trigger\">REVENANT - BOMBER STRAT\u00c9GIQUE<\/a><\/ol>\t\t\t\t\t<\/div>\n\t\t\t\t\t\t\t\t\t<\/div>\n\t\t\t\t<\/div>\n\t\t\t\n\n\n<section class=\"wp-block-uagb-columns uagb-columns__wrap uagb-columns__background-undefined uagb-columns__stack-mobile uagb-columns__valign-undefined uagb-columns__gap-10 alignundefined uagb-block-6942c4ed\"><div class=\"uagb-columns__overlay\"><\/div><div class=\"uagb-columns__inner-wrap uagb-columns__columns-1\">\n<div class=\"wp-block-uagb-column uagb-column__wrap uagb-column__background-undefined uagb-block-a6604325\"><div class=\"uagb-column__overlay\"><\/div><div class=\"uagb-column__inner-wrap\">\n<h2 class=\"wp-block-heading\"><strong>EFFRAYER <\/strong>- AVION ESPION<\/h2>\n\n\n\n<p><a href=\"https:\/\/www.standardof.net\/wp-content\/uploads\/2012\/12\/Spook-Spy-Plane.png\" class=\"rank-math-link\" target=\"_blank\" rel=\"noopener\"><\/a>L&#039;avion espion n&#039;est pas bon march\u00e9, mais cela vaut chaque centime d&#039;en avoir un au cas o\u00f9. Les cybrans, toujours excellents en reconnaissance, b\u00e9n\u00e9ficient d&#039;une couverture sonar et de la capacit\u00e9 de furtivit\u00e9 qui emp\u00eache les packs d&#039;intercepteurs ennemis de chasser votre co\u00fbteux avion sans d\u00e9fense. Cela ne fait jamais de mal d&#039;en avoir un en patrouille \u00e0 travers les endroits o\u00f9 votre ennemi pourrait s&#039;approcher ou \u00e0 travers le bord de la base ennemie. Ils volent tr\u00e8s haut, il faut donc un certain temps aux sites SAM pour les atteindre et vous verrez plus profond\u00e9ment dans la base ennemie. Leur capacit\u00e9 omnidirectionnelle leur permet de rechercher des lanceurs de missiles tactiques secrets, si vous avez le luxe d&#039;un avion T3.<\/p>\n\n\n\n<div class=\"wp-block-image\"><figure class=\"aligncenter size-large\"><a href=\"https:\/\/supcom.standardof.net\/fr\/supreme-commander\/cybran\/cybran-tech-3-unites-air\/spook-spy-plane-supreme-commander-cybran-tech-3-air-units\/\"><img decoding=\"async\" width=\"800\" height=\"509\" src=\"https:\/\/supcom.standardof.net\/wp-content\/uploads\/sites\/8\/2020\/11\/Spook-Spy-Plane-Supreme-Commander-Cybran-Tech-3-Air-Units-800x509.jpg\" alt=\"L&#039;avion Spook Spy, l&#039;unit\u00e9 a\u00e9rienne Cybran Tech 3 dans Supreme Commander.\" class=\"wp-image-608\" srcset=\"https:\/\/supcom.standardof.net\/wp-content\/uploads\/sites\/8\/2020\/11\/Spook-Spy-Plane-Supreme-Commander-Cybran-Tech-3-Air-Units-800x509.jpg 800w, https:\/\/supcom.standardof.net\/wp-content\/uploads\/sites\/8\/2020\/11\/Spook-Spy-Plane-Supreme-Commander-Cybran-Tech-3-Air-Units-512x326.jpg 512w, https:\/\/supcom.standardof.net\/wp-content\/uploads\/sites\/8\/2020\/11\/Spook-Spy-Plane-Supreme-Commander-Cybran-Tech-3-Air-Units-200x127.jpg 200w, https:\/\/supcom.standardof.net\/wp-content\/uploads\/sites\/8\/2020\/11\/Spook-Spy-Plane-Supreme-Commander-Cybran-Tech-3-Air-Units-768x489.jpg 768w, https:\/\/supcom.standardof.net\/wp-content\/uploads\/sites\/8\/2020\/11\/Spook-Spy-Plane-Supreme-Commander-Cybran-Tech-3-Air-Units-16x10.jpg 16w, https:\/\/supcom.standardof.net\/wp-content\/uploads\/sites\/8\/2020\/11\/Spook-Spy-Plane-Supreme-Commander-Cybran-Tech-3-Air-Units.jpg 880w\" sizes=\"(max-width: 800px) 100vw, 800px\" \/><\/a><figcaption>SPOOK - AVION ESPION<\/figcaption><\/figure><\/div>\n\n\n\n<section class=\"wp-block-uagb-columns uagb-columns__wrap uagb-columns__background-undefined uagb-columns__stack-mobile uagb-columns__valign-undefined uagb-columns__gap-10 alignundefined uagb-block-7bfaf656\"><div class=\"uagb-columns__overlay\"><\/div><div class=\"uagb-columns__inner-wrap uagb-columns__columns-2\">\n<div class=\"wp-block-uagb-column uagb-column__wrap uagb-column__background-undefined uagb-block-7e99297f\"><div class=\"uagb-column__overlay\"><\/div><div class=\"uagb-column__inner-wrap\">\n<h3 class=\"wp-block-heading\">Statistiques de l&#039;effroi<\/h3>\n\n\n\n<p><strong>Armure:<\/strong> 18hp (l\u00e9ger)<br><strong>Capacit\u00e9s:<\/strong> Furtif, radar, sonar<br><strong>Co\u00fbt:<\/strong> M60, E2400, T450<br>&nbsp;&nbsp;&nbsp;&nbsp; drain (furtif): E -20<br><strong>Intel<\/strong><br>&nbsp;&nbsp;&nbsp;&nbsp; vue: 96 (1.88km)<br>&nbsp;&nbsp;&nbsp;&nbsp; radar et sonar: 96 (1,88 km)<br>&nbsp;&nbsp;&nbsp;&nbsp; omni: 30 (586 m)<br><strong>La physique<\/strong><br>&nbsp;&nbsp;&nbsp;&nbsp; vitesse max: 21 (410m \/ s)<br>&nbsp;&nbsp;&nbsp;&nbsp; d\u00e9nivel\u00e9: 25 (488m)<br><strong>Classe de transport:<\/strong> 3<br><em>* v\u00e9t\u00e9ran niveau 2: +5 pv<br>* v\u00e9t\u00e9ran niveau 4: +5 pv<br>* v\u00e9t\u00e9ran niveau 5: r\u00e9parer 1 hp \/ s<\/em><\/p>\n<\/div><\/div>\n\n\n\n<div class=\"wp-block-uagb-column uagb-column__wrap uagb-column__background-undefined uagb-block-70295cfc\"><div class=\"uagb-column__overlay\"><\/div><div class=\"uagb-column__inner-wrap\">\n<h3 class=\"wp-block-heading\">Armes effrayantes<\/h3>\n\n\n\n<p><strong>Crash a\u00e9rien<\/strong> (D\u00e9c\u00e8s)<br>&nbsp;&nbsp;&nbsp;&nbsp; 100 d\u00e9g\u00e2ts<br><strong>surface:<\/strong> 1 (19,5 m)<\/p>\n<\/div><\/div>\n<\/div><\/section>\n<\/div><\/div>\n<\/div><\/section>\n\n\n\n<section class=\"wp-block-uagb-columns uagb-columns__wrap uagb-columns__background-undefined uagb-columns__stack-mobile uagb-columns__valign-undefined uagb-columns__gap-10 alignundefined uagb-block-f034b7fb\"><div class=\"uagb-columns__overlay\"><\/div><div class=\"uagb-columns__inner-wrap uagb-columns__columns-1\">\n<div class=\"wp-block-uagb-column uagb-column__wrap uagb-column__background-undefined uagb-block-fcded10b\"><div class=\"uagb-column__overlay\"><\/div><div class=\"uagb-column__inner-wrap\">\n<h2 class=\"wp-block-heading\"><strong>G\u00c9MEAUX <\/strong>- COMBATTANT DE LA SUPERIORIT\u00c9 A\u00c9RIENNE<\/h2>\n\n\n\n<p><a href=\"https:\/\/www.standardof.net\/wp-content\/uploads\/2012\/12\/Gemini-Air-Superiority-Fighter.png\" class=\"rank-math-link\" target=\"_blank\" rel=\"noopener\"><\/a>Le Gemini est une unit\u00e9 anti-a\u00e9rienne tr\u00e8s co\u00fbteuse, vous ne devriez donc l&#039;avoir que si vous pensez avoir besoin de tuer des unit\u00e9s a\u00e9riennes ennemies r\u00e9guli\u00e8rement. Ils volent si vite qu&#039;ils ne fourniront pas une couverture ad\u00e9quate pour un bombardement, mais ils peuvent entrer et tendre une embuscade \u00e0 la force d&#039;interception ennemie, et ils sont le meilleur moyen de g\u00e9rer les unit\u00e9s a\u00e9riennes exp\u00e9rimentales. Comme l&#039;intercepteur Cybran, le chasseur Cybran T3 a moins de sant\u00e9 mais est meilleur pour tuer d&#039;autres avions - les missiles de poursuite ne sont pas aussi puissants que les faisceaux laser de l&#039;UEF, mais ils frappent beaucoup plus souvent. La furtivit\u00e9 n&#039;est pas terriblement utile; au niveau T3, votre adversaire sait que vous avez une couverture anti-a\u00e9rienne, donc ce ne sera pas une surprise lorsque vous vous pencherez et tuez ses vaisseaux de combat.<\/p>\n\n\n\n<div class=\"wp-block-image\"><figure class=\"aligncenter size-large\"><a href=\"https:\/\/supcom.standardof.net\/fr\/supreme-commander\/cybran\/cybran-tech-3-unites-air\/gemini-air-superiority-fighter-supreme-commander-cybran-tech-3-air-units\/\"><img decoding=\"async\" width=\"630\" height=\"558\" src=\"https:\/\/supcom.standardof.net\/wp-content\/uploads\/sites\/8\/2020\/11\/Gemini-Air-Superiority-Fighter-Supreme-Commander-Cybran-Tech-3-Air-Units.jpg\" alt=\"Le chasseur de sup\u00e9riorit\u00e9 Gemini Air, unit\u00e9 a\u00e9rienne Cybran Tech 3 dans Supreme Commander.\" class=\"wp-image-606\" srcset=\"https:\/\/supcom.standardof.net\/wp-content\/uploads\/sites\/8\/2020\/11\/Gemini-Air-Superiority-Fighter-Supreme-Commander-Cybran-Tech-3-Air-Units.jpg 630w, https:\/\/supcom.standardof.net\/wp-content\/uploads\/sites\/8\/2020\/11\/Gemini-Air-Superiority-Fighter-Supreme-Commander-Cybran-Tech-3-Air-Units-512x453.jpg 512w, https:\/\/supcom.standardof.net\/wp-content\/uploads\/sites\/8\/2020\/11\/Gemini-Air-Superiority-Fighter-Supreme-Commander-Cybran-Tech-3-Air-Units-200x177.jpg 200w, https:\/\/supcom.standardof.net\/wp-content\/uploads\/sites\/8\/2020\/11\/Gemini-Air-Superiority-Fighter-Supreme-Commander-Cybran-Tech-3-Air-Units-14x12.jpg 14w\" sizes=\"(max-width: 630px) 100vw, 630px\" \/><\/a><figcaption>GEMINI - COMBATTANT DE LA SUPERIORIT\u00c9 A\u00c9RIENNE<\/figcaption><\/figure><\/div>\n\n\n\n<section class=\"wp-block-uagb-columns uagb-columns__wrap uagb-columns__background-undefined uagb-columns__stack-mobile uagb-columns__valign-undefined uagb-columns__gap-10 alignundefined uagb-block-24c43c3a\"><div class=\"uagb-columns__overlay\"><\/div><div class=\"uagb-columns__inner-wrap uagb-columns__columns-2\">\n<div class=\"wp-block-uagb-column uagb-column__wrap uagb-column__background-undefined uagb-block-70e253ef\"><div class=\"uagb-column__overlay\"><\/div><div class=\"uagb-column__inner-wrap\">\n<h3 class=\"wp-block-heading\">Statistiques G\u00e9meaux<\/h3>\n\n\n\n<p><strong>Armure:<\/strong> 200 ch (l\u00e9ger)<br><strong>Capacit\u00e9s:<\/strong> Stealth (peut se cacher du radar)<br><strong>Co\u00fbt:<\/strong> M360, E24000, T3600<br>&nbsp;&nbsp;&nbsp;&nbsp; drain (furtif): E -60<br><strong>Intel<\/strong><br>&nbsp;&nbsp;&nbsp;&nbsp; vue: 32 (625m)<br><strong>La physique<\/strong><br>&nbsp;&nbsp;&nbsp;&nbsp; vitesse max: 25 (488m \/ s),<br>&nbsp;&nbsp;&nbsp;&nbsp; d\u00e9nivel\u00e9: 20 (391m),<br>&nbsp;&nbsp;&nbsp;&nbsp; distance d&#039;engagement: 50 (977m)<br><strong>Classe de transport:<\/strong> 3<br><strong>V\u00e9t\u00e9ran: <\/strong>5, 10, 25, 50, 100 victimes<br><em>* v\u00e9t\u00e9ran niveau 2: +50 ch<br>* v\u00e9t\u00e9ran niveau 4: +50 ch<br>* v\u00e9t\u00e9ran niveau 5: r\u00e9parer 1 hp \/ s<\/em><\/p>\n<\/div><\/div>\n\n\n\n<div class=\"wp-block-uagb-column uagb-column__wrap uagb-column__background-undefined uagb-block-d5ed8d92\"><div class=\"uagb-column__overlay\"><\/div><div class=\"uagb-column__inner-wrap\">\n<h3 class=\"wp-block-heading\">Armes G\u00e9meaux<\/h3>\n\n\n\n<p><strong>Syst\u00e8me de missile nanite<\/strong> (Anti-air) x2<br>&nbsp;&nbsp;&nbsp;&nbsp; 40 dps<br><strong>intervalle:<\/strong> 24 (469m)<br><strong>arme \u00e0 projectile:<\/strong> 20 d\u00e9g\u00e2ts<br>&nbsp;&nbsp;&nbsp;&nbsp; x 2 projectiles = 40 d\u00e9g\u00e2ts par salve<br><strong>cadence de tir:<\/strong> 1 (toutes les 1s)<br><em>* v\u00e9t\u00e9ran niveau 1: +10 d\u00e9g\u00e2ts<br>* v\u00e9t\u00e9ran niveau 3: +10 d\u00e9g\u00e2ts<br><\/em><strong>Crash a\u00e9rien<\/strong> (D\u00e9c\u00e8s)<br>&nbsp;&nbsp;&nbsp;&nbsp; 200 d\u00e9g\u00e2ts<br><strong>surface:<\/strong> 1 (19,5 m)<\/p>\n<\/div><\/div>\n<\/div><\/section>\n<\/div><\/div>\n<\/div><\/section>\n\n\n\n<section class=\"wp-block-uagb-columns uagb-columns__wrap uagb-columns__background-undefined uagb-columns__stack-mobile uagb-columns__valign-undefined uagb-columns__gap-10 alignundefined uagb-block-3f78e4e3\"><div class=\"uagb-columns__overlay\"><\/div><div class=\"uagb-columns__inner-wrap uagb-columns__columns-1\">\n<div class=\"wp-block-uagb-column uagb-column__wrap uagb-column__background-undefined uagb-block-6f558345\"><div class=\"uagb-column__overlay\"><\/div><div class=\"uagb-column__inner-wrap\">\n<h2 class=\"wp-block-heading\"><strong>REVENANT <\/strong>- BOMBER STRAT\u00c9GIQUE<\/h2>\n\n\n\n<p><a href=\"https:\/\/www.standardof.net\/wp-content\/uploads\/2012\/12\/Revenant-Strategic-Bomber.png\" class=\"rank-math-link\" target=\"_blank\" rel=\"noopener\"><\/a>Les bombardiers strat\u00e9giques construisent si lentement qu&#039;ils ont besoin d&#039;un grand groupe d&#039;ing\u00e9nieurs. Le mot \u00abstrat\u00e9gique\u00bb ne doit pas \u00eatre pris \u00e0 la l\u00e9g\u00e8re: ils peuvent en fait tuer des intercepteurs avec leurs pistolets anti-a\u00e9riens, ils volent assez haut pour qu&#039;il faille un certain temps \u00e0 un site SAM pour les tuer, et bien s\u00fbr leur bombe est redoutable. Ces choses sont gaspill\u00e9es dans d&#039;\u00e9normes batailles terrestres, car leur inexactitude les rend tout aussi susceptibles de tuer vos gars que les leurs; au lieu de cela, stockez-les avec une \u00e9norme force d&#039;autres avions pour distraire les d\u00e9fenses a\u00e9riennes ennemies et utilisez-les pour une frappe chirurgicale sur un ACU, une pi\u00e8ce d&#039;artillerie ou une d\u00e9fense antimissile nucl\u00e9aire. Bien que le bombardier strat\u00e9gique Cybran ne fasse pas autant de d\u00e9g\u00e2ts, il a une zone suffisamment large et une impr\u00e9cision suffisamment petite pour pouvoir \u00eatre utilis\u00e9 pour se d\u00e9fendre contre les attaques terrestres tant que vous avez la sup\u00e9riorit\u00e9 a\u00e9rienne.<\/p>\n\n\n\n<div class=\"wp-block-image\"><figure class=\"aligncenter size-large\"><a href=\"https:\/\/supcom.standardof.net\/fr\/supreme-commander\/cybran\/cybran-tech-3-unites-air\/revenant-strategic-bomber-supreme-commander-cybran-tech-3-air-units\/\"><img decoding=\"async\" width=\"792\" height=\"598\" src=\"https:\/\/supcom.standardof.net\/wp-content\/uploads\/sites\/8\/2020\/11\/Revenant-Strategic-Bomber-Supreme-Commander-Cybran-Tech-3-Air-Units.jpg\" alt=\"Le bombardier strat\u00e9gique Revenant, unit\u00e9 a\u00e9rienne Cybran Tech 3 en commandant supr\u00eame.\" class=\"wp-image-607\" srcset=\"https:\/\/supcom.standardof.net\/wp-content\/uploads\/sites\/8\/2020\/11\/Revenant-Strategic-Bomber-Supreme-Commander-Cybran-Tech-3-Air-Units.jpg 792w, https:\/\/supcom.standardof.net\/wp-content\/uploads\/sites\/8\/2020\/11\/Revenant-Strategic-Bomber-Supreme-Commander-Cybran-Tech-3-Air-Units-512x387.jpg 512w, https:\/\/supcom.standardof.net\/wp-content\/uploads\/sites\/8\/2020\/11\/Revenant-Strategic-Bomber-Supreme-Commander-Cybran-Tech-3-Air-Units-200x151.jpg 200w, https:\/\/supcom.standardof.net\/wp-content\/uploads\/sites\/8\/2020\/11\/Revenant-Strategic-Bomber-Supreme-Commander-Cybran-Tech-3-Air-Units-768x580.jpg 768w, https:\/\/supcom.standardof.net\/wp-content\/uploads\/sites\/8\/2020\/11\/Revenant-Strategic-Bomber-Supreme-Commander-Cybran-Tech-3-Air-Units-16x12.jpg 16w\" sizes=\"(max-width: 792px) 100vw, 792px\" \/><\/a><figcaption>REVENANT - BOMBER STRAT\u00c9GIQUE<\/figcaption><\/figure><\/div>\n\n\n\n<section class=\"wp-block-uagb-columns uagb-columns__wrap uagb-columns__background-undefined uagb-columns__stack-mobile uagb-columns__valign-undefined uagb-columns__gap-10 alignundefined uagb-block-ebd24269\"><div class=\"uagb-columns__overlay\"><\/div><div class=\"uagb-columns__inner-wrap uagb-columns__columns-2\">\n<div class=\"wp-block-uagb-column uagb-column__wrap uagb-column__background-undefined uagb-block-ad8632c2\"><div class=\"uagb-column__overlay\"><\/div><div class=\"uagb-column__inner-wrap\">\n<h3 class=\"wp-block-heading\">Statistiques des revenants<\/h3>\n\n\n\n<p><strong>Armure:<\/strong> 120 ch (l\u00e9ger)<br><strong>Capacit\u00e9s:<\/strong> Stealth (peut se cacher du radar)<br><strong>Co\u00fbt:<\/strong> M2160, E72000, T7200<br>&nbsp;&nbsp;&nbsp;&nbsp; drain (furtif): E -60<br><strong>Intel<\/strong><br>&nbsp;&nbsp;&nbsp;&nbsp; vue: 32 (625m)<br><strong>La physique<\/strong><br>&nbsp;&nbsp;&nbsp;&nbsp; vitesse maximale: 0,5 (9,8 m \/ s)<br>&nbsp;&nbsp;&nbsp;&nbsp; d\u00e9nivel\u00e9: 25 (488m)<br>&nbsp;&nbsp;&nbsp;&nbsp; distance d&#039;engagement: 50 (977m)<br><strong>Classe de transport:<\/strong> 3<strong><br>V\u00e9t\u00e9ran:<\/strong> 30, 60, 150, 300, 600 victimes<br><em>* v\u00e9t\u00e9ran niveau 2: +30 ch<br>* v\u00e9t\u00e9ran niveau 4: +30 ch<br>* v\u00e9t\u00e9ran niveau 5: r\u00e9parer 1 hp \/ s<\/em><\/p>\n<\/div><\/div>\n\n\n\n<div class=\"wp-block-uagb-column uagb-column__wrap uagb-column__background-undefined uagb-block-a24cde3d\"><div class=\"uagb-column__overlay\"><\/div><div class=\"uagb-column__inner-wrap\">\n<h3 class=\"wp-block-heading\">Armes de revenant<\/h3>\n\n\n\n<p><strong>Bombe \u00e0 neutrons<\/strong> (Bombe)<br>&nbsp;&nbsp;&nbsp;&nbsp; 1200,00 dps<br><strong>surface:<\/strong> 6 (117m)<br><strong>intervalle:<\/strong> 5 (97,7 m)<br><strong>arme \u00e0 projectile:<\/strong> 6000 d\u00e9g\u00e2ts<br><strong>cadence de tir:<\/strong> 0,2 (toutes les 5 s)<br><strong>tir au hasard:<\/strong> 1<br><em>* v\u00e9t\u00e9ran niveau 1: +1250 d\u00e9g\u00e2ts<br>* v\u00e9t\u00e9ran niveau 3: +1250 d\u00e9g\u00e2ts<\/em><br><strong>Canon automatique \u00e9lectronique<\/strong> (Anti-air)<br>&nbsp;&nbsp;&nbsp;&nbsp; 120,00 dps<br><strong>intervalle:<\/strong> 44 (859m)<br><strong>arme \u00e0 projectile:<\/strong> 20 d\u00e9g\u00e2ts<br><strong>cadence de tir:<\/strong> 3 (toutes les 0,33 s)<br><em>* v\u00e9t\u00e9ran niveau 1: +5 d\u00e9g\u00e2ts<br>* v\u00e9t\u00e9ran niveau 3: +5 d\u00e9g\u00e2ts<\/em><br><strong>Crash a\u00e9rien<\/strong> (D\u00e9c\u00e8s)<br>&nbsp;&nbsp;&nbsp;&nbsp; 500 d\u00e9g\u00e2ts<br><strong>surface:<\/strong> 1 (19,5 m)<\/p>\n<\/div><\/div>\n<\/div><\/section>\n<\/div><\/div>\n<\/div><\/section>","protected":false},"excerpt":{"rendered":"<p>SPOOK \u2013 SPY PLANE The Spy Plane isn&#8217;t cheap, but it&#8217;s worth every penny to have one just in case. Cybrans, always great at scouting, get sonar coverage and the stealth ability that prevents the enemy interceptor packs from hunting your expensive defenseless plane down. It never hurts to have one on patrol across any [&hellip;]<\/p>","protected":false},"author":1,"featured_media":0,"parent":538,"menu_order":0,"comment_status":"open","ping_status":"closed","template":"","meta":{"_uag_custom_page_level_css":"","site-sidebar-layout":"default","site-content-layout":"default","ast-site-content-layout":"","site-content-style":"default","site-sidebar-style":"default","ast-global-header-display":"","ast-banner-title-visibility":"","ast-main-header-display":"","ast-hfb-above-header-display":"","ast-hfb-below-header-display":"","ast-hfb-mobile-header-display":"","site-post-title":"","ast-breadcrumbs-content":"","ast-featured-img":"","footer-sml-layout":"","theme-transparent-header-meta":"default","adv-header-id-meta":"","stick-header-meta":"","header-above-stick-meta":"","header-main-stick-meta":"","header-below-stick-meta":"","astra-migrate-meta-layouts":"default","ast-page-background-enabled":"default","ast-page-background-meta":{"desktop":{"background-color":"","background-image":"","background-repeat":"repeat","background-position":"center center","background-size":"auto","background-attachment":"scroll","background-type":"","background-media":"","overlay-type":"","overlay-color":"","overlay-gradient":""},"tablet":{"background-color":"","background-image":"","background-repeat":"repeat","background-position":"center center","background-size":"auto","background-attachment":"scroll","background-type":"","background-media":"","overlay-type":"","overlay-color":"","overlay-gradient":""},"mobile":{"background-color":"","background-image":"","background-repeat":"repeat","background-position":"center center","background-size":"auto","background-attachment":"scroll","background-type":"","background-media":"","overlay-type":"","overlay-color":"","overlay-gradient":""}},"ast-content-background-meta":{"desktop":{"background-color":"var(--ast-global-color-5)","background-image":"","background-repeat":"repeat","background-position":"center center","background-size":"auto","background-attachment":"scroll","background-type":"","background-media":"","overlay-type":"","overlay-color":"","overlay-gradient":""},"tablet":{"background-color":"var(--ast-global-color-5)","background-image":"","background-repeat":"repeat","background-position":"center center","background-size":"auto","background-attachment":"scroll","background-type":"","background-media":"","overlay-type":"","overlay-color":"","overlay-gradient":""},"mobile":{"background-color":"var(--ast-global-color-5)","background-image":"","background-repeat":"repeat","background-position":"center center","background-size":"auto","background-attachment":"scroll","background-type":"","background-media":"","overlay-type":"","overlay-color":"","overlay-gradient":""}},"footnotes":""},"uagb_featured_image_src":{"full":false,"thumbnail":false,"medium":false,"medium_large":false,"large":false,"1536x1536":false,"2048x2048":false,"trp-custom-language-flag":false},"uagb_author_info":{"display_name":"SOE","author_link":"https:\/\/supcom.standardof.net\/fr\/author\/k-tastic\/"},"uagb_comment_info":0,"uagb_excerpt":"SPOOK \u2013 SPY PLANE The Spy Plane isn&#8217;t cheap, but it&#8217;s worth every penny to have one just in case. Cybrans, always great at scouting, get sonar coverage and the stealth ability that prevents the enemy interceptor packs from hunting your expensive defenseless plane down. It never hurts to have one on patrol across any&hellip;","_links":{"self":[{"href":"https:\/\/supcom.standardof.net\/fr\/wp-json\/wp\/v2\/pages\/603"}],"collection":[{"href":"https:\/\/supcom.standardof.net\/fr\/wp-json\/wp\/v2\/pages"}],"about":[{"href":"https:\/\/supcom.standardof.net\/fr\/wp-json\/wp\/v2\/types\/page"}],"author":[{"embeddable":true,"href":"https:\/\/supcom.standardof.net\/fr\/wp-json\/wp\/v2\/users\/1"}],"replies":[{"embeddable":true,"href":"https:\/\/supcom.standardof.net\/fr\/wp-json\/wp\/v2\/comments?post=603"}],"version-history":[{"count":0,"href":"https:\/\/supcom.standardof.net\/fr\/wp-json\/wp\/v2\/pages\/603\/revisions"}],"up":[{"embeddable":true,"href":"https:\/\/supcom.standardof.net\/fr\/wp-json\/wp\/v2\/pages\/538"}],"wp:attachment":[{"href":"https:\/\/supcom.standardof.net\/fr\/wp-json\/wp\/v2\/media?parent=603"}],"curies":[{"name":"wp","href":"https:\/\/api.w.org\/{rel}","templated":true}]}}