{"id":611,"date":"2020-11-02T14:34:22","date_gmt":"2020-11-02T19:34:22","guid":{"rendered":"https:\/\/supcom.standardof.net\/?page_id=611"},"modified":"2020-11-04T00:33:37","modified_gmt":"2020-11-04T05:33:37","slug":"cybran-tech-1-naval-units","status":"publish","type":"page","link":"https:\/\/supcom.standardof.net\/fr\/supreme-commander\/cybran\/cybran-tech-1-unites-navales\/","title":{"rendered":"Unit\u00e9s navales Cybran Tech 1"},"content":{"rendered":"<div class=\"wp-block-uagb-table-of-contents uagb-toc__align-left uagb-toc__columns-1  uagb-block-c4f8dd07\"\n\t\t\t\t\tdata-scroll= \"1\"\n\t\t\t\t\tdata-offset= \"30\"\n\t\t\t\t\tstyle=\"\"\n\t\t\t\t>\n\t\t\t\t<div class=\"uagb-toc__wrap\">\n\t\t\t\t\t\t<div class=\"uagb-toc__title\">\n\t\t\t\t\t\t\tUnit\u00e9s navales Cybran Tech 1:\t\t\t\t\t\t<\/div>\n\t\t\t\t\t\t\t\t\t\t\t\t\t\t\t\t<div class=\"uagb-toc__list-wrap\">\n\t\t\t\t\t\t<ol class=\"uagb-toc__list\"><li class=\"uagb-toc__list\"><a href=\"#sliver-attack-submarine\" class=\"uagb-toc-link__trigger\">SLIVER - SOUS-MARIN D&#039;ATTAQUE<\/a><li class=\"uagb-toc__list\"><a href=\"#trident-class-frigate\" class=\"uagb-toc-link__trigger\">FRIGATE DE CLASSE TRIDENT<\/a><\/ol>\t\t\t\t\t<\/div>\n\t\t\t\t\t\t\t\t\t<\/div>\n\t\t\t\t<\/div>\n\t\t\t\n\n\n<section class=\"wp-block-uagb-columns uagb-columns__wrap uagb-columns__background-undefined uagb-columns__stack-mobile uagb-columns__valign-undefined uagb-columns__gap-10 alignundefined uagb-block-3bd94459\"><div class=\"uagb-columns__overlay\"><\/div><div class=\"uagb-columns__inner-wrap uagb-columns__columns-1\">\n<div class=\"wp-block-uagb-column uagb-column__wrap uagb-column__background-undefined uagb-block-3b857cb2\"><div class=\"uagb-column__overlay\"><\/div><div class=\"uagb-column__inner-wrap\">\n<h2 class=\"wp-block-heading\"><strong>M\u00c8CHE <\/strong>- SOUS-MARIN D&#039;ATTAQUE<\/h2>\n\n\n\n<p><a href=\"https:\/\/www.standardof.net\/wp-content\/uploads\/2012\/12\/Sliver-Attack-Submarine.png\" class=\"rank-math-link\" target=\"_blank\" rel=\"noopener\"><\/a>Bien que le sous-marin Cybran soit l\u00e9g\u00e8rement surpass\u00e9 par rapport au sous-marin Aeon, il a un facteur de rachat: vous pouvez lui ordonner de faire surface (en appuyant sur \u00abDive\u00bb ou \u00abD\u00bb) et il ajoutera son laser de pont \u00e0 l&#039;\u00e9quation. C&#039;est g\u00e9n\u00e9ralement une mauvaise id\u00e9e spectaculaire, car elle vous rend vuln\u00e9rable \u00e0 plus de feu, mais au moins vous n&#039;avez pas \u00e0 construire une fr\u00e9gate pour tuer un extracteur vuln\u00e9rable ou un char amphibie. Le co\u00fbt bon march\u00e9 permet aux Cybrans de compl\u00e9ter leurs fr\u00e9gates terne avec plus de sous-marins.<\/p>\n\n\n\n<div class=\"wp-block-image\"><figure class=\"aligncenter size-large\"><a href=\"https:\/\/supcom.standardof.net\/fr\/supreme-commander\/cybran\/cybran-tech-1-unites-navales\/sliver-attack-submarine-supreme-commander-cybran-tech-1-navy-units\/\"><img decoding=\"async\" width=\"430\" height=\"364\" src=\"https:\/\/supcom.standardof.net\/wp-content\/uploads\/sites\/8\/2020\/11\/Sliver-Attack-Submarine-Supreme-Commander-Cybran-Tech-1-Navy-Units.jpg\" alt=\"Le sous-marin Sliver Attack, Cybran Tech 1 Navy Unit dans Supreme Commander.\" class=\"wp-image-613\" srcset=\"https:\/\/supcom.standardof.net\/wp-content\/uploads\/sites\/8\/2020\/11\/Sliver-Attack-Submarine-Supreme-Commander-Cybran-Tech-1-Navy-Units.jpg 430w, https:\/\/supcom.standardof.net\/wp-content\/uploads\/sites\/8\/2020\/11\/Sliver-Attack-Submarine-Supreme-Commander-Cybran-Tech-1-Navy-Units-200x169.jpg 200w, https:\/\/supcom.standardof.net\/wp-content\/uploads\/sites\/8\/2020\/11\/Sliver-Attack-Submarine-Supreme-Commander-Cybran-Tech-1-Navy-Units-14x12.jpg 14w\" sizes=\"(max-width: 430px) 100vw, 430px\" \/><\/a><figcaption>SLIVER - SOUS-MARIN D&#039;ATTAQUE<\/figcaption><\/figure><\/div>\n\n\n\n<section class=\"wp-block-uagb-columns uagb-columns__wrap uagb-columns__background-undefined uagb-columns__stack-mobile uagb-columns__valign-undefined uagb-columns__gap-10 alignundefined uagb-block-d97273be\"><div class=\"uagb-columns__overlay\"><\/div><div class=\"uagb-columns__inner-wrap uagb-columns__columns-2\">\n<div class=\"wp-block-uagb-column uagb-column__wrap uagb-column__background-undefined uagb-block-6080005e\"><div class=\"uagb-column__overlay\"><\/div><div class=\"uagb-column__inner-wrap\">\n<h3 class=\"wp-block-heading\">Statistiques Sliver<\/h3>\n\n\n\n<p><strong>Armure:<\/strong> 1125<br><strong>Capacit\u00e9s:<\/strong> Submersible<br><strong>Co\u00fbt:<\/strong> M580, E2250, T1000<br><strong>Intel<\/strong><br>&nbsp;&nbsp;&nbsp;&nbsp; vue: 32 (625m)<br>&nbsp;&nbsp;&nbsp;&nbsp; sonar: 60 (1,17 km)<br>&nbsp;&nbsp;&nbsp;&nbsp; vue d&#039;eau: 32 (625m)<br><strong>La physique<\/strong><br>&nbsp;&nbsp;&nbsp;&nbsp; vitesse maximale: 4,675 (91,3 m \/ s)<br>&nbsp;&nbsp;&nbsp;&nbsp; taux de virage: 40<br><strong>V\u00e9t\u00e9ran:<\/strong> 5, 10, 25, 50, 100 victimes<br><em>* v\u00e9t\u00e9ran niveau 2: +270 ch<br>* v\u00e9t\u00e9ran niveau 4: +270 ch<br>* v\u00e9t\u00e9ran niveau 5: r\u00e9parer 3 hp \/ s<\/em><\/p>\n<\/div><\/div>\n\n\n\n<div class=\"wp-block-uagb-column uagb-column__wrap uagb-column__background-undefined uagb-block-6f6d055e\"><div class=\"uagb-column__overlay\"><\/div><div class=\"uagb-column__inner-wrap\">\n<h3 class=\"wp-block-heading\">Armes de ruban<\/h3>\n\n\n\n<p><strong>Torpille de nanite<\/strong> (Anti Marine)<br>&nbsp;&nbsp;&nbsp;&nbsp;&nbsp; 94,44 dps<br><strong>intervalle:<\/strong> 32 (625m)<br><strong>arme \u00e0 projectile:<\/strong> 170<br>&nbsp;&nbsp;&nbsp;&nbsp; (5 fois 34 d\u00e9g\u00e2ts en 1 seconde)<br>&nbsp;&nbsp;&nbsp;&nbsp; x 2 projectiles = 340 d\u00e9g\u00e2ts par salve<br><strong>cadence de tir:<\/strong> 0,28 (toutes les 3,6 s)<br><em>* v\u00e9t\u00e9ran niveau 1: +9 d\u00e9g\u00e2ts<br>* v\u00e9t\u00e9ran niveau 3: +9 d\u00e9g\u00e2ts<\/em><\/p>\n\n\n\n<p><strong>Laser \u00e0 impulsion lumineuse<\/strong> (Tir direct)<br>&nbsp;&nbsp;&nbsp;&nbsp; 22,00 dps<br><strong>intervalle:<\/strong> 32 (625m)<br><strong>arme \u00e0 projectile:<\/strong> 11 d\u00e9g\u00e2ts<br><strong>cadence de tir:<\/strong> 2 (toutes les 0,5 s)<br><em>* v\u00e9t\u00e9ran niveau 1: +3 d\u00e9g\u00e2ts<br>* v\u00e9t\u00e9ran niveau 3: +3 d\u00e9g\u00e2ts<\/em><\/p>\n<\/div><\/div>\n<\/div><\/section>\n<\/div><\/div>\n<\/div><\/section>\n\n\n\n<section class=\"wp-block-uagb-columns uagb-columns__wrap uagb-columns__background-undefined uagb-columns__stack-mobile uagb-columns__valign-undefined uagb-columns__gap-10 alignundefined uagb-block-8b77028e\"><div class=\"uagb-columns__overlay\"><\/div><div class=\"uagb-columns__inner-wrap uagb-columns__columns-1\">\n<div class=\"wp-block-uagb-column uagb-column__wrap uagb-column__background-undefined uagb-block-a948da14\"><div class=\"uagb-column__overlay\"><\/div><div class=\"uagb-column__inner-wrap\">\n<h2 class=\"wp-block-heading\"><strong>TRIDENT <\/strong>FRIGATE DE CLASSE<\/h2>\n\n\n\n<p><a href=\"https:\/\/www.standardof.net\/wp-content\/uploads\/2012\/12\/Trident-Class-Frigate.png\" class=\"rank-math-link\" target=\"_blank\" rel=\"noopener\"><\/a>La fr\u00e9gate Cybran est surclass\u00e9e par les sous-marins ennemis et les fr\u00e9gates ennemies, et sa faible port\u00e9e la rend faible lors des bombardements \u00e0 terre, alors utilisez-la comme une pr\u00e9cipitation pr\u00e9coce ou restez simplement aux sous-marins jusqu&#039;\u00e0 ce que vos navires T2 soient op\u00e9rationnels.<\/p>\n\n\n\n<div class=\"wp-block-image\"><figure class=\"aligncenter size-large\"><a href=\"https:\/\/supcom.standardof.net\/fr\/supreme-commander\/cybran\/cybran-tech-1-unites-navales\/trident-class-frigate-supreme-commander-cybran-tech-1-navy-units\/\"><img decoding=\"async\" width=\"800\" height=\"492\" src=\"https:\/\/supcom.standardof.net\/wp-content\/uploads\/sites\/8\/2020\/11\/Trident-Class-Frigate-Supreme-Commander-Cybran-Tech-1-Navy-Units-800x492.jpg\" alt=\"La fr\u00e9gate de classe Trident, unit\u00e9 navale Cybran Tech 1 dans Supreme Commander.\" class=\"wp-image-614\" srcset=\"https:\/\/supcom.standardof.net\/wp-content\/uploads\/sites\/8\/2020\/11\/Trident-Class-Frigate-Supreme-Commander-Cybran-Tech-1-Navy-Units-800x492.jpg 800w, https:\/\/supcom.standardof.net\/wp-content\/uploads\/sites\/8\/2020\/11\/Trident-Class-Frigate-Supreme-Commander-Cybran-Tech-1-Navy-Units-512x315.jpg 512w, https:\/\/supcom.standardof.net\/wp-content\/uploads\/sites\/8\/2020\/11\/Trident-Class-Frigate-Supreme-Commander-Cybran-Tech-1-Navy-Units-200x123.jpg 200w, https:\/\/supcom.standardof.net\/wp-content\/uploads\/sites\/8\/2020\/11\/Trident-Class-Frigate-Supreme-Commander-Cybran-Tech-1-Navy-Units-768x472.jpg 768w, https:\/\/supcom.standardof.net\/wp-content\/uploads\/sites\/8\/2020\/11\/Trident-Class-Frigate-Supreme-Commander-Cybran-Tech-1-Navy-Units-16x10.jpg 16w, https:\/\/supcom.standardof.net\/wp-content\/uploads\/sites\/8\/2020\/11\/Trident-Class-Frigate-Supreme-Commander-Cybran-Tech-1-Navy-Units.jpg 830w\" sizes=\"(max-width: 800px) 100vw, 800px\" \/><\/a><figcaption>FRIGATE DE CLASSE TRIDENT<\/figcaption><\/figure><\/div>\n\n\n\n<section class=\"wp-block-uagb-columns uagb-columns__wrap uagb-columns__background-undefined uagb-columns__stack-mobile uagb-columns__valign-undefined uagb-columns__gap-10 alignundefined uagb-block-3b96a1c3\"><div class=\"uagb-columns__overlay\"><\/div><div class=\"uagb-columns__inner-wrap uagb-columns__columns-2\">\n<div class=\"wp-block-uagb-column uagb-column__wrap uagb-column__background-undefined uagb-block-1a987968\"><div class=\"uagb-column__overlay\"><\/div><div class=\"uagb-column__inner-wrap\">\n<h3 class=\"wp-block-heading\">Statistiques du trident<\/h3>\n\n\n\n<p><strong>Armure:<\/strong> 1900 chevaux<br><strong>Capacit\u00e9s:<\/strong> Radar, Sonar<br><strong>Co\u00fbt:<\/strong> M360, E24000, T3600<br><strong>Intel<br>&nbsp;&nbsp;&nbsp;&nbsp; <\/strong>vue: 32 (625m)<br>&nbsp;&nbsp;&nbsp;&nbsp; radar: 80 (1,56 km)<br>&nbsp;&nbsp;&nbsp;&nbsp; sonar: 80 (1,56 km)<br>&nbsp;&nbsp;&nbsp;&nbsp; vue sur l&#039;eau: 24 (469m)<br><strong>La physique<\/strong><br>&nbsp;&nbsp;&nbsp;&nbsp; vitesse max: 6,8 (133m \/ s)<br>&nbsp;&nbsp;&nbsp;&nbsp; taux de virage: 30<br><strong>V\u00e9t\u00e9ran: <\/strong>5, 10, 25, 50, 100 victimes<br><em>* v\u00e9t\u00e9ran niveau 2: +181 pv<br>* v\u00e9t\u00e9ran niveau 4: +181 pv<br>* v\u00e9t\u00e9ran niveau 5: r\u00e9parer 3 hp \/ s<\/em><\/p>\n<\/div><\/div>\n\n\n\n<div class=\"wp-block-uagb-column uagb-column__wrap uagb-column__background-undefined uagb-block-eafb0c4f\"><div class=\"uagb-column__overlay\"><\/div><div class=\"uagb-column__inner-wrap\">\n<h3 class=\"wp-block-heading\">Armes de trident<\/h3>\n\n\n\n<p><strong>Canon \u00e0 protons<\/strong> (Naval de tir direct)<br>&nbsp;&nbsp;&nbsp;&nbsp; 57,14 dps<br><strong>surface:<\/strong> 2 (39,1 m)<br><strong>intervalle:<\/strong> 28 (547 m)<br><strong>arme \u00e0 projectile:<\/strong> 40 d\u00e9g\u00e2ts<br><strong>cadence de tir:<\/strong> 1,43 (toutes les 0,7 s)<br><em>* v\u00e9t\u00e9ran niveau 1: +10 d\u00e9g\u00e2ts<br>* v\u00e9t\u00e9ran niveau 3: +10 d\u00e9g\u00e2ts<\/em><\/p>\n\n\n\n<p><strong>Canon automatique \u00e9lectronique<\/strong> (Anti-air)<br>&nbsp;&nbsp;&nbsp;&nbsp; 3,33 dps<br><strong>intervalle:<\/strong> 44 (859m)<br><strong>arme \u00e0 projectile:<\/strong> 1 d\u00e9g\u00e2t<br><strong>cadence de tir:<\/strong> 3 (toutes les 0,33 s)<br><em>* v\u00e9t\u00e9ran niveau 1: +1 d\u00e9g\u00e2ts<br>* v\u00e9t\u00e9ran niveau 3: +1 d\u00e9g\u00e2ts<\/em><\/p>\n<\/div><\/div>\n<\/div><\/section>\n<\/div><\/div>\n<\/div><\/section>","protected":false},"excerpt":{"rendered":"<p>SLIVER \u2013 ATTACK SUBMARINE Although the Cybran sub is slightly outmatched against the Aeon sub, it has one redeeming factor: you can order it to surface (by pressing &#8220;Dive&#8221; or &#8220;D&#8221;) and it will add its deck laser to the equation. This is usually a spectacularly bad idea, as it makes you vulnerable to more [&hellip;]<\/p>","protected":false},"author":1,"featured_media":0,"parent":538,"menu_order":0,"comment_status":"open","ping_status":"closed","template":"","meta":{"_uag_custom_page_level_css":"","site-sidebar-layout":"default","site-content-layout":"default","ast-site-content-layout":"","site-content-style":"default","site-sidebar-style":"default","ast-global-header-display":"","ast-banner-title-visibility":"","ast-main-header-display":"","ast-hfb-above-header-display":"","ast-hfb-below-header-display":"","ast-hfb-mobile-header-display":"","site-post-title":"","ast-breadcrumbs-content":"","ast-featured-img":"","footer-sml-layout":"","theme-transparent-header-meta":"default","adv-header-id-meta":"","stick-header-meta":"","header-above-stick-meta":"","header-main-stick-meta":"","header-below-stick-meta":"","astra-migrate-meta-layouts":"default","ast-page-background-enabled":"default","ast-page-background-meta":{"desktop":{"background-color":"","background-image":"","background-repeat":"repeat","background-position":"center center","background-size":"auto","background-attachment":"scroll","background-type":"","background-media":"","overlay-type":"","overlay-color":"","overlay-gradient":""},"tablet":{"background-color":"","background-image":"","background-repeat":"repeat","background-position":"center center","background-size":"auto","background-attachment":"scroll","background-type":"","background-media":"","overlay-type":"","overlay-color":"","overlay-gradient":""},"mobile":{"background-color":"","background-image":"","background-repeat":"repeat","background-position":"center center","background-size":"auto","background-attachment":"scroll","background-type":"","background-media":"","overlay-type":"","overlay-color":"","overlay-gradient":""}},"ast-content-background-meta":{"desktop":{"background-color":"var(--ast-global-color-5)","background-image":"","background-repeat":"repeat","background-position":"center center","background-size":"auto","background-attachment":"scroll","background-type":"","background-media":"","overlay-type":"","overlay-color":"","overlay-gradient":""},"tablet":{"background-color":"var(--ast-global-color-5)","background-image":"","background-repeat":"repeat","background-position":"center center","background-size":"auto","background-attachment":"scroll","background-type":"","background-media":"","overlay-type":"","overlay-color":"","overlay-gradient":""},"mobile":{"background-color":"var(--ast-global-color-5)","background-image":"","background-repeat":"repeat","background-position":"center center","background-size":"auto","background-attachment":"scroll","background-type":"","background-media":"","overlay-type":"","overlay-color":"","overlay-gradient":""}},"footnotes":""},"uagb_featured_image_src":{"full":false,"thumbnail":false,"medium":false,"medium_large":false,"large":false,"1536x1536":false,"2048x2048":false,"trp-custom-language-flag":false},"uagb_author_info":{"display_name":"SOE","author_link":"https:\/\/supcom.standardof.net\/fr\/author\/k-tastic\/"},"uagb_comment_info":0,"uagb_excerpt":"SLIVER \u2013 ATTACK SUBMARINE Although the Cybran sub is slightly outmatched against the Aeon sub, it has one redeeming factor: you can order it to surface (by pressing &#8220;Dive&#8221; or &#8220;D&#8221;) and it will add its deck laser to the equation. This is usually a spectacularly bad idea, as it makes you vulnerable to more&hellip;","_links":{"self":[{"href":"https:\/\/supcom.standardof.net\/fr\/wp-json\/wp\/v2\/pages\/611"}],"collection":[{"href":"https:\/\/supcom.standardof.net\/fr\/wp-json\/wp\/v2\/pages"}],"about":[{"href":"https:\/\/supcom.standardof.net\/fr\/wp-json\/wp\/v2\/types\/page"}],"author":[{"embeddable":true,"href":"https:\/\/supcom.standardof.net\/fr\/wp-json\/wp\/v2\/users\/1"}],"replies":[{"embeddable":true,"href":"https:\/\/supcom.standardof.net\/fr\/wp-json\/wp\/v2\/comments?post=611"}],"version-history":[{"count":0,"href":"https:\/\/supcom.standardof.net\/fr\/wp-json\/wp\/v2\/pages\/611\/revisions"}],"up":[{"embeddable":true,"href":"https:\/\/supcom.standardof.net\/fr\/wp-json\/wp\/v2\/pages\/538"}],"wp:attachment":[{"href":"https:\/\/supcom.standardof.net\/fr\/wp-json\/wp\/v2\/media?parent=611"}],"curies":[{"name":"wp","href":"https:\/\/api.w.org\/{rel}","templated":true}]}}