{"id":617,"date":"2020-11-02T14:40:37","date_gmt":"2020-11-02T19:40:37","guid":{"rendered":"https:\/\/supcom.standardof.net\/?page_id=617"},"modified":"2020-11-04T00:33:47","modified_gmt":"2020-11-04T05:33:47","slug":"cybran-tech-2-naval-units","status":"publish","type":"page","link":"https:\/\/supcom.standardof.net\/fr\/supreme-commander\/cybran\/cybran-tech-2-unites-navales\/","title":{"rendered":"Unit\u00e9s navales Cybran Tech 2"},"content":{"rendered":"<div class=\"wp-block-uagb-table-of-contents uagb-toc__align-left uagb-toc__columns-1  uagb-block-1849780f\"\n\t\t\t\t\tdata-scroll= \"1\"\n\t\t\t\t\tdata-offset= \"30\"\n\t\t\t\t\tstyle=\"\"\n\t\t\t\t>\n\t\t\t\t<div class=\"uagb-toc__wrap\">\n\t\t\t\t\t\t<div class=\"uagb-toc__title\">\n\t\t\t\t\t\t\tUnit\u00e9s navales Cybran Tech 2:\t\t\t\t\t\t<\/div>\n\t\t\t\t\t\t\t\t\t\t\t\t\t\t\t\t<div class=\"uagb-toc__list-wrap\">\n\t\t\t\t\t\t<ol class=\"uagb-toc__list\"><li class=\"uagb-toc__list\"><a href=\"#siren-class-cruiser\" class=\"uagb-toc-link__trigger\">CRUISER DE CLASSE SIREN<\/a><li class=\"uagb-toc__list\"><a href=\"#salem-class-destroyer\" class=\"uagb-toc-link__trigger\">DESTRUCTEUR DE CLASSE SALEM<\/a><\/ol>\t\t\t\t\t<\/div>\n\t\t\t\t\t\t\t\t\t<\/div>\n\t\t\t\t<\/div>\n\t\t\t\n\n\n<section class=\"wp-block-uagb-columns uagb-columns__wrap uagb-columns__background-undefined uagb-columns__stack-mobile uagb-columns__valign-undefined uagb-columns__gap-10 alignundefined uagb-block-27b633ce\"><div class=\"uagb-columns__overlay\"><\/div><div class=\"uagb-columns__inner-wrap uagb-columns__columns-1\">\n<div class=\"wp-block-uagb-column uagb-column__wrap uagb-column__background-undefined uagb-block-78728c57\"><div class=\"uagb-column__overlay\"><\/div><div class=\"uagb-column__inner-wrap\">\n<h2 class=\"wp-block-heading\"><strong>SIR\u00c8NE <\/strong>CROISIER DE CLASSE<\/h2>\n\n\n\n<p><a href=\"https:\/\/www.standardof.net\/wp-content\/uploads\/2012\/12\/Siren-Class-Cruiser.png\" class=\"rank-math-link\" target=\"_blank\" rel=\"noopener\"><\/a>Le croiseur Cybran est une plate-forme de soutien a\u00e9rien d\u00e9di\u00e9e - il permet \u00e0 vos avions d&#039;atterrir et de faire le plein, ce n&#039;est pas plus cher que ses homologues des autres factions, et il a une capacit\u00e9 anti-a\u00e9rienne stup\u00e9fiante qui vous fait souhaiter votre pistolet anti-a\u00e9rien mobile T1 avait l&#039;un de CES lanceurs nanodart. Bien qu&#039;il ait un canon de pont, c&#039;est vraiment juste pour s&#039;assurer qu&#039;il peut attaquer avec le reste de vos navires tout en restant \u00e0 l&#039;arri\u00e8re o\u00f9 il appartient.<\/p>\n\n\n\n<div class=\"wp-block-image\"><figure class=\"aligncenter size-large\"><a href=\"https:\/\/supcom.standardof.net\/fr\/supreme-commander\/cybran\/cybran-tech-2-unites-navales\/siren-class-cruiser-supreme-commander-cybran-tech-2-navy-units\/\"><img decoding=\"async\" width=\"725\" height=\"530\" src=\"https:\/\/supcom.standardof.net\/wp-content\/uploads\/sites\/8\/2020\/11\/Siren-Class-Cruiser-Supreme-Commander-Cybran-Tech-2-Navy-Units.jpg\" alt=\"Le croiseur de classe Siren, Cybran Tech 1 Navy Unit dans Supreme Commander.\" class=\"wp-image-619\" srcset=\"https:\/\/supcom.standardof.net\/wp-content\/uploads\/sites\/8\/2020\/11\/Siren-Class-Cruiser-Supreme-Commander-Cybran-Tech-2-Navy-Units.jpg 725w, https:\/\/supcom.standardof.net\/wp-content\/uploads\/sites\/8\/2020\/11\/Siren-Class-Cruiser-Supreme-Commander-Cybran-Tech-2-Navy-Units-512x374.jpg 512w, https:\/\/supcom.standardof.net\/wp-content\/uploads\/sites\/8\/2020\/11\/Siren-Class-Cruiser-Supreme-Commander-Cybran-Tech-2-Navy-Units-200x146.jpg 200w, https:\/\/supcom.standardof.net\/wp-content\/uploads\/sites\/8\/2020\/11\/Siren-Class-Cruiser-Supreme-Commander-Cybran-Tech-2-Navy-Units-16x12.jpg 16w\" sizes=\"(max-width: 725px) 100vw, 725px\" \/><\/a><figcaption>CRUISER DE CLASSE SIREN<\/figcaption><\/figure><\/div>\n\n\n\n<section class=\"wp-block-uagb-columns uagb-columns__wrap uagb-columns__background-undefined uagb-columns__stack-mobile uagb-columns__valign-undefined uagb-columns__gap-10 alignundefined uagb-block-eda90e9f\"><div class=\"uagb-columns__overlay\"><\/div><div class=\"uagb-columns__inner-wrap uagb-columns__columns-2\">\n<div class=\"wp-block-uagb-column uagb-column__wrap uagb-column__background-undefined uagb-block-323360bc\"><div class=\"uagb-column__overlay\"><\/div><div class=\"uagb-column__inner-wrap\">\n<h3 class=\"wp-block-heading\">Statistiques de la sir\u00e8ne<\/h3>\n\n\n\n<p><strong>Armure:<\/strong> 2800<br><strong>Capacit\u00e9s:<\/strong> Staging a\u00e9rien, d\u00e9fense antimissile tactique<br><strong>Co\u00fbt:<\/strong> M2000, E18000, T4000<br><strong>Intel<\/strong><br>&nbsp;&nbsp;&nbsp;&nbsp; vue: 60 (1.17km)<br>&nbsp;&nbsp;&nbsp;&nbsp; radar: 70 (1,37 km)<br>&nbsp;&nbsp;&nbsp;&nbsp; sonar: 30 (586 m)<br>&nbsp;&nbsp;&nbsp;&nbsp; vue sur l&#039;eau: 45 (879m)<br><strong>La physique<\/strong><br>&nbsp;&nbsp;&nbsp;&nbsp; vitesse maximale: 4,25 (83,0 m \/ s)<br>&nbsp;&nbsp;&nbsp;&nbsp; taux de virage: 20<br><strong>Classe de transport:<\/strong> dix<br>&nbsp;&nbsp;&nbsp;&nbsp; taille d&#039;attache de classe 2: 1<br>&nbsp;&nbsp;&nbsp;&nbsp; taille d&#039;attache de classe 3: 1<br><strong>V\u00e9t\u00e9ran:<\/strong> 30, 60, 150, 300, 600 victimes<br><em>* v\u00e9t\u00e9ran niveau 2: +700 ch<br>* v\u00e9t\u00e9ran niveau 4: +700 ch<br>* v\u00e9t\u00e9ran niveau 5: r\u00e9parer 3 hp \/ s<\/em><\/p>\n<\/div><\/div>\n\n\n\n<div class=\"wp-block-uagb-column uagb-column__wrap uagb-column__background-undefined uagb-block-a123735b\"><div class=\"uagb-column__overlay\"><\/div><div class=\"uagb-column__inner-wrap\">\n<h3 class=\"wp-block-heading\">Armes de sir\u00e8ne<\/h3>\n\n\n\n<p><strong>Canon \u00e0 protons<\/strong> (Naval de tir direct)<br>&nbsp;&nbsp;&nbsp;&nbsp; 32,00 dps<br><strong>surface:<\/strong> 2 (39,1 m)<br><strong>intervalle:<\/strong> 64 (1,25 km)<br><strong>arme \u00e0 projectile:<\/strong> 20 d\u00e9g\u00e2ts<br>&nbsp;&nbsp;&nbsp;&nbsp; x 2 projectiles = 40 d\u00e9g\u00e2ts par salve<br><strong>cadence de tir:<\/strong> 0,8 (toutes les 1,25 s)<br><em>* v\u00e9t\u00e9ran niveau 1: +5 d\u00e9g\u00e2ts<br>* v\u00e9t\u00e9ran niveau 3: +5 d\u00e9g\u00e2ts<\/em><\/p>\n\n\n\n<p><strong>Lanceur Nanodart<\/strong> (Anti-air)<br>&nbsp;&nbsp;&nbsp;&nbsp; 72,00 dps<br><strong>intervalle:<\/strong> 64 (1,25 km)<br><strong>arme \u00e0 projectile:<\/strong> 15 d\u00e9g\u00e2ts<br>&nbsp;&nbsp;&nbsp;&nbsp; x 6 projectiles = 90 d\u00e9g\u00e2ts par salve<br><strong>cadence de tir:<\/strong> 0,8 (toutes les 1,25 s)<br>* v\u00e9t\u00e9ran niveau 1: +4 d\u00e9g\u00e2ts<br>* v\u00e9t\u00e9ran niveau 3: +4 d\u00e9g\u00e2ts<\/p>\n\n\n\n<p><strong>Lanceur Nanodart<\/strong> (Anti-air):<br>&nbsp;&nbsp;&nbsp;&nbsp; 90,00 dps,<br><strong>intervalle:<\/strong> 64 (1,25 km)<br><strong>arme \u00e0 projectile:<\/strong> 30 d\u00e9g\u00e2ts<br>&nbsp;&nbsp;&nbsp;&nbsp;&nbsp; x 6 projectiles = 180 d\u00e9g\u00e2ts par salve<br><strong>cadence de tir:<\/strong> 0,5 (toutes les 2 s)<br><em>* v\u00e9t\u00e9ran niveau 1: +8 d\u00e9g\u00e2ts<br>* v\u00e9t\u00e9ran niveau 3: +8 d\u00e9g\u00e2ts<\/em><\/p>\n\n\n\n<p><strong>Zapper Anti Missile<\/strong> (La d\u00e9fense)<br>&nbsp;&nbsp;&nbsp;&nbsp;&nbsp; 7,20 dps<br><strong>intervalle:<\/strong> 32 (625m)<br><strong>arme \u00e0 faisceau:<\/strong> 6 d\u00e9g\u00e2ts<br>&nbsp;&nbsp;&nbsp;&nbsp; x 1 faisceau toutes les 0,25 s pendant 0,5 s = 18 d\u00e9g\u00e2ts<br><strong>cadence de tir:<\/strong> 0,4 (toutes les 2,5 s)<\/p>\n<\/div><\/div>\n<\/div><\/section>\n<\/div><\/div>\n<\/div><\/section>\n\n\n\n<section class=\"wp-block-uagb-columns uagb-columns__wrap uagb-columns__background-undefined uagb-columns__stack-mobile uagb-columns__valign-undefined uagb-columns__gap-10 alignundefined uagb-block-4aed9922\"><div class=\"uagb-columns__overlay\"><\/div><div class=\"uagb-columns__inner-wrap uagb-columns__columns-1\">\n<div class=\"wp-block-uagb-column uagb-column__wrap uagb-column__background-undefined uagb-block-8548c629\"><div class=\"uagb-column__overlay\"><\/div><div class=\"uagb-column__inner-wrap\">\n<h2 class=\"wp-block-heading\"><strong>SALEM <\/strong>DESTRUCTEUR DE CLASSE<\/h2>\n\n\n\n<p><a href=\"https:\/\/www.standardof.net\/wp-content\/uploads\/2012\/12\/Salem-Class-Destroyer.png\" class=\"rank-math-link\" target=\"_blank\" rel=\"noopener\"><\/a>Le Salem est le point culminant de la marine cybran. Il a plus de puissance de feu que les navires des autres camps ainsi que des torpilles et des anti-torpilles respectables pour combattre les sous-flottes. Il ne cesse jamais d&#039;\u00eatre utile en raison de sa capacit\u00e9 amphibie, et il est tr\u00e8s lent mais toujours d\u00e9vastateur lorsqu&#039;il rampe sur la c\u00f4te. Sa seule faiblesse est un blindage faible, ce qui signifie qu&#039;il a du mal \u00e0 affronter d&#039;autres destroyers en mer \u00e0 moins que vous ne lui donniez l&#039;ordre de se lancer dans la m\u00eal\u00e9e pour que ses torpilles puissent commencer \u00e0 attaquer.<\/p>\n\n\n\n<div class=\"wp-block-image\"><figure class=\"aligncenter size-large\"><a href=\"https:\/\/supcom.standardof.net\/fr\/supreme-commander\/cybran\/cybran-tech-2-unites-navales\/salem-class-destroyer-supreme-commander-cybran-tech-2-navy-units\/\"><img decoding=\"async\" width=\"576\" height=\"417\" src=\"https:\/\/supcom.standardof.net\/wp-content\/uploads\/sites\/8\/2020\/11\/Salem-Class-Destroyer-Supreme-Commander-Cybran-Tech-2-Navy-Units.jpg\" alt=\"Le destroyer de classe Salem, unit\u00e9 navale Cybran Tech 1 dans Supreme Commander.\" class=\"wp-image-620\" srcset=\"https:\/\/supcom.standardof.net\/wp-content\/uploads\/sites\/8\/2020\/11\/Salem-Class-Destroyer-Supreme-Commander-Cybran-Tech-2-Navy-Units.jpg 576w, https:\/\/supcom.standardof.net\/wp-content\/uploads\/sites\/8\/2020\/11\/Salem-Class-Destroyer-Supreme-Commander-Cybran-Tech-2-Navy-Units-512x371.jpg 512w, https:\/\/supcom.standardof.net\/wp-content\/uploads\/sites\/8\/2020\/11\/Salem-Class-Destroyer-Supreme-Commander-Cybran-Tech-2-Navy-Units-200x145.jpg 200w, https:\/\/supcom.standardof.net\/wp-content\/uploads\/sites\/8\/2020\/11\/Salem-Class-Destroyer-Supreme-Commander-Cybran-Tech-2-Navy-Units-16x12.jpg 16w\" sizes=\"(max-width: 576px) 100vw, 576px\" \/><\/a><figcaption>DESTRUCTEUR DE CLASSE SALEM<\/figcaption><\/figure><\/div>\n\n\n\n<section class=\"wp-block-uagb-columns uagb-columns__wrap uagb-columns__background-undefined uagb-columns__stack-mobile uagb-columns__valign-undefined uagb-columns__gap-10 alignundefined uagb-block-372b783e\"><div class=\"uagb-columns__overlay\"><\/div><div class=\"uagb-columns__inner-wrap uagb-columns__columns-2\">\n<div class=\"wp-block-uagb-column uagb-column__wrap uagb-column__background-undefined uagb-block-0893201b\"><div class=\"uagb-column__overlay\"><\/div><div class=\"uagb-column__inner-wrap\">\n<h3 class=\"wp-block-heading\">Statistiques de Salem<\/h3>\n\n\n\n<p><strong>Armure:<\/strong> 6050 chevaux<br><strong>Capacit\u00e9s:<\/strong> Amphibie, d\u00e9fense contre les torpilles, sonar<br><strong>Co\u00fbt:<\/strong> M2340, E15600, T5200<br><strong>Intel<br>&nbsp;&nbsp;&nbsp;&nbsp; <\/strong>vue: 55 (1.07km)<br>&nbsp;&nbsp;&nbsp;&nbsp; radar: 60 (1,17 km)<br>&nbsp;&nbsp;&nbsp;&nbsp; sonar: 60 (1,17 km)<br>&nbsp;&nbsp;&nbsp;&nbsp; vue sur l&#039;eau: 42 (820m)<br><strong>La physique<\/strong><br>&nbsp;&nbsp;&nbsp;&nbsp; vitesse max: 6 (117m \/ s)<br>&nbsp;&nbsp;&nbsp;&nbsp; taux de virage: 25<br><strong>V\u00e9t\u00e9ran: <\/strong>30, 60, 150, 300, 600 victimes<br><em>* v\u00e9t\u00e9ran niveau 2: +1513 pv<br>* v\u00e9t\u00e9ran niveau 4: +1513 pv<br>* v\u00e9t\u00e9ran niveau 5: r\u00e9parer 3 hp \/ s<\/em><\/p>\n<\/div><\/div>\n\n\n\n<div class=\"wp-block-uagb-column uagb-column__wrap uagb-column__background-undefined uagb-block-5e6cca19\"><div class=\"uagb-column__overlay\"><\/div><div class=\"uagb-column__inner-wrap\">\n<h3 class=\"wp-block-heading\">Armes de Salem<\/h3>\n\n\n\n<p><strong>Canon \u00e0 protons<\/strong> (Naval de tir direct)<br>&nbsp;&nbsp;&nbsp;&nbsp; 230,00 dps<br><strong>surface: <\/strong>1 (19,5 m)<br><strong>intervalle:<\/strong> 80 (1,56 km)<br><strong>arme \u00e0 projectile:<\/strong> 115 d\u00e9g\u00e2ts<br>&nbsp;&nbsp;&nbsp;&nbsp; x 2 projectiles = 230 d\u00e9g\u00e2ts par salve<br><strong>cadence de tir:<\/strong> 1 (toutes les 1s)<br><em>* v\u00e9t\u00e9ran niveau 1: +29 d\u00e9g\u00e2ts<br>* v\u00e9t\u00e9ran niveau 3: +29 d\u00e9g\u00e2ts<\/em><\/p>\n\n\n\n<p><strong>Canon automatique \u00e9lectronique<\/strong> (Anti-air)<br>&nbsp;&nbsp;&nbsp;&nbsp; 8,80 dps<br><strong>intervalle:<\/strong> 44 (859m)<br><strong>arme \u00e0 projectile:<\/strong> 1 d\u00e9g\u00e2t<br>&nbsp;&nbsp;&nbsp;&nbsp; x 4 projectiles = 4 d\u00e9g\u00e2ts par salve<br><strong>cadence de tir:<\/strong> 2,2 (toutes les 0,45 s)<\/p>\n\n\n\n<p>2x <strong>Torpille de nanite<\/strong> (Anti Marine)<br>&nbsp;&nbsp;&nbsp;&nbsp; 58,28 dps<br><strong>intervalle:<\/strong> 32 (625m)<br><strong>arme \u00e0 projectile:<\/strong> 175<br>&nbsp;&nbsp;&nbsp;&nbsp; (5 fois 35 d\u00e9g\u00e2ts en 1 seconde)<br><strong>cadence de tir:<\/strong> 0,333 (toutes les 3 s)<br><em>* v\u00e9t\u00e9ran niveau 1: +9 d\u00e9g\u00e2ts<br>* v\u00e9t\u00e9ran niveau 3: +9 d\u00e9g\u00e2ts<\/em><\/p>\n\n\n\n<p>2x <strong>Solution anti-torpilles<\/strong> (La d\u00e9fense)<br>&nbsp;&nbsp;&nbsp;&nbsp; 0,16 dps<br><strong>intervalle:<\/strong> 25 (488 m)<br><strong>arme \u00e0 projectile:<\/strong> 2 d\u00e9g\u00e2ts<br><strong>cadence de tir:<\/strong> 0,08 (toutes les 12,5 s)<\/p>\n<\/div><\/div>\n<\/div><\/section>\n<\/div><\/div>\n<\/div><\/section>","protected":false},"excerpt":{"rendered":"<p>SIREN CLASS CRUISER The Cybran cruiser is a dedicated air support platform &#8211; it lets your planes land and refuel, it&#8217;s not any more expensive than its counterparts in the other factions, and it has staggering anti-air capability that makes you wish your T1 mobile anti-air gun had one of THESE nanodart launchers. While it [&hellip;]<\/p>","protected":false},"author":1,"featured_media":0,"parent":538,"menu_order":0,"comment_status":"open","ping_status":"closed","template":"","meta":{"_uag_custom_page_level_css":"","site-sidebar-layout":"default","site-content-layout":"default","ast-site-content-layout":"","site-content-style":"default","site-sidebar-style":"default","ast-global-header-display":"","ast-banner-title-visibility":"","ast-main-header-display":"","ast-hfb-above-header-display":"","ast-hfb-below-header-display":"","ast-hfb-mobile-header-display":"","site-post-title":"","ast-breadcrumbs-content":"","ast-featured-img":"","footer-sml-layout":"","theme-transparent-header-meta":"default","adv-header-id-meta":"","stick-header-meta":"","header-above-stick-meta":"","header-main-stick-meta":"","header-below-stick-meta":"","astra-migrate-meta-layouts":"default","ast-page-background-enabled":"default","ast-page-background-meta":{"desktop":{"background-color":"","background-image":"","background-repeat":"repeat","background-position":"center center","background-size":"auto","background-attachment":"scroll","background-type":"","background-media":"","overlay-type":"","overlay-color":"","overlay-gradient":""},"tablet":{"background-color":"","background-image":"","background-repeat":"repeat","background-position":"center center","background-size":"auto","background-attachment":"scroll","background-type":"","background-media":"","overlay-type":"","overlay-color":"","overlay-gradient":""},"mobile":{"background-color":"","background-image":"","background-repeat":"repeat","background-position":"center center","background-size":"auto","background-attachment":"scroll","background-type":"","background-media":"","overlay-type":"","overlay-color":"","overlay-gradient":""}},"ast-content-background-meta":{"desktop":{"background-color":"var(--ast-global-color-5)","background-image":"","background-repeat":"repeat","background-position":"center center","background-size":"auto","background-attachment":"scroll","background-type":"","background-media":"","overlay-type":"","overlay-color":"","overlay-gradient":""},"tablet":{"background-color":"var(--ast-global-color-5)","background-image":"","background-repeat":"repeat","background-position":"center center","background-size":"auto","background-attachment":"scroll","background-type":"","background-media":"","overlay-type":"","overlay-color":"","overlay-gradient":""},"mobile":{"background-color":"var(--ast-global-color-5)","background-image":"","background-repeat":"repeat","background-position":"center center","background-size":"auto","background-attachment":"scroll","background-type":"","background-media":"","overlay-type":"","overlay-color":"","overlay-gradient":""}},"footnotes":""},"uagb_featured_image_src":{"full":false,"thumbnail":false,"medium":false,"medium_large":false,"large":false,"1536x1536":false,"2048x2048":false,"trp-custom-language-flag":false},"uagb_author_info":{"display_name":"SOE","author_link":"https:\/\/supcom.standardof.net\/fr\/author\/k-tastic\/"},"uagb_comment_info":0,"uagb_excerpt":"SIREN CLASS CRUISER The Cybran cruiser is a dedicated air support platform &#8211; it lets your planes land and refuel, it&#8217;s not any more expensive than its counterparts in the other factions, and it has staggering anti-air capability that makes you wish your T1 mobile anti-air gun had one of THESE nanodart launchers. While it&hellip;","_links":{"self":[{"href":"https:\/\/supcom.standardof.net\/fr\/wp-json\/wp\/v2\/pages\/617"}],"collection":[{"href":"https:\/\/supcom.standardof.net\/fr\/wp-json\/wp\/v2\/pages"}],"about":[{"href":"https:\/\/supcom.standardof.net\/fr\/wp-json\/wp\/v2\/types\/page"}],"author":[{"embeddable":true,"href":"https:\/\/supcom.standardof.net\/fr\/wp-json\/wp\/v2\/users\/1"}],"replies":[{"embeddable":true,"href":"https:\/\/supcom.standardof.net\/fr\/wp-json\/wp\/v2\/comments?post=617"}],"version-history":[{"count":0,"href":"https:\/\/supcom.standardof.net\/fr\/wp-json\/wp\/v2\/pages\/617\/revisions"}],"up":[{"embeddable":true,"href":"https:\/\/supcom.standardof.net\/fr\/wp-json\/wp\/v2\/pages\/538"}],"wp:attachment":[{"href":"https:\/\/supcom.standardof.net\/fr\/wp-json\/wp\/v2\/media?parent=617"}],"curies":[{"name":"wp","href":"https:\/\/api.w.org\/{rel}","templated":true}]}}