{"id":623,"date":"2020-11-02T14:46:41","date_gmt":"2020-11-02T19:46:41","guid":{"rendered":"https:\/\/supcom.standardof.net\/?page_id=623"},"modified":"2020-11-04T00:33:58","modified_gmt":"2020-11-04T05:33:58","slug":"cybran-tech-3-naval-units","status":"publish","type":"page","link":"https:\/\/supcom.standardof.net\/fr\/supreme-commander\/cybran\/cybran-tech-3-unites-navales\/","title":{"rendered":"Unit\u00e9s navales Cybran Tech 3"},"content":{"rendered":"<div class=\"wp-block-uagb-table-of-contents uagb-toc__align-left uagb-toc__columns-1  uagb-block-a7257bd8\"\n\t\t\t\t\tdata-scroll= \"1\"\n\t\t\t\t\tdata-offset= \"30\"\n\t\t\t\t\tstyle=\"\"\n\t\t\t\t>\n\t\t\t\t<div class=\"uagb-toc__wrap\">\n\t\t\t\t\t\t<div class=\"uagb-toc__title\">\n\t\t\t\t\t\t\tUnit\u00e9s navales Cybran Tech 3:\t\t\t\t\t\t<\/div>\n\t\t\t\t\t\t\t\t\t\t\t\t\t\t\t\t<div class=\"uagb-toc__list-wrap\">\n\t\t\t\t\t\t<ol class=\"uagb-toc__list\"><li class=\"uagb-toc__list\"><a href=\"#galaxy-class-battleship\" class=\"uagb-toc-link__trigger\">BATAILLE DE CLASSE GALAXY<\/a><li class=\"uagb-toc__list\"><a href=\"#command-class-aircraft-carrier\" class=\"uagb-toc-link__trigger\">PORTE-AVIONS DE CLASSE COMMANDEMENT<\/a><li class=\"uagb-toc__list\"><a href=\"#plan-b-strategic-missile-submarine\" class=\"uagb-toc-link__trigger\">PLAN B - SOUS-MARIN MISSILE STRAT\u00c9GIQUE<\/a><\/ol>\t\t\t\t\t<\/div>\n\t\t\t\t\t\t\t\t\t<\/div>\n\t\t\t\t<\/div>\n\t\t\t\n\n\n<section class=\"wp-block-uagb-columns uagb-columns__wrap uagb-columns__background-undefined uagb-columns__stack-mobile uagb-columns__valign-undefined uagb-columns__gap-10 alignundefined uagb-block-a3d36f63\"><div class=\"uagb-columns__overlay\"><\/div><div class=\"uagb-columns__inner-wrap uagb-columns__columns-1\">\n<div class=\"wp-block-uagb-column uagb-column__wrap uagb-column__background-undefined uagb-block-9206c269\"><div class=\"uagb-column__overlay\"><\/div><div class=\"uagb-column__inner-wrap\">\n<h2 class=\"wp-block-heading\"><strong>GALAXIE <\/strong>BATAILLE DE CLASSE<\/h2>\n\n\n\n<p><a href=\"https:\/\/www.standardof.net\/wp-content\/uploads\/2012\/12\/Galaxy-Class-Battleship.png\" class=\"rank-math-link\" target=\"_blank\" rel=\"noopener\"><\/a>Le cuirass\u00e9 est essentiellement une unit\u00e9 exp\u00e9rimentale que vous pouvez construire dans votre usine navale. Il a des quantit\u00e9s impies d&#039;armure, des d\u00e9fenses antimissiles tactiques pour s&#039;assurer qu&#039;il n&#039;est pas \u00e9limin\u00e9 par les d\u00e9fenses c\u00f4ti\u00e8res avant d&#039;avoir son mot \u00e0 dire en la mati\u00e8re, et des canons anti-a\u00e9riens con\u00e7us pour tuer des navires de combat plut\u00f4t que des bombardiers (ce que vos croiseurs devraient d\u00e9j\u00e0 \u00eatre) manipulation). Comme tous les cuirass\u00e9s, il a des canons principaux qui sont essentiellement des pi\u00e8ces d&#039;artillerie T2, mont\u00e9es sur un ch\u00e2ssis tr\u00e8s lourdement blind\u00e9; comme le Monkeylord sur terre, il peut tout g\u00e9rer seul, mais fonctionne beaucoup mieux lorsqu&#039;il est entour\u00e9 de ses amis (ou d&#039;un autre cuirass\u00e9!)<\/p>\n\n\n\n<div class=\"wp-block-image\"><figure class=\"aligncenter size-large\"><a href=\"https:\/\/supcom.standardof.net\/fr\/supreme-commander\/cybran\/cybran-tech-3-unites-navales\/galaxy-class-battleship-supreme-commander-cybran-tech-3-navy-units\/\"><img decoding=\"async\" width=\"800\" height=\"627\" src=\"https:\/\/supcom.standardof.net\/wp-content\/uploads\/sites\/8\/2020\/11\/Galaxy-Class-Battleship-Supreme-Commander-Cybran-Tech-3-Navy-Units-800x627.jpg\" alt=\"Le cuirass\u00e9 de classe Galaxy, unit\u00e9 navale Cybran Tech 3 dans Supreme Commander.\" class=\"wp-image-627\" srcset=\"https:\/\/supcom.standardof.net\/wp-content\/uploads\/sites\/8\/2020\/11\/Galaxy-Class-Battleship-Supreme-Commander-Cybran-Tech-3-Navy-Units-800x627.jpg 800w, https:\/\/supcom.standardof.net\/wp-content\/uploads\/sites\/8\/2020\/11\/Galaxy-Class-Battleship-Supreme-Commander-Cybran-Tech-3-Navy-Units-512x401.jpg 512w, https:\/\/supcom.standardof.net\/wp-content\/uploads\/sites\/8\/2020\/11\/Galaxy-Class-Battleship-Supreme-Commander-Cybran-Tech-3-Navy-Units-200x157.jpg 200w, https:\/\/supcom.standardof.net\/wp-content\/uploads\/sites\/8\/2020\/11\/Galaxy-Class-Battleship-Supreme-Commander-Cybran-Tech-3-Navy-Units-768x602.jpg 768w, https:\/\/supcom.standardof.net\/wp-content\/uploads\/sites\/8\/2020\/11\/Galaxy-Class-Battleship-Supreme-Commander-Cybran-Tech-3-Navy-Units-16x12.jpg 16w, https:\/\/supcom.standardof.net\/wp-content\/uploads\/sites\/8\/2020\/11\/Galaxy-Class-Battleship-Supreme-Commander-Cybran-Tech-3-Navy-Units.jpg 834w\" sizes=\"(max-width: 800px) 100vw, 800px\" \/><\/a><figcaption>BATAILLE DE CLASSE GALAXY<\/figcaption><\/figure><\/div>\n\n\n\n<section class=\"wp-block-uagb-columns uagb-columns__wrap uagb-columns__background-undefined uagb-columns__stack-mobile uagb-columns__valign-undefined uagb-columns__gap-10 alignundefined uagb-block-a21bba76\"><div class=\"uagb-columns__overlay\"><\/div><div class=\"uagb-columns__inner-wrap uagb-columns__columns-2\">\n<div class=\"wp-block-uagb-column uagb-column__wrap uagb-column__background-undefined uagb-block-579ae64d\"><div class=\"uagb-column__overlay\"><\/div><div class=\"uagb-column__inner-wrap\">\n<h3 class=\"wp-block-heading\">Statistiques Galaxy<\/h3>\n\n\n\n<p><strong>Armure:<\/strong> 50000 chevaux<br><strong>Capacit\u00e9s:<\/strong> D\u00e9fense antimissile - Tactique<br><strong>Co\u00fbt:<\/strong> M21000, E168000, T25200<br><strong>Intel<\/strong><br>&nbsp;&nbsp;&nbsp;&nbsp; vue: 70 (1.37km)<br>&nbsp;&nbsp;&nbsp;&nbsp; radar: 90 (1,76 km)<br>&nbsp;&nbsp;&nbsp;&nbsp; sonar: 50 (977 m)<br>&nbsp;&nbsp;&nbsp;&nbsp; vue sur l&#039;eau: 50 (977m)<br><strong>La physique<\/strong><br>&nbsp;&nbsp;&nbsp;&nbsp; vitesse maximale: 4,675 (91,3 m \/ s)<br>&nbsp;&nbsp;&nbsp;&nbsp; taux de virage: 15<br><strong>V\u00e9t\u00e9ran:<\/strong> 50, 100, 250, 500, 1000 victimes<br><em>* v\u00e9t\u00e9ran niveau 2: +12500 ch<br>* v\u00e9t\u00e9ran niveau 4: +12500 ch<br>* v\u00e9t\u00e9ran niveau 5: r\u00e9parer 3 hp \/ s<\/em><\/p>\n<\/div><\/div>\n\n\n\n<div class=\"wp-block-uagb-column uagb-column__wrap uagb-column__background-undefined uagb-block-4b026808\"><div class=\"uagb-column__overlay\"><\/div><div class=\"uagb-column__inner-wrap\">\n<h3 class=\"wp-block-heading\">Armes de la galaxie<\/h3>\n\n\n\n<p>2x <strong>Canon \u00e0 protons<\/strong> (Naval de tir direct)<br>&nbsp;&nbsp;&nbsp;&nbsp; 202,50 dps<br><strong>surface:<\/strong> 3 (58,6 m)<br><strong>intervalle:<\/strong> 128 (2,50 km)<br><strong>arme \u00e0 projectile:<\/strong> 750 d\u00e9g\u00e2ts<br><strong>cadence de tir:<\/strong> 0,27 (toutes les 3,7 s)<br><em>* v\u00e9t\u00e9ran niveau 1: +188 d\u00e9g\u00e2ts<br>* v\u00e9t\u00e9ran niveau 3: +188 d\u00e9g\u00e2ts<\/em><\/p>\n\n\n\n<p>2x <strong>Canon automatique \u00e9lectronique<\/strong> (Anti-air)<br>&nbsp;&nbsp;&nbsp;&nbsp; 55,00 dps<br><strong>intervalle:<\/strong> 44 (859m)<br><strong>arme \u00e0 projectile:<\/strong> 5 d\u00e9g\u00e2ts<br>&nbsp;&nbsp;&nbsp;&nbsp; x 4 projectiles = 20 d\u00e9g\u00e2ts par salve<br><strong>cadence de tir:<\/strong> 2,75 (toutes les 0,36 s)<br><em>* v\u00e9t\u00e9ran niveau 1: +1 d\u00e9g\u00e2ts<br>* v\u00e9t\u00e9ran niveau 3: +1 d\u00e9g\u00e2ts<\/em><\/p>\n\n\n\n<p>2x <strong>Torpille de nanite<\/strong> (Anti Marine)<br>&nbsp;&nbsp;&nbsp;&nbsp; 66,00 dps<br><strong>intervalle:<\/strong> 32 (625m)<br><strong>arme \u00e0 projectile:<\/strong> 200<br>&nbsp;&nbsp;&nbsp;&nbsp; (5 fois 40 d\u00e9g\u00e2ts en 1 seconde)<br><strong>cadence de tir:<\/strong> 0,33 (toutes les 3,03 s)<br><em>* v\u00e9t\u00e9ran niveau 1: +10 d\u00e9g\u00e2ts<br>* v\u00e9t\u00e9ran niveau 3: +10 d\u00e9g\u00e2ts<\/em><\/p>\n\n\n\n<p>2x <strong>Zapper Anti Missile<\/strong> (La d\u00e9fense)<br>&nbsp;&nbsp;&nbsp;&nbsp; 14,40 dps<br><strong>intervalle:<\/strong> 32 (625m)<br><strong>arme \u00e0 faisceau:<\/strong> 6 d\u00e9g\u00e2ts<br>&nbsp;&nbsp;&nbsp;&nbsp; x 2 faisceaux toutes les 0,25 s pendant 0,5 s = 36 d\u00e9g\u00e2ts<br><strong>cadence de tir:<\/strong> 0,4 (toutes les 2,5 s)<\/p>\n<\/div><\/div>\n<\/div><\/section>\n<\/div><\/div>\n<\/div><\/section>\n\n\n\n<section class=\"wp-block-uagb-columns uagb-columns__wrap uagb-columns__background-undefined uagb-columns__stack-mobile uagb-columns__valign-undefined uagb-columns__gap-10 alignundefined uagb-block-1e16bf14\"><div class=\"uagb-columns__overlay\"><\/div><div class=\"uagb-columns__inner-wrap uagb-columns__columns-1\">\n<div class=\"wp-block-uagb-column uagb-column__wrap uagb-column__background-undefined uagb-block-31e9b915\"><div class=\"uagb-column__overlay\"><\/div><div class=\"uagb-column__inner-wrap\">\n<h2 class=\"wp-block-heading\"><strong>COMMANDER <\/strong>PORTE-AVIONS DE CLASSE<\/h2>\n\n\n\n<p><a href=\"https:\/\/www.standardof.net\/wp-content\/uploads\/2012\/12\/Command-Class-Aircraft-Carrier.png\" class=\"rank-math-link\" target=\"_blank\" rel=\"noopener\"><\/a>Le porte-avions Cybran est assez bon march\u00e9 \u00e0 construire et n&#039;est vraiment utile que sur les grandes cartes o\u00f9 vous souhaitez envoyer une aile d&#039;avion sans risquer de manquer de carburant pendant le voyage. Il a de puissants canons anti-a\u00e9riens, mais ce ne sont que des armes \u00e0 feu, donc ils ne se connecteront pas toujours et ne feront pas tomber les vaisseaux de combat ennemis. Il peut construire ses propres avions, mais c&#039;est plus un avantage secondaire - en fait, il est l\u00e0 pour prot\u00e9ger votre flotte de bombardiers torpilleurs jusqu&#039;\u00e0 ce qu&#039;ils soient d\u00e9cha\u00een\u00e9s sur des cuirass\u00e9s ennemis.<\/p>\n\n\n\n<div class=\"wp-block-image\"><figure class=\"aligncenter size-large\"><a href=\"https:\/\/supcom.standardof.net\/fr\/supreme-commander\/cybran\/cybran-tech-3-unites-navales\/command-class-aircraft-carrier-supreme-commander-cybran-tech-3-navy-units\/\"><img decoding=\"async\" width=\"800\" height=\"526\" src=\"https:\/\/supcom.standardof.net\/wp-content\/uploads\/sites\/8\/2020\/11\/Command-Class-Aircraft-Carrier-Supreme-Commander-Cybran-Tech-3-Navy-Units-800x526.jpg\" alt=\"Le porte-avions de la classe Command, l&#039;unit\u00e9 navale Cybran Tech 3 dans Supreme Commander.\" class=\"wp-image-626\" srcset=\"https:\/\/supcom.standardof.net\/wp-content\/uploads\/sites\/8\/2020\/11\/Command-Class-Aircraft-Carrier-Supreme-Commander-Cybran-Tech-3-Navy-Units-800x526.jpg 800w, https:\/\/supcom.standardof.net\/wp-content\/uploads\/sites\/8\/2020\/11\/Command-Class-Aircraft-Carrier-Supreme-Commander-Cybran-Tech-3-Navy-Units-512x337.jpg 512w, https:\/\/supcom.standardof.net\/wp-content\/uploads\/sites\/8\/2020\/11\/Command-Class-Aircraft-Carrier-Supreme-Commander-Cybran-Tech-3-Navy-Units-200x131.jpg 200w, https:\/\/supcom.standardof.net\/wp-content\/uploads\/sites\/8\/2020\/11\/Command-Class-Aircraft-Carrier-Supreme-Commander-Cybran-Tech-3-Navy-Units-768x505.jpg 768w, https:\/\/supcom.standardof.net\/wp-content\/uploads\/sites\/8\/2020\/11\/Command-Class-Aircraft-Carrier-Supreme-Commander-Cybran-Tech-3-Navy-Units-16x12.jpg 16w, https:\/\/supcom.standardof.net\/wp-content\/uploads\/sites\/8\/2020\/11\/Command-Class-Aircraft-Carrier-Supreme-Commander-Cybran-Tech-3-Navy-Units.jpg 928w\" sizes=\"(max-width: 800px) 100vw, 800px\" \/><\/a><figcaption>PORTE-AVIONS DE CLASSE COMMANDEMENT<\/figcaption><\/figure><\/div>\n\n\n\n<section class=\"wp-block-uagb-columns uagb-columns__wrap uagb-columns__background-undefined uagb-columns__stack-mobile uagb-columns__valign-undefined uagb-columns__gap-10 alignundefined uagb-block-61da88da\"><div class=\"uagb-columns__overlay\"><\/div><div class=\"uagb-columns__inner-wrap uagb-columns__columns-2\">\n<div class=\"wp-block-uagb-column uagb-column__wrap uagb-column__background-undefined uagb-block-8ed60475\"><div class=\"uagb-column__overlay\"><\/div><div class=\"uagb-column__inner-wrap\">\n<h3 class=\"wp-block-heading\">Statistiques de commandement<\/h3>\n\n\n\n<p><strong>Armure:<\/strong> 18000 chevaux<br><strong>Capacit\u00e9s:<\/strong> Radar, d\u00e9fense antimissile - tactique, construction<br><strong>Co\u00fbt:<\/strong> M3600, E36000, T7200<br>&nbsp;&nbsp;&nbsp;&nbsp; taux de construction: 20<br><strong>Intel<br>&nbsp;&nbsp;&nbsp;&nbsp; <\/strong>vue: 60 (1.17km)<br>&nbsp;&nbsp;&nbsp;&nbsp; radar: 150 (2,93 km)<br>&nbsp;&nbsp;&nbsp;&nbsp; sonar: 20 (391 m)<br>&nbsp;&nbsp;&nbsp;&nbsp; vue sur l&#039;eau: 24 (469m)<br><strong>La physique<\/strong><br>&nbsp;&nbsp;&nbsp;&nbsp; vitesse maximale: 3,4 (66,4 m \/ s)<br>&nbsp;&nbsp;&nbsp;&nbsp; taux de virage: 10<br><strong>Classe de transport:<\/strong> 10 (transporte 50 avions)<br><strong>V\u00e9t\u00e9ran: <\/strong>50, 100, 250, 500, 1000 victimes<br><em>* v\u00e9t\u00e9ran niveau 2: +4500 ch<br>* v\u00e9t\u00e9ran niveau 4: +4500 ch<br>* v\u00e9t\u00e9ran niveau 5: r\u00e9parer 3 hp \/ s<\/em><\/p>\n<\/div><\/div>\n\n\n\n<div class=\"wp-block-uagb-column uagb-column__wrap uagb-column__background-undefined uagb-block-a187c46b\"><div class=\"uagb-column__overlay\"><\/div><div class=\"uagb-column__inner-wrap\">\n<h3 class=\"wp-block-heading\">Armes de commandement<\/h3>\n\n\n\n<p>4x <strong>Canon automatique \u00e9lectronique<\/strong> (La d\u00e9fense):<br>&nbsp;&nbsp;&nbsp;&nbsp; 40,00 dps<br><strong>intervalle:<\/strong> 44 (859m)<br><strong>arme \u00e0 projectile:<\/strong> 5 d\u00e9g\u00e2ts<br>&nbsp;&nbsp;&nbsp;&nbsp; x 4 projectiles = 52 d\u00e9g\u00e2ts par salve<br><strong>cadence de tir:<\/strong> 2 (toutes les 0,5 s)<br><em>* v\u00e9t\u00e9ran niveau 1: +3 d\u00e9g\u00e2ts<br>* v\u00e9t\u00e9ran niveau 3: +3 d\u00e9g\u00e2ts<\/em><\/p>\n\n\n\n<p><strong>Zapper Anti Missile<\/strong> (La d\u00e9fense)<br>&nbsp;&nbsp;&nbsp;&nbsp; 7,20 dps,<br><strong>intervalle:<\/strong> 32 (625m)<br><strong>arme \u00e0 faisceau:<\/strong> 6 d\u00e9g\u00e2ts<br>&nbsp;&nbsp;&nbsp;&nbsp; x 3 poutres, une toutes les 0,25 s = 18 d\u00e9g\u00e2ts<br><strong>cadence de tir:<\/strong> 2 (toutes les 0,5 s)<\/p>\n<\/div><\/div>\n<\/div><\/section>\n<\/div><\/div>\n<\/div><\/section>\n\n\n\n<section class=\"wp-block-uagb-columns uagb-columns__wrap uagb-columns__background-undefined uagb-columns__stack-mobile uagb-columns__valign-undefined uagb-columns__gap-10 alignundefined uagb-block-89fe2485\"><div class=\"uagb-columns__overlay\"><\/div><div class=\"uagb-columns__inner-wrap uagb-columns__columns-1\">\n<div class=\"wp-block-uagb-column uagb-column__wrap uagb-column__background-undefined uagb-block-563c7b2b\"><div class=\"uagb-column__overlay\"><\/div><div class=\"uagb-column__inner-wrap\">\n<h2 class=\"wp-block-heading\"><strong>PLAN B<\/strong> - SOUS-MARIN MISSILE STRAT\u00c9GIQUE<\/h2>\n\n\n\n<p><a href=\"https:\/\/www.standardof.net\/wp-content\/uploads\/2012\/12\/Plan-B-Strategic-Missile-Submarine.png\" class=\"rank-math-link\" target=\"_blank\" rel=\"noopener\"><\/a>Ce n&#039;est pas parce que votre arme nucl\u00e9aire arrive sur un sous-marin que sa construction est moins douloureuse. N&#039;oubliez pas de ne pas construire cela dans votre seule usine navale, car vous serez bient\u00f4t submerg\u00e9. Le sous-marin Cybran ne peut pas r\u00e9ellement combattre d&#039;autres flottes navales, \u00e0 moins qu&#039;ils ne soient UEF et que vous ayez d\u00e9j\u00e0 tu\u00e9 tous leurs sous-marins T1, car ils abattront simplement ses missiles tactiques en le laissant comme un sous-marin extr\u00eamement co\u00fbteux et trop lent. pour s&#039;\u00e9chapper apr\u00e8s avoir tir\u00e9 ses armes nucl\u00e9aires. Contre les forces terrestres, cependant, cela fera peur dans le c\u0153ur des commandants ennemis, car les missiles tactiques apparaissent de nulle part et leur usine navale est soudainement bombard\u00e9e. Bien que le sous-marin lui-m\u00eame soit relativement bon march\u00e9, les armes nucl\u00e9aires sont tr\u00e8s ch\u00e8res \u00e0 construire, alors ne vous faites pas d&#039;illusions de grandeur.<\/p>\n\n\n\n<div class=\"wp-block-image\"><figure class=\"aligncenter size-large\"><a href=\"https:\/\/supcom.standardof.net\/fr\/supreme-commander\/cybran\/cybran-tech-3-unites-navales\/plan-b-strategic-missile-submarine-supreme-commander-cybran-tech-3-navy-units\/\"><img decoding=\"async\" width=\"654\" height=\"500\" src=\"https:\/\/supcom.standardof.net\/wp-content\/uploads\/sites\/8\/2020\/11\/Plan-B-Strategic-Missile-Submarine-Supreme-Commander-Cybran-Tech-3-Navy-Units.jpg\" alt=\"Le sous-marin de missiles strat\u00e9giques du plan B, unit\u00e9 navale Cybran Tech 3 en commandant supr\u00eame.\" class=\"wp-image-625\" srcset=\"https:\/\/supcom.standardof.net\/wp-content\/uploads\/sites\/8\/2020\/11\/Plan-B-Strategic-Missile-Submarine-Supreme-Commander-Cybran-Tech-3-Navy-Units.jpg 654w, https:\/\/supcom.standardof.net\/wp-content\/uploads\/sites\/8\/2020\/11\/Plan-B-Strategic-Missile-Submarine-Supreme-Commander-Cybran-Tech-3-Navy-Units-512x391.jpg 512w, https:\/\/supcom.standardof.net\/wp-content\/uploads\/sites\/8\/2020\/11\/Plan-B-Strategic-Missile-Submarine-Supreme-Commander-Cybran-Tech-3-Navy-Units-200x153.jpg 200w, https:\/\/supcom.standardof.net\/wp-content\/uploads\/sites\/8\/2020\/11\/Plan-B-Strategic-Missile-Submarine-Supreme-Commander-Cybran-Tech-3-Navy-Units-16x12.jpg 16w\" sizes=\"(max-width: 654px) 100vw, 654px\" \/><\/a><figcaption>PLAN B - SOUS-MARIN MISSILE STRAT\u00c9GIQUE<\/figcaption><\/figure><\/div>\n\n\n\n<section class=\"wp-block-uagb-columns uagb-columns__wrap uagb-columns__background-undefined uagb-columns__stack-mobile uagb-columns__valign-undefined uagb-columns__gap-10 alignundefined uagb-block-5d800c2d\"><div class=\"uagb-columns__overlay\"><\/div><div class=\"uagb-columns__inner-wrap uagb-columns__columns-2\">\n<div class=\"wp-block-uagb-column uagb-column__wrap uagb-column__background-undefined uagb-block-a3c0b6c6\"><div class=\"uagb-column__overlay\"><\/div><div class=\"uagb-column__inner-wrap\">\n<h3 class=\"wp-block-heading\">Statistiques du plan B<\/h3>\n\n\n\n<p><strong>Armure:<\/strong> 4000 chevaux<br><strong>Capacit\u00e9s:<\/strong> Submersible, sonar, construction manuelle, lancement manuel<br><strong>Co\u00fbt:<\/strong> M11000, E66000, T16500<br><strong>Intel<br><\/strong>&nbsp;&nbsp;&nbsp;&nbsp; vue: 16 (313m)<br>&nbsp;&nbsp;&nbsp;&nbsp; sonar: 75 (1,46 km)<br>&nbsp;&nbsp;&nbsp;&nbsp; vue sur l&#039;eau: 24 (469m)<br><strong>La physique<\/strong><br>&nbsp;&nbsp;&nbsp;&nbsp; vitesse max: 6 (117m \/ s)<br>&nbsp;&nbsp;&nbsp;&nbsp; taux de virage: 25<br><strong>V\u00e9t\u00e9ran: <\/strong>50, 100, 250, 500, 1000 victimes<br><em>* v\u00e9t\u00e9ran niveau 2: +1000 ch<br>* v\u00e9t\u00e9ran niveau 4: +1000 ch<br>* v\u00e9t\u00e9ran niveau 5: r\u00e9parer 3 hp \/ s<\/em><\/p>\n<\/div><\/div>\n\n\n\n<div class=\"wp-block-uagb-column uagb-column__wrap uagb-column__background-undefined uagb-block-2a3542b9\"><div class=\"uagb-column__overlay\"><\/div><div class=\"uagb-column__inner-wrap\">\n<h3 class=\"wp-block-heading\">Armes du plan B<\/h3>\n\n\n\n<p><strong>Torpille de nanite<\/strong> (Anti Marine)<br>&nbsp;&nbsp;&nbsp;&nbsp; 85 dps<br><strong>intervalle:<\/strong> 32 (625m)<br><strong>arme \u00e0 projectile:<\/strong> 170 d\u00e9g\u00e2ts<br><strong>cadence de tir:<\/strong> 0,5 (toutes les 2 s)<br><em>* v\u00e9t\u00e9ran niveau 1: +95 d\u00e9g\u00e2ts<br>* v\u00e9t\u00e9ran niveau 3: +95 d\u00e9g\u00e2ts<\/em><\/p>\n\n\n\n<p><strong>Torpille de nanite<\/strong> (Anti Marine)<br>&nbsp;&nbsp;&nbsp;&nbsp; 58,33 dps<br><strong>intervalle:<\/strong> 32 (625m)<br><strong>arme \u00e0 projectile:<\/strong> 175 d\u00e9g\u00e2ts<br><strong>cadence de tir:<\/strong> 0,333 (toutes les 3 s)<br><em>* v\u00e9t\u00e9ran niveau 1: +50 d\u00e9g\u00e2ts<br>* v\u00e9t\u00e9ran niveau 3: +50 d\u00e9g\u00e2ts<\/em><\/p>\n\n\n\n<p><strong>Missile tactique Loa<\/strong> (Missile)<br>&nbsp;&nbsp;&nbsp;&nbsp; 200,00 dps<br><strong>surface:<\/strong> 4 (78,1 m)<br><strong>intervalle:<\/strong> 12,5 (244 m) - 128 (2,50 km)<br><strong>arme \u00e0 projectile:<\/strong> 2000 d\u00e9g\u00e2ts<br><strong>cadence de tir:<\/strong> 0,1 (toutes les 10 s)<br><em>* v\u00e9t\u00e9ran niveau 1: +750 d\u00e9g\u00e2ts<br>* v\u00e9t\u00e9ran niveau 3: +750 d\u00e9g\u00e2ts<\/em><\/p>\n\n\n\n<p><strong>Ogive de flux EMP<\/strong> (Missile)<br><strong>endommagement de la bague int\u00e9rieure:<\/strong> 35 000<br>&nbsp;&nbsp;&nbsp;&nbsp; rayon de la bague int\u00e9rieure: 30 (586m)<br><strong>endommagement de la bague ext\u00e9rieure:<\/strong> 500<br>&nbsp;&nbsp;&nbsp;&nbsp; rayon de la bague ext\u00e9rieure: 40 (781m)<br><strong>espace de rangement:<\/strong> 2 missiles<\/p>\n<\/div><\/div>\n<\/div><\/section>\n<\/div><\/div>\n<\/div><\/section>","protected":false},"excerpt":{"rendered":"<p>GALAXY CLASS BATTLESHIP The Battleship is basically an experimental unit that you can build in your naval factory. It has ungodly amounts of armor, tactical missile defenses to make sure it isn&#8217;t taken out by shore defenses before it&#8217;s had its say in the matter, and anti-air guns designed to kill gunships rather than bombers [&hellip;]<\/p>","protected":false},"author":1,"featured_media":0,"parent":538,"menu_order":0,"comment_status":"open","ping_status":"closed","template":"","meta":{"_uag_custom_page_level_css":"","site-sidebar-layout":"default","site-content-layout":"default","ast-site-content-layout":"","site-content-style":"default","site-sidebar-style":"default","ast-global-header-display":"","ast-banner-title-visibility":"","ast-main-header-display":"","ast-hfb-above-header-display":"","ast-hfb-below-header-display":"","ast-hfb-mobile-header-display":"","site-post-title":"","ast-breadcrumbs-content":"","ast-featured-img":"","footer-sml-layout":"","theme-transparent-header-meta":"default","adv-header-id-meta":"","stick-header-meta":"","header-above-stick-meta":"","header-main-stick-meta":"","header-below-stick-meta":"","astra-migrate-meta-layouts":"default","ast-page-background-enabled":"default","ast-page-background-meta":{"desktop":{"background-color":"","background-image":"","background-repeat":"repeat","background-position":"center center","background-size":"auto","background-attachment":"scroll","background-type":"","background-media":"","overlay-type":"","overlay-color":"","overlay-gradient":""},"tablet":{"background-color":"","background-image":"","background-repeat":"repeat","background-position":"center center","background-size":"auto","background-attachment":"scroll","background-type":"","background-media":"","overlay-type":"","overlay-color":"","overlay-gradient":""},"mobile":{"background-color":"","background-image":"","background-repeat":"repeat","background-position":"center center","background-size":"auto","background-attachment":"scroll","background-type":"","background-media":"","overlay-type":"","overlay-color":"","overlay-gradient":""}},"ast-content-background-meta":{"desktop":{"background-color":"var(--ast-global-color-5)","background-image":"","background-repeat":"repeat","background-position":"center center","background-size":"auto","background-attachment":"scroll","background-type":"","background-media":"","overlay-type":"","overlay-color":"","overlay-gradient":""},"tablet":{"background-color":"var(--ast-global-color-5)","background-image":"","background-repeat":"repeat","background-position":"center center","background-size":"auto","background-attachment":"scroll","background-type":"","background-media":"","overlay-type":"","overlay-color":"","overlay-gradient":""},"mobile":{"background-color":"var(--ast-global-color-5)","background-image":"","background-repeat":"repeat","background-position":"center center","background-size":"auto","background-attachment":"scroll","background-type":"","background-media":"","overlay-type":"","overlay-color":"","overlay-gradient":""}},"footnotes":""},"uagb_featured_image_src":{"full":false,"thumbnail":false,"medium":false,"medium_large":false,"large":false,"1536x1536":false,"2048x2048":false,"trp-custom-language-flag":false},"uagb_author_info":{"display_name":"SOE","author_link":"https:\/\/supcom.standardof.net\/fr\/author\/k-tastic\/"},"uagb_comment_info":0,"uagb_excerpt":"GALAXY CLASS BATTLESHIP The Battleship is basically an experimental unit that you can build in your naval factory. It has ungodly amounts of armor, tactical missile defenses to make sure it isn&#8217;t taken out by shore defenses before it&#8217;s had its say in the matter, and anti-air guns designed to kill gunships rather than bombers&hellip;","_links":{"self":[{"href":"https:\/\/supcom.standardof.net\/fr\/wp-json\/wp\/v2\/pages\/623"}],"collection":[{"href":"https:\/\/supcom.standardof.net\/fr\/wp-json\/wp\/v2\/pages"}],"about":[{"href":"https:\/\/supcom.standardof.net\/fr\/wp-json\/wp\/v2\/types\/page"}],"author":[{"embeddable":true,"href":"https:\/\/supcom.standardof.net\/fr\/wp-json\/wp\/v2\/users\/1"}],"replies":[{"embeddable":true,"href":"https:\/\/supcom.standardof.net\/fr\/wp-json\/wp\/v2\/comments?post=623"}],"version-history":[{"count":0,"href":"https:\/\/supcom.standardof.net\/fr\/wp-json\/wp\/v2\/pages\/623\/revisions"}],"up":[{"embeddable":true,"href":"https:\/\/supcom.standardof.net\/fr\/wp-json\/wp\/v2\/pages\/538"}],"wp:attachment":[{"href":"https:\/\/supcom.standardof.net\/fr\/wp-json\/wp\/v2\/media?parent=623"}],"curies":[{"name":"wp","href":"https:\/\/api.w.org\/{rel}","templated":true}]}}