{"id":647,"date":"2020-11-03T00:03:54","date_gmt":"2020-11-03T05:03:54","guid":{"rendered":"https:\/\/supcom.standardof.net\/?page_id=647"},"modified":"2020-11-04T12:48:36","modified_gmt":"2020-11-04T17:48:36","slug":"cybran-tech-2-economy","status":"publish","type":"page","link":"https:\/\/supcom.standardof.net\/fr\/supreme-commander\/cybran\/cybran-tech-2-economie\/","title":{"rendered":"Cybran Tech 2 \u00c9conomie"},"content":{"rendered":"<div class=\"wp-block-uagb-table-of-contents uagb-toc__align-left uagb-toc__columns-1  uagb-block-654ad1c9\"\n\t\t\t\t\tdata-scroll= \"1\"\n\t\t\t\t\tdata-offset= \"30\"\n\t\t\t\t\tstyle=\"\"\n\t\t\t\t>\n\t\t\t\t<div class=\"uagb-toc__wrap\">\n\t\t\t\t\t\t<div class=\"uagb-toc__title\">\n\t\t\t\t\t\t\tB\u00e2timents \u00e9conomiques Cybran Tech 2:\t\t\t\t\t\t<\/div>\n\t\t\t\t\t\t\t\t\t\t\t\t\t\t\t\t<div class=\"uagb-toc__list-wrap\">\n\t\t\t\t\t\t<ol class=\"uagb-toc__list\"><li class=\"uagb-toc__list\"><a href=\"#tech-2-land-factory\" class=\"uagb-toc-link__trigger\">USINE TECH 2 LAND<\/a><li class=\"uagb-toc__list\"><a href=\"#tech-2-air-factory\" class=\"uagb-toc-link__trigger\">USINE TECH 2 AIR<\/a><li class=\"uagb-toc__list\"><a href=\"#tech-2-naval-factory\" class=\"uagb-toc-link__trigger\">USINE NAVALE TECH 2<\/a><li class=\"uagb-toc__list\"><a href=\"#tech-2-mass-extractor\" class=\"uagb-toc-link__trigger\">EXTRACTEUR DE MASSE TECH 2<\/a><li class=\"uagb-toc__list\"><a href=\"#tech-2-power-generator\" class=\"uagb-toc-link__trigger\">G\u00c9N\u00c9RATEUR TECH 2<\/a><\/ol>\t\t\t\t\t<\/div>\n\t\t\t\t\t\t\t\t\t<\/div>\n\t\t\t\t<\/div>\n\t\t\t\n\n\n<section class=\"wp-block-uagb-columns uagb-columns__wrap uagb-columns__background-undefined uagb-columns__stack-mobile uagb-columns__valign-undefined uagb-columns__gap-10 alignundefined uagb-block-5bba1b19\"><div class=\"uagb-columns__overlay\"><\/div><div class=\"uagb-columns__inner-wrap uagb-columns__columns-1\">\n<div class=\"wp-block-uagb-column uagb-column__wrap uagb-column__background-undefined uagb-block-0bd8db13\"><div class=\"uagb-column__overlay\"><\/div><div class=\"uagb-column__inner-wrap\">\n<h2 class=\"wp-block-heading\">TECH 2 <strong>USINE DE TERRAIN<\/strong><\/h2>\n\n\n\n<p>Au niveau T2, votre usine n&#039;est pas vuln\u00e9rable aux gr\u00e8ves surprises et est g\u00e9n\u00e9ralement le dernier b\u00e2timent \u00e0 mourir. C&#039;est toujours deux fois plus rapide que votre ing\u00e9nieur du m\u00eame niveau.<\/p>\n\n\n\n<div class=\"wp-block-image\"><figure class=\"aligncenter size-large\"><a href=\"https:\/\/supcom.standardof.net\/fr\/supreme-commander\/cybran\/cybran-tech-2-economie\/tech-2-land-factory-supreme-commander-cybran-tech-2-economy\/\"><img decoding=\"async\" width=\"800\" height=\"537\" src=\"https:\/\/supcom.standardof.net\/wp-content\/uploads\/sites\/8\/2020\/11\/TECH-2-LAND-FACTORY-Supreme-Commander-Cybran-Tech-2-Economy-800x537.jpg\" alt=\"L&#039;usine terrestre T2, le b\u00e2timent \u00e9conomique Cybran Tech 2 dans Supreme Commander.\" class=\"wp-image-936\" srcset=\"https:\/\/supcom.standardof.net\/wp-content\/uploads\/sites\/8\/2020\/11\/TECH-2-LAND-FACTORY-Supreme-Commander-Cybran-Tech-2-Economy-800x537.jpg 800w, https:\/\/supcom.standardof.net\/wp-content\/uploads\/sites\/8\/2020\/11\/TECH-2-LAND-FACTORY-Supreme-Commander-Cybran-Tech-2-Economy-512x344.jpg 512w, https:\/\/supcom.standardof.net\/wp-content\/uploads\/sites\/8\/2020\/11\/TECH-2-LAND-FACTORY-Supreme-Commander-Cybran-Tech-2-Economy-200x134.jpg 200w, https:\/\/supcom.standardof.net\/wp-content\/uploads\/sites\/8\/2020\/11\/TECH-2-LAND-FACTORY-Supreme-Commander-Cybran-Tech-2-Economy-768x516.jpg 768w, https:\/\/supcom.standardof.net\/wp-content\/uploads\/sites\/8\/2020\/11\/TECH-2-LAND-FACTORY-Supreme-Commander-Cybran-Tech-2-Economy-1536x1032.jpg 1536w, https:\/\/supcom.standardof.net\/wp-content\/uploads\/sites\/8\/2020\/11\/TECH-2-LAND-FACTORY-Supreme-Commander-Cybran-Tech-2-Economy-16x12.jpg 16w, https:\/\/supcom.standardof.net\/wp-content\/uploads\/sites\/8\/2020\/11\/TECH-2-LAND-FACTORY-Supreme-Commander-Cybran-Tech-2-Economy.jpg 1581w\" sizes=\"(max-width: 800px) 100vw, 800px\" \/><\/a><figcaption>USINE TECH 2 LAND<\/figcaption><\/figure><\/div>\n\n\n\n<section class=\"wp-block-uagb-columns uagb-columns__wrap uagb-columns__background-undefined uagb-columns__stack-mobile uagb-columns__valign-undefined uagb-columns__gap-10 alignundefined uagb-block-4f46f08a\"><div class=\"uagb-columns__overlay\"><\/div><div class=\"uagb-columns__inner-wrap uagb-columns__columns-2\">\n<div class=\"wp-block-uagb-column uagb-column__wrap uagb-column__background-undefined uagb-block-15e2c409\"><div class=\"uagb-column__overlay\"><\/div><div class=\"uagb-column__inner-wrap\">\n<h3 class=\"wp-block-heading\">T2 Land Factory Stats<\/h3>\n\n\n\n<p><strong>Armure:<\/strong> 7900 chevaux<br><strong>Capacit\u00e9s:<\/strong> \u00c9volutif<br><strong>Co\u00fbt<\/strong><br>&nbsp;&nbsp;&nbsp; M875 (stockage: 200)<br>&nbsp;&nbsp;&nbsp; E7000 (stockage: 1000)<br>&nbsp;&nbsp;&nbsp; T1750<br><strong>Taux de construction:<\/strong> 20<br><strong>Intel<\/strong><br>&nbsp;&nbsp;&nbsp; vue: 20 (391m)<br><strong>La physique<\/strong><br>&nbsp;&nbsp;&nbsp; taille pour la contigu\u00eft\u00e9: 16<\/p>\n<\/div><\/div>\n\n\n\n<div class=\"wp-block-uagb-column uagb-column__wrap uagb-column__background-undefined uagb-block-1a7b1f68\"><div class=\"uagb-column__overlay\"><\/div><div class=\"uagb-column__inner-wrap\"><\/div><\/div>\n<\/div><\/section>\n<\/div><\/div>\n<\/div><\/section>\n\n\n\n<section class=\"wp-block-uagb-columns uagb-columns__wrap uagb-columns__background-undefined uagb-columns__stack-mobile uagb-columns__valign-undefined uagb-columns__gap-10 alignundefined uagb-block-02bdbd71\"><div class=\"uagb-columns__overlay\"><\/div><div class=\"uagb-columns__inner-wrap uagb-columns__columns-1\">\n<div class=\"wp-block-uagb-column uagb-column__wrap uagb-column__background-undefined uagb-block-0f120b9f\"><div class=\"uagb-column__overlay\"><\/div><div class=\"uagb-column__inner-wrap\">\n<h2 class=\"wp-block-heading\">TECH 2<strong> USINE D&#039;AIR<\/strong><\/h2>\n\n\n\n<p>La mise \u00e0 niveau de l&#039;usine d&#039;air T2 est plus lente que la mise \u00e0 niveau de l&#039;usine terrestre T2, donc s&#039;il est temps de passer \u00e0 la technologie et que vous voulez juste des ing\u00e9nieurs, faites-la plus tard. Du c\u00f4t\u00e9 positif, cela co\u00fbte beaucoup moins de masse.<\/p>\n\n\n\n<div class=\"wp-block-image\"><figure class=\"aligncenter size-large\"><a href=\"https:\/\/supcom.standardof.net\/fr\/supreme-commander\/cybran\/cybran-tech-2-economie\/tech-2-air-factory-supreme-commander-cybran-tech-2-economy\/\"><img decoding=\"async\" width=\"800\" height=\"478\" src=\"https:\/\/supcom.standardof.net\/wp-content\/uploads\/sites\/8\/2020\/11\/TECH-2-AIR-FACTORY-Supreme-Commander-Cybran-Tech-2-Economy-800x478.jpg\" alt=\"L&#039;usine a\u00e9rienne T2, le b\u00e2timent \u00e9conomique Cybran Tech 2 dans Supreme Commander.\" class=\"wp-image-935\" srcset=\"https:\/\/supcom.standardof.net\/wp-content\/uploads\/sites\/8\/2020\/11\/TECH-2-AIR-FACTORY-Supreme-Commander-Cybran-Tech-2-Economy-800x478.jpg 800w, https:\/\/supcom.standardof.net\/wp-content\/uploads\/sites\/8\/2020\/11\/TECH-2-AIR-FACTORY-Supreme-Commander-Cybran-Tech-2-Economy-512x306.jpg 512w, https:\/\/supcom.standardof.net\/wp-content\/uploads\/sites\/8\/2020\/11\/TECH-2-AIR-FACTORY-Supreme-Commander-Cybran-Tech-2-Economy-200x120.jpg 200w, https:\/\/supcom.standardof.net\/wp-content\/uploads\/sites\/8\/2020\/11\/TECH-2-AIR-FACTORY-Supreme-Commander-Cybran-Tech-2-Economy-768x459.jpg 768w, https:\/\/supcom.standardof.net\/wp-content\/uploads\/sites\/8\/2020\/11\/TECH-2-AIR-FACTORY-Supreme-Commander-Cybran-Tech-2-Economy-1536x919.jpg 1536w, https:\/\/supcom.standardof.net\/wp-content\/uploads\/sites\/8\/2020\/11\/TECH-2-AIR-FACTORY-Supreme-Commander-Cybran-Tech-2-Economy-16x10.jpg 16w, https:\/\/supcom.standardof.net\/wp-content\/uploads\/sites\/8\/2020\/11\/TECH-2-AIR-FACTORY-Supreme-Commander-Cybran-Tech-2-Economy.jpg 1821w\" sizes=\"(max-width: 800px) 100vw, 800px\" \/><\/a><figcaption>USINE TECH 2 AIR<\/figcaption><\/figure><\/div>\n\n\n\n<section class=\"wp-block-uagb-columns uagb-columns__wrap uagb-columns__background-undefined uagb-columns__stack-mobile uagb-columns__valign-undefined uagb-columns__gap-10 alignundefined uagb-block-92fd0144\"><div class=\"uagb-columns__overlay\"><\/div><div class=\"uagb-columns__inner-wrap uagb-columns__columns-2\">\n<div class=\"wp-block-uagb-column uagb-column__wrap uagb-column__background-undefined uagb-block-4fb43c61\"><div class=\"uagb-column__overlay\"><\/div><div class=\"uagb-column__inner-wrap\">\n<h3 class=\"wp-block-heading\">Statistiques de T2 Air Factory<\/h3>\n\n\n\n<p><strong>Armure:<\/strong> 7900 chevaux<br><strong>Capacit\u00e9s:<\/strong> \u00c9volutif<br><strong>Co\u00fbt<\/strong><br>&nbsp;&nbsp;&nbsp; M660 (stockage: 200)<br>&nbsp;&nbsp;&nbsp; E17600 (stockage: 1000)<br>&nbsp;&nbsp;&nbsp; T2200<br><strong>Taux de construction:<\/strong> 20<br><strong>Intel<\/strong><br>&nbsp;&nbsp;&nbsp; vue: 20 (391m)<br><strong>La physique<\/strong><br>&nbsp;&nbsp;&nbsp; taille pour la contigu\u00eft\u00e9: 16<\/p>\n<\/div><\/div>\n\n\n\n<div class=\"wp-block-uagb-column uagb-column__wrap uagb-column__background-undefined uagb-block-0bc4ccd2\"><div class=\"uagb-column__overlay\"><\/div><div class=\"uagb-column__inner-wrap\"><\/div><\/div>\n<\/div><\/section>\n<\/div><\/div>\n<\/div><\/section>\n\n\n\n<section class=\"wp-block-uagb-columns uagb-columns__wrap uagb-columns__background-undefined uagb-columns__stack-mobile uagb-columns__valign-undefined uagb-columns__gap-10 alignundefined uagb-block-38ca58ec\"><div class=\"uagb-columns__overlay\"><\/div><div class=\"uagb-columns__inner-wrap uagb-columns__columns-1\">\n<div class=\"wp-block-uagb-column uagb-column__wrap uagb-column__background-undefined uagb-block-310505b5\"><div class=\"uagb-column__overlay\"><\/div><div class=\"uagb-column__inner-wrap\">\n<h2 class=\"wp-block-heading\">TECH 2 <strong>USINE NAVALE<\/strong><\/h2>\n\n\n\n<p>L&#039;usine navale T2 a maintenant \u00e9norm\u00e9ment de sant\u00e9, sans \u00eatre plus ch\u00e8re que les autres am\u00e9liorations. Consid\u00e9rant que la seule raison d&#039;avoir une marine Cybran est pour T2, cela sera extr\u00eamement pratique.<\/p>\n\n\n\n<div class=\"wp-block-image\"><figure class=\"aligncenter size-large\"><a href=\"https:\/\/supcom.standardof.net\/fr\/supreme-commander\/cybran\/cybran-tech-2-economie\/tech-2-naval-factory-supreme-commander-cybran-tech-2-economy\/\"><img decoding=\"async\" width=\"800\" height=\"465\" src=\"https:\/\/supcom.standardof.net\/wp-content\/uploads\/sites\/8\/2020\/11\/TECH-2-NAVAL-FACTORY-Supreme-Commander-Cybran-Tech-2-Economy-800x465.jpg\" alt=\"L&#039;usine navale T2, le b\u00e2timent de l&#039;\u00e9conomie Cybran Tech 2 dans Supreme Commander.\" class=\"wp-image-938\" srcset=\"https:\/\/supcom.standardof.net\/wp-content\/uploads\/sites\/8\/2020\/11\/TECH-2-NAVAL-FACTORY-Supreme-Commander-Cybran-Tech-2-Economy-800x465.jpg 800w, https:\/\/supcom.standardof.net\/wp-content\/uploads\/sites\/8\/2020\/11\/TECH-2-NAVAL-FACTORY-Supreme-Commander-Cybran-Tech-2-Economy-512x298.jpg 512w, https:\/\/supcom.standardof.net\/wp-content\/uploads\/sites\/8\/2020\/11\/TECH-2-NAVAL-FACTORY-Supreme-Commander-Cybran-Tech-2-Economy-200x116.jpg 200w, https:\/\/supcom.standardof.net\/wp-content\/uploads\/sites\/8\/2020\/11\/TECH-2-NAVAL-FACTORY-Supreme-Commander-Cybran-Tech-2-Economy-768x446.jpg 768w, https:\/\/supcom.standardof.net\/wp-content\/uploads\/sites\/8\/2020\/11\/TECH-2-NAVAL-FACTORY-Supreme-Commander-Cybran-Tech-2-Economy-1536x893.jpg 1536w, https:\/\/supcom.standardof.net\/wp-content\/uploads\/sites\/8\/2020\/11\/TECH-2-NAVAL-FACTORY-Supreme-Commander-Cybran-Tech-2-Economy-16x9.jpg 16w, https:\/\/supcom.standardof.net\/wp-content\/uploads\/sites\/8\/2020\/11\/TECH-2-NAVAL-FACTORY-Supreme-Commander-Cybran-Tech-2-Economy.jpg 1641w\" sizes=\"(max-width: 800px) 100vw, 800px\" \/><\/a><figcaption>USINE NAVALE TECH 2<\/figcaption><\/figure><\/div>\n\n\n\n<section class=\"wp-block-uagb-columns uagb-columns__wrap uagb-columns__background-undefined uagb-columns__stack-mobile uagb-columns__valign-undefined uagb-columns__gap-10 alignundefined uagb-block-12bcfa14\"><div class=\"uagb-columns__overlay\"><\/div><div class=\"uagb-columns__inner-wrap uagb-columns__columns-2\">\n<div class=\"wp-block-uagb-column uagb-column__wrap uagb-column__background-undefined uagb-block-1c791d1c\"><div class=\"uagb-column__overlay\"><\/div><div class=\"uagb-column__inner-wrap\">\n<h3 class=\"wp-block-heading\">Statistiques de l&#039;usine navale T2<\/h3>\n\n\n\n<p><strong>Armure:<\/strong> 15000 chevaux<br><strong>Capacit\u00e9s:<\/strong> \u00c9volutif<br><strong>Co\u00fbt<\/strong><br>&nbsp;&nbsp;&nbsp; M875 (stockage: 200)<br>&nbsp;&nbsp;&nbsp; E7000 (stockage: 1000)<br>&nbsp;&nbsp;&nbsp; T1750<br><strong>Taux de construction:<\/strong> 20<br><strong>Intel<\/strong><br>&nbsp;&nbsp;&nbsp; vue: 20 (391m)<br><strong>La physique<\/strong><br>&nbsp;&nbsp;&nbsp; taille pour la contigu\u00eft\u00e9: 16<\/p>\n<\/div><\/div>\n\n\n\n<div class=\"wp-block-uagb-column uagb-column__wrap uagb-column__background-undefined uagb-block-03b61e85\"><div class=\"uagb-column__overlay\"><\/div><div class=\"uagb-column__inner-wrap\"><\/div><\/div>\n<\/div><\/section>\n<\/div><\/div>\n<\/div><\/section>\n\n\n\n<section class=\"wp-block-uagb-columns uagb-columns__wrap uagb-columns__background-undefined uagb-columns__stack-mobile uagb-columns__valign-undefined uagb-columns__gap-10 alignundefined uagb-block-9d1ecf54\"><div class=\"uagb-columns__overlay\"><\/div><div class=\"uagb-columns__inner-wrap uagb-columns__columns-1\">\n<div class=\"wp-block-uagb-column uagb-column__wrap uagb-column__background-undefined uagb-block-dbe89eac\"><div class=\"uagb-column__overlay\"><\/div><div class=\"uagb-column__inner-wrap\">\n<h2 class=\"wp-block-heading\">TECH 2 <strong>EXTRACTEUR DE MASSE<\/strong><\/h2>\n\n\n\n<p>Au niveau T2, vous avez d\u00e9velopp\u00e9 toute votre ampleur et il est maintenant temps de commencer \u00e0 mettre \u00e0 niveau vos extracteurs de masse. Faites attention \u00e0 les aider - ils n&#039;appara\u00eetront pas comme inactifs une fois la mise \u00e0 niveau termin\u00e9e.<\/p>\n\n\n\n<div class=\"wp-block-image\"><figure class=\"aligncenter size-large\"><a href=\"https:\/\/supcom.standardof.net\/fr\/supreme-commander\/cybran\/cybran-tech-2-economie\/tech-2-mass-extractor-supreme-commander-cybran-tech-2-economy\/\"><img decoding=\"async\" width=\"800\" height=\"522\" src=\"https:\/\/supcom.standardof.net\/wp-content\/uploads\/sites\/8\/2020\/11\/TECH-2-MASS-EXTRACTOR-Supreme-Commander-Cybran-Tech-2-Economy-800x522.jpg\" alt=\"L&#039;extracteur de masse T2, b\u00e2timent \u00e9conomique Cybran Tech 2 dans Supreme Commander.\" class=\"wp-image-937\" srcset=\"https:\/\/supcom.standardof.net\/wp-content\/uploads\/sites\/8\/2020\/11\/TECH-2-MASS-EXTRACTOR-Supreme-Commander-Cybran-Tech-2-Economy-800x522.jpg 800w, https:\/\/supcom.standardof.net\/wp-content\/uploads\/sites\/8\/2020\/11\/TECH-2-MASS-EXTRACTOR-Supreme-Commander-Cybran-Tech-2-Economy-512x334.jpg 512w, https:\/\/supcom.standardof.net\/wp-content\/uploads\/sites\/8\/2020\/11\/TECH-2-MASS-EXTRACTOR-Supreme-Commander-Cybran-Tech-2-Economy-200x130.jpg 200w, https:\/\/supcom.standardof.net\/wp-content\/uploads\/sites\/8\/2020\/11\/TECH-2-MASS-EXTRACTOR-Supreme-Commander-Cybran-Tech-2-Economy-768x501.jpg 768w, https:\/\/supcom.standardof.net\/wp-content\/uploads\/sites\/8\/2020\/11\/TECH-2-MASS-EXTRACTOR-Supreme-Commander-Cybran-Tech-2-Economy-16x10.jpg 16w, https:\/\/supcom.standardof.net\/wp-content\/uploads\/sites\/8\/2020\/11\/TECH-2-MASS-EXTRACTOR-Supreme-Commander-Cybran-Tech-2-Economy.jpg 1491w\" sizes=\"(max-width: 800px) 100vw, 800px\" \/><\/a><figcaption>EXTRACTEUR DE MASSE TECH 2<\/figcaption><\/figure><\/div>\n\n\n\n<section class=\"wp-block-uagb-columns uagb-columns__wrap uagb-columns__background-undefined uagb-columns__stack-mobile uagb-columns__valign-undefined uagb-columns__gap-10 alignundefined uagb-block-dc5922e9\"><div class=\"uagb-columns__overlay\"><\/div><div class=\"uagb-columns__inner-wrap uagb-columns__columns-2\">\n<div class=\"wp-block-uagb-column uagb-column__wrap uagb-column__background-undefined uagb-block-c7f679da\"><div class=\"uagb-column__overlay\"><\/div><div class=\"uagb-column__inner-wrap\">\n<h4 class=\"wp-block-heading\">Statistiques de l&#039;extracteur de masse T2<\/h4>\n\n\n\n<p><strong>Armure:<\/strong> 2160 chevaux<br><strong>Capacit\u00e9s:<\/strong> \u00c9volutif<br><strong>Co\u00fbt<\/strong><br>&nbsp;&nbsp;&nbsp; M900 (+6)<br>&nbsp;&nbsp;&nbsp; E5400 (-9)<br>&nbsp;&nbsp;&nbsp; T900<br><strong>Taux de construction:<\/strong> 15<br><strong>Intel<\/strong><br>&nbsp;&nbsp;&nbsp;&nbsp; vue: 20 (391m)<br><strong>La physique<\/strong><br>&nbsp;&nbsp;&nbsp; taille pour la contigu\u00eft\u00e9: 4<br><strong>Bonus de proximit\u00e9<\/strong><br>&nbsp; taille du b\u00e2timent adjacent: 4, 8, 12, 16, 20)<br>&nbsp; R\u00e9duction du drain de masse (usines): 15.00%, 7.50%, 5.00%, 3.75%, 3.00%<\/p>\n<\/div><\/div>\n\n\n\n<div class=\"wp-block-uagb-column uagb-column__wrap uagb-column__background-undefined uagb-block-194bebf0\"><div class=\"uagb-column__overlay\"><\/div><div class=\"uagb-column__inner-wrap\"><\/div><\/div>\n<\/div><\/section>\n<\/div><\/div>\n<\/div><\/section>\n\n\n\n<section class=\"wp-block-uagb-columns uagb-columns__wrap uagb-columns__background-undefined uagb-columns__stack-mobile uagb-columns__valign-undefined uagb-columns__gap-10 alignundefined uagb-block-5060e6f7\"><div class=\"uagb-columns__overlay\"><\/div><div class=\"uagb-columns__inner-wrap uagb-columns__columns-1\">\n<div class=\"wp-block-uagb-column uagb-column__wrap uagb-column__background-undefined uagb-block-adfee870\"><div class=\"uagb-column__overlay\"><\/div><div class=\"uagb-column__inner-wrap\">\n<h2 class=\"wp-block-heading\">TECH 2 <strong>G\u00c9N\u00c9RATEUR DE COURANT<\/strong><\/h2>\n\n\n\n<p>Le g\u00e9n\u00e9rateur de puissance T2 est un \u00e9l\u00e9ment cl\u00e9 de votre \u00e9conomie, fournissant ce coup de pouce qui vous emp\u00eache d&#039;\u00eatre encha\u00een\u00e9 aux infimes doses d&#039;\u00e9nergie de la puissance T1, tout en accordant \u00e9galement un g\u00e9n\u00e9reux bonus de contigu\u00eft\u00e9 si vous souhaitez placer un bouclier ou une artillerie T2 autour de lui. Les g\u00e9n\u00e9rateurs de puissance Cybran T2 sont plus petits, mais cela ne fera aucune diff\u00e9rence, car vous les construisez les uns des autres pour minimiser leur explosion de mort de toute fa\u00e7on.<\/p>\n\n\n\n<div class=\"wp-block-image\"><figure class=\"aligncenter size-large\"><a href=\"https:\/\/supcom.standardof.net\/fr\/supreme-commander\/cybran\/cybran-tech-2-economie\/tech-2-power-generator-supreme-commander-cybran-tech-2-economy\/\"><img decoding=\"async\" width=\"800\" height=\"540\" src=\"https:\/\/supcom.standardof.net\/wp-content\/uploads\/sites\/8\/2020\/11\/TECH-2-POWER-GENERATOR-Supreme-Commander-Cybran-Tech-2-Economy-800x540.jpg\" alt=\"Le T2 POWER GENERATOR, Cybran Tech 2 Economy Building dans Supreme Commander.\" class=\"wp-image-934\" srcset=\"https:\/\/supcom.standardof.net\/wp-content\/uploads\/sites\/8\/2020\/11\/TECH-2-POWER-GENERATOR-Supreme-Commander-Cybran-Tech-2-Economy-800x540.jpg 800w, https:\/\/supcom.standardof.net\/wp-content\/uploads\/sites\/8\/2020\/11\/TECH-2-POWER-GENERATOR-Supreme-Commander-Cybran-Tech-2-Economy-512x345.jpg 512w, https:\/\/supcom.standardof.net\/wp-content\/uploads\/sites\/8\/2020\/11\/TECH-2-POWER-GENERATOR-Supreme-Commander-Cybran-Tech-2-Economy-200x135.jpg 200w, https:\/\/supcom.standardof.net\/wp-content\/uploads\/sites\/8\/2020\/11\/TECH-2-POWER-GENERATOR-Supreme-Commander-Cybran-Tech-2-Economy-768x518.jpg 768w, https:\/\/supcom.standardof.net\/wp-content\/uploads\/sites\/8\/2020\/11\/TECH-2-POWER-GENERATOR-Supreme-Commander-Cybran-Tech-2-Economy-1536x1036.jpg 1536w, https:\/\/supcom.standardof.net\/wp-content\/uploads\/sites\/8\/2020\/11\/TECH-2-POWER-GENERATOR-Supreme-Commander-Cybran-Tech-2-Economy-16x12.jpg 16w, https:\/\/supcom.standardof.net\/wp-content\/uploads\/sites\/8\/2020\/11\/TECH-2-POWER-GENERATOR-Supreme-Commander-Cybran-Tech-2-Economy.jpg 1614w\" sizes=\"(max-width: 800px) 100vw, 800px\" \/><\/a><figcaption>G\u00c9N\u00c9RATEUR TECH 2<\/figcaption><\/figure><\/div>\n\n\n\n<section class=\"wp-block-uagb-columns uagb-columns__wrap uagb-columns__background-undefined uagb-columns__stack-mobile uagb-columns__valign-undefined uagb-columns__gap-10 alignundefined uagb-block-6864d497\"><div class=\"uagb-columns__overlay\"><\/div><div class=\"uagb-columns__inner-wrap uagb-columns__columns-2\">\n<div class=\"wp-block-uagb-column uagb-column__wrap uagb-column__background-undefined uagb-block-eff07fa4\"><div class=\"uagb-column__overlay\"><\/div><div class=\"uagb-column__inner-wrap\">\n<h3 class=\"wp-block-heading\">Statistiques du g\u00e9n\u00e9rateur T2<\/h3>\n\n\n\n<p><strong>Armure:<\/strong> 2160 chevaux<br><strong>Co\u00fbt<\/strong><br>&nbsp;&nbsp;&nbsp; M1200<br>&nbsp;&nbsp;&nbsp; E12000 (+500)<br>&nbsp;&nbsp;&nbsp; T2000<br><strong>Intel<\/strong><br>&nbsp;&nbsp;&nbsp; vue: 20 (391m)<br><strong>La physique<\/strong><br>&nbsp;&nbsp; taille pour la contigu\u00eft\u00e9: 12<br><strong>Bonus de proximit\u00e9<\/strong><br>(taille du b\u00e2timent adjacent: 4, 8, 12, 16, 20)<br>&nbsp; R\u00e9duction de la consommation d&#039;\u00e9nergie (entretien): 12.50%`` 12.50%, 12.50%, 12.50%<br>&nbsp; R\u00e9duction de la consommation d&#039;\u00e9nergie (usines): 12.50%, 12.50%, 12.50%, 12.50%, 12.50%<br>&nbsp; R\u00e9duction du temps de vidange de l&#039;arme \u00e0 \u00e9nergie: 5.00%`` 5.00%, 5.00%, 5.00%<\/p>\n<\/div><\/div>\n\n\n\n<div class=\"wp-block-uagb-column uagb-column__wrap uagb-column__background-undefined uagb-block-2ef02ba8\"><div class=\"uagb-column__overlay\"><\/div><div class=\"uagb-column__inner-wrap\">\n<h3 class=\"wp-block-heading\">Armes de g\u00e9n\u00e9rateur de puissance T2<\/h3>\n\n\n\n<p><strong>Arme de mort<\/strong><br>&nbsp;&nbsp;&nbsp; 1500 d\u00e9g\u00e2ts<br><strong>Zone:<\/strong> 5 (97,7 m)<\/p>\n<\/div><\/div>\n<\/div><\/section>\n<\/div><\/div>\n<\/div><\/section>","protected":false},"excerpt":{"rendered":"<p>TECH 2 LAND FACTORY By the T2 level, your factory is not vulnerable to surprise strikes, and is usually the last building to die. It&#8217;s still twice as fast as your engineer of the same level. T2 Land Factory Stats Armor: 7900hpAbilities: UpgradeableCost&nbsp;&nbsp;&nbsp; M875 (storage: 200)&nbsp;&nbsp;&nbsp; E7000 (storage: 1000)&nbsp;&nbsp;&nbsp; T1750Build Rate: 20Intel&nbsp;&nbsp;&nbsp; sight: 20 (391m)Physics&nbsp;&nbsp;&nbsp; [&hellip;]<\/p>","protected":false},"author":1,"featured_media":0,"parent":538,"menu_order":0,"comment_status":"open","ping_status":"closed","template":"","meta":{"_uag_custom_page_level_css":"","site-sidebar-layout":"default","site-content-layout":"default","ast-site-content-layout":"","site-content-style":"default","site-sidebar-style":"default","ast-global-header-display":"","ast-banner-title-visibility":"","ast-main-header-display":"","ast-hfb-above-header-display":"","ast-hfb-below-header-display":"","ast-hfb-mobile-header-display":"","site-post-title":"","ast-breadcrumbs-content":"","ast-featured-img":"","footer-sml-layout":"","theme-transparent-header-meta":"default","adv-header-id-meta":"","stick-header-meta":"","header-above-stick-meta":"","header-main-stick-meta":"","header-below-stick-meta":"","astra-migrate-meta-layouts":"default","ast-page-background-enabled":"default","ast-page-background-meta":{"desktop":{"background-color":"","background-image":"","background-repeat":"repeat","background-position":"center center","background-size":"auto","background-attachment":"scroll","background-type":"","background-media":"","overlay-type":"","overlay-color":"","overlay-gradient":""},"tablet":{"background-color":"","background-image":"","background-repeat":"repeat","background-position":"center center","background-size":"auto","background-attachment":"scroll","background-type":"","background-media":"","overlay-type":"","overlay-color":"","overlay-gradient":""},"mobile":{"background-color":"","background-image":"","background-repeat":"repeat","background-position":"center center","background-size":"auto","background-attachment":"scroll","background-type":"","background-media":"","overlay-type":"","overlay-color":"","overlay-gradient":""}},"ast-content-background-meta":{"desktop":{"background-color":"var(--ast-global-color-5)","background-image":"","background-repeat":"repeat","background-position":"center center","background-size":"auto","background-attachment":"scroll","background-type":"","background-media":"","overlay-type":"","overlay-color":"","overlay-gradient":""},"tablet":{"background-color":"var(--ast-global-color-5)","background-image":"","background-repeat":"repeat","background-position":"center center","background-size":"auto","background-attachment":"scroll","background-type":"","background-media":"","overlay-type":"","overlay-color":"","overlay-gradient":""},"mobile":{"background-color":"var(--ast-global-color-5)","background-image":"","background-repeat":"repeat","background-position":"center center","background-size":"auto","background-attachment":"scroll","background-type":"","background-media":"","overlay-type":"","overlay-color":"","overlay-gradient":""}},"footnotes":""},"uagb_featured_image_src":{"full":false,"thumbnail":false,"medium":false,"medium_large":false,"large":false,"1536x1536":false,"2048x2048":false,"trp-custom-language-flag":false},"uagb_author_info":{"display_name":"SOE","author_link":"https:\/\/supcom.standardof.net\/fr\/author\/k-tastic\/"},"uagb_comment_info":0,"uagb_excerpt":"TECH 2 LAND FACTORY By the T2 level, your factory is not vulnerable to surprise strikes, and is usually the last building to die. It&#8217;s still twice as fast as your engineer of the same level. T2 Land Factory Stats Armor: 7900hpAbilities: UpgradeableCost&nbsp;&nbsp;&nbsp; M875 (storage: 200)&nbsp;&nbsp;&nbsp; E7000 (storage: 1000)&nbsp;&nbsp;&nbsp; T1750Build Rate: 20Intel&nbsp;&nbsp;&nbsp; sight: 20 (391m)Physics&nbsp;&nbsp;&nbsp;&hellip;","_links":{"self":[{"href":"https:\/\/supcom.standardof.net\/fr\/wp-json\/wp\/v2\/pages\/647"}],"collection":[{"href":"https:\/\/supcom.standardof.net\/fr\/wp-json\/wp\/v2\/pages"}],"about":[{"href":"https:\/\/supcom.standardof.net\/fr\/wp-json\/wp\/v2\/types\/page"}],"author":[{"embeddable":true,"href":"https:\/\/supcom.standardof.net\/fr\/wp-json\/wp\/v2\/users\/1"}],"replies":[{"embeddable":true,"href":"https:\/\/supcom.standardof.net\/fr\/wp-json\/wp\/v2\/comments?post=647"}],"version-history":[{"count":0,"href":"https:\/\/supcom.standardof.net\/fr\/wp-json\/wp\/v2\/pages\/647\/revisions"}],"up":[{"embeddable":true,"href":"https:\/\/supcom.standardof.net\/fr\/wp-json\/wp\/v2\/pages\/538"}],"wp:attachment":[{"href":"https:\/\/supcom.standardof.net\/fr\/wp-json\/wp\/v2\/media?parent=647"}],"curies":[{"name":"wp","href":"https:\/\/api.w.org\/{rel}","templated":true}]}}