{"id":692,"date":"2020-11-03T01:28:14","date_gmt":"2020-11-03T06:28:14","guid":{"rendered":"https:\/\/supcom.standardof.net\/?page_id=692"},"modified":"2020-11-03T01:28:14","modified_gmt":"2020-11-03T06:28:14","slug":"starting-build-orders","status":"publish","type":"page","link":"https:\/\/supcom.standardof.net\/fr\/supreme-commander\/commandes-de-demarrage\/","title":{"rendered":"COMMANDES DE D\u00c9BUT DE CONSTRUCTION"},"content":{"rendered":"<p>Au d\u00e9but du jeu, construisez 2-3 extracteurs de masse et g\u00e9n\u00e9rateurs d&#039;\u00e9nergie, puis une usine terrestre ou a\u00e9rienne. La Land Factory devrait construire quelques ing\u00e9nieurs T1 ainsi que l&#039;assortiment habituel d&#039;unit\u00e9s au sol. Pour garder votre \u00e9conomie initiale optimis\u00e9e, demandez au commandant de terminer la construction des extracteurs de masse dans votre r\u00e9gion imm\u00e9diate, puis commencez \u00e0 construire plus d&#039;usines avec quelques g\u00e9n\u00e9rateurs d&#039;\u00e9nergie \u00e0 c\u00f4t\u00e9 de chacun afin de ne pas manquer d&#039;\u00e9nergie. Au moins un ing\u00e9nieur devrait patrouiller les arbres ou les rochers pr\u00e8s de votre base pour un coup de pouce \u00e9conomique pr\u00e9coce, tandis qu&#039;un autre construit plus d&#039;extracteurs de masse et un troisi\u00e8me construit une centrale \u00e9lectrique \u00e0 hydrocarbures si vous en avez un pr\u00e8s de chez vous, ou des g\u00e9n\u00e9rateurs \u00e9lectriques si vous n&#039;en avez pas. \u00c0 ce stade pr\u00e9coce, il est souvent pr\u00e9f\u00e9rable de construire des \u00e9claireurs terrestres au lieu d&#039;une tour radar T1.\n<\/p>\n\n\n\n<p>Vous voudrez g\u00e9n\u00e9ralement \u00e0 la fois des usines terrestres et a\u00e9riennes d\u00e8s le d\u00e9but, avec l&#039;Air Factory pompant des chasseurs et des bombardiers occasionnels. Les usines navales repr\u00e9sentent un investissement plus important, mais l&#039;\u00e9tablissement d&#039;une pr\u00e9sence maritime pr\u00e9coce peut forcer les adversaires \u00e0 gaspiller de pr\u00e9cieuses ressources sur les d\u00e9fenses ou les sous-marins. Il est \u00e9galement possible de chasser un adversaire de l&#039;air en patrouillant vos combattants juste \u00e0 l&#039;ext\u00e9rieur de sa base afin que tous les combattants qu&#039;il construit soient abattus. Ne faites pas de technologie avant d&#039;avoir plusieurs usines, car vous ne voulez pas \u00eatre coup\u00e9 de la production d&#039;unit\u00e9s. N&#039;oubliez pas de mettre \u00e0 niveau vos extracteurs de masse; c&#039;est moins cher et plus s\u00fbr que la construction de fermes Fabricator.<\/p>","protected":false},"excerpt":{"rendered":"<p>At the start of the game, build 2-3 Mass Extractors and Power Generators, then a Land or Air Factory. The Land Factory should build a few T1 engineers as well as the usual assortment of ground units. To keep your early economy optimized, have the Commander finish building the Mass Extractors in your immediate area, [&hellip;]<\/p>","protected":false},"author":1,"featured_media":0,"parent":14,"menu_order":0,"comment_status":"open","ping_status":"closed","template":"","meta":{"_uag_custom_page_level_css":"","site-sidebar-layout":"default","site-content-layout":"default","ast-site-content-layout":"","site-content-style":"default","site-sidebar-style":"default","ast-global-header-display":"","ast-banner-title-visibility":"","ast-main-header-display":"","ast-hfb-above-header-display":"","ast-hfb-below-header-display":"","ast-hfb-mobile-header-display":"","site-post-title":"","ast-breadcrumbs-content":"","ast-featured-img":"","footer-sml-layout":"","theme-transparent-header-meta":"default","adv-header-id-meta":"","stick-header-meta":"","header-above-stick-meta":"","header-main-stick-meta":"","header-below-stick-meta":"","astra-migrate-meta-layouts":"default","ast-page-background-enabled":"default","ast-page-background-meta":{"desktop":{"background-color":"","background-image":"","background-repeat":"repeat","background-position":"center center","background-size":"auto","background-attachment":"scroll","background-type":"","background-media":"","overlay-type":"","overlay-color":"","overlay-gradient":""},"tablet":{"background-color":"","background-image":"","background-repeat":"repeat","background-position":"center center","background-size":"auto","background-attachment":"scroll","background-type":"","background-media":"","overlay-type":"","overlay-color":"","overlay-gradient":""},"mobile":{"background-color":"","background-image":"","background-repeat":"repeat","background-position":"center center","background-size":"auto","background-attachment":"scroll","background-type":"","background-media":"","overlay-type":"","overlay-color":"","overlay-gradient":""}},"ast-content-background-meta":{"desktop":{"background-color":"var(--ast-global-color-5)","background-image":"","background-repeat":"repeat","background-position":"center center","background-size":"auto","background-attachment":"scroll","background-type":"","background-media":"","overlay-type":"","overlay-color":"","overlay-gradient":""},"tablet":{"background-color":"var(--ast-global-color-5)","background-image":"","background-repeat":"repeat","background-position":"center center","background-size":"auto","background-attachment":"scroll","background-type":"","background-media":"","overlay-type":"","overlay-color":"","overlay-gradient":""},"mobile":{"background-color":"var(--ast-global-color-5)","background-image":"","background-repeat":"repeat","background-position":"center center","background-size":"auto","background-attachment":"scroll","background-type":"","background-media":"","overlay-type":"","overlay-color":"","overlay-gradient":""}},"footnotes":""},"uagb_featured_image_src":{"full":false,"thumbnail":false,"medium":false,"medium_large":false,"large":false,"1536x1536":false,"2048x2048":false,"trp-custom-language-flag":false},"uagb_author_info":{"display_name":"SOE","author_link":"https:\/\/supcom.standardof.net\/fr\/author\/k-tastic\/"},"uagb_comment_info":0,"uagb_excerpt":"At the start of the game, build 2-3 Mass Extractors and Power Generators, then a Land or Air Factory. The Land Factory should build a few T1 engineers as well as the usual assortment of ground units. To keep your early economy optimized, have the Commander finish building the Mass Extractors in your immediate area,&hellip;","_links":{"self":[{"href":"https:\/\/supcom.standardof.net\/fr\/wp-json\/wp\/v2\/pages\/692"}],"collection":[{"href":"https:\/\/supcom.standardof.net\/fr\/wp-json\/wp\/v2\/pages"}],"about":[{"href":"https:\/\/supcom.standardof.net\/fr\/wp-json\/wp\/v2\/types\/page"}],"author":[{"embeddable":true,"href":"https:\/\/supcom.standardof.net\/fr\/wp-json\/wp\/v2\/users\/1"}],"replies":[{"embeddable":true,"href":"https:\/\/supcom.standardof.net\/fr\/wp-json\/wp\/v2\/comments?post=692"}],"version-history":[{"count":0,"href":"https:\/\/supcom.standardof.net\/fr\/wp-json\/wp\/v2\/pages\/692\/revisions"}],"up":[{"embeddable":true,"href":"https:\/\/supcom.standardof.net\/fr\/wp-json\/wp\/v2\/pages\/14"}],"wp:attachment":[{"href":"https:\/\/supcom.standardof.net\/fr\/wp-json\/wp\/v2\/media?parent=692"}],"curies":[{"name":"wp","href":"https:\/\/api.w.org\/{rel}","templated":true}]}}