{"id":695,"date":"2020-11-03T01:31:29","date_gmt":"2020-11-03T06:31:29","guid":{"rendered":"https:\/\/supcom.standardof.net\/?page_id=695"},"modified":"2020-11-03T01:31:30","modified_gmt":"2020-11-03T06:31:30","slug":"adjacency-bonuses","status":"publish","type":"page","link":"https:\/\/supcom.standardof.net\/fr\/supreme-commander\/primes-de-contiguite\/","title":{"rendered":"BONUS D&#039;ADJACENCE"},"content":{"rendered":"<section class=\"wp-block-uagb-columns uagb-columns__wrap uagb-columns__background-undefined uagb-columns__stack-mobile uagb-columns__valign-undefined uagb-columns__gap-10 alignundefined uagb-block-2f067ba6\"><div class=\"uagb-columns__overlay\"><\/div><div class=\"uagb-columns__inner-wrap uagb-columns__columns-1\">\n<div class=\"wp-block-uagb-column uagb-column__wrap uagb-column__background-undefined uagb-block-e2495f3c\"><div class=\"uagb-column__overlay\"><\/div><div class=\"uagb-column__inner-wrap\">\n<h2 class=\"wp-block-heading\">COMMENT ILS TRAVAILLENT<\/h2>\n\n\n\n<p>Les valeurs de masse et d&#039;\u00e9nergie affich\u00e9es dans votre interface sont en r\u00e9alit\u00e9 des nombres d\u00e9cimaux, mais elles sont affich\u00e9es avec les valeurs au nombre entier le plus proche. Par exemple, un intercepteur qui co\u00fbte 0,975 masse par seconde sera affich\u00e9 comme co\u00fbtant 0 masse par seconde.<\/p>\n\n\n\n<p>Lorsque des structures de production \u00e9conomique sont construites \u00e0 c\u00f4t\u00e9 de structures qui utilisent leurs ressources, elles offrent un \u00abbonus de contigu\u00eft\u00e9\u00bb: cette structure utilise moins de ces ressources. Par exemple, le b\u00e2timent d&#039;usine de cet intercepteur utilisera moins de masse par seconde pour le fabriquer s&#039;il est construit \u00e0 c\u00f4t\u00e9 d&#039;extracteurs de masse ou de fabricants de masse, et il utilisera moins d&#039;\u00e9nergie par seconde s&#039;il est construit \u00e0 c\u00f4t\u00e9 de g\u00e9n\u00e9rateurs d&#039;\u00e9lectricit\u00e9.<\/p>\n\n\n\n<p>De m\u00eame, les b\u00e2timents de stockage de masse et d&#039;\u00e9nergie offrent des primes de contigu\u00eft\u00e9 aux structures de production \u00e9conomique. Par exemple, les b\u00e2timents de stockage de masse plac\u00e9s \u00e0 c\u00f4t\u00e9 d&#039;un extracteur de masse augmenteront en fait le rendement de l&#039;extracteur.<\/p>\n\n\n\n<p>Le bonus de contigu\u00eft\u00e9 est bas\u00e9 sur un pourcentage et correspond au pourcentage du b\u00e2timent qui est entour\u00e9 de b\u00e2timents accordant des bonus. Par exemple, un g\u00e9n\u00e9rateur de puissance T1 accordera un certain bonus de contigu\u00eft\u00e9 \u00e0 une usine si tous les c\u00f4t\u00e9s de l&#039;usine sont couverts par des g\u00e9n\u00e9rateurs de courant T1, et 50% de ce bonus de contigu\u00eft\u00e9 si les deux c\u00f4t\u00e9s de l&#039;usine sont couverts par des g\u00e9n\u00e9rateurs de puissance T1.<\/p>\n\n\n\n<p>Vous pouvez dire qu&#039;un bonus de contigu\u00eft\u00e9 fonctionne lorsqu&#039;une petite ligne rouge appara\u00eet entre les deux b\u00e2timents. Pour que cela se produise, au moins la moiti\u00e9 des c\u00f4t\u00e9s du b\u00e2timent doivent se toucher. (Vous ne pouvez pas mettre un g\u00e9n\u00e9rateur d&#039;\u00e9nergie T3 en contact avec une case d&#039;un extracteur de masse et vous attendre \u00e0 ce qu&#039;il accorde un bonus \u00e0 la consommation d&#039;\u00e9nergie de l&#039;extracteur de masse.)<\/p>\n\n\n\n<p>Les bonus de proximit\u00e9 sont toujours en vigueur m\u00eame lorsque les b\u00e2timents accordant des bonus sont d\u00e9sactiv\u00e9s. (Cela signifie que vous pouvez \u00e9teindre vos fabricants et qu&#039;ils rendront toujours les b\u00e2timents adjacents plus efficaces.)<\/p>\n\n\n\n<p>Enfin, bien que n&#039;\u00e9tant pas un \u00abbonus de contigu\u00eft\u00e9\u00bb, la reconstruction d&#039;une structure sur sa propre \u00e9pave r\u00e9duira le co\u00fbt de la structure de 50%.<\/p>\n<\/div><\/div>\n<\/div><\/section>\n\n\n\n<section class=\"wp-block-uagb-columns uagb-columns__wrap uagb-columns__background-undefined uagb-columns__stack-mobile uagb-columns__valign-undefined uagb-columns__gap-10 alignundefined uagb-block-41e62296\"><div class=\"uagb-columns__overlay\"><\/div><div class=\"uagb-columns__inner-wrap uagb-columns__columns-1\">\n<div class=\"wp-block-uagb-column uagb-column__wrap uagb-column__background-undefined uagb-block-450ad7d1\"><div class=\"uagb-column__overlay\"><\/div><div class=\"uagb-column__inner-wrap\">\n<h3 class=\"wp-block-heading\">LES NOMBRES<\/h3>\n\n\n\n<p>N&#039;oubliez pas que tous les producteurs de masse sont \u00e9galement des consommateurs d&#039;\u00e9lectricit\u00e9.<br>Des donn\u00e9es plus compl\u00e8tes sur les bonus non maximums peuvent \u00eatre trouv\u00e9es dans la section de chaque unit\u00e9.<br>Tous les camps ont des bonus de contigu\u00eft\u00e9 identiques.<\/p>\n\n\n\n<p>Groupe \u00e9lectrog\u00e8ne Tech 1<br>Bonus maximum: 25% moins d&#039;\u00e9nergie d\u00e9pens\u00e9e<br>Fonctionne avec: tout consommateur d&#039;\u00e9nergie<\/p>\n\n\n\n<p>Centrale \u00e9lectrique aux hydrocarbures<br>Bonus maximum: 50% moins d&#039;\u00e9nergie d\u00e9pens\u00e9e<br>Donne un bonus \u00e0: tout consommateur d&#039;\u00e9nergie<\/p>\n\n\n\n<p>Groupe \u00e9lectrog\u00e8ne Tech 2<br>Bonus maximum: 50% moins d&#039;\u00e9nergie d\u00e9pens\u00e9e<br>Donne un bonus \u00e0: tout consommateur d&#039;\u00e9nergie<\/p>\n\n\n\n<p>Groupe \u00e9lectrog\u00e8ne Tech 3<br>Bonus maximum: 75% moins d&#039;\u00e9nergie d\u00e9pens\u00e9e<br>Donne un bonus \u00e0: tout consommateur d&#039;\u00e9nergie<\/p>\n\n\n\n<p>Stockage de masse Tech 1<br>Bonus maximum: 50% plus de production<br>Donne un bonus \u00e0: Tout producteur de masse<\/p>\n\n\n\n<p>Stockage d&#039;\u00e9nergie Tech 1<br>Bonus maximum: 50% plus de production<br>Donne un bonus \u00e0: Tout producteur d&#039;\u00e9nergie<\/p>\n\n\n\n<p>Fabricant de masse Tech 1<br>Bonus maximum: 10% moins de masse d\u00e9pens\u00e9e<br>Donne un bonus \u00e0: Tout consommateur de masse<\/p>\n\n\n\n<p>Extracteur de masse Tech 1<br>Bonus: 2.5% pour un extracteur<br>Donne un bonus \u00e0: Tout consommateur de masse<\/p>\n\n\n\n<p>Extracteur de masse Tech 2<br>Bonus: 3.75% pour un extracteur<br>Donne un bonus \u00e0: Tout consommateur de masse<\/p>\n\n\n\n<p>Extracteur de masse Tech 3<br>Bonus: 5% pour un extracteur<br>Donne un bonus \u00e0: Tout consommateur de masse<\/p>\n\n\n\n<p>Fabricant de masse Tech 3<br>Bonus: 1.25% pour un fabricant<br>Donne un bonus \u00e0: Tout consommateur de masse<\/p>\n<\/div><\/div>\n<\/div><\/section>","protected":false},"excerpt":{"rendered":"<p>HOW THEY WORK The Mass and Energy values displayed in your interface are really decimal numbers, but they are displayed with the values floored to the nearest whole number. For instance, an interceptor that costs 0.975 mass per second will be displayed as costing 0 mass per second. When economic production structures are built next [&hellip;]<\/p>","protected":false},"author":1,"featured_media":0,"parent":14,"menu_order":0,"comment_status":"open","ping_status":"closed","template":"","meta":{"_uag_custom_page_level_css":"","site-sidebar-layout":"default","site-content-layout":"default","ast-site-content-layout":"","site-content-style":"default","site-sidebar-style":"default","ast-global-header-display":"","ast-banner-title-visibility":"","ast-main-header-display":"","ast-hfb-above-header-display":"","ast-hfb-below-header-display":"","ast-hfb-mobile-header-display":"","site-post-title":"","ast-breadcrumbs-content":"","ast-featured-img":"","footer-sml-layout":"","theme-transparent-header-meta":"default","adv-header-id-meta":"","stick-header-meta":"","header-above-stick-meta":"","header-main-stick-meta":"","header-below-stick-meta":"","astra-migrate-meta-layouts":"default","ast-page-background-enabled":"default","ast-page-background-meta":{"desktop":{"background-color":"","background-image":"","background-repeat":"repeat","background-position":"center center","background-size":"auto","background-attachment":"scroll","background-type":"","background-media":"","overlay-type":"","overlay-color":"","overlay-gradient":""},"tablet":{"background-color":"","background-image":"","background-repeat":"repeat","background-position":"center center","background-size":"auto","background-attachment":"scroll","background-type":"","background-media":"","overlay-type":"","overlay-color":"","overlay-gradient":""},"mobile":{"background-color":"","background-image":"","background-repeat":"repeat","background-position":"center center","background-size":"auto","background-attachment":"scroll","background-type":"","background-media":"","overlay-type":"","overlay-color":"","overlay-gradient":""}},"ast-content-background-meta":{"desktop":{"background-color":"var(--ast-global-color-5)","background-image":"","background-repeat":"repeat","background-position":"center center","background-size":"auto","background-attachment":"scroll","background-type":"","background-media":"","overlay-type":"","overlay-color":"","overlay-gradient":""},"tablet":{"background-color":"var(--ast-global-color-5)","background-image":"","background-repeat":"repeat","background-position":"center center","background-size":"auto","background-attachment":"scroll","background-type":"","background-media":"","overlay-type":"","overlay-color":"","overlay-gradient":""},"mobile":{"background-color":"var(--ast-global-color-5)","background-image":"","background-repeat":"repeat","background-position":"center center","background-size":"auto","background-attachment":"scroll","background-type":"","background-media":"","overlay-type":"","overlay-color":"","overlay-gradient":""}},"footnotes":""},"uagb_featured_image_src":{"full":false,"thumbnail":false,"medium":false,"medium_large":false,"large":false,"1536x1536":false,"2048x2048":false,"trp-custom-language-flag":false},"uagb_author_info":{"display_name":"SOE","author_link":"https:\/\/supcom.standardof.net\/fr\/author\/k-tastic\/"},"uagb_comment_info":1,"uagb_excerpt":"HOW THEY WORK The Mass and Energy values displayed in your interface are really decimal numbers, but they are displayed with the values floored to the nearest whole number. For instance, an interceptor that costs 0.975 mass per second will be displayed as costing 0 mass per second. When economic production structures are built next&hellip;","_links":{"self":[{"href":"https:\/\/supcom.standardof.net\/fr\/wp-json\/wp\/v2\/pages\/695"}],"collection":[{"href":"https:\/\/supcom.standardof.net\/fr\/wp-json\/wp\/v2\/pages"}],"about":[{"href":"https:\/\/supcom.standardof.net\/fr\/wp-json\/wp\/v2\/types\/page"}],"author":[{"embeddable":true,"href":"https:\/\/supcom.standardof.net\/fr\/wp-json\/wp\/v2\/users\/1"}],"replies":[{"embeddable":true,"href":"https:\/\/supcom.standardof.net\/fr\/wp-json\/wp\/v2\/comments?post=695"}],"version-history":[{"count":0,"href":"https:\/\/supcom.standardof.net\/fr\/wp-json\/wp\/v2\/pages\/695\/revisions"}],"up":[{"embeddable":true,"href":"https:\/\/supcom.standardof.net\/fr\/wp-json\/wp\/v2\/pages\/14"}],"wp:attachment":[{"href":"https:\/\/supcom.standardof.net\/fr\/wp-json\/wp\/v2\/media?parent=695"}],"curies":[{"name":"wp","href":"https:\/\/api.w.org\/{rel}","templated":true}]}}