{"id":696,"date":"2020-11-03T01:35:23","date_gmt":"2020-11-03T06:35:23","guid":{"rendered":"https:\/\/supcom.standardof.net\/?page_id=696"},"modified":"2020-11-03T01:35:24","modified_gmt":"2020-11-03T06:35:24","slug":"build-mode","status":"publish","type":"page","link":"https:\/\/supcom.standardof.net\/fr\/supreme-commander\/mode-de-construction\/","title":{"rendered":"MODE DE CONSTRUCTION"},"content":{"rendered":"<p>Pour entrer en mode Construction, appuyez sur B. Vos raccourcis clavier seront transform\u00e9s.<br>Pour quitter le mode Construction, appuyez sur Echap.<\/p>\n\n\n\n<p>Les b\u00e2timents sont r\u00e9pertori\u00e9s dans l&#039;ordre dans lequel ils apparaissent de gauche \u00e0 droite.<br>Les raccourcis clavier du mode Construction sont r\u00e9pertori\u00e9s \u00e0 c\u00f4t\u00e9 de chaque b\u00e2timent.<\/p>\n\n\n\n<section class=\"wp-block-uagb-columns uagb-columns__wrap uagb-columns__background-undefined uagb-columns__stack-mobile uagb-columns__valign-undefined uagb-columns__gap-10 alignundefined uagb-block-5b72ebaa\"><div class=\"uagb-columns__overlay\"><\/div><div class=\"uagb-columns__inner-wrap uagb-columns__columns-1\">\n<div class=\"wp-block-uagb-column uagb-column__wrap uagb-column__background-undefined uagb-block-ce1c4df4\"><div class=\"uagb-column__overlay\"><\/div><div class=\"uagb-column__inner-wrap\">\n<h2 class=\"wp-block-heading\">HOTKEYS UNIVERSELS<\/h2>\n\n\n\n<p>U: Passez au niveau suivant de cette structure<br>1: Passer au niveau technique 1<br>2: Passer au niveau technique 2<br>3: Passer au niveau technique 3<br>4: Passer aux unit\u00e9s exp\u00e9rimentales<\/p>\n<\/div><\/div>\n<\/div><\/section>\n\n\n\n<section class=\"wp-block-uagb-columns uagb-columns__wrap uagb-columns__background-undefined uagb-columns__stack-mobile uagb-columns__valign-undefined uagb-columns__gap-10 alignundefined uagb-block-ca3f196a\"><div class=\"uagb-columns__overlay\"><\/div><div class=\"uagb-columns__inner-wrap uagb-columns__columns-1\">\n<div class=\"wp-block-uagb-column uagb-column__wrap uagb-column__background-undefined uagb-block-51fd7f77\"><div class=\"uagb-column__overlay\"><\/div><div class=\"uagb-column__inner-wrap\">\n<h2 class=\"wp-block-heading\">LE COMMANDANT<\/h2>\n\n\n\n<p>L: Usine terrestre<br>A: usine d&#039;air<br>S: Usine navale<br>E: Extracteur de masse<br>F: fabricant de masse<br>P: g\u00e9n\u00e9rateur d&#039;\u00e9nergie<br>W: section murale<br>D: D\u00e9fense de point<br>N: tourelle anti-a\u00e9rienne<br>T: lance-torpilles<\/p>\n<\/div><\/div>\n<\/div><\/section>\n\n\n\n<section class=\"wp-block-uagb-columns uagb-columns__wrap uagb-columns__background-undefined uagb-columns__stack-mobile uagb-columns__valign-undefined uagb-columns__gap-10 alignundefined uagb-block-94f16297\"><div class=\"uagb-columns__overlay\"><\/div><div class=\"uagb-columns__inner-wrap uagb-columns__columns-1\">\n<div class=\"wp-block-uagb-column uagb-column__wrap uagb-column__background-undefined uagb-block-31696319\"><div class=\"uagb-column__overlay\"><\/div><div class=\"uagb-column__inner-wrap\">\n<h2 class=\"wp-block-heading\">ING\u00c9NIEUR TECH 1<\/h2>\n\n\n\n<p>L: Usine terrestre<br>A: usine d&#039;air<br>S: Usine navale<br>E: Extracteur de masse<br>F: fabricant de masse<br>X: stockage de masse<br>P: g\u00e9n\u00e9rateur d&#039;\u00e9nergie<br>H: Centrale \u00e9lectrique aux hydrocarbures<br>Y: stockage d&#039;\u00e9nergie<br>W: section murale<br>D: D\u00e9fense de point<br>N: tourelle anti-a\u00e9rienne<br>T: lance-torpilles<br>I: Syst\u00e8me radar<br>O: Syst\u00e8me Sonar<\/p>\n<\/div><\/div>\n<\/div><\/section>\n\n\n\n<section class=\"wp-block-uagb-columns uagb-columns__wrap uagb-columns__background-undefined uagb-columns__stack-mobile uagb-columns__valign-undefined uagb-columns__gap-10 alignundefined uagb-block-4bfa9d10\"><div class=\"uagb-columns__overlay\"><\/div><div class=\"uagb-columns__inner-wrap uagb-columns__columns-1\">\n<div class=\"wp-block-uagb-column uagb-column__wrap uagb-column__background-undefined uagb-block-ffd66e38\"><div class=\"uagb-column__overlay\"><\/div><div class=\"uagb-column__inner-wrap\">\n<h2 class=\"wp-block-heading\">ING\u00c9NIEUR TECH 2<\/h2>\n\n\n\n<p>E: Extracteur de masse<br>P: g\u00e9n\u00e9rateur d&#039;\u00e9nergie<br>D: D\u00e9fense de point<br>N: Artillerie anti-a\u00e9rienne Flak<br>T: lance-torpilles lourd<br>R: Installation d&#039;artillerie<br>M: Lanceur de missiles tactiques<br>K: D\u00e9fense antimissile tactique<br>V: G\u00e9n\u00e9rateur de bouclier<br>C: G\u00e9n\u00e9rateur de champ furtif<br>I: Syst\u00e8me radar<br>O: Syst\u00e8me Sonar<br>G: Installation de mise en sc\u00e8ne de l&#039;air<\/p>\n<\/div><\/div>\n<\/div><\/section>\n\n\n\n<section class=\"wp-block-uagb-columns uagb-columns__wrap uagb-columns__background-undefined uagb-columns__stack-mobile uagb-columns__valign-undefined uagb-columns__gap-10 alignundefined uagb-block-32cd299a\"><div class=\"uagb-columns__overlay\"><\/div><div class=\"uagb-columns__inner-wrap uagb-columns__columns-1\">\n<div class=\"wp-block-uagb-column uagb-column__wrap uagb-column__background-undefined uagb-block-6d22a225\"><div class=\"uagb-column__overlay\"><\/div><div class=\"uagb-column__inner-wrap\">\n<h2 class=\"wp-block-heading\">ING\u00c9NIEUR TECH 3<\/h2>\n\n\n\n<p>Menu de construction Tech 3<br>E: Extracteur de masse<br>F: fabricant de masse<br>P: g\u00e9n\u00e9rateur d&#039;\u00e9nergie<br>N: Lanceur SAM anti-a\u00e9rien<br>R: Installation d&#039;artillerie lourde<br>M: Lanceur de missiles strat\u00e9giques<br>K: D\u00e9fense antimissile strat\u00e9gique<br>O: Plateforme Sonar<br>I: matrice de capteurs Omni<br>Q: Passerelle Quantum<\/p>\n\n\n\n<h3 class=\"wp-block-heading\">Menu de construction exp\u00e9rimentale UEF<\/h3>\n\n\n\n<p>F: Fatboy<br>A: Atlantis<br>M: Mavor<\/p>\n\n\n\n<h3 class=\"wp-block-heading\">Menu de construction exp\u00e9rimentale de Cybran<\/h3>\n\n\n\n<p>S: Monkeylord (S pour Spiderbot)<br>R: Soul Ripper (R pour Artillery)<br>C: Scathis<\/p>\n\n\n\n<h3 class=\"wp-block-heading\">Menu de construction exp\u00e9rimentale Aeon<\/h3>\n\n\n\n<p>Z: Czar<br>T: Temp\u00eate<br>C: Colosse galactique<\/p>\n<\/div><\/div>\n<\/div><\/section>\n\n\n\n<section class=\"wp-block-uagb-columns uagb-columns__wrap uagb-columns__background-undefined uagb-columns__stack-mobile uagb-columns__valign-undefined uagb-columns__gap-10 alignundefined uagb-block-20e35840\"><div class=\"uagb-columns__overlay\"><\/div><div class=\"uagb-columns__inner-wrap uagb-columns__columns-1\">\n<div class=\"wp-block-uagb-column uagb-column__wrap uagb-column__background-undefined uagb-block-70261521\"><div class=\"uagb-column__overlay\"><\/div><div class=\"uagb-column__inner-wrap\">\n<h2 class=\"wp-block-heading\">USINE DE TERRAIN<\/h2>\n\n\n\n<p>Technologie 1<br>E: ing\u00e9nieur<br>S: Scout terrestre<br>A: Bot d&#039;assaut l\u00e9ger<br>T: char moyen (UEF, Aeon uniquement)<br>T: Bot d&#039;assaut lourd (Cybran uniquement)<br>R: Artillerie l\u00e9g\u00e8re mobile<br>N: pistolet anti-a\u00e9rien mobile<\/p>\n\n\n\n<p>Tech 2<br>E: ing\u00e9nieur<br>T: char lourd<br>M: lance-missiles mobile<br>N: Artillerie mobile AA Flak<br>P: r\u00e9servoir amphibie<br>C: Mobile Stealth Field System (Cybran uniquement)<br>V: G\u00e9n\u00e9rateur de bouclier mobile (UEF, Aeon uniquement)<\/p>\n\n\n\n<p>Tech 3<br>E: ing\u00e9nieur<br>B: Bot d&#039;assaut de si\u00e8ge<br>R: Artillerie lourde mobile<\/p>\n<\/div><\/div>\n<\/div><\/section>\n\n\n\n<section class=\"wp-block-uagb-columns uagb-columns__wrap uagb-columns__background-undefined uagb-columns__stack-mobile uagb-columns__valign-undefined uagb-columns__gap-10 alignundefined uagb-block-5e354201\"><div class=\"uagb-columns__overlay\"><\/div><div class=\"uagb-columns__inner-wrap uagb-columns__columns-1\">\n<div class=\"wp-block-uagb-column uagb-column__wrap uagb-column__background-undefined uagb-block-06dae81f\"><div class=\"uagb-column__overlay\"><\/div><div class=\"uagb-column__inner-wrap\">\n<h2 class=\"wp-block-heading\">USINE D&#039;AIR<\/h2>\n\n\n\n<p>Technologie 1<br>E: ing\u00e9nieur<br>S: Scout a\u00e9rien<br>F: Intercepteur<br>A: bombardier d&#039;attaque<br>T: Transport a\u00e9rien l\u00e9ger<\/p>\n\n\n\n<p>Tech 2<br>E: ing\u00e9nieur<br>A: bombardier<br>O: bombardier torpille<br>G: Gunship<br>T: Transport a\u00e9rien<\/p>\n\n\n\n<p>Tech 3<br>E: ing\u00e9nieur<br>S: avion espion<br>F: chasseur de sup\u00e9riorit\u00e9 a\u00e9rienne<br>A: bombardier strat\u00e9gique<br>G: Heavy Gunship (UEF uniquement)<\/p>\n<\/div><\/div>\n<\/div><\/section>\n\n\n\n<section class=\"wp-block-uagb-columns uagb-columns__wrap uagb-columns__background-undefined uagb-columns__stack-mobile uagb-columns__valign-undefined uagb-columns__gap-10 alignundefined uagb-block-50aa0573\"><div class=\"uagb-columns__overlay\"><\/div><div class=\"uagb-columns__inner-wrap uagb-columns__columns-1\">\n<div class=\"wp-block-uagb-column uagb-column__wrap uagb-column__background-undefined uagb-block-d0bf32e7\"><div class=\"uagb-column__overlay\"><\/div><div class=\"uagb-column__inner-wrap\">\n<h2 class=\"wp-block-heading\">USINE NAVALE<\/h2>\n\n\n\n<p>Technologie 1<br>E: ing\u00e9nieur<br>R: Bateau d&#039;attaque (Aeon uniquement)<br>S: sous-marin d&#039;attaque<br>F: Fr\u00e9gate<\/p>\n\n\n\n<p>Tech 2<br>E: ing\u00e9nieur<br>C: croiseur<br>D: Destructeur<\/p>\n\n\n\n<p>Tech 3<br>E: ing\u00e9nieur<br>A: cuirass\u00e9<br>C: transporteur<br>S: Sous-marin de missiles strat\u00e9giques<\/p>\n<\/div><\/div>\n<\/div><\/section>\n\n\n\n<section class=\"wp-block-uagb-columns uagb-columns__wrap uagb-columns__background-undefined uagb-columns__stack-mobile uagb-columns__valign-undefined uagb-columns__gap-10 alignundefined uagb-block-eb7c2d7d\"><div class=\"uagb-columns__overlay\"><\/div><div class=\"uagb-columns__inner-wrap uagb-columns__columns-1\">\n<div class=\"wp-block-uagb-column uagb-column__wrap uagb-column__background-undefined uagb-block-eb6b4eb3\"><div class=\"uagb-column__overlay\"><\/div><div class=\"uagb-column__inner-wrap\">\n<h2 class=\"wp-block-heading\">PASSERELLE QUANTUM<\/h2>\n\n\n\n<p>C: Unit\u00e9 de commande de soutien<\/p>\n<\/div><\/div>\n<\/div><\/section>","protected":false},"excerpt":{"rendered":"<p>To enter Build Mode, press B. Your keyboard shortcuts will be transformed.To quit Build Mode, press Esc. Buildings are listed in the order they appear from left to right.Build Mode hotkeys are listed next to each building. UNIVERSAL HOTKEYS U: Upgrade to next level of this structure1: Switch to tech level 12: Switch to tech [&hellip;]<\/p>","protected":false},"author":1,"featured_media":0,"parent":14,"menu_order":0,"comment_status":"open","ping_status":"closed","template":"","meta":{"_uag_custom_page_level_css":"","site-sidebar-layout":"default","site-content-layout":"default","ast-site-content-layout":"","site-content-style":"default","site-sidebar-style":"default","ast-global-header-display":"","ast-banner-title-visibility":"","ast-main-header-display":"","ast-hfb-above-header-display":"","ast-hfb-below-header-display":"","ast-hfb-mobile-header-display":"","site-post-title":"","ast-breadcrumbs-content":"","ast-featured-img":"","footer-sml-layout":"","theme-transparent-header-meta":"default","adv-header-id-meta":"","stick-header-meta":"","header-above-stick-meta":"","header-main-stick-meta":"","header-below-stick-meta":"","astra-migrate-meta-layouts":"default","ast-page-background-enabled":"default","ast-page-background-meta":{"desktop":{"background-color":"","background-image":"","background-repeat":"repeat","background-position":"center center","background-size":"auto","background-attachment":"scroll","background-type":"","background-media":"","overlay-type":"","overlay-color":"","overlay-gradient":""},"tablet":{"background-color":"","background-image":"","background-repeat":"repeat","background-position":"center center","background-size":"auto","background-attachment":"scroll","background-type":"","background-media":"","overlay-type":"","overlay-color":"","overlay-gradient":""},"mobile":{"background-color":"","background-image":"","background-repeat":"repeat","background-position":"center center","background-size":"auto","background-attachment":"scroll","background-type":"","background-media":"","overlay-type":"","overlay-color":"","overlay-gradient":""}},"ast-content-background-meta":{"desktop":{"background-color":"var(--ast-global-color-5)","background-image":"","background-repeat":"repeat","background-position":"center center","background-size":"auto","background-attachment":"scroll","background-type":"","background-media":"","overlay-type":"","overlay-color":"","overlay-gradient":""},"tablet":{"background-color":"var(--ast-global-color-5)","background-image":"","background-repeat":"repeat","background-position":"center center","background-size":"auto","background-attachment":"scroll","background-type":"","background-media":"","overlay-type":"","overlay-color":"","overlay-gradient":""},"mobile":{"background-color":"var(--ast-global-color-5)","background-image":"","background-repeat":"repeat","background-position":"center center","background-size":"auto","background-attachment":"scroll","background-type":"","background-media":"","overlay-type":"","overlay-color":"","overlay-gradient":""}},"footnotes":""},"uagb_featured_image_src":{"full":false,"thumbnail":false,"medium":false,"medium_large":false,"large":false,"1536x1536":false,"2048x2048":false,"trp-custom-language-flag":false},"uagb_author_info":{"display_name":"SOE","author_link":"https:\/\/supcom.standardof.net\/fr\/author\/k-tastic\/"},"uagb_comment_info":1,"uagb_excerpt":"To enter Build Mode, press B. Your keyboard shortcuts will be transformed.To quit Build Mode, press Esc. Buildings are listed in the order they appear from left to right.Build Mode hotkeys are listed next to each building. UNIVERSAL HOTKEYS U: Upgrade to next level of this structure1: Switch to tech level 12: Switch to tech&hellip;","_links":{"self":[{"href":"https:\/\/supcom.standardof.net\/fr\/wp-json\/wp\/v2\/pages\/696"}],"collection":[{"href":"https:\/\/supcom.standardof.net\/fr\/wp-json\/wp\/v2\/pages"}],"about":[{"href":"https:\/\/supcom.standardof.net\/fr\/wp-json\/wp\/v2\/types\/page"}],"author":[{"embeddable":true,"href":"https:\/\/supcom.standardof.net\/fr\/wp-json\/wp\/v2\/users\/1"}],"replies":[{"embeddable":true,"href":"https:\/\/supcom.standardof.net\/fr\/wp-json\/wp\/v2\/comments?post=696"}],"version-history":[{"count":0,"href":"https:\/\/supcom.standardof.net\/fr\/wp-json\/wp\/v2\/pages\/696\/revisions"}],"up":[{"embeddable":true,"href":"https:\/\/supcom.standardof.net\/fr\/wp-json\/wp\/v2\/pages\/14"}],"wp:attachment":[{"href":"https:\/\/supcom.standardof.net\/fr\/wp-json\/wp\/v2\/media?parent=696"}],"curies":[{"name":"wp","href":"https:\/\/api.w.org\/{rel}","templated":true}]}}