{"id":706,"date":"2020-11-03T01:58:22","date_gmt":"2020-11-03T06:58:22","guid":{"rendered":"https:\/\/supcom.standardof.net\/?page_id=706"},"modified":"2020-11-04T22:16:28","modified_gmt":"2020-11-05T03:16:28","slug":"aeon-commander","status":"publish","type":"page","link":"https:\/\/supcom.standardof.net\/fr\/supreme-commander\/temps-infini\/commandant-aeon\/","title":{"rendered":"Commandant AEON"},"content":{"rendered":"<section class=\"wp-block-uagb-columns uagb-columns__wrap uagb-columns__background-undefined uagb-columns__stack-mobile uagb-columns__valign-undefined uagb-columns__gap-10 alignundefined uagb-block-587d920b\"><div class=\"uagb-columns__overlay\"><\/div><div class=\"uagb-columns__inner-wrap uagb-columns__columns-1\">\n<div class=\"wp-block-uagb-column uagb-column__wrap uagb-column__background-undefined uagb-block-9999e271\"><div class=\"uagb-column__overlay\"><\/div><div class=\"uagb-column__inner-wrap\">\n<h2 class=\"wp-block-heading\"><strong>UNIT\u00c9 DE COMMANDE ARM\u00c9E<\/strong> - AEON ACU<\/h2>\n\n\n\n<p>Votre commandant a l&#039;air intimidant, mais c&#039;est simplement parce qu&#039;il est si polyvalent. N&#039;oubliez pas que si vous avez des probl\u00e8mes, vous pouvez surcharger en appuyant sur O.<\/p>\n\n\n\n<p>L&#039;ACU a une vitesse de construction de 10.<\/p>\n\n\n\n<div class=\"wp-block-image\"><figure class=\"aligncenter size-large\"><a href=\"https:\/\/supcom.standardof.net\/fr\/supreme-commander\/temps-infini\/commandant-aeon\/supreme-commander-armored-command-unit-aeon-acu\/\"><img decoding=\"async\" width=\"800\" height=\"661\" src=\"https:\/\/supcom.standardof.net\/wp-content\/uploads\/sites\/8\/2020\/11\/Supreme-Commander-ARMORED-COMMAND-UNIT-AEON-ACU-800x661.jpg\" alt=\"L&#039;unit\u00e9 de commandement blind\u00e9e Aeon dans Supreme Commander.\" class=\"wp-image-1044\" srcset=\"https:\/\/supcom.standardof.net\/wp-content\/uploads\/sites\/8\/2020\/11\/Supreme-Commander-ARMORED-COMMAND-UNIT-AEON-ACU-800x661.jpg 800w, https:\/\/supcom.standardof.net\/wp-content\/uploads\/sites\/8\/2020\/11\/Supreme-Commander-ARMORED-COMMAND-UNIT-AEON-ACU-512x423.jpg 512w, https:\/\/supcom.standardof.net\/wp-content\/uploads\/sites\/8\/2020\/11\/Supreme-Commander-ARMORED-COMMAND-UNIT-AEON-ACU-200x165.jpg 200w, https:\/\/supcom.standardof.net\/wp-content\/uploads\/sites\/8\/2020\/11\/Supreme-Commander-ARMORED-COMMAND-UNIT-AEON-ACU-768x634.jpg 768w, https:\/\/supcom.standardof.net\/wp-content\/uploads\/sites\/8\/2020\/11\/Supreme-Commander-ARMORED-COMMAND-UNIT-AEON-ACU-16x12.jpg 16w, https:\/\/supcom.standardof.net\/wp-content\/uploads\/sites\/8\/2020\/11\/Supreme-Commander-ARMORED-COMMAND-UNIT-AEON-ACU.jpg 861w\" sizes=\"(max-width: 800px) 100vw, 800px\" \/><\/a><figcaption> AEON ACU<\/figcaption><\/figure><\/div>\n\n\n\n<section class=\"wp-block-uagb-columns uagb-columns__wrap uagb-columns__background-undefined uagb-columns__stack-mobile uagb-columns__valign-undefined uagb-columns__gap-10 alignundefined uagb-block-6cd55173\"><div class=\"uagb-columns__overlay\"><\/div><div class=\"uagb-columns__inner-wrap uagb-columns__columns-2\">\n<div class=\"wp-block-uagb-column uagb-column__wrap uagb-column__background-undefined uagb-block-ca4eff4d\"><div class=\"uagb-column__overlay\"><\/div><div class=\"uagb-column__inner-wrap\">\n<h3 class=\"wp-block-heading\">Statistiques ACU<\/h3>\n\n\n\n<p>Armure: 11000hp (taux de r\u00e9g\u00e9n\u00e9ration: 10, type d&#039;armure: Commandant)<br>Capacit\u00e9s: personnalisables, etc.<br>Co\u00fbt: M18000 (+1, stockage: 400), E5000000 (+10, stockage: 2500), T60000,<br>     taux de construction: 10<br>Intel:<br>     vue: 26 (508m)<br>     omni: 26 (508m)<br>Physique: vitesse max: 1,7 (33,2 m \/ s), vitesse de rotation: 90<br>Classe de transport: 3<br>V\u00e9t\u00e9ran: 100, 200, 500, 1000, 2000 victimes<br>     v\u00e9t\u00e9ran niveau 2: +2750 ch<br>     v\u00e9t\u00e9ran niveau 4: +2750 ch<br>     v\u00e9t\u00e9ran niveau 5: r\u00e9parer 20 ch \/ s<\/p>\n<\/div><\/div>\n\n\n\n<div class=\"wp-block-uagb-column uagb-column__wrap uagb-column__background-undefined uagb-block-88d9abaa\"><div class=\"uagb-column__overlay\"><\/div><div class=\"uagb-column__inner-wrap\">\n<h3 class=\"wp-block-heading\">Armes ACU<\/h3>\n\n\n\n<p>Perturbateur quantique (tir direct):<br>     110,00 dps<br>port\u00e9e: 2 (39,1 m) - 22 (430 m)<br>arme \u00e0 faisceau: 110 d\u00e9g\u00e2ts<br>cadence de tir: 1 (toutes les 1s)<br>v\u00e9t\u00e9ran niveau 1: +28 d\u00e9g\u00e2ts, v\u00e9t\u00e9ran niveau 3: +28 d\u00e9g\u00e2ts<\/p>\n\n\n\n<p>Canon de surcharge (tir direct):<br>     52500,00 dps<br>superficie: 2 (39,1m)<br>port\u00e9e: 10 (195m)<br>arme \u00e0 projectile: 70000 d\u00e9g\u00e2ts<br>cadence de tir: 3 (toutes les 0,33 s), \u00e9nergie requise: 3000 (-3000)<\/p>\n\n\n\n<p>Death Nuke (Tir direct):<br>endommagement de la bague int\u00e9rieure: 3500<br>rayon de la bague int\u00e9rieure: 30 (586m<br>endommagement de la bague ext\u00e9rieure: 500<br>rayon de la bague ext\u00e9rieure: 40 (781m)<\/p>\n<\/div><\/div>\n<\/div><\/section>\n<\/div><\/div>\n<\/div><\/section>\n\n\n\n<section class=\"wp-block-uagb-columns uagb-columns__wrap uagb-columns__background-undefined uagb-columns__stack-mobile uagb-columns__valign-undefined uagb-columns__gap-10 alignundefined uagb-block-88c7d4e3\"><div class=\"uagb-columns__overlay\"><\/div><div class=\"uagb-columns__inner-wrap uagb-columns__columns-1\">\n<div class=\"wp-block-uagb-column uagb-column__wrap uagb-column__background-undefined uagb-block-a3628b4e\"><div class=\"uagb-column__overlay\"><\/div><div class=\"uagb-column__inner-wrap\">\t\t\t\t<div class=\"wp-block-uagb-table-of-contents uagb-toc__align-left uagb-toc__columns-1  uagb-block-89cfdc08\"\n\t\t\t\t\tdata-scroll= \"1\"\n\t\t\t\t\tdata-offset= \"30\"\n\t\t\t\t\tstyle=\"\"\n\t\t\t\t>\n\t\t\t\t<div class=\"uagb-toc__wrap\">\n\t\t\t\t\t\t<div class=\"uagb-toc__title\">\n\t\t\t\t\t\t\tMises \u00e0 niveau de l&#039;Aeon ACU\t\t\t\t\t\t<\/div>\n\t\t\t\t\t\t\t\t\t\t\t\t\t\t\t\t<div class=\"uagb-toc__list-wrap\">\n\t\t\t\t\t\t<ol class=\"uagb-toc__list\"><li class=\"uagb-toc__list\"><a href=\"#right-arm\" class=\"uagb-toc-link__trigger\">BRAS DROIT<\/a><ul class=\"uagb-toc__list\"><li class=\"uagb-toc__list\"><a href=\"#enhanced-sensor-system\" class=\"uagb-toc-link__trigger\">Syst\u00e8me de capteur am\u00e9lior\u00e9<\/a><li class=\"uagb-toc__list\"><li class=\"uagb-toc__list\"><a href=\"#heat-sink-augmentation\" class=\"uagb-toc-link__trigger\">Augmentation du dissipateur de chaleur<\/a><\/li><\/ul><\/li><li class=\"uagb-toc__list\"><a href=\"#back\" class=\"uagb-toc-link__trigger\">RETOUR<\/a><ul class=\"uagb-toc__list\"><li class=\"uagb-toc__list\"><a href=\"#personal-shield-generator\" class=\"uagb-toc-link__trigger\">G\u00e9n\u00e9rateur de bouclier personnel<\/a><li class=\"uagb-toc__list\"><li class=\"uagb-toc__list\"><a href=\"#heavy-personal-shield-generator\" class=\"uagb-toc-link__trigger\">G\u00e9n\u00e9rateur de bouclier personnel lourd<\/a><li class=\"uagb-toc__list\"><li class=\"uagb-toc__list\"><a href=\"#personal-teleporter\" class=\"uagb-toc-link__trigger\">T\u00e9l\u00e9porteur personnel<\/a><li class=\"uagb-toc__list\"><li class=\"uagb-toc__list\"><a href=\"#resource-allocation-system\" class=\"uagb-toc-link__trigger\">Syst\u00e8me d&#039;allocation des ressources<\/a><li class=\"uagb-toc__list\"><li class=\"uagb-toc__list\"><a href=\"#advanced-resource-allocation-system\" class=\"uagb-toc-link__trigger\">Syst\u00e8me avanc\u00e9 d&#039;allocation des ressources<\/a><li class=\"uagb-toc__list\"><li class=\"uagb-toc__list\"><a href=\"#chrono-dampener\" class=\"uagb-toc-link__trigger\">Amortisseur Chrono<\/a><\/li><\/ul><\/li><\/ul><\/li><li class=\"uagb-toc__list\"><a href=\"#left-arm\" class=\"uagb-toc-link__trigger\">BRAS GAUCHE<\/a><ul class=\"uagb-toc__list\"><li class=\"uagb-toc__list\"><a href=\"#crysalis-beam-augmentation\" class=\"uagb-toc-link__trigger\">Augmentation du faisceau de crysalide<\/a><li class=\"uagb-toc__list\"><li class=\"uagb-toc__list\"><a href=\"#tech-2-engineering-suite\" class=\"uagb-toc-link__trigger\">Suite d&#039;ing\u00e9nierie Tech 2<\/a><li class=\"uagb-toc__list\"><li class=\"uagb-toc__list\"><a href=\"#tech-3-engineering-suite\" class=\"uagb-toc-link__trigger\">Suite d&#039;ing\u00e9nierie Tech 3<\/a><\/ul><\/ul><\/ul><\/ol>\t\t\t\t\t<\/div>\n\t\t\t\t\t\t\t\t\t<\/div>\n\t\t\t\t<\/div>\n\t\t\t<\/div><\/div>\n<\/div><\/section>\n\n\n\n<section class=\"wp-block-uagb-columns uagb-columns__wrap uagb-columns__background-undefined uagb-columns__stack-mobile uagb-columns__valign-undefined uagb-columns__gap-10 alignundefined uagb-block-cf329bb2\"><div class=\"uagb-columns__overlay\"><\/div><div class=\"uagb-columns__inner-wrap uagb-columns__columns-1\">\n<div class=\"wp-block-uagb-column uagb-column__wrap uagb-column__background-undefined uagb-block-7c592c17\"><div class=\"uagb-column__overlay\"><\/div><div class=\"uagb-column__inner-wrap\">\n<h4 class=\"wp-block-heading\">BRAS DROIT<\/h4>\n\n\n\n<section class=\"wp-block-uagb-columns uagb-columns__wrap uagb-columns__background-undefined uagb-columns__stack-mobile uagb-columns__valign-undefined uagb-columns__gap-10 alignundefined uagb-block-b95dadf1\"><div class=\"uagb-columns__overlay\"><\/div><div class=\"uagb-columns__inner-wrap uagb-columns__columns-1\">\n<div class=\"wp-block-uagb-column uagb-column__wrap uagb-column__background-undefined uagb-block-756fd713\"><div class=\"uagb-column__overlay\"><\/div><div class=\"uagb-column__inner-wrap\">\n<h5 class=\"wp-block-heading\">Syst\u00e8me de capteur am\u00e9lior\u00e9<\/h5>\n\n\n\n<p>Augmente la port\u00e9e de vis\u00e9e \u00e0 32 et la port\u00e9e omnidirectionnelle \u00e0 72.<\/p>\n\n\n\n<p>Co\u00fbt: M1500, E31250, T1250<\/p>\n<\/div><\/div>\n<\/div><\/section>\n\n\n\n<section class=\"wp-block-uagb-columns uagb-columns__wrap uagb-columns__background-undefined uagb-columns__stack-mobile uagb-columns__valign-undefined uagb-columns__gap-10 alignundefined uagb-block-87cd7e34\"><div class=\"uagb-columns__overlay\"><\/div><div class=\"uagb-columns__inner-wrap uagb-columns__columns-1\">\n<div class=\"wp-block-uagb-column uagb-column__wrap uagb-column__background-undefined uagb-block-dbdb6ea6\"><div class=\"uagb-column__overlay\"><\/div><div class=\"uagb-column__inner-wrap\">\n<h5 class=\"wp-block-heading\">Augmentation du dissipateur de chaleur<\/h5>\n\n\n\n<p>Permet au canon principal de tirer 7 fois plus vite.<\/p>\n\n\n\n<p>Co\u00fbt: M4500, E112500, T1500<\/p>\n<\/div><\/div>\n<\/div><\/section>\n<\/div><\/div>\n<\/div><\/section>\n\n\n\n<section class=\"wp-block-uagb-columns uagb-columns__wrap uagb-columns__background-undefined uagb-columns__stack-mobile uagb-columns__valign-undefined uagb-columns__gap-10 alignundefined uagb-block-5d2fa79a\"><div class=\"uagb-columns__overlay\"><\/div><div class=\"uagb-columns__inner-wrap uagb-columns__columns-1\">\n<div class=\"wp-block-uagb-column uagb-column__wrap uagb-column__background-undefined uagb-block-95e68d09\"><div class=\"uagb-column__overlay\"><\/div><div class=\"uagb-column__inner-wrap\">\n<h4 class=\"wp-block-heading\">RETOUR<\/h4>\n\n\n\n<section class=\"wp-block-uagb-columns uagb-columns__wrap uagb-columns__background-undefined uagb-columns__stack-mobile uagb-columns__valign-undefined uagb-columns__gap-10 alignundefined uagb-block-c4b1b83c\"><div class=\"uagb-columns__overlay\"><\/div><div class=\"uagb-columns__inner-wrap uagb-columns__columns-1\">\n<div class=\"wp-block-uagb-column uagb-column__wrap uagb-column__background-undefined uagb-block-1d6ab960\"><div class=\"uagb-column__overlay\"><\/div><div class=\"uagb-column__inner-wrap\">\n<h5 class=\"wp-block-heading\">G\u00e9n\u00e9rateur de bouclier personnel<\/h5>\n\n\n\n<p>Donne \u00e0 l&#039;ACU un bouclier autour de lui.<\/p>\n\n\n\n<p>Co\u00fbt: M1500, E93750 (-300), T1250<br>Bouclier: 29000hp<br>(taux de r\u00e9g\u00e9n\u00e9ration: 223, heure de d\u00e9but de r\u00e9g\u00e9n\u00e9ration: 30, temps de recharge: 160)<\/p>\n<\/div><\/div>\n<\/div><\/section>\n\n\n\n<section class=\"wp-block-uagb-columns uagb-columns__wrap uagb-columns__background-undefined uagb-columns__stack-mobile uagb-columns__valign-undefined uagb-columns__gap-10 alignundefined uagb-block-2bb2337d\"><div class=\"uagb-columns__overlay\"><\/div><div class=\"uagb-columns__inner-wrap uagb-columns__columns-1\">\n<div class=\"wp-block-uagb-column uagb-column__wrap uagb-column__background-undefined uagb-block-50c6a03e\"><div class=\"uagb-column__overlay\"><\/div><div class=\"uagb-column__inner-wrap\">\n<h5 class=\"wp-block-heading\">G\u00e9n\u00e9rateur de bouclier personnel lourd<\/h5>\n\n\n\n<p>Donne \u00e0 l&#039;ACU un bouclier plus puissant autour de lui.<\/p>\n\n\n\n<p>N\u00e9cessite un g\u00e9n\u00e9rateur de bouclier personnel<br>Co\u00fbt: M4500, E1000000 (-300), T2500<br>Bouclier: 44000hp<br>(taux de r\u00e9g\u00e9n\u00e9ration: 270, heure de d\u00e9but de r\u00e9g\u00e9n\u00e9ration: 37, temps de recharge: 200)<\/p>\n<\/div><\/div>\n<\/div><\/section>\n\n\n\n<section class=\"wp-block-uagb-columns uagb-columns__wrap uagb-columns__background-undefined uagb-columns__stack-mobile uagb-columns__valign-undefined uagb-columns__gap-10 alignundefined uagb-block-985be24e\"><div class=\"uagb-columns__overlay\"><\/div><div class=\"uagb-columns__inner-wrap uagb-columns__columns-1\">\n<div class=\"wp-block-uagb-column uagb-column__wrap uagb-column__background-undefined uagb-block-db025b3c\"><div class=\"uagb-column__overlay\"><\/div><div class=\"uagb-column__inner-wrap\">\n<h5 class=\"wp-block-heading\">T\u00e9l\u00e9porteur personnel<\/h5>\n\n\n\n<p>Permet la t\u00e9l\u00e9portation vers n&#039;importe o\u00f9 sur la carte.<\/p>\n\n\n\n<p>Co\u00fbt: M60000, E3000000, T6000<br>Co\u00fbt d&#039;activation: E (-20000), T60<\/p>\n<\/div><\/div>\n<\/div><\/section>\n\n\n\n<section class=\"wp-block-uagb-columns uagb-columns__wrap uagb-columns__background-undefined uagb-columns__stack-mobile uagb-columns__valign-undefined uagb-columns__gap-10 alignundefined uagb-block-6ca54c76\"><div class=\"uagb-columns__overlay\"><\/div><div class=\"uagb-columns__inner-wrap uagb-columns__columns-1\">\n<div class=\"wp-block-uagb-column uagb-column__wrap uagb-column__background-undefined uagb-block-605757eb\"><div class=\"uagb-column__overlay\"><\/div><div class=\"uagb-column__inner-wrap\">\n<h5 class=\"wp-block-heading\">Syst\u00e8me d&#039;allocation des ressources<\/h5>\n\n\n\n<p>Produit des ressources suppl\u00e9mentaires (voir \u00abCo\u00fbt\u00bb).<\/p>\n\n\n\n<p>Co\u00fbt: M6000 (+18), E300000 (+2700), T1500<\/p>\n<\/div><\/div>\n<\/div><\/section>\n\n\n\n<section class=\"wp-block-uagb-columns uagb-columns__wrap uagb-columns__background-undefined uagb-columns__stack-mobile uagb-columns__valign-undefined uagb-columns__gap-10 alignundefined uagb-block-74496f09\"><div class=\"uagb-columns__overlay\"><\/div><div class=\"uagb-columns__inner-wrap uagb-columns__columns-1\">\n<div class=\"wp-block-uagb-column uagb-column__wrap uagb-column__background-undefined uagb-block-f5a94bb2\"><div class=\"uagb-column__overlay\"><\/div><div class=\"uagb-column__inner-wrap\">\n<h5 class=\"wp-block-heading\">Syst\u00e8me avanc\u00e9 d&#039;allocation des ressources<\/h5>\n\n\n\n<p>Produit le double des ressources (voir \u00abCo\u00fbt\u00bb).<\/p>\n\n\n\n<p>N\u00e9cessite un syst\u00e8me d&#039;allocation des ressources<br>Co\u00fbt: M6000 (+36), E300000 (+5400), T1500<\/p>\n<\/div><\/div>\n<\/div><\/section>\n\n\n\n<section class=\"wp-block-uagb-columns uagb-columns__wrap uagb-columns__background-undefined uagb-columns__stack-mobile uagb-columns__valign-undefined uagb-columns__gap-10 alignundefined uagb-block-fa878eef\"><div class=\"uagb-columns__overlay\"><\/div><div class=\"uagb-columns__inner-wrap uagb-columns__columns-1\">\n<div class=\"wp-block-uagb-column uagb-column__wrap uagb-column__background-undefined uagb-block-88cc922d\"><div class=\"uagb-column__overlay\"><\/div><div class=\"uagb-column__inner-wrap\">\n<h5 class=\"wp-block-heading\">Amortisseur Chrono<\/h5>\n\n\n\n<p>Ajoute un superbe champ EMP autour de l&#039;ACU.<\/p>\n\n\n\n<p>Co\u00fbt: M1500, E31250, T1250<br>Amortisseur chrono (tir direct): 0,10 dps, port\u00e9e: 10 (195 m)<br>arme \u00e0 projectile: 1 d\u00e9g\u00e2t, peut tirer du transport<br>cadence de tir: 0,1 (toutes les 10 s), \u00e9nergie requise: (-200)<\/p>\n<\/div><\/div>\n<\/div><\/section>\n<\/div><\/div>\n<\/div><\/section>\n\n\n\n<section class=\"wp-block-uagb-columns uagb-columns__wrap uagb-columns__background-undefined uagb-columns__stack-mobile uagb-columns__valign-undefined uagb-columns__gap-10 alignundefined uagb-block-794d690f\"><div class=\"uagb-columns__overlay\"><\/div><div class=\"uagb-columns__inner-wrap uagb-columns__columns-1\">\n<div class=\"wp-block-uagb-column uagb-column__wrap uagb-column__background-undefined uagb-block-304eec1e\"><div class=\"uagb-column__overlay\"><\/div><div class=\"uagb-column__inner-wrap\">\n<h4 class=\"wp-block-heading\">BRAS GAUCHE<\/h4>\n\n\n\n<section class=\"wp-block-uagb-columns uagb-columns__wrap uagb-columns__background-undefined uagb-columns__stack-mobile uagb-columns__valign-undefined uagb-columns__gap-10 alignundefined uagb-block-675d192b\"><div class=\"uagb-columns__overlay\"><\/div><div class=\"uagb-columns__inner-wrap uagb-columns__columns-1\">\n<div class=\"wp-block-uagb-column uagb-column__wrap uagb-column__background-undefined uagb-block-800ce4e8\"><div class=\"uagb-column__overlay\"><\/div><div class=\"uagb-column__inner-wrap\">\n<h5 class=\"wp-block-heading\">Augmentation du faisceau de crysalide<\/h5>\n\n\n\n<p>Augmente la port\u00e9e du canon principal de 22 \u00e0 30.<\/p>\n\n\n\n<p>Co\u00fbt: M1500, E75000, T1000<\/p>\n<\/div><\/div>\n<\/div><\/section>\n\n\n\n<section class=\"wp-block-uagb-columns uagb-columns__wrap uagb-columns__background-undefined uagb-columns__stack-mobile uagb-columns__valign-undefined uagb-columns__gap-10 alignundefined uagb-block-0594c4d6\"><div class=\"uagb-columns__overlay\"><\/div><div class=\"uagb-columns__inner-wrap uagb-columns__columns-1\">\n<div class=\"wp-block-uagb-column uagb-column__wrap uagb-column__background-undefined uagb-block-1e76dc43\"><div class=\"uagb-column__overlay\"><\/div><div class=\"uagb-column__inner-wrap\">\n<h5 class=\"wp-block-heading\">Suite d&#039;ing\u00e9nierie Tech 2<\/h5>\n\n\n\n<p>Vitesse de construction augment\u00e9e \u00e0 30.<\/p>\n\n\n\n<p>Co\u00fbt: M2000, E50000, T2000<br>Donne \u00e0 l&#039;ACU T1,2 des arbres de construction.<\/p>\n<\/div><\/div>\n<\/div><\/section>\n\n\n\n<section class=\"wp-block-uagb-columns uagb-columns__wrap uagb-columns__background-undefined uagb-columns__stack-mobile uagb-columns__valign-undefined uagb-columns__gap-10 alignundefined uagb-block-ad81a236\"><div class=\"uagb-columns__overlay\"><\/div><div class=\"uagb-columns__inner-wrap uagb-columns__columns-1\">\n<div class=\"wp-block-uagb-column uagb-column__wrap uagb-column__background-undefined uagb-block-385f8b12\"><div class=\"uagb-column__overlay\"><\/div><div class=\"uagb-column__inner-wrap\">\n<h5 class=\"wp-block-heading\">Suite d&#039;ing\u00e9nierie Tech 3<\/h5>\n\n\n\n<p>Vitesse de construction augment\u00e9e \u00e0 90.<\/p>\n\n\n\n<p>Co\u00fbt: M6750, E900000, T2250<br>Donne \u00e0 ACU T3,4 construire des arbres.<\/p>\n<\/div><\/div>\n<\/div><\/section>\n\n\n\n<p><\/p>\n<\/div><\/div>\n<\/div><\/section>","protected":false},"excerpt":{"rendered":"<p>ARMORED COMMAND UNIT &#8211; AEON ACU Your Commander looks intimidating, but that&#8217;s just because he&#8217;s so versatile. Remember, if you&#8217;re in trouble, you can overcharge by pressing O. The ACU has a build speed of 10. ACU Stats Armor: 11000hp (regen rate: 10, armor type: Commander)Abilities: Customizable, etc.Cost: M18000 (+1, storage: 400), E5000000 (+10, storage: [&hellip;]<\/p>","protected":false},"author":1,"featured_media":0,"parent":503,"menu_order":0,"comment_status":"open","ping_status":"closed","template":"","meta":{"_uag_custom_page_level_css":"","site-sidebar-layout":"default","site-content-layout":"default","ast-site-content-layout":"","site-content-style":"default","site-sidebar-style":"default","ast-global-header-display":"","ast-banner-title-visibility":"","ast-main-header-display":"","ast-hfb-above-header-display":"","ast-hfb-below-header-display":"","ast-hfb-mobile-header-display":"","site-post-title":"","ast-breadcrumbs-content":"","ast-featured-img":"","footer-sml-layout":"","theme-transparent-header-meta":"default","adv-header-id-meta":"","stick-header-meta":"","header-above-stick-meta":"","header-main-stick-meta":"","header-below-stick-meta":"","astra-migrate-meta-layouts":"default","ast-page-background-enabled":"default","ast-page-background-meta":{"desktop":{"background-color":"","background-image":"","background-repeat":"repeat","background-position":"center center","background-size":"auto","background-attachment":"scroll","background-type":"","background-media":"","overlay-type":"","overlay-color":"","overlay-gradient":""},"tablet":{"background-color":"","background-image":"","background-repeat":"repeat","background-position":"center center","background-size":"auto","background-attachment":"scroll","background-type":"","background-media":"","overlay-type":"","overlay-color":"","overlay-gradient":""},"mobile":{"background-color":"","background-image":"","background-repeat":"repeat","background-position":"center center","background-size":"auto","background-attachment":"scroll","background-type":"","background-media":"","overlay-type":"","overlay-color":"","overlay-gradient":""}},"ast-content-background-meta":{"desktop":{"background-color":"var(--ast-global-color-5)","background-image":"","background-repeat":"repeat","background-position":"center center","background-size":"auto","background-attachment":"scroll","background-type":"","background-media":"","overlay-type":"","overlay-color":"","overlay-gradient":""},"tablet":{"background-color":"var(--ast-global-color-5)","background-image":"","background-repeat":"repeat","background-position":"center center","background-size":"auto","background-attachment":"scroll","background-type":"","background-media":"","overlay-type":"","overlay-color":"","overlay-gradient":""},"mobile":{"background-color":"var(--ast-global-color-5)","background-image":"","background-repeat":"repeat","background-position":"center center","background-size":"auto","background-attachment":"scroll","background-type":"","background-media":"","overlay-type":"","overlay-color":"","overlay-gradient":""}},"footnotes":""},"uagb_featured_image_src":{"full":false,"thumbnail":false,"medium":false,"medium_large":false,"large":false,"1536x1536":false,"2048x2048":false,"trp-custom-language-flag":false},"uagb_author_info":{"display_name":"SOE","author_link":"https:\/\/supcom.standardof.net\/fr\/author\/k-tastic\/"},"uagb_comment_info":0,"uagb_excerpt":"ARMORED COMMAND UNIT &#8211; AEON ACU Your Commander looks intimidating, but that&#8217;s just because he&#8217;s so versatile. Remember, if you&#8217;re in trouble, you can overcharge by pressing O. The ACU has a build speed of 10. ACU Stats Armor: 11000hp (regen rate: 10, armor type: Commander)Abilities: Customizable, etc.Cost: M18000 (+1, storage: 400), E5000000 (+10, storage:&hellip;","_links":{"self":[{"href":"https:\/\/supcom.standardof.net\/fr\/wp-json\/wp\/v2\/pages\/706"}],"collection":[{"href":"https:\/\/supcom.standardof.net\/fr\/wp-json\/wp\/v2\/pages"}],"about":[{"href":"https:\/\/supcom.standardof.net\/fr\/wp-json\/wp\/v2\/types\/page"}],"author":[{"embeddable":true,"href":"https:\/\/supcom.standardof.net\/fr\/wp-json\/wp\/v2\/users\/1"}],"replies":[{"embeddable":true,"href":"https:\/\/supcom.standardof.net\/fr\/wp-json\/wp\/v2\/comments?post=706"}],"version-history":[{"count":0,"href":"https:\/\/supcom.standardof.net\/fr\/wp-json\/wp\/v2\/pages\/706\/revisions"}],"up":[{"embeddable":true,"href":"https:\/\/supcom.standardof.net\/fr\/wp-json\/wp\/v2\/pages\/503"}],"wp:attachment":[{"href":"https:\/\/supcom.standardof.net\/fr\/wp-json\/wp\/v2\/media?parent=706"}],"curies":[{"name":"wp","href":"https:\/\/api.w.org\/{rel}","templated":true}]}}